{"id":17969,"date":"2019-07-11T10:34:11","date_gmt":"2019-07-11T15:34:11","guid":{"rendered":"https:\/\/accesolatino.org\/?page_id=17969"},"modified":"2025-11-06T17:32:31","modified_gmt":"2025-11-06T23:32:31","slug":"formularios-del-gobierno-americano-para-iniciar-el-tramite-migratorio","status":"publish","type":"page","link":"https:\/\/accesolatino.org\/en\/formularios-del-gobierno-americano-para-iniciar-el-tramite-migratorio\/","title":{"rendered":"These are forms from the U.S. government to initiate the immigration process"},"content":{"rendered":"<div data-elementor-type=\"wp-post\" data-elementor-id=\"17969\" class=\"elementor elementor-17969\">\n\t\t\t\t\t\t<section class=\"elementor-section elementor-top-section elementor-element elementor-element-aacfcf5 elementor-section-full_width elementor-section-height-min-height elementor-section-items-stretch elementor-section-height-default wpr-particle-no wpr-jarallax-no wpr-parallax-no wpr-sticky-section-no\" data-id=\"aacfcf5\" data-element_type=\"section\" data-e-type=\"section\" data-settings=\"{&quot;background_background&quot;:&quot;classic&quot;}\">\n\t\t\t\t\t\t<div class=\"elementor-container elementor-column-gap-no\">\n\t\t\t\t\t<div class=\"elementor-column elementor-col-100 elementor-top-column elementor-element elementor-element-377845e\" data-id=\"377845e\" data-element_type=\"column\" data-e-type=\"column\">\n\t\t\t<div class=\"elementor-widget-wrap elementor-element-populated\">\n\t\t\t\t\t\t<div class=\"elementor-element elementor-element-aed4c86 elementor--h-position-center elementor--v-position-middle elementor-widget elementor-widget-slides\" data-id=\"aed4c86\" data-element_type=\"widget\" data-e-type=\"widget\" data-settings=\"{&quot;navigation&quot;:&quot;none&quot;,&quot;infinite&quot;:&quot;yes&quot;,&quot;transition&quot;:&quot;slide&quot;,&quot;transition_speed&quot;:500}\" data-widget_type=\"slides.default\">\n\t\t\t\t<div class=\"elementor-widget-container\">\n\t\t\t\t\t\t\t<div class=\"elementor-swiper\">\n\t\t\t<div class=\"elementor-slides-wrapper elementor-main-swiper swiper-container\" dir=\"ltr\" data-animation=\"\">\n\t\t\t\t<div class=\"swiper-wrapper elementor-slides\">\n\t\t\t\t\t\t\t\t\t\t<div class=\"elementor-repeater-item-d983a28 swiper-slide\"><div class=\"swiper-slide-bg\"><\/div><div class=\"swiper-slide-inner\" ><div class=\"swiper-slide-contents\"><div class=\"elementor-slide-heading\">Official Procedures<\/div><\/div><\/div><\/div>\t\t\t\t<\/div>\n\t\t\t\t\t\t\t<\/div>\n\t\t<\/div>\n\t\t\t\t\t\t<\/div>\n\t\t\t\t<\/div>\n\t\t\t\t\t<\/div>\n\t\t<\/div>\n\t\t\t\t\t<\/div>\n\t\t<\/section>\n\t\t\t\t<section class=\"elementor-section elementor-top-section elementor-element elementor-element-de425b0 elementor-section-stretched elementor-section-boxed elementor-section-height-default elementor-section-height-default wpr-particle-no wpr-jarallax-no wpr-parallax-no wpr-sticky-section-no\" data-id=\"de425b0\" data-element_type=\"section\" data-e-type=\"section\" data-settings=\"{&quot;stretch_section&quot;:&quot;section-stretched&quot;,&quot;background_background&quot;:&quot;classic&quot;}\">\n\t\t\t\t\t\t<div class=\"elementor-container elementor-column-gap-default\">\n\t\t\t\t\t<div class=\"elementor-column elementor-col-100 elementor-top-column elementor-element elementor-element-aaee050\" data-id=\"aaee050\" data-element_type=\"column\" data-e-type=\"column\">\n\t\t\t<div class=\"elementor-widget-wrap elementor-element-populated\">\n\t\t\t\t\t\t<div class=\"elementor-element elementor-element-c8d61d7 elementor-widget elementor-widget-heading\" data-id=\"c8d61d7\" data-element_type=\"widget\" data-e-type=\"widget\" data-widget_type=\"heading.default\">\n\t\t\t\t<div class=\"elementor-widget-container\">\n\t\t\t\t\t<h3 class=\"elementor-heading-title elementor-size-default\">These are forms from the U.S. government to initiate the immigration process<\/h3>\t\t\t\t<\/div>\n\t\t\t\t<\/div>\n\t\t\t\t<div class=\"elementor-element elementor-element-c2f9b14 elementor-widget elementor-widget-text-editor\" data-id=\"c2f9b14\" data-element_type=\"widget\" data-e-type=\"widget\" data-widget_type=\"text-editor.default\">\n\t\t\t\t<div class=\"elementor-widget-container\">\n\t\t\t\t\t\t\t\t\t<p>Todos los migrantes que viven en la uni\u00f3n americana y quieran cambiar su estatus, tramitar alg\u00fan documento migratorio o bien obtener la ciudadan\u00eda, en <a href=\"https:\/\/accesolatino.org\/en\/\">accesolatino.org<\/a> encontrar\u00e1n la herramienta para esta tarea y otras m\u00e1s.<\/p><p>La herramienta \u201cFormularios del Gobierno Estadounidense\u201d; que se encuentra en nuestra secci\u00f3n <a href=\"https:\/\/accesolatino.org\/en\/tus-documentos\/\">\u201cTus Documentos\u201d,<\/a> tiene toda la informaci\u00f3n necesario para dar comienzo a este tr\u00e1mite de forma correcta.<\/p><p>Est\u00e1n los formularios en l\u00ednea para que solicites tu ciudadan\u00eda o la renovaci\u00f3n de tu \u201cgreen card\u201d, visas de trabajo o estudiante, entre muchos otros formularios gratuitos.<\/p><p>Si lo que quieres es renovar tu \u201cgreen card\u201d, es necesario ingresar en el bot\u00f3n de \u201creposici\u00f3n de green card\u201d, y seleccionar el formulario que sea el adecuado en funci\u00f3n a la situaci\u00f3n que te otorg\u00f3 la residencia permanente.<\/p>\t\t\t\t\t\t\t\t<\/div>\n\t\t\t\t<\/div>\n\t\t\t\t<div class=\"elementor-element elementor-element-dc7539a elementor-widget elementor-widget-spacer\" data-id=\"dc7539a\" data-element_type=\"widget\" data-e-type=\"widget\" data-widget_type=\"spacer.default\">\n\t\t\t\t<div class=\"elementor-widget-container\">\n\t\t\t\t\t\t\t<div class=\"elementor-spacer\">\n\t\t\t<div class=\"elementor-spacer-inner\"><\/div>\n\t\t<\/div>\n\t\t\t\t\t\t<\/div>\n\t\t\t\t<\/div>\n\t\t\t\t\t<\/div>\n\t\t<\/div>\n\t\t\t\t\t<\/div>\n\t\t<\/section>\n\t\t\t\t<\/div>","protected":false},"excerpt":{"rendered":"<p>Tr\u00e1mites Oficiales Estos son formularios del gobierno americano para iniciar el tr\u00e1mite migratorio Todos los migrantes que viven en la uni\u00f3n americana y quieran cambiar su estatus, tramitar alg\u00fan documento migratorio o bien obtener la ciudadan\u00eda, en accesolatino.org encontrar\u00e1n la herramienta para esta tarea y otras m\u00e1s. La herramienta \u201cFormularios del Gobierno Estadounidense\u201d; que se encuentra en nuestra secci\u00f3n \u201cTus Documentos\u201d, tiene toda la informaci\u00f3n necesario para dar comienzo a este tr\u00e1mite de forma correcta. Est\u00e1n los formularios en l\u00ednea para que solicites tu ciudadan\u00eda o la renovaci\u00f3n de tu \u201cgreen card\u201d, visas de trabajo o estudiante, entre muchos otros formularios gratuitos. Si lo que quieres es renovar tu \u201cgreen card\u201d, es necesario ingresar en el bot\u00f3n de \u201creposici\u00f3n de green card\u201d, y seleccionar el formulario que sea el adecuado en funci\u00f3n a la situaci\u00f3n que te otorg\u00f3 la residencia permanente.<\/p>","protected":false},"author":10,"featured_media":17960,"parent":0,"menu_order":0,"comment_status":"closed","ping_status":"closed","template":"elementor_header_footer","meta":{"_uf_show_specific_survey":0,"_uf_disable_surveys":false,"footnotes":""},"class_list":["post-17969","page","type-page","status-publish","has-post-thumbnail"],"aioseo_notices":[],"yoast_head":"<!-- This site is optimized with the Yoast SEO plugin v27.3 - https:\/\/yoast.com\/product\/yoast-seo-wordpress\/ -->\n<title>Formularios del gobierno americano para iniciar el tr\u00e1mite migratorio<\/title>\n<meta name=\"description\" content=\"Tr\u00e1mites Oficiales Estos son\u00a0formularios\u00a0del gobierno americano para iniciar el tr\u00e1mite migratorio Todos los migrantes que viven en la EU...\" \/>\n<meta name=\"robots\" content=\"index, follow, max-snippet:-1, max-image-preview:large, max-video-preview:-1\" \/>\n<link rel=\"canonical\" href=\"https:\/\/accesolatino.org\/en\/formularios-del-gobierno-americano-para-iniciar-el-tramite-migratorio\/\" \/>\n<meta property=\"og:locale\" content=\"en_US\" \/>\n<meta property=\"og:type\" content=\"article\" \/>\n<meta property=\"og:title\" content=\"Acceso Latino | Estos son formularios del gobierno americano para iniciar el tr\u00e1mite migratorio\" \/>\n<meta property=\"og:description\" content=\"Estos son formularios del gobierno americano para iniciar el tr\u00e1mite migratorio\" \/>\n<meta property=\"og:url\" content=\"https:\/\/accesolatino.org\/en\/formularios-del-gobierno-americano-para-iniciar-el-tramite-migratorio\/\" \/>\n<meta property=\"og:site_name\" content=\"Acceso Latino\" \/>\n<meta property=\"article:publisher\" content=\"https:\/\/www.facebook.com\/AccesoLatinoOrg\" \/>\n<meta property=\"article:modified_time\" content=\"2025-11-06T23:32:31+00:00\" \/>\n<meta property=\"og:image\" content=\"https:\/\/accesolatino.org\/wp-content\/uploads\/2019\/07\/Estos-son-formularios-del-gobierno-americano-para-iniciar-el-tr\u00e1mite-migratorio.jpg\" \/>\n\t<meta property=\"og:image:width\" content=\"1140\" \/>\n\t<meta property=\"og:image:height\" content=\"665\" \/>\n\t<meta property=\"og:image:type\" content=\"image\/jpeg\" \/>\n<meta name=\"twitter:card\" content=\"summary_large_image\" \/>\n<meta name=\"twitter:title\" content=\"Acceso Latino | Estos son formularios del gobierno americano para iniciar el tr\u00e1mite migratorio\" \/>\n<meta name=\"twitter:description\" content=\"Estos son formularios del gobierno americano para iniciar el tr\u00e1mite migratorio\" \/>\n<meta name=\"twitter:image\" content=\"https:\/\/accesolatino.org\/wp-content\/uploads\/2019\/07\/Estos-son-formularios-del-gobierno-americano-para-iniciar-el-tr\u00e1mite-migratorio.jpg\" \/>\n<meta name=\"twitter:site\" content=\"@FAccLatino\" \/>\n<meta name=\"twitter:label1\" content=\"Est. reading time\" \/>\n\t<meta name=\"twitter:data1\" content=\"1 minute\" \/>\n<script type=\"application\/ld+json\" class=\"yoast-schema-graph\">{\"@context\":\"https:\\\/\\\/schema.org\",\"@graph\":[{\"@type\":\"WebPage\",\"@id\":\"https:\\\/\\\/accesolatino.org\\\/en\\\/formularios-del-gobierno-americano-para-iniciar-el-tramite-migratorio\\\/\",\"url\":\"https:\\\/\\\/accesolatino.org\\\/en\\\/formularios-del-gobierno-americano-para-iniciar-el-tramite-migratorio\\\/\",\"name\":\"Formularios del gobierno americano para iniciar el tr\u00e1mite migratorio\",\"isPartOf\":{\"@id\":\"https:\\\/\\\/accesolatino.org\\\/#website\"},\"primaryImageOfPage\":{\"@id\":\"https:\\\/\\\/accesolatino.org\\\/en\\\/formularios-del-gobierno-americano-para-iniciar-el-tramite-migratorio\\\/#primaryimage\"},\"image\":{\"@id\":\"https:\\\/\\\/accesolatino.org\\\/en\\\/formularios-del-gobierno-americano-para-iniciar-el-tramite-migratorio\\\/#primaryimage\"},\"thumbnailUrl\":\"https:\\\/\\\/accesolatino.org\\\/wp-content\\\/uploads\\\/2019\\\/07\\\/Estos-son-formularios-del-gobierno-americano-para-iniciar-el-tr\u00e1mite-migratorio.jpg\",\"datePublished\":\"2019-07-11T15:34:11+00:00\",\"dateModified\":\"2025-11-06T23:32:31+00:00\",\"description\":\"Tr\u00e1mites Oficiales Estos son\u00a0formularios\u00a0del gobierno americano para iniciar el tr\u00e1mite migratorio Todos los migrantes que viven en la EU...\",\"breadcrumb\":{\"@id\":\"https:\\\/\\\/accesolatino.org\\\/en\\\/formularios-del-gobierno-americano-para-iniciar-el-tramite-migratorio\\\/#breadcrumb\"},\"inLanguage\":\"en-US\",\"potentialAction\":[{\"@type\":\"ReadAction\",\"target\":[\"https:\\\/\\\/accesolatino.org\\\/en\\\/formularios-del-gobierno-americano-para-iniciar-el-tramite-migratorio\\\/\"]}]},{\"@type\":\"ImageObject\",\"inLanguage\":\"en-US\",\"@id\":\"https:\\\/\\\/accesolatino.org\\\/en\\\/formularios-del-gobierno-americano-para-iniciar-el-tramite-migratorio\\\/#primaryimage\",\"url\":\"https:\\\/\\\/accesolatino.org\\\/wp-content\\\/uploads\\\/2019\\\/07\\\/Estos-son-formularios-del-gobierno-americano-para-iniciar-el-tr\u00e1mite-migratorio.jpg\",\"contentUrl\":\"https:\\\/\\\/accesolatino.org\\\/wp-content\\\/uploads\\\/2019\\\/07\\\/Estos-son-formularios-del-gobierno-americano-para-iniciar-el-tr\u00e1mite-migratorio.jpg\",\"width\":1140,\"height\":665,\"caption\":\"formularios\"},{\"@type\":\"BreadcrumbList\",\"@id\":\"https:\\\/\\\/accesolatino.org\\\/en\\\/formularios-del-gobierno-americano-para-iniciar-el-tramite-migratorio\\\/#breadcrumb\",\"itemListElement\":[{\"@type\":\"ListItem\",\"position\":1,\"name\":\"Portada\",\"item\":\"https:\\\/\\\/accesolatino.org\\\/\"},{\"@type\":\"ListItem\",\"position\":2,\"name\":\"Estos son formularios del gobierno americano para iniciar el tr\u00e1mite migratorio\"}]},{\"@type\":\"WebSite\",\"@id\":\"https:\\\/\\\/accesolatino.org\\\/#website\",\"url\":\"https:\\\/\\\/accesolatino.org\\\/\",\"name\":\"Acceso Latino | Fundaci\u00f3n Carlos Slim\",\"description\":\"Fundaci\u00f3n Carlos Slim\",\"publisher\":{\"@id\":\"https:\\\/\\\/accesolatino.org\\\/#organization\"},\"potentialAction\":[{\"@type\":\"SearchAction\",\"target\":{\"@type\":\"EntryPoint\",\"urlTemplate\":\"https:\\\/\\\/accesolatino.org\\\/?s={search_term_string}\"},\"query-input\":{\"@type\":\"PropertyValueSpecification\",\"valueRequired\":true,\"valueName\":\"search_term_string\"}}],\"inLanguage\":\"en-US\"},{\"@type\":\"Organization\",\"@id\":\"https:\\\/\\\/accesolatino.org\\\/#organization\",\"name\":\"Acceso Latino | Fundaci\u00f3n Carlos Slim\",\"url\":\"https:\\\/\\\/accesolatino.org\\\/\",\"logo\":{\"@type\":\"ImageObject\",\"inLanguage\":\"en-US\",\"@id\":\"https:\\\/\\\/accesolatino.org\\\/#\\\/schema\\\/logo\\\/image\\\/\",\"url\":\"https:\\\/\\\/accesolatino.org\\\/wp-content\\\/uploads\\\/2021\\\/02\\\/logo-footer-acceso-latino.png\",\"contentUrl\":\"https:\\\/\\\/accesolatino.org\\\/wp-content\\\/uploads\\\/2021\\\/02\\\/logo-footer-acceso-latino.png\",\"width\":240,\"height\":40,\"caption\":\"Acceso Latino | Fundaci\u00f3n Carlos Slim\"},\"image\":{\"@id\":\"https:\\\/\\\/accesolatino.org\\\/#\\\/schema\\\/logo\\\/image\\\/\"},\"sameAs\":[\"https:\\\/\\\/www.facebook.com\\\/AccesoLatinoOrg\",\"https:\\\/\\\/x.com\\\/FAccLatino\"]}]}<\/script>\n<!-- \/ Yoast SEO plugin. -->","yoast_head_json":{"title":"Formularios del gobierno americano para iniciar el tr\u00e1mite migratorio","description":"Tr\u00e1mites Oficiales Estos son\u00a0formularios\u00a0del gobierno americano para iniciar el tr\u00e1mite migratorio Todos los migrantes que viven en la EU...","robots":{"index":"index","follow":"follow","max-snippet":"max-snippet:-1","max-image-preview":"max-image-preview:large","max-video-preview":"max-video-preview:-1"},"canonical":"https:\/\/accesolatino.org\/en\/formularios-del-gobierno-americano-para-iniciar-el-tramite-migratorio\/","og_locale":"en_US","og_type":"article","og_title":"Acceso Latino | Estos son formularios del gobierno americano para iniciar el tr\u00e1mite migratorio","og_description":"Estos son formularios del gobierno americano para iniciar el tr\u00e1mite migratorio","og_url":"https:\/\/accesolatino.org\/en\/formularios-del-gobierno-americano-para-iniciar-el-tramite-migratorio\/","og_site_name":"Acceso Latino","article_publisher":"https:\/\/www.facebook.com\/AccesoLatinoOrg","article_modified_time":"2025-11-06T23:32:31+00:00","og_image":[{"width":1140,"height":665,"url":"https:\/\/accesolatino.org\/wp-content\/uploads\/2019\/07\/Estos-son-formularios-del-gobierno-americano-para-iniciar-el-tr\u00e1mite-migratorio.jpg","type":"image\/jpeg"}],"twitter_card":"summary_large_image","twitter_title":"Acceso Latino | Estos son formularios del gobierno americano para iniciar el tr\u00e1mite migratorio","twitter_description":"Estos son formularios del gobierno americano para iniciar el tr\u00e1mite migratorio","twitter_image":"https:\/\/accesolatino.org\/wp-content\/uploads\/2019\/07\/Estos-son-formularios-del-gobierno-americano-para-iniciar-el-tr\u00e1mite-migratorio.jpg","twitter_site":"@FAccLatino","twitter_misc":{"Est. reading time":"1 minute"},"schema":{"@context":"https:\/\/schema.org","@graph":[{"@type":"WebPage","@id":"https:\/\/accesolatino.org\/en\/formularios-del-gobierno-americano-para-iniciar-el-tramite-migratorio\/","url":"https:\/\/accesolatino.org\/en\/formularios-del-gobierno-americano-para-iniciar-el-tramite-migratorio\/","name":"Formularios del gobierno americano para iniciar el tr\u00e1mite migratorio","isPartOf":{"@id":"https:\/\/accesolatino.org\/#website"},"primaryImageOfPage":{"@id":"https:\/\/accesolatino.org\/en\/formularios-del-gobierno-americano-para-iniciar-el-tramite-migratorio\/#primaryimage"},"image":{"@id":"https:\/\/accesolatino.org\/en\/formularios-del-gobierno-americano-para-iniciar-el-tramite-migratorio\/#primaryimage"},"thumbnailUrl":"https:\/\/accesolatino.org\/wp-content\/uploads\/2019\/07\/Estos-son-formularios-del-gobierno-americano-para-iniciar-el-tr\u00e1mite-migratorio.jpg","datePublished":"2019-07-11T15:34:11+00:00","dateModified":"2025-11-06T23:32:31+00:00","description":"Tr\u00e1mites Oficiales Estos son\u00a0formularios\u00a0del gobierno americano para iniciar el tr\u00e1mite migratorio Todos los migrantes que viven en la EU...","breadcrumb":{"@id":"https:\/\/accesolatino.org\/en\/formularios-del-gobierno-americano-para-iniciar-el-tramite-migratorio\/#breadcrumb"},"inLanguage":"en-US","potentialAction":[{"@type":"ReadAction","target":["https:\/\/accesolatino.org\/en\/formularios-del-gobierno-americano-para-iniciar-el-tramite-migratorio\/"]}]},{"@type":"ImageObject","inLanguage":"en-US","@id":"https:\/\/accesolatino.org\/en\/formularios-del-gobierno-americano-para-iniciar-el-tramite-migratorio\/#primaryimage","url":"https:\/\/accesolatino.org\/wp-content\/uploads\/2019\/07\/Estos-son-formularios-del-gobierno-americano-para-iniciar-el-tr\u00e1mite-migratorio.jpg","contentUrl":"https:\/\/accesolatino.org\/wp-content\/uploads\/2019\/07\/Estos-son-formularios-del-gobierno-americano-para-iniciar-el-tr\u00e1mite-migratorio.jpg","width":1140,"height":665,"caption":"formularios"},{"@type":"BreadcrumbList","@id":"https:\/\/accesolatino.org\/en\/formularios-del-gobierno-americano-para-iniciar-el-tramite-migratorio\/#breadcrumb","itemListElement":[{"@type":"ListItem","position":1,"name":"Portada","item":"https:\/\/accesolatino.org\/"},{"@type":"ListItem","position":2,"name":"Estos son formularios del gobierno americano para iniciar el tr\u00e1mite migratorio"}]},{"@type":"WebSite","@id":"https:\/\/accesolatino.org\/#website","url":"https:\/\/accesolatino.org\/","name":"Acceso Latino | Fundaci\u00f3n Carlos Slim","description":"Fundaci\u00f3n Carlos Slim","publisher":{"@id":"https:\/\/accesolatino.org\/#organization"},"potentialAction":[{"@type":"SearchAction","target":{"@type":"EntryPoint","urlTemplate":"https:\/\/accesolatino.org\/?s={search_term_string}"},"query-input":{"@type":"PropertyValueSpecification","valueRequired":true,"valueName":"search_term_string"}}],"inLanguage":"en-US"},{"@type":"Organization","@id":"https:\/\/accesolatino.org\/#organization","name":"Acceso Latino | Fundaci\u00f3n Carlos Slim","url":"https:\/\/accesolatino.org\/","logo":{"@type":"ImageObject","inLanguage":"en-US","@id":"https:\/\/accesolatino.org\/#\/schema\/logo\/image\/","url":"https:\/\/accesolatino.org\/wp-content\/uploads\/2021\/02\/logo-footer-acceso-latino.png","contentUrl":"https:\/\/accesolatino.org\/wp-content\/uploads\/2021\/02\/logo-footer-acceso-latino.png","width":240,"height":40,"caption":"Acceso Latino | Fundaci\u00f3n Carlos Slim"},"image":{"@id":"https:\/\/accesolatino.org\/#\/schema\/logo\/image\/"},"sameAs":["https:\/\/www.facebook.com\/AccesoLatinoOrg","https:\/\/x.com\/FAccLatino"]}]}},"_links":{"self":[{"href":"https:\/\/accesolatino.org\/en\/wp-json\/wp\/v2\/pages\/17969","targetHints":{"allow":["GET"]}}],"collection":[{"href":"https:\/\/accesolatino.org\/en\/wp-json\/wp\/v2\/pages"}],"about":[{"href":"https:\/\/accesolatino.org\/en\/wp-json\/wp\/v2\/types\/page"}],"author":[{"embeddable":true,"href":"https:\/\/accesolatino.org\/en\/wp-json\/wp\/v2\/users\/10"}],"replies":[{"embeddable":true,"href":"https:\/\/accesolatino.org\/en\/wp-json\/wp\/v2\/comments?post=17969"}],"version-history":[{"count":1,"href":"https:\/\/accesolatino.org\/en\/wp-json\/wp\/v2\/pages\/17969\/revisions"}],"predecessor-version":[{"id":68579,"href":"https:\/\/accesolatino.org\/en\/wp-json\/wp\/v2\/pages\/17969\/revisions\/68579"}],"wp:featuredmedia":[{"embeddable":true,"href":"https:\/\/accesolatino.org\/en\/wp-json\/wp\/v2\/media\/17960"}],"wp:attachment":[{"href":"https:\/\/accesolatino.org\/en\/wp-json\/wp\/v2\/media?parent=17969"}],"curies":[{"name":"wp","href":"https:\/\/api.w.org\/{rel}","templated":true}]}}