{"id":17945,"date":"2019-07-10T10:45:05","date_gmt":"2019-07-10T15:45:05","guid":{"rendered":"https:\/\/accesolatino.org\/?page_id=17945"},"modified":"2025-10-16T15:08:48","modified_gmt":"2025-10-16T21:08:48","slug":"cuidados-para-tu-bebe-en-nuestro-portal-de-acceso-latino","status":"publish","type":"page","link":"https:\/\/accesolatino.org\/en\/salud\/cuidados-para-tu-bebe-en-nuestro-portal-de-acceso-latino\/","title":{"rendered":"Care for your baby on our Acceso Latino website"},"content":{"rendered":"<div data-elementor-type=\"wp-post\" data-elementor-id=\"17945\" class=\"elementor elementor-17945\">\n\t\t\t\t\t\t<section class=\"elementor-section elementor-top-section elementor-element elementor-element-f18fefd elementor-section-full_width elementor-section-height-min-height elementor-section-items-stretch elementor-section-height-default wpr-particle-no wpr-jarallax-no wpr-parallax-no wpr-sticky-section-no wpr-equal-height-no\" data-id=\"f18fefd\" data-element_type=\"section\" data-e-type=\"section\" data-settings=\"{&quot;background_background&quot;:&quot;classic&quot;}\">\n\t\t\t\t\t\t<div class=\"elementor-container elementor-column-gap-no\">\n\t\t\t\t\t<div class=\"elementor-column elementor-col-100 elementor-top-column elementor-element elementor-element-2e3ad70\" data-id=\"2e3ad70\" data-element_type=\"column\" data-e-type=\"column\">\n\t\t\t<div class=\"elementor-widget-wrap elementor-element-populated\">\n\t\t\t\t\t\t<div class=\"elementor-element elementor-element-eadd586 elementor--h-position-center elementor--v-position-middle elementor-widget elementor-widget-slides\" data-id=\"eadd586\" data-element_type=\"widget\" data-e-type=\"widget\" data-settings=\"{&quot;navigation&quot;:&quot;none&quot;,&quot;infinite&quot;:&quot;yes&quot;,&quot;transition&quot;:&quot;slide&quot;,&quot;transition_speed&quot;:500}\" data-widget_type=\"slides.default\">\n\t\t\t\t<div class=\"elementor-widget-container\">\n\t\t\t\t\t\t\t<div class=\"elementor-swiper\">\n\t\t\t<div class=\"elementor-slides-wrapper elementor-main-swiper swiper-container\" dir=\"ltr\" data-animation=\"\">\n\t\t\t\t<div class=\"swiper-wrapper elementor-slides\">\n\t\t\t\t\t\t\t\t\t\t<div class=\"elementor-repeater-item-d983a28 swiper-slide\"><div class=\"swiper-slide-bg\"><\/div><div class=\"swiper-slide-inner\" ><div class=\"swiper-slide-contents\"><div class=\"elementor-slide-heading\">Health<\/div><\/div><\/div><\/div>\t\t\t\t<\/div>\n\t\t\t\t\t\t\t<\/div>\n\t\t<\/div>\n\t\t\t\t\t\t<\/div>\n\t\t\t\t<\/div>\n\t\t\t\t\t<\/div>\n\t\t<\/div>\n\t\t\t\t\t<\/div>\n\t\t<\/section>\n\t\t\t\t<section class=\"elementor-section elementor-top-section elementor-element elementor-element-5b59f7b elementor-section-stretched elementor-section-boxed elementor-section-height-default elementor-section-height-default wpr-particle-no wpr-jarallax-no wpr-parallax-no wpr-sticky-section-no wpr-equal-height-no\" data-id=\"5b59f7b\" data-element_type=\"section\" data-e-type=\"section\" data-settings=\"{&quot;stretch_section&quot;:&quot;section-stretched&quot;,&quot;background_background&quot;:&quot;classic&quot;}\">\n\t\t\t\t\t\t<div class=\"elementor-container elementor-column-gap-default\">\n\t\t\t\t\t<div class=\"elementor-column elementor-col-100 elementor-top-column elementor-element elementor-element-2e366c3\" data-id=\"2e366c3\" data-element_type=\"column\" data-e-type=\"column\">\n\t\t\t<div class=\"elementor-widget-wrap elementor-element-populated\">\n\t\t\t\t\t\t<div class=\"elementor-element elementor-element-4b1e787 elementor-widget elementor-widget-heading\" data-id=\"4b1e787\" data-element_type=\"widget\" data-e-type=\"widget\" data-widget_type=\"heading.default\">\n\t\t\t\t<div class=\"elementor-widget-container\">\n\t\t\t\t\t<h3 class=\"elementor-heading-title elementor-size-default\">Care for your baby on our Acceso Latino website<\/h3>\t\t\t\t<\/div>\n\t\t\t\t<\/div>\n\t\t\t\t<div class=\"elementor-element elementor-element-1df012f elementor-widget elementor-widget-text-editor\" data-id=\"1df012f\" data-element_type=\"widget\" data-e-type=\"widget\" data-widget_type=\"text-editor.default\">\n\t\t\t\t<div class=\"elementor-widget-container\">\n\t\t\t\t\t\t\t\t\t<p>La Fundaci\u00f3n Carlos Slim cre\u00f3 un programa para los padres de familia primerizos que deseen una gu\u00eda para tomar mejores decisiones y convertirse en adultos responsables en la formaci\u00f3n y educaci\u00f3n de sus beb\u00e9s por medio de orientaci\u00f3n, capacitaci\u00f3n y acompa\u00f1amiento. Esta informaci\u00f3n la encontrar\u00e1s en la tarjeta de <strong>\u201c<a href=\"http:\/\/educacioninicial.mx\/guia-practica-para-el-desarrollo-de-tu-hijo-al\/\">Educaci\u00f3n inicial<\/a>\u201d<\/strong> que tenemos para ti en la secci\u00f3n de <strong>\u201c<a href=\"\/en\/salud\/\">Health<\/a>\".<\/strong><\/p><p>En esta herramienta podr\u00e1s encontrar una gu\u00eda pr\u00e1ctica para el desarrollo de tu beb\u00e9. Hay muchos datos e informaci\u00f3n en temas de salud, nutrici\u00f3n, dentadura, masajes, primeros auxilios, higiene, v\u00ednculo afectivo; as\u00ed como tips y una serie de actividades f\u00e1ciles de realizar.<\/p><p>Todo esto te ayudar\u00e1 a estimularlo y acompa\u00f1arlo en su crecimiento.<\/p><p>In <a href=\"http:\/\/accesolatino.org\/en\/\"><strong>Acceso Latino<\/strong><\/a> nos preocupamos por ti y tu familia.<\/p>\t\t\t\t\t\t\t\t<\/div>\n\t\t\t\t<\/div>\n\t\t\t\t<div class=\"elementor-element elementor-element-9e5f119 elementor-widget elementor-widget-spacer\" data-id=\"9e5f119\" data-element_type=\"widget\" data-e-type=\"widget\" data-widget_type=\"spacer.default\">\n\t\t\t\t<div class=\"elementor-widget-container\">\n\t\t\t\t\t\t\t<div class=\"elementor-spacer\">\n\t\t\t<div class=\"elementor-spacer-inner\"><\/div>\n\t\t<\/div>\n\t\t\t\t\t\t<\/div>\n\t\t\t\t<\/div>\n\t\t\t\t\t<\/div>\n\t\t<\/div>\n\t\t\t\t\t<\/div>\n\t\t<\/section>\n\t\t\t\t<\/div>","protected":false},"excerpt":{"rendered":"<p>Salud Cuidados para tu beb\u00e9 en nuestro portal de Acceso Latino La Fundaci\u00f3n Carlos Slim cre\u00f3 un programa para los padres de familia primerizos que deseen una gu\u00eda para tomar mejores decisiones y convertirse en adultos responsables en la formaci\u00f3n y educaci\u00f3n de sus beb\u00e9s por medio de orientaci\u00f3n, capacitaci\u00f3n y acompa\u00f1amiento. Esta informaci\u00f3n la encontrar\u00e1s en la tarjeta de \u201cEducaci\u00f3n inicial\u201d que tenemos para ti en la secci\u00f3n de \u201cSalud\u201d. En esta herramienta podr\u00e1s encontrar una gu\u00eda pr\u00e1ctica para el desarrollo de tu beb\u00e9. Hay muchos datos e informaci\u00f3n en temas de salud, nutrici\u00f3n, dentadura, masajes, primeros auxilios, higiene, v\u00ednculo afectivo; as\u00ed como tips y una serie de actividades f\u00e1ciles de realizar. Todo esto te ayudar\u00e1 a estimularlo y acompa\u00f1arlo en su crecimiento. En Acceso Latino nos preocupamos por ti y tu familia.<\/p>","protected":false},"author":4,"featured_media":17946,"parent":4668,"menu_order":0,"comment_status":"closed","ping_status":"closed","template":"elementor_header_footer","meta":{"_uf_show_specific_survey":0,"_uf_disable_surveys":false,"footnotes":""},"class_list":["post-17945","page","type-page","status-publish","has-post-thumbnail"],"aioseo_notices":[],"yoast_head":"<!-- This site is optimized with the Yoast SEO plugin v27.4 - https:\/\/yoast.com\/product\/yoast-seo-wordpress\/ -->\n<title>Cuidados para tu beb\u00e9 en nuestro portal de Acceso Latino<\/title>\n<meta name=\"description\" content=\"Conoce tus derechos y lo que Estados Unidos tiene para ofrecer a los migrantes en materia de Salud - Acceso Latino\" \/>\n<meta name=\"robots\" content=\"index, follow, max-snippet:-1, max-image-preview:large, max-video-preview:-1\" \/>\n<link rel=\"canonical\" href=\"https:\/\/accesolatino.org\/en\/salud\/cuidados-para-tu-bebe-en-nuestro-portal-de-acceso-latino\/\" \/>\n<meta property=\"og:locale\" content=\"en_US\" \/>\n<meta property=\"og:type\" content=\"article\" \/>\n<meta property=\"og:title\" content=\"Acceso Latino | Cuidados para tu beb\u00e9 en nuestro portal de Acceso Latino\" \/>\n<meta property=\"og:description\" content=\"Conoce todo lo que Estados Unidos tiene para ofrecer a los migrantes en materia de Salud\" \/>\n<meta property=\"og:url\" content=\"https:\/\/accesolatino.org\/en\/salud\/cuidados-para-tu-bebe-en-nuestro-portal-de-acceso-latino\/\" \/>\n<meta property=\"og:site_name\" content=\"Acceso Latino\" \/>\n<meta property=\"article:publisher\" content=\"https:\/\/www.facebook.com\/AccesoLatinoOrg\" \/>\n<meta property=\"article:modified_time\" content=\"2025-10-16T21:08:48+00:00\" \/>\n<meta property=\"og:image\" content=\"https:\/\/accesolatino.org\/wp-content\/uploads\/2019\/07\/Cuidados-para-tu-beb\u00e9-en-nuestro-portal.jpg\" \/>\n\t<meta property=\"og:image:width\" content=\"697\" \/>\n\t<meta property=\"og:image:height\" content=\"520\" \/>\n\t<meta property=\"og:image:type\" content=\"image\/jpeg\" \/>\n<meta name=\"twitter:card\" content=\"summary_large_image\" \/>\n<meta name=\"twitter:title\" content=\"Acceso Latino | Cuidados para tu beb\u00e9 en nuestro portal de Acceso Latino\" \/>\n<meta name=\"twitter:description\" content=\"Conoce todo lo que Estados Unidos tiene para ofrecer a los migrantes en materia de Salud\" \/>\n<meta name=\"twitter:image\" content=\"https:\/\/accesolatino.org\/wp-content\/uploads\/2019\/07\/Cuidados-para-tu-beb\u00e9-en-nuestro-portal.jpg\" \/>\n<meta name=\"twitter:site\" content=\"@FAccLatino\" \/>\n<meta name=\"twitter:label1\" content=\"Est. reading time\" \/>\n\t<meta name=\"twitter:data1\" content=\"1 minute\" \/>\n<script type=\"application\/ld+json\" class=\"yoast-schema-graph\">{\"@context\":\"https:\\\/\\\/schema.org\",\"@graph\":[{\"@type\":\"WebPage\",\"@id\":\"https:\\\/\\\/accesolatino.org\\\/en\\\/salud\\\/cuidados-para-tu-bebe-en-nuestro-portal-de-acceso-latino\\\/\",\"url\":\"https:\\\/\\\/accesolatino.org\\\/en\\\/salud\\\/cuidados-para-tu-bebe-en-nuestro-portal-de-acceso-latino\\\/\",\"name\":\"Cuidados para tu beb\u00e9 en nuestro portal de Acceso Latino\",\"isPartOf\":{\"@id\":\"https:\\\/\\\/accesolatino.org\\\/#website\"},\"primaryImageOfPage\":{\"@id\":\"https:\\\/\\\/accesolatino.org\\\/en\\\/salud\\\/cuidados-para-tu-bebe-en-nuestro-portal-de-acceso-latino\\\/#primaryimage\"},\"image\":{\"@id\":\"https:\\\/\\\/accesolatino.org\\\/en\\\/salud\\\/cuidados-para-tu-bebe-en-nuestro-portal-de-acceso-latino\\\/#primaryimage\"},\"thumbnailUrl\":\"https:\\\/\\\/accesolatino.org\\\/wp-content\\\/uploads\\\/2019\\\/07\\\/Cuidados-para-tu-beb\u00e9-en-nuestro-portal.jpg\",\"datePublished\":\"2019-07-10T15:45:05+00:00\",\"dateModified\":\"2025-10-16T21:08:48+00:00\",\"description\":\"Conoce tus derechos y lo que Estados Unidos tiene para ofrecer a los migrantes en materia de Salud - Acceso Latino\",\"breadcrumb\":{\"@id\":\"https:\\\/\\\/accesolatino.org\\\/en\\\/salud\\\/cuidados-para-tu-bebe-en-nuestro-portal-de-acceso-latino\\\/#breadcrumb\"},\"inLanguage\":\"en-US\",\"potentialAction\":[{\"@type\":\"ReadAction\",\"target\":[\"https:\\\/\\\/accesolatino.org\\\/en\\\/salud\\\/cuidados-para-tu-bebe-en-nuestro-portal-de-acceso-latino\\\/\"]}]},{\"@type\":\"ImageObject\",\"inLanguage\":\"en-US\",\"@id\":\"https:\\\/\\\/accesolatino.org\\\/en\\\/salud\\\/cuidados-para-tu-bebe-en-nuestro-portal-de-acceso-latino\\\/#primaryimage\",\"url\":\"https:\\\/\\\/accesolatino.org\\\/wp-content\\\/uploads\\\/2019\\\/07\\\/Cuidados-para-tu-beb\u00e9-en-nuestro-portal.jpg\",\"contentUrl\":\"https:\\\/\\\/accesolatino.org\\\/wp-content\\\/uploads\\\/2019\\\/07\\\/Cuidados-para-tu-beb\u00e9-en-nuestro-portal.jpg\",\"width\":697,\"height\":520,\"caption\":\"cuidados\"},{\"@type\":\"BreadcrumbList\",\"@id\":\"https:\\\/\\\/accesolatino.org\\\/en\\\/salud\\\/cuidados-para-tu-bebe-en-nuestro-portal-de-acceso-latino\\\/#breadcrumb\",\"itemListElement\":[{\"@type\":\"ListItem\",\"position\":1,\"name\":\"Portada\",\"item\":\"https:\\\/\\\/accesolatino.org\\\/\"},{\"@type\":\"ListItem\",\"position\":2,\"name\":\"Salud\",\"item\":\"https:\\\/\\\/accesolatino.org\\\/salud\\\/\"},{\"@type\":\"ListItem\",\"position\":3,\"name\":\"Cuidados para tu beb\u00e9 en nuestro portal de Acceso Latino\"}]},{\"@type\":\"WebSite\",\"@id\":\"https:\\\/\\\/accesolatino.org\\\/#website\",\"url\":\"https:\\\/\\\/accesolatino.org\\\/\",\"name\":\"Acceso Latino | Fundaci\u00f3n Carlos Slim\",\"description\":\"Fundaci\u00f3n Carlos Slim\",\"publisher\":{\"@id\":\"https:\\\/\\\/accesolatino.org\\\/#organization\"},\"potentialAction\":[{\"@type\":\"SearchAction\",\"target\":{\"@type\":\"EntryPoint\",\"urlTemplate\":\"https:\\\/\\\/accesolatino.org\\\/?s={search_term_string}\"},\"query-input\":{\"@type\":\"PropertyValueSpecification\",\"valueRequired\":true,\"valueName\":\"search_term_string\"}}],\"inLanguage\":\"en-US\"},{\"@type\":\"Organization\",\"@id\":\"https:\\\/\\\/accesolatino.org\\\/#organization\",\"name\":\"Acceso Latino | Fundaci\u00f3n Carlos Slim\",\"url\":\"https:\\\/\\\/accesolatino.org\\\/\",\"logo\":{\"@type\":\"ImageObject\",\"inLanguage\":\"en-US\",\"@id\":\"https:\\\/\\\/accesolatino.org\\\/#\\\/schema\\\/logo\\\/image\\\/\",\"url\":\"https:\\\/\\\/accesolatino.org\\\/wp-content\\\/uploads\\\/2021\\\/02\\\/logo-footer-acceso-latino.png\",\"contentUrl\":\"https:\\\/\\\/accesolatino.org\\\/wp-content\\\/uploads\\\/2021\\\/02\\\/logo-footer-acceso-latino.png\",\"width\":240,\"height\":40,\"caption\":\"Acceso Latino | Fundaci\u00f3n Carlos Slim\"},\"image\":{\"@id\":\"https:\\\/\\\/accesolatino.org\\\/#\\\/schema\\\/logo\\\/image\\\/\"},\"sameAs\":[\"https:\\\/\\\/www.facebook.com\\\/AccesoLatinoOrg\",\"https:\\\/\\\/x.com\\\/FAccLatino\"]}]}<\/script>\n<!-- \/ Yoast SEO plugin. -->","yoast_head_json":{"title":"Care for your baby on our Acceso Latino website","description":"Conoce tus derechos y lo que Estados Unidos tiene para ofrecer a los migrantes en materia de Salud - Acceso Latino","robots":{"index":"index","follow":"follow","max-snippet":"max-snippet:-1","max-image-preview":"max-image-preview:large","max-video-preview":"max-video-preview:-1"},"canonical":"https:\/\/accesolatino.org\/en\/salud\/cuidados-para-tu-bebe-en-nuestro-portal-de-acceso-latino\/","og_locale":"en_US","og_type":"article","og_title":"Acceso Latino | Cuidados para tu beb\u00e9 en nuestro portal de Acceso Latino","og_description":"Conoce todo lo que Estados Unidos tiene para ofrecer a los migrantes en materia de Salud","og_url":"https:\/\/accesolatino.org\/en\/salud\/cuidados-para-tu-bebe-en-nuestro-portal-de-acceso-latino\/","og_site_name":"Acceso Latino","article_publisher":"https:\/\/www.facebook.com\/AccesoLatinoOrg","article_modified_time":"2025-10-16T21:08:48+00:00","og_image":[{"width":697,"height":520,"url":"https:\/\/accesolatino.org\/wp-content\/uploads\/2019\/07\/Cuidados-para-tu-beb\u00e9-en-nuestro-portal.jpg","type":"image\/jpeg"}],"twitter_card":"summary_large_image","twitter_title":"Acceso Latino | Cuidados para tu beb\u00e9 en nuestro portal de Acceso Latino","twitter_description":"Conoce todo lo que Estados Unidos tiene para ofrecer a los migrantes en materia de Salud","twitter_image":"https:\/\/accesolatino.org\/wp-content\/uploads\/2019\/07\/Cuidados-para-tu-beb\u00e9-en-nuestro-portal.jpg","twitter_site":"@FAccLatino","twitter_misc":{"Est. reading time":"1 minute"},"schema":{"@context":"https:\/\/schema.org","@graph":[{"@type":"WebPage","@id":"https:\/\/accesolatino.org\/en\/salud\/cuidados-para-tu-bebe-en-nuestro-portal-de-acceso-latino\/","url":"https:\/\/accesolatino.org\/en\/salud\/cuidados-para-tu-bebe-en-nuestro-portal-de-acceso-latino\/","name":"Care for your baby on our Acceso Latino website","isPartOf":{"@id":"https:\/\/accesolatino.org\/#website"},"primaryImageOfPage":{"@id":"https:\/\/accesolatino.org\/en\/salud\/cuidados-para-tu-bebe-en-nuestro-portal-de-acceso-latino\/#primaryimage"},"image":{"@id":"https:\/\/accesolatino.org\/en\/salud\/cuidados-para-tu-bebe-en-nuestro-portal-de-acceso-latino\/#primaryimage"},"thumbnailUrl":"https:\/\/accesolatino.org\/wp-content\/uploads\/2019\/07\/Cuidados-para-tu-beb\u00e9-en-nuestro-portal.jpg","datePublished":"2019-07-10T15:45:05+00:00","dateModified":"2025-10-16T21:08:48+00:00","description":"Conoce tus derechos y lo que Estados Unidos tiene para ofrecer a los migrantes en materia de Salud - Acceso Latino","breadcrumb":{"@id":"https:\/\/accesolatino.org\/en\/salud\/cuidados-para-tu-bebe-en-nuestro-portal-de-acceso-latino\/#breadcrumb"},"inLanguage":"en-US","potentialAction":[{"@type":"ReadAction","target":["https:\/\/accesolatino.org\/en\/salud\/cuidados-para-tu-bebe-en-nuestro-portal-de-acceso-latino\/"]}]},{"@type":"ImageObject","inLanguage":"en-US","@id":"https:\/\/accesolatino.org\/en\/salud\/cuidados-para-tu-bebe-en-nuestro-portal-de-acceso-latino\/#primaryimage","url":"https:\/\/accesolatino.org\/wp-content\/uploads\/2019\/07\/Cuidados-para-tu-beb\u00e9-en-nuestro-portal.jpg","contentUrl":"https:\/\/accesolatino.org\/wp-content\/uploads\/2019\/07\/Cuidados-para-tu-beb\u00e9-en-nuestro-portal.jpg","width":697,"height":520,"caption":"cuidados"},{"@type":"BreadcrumbList","@id":"https:\/\/accesolatino.org\/en\/salud\/cuidados-para-tu-bebe-en-nuestro-portal-de-acceso-latino\/#breadcrumb","itemListElement":[{"@type":"ListItem","position":1,"name":"Portada","item":"https:\/\/accesolatino.org\/"},{"@type":"ListItem","position":2,"name":"Salud","item":"https:\/\/accesolatino.org\/salud\/"},{"@type":"ListItem","position":3,"name":"Cuidados para tu beb\u00e9 en nuestro portal de Acceso Latino"}]},{"@type":"WebSite","@id":"https:\/\/accesolatino.org\/#website","url":"https:\/\/accesolatino.org\/","name":"Acceso Latino | Fundaci\u00f3n Carlos Slim","description":"Fundaci\u00f3n Carlos Slim","publisher":{"@id":"https:\/\/accesolatino.org\/#organization"},"potentialAction":[{"@type":"SearchAction","target":{"@type":"EntryPoint","urlTemplate":"https:\/\/accesolatino.org\/?s={search_term_string}"},"query-input":{"@type":"PropertyValueSpecification","valueRequired":true,"valueName":"search_term_string"}}],"inLanguage":"en-US"},{"@type":"Organization","@id":"https:\/\/accesolatino.org\/#organization","name":"Acceso Latino | Fundaci\u00f3n Carlos Slim","url":"https:\/\/accesolatino.org\/","logo":{"@type":"ImageObject","inLanguage":"en-US","@id":"https:\/\/accesolatino.org\/#\/schema\/logo\/image\/","url":"https:\/\/accesolatino.org\/wp-content\/uploads\/2021\/02\/logo-footer-acceso-latino.png","contentUrl":"https:\/\/accesolatino.org\/wp-content\/uploads\/2021\/02\/logo-footer-acceso-latino.png","width":240,"height":40,"caption":"Acceso Latino | Fundaci\u00f3n Carlos Slim"},"image":{"@id":"https:\/\/accesolatino.org\/#\/schema\/logo\/image\/"},"sameAs":["https:\/\/www.facebook.com\/AccesoLatinoOrg","https:\/\/x.com\/FAccLatino"]}]}},"_links":{"self":[{"href":"https:\/\/accesolatino.org\/en\/wp-json\/wp\/v2\/pages\/17945","targetHints":{"allow":["GET"]}}],"collection":[{"href":"https:\/\/accesolatino.org\/en\/wp-json\/wp\/v2\/pages"}],"about":[{"href":"https:\/\/accesolatino.org\/en\/wp-json\/wp\/v2\/types\/page"}],"author":[{"embeddable":true,"href":"https:\/\/accesolatino.org\/en\/wp-json\/wp\/v2\/users\/4"}],"replies":[{"embeddable":true,"href":"https:\/\/accesolatino.org\/en\/wp-json\/wp\/v2\/comments?post=17945"}],"version-history":[{"count":1,"href":"https:\/\/accesolatino.org\/en\/wp-json\/wp\/v2\/pages\/17945\/revisions"}],"predecessor-version":[{"id":64011,"href":"https:\/\/accesolatino.org\/en\/wp-json\/wp\/v2\/pages\/17945\/revisions\/64011"}],"up":[{"embeddable":true,"href":"https:\/\/accesolatino.org\/en\/wp-json\/wp\/v2\/pages\/4668"}],"wp:featuredmedia":[{"embeddable":true,"href":"https:\/\/accesolatino.org\/en\/wp-json\/wp\/v2\/media\/17946"}],"wp:attachment":[{"href":"https:\/\/accesolatino.org\/en\/wp-json\/wp\/v2\/media?parent=17945"}],"curies":[{"name":"wp","href":"https:\/\/api.w.org\/{rel}","templated":true}]}}