{"id":17919,"date":"2019-07-08T12:06:01","date_gmt":"2019-07-08T17:06:01","guid":{"rendered":"https:\/\/accesolatino.org\/?page_id=17919"},"modified":"2025-10-17T13:16:27","modified_gmt":"2025-10-17T19:16:27","slug":"gobierno-norteamericano-ofrece-apoyo-financiero-para-seguir-estudiando","status":"publish","type":"page","link":"https:\/\/accesolatino.org\/en\/gobierno-norteamericano-ofrece-apoyo-financiero-para-seguir-estudiando\/","title":{"rendered":"U.S. government offers financial support for further education"},"content":{"rendered":"<div data-elementor-type=\"wp-post\" data-elementor-id=\"17919\" class=\"elementor elementor-17919\">\n\t\t\t\t\t\t<section class=\"elementor-section elementor-top-section elementor-element elementor-element-1dfb4ad elementor-section-full_width elementor-section-height-min-height elementor-section-items-stretch elementor-section-height-default wpr-particle-no wpr-jarallax-no wpr-parallax-no wpr-sticky-section-no wpr-equal-height-no\" data-id=\"1dfb4ad\" data-element_type=\"section\" data-e-type=\"section\" data-settings=\"{&quot;background_background&quot;:&quot;classic&quot;}\">\n\t\t\t\t\t\t<div class=\"elementor-container elementor-column-gap-no\">\n\t\t\t\t\t<div class=\"elementor-column elementor-col-100 elementor-top-column elementor-element elementor-element-92351bb\" data-id=\"92351bb\" data-element_type=\"column\" data-e-type=\"column\">\n\t\t\t<div class=\"elementor-widget-wrap elementor-element-populated\">\n\t\t\t\t\t\t<div class=\"elementor-element elementor-element-431d0d9 elementor--h-position-center elementor--v-position-middle elementor-widget elementor-widget-slides\" data-id=\"431d0d9\" data-element_type=\"widget\" data-e-type=\"widget\" data-settings=\"{&quot;navigation&quot;:&quot;none&quot;,&quot;infinite&quot;:&quot;yes&quot;,&quot;transition&quot;:&quot;slide&quot;,&quot;transition_speed&quot;:500}\" data-widget_type=\"slides.default\">\n\t\t\t\t<div class=\"elementor-widget-container\">\n\t\t\t\t\t\t\t<div class=\"elementor-swiper\">\n\t\t\t<div class=\"elementor-slides-wrapper elementor-main-swiper swiper-container\" dir=\"ltr\" data-animation=\"\">\n\t\t\t\t<div class=\"swiper-wrapper elementor-slides\">\n\t\t\t\t\t\t\t\t\t\t<div class=\"elementor-repeater-item-d983a28 swiper-slide\"><div class=\"swiper-slide-bg\"><\/div><div class=\"swiper-slide-inner\" ><div class=\"swiper-slide-contents\"><div class=\"elementor-slide-heading\">Education<\/div><\/div><\/div><\/div>\t\t\t\t<\/div>\n\t\t\t\t\t\t\t<\/div>\n\t\t<\/div>\n\t\t\t\t\t\t<\/div>\n\t\t\t\t<\/div>\n\t\t\t\t\t<\/div>\n\t\t<\/div>\n\t\t\t\t\t<\/div>\n\t\t<\/section>\n\t\t\t\t<section class=\"elementor-section elementor-top-section elementor-element elementor-element-7d0dd72 elementor-section-stretched elementor-section-boxed elementor-section-height-default elementor-section-height-default wpr-particle-no wpr-jarallax-no wpr-parallax-no wpr-sticky-section-no wpr-equal-height-no\" data-id=\"7d0dd72\" data-element_type=\"section\" data-e-type=\"section\" data-settings=\"{&quot;stretch_section&quot;:&quot;section-stretched&quot;,&quot;background_background&quot;:&quot;classic&quot;}\">\n\t\t\t\t\t\t<div class=\"elementor-container elementor-column-gap-default\">\n\t\t\t\t\t<div class=\"elementor-column elementor-col-100 elementor-top-column elementor-element elementor-element-7771df3\" data-id=\"7771df3\" data-element_type=\"column\" data-e-type=\"column\">\n\t\t\t<div class=\"elementor-widget-wrap elementor-element-populated\">\n\t\t\t\t\t\t<div class=\"elementor-element elementor-element-e2859bd elementor-widget elementor-widget-heading\" data-id=\"e2859bd\" data-element_type=\"widget\" data-e-type=\"widget\" data-widget_type=\"heading.default\">\n\t\t\t\t<div class=\"elementor-widget-container\">\n\t\t\t\t\t<h3 class=\"elementor-heading-title elementor-size-default\">U.S. government offers financial support for further education<\/h3>\t\t\t\t<\/div>\n\t\t\t\t<\/div>\n\t\t\t\t<div class=\"elementor-element elementor-element-be66705 elementor-widget elementor-widget-text-editor\" data-id=\"be66705\" data-element_type=\"widget\" data-e-type=\"widget\" data-widget_type=\"text-editor.default\">\n\t\t\t\t<div class=\"elementor-widget-container\">\n\t\t\t\t\t\t\t\t\t<p>Compatriota estudiante latinoamericano, \u00bfsab\u00edas que puedes obtener ayuda del gobierno federal para seguir estudiando? El Programa Ayuda Federal Para Estudiantes (FAFSA) tiene este gran apoyo para ti.<\/p><p>En nuestra secci\u00f3n de \u201cEducaci\u00f3n\u201d encontrar\u00e1s la tarjeta de Ayuda financiera del gobierno estadounidense para estudiantes (FAFSA), aqu\u00ed encontrar\u00e1s toda la informaci\u00f3n necesaria para que an\u00e1lisis el proceso y lo necesario para calificar en \u00e9l.<\/p><p>El contar con apoyo econ\u00f3mico para estudiar la universidad o alg\u00fan grado escoalr puede ser un reto muy complicado para los inmigrantes latinos, es por eso que el gobierno cre\u00f3 este programa, para ayudarte a conseguir el dinero que necesitas para pagar tu educaci\u00f3n y seguir aspirando a mejores cosas.<\/p><p>En Acceso Latino tu primera ventana de consulta migratoria, encontrar\u00e1s herramientas que te ayudar\u00e1n en cualquier situaci\u00f3n en la que te encuentres y adem\u00e1s te ofrece cursos educativos sin costo para cualquier nivel en el que te encuentres.<\/p>\t\t\t\t\t\t\t\t<\/div>\n\t\t\t\t<\/div>\n\t\t\t\t<div class=\"elementor-element elementor-element-eb1cd56 elementor-widget elementor-widget-spacer\" data-id=\"eb1cd56\" data-element_type=\"widget\" data-e-type=\"widget\" data-widget_type=\"spacer.default\">\n\t\t\t\t<div class=\"elementor-widget-container\">\n\t\t\t\t\t\t\t<div class=\"elementor-spacer\">\n\t\t\t<div class=\"elementor-spacer-inner\"><\/div>\n\t\t<\/div>\n\t\t\t\t\t\t<\/div>\n\t\t\t\t<\/div>\n\t\t\t\t\t<\/div>\n\t\t<\/div>\n\t\t\t\t\t<\/div>\n\t\t<\/section>\n\t\t\t\t<\/div>","protected":false},"excerpt":{"rendered":"<p>Educaci\u00f3n El gobierno norteamericano ofrece apoyo financiero para seguir estudiando Compatriota estudiante latinoamericano, \u00bfsab\u00edas que puedes obtener ayuda del gobierno federal para seguir estudiando? El Programa Ayuda Federal Para Estudiantes (FAFSA) tiene este gran apoyo para ti. En nuestra secci\u00f3n de \u201cEducaci\u00f3n\u201d encontrar\u00e1s la tarjeta de Ayuda financiera del gobierno estadounidense para estudiantes (FAFSA), aqu\u00ed encontrar\u00e1s toda la informaci\u00f3n necesaria para que an\u00e1lisis el proceso y lo necesario para calificar en \u00e9l. El contar con apoyo econ\u00f3mico para estudiar la universidad o alg\u00fan grado escoalr puede ser un reto muy complicado para los inmigrantes latinos, es por eso que el gobierno cre\u00f3 este programa, para ayudarte a conseguir el dinero que necesitas para pagar tu educaci\u00f3n y seguir aspirando a mejores cosas. En Acceso Latino tu primera ventana de consulta migratoria, encontrar\u00e1s herramientas que te ayudar\u00e1n en cualquier situaci\u00f3n en la que te encuentres y adem\u00e1s te ofrece cursos educativos sin costo para cualquier nivel en el que te encuentres.<\/p>","protected":false},"author":7,"featured_media":17920,"parent":0,"menu_order":0,"comment_status":"closed","ping_status":"closed","template":"elementor_header_footer","meta":{"_uf_show_specific_survey":0,"_uf_disable_surveys":false,"footnotes":""},"class_list":["post-17919","page","type-page","status-publish","has-post-thumbnail"],"aioseo_notices":[],"yoast_head":"<!-- This site is optimized with the Yoast SEO plugin v27.5 - https:\/\/yoast.com\/product\/yoast-seo-wordpress\/ -->\n<title>Gobierno norteamericano ofrece apoyo financiero para seguir estudiando<\/title>\n<meta name=\"description\" content=\"El gobierno norteamericano ofrece apoyo financiero para seguir estudiando Compatriota estudiante latinoamericano\" \/>\n<meta name=\"robots\" content=\"index, follow, max-snippet:-1, max-image-preview:large, max-video-preview:-1\" \/>\n<link rel=\"canonical\" href=\"https:\/\/accesolatino.org\/en\/gobierno-norteamericano-ofrece-apoyo-financiero-para-seguir-estudiando\/\" \/>\n<meta property=\"og:locale\" content=\"en_US\" \/>\n<meta property=\"og:type\" content=\"article\" \/>\n<meta property=\"og:title\" content=\"Acceso Latino | El gobierno norteamericano ofrece apoyo financiero para seguir estudiando\" \/>\n<meta property=\"og:description\" content=\"El gobierno norteamericano ofrece apoyo financiero para seguir estudiando\" \/>\n<meta property=\"og:url\" content=\"https:\/\/accesolatino.org\/en\/gobierno-norteamericano-ofrece-apoyo-financiero-para-seguir-estudiando\/\" \/>\n<meta property=\"og:site_name\" content=\"Acceso Latino\" \/>\n<meta property=\"article:publisher\" content=\"https:\/\/www.facebook.com\/AccesoLatinoOrg\" \/>\n<meta property=\"article:modified_time\" content=\"2025-10-17T19:16:27+00:00\" \/>\n<meta property=\"og:image\" content=\"https:\/\/accesolatino.org\/wp-content\/uploads\/2019\/07\/El-gobierno-norteamericano-ofrece-apoyo-financiero-para-seguir-estudiando.jpg\" \/>\n\t<meta property=\"og:image:width\" content=\"768\" \/>\n\t<meta property=\"og:image:height\" content=\"512\" \/>\n\t<meta property=\"og:image:type\" content=\"image\/jpeg\" \/>\n<meta name=\"twitter:card\" content=\"summary_large_image\" \/>\n<meta name=\"twitter:title\" content=\"Acceso Latino | El gobierno norteamericano ofrece apoyo financiero para seguir estudiando\" \/>\n<meta name=\"twitter:description\" content=\"El gobierno norteamericano ofrece apoyo financiero para seguir estudiando\" \/>\n<meta name=\"twitter:image\" content=\"https:\/\/accesolatino.org\/wp-content\/uploads\/2019\/07\/El-gobierno-norteamericano-ofrece-apoyo-financiero-para-seguir-estudiando.jpg\" \/>\n<meta name=\"twitter:site\" content=\"@FAccLatino\" \/>\n<meta name=\"twitter:label1\" content=\"Est. reading time\" \/>\n\t<meta name=\"twitter:data1\" content=\"1 minute\" \/>\n<script type=\"application\/ld+json\" class=\"yoast-schema-graph\">{\"@context\":\"https:\\\/\\\/schema.org\",\"@graph\":[{\"@type\":\"WebPage\",\"@id\":\"https:\\\/\\\/accesolatino.org\\\/en\\\/gobierno-norteamericano-ofrece-apoyo-financiero-para-seguir-estudiando\\\/\",\"url\":\"https:\\\/\\\/accesolatino.org\\\/en\\\/gobierno-norteamericano-ofrece-apoyo-financiero-para-seguir-estudiando\\\/\",\"name\":\"Gobierno norteamericano ofrece apoyo financiero para seguir estudiando\",\"isPartOf\":{\"@id\":\"https:\\\/\\\/accesolatino.org\\\/#website\"},\"primaryImageOfPage\":{\"@id\":\"https:\\\/\\\/accesolatino.org\\\/en\\\/gobierno-norteamericano-ofrece-apoyo-financiero-para-seguir-estudiando\\\/#primaryimage\"},\"image\":{\"@id\":\"https:\\\/\\\/accesolatino.org\\\/en\\\/gobierno-norteamericano-ofrece-apoyo-financiero-para-seguir-estudiando\\\/#primaryimage\"},\"thumbnailUrl\":\"https:\\\/\\\/accesolatino.org\\\/wp-content\\\/uploads\\\/2019\\\/07\\\/El-gobierno-norteamericano-ofrece-apoyo-financiero-para-seguir-estudiando.jpg\",\"datePublished\":\"2019-07-08T17:06:01+00:00\",\"dateModified\":\"2025-10-17T19:16:27+00:00\",\"description\":\"El gobierno norteamericano ofrece apoyo financiero para seguir estudiando Compatriota estudiante latinoamericano\",\"breadcrumb\":{\"@id\":\"https:\\\/\\\/accesolatino.org\\\/en\\\/gobierno-norteamericano-ofrece-apoyo-financiero-para-seguir-estudiando\\\/#breadcrumb\"},\"inLanguage\":\"en-US\",\"potentialAction\":[{\"@type\":\"ReadAction\",\"target\":[\"https:\\\/\\\/accesolatino.org\\\/en\\\/gobierno-norteamericano-ofrece-apoyo-financiero-para-seguir-estudiando\\\/\"]}]},{\"@type\":\"ImageObject\",\"inLanguage\":\"en-US\",\"@id\":\"https:\\\/\\\/accesolatino.org\\\/en\\\/gobierno-norteamericano-ofrece-apoyo-financiero-para-seguir-estudiando\\\/#primaryimage\",\"url\":\"https:\\\/\\\/accesolatino.org\\\/wp-content\\\/uploads\\\/2019\\\/07\\\/El-gobierno-norteamericano-ofrece-apoyo-financiero-para-seguir-estudiando.jpg\",\"contentUrl\":\"https:\\\/\\\/accesolatino.org\\\/wp-content\\\/uploads\\\/2019\\\/07\\\/El-gobierno-norteamericano-ofrece-apoyo-financiero-para-seguir-estudiando.jpg\",\"width\":768,\"height\":512,\"caption\":\"apoyo financiero\"},{\"@type\":\"BreadcrumbList\",\"@id\":\"https:\\\/\\\/accesolatino.org\\\/en\\\/gobierno-norteamericano-ofrece-apoyo-financiero-para-seguir-estudiando\\\/#breadcrumb\",\"itemListElement\":[{\"@type\":\"ListItem\",\"position\":1,\"name\":\"Portada\",\"item\":\"https:\\\/\\\/accesolatino.org\\\/\"},{\"@type\":\"ListItem\",\"position\":2,\"name\":\"El gobierno norteamericano ofrece apoyo financiero para seguir estudiando\"}]},{\"@type\":\"WebSite\",\"@id\":\"https:\\\/\\\/accesolatino.org\\\/#website\",\"url\":\"https:\\\/\\\/accesolatino.org\\\/\",\"name\":\"Acceso Latino | Fundaci\u00f3n Carlos Slim\",\"description\":\"Fundaci\u00f3n Carlos Slim\",\"publisher\":{\"@id\":\"https:\\\/\\\/accesolatino.org\\\/#organization\"},\"potentialAction\":[{\"@type\":\"SearchAction\",\"target\":{\"@type\":\"EntryPoint\",\"urlTemplate\":\"https:\\\/\\\/accesolatino.org\\\/?s={search_term_string}\"},\"query-input\":{\"@type\":\"PropertyValueSpecification\",\"valueRequired\":true,\"valueName\":\"search_term_string\"}}],\"inLanguage\":\"en-US\"},{\"@type\":\"Organization\",\"@id\":\"https:\\\/\\\/accesolatino.org\\\/#organization\",\"name\":\"Acceso Latino | Fundaci\u00f3n Carlos Slim\",\"url\":\"https:\\\/\\\/accesolatino.org\\\/\",\"logo\":{\"@type\":\"ImageObject\",\"inLanguage\":\"en-US\",\"@id\":\"https:\\\/\\\/accesolatino.org\\\/#\\\/schema\\\/logo\\\/image\\\/\",\"url\":\"https:\\\/\\\/accesolatino.org\\\/wp-content\\\/uploads\\\/2021\\\/02\\\/logo-footer-acceso-latino.png\",\"contentUrl\":\"https:\\\/\\\/accesolatino.org\\\/wp-content\\\/uploads\\\/2021\\\/02\\\/logo-footer-acceso-latino.png\",\"width\":240,\"height\":40,\"caption\":\"Acceso Latino | Fundaci\u00f3n Carlos Slim\"},\"image\":{\"@id\":\"https:\\\/\\\/accesolatino.org\\\/#\\\/schema\\\/logo\\\/image\\\/\"},\"sameAs\":[\"https:\\\/\\\/www.facebook.com\\\/AccesoLatinoOrg\",\"https:\\\/\\\/x.com\\\/FAccLatino\"]}]}<\/script>\n<!-- \/ Yoast SEO plugin. -->","yoast_head_json":{"title":"Gobierno norteamericano ofrece apoyo financiero para seguir estudiando","description":"El gobierno norteamericano ofrece apoyo financiero para seguir estudiando Compatriota estudiante latinoamericano","robots":{"index":"index","follow":"follow","max-snippet":"max-snippet:-1","max-image-preview":"max-image-preview:large","max-video-preview":"max-video-preview:-1"},"canonical":"https:\/\/accesolatino.org\/en\/gobierno-norteamericano-ofrece-apoyo-financiero-para-seguir-estudiando\/","og_locale":"en_US","og_type":"article","og_title":"Acceso Latino | El gobierno norteamericano ofrece apoyo financiero para seguir estudiando","og_description":"El gobierno norteamericano ofrece apoyo financiero para seguir estudiando","og_url":"https:\/\/accesolatino.org\/en\/gobierno-norteamericano-ofrece-apoyo-financiero-para-seguir-estudiando\/","og_site_name":"Acceso Latino","article_publisher":"https:\/\/www.facebook.com\/AccesoLatinoOrg","article_modified_time":"2025-10-17T19:16:27+00:00","og_image":[{"width":768,"height":512,"url":"https:\/\/accesolatino.org\/wp-content\/uploads\/2019\/07\/El-gobierno-norteamericano-ofrece-apoyo-financiero-para-seguir-estudiando.jpg","type":"image\/jpeg"}],"twitter_card":"summary_large_image","twitter_title":"Acceso Latino | El gobierno norteamericano ofrece apoyo financiero para seguir estudiando","twitter_description":"El gobierno norteamericano ofrece apoyo financiero para seguir estudiando","twitter_image":"https:\/\/accesolatino.org\/wp-content\/uploads\/2019\/07\/El-gobierno-norteamericano-ofrece-apoyo-financiero-para-seguir-estudiando.jpg","twitter_site":"@FAccLatino","twitter_misc":{"Est. reading time":"1 minute"},"schema":{"@context":"https:\/\/schema.org","@graph":[{"@type":"WebPage","@id":"https:\/\/accesolatino.org\/en\/gobierno-norteamericano-ofrece-apoyo-financiero-para-seguir-estudiando\/","url":"https:\/\/accesolatino.org\/en\/gobierno-norteamericano-ofrece-apoyo-financiero-para-seguir-estudiando\/","name":"Gobierno norteamericano ofrece apoyo financiero para seguir estudiando","isPartOf":{"@id":"https:\/\/accesolatino.org\/#website"},"primaryImageOfPage":{"@id":"https:\/\/accesolatino.org\/en\/gobierno-norteamericano-ofrece-apoyo-financiero-para-seguir-estudiando\/#primaryimage"},"image":{"@id":"https:\/\/accesolatino.org\/en\/gobierno-norteamericano-ofrece-apoyo-financiero-para-seguir-estudiando\/#primaryimage"},"thumbnailUrl":"https:\/\/accesolatino.org\/wp-content\/uploads\/2019\/07\/El-gobierno-norteamericano-ofrece-apoyo-financiero-para-seguir-estudiando.jpg","datePublished":"2019-07-08T17:06:01+00:00","dateModified":"2025-10-17T19:16:27+00:00","description":"El gobierno norteamericano ofrece apoyo financiero para seguir estudiando Compatriota estudiante latinoamericano","breadcrumb":{"@id":"https:\/\/accesolatino.org\/en\/gobierno-norteamericano-ofrece-apoyo-financiero-para-seguir-estudiando\/#breadcrumb"},"inLanguage":"en-US","potentialAction":[{"@type":"ReadAction","target":["https:\/\/accesolatino.org\/en\/gobierno-norteamericano-ofrece-apoyo-financiero-para-seguir-estudiando\/"]}]},{"@type":"ImageObject","inLanguage":"en-US","@id":"https:\/\/accesolatino.org\/en\/gobierno-norteamericano-ofrece-apoyo-financiero-para-seguir-estudiando\/#primaryimage","url":"https:\/\/accesolatino.org\/wp-content\/uploads\/2019\/07\/El-gobierno-norteamericano-ofrece-apoyo-financiero-para-seguir-estudiando.jpg","contentUrl":"https:\/\/accesolatino.org\/wp-content\/uploads\/2019\/07\/El-gobierno-norteamericano-ofrece-apoyo-financiero-para-seguir-estudiando.jpg","width":768,"height":512,"caption":"apoyo financiero"},{"@type":"BreadcrumbList","@id":"https:\/\/accesolatino.org\/en\/gobierno-norteamericano-ofrece-apoyo-financiero-para-seguir-estudiando\/#breadcrumb","itemListElement":[{"@type":"ListItem","position":1,"name":"Portada","item":"https:\/\/accesolatino.org\/"},{"@type":"ListItem","position":2,"name":"El gobierno norteamericano ofrece apoyo financiero para seguir estudiando"}]},{"@type":"WebSite","@id":"https:\/\/accesolatino.org\/#website","url":"https:\/\/accesolatino.org\/","name":"Acceso Latino | Fundaci\u00f3n Carlos Slim","description":"Fundaci\u00f3n Carlos Slim","publisher":{"@id":"https:\/\/accesolatino.org\/#organization"},"potentialAction":[{"@type":"SearchAction","target":{"@type":"EntryPoint","urlTemplate":"https:\/\/accesolatino.org\/?s={search_term_string}"},"query-input":{"@type":"PropertyValueSpecification","valueRequired":true,"valueName":"search_term_string"}}],"inLanguage":"en-US"},{"@type":"Organization","@id":"https:\/\/accesolatino.org\/#organization","name":"Acceso Latino | Fundaci\u00f3n Carlos Slim","url":"https:\/\/accesolatino.org\/","logo":{"@type":"ImageObject","inLanguage":"en-US","@id":"https:\/\/accesolatino.org\/#\/schema\/logo\/image\/","url":"https:\/\/accesolatino.org\/wp-content\/uploads\/2021\/02\/logo-footer-acceso-latino.png","contentUrl":"https:\/\/accesolatino.org\/wp-content\/uploads\/2021\/02\/logo-footer-acceso-latino.png","width":240,"height":40,"caption":"Acceso Latino | Fundaci\u00f3n Carlos Slim"},"image":{"@id":"https:\/\/accesolatino.org\/#\/schema\/logo\/image\/"},"sameAs":["https:\/\/www.facebook.com\/AccesoLatinoOrg","https:\/\/x.com\/FAccLatino"]}]}},"_links":{"self":[{"href":"https:\/\/accesolatino.org\/en\/wp-json\/wp\/v2\/pages\/17919","targetHints":{"allow":["GET"]}}],"collection":[{"href":"https:\/\/accesolatino.org\/en\/wp-json\/wp\/v2\/pages"}],"about":[{"href":"https:\/\/accesolatino.org\/en\/wp-json\/wp\/v2\/types\/page"}],"author":[{"embeddable":true,"href":"https:\/\/accesolatino.org\/en\/wp-json\/wp\/v2\/users\/7"}],"replies":[{"embeddable":true,"href":"https:\/\/accesolatino.org\/en\/wp-json\/wp\/v2\/comments?post=17919"}],"version-history":[{"count":1,"href":"https:\/\/accesolatino.org\/en\/wp-json\/wp\/v2\/pages\/17919\/revisions"}],"predecessor-version":[{"id":64202,"href":"https:\/\/accesolatino.org\/en\/wp-json\/wp\/v2\/pages\/17919\/revisions\/64202"}],"wp:featuredmedia":[{"embeddable":true,"href":"https:\/\/accesolatino.org\/en\/wp-json\/wp\/v2\/media\/17920"}],"wp:attachment":[{"href":"https:\/\/accesolatino.org\/en\/wp-json\/wp\/v2\/media?parent=17919"}],"curies":[{"name":"wp","href":"https:\/\/api.w.org\/{rel}","templated":true}]}}