{"id":17904,"date":"2019-07-05T12:38:35","date_gmt":"2019-07-05T17:38:35","guid":{"rendered":"https:\/\/accesolatino.org\/?page_id=17904"},"modified":"2023-10-17T19:12:35","modified_gmt":"2023-10-18T01:12:35","slug":"buscas-trabajo-en-usa-encuentralo-en-nuestros-portales-de-empleo","status":"publish","type":"page","link":"https:\/\/accesolatino.org\/en\/apoyos-sociales\/buscas-trabajo-en-usa-encuentralo-en-nuestros-portales-de-empleo\/","title":{"rendered":"Programs to help you return to Mexico"},"content":{"rendered":"<div data-elementor-type=\"wp-post\" data-elementor-id=\"17904\" class=\"elementor elementor-17904\">\n\t\t\t\t\t\t<section class=\"elementor-section elementor-top-section elementor-element elementor-element-300530d elementor-section-full_width elementor-section-height-min-height elementor-section-items-stretch elementor-section-height-default wpr-particle-no wpr-jarallax-no wpr-parallax-no wpr-sticky-section-no wpr-equal-height-no\" data-id=\"300530d\" data-element_type=\"section\" data-e-type=\"section\" data-settings=\"{&quot;background_background&quot;:&quot;classic&quot;}\">\n\t\t\t\t\t\t<div class=\"elementor-container elementor-column-gap-no\">\n\t\t\t\t\t<div class=\"elementor-column elementor-col-100 elementor-top-column elementor-element elementor-element-b3a8376\" data-id=\"b3a8376\" data-element_type=\"column\" data-e-type=\"column\">\n\t\t\t<div class=\"elementor-widget-wrap elementor-element-populated\">\n\t\t\t\t\t\t<div class=\"elementor-element elementor-element-1833773 elementor--h-position-center elementor--v-position-middle elementor-widget elementor-widget-slides\" data-id=\"1833773\" data-element_type=\"widget\" data-e-type=\"widget\" data-settings=\"{&quot;navigation&quot;:&quot;none&quot;,&quot;infinite&quot;:&quot;yes&quot;,&quot;transition&quot;:&quot;slide&quot;,&quot;transition_speed&quot;:500}\" data-widget_type=\"slides.default\">\n\t\t\t\t<div class=\"elementor-widget-container\">\n\t\t\t\t\t\t\t<div class=\"elementor-swiper\">\n\t\t\t<div class=\"elementor-slides-wrapper elementor-main-swiper swiper-container\" dir=\"ltr\" data-animation=\"\">\n\t\t\t\t<div class=\"swiper-wrapper elementor-slides\">\n\t\t\t\t\t\t\t\t\t\t<div class=\"elementor-repeater-item-d983a28 swiper-slide\"><div class=\"swiper-slide-bg\"><\/div><div class=\"swiper-slide-inner\" ><div class=\"swiper-slide-contents\"><div class=\"elementor-slide-heading\">Social Supports<\/div><\/div><\/div><\/div>\t\t\t\t<\/div>\n\t\t\t\t\t\t\t<\/div>\n\t\t<\/div>\n\t\t\t\t\t\t<\/div>\n\t\t\t\t<\/div>\n\t\t\t\t\t<\/div>\n\t\t<\/div>\n\t\t\t\t\t<\/div>\n\t\t<\/section>\n\t\t\t\t<section class=\"elementor-section elementor-top-section elementor-element elementor-element-c424ef6 elementor-section-stretched elementor-section-boxed elementor-section-height-default elementor-section-height-default wpr-particle-no wpr-jarallax-no wpr-parallax-no wpr-sticky-section-no wpr-equal-height-no\" data-id=\"c424ef6\" data-element_type=\"section\" data-e-type=\"section\" data-settings=\"{&quot;stretch_section&quot;:&quot;section-stretched&quot;,&quot;background_background&quot;:&quot;classic&quot;}\">\n\t\t\t\t\t\t<div class=\"elementor-container elementor-column-gap-default\">\n\t\t\t\t\t<div class=\"elementor-column elementor-col-100 elementor-top-column elementor-element elementor-element-6107128\" data-id=\"6107128\" data-element_type=\"column\" data-e-type=\"column\">\n\t\t\t<div class=\"elementor-widget-wrap elementor-element-populated\">\n\t\t\t\t\t\t<div class=\"elementor-element elementor-element-50b9afe elementor-widget elementor-widget-heading\" data-id=\"50b9afe\" data-element_type=\"widget\" data-e-type=\"widget\" data-widget_type=\"heading.default\">\n\t\t\t\t<div class=\"elementor-widget-container\">\n\t\t\t\t\t<h3 class=\"elementor-heading-title elementor-size-default\">Programs to help you return to Mexico<\/h3>\t\t\t\t<\/div>\n\t\t\t\t<\/div>\n\t\t\t\t<div class=\"elementor-element elementor-element-552528c elementor-widget elementor-widget-text-editor\" data-id=\"552528c\" data-element_type=\"widget\" data-e-type=\"widget\" data-widget_type=\"text-editor.default\">\n\t\t\t\t<div class=\"elementor-widget-container\">\n\t\t\t\t\t\t\t\t\t<p>Nuestros conciudadanos que viven en Estados Unidos o que est\u00e1n de vuelta en M\u00e9xico, tienen la oportunidad de pedir apoyo para un mejor regreso o mejorar su vida.<br \/>In our <a href=\"https:\/\/accesolatino.org\/en\/apoyos-sociales\/\">\u201cApoyos Sociales<\/a>\u201d encontrar\u00e1s los siguientes programas:<br \/><strong>Construye en tu tierra.<\/strong> Es un programa que da asesor\u00eda a nuestros paisanos que viven en la Uni\u00f3n Americana y quieren construir una casa en M\u00e9xico.<br \/><strong>Somos mexicanos<\/strong>. El Instituto Nacional de Migraci\u00f3n (INM), proporciona a los compatriotas devueltos voluntariamente o involuntariamente a nuestro pa\u00eds, una atenci\u00f3n profesional, para ayudarlos a reintegrarse a la sociedad mexicana. <br \/><strong>Rutas y albergues.<\/strong> Gu\u00edas de rutas y albergues, que dan apoyo a migrantes que est\u00e1n de paso en M\u00e9xico o van para Estados Unidos.<br \/><strong>Your life insurance<\/strong>. Empresas ofrecen seguros de vida para migrantes. Hay varias compa\u00f1\u00edas dedicadas a este servicio, cons\u00faltalas.<br \/>Al igual que los migrantes, cualquier persona podr\u00e1 encontrar ayuda en materia social en <strong>Acceso Latino tu primera ventana de consulta migratoria.<\/strong><\/p>\t\t\t\t\t\t\t\t<\/div>\n\t\t\t\t<\/div>\n\t\t\t\t<div class=\"elementor-element elementor-element-a5e2134 elementor-widget elementor-widget-spacer\" data-id=\"a5e2134\" data-element_type=\"widget\" data-e-type=\"widget\" data-widget_type=\"spacer.default\">\n\t\t\t\t<div class=\"elementor-widget-container\">\n\t\t\t\t\t\t\t<div class=\"elementor-spacer\">\n\t\t\t<div class=\"elementor-spacer-inner\"><\/div>\n\t\t<\/div>\n\t\t\t\t\t\t<\/div>\n\t\t\t\t<\/div>\n\t\t\t\t\t<\/div>\n\t\t<\/div>\n\t\t\t\t\t<\/div>\n\t\t<\/section>\n\t\t\t\t<\/div>","protected":false},"excerpt":{"rendered":"<p>Apoyos Sociales Programas que te ayudan en tu regreso a M\u00e9xico Nuestros conciudadanos que viven en Estados Unidos o que est\u00e1n de vuelta en M\u00e9xico, tienen la oportunidad de pedir apoyo para un mejor regreso o mejorar su vida.En nuestra secci\u00f3n de \u201cApoyos Sociales\u201d encontrar\u00e1s los siguientes programas:Construye en tu tierra. Es un programa que da asesor\u00eda a nuestros paisanos que viven en la Uni\u00f3n Americana y quieren construir una casa en M\u00e9xico.Somos mexicanos. El Instituto Nacional de Migraci\u00f3n (INM), proporciona a los compatriotas devueltos voluntariamente o involuntariamente a nuestro pa\u00eds, una atenci\u00f3n profesional, para ayudarlos a reintegrarse a la sociedad mexicana. Rutas y albergues. Gu\u00edas de rutas y albergues, que dan apoyo a migrantes que est\u00e1n de paso en M\u00e9xico o van para Estados Unidos.Tu seguro de vida. Empresas ofrecen seguros de vida para migrantes. Hay varias compa\u00f1\u00edas dedicadas a este servicio, cons\u00faltalas.Al igual que los migrantes, cualquier persona podr\u00e1 encontrar ayuda en materia social en Acceso Latino tu primera ventana de consulta migratoria.<\/p>","protected":false},"author":6,"featured_media":19348,"parent":1435,"menu_order":0,"comment_status":"closed","ping_status":"closed","template":"elementor_header_footer","meta":{"_uf_show_specific_survey":0,"_uf_disable_surveys":false,"footnotes":""},"class_list":["post-17904","page","type-page","status-publish","has-post-thumbnail"],"aioseo_notices":[],"yoast_head":"<!-- This site is optimized with the Yoast SEO plugin v27.5 - https:\/\/yoast.com\/product\/yoast-seo-wordpress\/ -->\n<title>Programas que te ayudan en tu regreso a M\u00e9xico<\/title>\n<meta name=\"description\" content=\"Conoce las diferentes formas en las que los migrantes se pueden ver beneficiados en USA\" \/>\n<meta name=\"robots\" content=\"index, follow, max-snippet:-1, max-image-preview:large, max-video-preview:-1\" \/>\n<link rel=\"canonical\" href=\"https:\/\/accesolatino.org\/en\/apoyos-sociales\/buscas-trabajo-en-usa-encuentralo-en-nuestros-portales-de-empleo\/\" \/>\n<meta property=\"og:locale\" content=\"en_US\" \/>\n<meta property=\"og:type\" content=\"article\" \/>\n<meta property=\"og:title\" content=\"Acceso Latino | Programas que te ayudan en tu regreso a M\u00e9xico\" \/>\n<meta property=\"og:description\" content=\"Conoce las diferentes formas en las que los migrantes se pueden ver beneficiados en USA\" \/>\n<meta property=\"og:url\" content=\"https:\/\/accesolatino.org\/en\/apoyos-sociales\/buscas-trabajo-en-usa-encuentralo-en-nuestros-portales-de-empleo\/\" \/>\n<meta property=\"og:site_name\" content=\"Acceso Latino\" \/>\n<meta property=\"article:publisher\" content=\"https:\/\/www.facebook.com\/AccesoLatinoOrg\" \/>\n<meta property=\"article:modified_time\" content=\"2023-10-18T01:12:35+00:00\" \/>\n<meta property=\"og:image\" content=\"https:\/\/accesolatino.org\/wp-content\/uploads\/2019\/12\/Programas-que-te-ayudan-en-tu-regreso-a-M\u00e9xico.png\" \/>\n\t<meta property=\"og:image:width\" content=\"600\" \/>\n\t<meta property=\"og:image:height\" content=\"300\" \/>\n\t<meta property=\"og:image:type\" content=\"image\/png\" \/>\n<meta name=\"twitter:card\" content=\"summary_large_image\" \/>\n<meta name=\"twitter:title\" content=\"Acceso Latino | Programas que te ayudan en tu regreso a M\u00e9xico\" \/>\n<meta name=\"twitter:description\" content=\"Conoce las diferentes formas en las que los migrantes se pueden ver beneficiados en USA\" \/>\n<meta name=\"twitter:image\" content=\"https:\/\/accesolatino.org\/wp-content\/uploads\/2019\/12\/Programas-que-te-ayudan-en-tu-regreso-a-M\u00e9xico.png\" \/>\n<meta name=\"twitter:site\" content=\"@FAccLatino\" \/>\n<meta name=\"twitter:label1\" content=\"Est. reading time\" \/>\n\t<meta name=\"twitter:data1\" content=\"1 minute\" \/>\n<script type=\"application\/ld+json\" class=\"yoast-schema-graph\">{\"@context\":\"https:\\\/\\\/schema.org\",\"@graph\":[{\"@type\":\"WebPage\",\"@id\":\"https:\\\/\\\/accesolatino.org\\\/apoyos-sociales\\\/buscas-trabajo-en-usa-encuentralo-en-nuestros-portales-de-empleo\\\/\",\"url\":\"https:\\\/\\\/accesolatino.org\\\/apoyos-sociales\\\/buscas-trabajo-en-usa-encuentralo-en-nuestros-portales-de-empleo\\\/\",\"name\":\"Programas que te ayudan en tu regreso a M\u00e9xico\",\"isPartOf\":{\"@id\":\"https:\\\/\\\/accesolatino.org\\\/#website\"},\"primaryImageOfPage\":{\"@id\":\"https:\\\/\\\/accesolatino.org\\\/apoyos-sociales\\\/buscas-trabajo-en-usa-encuentralo-en-nuestros-portales-de-empleo\\\/#primaryimage\"},\"image\":{\"@id\":\"https:\\\/\\\/accesolatino.org\\\/apoyos-sociales\\\/buscas-trabajo-en-usa-encuentralo-en-nuestros-portales-de-empleo\\\/#primaryimage\"},\"thumbnailUrl\":\"https:\\\/\\\/accesolatino.org\\\/wp-content\\\/uploads\\\/2019\\\/12\\\/Programas-que-te-ayudan-en-tu-regreso-a-M\u00e9xico.png\",\"datePublished\":\"2019-07-05T17:38:35+00:00\",\"dateModified\":\"2023-10-18T01:12:35+00:00\",\"description\":\"Conoce las diferentes formas en las que los migrantes se pueden ver beneficiados en USA\",\"breadcrumb\":{\"@id\":\"https:\\\/\\\/accesolatino.org\\\/apoyos-sociales\\\/buscas-trabajo-en-usa-encuentralo-en-nuestros-portales-de-empleo\\\/#breadcrumb\"},\"inLanguage\":\"en-US\",\"potentialAction\":[{\"@type\":\"ReadAction\",\"target\":[\"https:\\\/\\\/accesolatino.org\\\/apoyos-sociales\\\/buscas-trabajo-en-usa-encuentralo-en-nuestros-portales-de-empleo\\\/\"]}]},{\"@type\":\"ImageObject\",\"inLanguage\":\"en-US\",\"@id\":\"https:\\\/\\\/accesolatino.org\\\/apoyos-sociales\\\/buscas-trabajo-en-usa-encuentralo-en-nuestros-portales-de-empleo\\\/#primaryimage\",\"url\":\"https:\\\/\\\/accesolatino.org\\\/wp-content\\\/uploads\\\/2019\\\/12\\\/Programas-que-te-ayudan-en-tu-regreso-a-M\u00e9xico.png\",\"contentUrl\":\"https:\\\/\\\/accesolatino.org\\\/wp-content\\\/uploads\\\/2019\\\/12\\\/Programas-que-te-ayudan-en-tu-regreso-a-M\u00e9xico.png\",\"width\":600,\"height\":300},{\"@type\":\"BreadcrumbList\",\"@id\":\"https:\\\/\\\/accesolatino.org\\\/apoyos-sociales\\\/buscas-trabajo-en-usa-encuentralo-en-nuestros-portales-de-empleo\\\/#breadcrumb\",\"itemListElement\":[{\"@type\":\"ListItem\",\"position\":1,\"name\":\"Portada\",\"item\":\"https:\\\/\\\/accesolatino.org\\\/\"},{\"@type\":\"ListItem\",\"position\":2,\"name\":\"Apoyos Sociales\",\"item\":\"https:\\\/\\\/accesolatino.org\\\/en\\\/apoyos-sociales\\\/\"},{\"@type\":\"ListItem\",\"position\":3,\"name\":\"Programas que te ayudan en tu regreso a M\u00e9xico\"}]},{\"@type\":\"WebSite\",\"@id\":\"https:\\\/\\\/accesolatino.org\\\/#website\",\"url\":\"https:\\\/\\\/accesolatino.org\\\/\",\"name\":\"Acceso Latino | Fundaci\u00f3n Carlos Slim\",\"description\":\"Fundaci\u00f3n Carlos Slim\",\"publisher\":{\"@id\":\"https:\\\/\\\/accesolatino.org\\\/#organization\"},\"potentialAction\":[{\"@type\":\"SearchAction\",\"target\":{\"@type\":\"EntryPoint\",\"urlTemplate\":\"https:\\\/\\\/accesolatino.org\\\/?s={search_term_string}\"},\"query-input\":{\"@type\":\"PropertyValueSpecification\",\"valueRequired\":true,\"valueName\":\"search_term_string\"}}],\"inLanguage\":\"en-US\"},{\"@type\":\"Organization\",\"@id\":\"https:\\\/\\\/accesolatino.org\\\/#organization\",\"name\":\"Acceso Latino | Fundaci\u00f3n Carlos Slim\",\"url\":\"https:\\\/\\\/accesolatino.org\\\/\",\"logo\":{\"@type\":\"ImageObject\",\"inLanguage\":\"en-US\",\"@id\":\"https:\\\/\\\/accesolatino.org\\\/#\\\/schema\\\/logo\\\/image\\\/\",\"url\":\"https:\\\/\\\/accesolatino.org\\\/wp-content\\\/uploads\\\/2021\\\/02\\\/logo-footer-acceso-latino.png\",\"contentUrl\":\"https:\\\/\\\/accesolatino.org\\\/wp-content\\\/uploads\\\/2021\\\/02\\\/logo-footer-acceso-latino.png\",\"width\":240,\"height\":40,\"caption\":\"Acceso Latino | Fundaci\u00f3n Carlos Slim\"},\"image\":{\"@id\":\"https:\\\/\\\/accesolatino.org\\\/#\\\/schema\\\/logo\\\/image\\\/\"},\"sameAs\":[\"https:\\\/\\\/www.facebook.com\\\/AccesoLatinoOrg\",\"https:\\\/\\\/x.com\\\/FAccLatino\"]}]}<\/script>\n<!-- \/ Yoast SEO plugin. -->","yoast_head_json":{"title":"Programs to help you return to Mexico","description":"Conoce las diferentes formas en las que los migrantes se pueden ver beneficiados en USA","robots":{"index":"index","follow":"follow","max-snippet":"max-snippet:-1","max-image-preview":"max-image-preview:large","max-video-preview":"max-video-preview:-1"},"canonical":"https:\/\/accesolatino.org\/en\/apoyos-sociales\/buscas-trabajo-en-usa-encuentralo-en-nuestros-portales-de-empleo\/","og_locale":"en_US","og_type":"article","og_title":"Acceso Latino | Programas que te ayudan en tu regreso a M\u00e9xico","og_description":"Conoce las diferentes formas en las que los migrantes se pueden ver beneficiados en USA","og_url":"https:\/\/accesolatino.org\/en\/apoyos-sociales\/buscas-trabajo-en-usa-encuentralo-en-nuestros-portales-de-empleo\/","og_site_name":"Acceso Latino","article_publisher":"https:\/\/www.facebook.com\/AccesoLatinoOrg","article_modified_time":"2023-10-18T01:12:35+00:00","og_image":[{"width":600,"height":300,"url":"https:\/\/accesolatino.org\/wp-content\/uploads\/2019\/12\/Programas-que-te-ayudan-en-tu-regreso-a-M\u00e9xico.png","type":"image\/png"}],"twitter_card":"summary_large_image","twitter_title":"Acceso Latino | Programas que te ayudan en tu regreso a M\u00e9xico","twitter_description":"Conoce las diferentes formas en las que los migrantes se pueden ver beneficiados en USA","twitter_image":"https:\/\/accesolatino.org\/wp-content\/uploads\/2019\/12\/Programas-que-te-ayudan-en-tu-regreso-a-M\u00e9xico.png","twitter_site":"@FAccLatino","twitter_misc":{"Est. reading time":"1 minute"},"schema":{"@context":"https:\/\/schema.org","@graph":[{"@type":"WebPage","@id":"https:\/\/accesolatino.org\/apoyos-sociales\/buscas-trabajo-en-usa-encuentralo-en-nuestros-portales-de-empleo\/","url":"https:\/\/accesolatino.org\/apoyos-sociales\/buscas-trabajo-en-usa-encuentralo-en-nuestros-portales-de-empleo\/","name":"Programs to help you return to Mexico","isPartOf":{"@id":"https:\/\/accesolatino.org\/#website"},"primaryImageOfPage":{"@id":"https:\/\/accesolatino.org\/apoyos-sociales\/buscas-trabajo-en-usa-encuentralo-en-nuestros-portales-de-empleo\/#primaryimage"},"image":{"@id":"https:\/\/accesolatino.org\/apoyos-sociales\/buscas-trabajo-en-usa-encuentralo-en-nuestros-portales-de-empleo\/#primaryimage"},"thumbnailUrl":"https:\/\/accesolatino.org\/wp-content\/uploads\/2019\/12\/Programas-que-te-ayudan-en-tu-regreso-a-M\u00e9xico.png","datePublished":"2019-07-05T17:38:35+00:00","dateModified":"2023-10-18T01:12:35+00:00","description":"Conoce las diferentes formas en las que los migrantes se pueden ver beneficiados en USA","breadcrumb":{"@id":"https:\/\/accesolatino.org\/apoyos-sociales\/buscas-trabajo-en-usa-encuentralo-en-nuestros-portales-de-empleo\/#breadcrumb"},"inLanguage":"en-US","potentialAction":[{"@type":"ReadAction","target":["https:\/\/accesolatino.org\/apoyos-sociales\/buscas-trabajo-en-usa-encuentralo-en-nuestros-portales-de-empleo\/"]}]},{"@type":"ImageObject","inLanguage":"en-US","@id":"https:\/\/accesolatino.org\/apoyos-sociales\/buscas-trabajo-en-usa-encuentralo-en-nuestros-portales-de-empleo\/#primaryimage","url":"https:\/\/accesolatino.org\/wp-content\/uploads\/2019\/12\/Programas-que-te-ayudan-en-tu-regreso-a-M\u00e9xico.png","contentUrl":"https:\/\/accesolatino.org\/wp-content\/uploads\/2019\/12\/Programas-que-te-ayudan-en-tu-regreso-a-M\u00e9xico.png","width":600,"height":300},{"@type":"BreadcrumbList","@id":"https:\/\/accesolatino.org\/apoyos-sociales\/buscas-trabajo-en-usa-encuentralo-en-nuestros-portales-de-empleo\/#breadcrumb","itemListElement":[{"@type":"ListItem","position":1,"name":"Portada","item":"https:\/\/accesolatino.org\/"},{"@type":"ListItem","position":2,"name":"Apoyos Sociales","item":"https:\/\/accesolatino.org\/en\/apoyos-sociales\/"},{"@type":"ListItem","position":3,"name":"Programas que te ayudan en tu regreso a M\u00e9xico"}]},{"@type":"WebSite","@id":"https:\/\/accesolatino.org\/#website","url":"https:\/\/accesolatino.org\/","name":"Acceso Latino | Fundaci\u00f3n Carlos Slim","description":"Fundaci\u00f3n Carlos Slim","publisher":{"@id":"https:\/\/accesolatino.org\/#organization"},"potentialAction":[{"@type":"SearchAction","target":{"@type":"EntryPoint","urlTemplate":"https:\/\/accesolatino.org\/?s={search_term_string}"},"query-input":{"@type":"PropertyValueSpecification","valueRequired":true,"valueName":"search_term_string"}}],"inLanguage":"en-US"},{"@type":"Organization","@id":"https:\/\/accesolatino.org\/#organization","name":"Acceso Latino | Fundaci\u00f3n Carlos Slim","url":"https:\/\/accesolatino.org\/","logo":{"@type":"ImageObject","inLanguage":"en-US","@id":"https:\/\/accesolatino.org\/#\/schema\/logo\/image\/","url":"https:\/\/accesolatino.org\/wp-content\/uploads\/2021\/02\/logo-footer-acceso-latino.png","contentUrl":"https:\/\/accesolatino.org\/wp-content\/uploads\/2021\/02\/logo-footer-acceso-latino.png","width":240,"height":40,"caption":"Acceso Latino | Fundaci\u00f3n Carlos Slim"},"image":{"@id":"https:\/\/accesolatino.org\/#\/schema\/logo\/image\/"},"sameAs":["https:\/\/www.facebook.com\/AccesoLatinoOrg","https:\/\/x.com\/FAccLatino"]}]}},"_links":{"self":[{"href":"https:\/\/accesolatino.org\/en\/wp-json\/wp\/v2\/pages\/17904","targetHints":{"allow":["GET"]}}],"collection":[{"href":"https:\/\/accesolatino.org\/en\/wp-json\/wp\/v2\/pages"}],"about":[{"href":"https:\/\/accesolatino.org\/en\/wp-json\/wp\/v2\/types\/page"}],"author":[{"embeddable":true,"href":"https:\/\/accesolatino.org\/en\/wp-json\/wp\/v2\/users\/6"}],"replies":[{"embeddable":true,"href":"https:\/\/accesolatino.org\/en\/wp-json\/wp\/v2\/comments?post=17904"}],"version-history":[{"count":0,"href":"https:\/\/accesolatino.org\/en\/wp-json\/wp\/v2\/pages\/17904\/revisions"}],"up":[{"embeddable":true,"href":"https:\/\/accesolatino.org\/en\/wp-json\/wp\/v2\/pages\/1435"}],"wp:featuredmedia":[{"embeddable":true,"href":"https:\/\/accesolatino.org\/en\/wp-json\/wp\/v2\/media\/19348"}],"wp:attachment":[{"href":"https:\/\/accesolatino.org\/en\/wp-json\/wp\/v2\/media?parent=17904"}],"curies":[{"name":"wp","href":"https:\/\/api.w.org\/{rel}","templated":true}]}}