{"id":17763,"date":"2019-06-20T09:59:21","date_gmt":"2019-06-20T14:59:21","guid":{"rendered":"https:\/\/accesolatino.org\/?page_id=17763"},"modified":"2025-10-16T15:25:54","modified_gmt":"2025-10-16T21:25:54","slug":"encuentra-apoyo-con-la-herramienta-orientacion-legal","status":"publish","type":"page","link":"https:\/\/accesolatino.org\/en\/encuentra-apoyo-con-la-herramienta-orientacion-legal\/","title":{"rendered":"Immigrant friend finds support with Legal Orientation tool"},"content":{"rendered":"<div data-elementor-type=\"wp-post\" data-elementor-id=\"17763\" class=\"elementor elementor-17763\">\n\t\t\t\t\t\t<section class=\"elementor-section elementor-top-section elementor-element elementor-element-713f807 elementor-section-full_width elementor-section-height-min-height elementor-section-items-stretch elementor-section-height-default wpr-particle-no wpr-jarallax-no wpr-parallax-no wpr-sticky-section-no wpr-equal-height-no\" data-id=\"713f807\" data-element_type=\"section\" data-e-type=\"section\" data-settings=\"{&quot;background_background&quot;:&quot;classic&quot;}\">\n\t\t\t\t\t\t<div class=\"elementor-container elementor-column-gap-no\">\n\t\t\t\t\t<div class=\"elementor-column elementor-col-100 elementor-top-column elementor-element elementor-element-64e3a58\" data-id=\"64e3a58\" data-element_type=\"column\" data-e-type=\"column\">\n\t\t\t<div class=\"elementor-widget-wrap elementor-element-populated\">\n\t\t\t\t\t\t<div class=\"elementor-element elementor-element-c0c835a elementor--h-position-center elementor--v-position-middle elementor-widget elementor-widget-slides\" data-id=\"c0c835a\" data-element_type=\"widget\" data-e-type=\"widget\" data-settings=\"{&quot;navigation&quot;:&quot;none&quot;,&quot;infinite&quot;:&quot;yes&quot;,&quot;transition&quot;:&quot;slide&quot;,&quot;transition_speed&quot;:500}\" data-widget_type=\"slides.default\">\n\t\t\t\t<div class=\"elementor-widget-container\">\n\t\t\t\t\t\t\t<div class=\"elementor-swiper\">\n\t\t\t<div class=\"elementor-slides-wrapper elementor-main-swiper swiper-container\" dir=\"ltr\" data-animation=\"\">\n\t\t\t\t<div class=\"swiper-wrapper elementor-slides\">\n\t\t\t\t\t\t\t\t\t\t<div class=\"elementor-repeater-item-d983a28 swiper-slide\"><div class=\"swiper-slide-bg\"><\/div><div class=\"swiper-slide-inner\" ><div class=\"swiper-slide-contents\"><div class=\"elementor-slide-heading\">Legal Guidance<\/div><\/div><\/div><\/div>\t\t\t\t<\/div>\n\t\t\t\t\t\t\t<\/div>\n\t\t<\/div>\n\t\t\t\t\t\t<\/div>\n\t\t\t\t<\/div>\n\t\t\t\t\t<\/div>\n\t\t<\/div>\n\t\t\t\t\t<\/div>\n\t\t<\/section>\n\t\t\t\t<section class=\"elementor-section elementor-top-section elementor-element elementor-element-e2bf3dd elementor-section-stretched elementor-section-boxed elementor-section-height-default elementor-section-height-default wpr-particle-no wpr-jarallax-no wpr-parallax-no wpr-sticky-section-no wpr-equal-height-no\" data-id=\"e2bf3dd\" data-element_type=\"section\" data-e-type=\"section\" data-settings=\"{&quot;stretch_section&quot;:&quot;section-stretched&quot;,&quot;background_background&quot;:&quot;classic&quot;}\">\n\t\t\t\t\t\t<div class=\"elementor-container elementor-column-gap-default\">\n\t\t\t\t\t<div class=\"elementor-column elementor-col-100 elementor-top-column elementor-element elementor-element-3f3c0ba\" data-id=\"3f3c0ba\" data-element_type=\"column\" data-e-type=\"column\">\n\t\t\t<div class=\"elementor-widget-wrap elementor-element-populated\">\n\t\t\t\t\t\t<div class=\"elementor-element elementor-element-d59c8e1 elementor-widget elementor-widget-heading\" data-id=\"d59c8e1\" data-element_type=\"widget\" data-e-type=\"widget\" data-widget_type=\"heading.default\">\n\t\t\t\t<div class=\"elementor-widget-container\">\n\t\t\t\t\t<h3 class=\"elementor-heading-title elementor-size-default\">Immigrant friend finds support with Legal Orientation tool<\/h3>\t\t\t\t<\/div>\n\t\t\t\t<\/div>\n\t\t\t\t<div class=\"elementor-element elementor-element-f089d63 elementor-widget elementor-widget-text-editor\" data-id=\"f089d63\" data-element_type=\"widget\" data-e-type=\"widget\" data-widget_type=\"text-editor.default\">\n\t\t\t\t<div class=\"elementor-widget-container\">\n\t\t\t\t\t\t\t\t\t<p>Hay muchos temas que son dif\u00edciles de abordar y que crean confusi\u00f3n sobre qui\u00e9nes pueden solicitar, cu\u00e1ndo deben solicitar, y c\u00f3mo deben solicitar su DACA.<\/p><p>Para aclarar estas dudas, <strong>Fundaci\u00f3n Carlos Slim<\/strong> cre\u00f3 el sitio web <a href=\"https:\/\/accesolatino.org\/en\/\">accesolatino.org<\/a> donde encontrar\u00e1s informaci\u00f3n espec\u00edfica sobre DACA.<\/p><p>Una de las herramientas que tenemos para ti es <a href=\"https:\/\/accesolatino.org\/en\/orientacion-legal\/\">\u201cOrientaci\u00f3n legal\u201d<\/a>, la cu\u00e1l te brindar\u00e1 el apoyo necesario dependiendo de cu\u00e1l sea tu situaci\u00f3n legal.<\/p><p>En nuestra herramienta legal, encontrar\u00e1s la tarjeta \u201cPreguntas frecuentes sobre DACA\u201d, en la cual encontrar\u00e1s asesor\u00eda sobre lo m\u00e1s reciente de DACA, al igual que las respuestas a las dudas m\u00e1s frecuentes sobre este programa, como son:<\/p><ul><li style=\"list-style-type: none;\"><ul><li style=\"list-style-type: none;\"><ul><li>When can I submit my DACA renewal application?<\/li><li>How long are DACA application approvals taking?<\/li><li>Can I travel abroad under the travel permit with my DACA?<\/li><li>What should I do if I have an encounter with immigration officials?<\/li><\/ul><\/li><\/ul><\/li><\/ul><p>Al igual que los \u201cdreamers\u201d, cualquier persona podr\u00e1 encontrar ayuda en material legal en<\/p><p>Acceso Latino tu primera ventana de consulta migratoria.<\/p>\t\t\t\t\t\t\t\t<\/div>\n\t\t\t\t<\/div>\n\t\t\t\t<div class=\"elementor-element elementor-element-758124a elementor-widget elementor-widget-spacer\" data-id=\"758124a\" data-element_type=\"widget\" data-e-type=\"widget\" data-widget_type=\"spacer.default\">\n\t\t\t\t<div class=\"elementor-widget-container\">\n\t\t\t\t\t\t\t<div class=\"elementor-spacer\">\n\t\t\t<div class=\"elementor-spacer-inner\"><\/div>\n\t\t<\/div>\n\t\t\t\t\t\t<\/div>\n\t\t\t\t<\/div>\n\t\t\t\t\t<\/div>\n\t\t<\/div>\n\t\t\t\t\t<\/div>\n\t\t<\/section>\n\t\t\t\t<\/div>","protected":false},"excerpt":{"rendered":"<p>Orientaci\u00f3n Legal Amigo inmigrante encuentra apoyo con la herramienta Orientaci\u00f3n Legal Hay muchos temas que son dif\u00edciles de abordar y que crean confusi\u00f3n sobre qui\u00e9nes pueden solicitar, cu\u00e1ndo deben solicitar, y c\u00f3mo deben solicitar su DACA. Para aclarar estas dudas, Fundaci\u00f3n Carlos Slim cre\u00f3 el sitio web accesolatino.org donde encontrar\u00e1s informaci\u00f3n espec\u00edfica sobre DACA. Una de las herramientas que tenemos para ti es \u201cOrientaci\u00f3n legal\u201d, la cu\u00e1l te brindar\u00e1 el apoyo necesario dependiendo de cu\u00e1l sea tu situaci\u00f3n legal. En nuestra herramienta legal, encontrar\u00e1s la tarjeta \u201cPreguntas frecuentes sobre DACA\u201d, en la cual encontrar\u00e1s asesor\u00eda sobre lo m\u00e1s reciente de DACA, al igual que las respuestas a las dudas m\u00e1s frecuentes sobre este programa, como son: \u00bfCu\u00e1ndo puedo presentar mi solicitud de renovaci\u00f3n de DACA? \u00bfCu\u00e1nto tiempo se est\u00e1n tardando las aprobaciones de solicitudes para DACA? \u00bfPuedo viajar al extranjero bajo el permiso de viaje con mi DACA? \u00bfQu\u00e9 debo hacer si tengo un encuentro con oficiales de Inmigraci\u00f3n? Al igual que los \u201cdreamers\u201d, cualquier persona podr\u00e1 encontrar ayuda en material legal en Acceso Latino tu primera ventana de consulta migratoria.<\/p>","protected":false},"author":8,"featured_media":17764,"parent":0,"menu_order":0,"comment_status":"closed","ping_status":"closed","template":"elementor_header_footer","meta":{"_uf_show_specific_survey":0,"_uf_disable_surveys":false,"footnotes":""},"class_list":["post-17763","page","type-page","status-publish","has-post-thumbnail"],"aioseo_notices":[],"yoast_head":"<!-- This site is optimized with the Yoast SEO plugin v27.4 - https:\/\/yoast.com\/product\/yoast-seo-wordpress\/ -->\n<title>Encuentra apoyo con la herramienta Orientaci\u00f3n Legal<\/title>\n<meta name=\"description\" content=\"Conoce todas las aplicaciones que te pueden ser de ayuda en todos los procesos de migraci\u00f3n legal - Acceso Latino\" \/>\n<meta name=\"robots\" content=\"index, follow, max-snippet:-1, max-image-preview:large, max-video-preview:-1\" \/>\n<link rel=\"canonical\" href=\"https:\/\/accesolatino.org\/en\/encuentra-apoyo-con-la-herramienta-orientacion-legal\/\" \/>\n<meta property=\"og:locale\" content=\"en_US\" \/>\n<meta property=\"og:type\" content=\"article\" \/>\n<meta property=\"og:title\" content=\"Acceso Latino | Amigo inmigrante encuentra apoyo con la herramienta Orientaci\u00f3n Legal\" \/>\n<meta property=\"og:description\" content=\"Conoce las aplicaciones que te pueden ser de ayuda en otros pa\u00edses.\" \/>\n<meta property=\"og:url\" content=\"https:\/\/accesolatino.org\/en\/encuentra-apoyo-con-la-herramienta-orientacion-legal\/\" \/>\n<meta property=\"og:site_name\" content=\"Acceso Latino\" \/>\n<meta property=\"article:publisher\" content=\"https:\/\/www.facebook.com\/AccesoLatinoOrg\" \/>\n<meta property=\"article:modified_time\" content=\"2025-10-16T21:25:54+00:00\" \/>\n<meta property=\"og:image\" content=\"https:\/\/accesolatino.org\/wp-content\/uploads\/2019\/06\/Amigo-inmigrante-encuentra-apoyo-con-la-herramienta-Orientaci\u00f3n-Legal.jpg\" \/>\n\t<meta property=\"og:image:width\" content=\"678\" \/>\n\t<meta property=\"og:image:height\" content=\"381\" \/>\n\t<meta property=\"og:image:type\" content=\"image\/jpeg\" \/>\n<meta name=\"twitter:card\" content=\"summary_large_image\" \/>\n<meta name=\"twitter:title\" content=\"Acceso Latino | Amigo inmigrante encuentra apoyo con la herramienta Orientaci\u00f3n Legal\" \/>\n<meta name=\"twitter:description\" content=\"Conoce las aplicaciones que te pueden ser de ayuda en otros pa\u00edses.\" \/>\n<meta name=\"twitter:image\" content=\"https:\/\/accesolatino.org\/wp-content\/uploads\/2019\/06\/Amigo-inmigrante-encuentra-apoyo-con-la-herramienta-Orientaci\u00f3n-Legal.jpg\" \/>\n<meta name=\"twitter:site\" content=\"@FAccLatino\" \/>\n<meta name=\"twitter:label1\" content=\"Est. reading time\" \/>\n\t<meta name=\"twitter:data1\" content=\"2 minutes\" \/>\n<script type=\"application\/ld+json\" class=\"yoast-schema-graph\">{\"@context\":\"https:\\\/\\\/schema.org\",\"@graph\":[{\"@type\":\"WebPage\",\"@id\":\"https:\\\/\\\/accesolatino.org\\\/en\\\/encuentra-apoyo-con-la-herramienta-orientacion-legal\\\/\",\"url\":\"https:\\\/\\\/accesolatino.org\\\/en\\\/encuentra-apoyo-con-la-herramienta-orientacion-legal\\\/\",\"name\":\"Encuentra apoyo con la herramienta Orientaci\u00f3n Legal\",\"isPartOf\":{\"@id\":\"https:\\\/\\\/accesolatino.org\\\/#website\"},\"primaryImageOfPage\":{\"@id\":\"https:\\\/\\\/accesolatino.org\\\/en\\\/encuentra-apoyo-con-la-herramienta-orientacion-legal\\\/#primaryimage\"},\"image\":{\"@id\":\"https:\\\/\\\/accesolatino.org\\\/en\\\/encuentra-apoyo-con-la-herramienta-orientacion-legal\\\/#primaryimage\"},\"thumbnailUrl\":\"https:\\\/\\\/accesolatino.org\\\/wp-content\\\/uploads\\\/2019\\\/06\\\/Amigo-inmigrante-encuentra-apoyo-con-la-herramienta-Orientaci\u00f3n-Legal.jpg\",\"datePublished\":\"2019-06-20T14:59:21+00:00\",\"dateModified\":\"2025-10-16T21:25:54+00:00\",\"description\":\"Conoce todas las aplicaciones que te pueden ser de ayuda en todos los procesos de migraci\u00f3n legal - Acceso Latino\",\"breadcrumb\":{\"@id\":\"https:\\\/\\\/accesolatino.org\\\/en\\\/encuentra-apoyo-con-la-herramienta-orientacion-legal\\\/#breadcrumb\"},\"inLanguage\":\"en-US\",\"potentialAction\":[{\"@type\":\"ReadAction\",\"target\":[\"https:\\\/\\\/accesolatino.org\\\/en\\\/encuentra-apoyo-con-la-herramienta-orientacion-legal\\\/\"]}]},{\"@type\":\"ImageObject\",\"inLanguage\":\"en-US\",\"@id\":\"https:\\\/\\\/accesolatino.org\\\/en\\\/encuentra-apoyo-con-la-herramienta-orientacion-legal\\\/#primaryimage\",\"url\":\"https:\\\/\\\/accesolatino.org\\\/wp-content\\\/uploads\\\/2019\\\/06\\\/Amigo-inmigrante-encuentra-apoyo-con-la-herramienta-Orientaci\u00f3n-Legal.jpg\",\"contentUrl\":\"https:\\\/\\\/accesolatino.org\\\/wp-content\\\/uploads\\\/2019\\\/06\\\/Amigo-inmigrante-encuentra-apoyo-con-la-herramienta-Orientaci\u00f3n-Legal.jpg\",\"width\":678,\"height\":381,\"caption\":\"orientaci\u00f3n legal\"},{\"@type\":\"BreadcrumbList\",\"@id\":\"https:\\\/\\\/accesolatino.org\\\/en\\\/encuentra-apoyo-con-la-herramienta-orientacion-legal\\\/#breadcrumb\",\"itemListElement\":[{\"@type\":\"ListItem\",\"position\":1,\"name\":\"Portada\",\"item\":\"https:\\\/\\\/accesolatino.org\\\/\"},{\"@type\":\"ListItem\",\"position\":2,\"name\":\"Amigo inmigrante encuentra apoyo con la herramienta Orientaci\u00f3n Legal\"}]},{\"@type\":\"WebSite\",\"@id\":\"https:\\\/\\\/accesolatino.org\\\/#website\",\"url\":\"https:\\\/\\\/accesolatino.org\\\/\",\"name\":\"Acceso Latino | Fundaci\u00f3n Carlos Slim\",\"description\":\"Fundaci\u00f3n Carlos Slim\",\"publisher\":{\"@id\":\"https:\\\/\\\/accesolatino.org\\\/#organization\"},\"potentialAction\":[{\"@type\":\"SearchAction\",\"target\":{\"@type\":\"EntryPoint\",\"urlTemplate\":\"https:\\\/\\\/accesolatino.org\\\/?s={search_term_string}\"},\"query-input\":{\"@type\":\"PropertyValueSpecification\",\"valueRequired\":true,\"valueName\":\"search_term_string\"}}],\"inLanguage\":\"en-US\"},{\"@type\":\"Organization\",\"@id\":\"https:\\\/\\\/accesolatino.org\\\/#organization\",\"name\":\"Acceso Latino | Fundaci\u00f3n Carlos Slim\",\"url\":\"https:\\\/\\\/accesolatino.org\\\/\",\"logo\":{\"@type\":\"ImageObject\",\"inLanguage\":\"en-US\",\"@id\":\"https:\\\/\\\/accesolatino.org\\\/#\\\/schema\\\/logo\\\/image\\\/\",\"url\":\"https:\\\/\\\/accesolatino.org\\\/wp-content\\\/uploads\\\/2021\\\/02\\\/logo-footer-acceso-latino.png\",\"contentUrl\":\"https:\\\/\\\/accesolatino.org\\\/wp-content\\\/uploads\\\/2021\\\/02\\\/logo-footer-acceso-latino.png\",\"width\":240,\"height\":40,\"caption\":\"Acceso Latino | Fundaci\u00f3n Carlos Slim\"},\"image\":{\"@id\":\"https:\\\/\\\/accesolatino.org\\\/#\\\/schema\\\/logo\\\/image\\\/\"},\"sameAs\":[\"https:\\\/\\\/www.facebook.com\\\/AccesoLatinoOrg\",\"https:\\\/\\\/x.com\\\/FAccLatino\"]}]}<\/script>\n<!-- \/ Yoast SEO plugin. -->","yoast_head_json":{"title":"Encuentra apoyo con la herramienta Orientaci\u00f3n Legal","description":"Conoce todas las aplicaciones que te pueden ser de ayuda en todos los procesos de migraci\u00f3n legal - Acceso Latino","robots":{"index":"index","follow":"follow","max-snippet":"max-snippet:-1","max-image-preview":"max-image-preview:large","max-video-preview":"max-video-preview:-1"},"canonical":"https:\/\/accesolatino.org\/en\/encuentra-apoyo-con-la-herramienta-orientacion-legal\/","og_locale":"en_US","og_type":"article","og_title":"Acceso Latino | Amigo inmigrante encuentra apoyo con la herramienta Orientaci\u00f3n Legal","og_description":"Conoce las aplicaciones que te pueden ser de ayuda en otros pa\u00edses.","og_url":"https:\/\/accesolatino.org\/en\/encuentra-apoyo-con-la-herramienta-orientacion-legal\/","og_site_name":"Acceso Latino","article_publisher":"https:\/\/www.facebook.com\/AccesoLatinoOrg","article_modified_time":"2025-10-16T21:25:54+00:00","og_image":[{"width":678,"height":381,"url":"https:\/\/accesolatino.org\/wp-content\/uploads\/2019\/06\/Amigo-inmigrante-encuentra-apoyo-con-la-herramienta-Orientaci\u00f3n-Legal.jpg","type":"image\/jpeg"}],"twitter_card":"summary_large_image","twitter_title":"Acceso Latino | Amigo inmigrante encuentra apoyo con la herramienta Orientaci\u00f3n Legal","twitter_description":"Conoce las aplicaciones que te pueden ser de ayuda en otros pa\u00edses.","twitter_image":"https:\/\/accesolatino.org\/wp-content\/uploads\/2019\/06\/Amigo-inmigrante-encuentra-apoyo-con-la-herramienta-Orientaci\u00f3n-Legal.jpg","twitter_site":"@FAccLatino","twitter_misc":{"Est. reading time":"2 minutes"},"schema":{"@context":"https:\/\/schema.org","@graph":[{"@type":"WebPage","@id":"https:\/\/accesolatino.org\/en\/encuentra-apoyo-con-la-herramienta-orientacion-legal\/","url":"https:\/\/accesolatino.org\/en\/encuentra-apoyo-con-la-herramienta-orientacion-legal\/","name":"Encuentra apoyo con la herramienta Orientaci\u00f3n Legal","isPartOf":{"@id":"https:\/\/accesolatino.org\/#website"},"primaryImageOfPage":{"@id":"https:\/\/accesolatino.org\/en\/encuentra-apoyo-con-la-herramienta-orientacion-legal\/#primaryimage"},"image":{"@id":"https:\/\/accesolatino.org\/en\/encuentra-apoyo-con-la-herramienta-orientacion-legal\/#primaryimage"},"thumbnailUrl":"https:\/\/accesolatino.org\/wp-content\/uploads\/2019\/06\/Amigo-inmigrante-encuentra-apoyo-con-la-herramienta-Orientaci\u00f3n-Legal.jpg","datePublished":"2019-06-20T14:59:21+00:00","dateModified":"2025-10-16T21:25:54+00:00","description":"Conoce todas las aplicaciones que te pueden ser de ayuda en todos los procesos de migraci\u00f3n legal - Acceso Latino","breadcrumb":{"@id":"https:\/\/accesolatino.org\/en\/encuentra-apoyo-con-la-herramienta-orientacion-legal\/#breadcrumb"},"inLanguage":"en-US","potentialAction":[{"@type":"ReadAction","target":["https:\/\/accesolatino.org\/en\/encuentra-apoyo-con-la-herramienta-orientacion-legal\/"]}]},{"@type":"ImageObject","inLanguage":"en-US","@id":"https:\/\/accesolatino.org\/en\/encuentra-apoyo-con-la-herramienta-orientacion-legal\/#primaryimage","url":"https:\/\/accesolatino.org\/wp-content\/uploads\/2019\/06\/Amigo-inmigrante-encuentra-apoyo-con-la-herramienta-Orientaci\u00f3n-Legal.jpg","contentUrl":"https:\/\/accesolatino.org\/wp-content\/uploads\/2019\/06\/Amigo-inmigrante-encuentra-apoyo-con-la-herramienta-Orientaci\u00f3n-Legal.jpg","width":678,"height":381,"caption":"orientaci\u00f3n legal"},{"@type":"BreadcrumbList","@id":"https:\/\/accesolatino.org\/en\/encuentra-apoyo-con-la-herramienta-orientacion-legal\/#breadcrumb","itemListElement":[{"@type":"ListItem","position":1,"name":"Portada","item":"https:\/\/accesolatino.org\/"},{"@type":"ListItem","position":2,"name":"Amigo inmigrante encuentra apoyo con la herramienta Orientaci\u00f3n Legal"}]},{"@type":"WebSite","@id":"https:\/\/accesolatino.org\/#website","url":"https:\/\/accesolatino.org\/","name":"Acceso Latino | Fundaci\u00f3n Carlos Slim","description":"Fundaci\u00f3n Carlos Slim","publisher":{"@id":"https:\/\/accesolatino.org\/#organization"},"potentialAction":[{"@type":"SearchAction","target":{"@type":"EntryPoint","urlTemplate":"https:\/\/accesolatino.org\/?s={search_term_string}"},"query-input":{"@type":"PropertyValueSpecification","valueRequired":true,"valueName":"search_term_string"}}],"inLanguage":"en-US"},{"@type":"Organization","@id":"https:\/\/accesolatino.org\/#organization","name":"Acceso Latino | Fundaci\u00f3n Carlos Slim","url":"https:\/\/accesolatino.org\/","logo":{"@type":"ImageObject","inLanguage":"en-US","@id":"https:\/\/accesolatino.org\/#\/schema\/logo\/image\/","url":"https:\/\/accesolatino.org\/wp-content\/uploads\/2021\/02\/logo-footer-acceso-latino.png","contentUrl":"https:\/\/accesolatino.org\/wp-content\/uploads\/2021\/02\/logo-footer-acceso-latino.png","width":240,"height":40,"caption":"Acceso Latino | Fundaci\u00f3n Carlos Slim"},"image":{"@id":"https:\/\/accesolatino.org\/#\/schema\/logo\/image\/"},"sameAs":["https:\/\/www.facebook.com\/AccesoLatinoOrg","https:\/\/x.com\/FAccLatino"]}]}},"_links":{"self":[{"href":"https:\/\/accesolatino.org\/en\/wp-json\/wp\/v2\/pages\/17763","targetHints":{"allow":["GET"]}}],"collection":[{"href":"https:\/\/accesolatino.org\/en\/wp-json\/wp\/v2\/pages"}],"about":[{"href":"https:\/\/accesolatino.org\/en\/wp-json\/wp\/v2\/types\/page"}],"author":[{"embeddable":true,"href":"https:\/\/accesolatino.org\/en\/wp-json\/wp\/v2\/users\/8"}],"replies":[{"embeddable":true,"href":"https:\/\/accesolatino.org\/en\/wp-json\/wp\/v2\/comments?post=17763"}],"version-history":[{"count":1,"href":"https:\/\/accesolatino.org\/en\/wp-json\/wp\/v2\/pages\/17763\/revisions"}],"predecessor-version":[{"id":64116,"href":"https:\/\/accesolatino.org\/en\/wp-json\/wp\/v2\/pages\/17763\/revisions\/64116"}],"wp:featuredmedia":[{"embeddable":true,"href":"https:\/\/accesolatino.org\/en\/wp-json\/wp\/v2\/media\/17764"}],"wp:attachment":[{"href":"https:\/\/accesolatino.org\/en\/wp-json\/wp\/v2\/media?parent=17763"}],"curies":[{"name":"wp","href":"https:\/\/api.w.org\/{rel}","templated":true}]}}