{"id":17717,"date":"2019-06-17T12:13:22","date_gmt":"2019-06-17T17:13:22","guid":{"rendered":"https:\/\/accesolatino.org\/?page_id=17717"},"modified":"2025-10-17T18:21:21","modified_gmt":"2025-10-18T00:21:21","slug":"ve-por-tu-licencia-en-el-estado-de-colorado","status":"publish","type":"page","link":"https:\/\/accesolatino.org\/en\/ve-por-tu-licencia-en-el-estado-de-colorado\/","title":{"rendered":"Ve por tu licencia en el estado de Colorado"},"content":{"rendered":"<div data-elementor-type=\"wp-post\" data-elementor-id=\"17717\" class=\"elementor elementor-17717\">\n\t\t\t\t\t\t<section class=\"elementor-section elementor-top-section elementor-element elementor-element-b3c9603 elementor-section-full_width elementor-section-height-min-height elementor-section-items-stretch elementor-section-height-default wpr-particle-no wpr-jarallax-no wpr-parallax-no wpr-sticky-section-no\" data-id=\"b3c9603\" data-element_type=\"section\" data-e-type=\"section\" data-settings=\"{&quot;background_background&quot;:&quot;classic&quot;}\">\n\t\t\t\t\t\t<div class=\"elementor-container elementor-column-gap-no\">\n\t\t\t\t\t<div class=\"elementor-column elementor-col-100 elementor-top-column elementor-element elementor-element-cfd4d80\" data-id=\"cfd4d80\" data-element_type=\"column\" data-e-type=\"column\">\n\t\t\t<div class=\"elementor-widget-wrap elementor-element-populated\">\n\t\t\t\t\t\t<div class=\"elementor-element elementor-element-8addcde elementor--h-position-center elementor--v-position-middle elementor-widget elementor-widget-slides\" data-id=\"8addcde\" data-element_type=\"widget\" data-e-type=\"widget\" data-settings=\"{&quot;navigation&quot;:&quot;none&quot;,&quot;infinite&quot;:&quot;yes&quot;,&quot;transition&quot;:&quot;slide&quot;,&quot;transition_speed&quot;:500}\" data-widget_type=\"slides.default\">\n\t\t\t\t<div class=\"elementor-widget-container\">\n\t\t\t\t\t\t\t<div class=\"elementor-swiper\">\n\t\t\t<div class=\"elementor-slides-wrapper elementor-main-swiper swiper-container\" dir=\"ltr\" data-animation=\"\">\n\t\t\t\t<div class=\"swiper-wrapper elementor-slides\">\n\t\t\t\t\t\t\t\t\t\t<div class=\"elementor-repeater-item-d983a28 swiper-slide\"><div class=\"swiper-slide-bg\"><\/div><div class=\"swiper-slide-inner\" ><div class=\"swiper-slide-contents\"><div class=\"elementor-slide-heading\">Processing of Licenses<\/div><\/div><\/div><\/div>\t\t\t\t<\/div>\n\t\t\t\t\t\t\t<\/div>\n\t\t<\/div>\n\t\t\t\t\t\t<\/div>\n\t\t\t\t<\/div>\n\t\t\t\t\t<\/div>\n\t\t<\/div>\n\t\t\t\t\t<\/div>\n\t\t<\/section>\n\t\t\t\t<section class=\"elementor-section elementor-top-section elementor-element elementor-element-0197f94 elementor-section-stretched elementor-section-boxed elementor-section-height-default elementor-section-height-default wpr-particle-no wpr-jarallax-no wpr-parallax-no wpr-sticky-section-no\" data-id=\"0197f94\" data-element_type=\"section\" data-e-type=\"section\" data-settings=\"{&quot;stretch_section&quot;:&quot;section-stretched&quot;,&quot;background_background&quot;:&quot;classic&quot;}\">\n\t\t\t\t\t\t<div class=\"elementor-container elementor-column-gap-default\">\n\t\t\t\t\t<div class=\"elementor-column elementor-col-100 elementor-top-column elementor-element elementor-element-35d1447\" data-id=\"35d1447\" data-element_type=\"column\" data-e-type=\"column\">\n\t\t\t<div class=\"elementor-widget-wrap elementor-element-populated\">\n\t\t\t\t\t\t<div class=\"elementor-element elementor-element-1b5c945 elementor-widget elementor-widget-heading\" data-id=\"1b5c945\" data-element_type=\"widget\" data-e-type=\"widget\" data-widget_type=\"heading.default\">\n\t\t\t\t<div class=\"elementor-widget-container\">\n\t\t\t\t\t<h3 class=\"elementor-heading-title elementor-size-default\">Undocumented friend go get your license in the state of Colorado.<\/h3>\t\t\t\t<\/div>\n\t\t\t\t<\/div>\n\t\t\t\t<div class=\"elementor-element elementor-element-f950d9a elementor-widget elementor-widget-text-editor\" data-id=\"f950d9a\" data-element_type=\"widget\" data-e-type=\"widget\" data-widget_type=\"text-editor.default\">\n\t\t\t\t<div class=\"elementor-widget-container\">\n\t\t\t\t\t\t\t\t\t<p>Undocumented friend go get your license in the state of Colorado.<strong>, <a href=\"https:\/\/accesolatino.org\/en\/\">Acceso Latino <\/a><\/strong>ve por ti y te apoya con informaci\u00f3n de gran ayuda para tu d\u00eda a d\u00eda en los Estados Unidos. Ingresa a la herramienta de <a href=\"https:\/\/accesolatino.org\/en\/licencias\/\"><strong>\u201cLicencias de Manejo\u201d <\/strong><\/a>y checa los documentos que necesitas para obtener tu licencia de manejo.<\/p><p>El estado \u00a0Colorado es uno de los que te da la oportunidad de este beneficio, en la tarjeta encontrar\u00e1s los requisitos necesarios para comenzar con tu proceso.<\/p><p>Tambi\u00e9n, te damos una gu\u00eda del estado de Colorado que te ayudar\u00e1 para que puedas realizar cada uno de los pasos y concluir tu tr\u00e1mite de licencia de manejo.<\/p><p>Algunos de los documentos que te ofrecemos para comenzar el proceso de tramitar tu licencia en Colorado son:<\/p><ul><li>Documento con la informaci\u00f3n necesaria para tramitar la licencia.<\/li><li>Gu\u00eda de preparaci\u00f3n para el examen.<\/li><li>Examen de la vista y te\u00f3rico.<\/li><\/ul><p>Recuerda que los estados que tenemos en esta secci\u00f3n, son aquellos donde puedes llevar a cabo el tramite tramitar para sacar tu licencia sin importar si eres migrante.<\/p>\t\t\t\t\t\t\t\t<\/div>\n\t\t\t\t<\/div>\n\t\t\t\t<div class=\"elementor-element elementor-element-e41a780 elementor-widget elementor-widget-spacer\" data-id=\"e41a780\" data-element_type=\"widget\" data-e-type=\"widget\" data-widget_type=\"spacer.default\">\n\t\t\t\t<div class=\"elementor-widget-container\">\n\t\t\t\t\t\t\t<div class=\"elementor-spacer\">\n\t\t\t<div class=\"elementor-spacer-inner\"><\/div>\n\t\t<\/div>\n\t\t\t\t\t\t<\/div>\n\t\t\t\t<\/div>\n\t\t\t\t\t<\/div>\n\t\t<\/div>\n\t\t\t\t\t<\/div>\n\t\t<\/section>\n\t\t\t\t<\/div>","protected":false},"excerpt":{"rendered":"<p>Tr\u00e1mite de Licencias Amigo indocumentado ve por tu licencia en el estado de Colorado Amigo indocumentado ve por tu licencia en el estado de Colorado, Acceso Latino ve por ti y te apoya con informaci\u00f3n de gran ayuda para tu d\u00eda a d\u00eda en los Estados Unidos. Ingresa a la herramienta de \u201cLicencias de Manejo\u201d y checa los documentos que necesitas para obtener tu licencia de manejo. El estado \u00a0Colorado es uno de los que te da la oportunidad de este beneficio, en la tarjeta encontrar\u00e1s los requisitos necesarios para comenzar con tu proceso. Tambi\u00e9n, te damos una gu\u00eda del estado de Colorado que te ayudar\u00e1 para que puedas realizar cada uno de los pasos y concluir tu tr\u00e1mite de licencia de manejo. Algunos de los documentos que te ofrecemos para comenzar el proceso de tramitar tu licencia en Colorado son: Documento con la informaci\u00f3n necesaria para tramitar la licencia. Gu\u00eda de preparaci\u00f3n para el examen. Examen de la vista y te\u00f3rico. Recuerda que los estados que tenemos en esta secci\u00f3n, son aquellos donde puedes llevar a cabo el tramite tramitar para sacar tu licencia sin importar si eres migrante.<\/p>","protected":false},"author":9,"featured_media":17722,"parent":0,"menu_order":0,"comment_status":"closed","ping_status":"closed","template":"elementor_header_footer","meta":{"_uf_show_specific_survey":0,"_uf_disable_surveys":false,"footnotes":""},"class_list":["post-17717","page","type-page","status-publish","has-post-thumbnail"],"aioseo_notices":[],"yoast_head":"<!-- This site is optimized with the Yoast SEO plugin v27.3 - https:\/\/yoast.com\/product\/yoast-seo-wordpress\/ -->\n<title>Ve por tu licencia en el estado de Colorado<\/title>\n<meta name=\"description\" content=\"Conoce todas las aplicaciones que te pueden ser de ayuda en todos los procesos de migraci\u00f3n legal - Acceso Latino\" \/>\n<meta name=\"robots\" content=\"index, follow, max-snippet:-1, max-image-preview:large, max-video-preview:-1\" \/>\n<link rel=\"canonical\" href=\"https:\/\/accesolatino.org\/en\/ve-por-tu-licencia-en-el-estado-de-colorado\/\" \/>\n<meta property=\"og:locale\" content=\"en_US\" \/>\n<meta property=\"og:type\" content=\"article\" \/>\n<meta property=\"og:title\" content=\"Acceso Latino | Ve por tu licencia en el estado de Colorado\" \/>\n<meta property=\"og:description\" content=\"Conoce las aplicaciones que te pueden ser de ayuda en otros pa\u00edses.\" \/>\n<meta property=\"og:url\" content=\"https:\/\/accesolatino.org\/en\/ve-por-tu-licencia-en-el-estado-de-colorado\/\" \/>\n<meta property=\"og:site_name\" content=\"Acceso Latino\" \/>\n<meta property=\"article:publisher\" content=\"https:\/\/www.facebook.com\/AccesoLatinoOrg\" \/>\n<meta property=\"article:modified_time\" content=\"2025-10-18T00:21:21+00:00\" \/>\n<meta property=\"og:image\" content=\"https:\/\/accesolatino.org\/wp-content\/uploads\/2019\/06\/Amigo-indocumentado-ve-por-tu-licencia-en-el-estado-de-Colorado.jpg\" \/>\n\t<meta property=\"og:image:width\" content=\"600\" \/>\n\t<meta property=\"og:image:height\" content=\"338\" \/>\n\t<meta property=\"og:image:type\" content=\"image\/jpeg\" \/>\n<meta name=\"twitter:card\" content=\"summary_large_image\" \/>\n<meta name=\"twitter:title\" content=\"Acceso Latino | Ve por tu licencia en el estado de Colorado\" \/>\n<meta name=\"twitter:description\" content=\"Conoce las aplicaciones que te pueden ser de ayuda en otros pa\u00edses.\" \/>\n<meta name=\"twitter:image\" content=\"https:\/\/accesolatino.org\/wp-content\/uploads\/2019\/06\/Amigo-indocumentado-ve-por-tu-licencia-en-el-estado-de-Colorado.jpg\" \/>\n<meta name=\"twitter:site\" content=\"@FAccLatino\" \/>\n<meta name=\"twitter:label1\" content=\"Est. reading time\" \/>\n\t<meta name=\"twitter:data1\" content=\"2 minutes\" \/>\n<script type=\"application\/ld+json\" class=\"yoast-schema-graph\">{\"@context\":\"https:\\\/\\\/schema.org\",\"@graph\":[{\"@type\":\"WebPage\",\"@id\":\"https:\\\/\\\/accesolatino.org\\\/en\\\/ve-por-tu-licencia-en-el-estado-de-colorado\\\/\",\"url\":\"https:\\\/\\\/accesolatino.org\\\/en\\\/ve-por-tu-licencia-en-el-estado-de-colorado\\\/\",\"name\":\"Ve por tu licencia en el estado de Colorado\",\"isPartOf\":{\"@id\":\"https:\\\/\\\/accesolatino.org\\\/#website\"},\"primaryImageOfPage\":{\"@id\":\"https:\\\/\\\/accesolatino.org\\\/en\\\/ve-por-tu-licencia-en-el-estado-de-colorado\\\/#primaryimage\"},\"image\":{\"@id\":\"https:\\\/\\\/accesolatino.org\\\/en\\\/ve-por-tu-licencia-en-el-estado-de-colorado\\\/#primaryimage\"},\"thumbnailUrl\":\"https:\\\/\\\/accesolatino.org\\\/wp-content\\\/uploads\\\/2019\\\/06\\\/Amigo-indocumentado-ve-por-tu-licencia-en-el-estado-de-Colorado.jpg\",\"datePublished\":\"2019-06-17T17:13:22+00:00\",\"dateModified\":\"2025-10-18T00:21:21+00:00\",\"description\":\"Conoce todas las aplicaciones que te pueden ser de ayuda en todos los procesos de migraci\u00f3n legal - Acceso Latino\",\"breadcrumb\":{\"@id\":\"https:\\\/\\\/accesolatino.org\\\/en\\\/ve-por-tu-licencia-en-el-estado-de-colorado\\\/#breadcrumb\"},\"inLanguage\":\"en-US\",\"potentialAction\":[{\"@type\":\"ReadAction\",\"target\":[\"https:\\\/\\\/accesolatino.org\\\/en\\\/ve-por-tu-licencia-en-el-estado-de-colorado\\\/\"]}]},{\"@type\":\"ImageObject\",\"inLanguage\":\"en-US\",\"@id\":\"https:\\\/\\\/accesolatino.org\\\/en\\\/ve-por-tu-licencia-en-el-estado-de-colorado\\\/#primaryimage\",\"url\":\"https:\\\/\\\/accesolatino.org\\\/wp-content\\\/uploads\\\/2019\\\/06\\\/Amigo-indocumentado-ve-por-tu-licencia-en-el-estado-de-Colorado.jpg\",\"contentUrl\":\"https:\\\/\\\/accesolatino.org\\\/wp-content\\\/uploads\\\/2019\\\/06\\\/Amigo-indocumentado-ve-por-tu-licencia-en-el-estado-de-Colorado.jpg\",\"width\":600,\"height\":338,\"caption\":\"licencia\"},{\"@type\":\"BreadcrumbList\",\"@id\":\"https:\\\/\\\/accesolatino.org\\\/en\\\/ve-por-tu-licencia-en-el-estado-de-colorado\\\/#breadcrumb\",\"itemListElement\":[{\"@type\":\"ListItem\",\"position\":1,\"name\":\"Portada\",\"item\":\"https:\\\/\\\/accesolatino.org\\\/\"},{\"@type\":\"ListItem\",\"position\":2,\"name\":\"Ve por tu licencia en el estado de Colorado\"}]},{\"@type\":\"WebSite\",\"@id\":\"https:\\\/\\\/accesolatino.org\\\/#website\",\"url\":\"https:\\\/\\\/accesolatino.org\\\/\",\"name\":\"Acceso Latino | Fundaci\u00f3n Carlos Slim\",\"description\":\"Fundaci\u00f3n Carlos Slim\",\"publisher\":{\"@id\":\"https:\\\/\\\/accesolatino.org\\\/#organization\"},\"potentialAction\":[{\"@type\":\"SearchAction\",\"target\":{\"@type\":\"EntryPoint\",\"urlTemplate\":\"https:\\\/\\\/accesolatino.org\\\/?s={search_term_string}\"},\"query-input\":{\"@type\":\"PropertyValueSpecification\",\"valueRequired\":true,\"valueName\":\"search_term_string\"}}],\"inLanguage\":\"en-US\"},{\"@type\":\"Organization\",\"@id\":\"https:\\\/\\\/accesolatino.org\\\/#organization\",\"name\":\"Acceso Latino | Fundaci\u00f3n Carlos Slim\",\"url\":\"https:\\\/\\\/accesolatino.org\\\/\",\"logo\":{\"@type\":\"ImageObject\",\"inLanguage\":\"en-US\",\"@id\":\"https:\\\/\\\/accesolatino.org\\\/#\\\/schema\\\/logo\\\/image\\\/\",\"url\":\"https:\\\/\\\/accesolatino.org\\\/wp-content\\\/uploads\\\/2021\\\/02\\\/logo-footer-acceso-latino.png\",\"contentUrl\":\"https:\\\/\\\/accesolatino.org\\\/wp-content\\\/uploads\\\/2021\\\/02\\\/logo-footer-acceso-latino.png\",\"width\":240,\"height\":40,\"caption\":\"Acceso Latino | Fundaci\u00f3n Carlos Slim\"},\"image\":{\"@id\":\"https:\\\/\\\/accesolatino.org\\\/#\\\/schema\\\/logo\\\/image\\\/\"},\"sameAs\":[\"https:\\\/\\\/www.facebook.com\\\/AccesoLatinoOrg\",\"https:\\\/\\\/x.com\\\/FAccLatino\"]}]}<\/script>\n<!-- \/ Yoast SEO plugin. -->","yoast_head_json":{"title":"Ve por tu licencia en el estado de Colorado","description":"Conoce todas las aplicaciones que te pueden ser de ayuda en todos los procesos de migraci\u00f3n legal - Acceso Latino","robots":{"index":"index","follow":"follow","max-snippet":"max-snippet:-1","max-image-preview":"max-image-preview:large","max-video-preview":"max-video-preview:-1"},"canonical":"https:\/\/accesolatino.org\/en\/ve-por-tu-licencia-en-el-estado-de-colorado\/","og_locale":"en_US","og_type":"article","og_title":"Acceso Latino | Ve por tu licencia en el estado de Colorado","og_description":"Conoce las aplicaciones que te pueden ser de ayuda en otros pa\u00edses.","og_url":"https:\/\/accesolatino.org\/en\/ve-por-tu-licencia-en-el-estado-de-colorado\/","og_site_name":"Acceso Latino","article_publisher":"https:\/\/www.facebook.com\/AccesoLatinoOrg","article_modified_time":"2025-10-18T00:21:21+00:00","og_image":[{"width":600,"height":338,"url":"https:\/\/accesolatino.org\/wp-content\/uploads\/2019\/06\/Amigo-indocumentado-ve-por-tu-licencia-en-el-estado-de-Colorado.jpg","type":"image\/jpeg"}],"twitter_card":"summary_large_image","twitter_title":"Acceso Latino | Ve por tu licencia en el estado de Colorado","twitter_description":"Conoce las aplicaciones que te pueden ser de ayuda en otros pa\u00edses.","twitter_image":"https:\/\/accesolatino.org\/wp-content\/uploads\/2019\/06\/Amigo-indocumentado-ve-por-tu-licencia-en-el-estado-de-Colorado.jpg","twitter_site":"@FAccLatino","twitter_misc":{"Est. reading time":"2 minutes"},"schema":{"@context":"https:\/\/schema.org","@graph":[{"@type":"WebPage","@id":"https:\/\/accesolatino.org\/en\/ve-por-tu-licencia-en-el-estado-de-colorado\/","url":"https:\/\/accesolatino.org\/en\/ve-por-tu-licencia-en-el-estado-de-colorado\/","name":"Ve por tu licencia en el estado de Colorado","isPartOf":{"@id":"https:\/\/accesolatino.org\/#website"},"primaryImageOfPage":{"@id":"https:\/\/accesolatino.org\/en\/ve-por-tu-licencia-en-el-estado-de-colorado\/#primaryimage"},"image":{"@id":"https:\/\/accesolatino.org\/en\/ve-por-tu-licencia-en-el-estado-de-colorado\/#primaryimage"},"thumbnailUrl":"https:\/\/accesolatino.org\/wp-content\/uploads\/2019\/06\/Amigo-indocumentado-ve-por-tu-licencia-en-el-estado-de-Colorado.jpg","datePublished":"2019-06-17T17:13:22+00:00","dateModified":"2025-10-18T00:21:21+00:00","description":"Conoce todas las aplicaciones que te pueden ser de ayuda en todos los procesos de migraci\u00f3n legal - Acceso Latino","breadcrumb":{"@id":"https:\/\/accesolatino.org\/en\/ve-por-tu-licencia-en-el-estado-de-colorado\/#breadcrumb"},"inLanguage":"en-US","potentialAction":[{"@type":"ReadAction","target":["https:\/\/accesolatino.org\/en\/ve-por-tu-licencia-en-el-estado-de-colorado\/"]}]},{"@type":"ImageObject","inLanguage":"en-US","@id":"https:\/\/accesolatino.org\/en\/ve-por-tu-licencia-en-el-estado-de-colorado\/#primaryimage","url":"https:\/\/accesolatino.org\/wp-content\/uploads\/2019\/06\/Amigo-indocumentado-ve-por-tu-licencia-en-el-estado-de-Colorado.jpg","contentUrl":"https:\/\/accesolatino.org\/wp-content\/uploads\/2019\/06\/Amigo-indocumentado-ve-por-tu-licencia-en-el-estado-de-Colorado.jpg","width":600,"height":338,"caption":"licencia"},{"@type":"BreadcrumbList","@id":"https:\/\/accesolatino.org\/en\/ve-por-tu-licencia-en-el-estado-de-colorado\/#breadcrumb","itemListElement":[{"@type":"ListItem","position":1,"name":"Portada","item":"https:\/\/accesolatino.org\/"},{"@type":"ListItem","position":2,"name":"Ve por tu licencia en el estado de Colorado"}]},{"@type":"WebSite","@id":"https:\/\/accesolatino.org\/#website","url":"https:\/\/accesolatino.org\/","name":"Acceso Latino | Fundaci\u00f3n Carlos Slim","description":"Fundaci\u00f3n Carlos Slim","publisher":{"@id":"https:\/\/accesolatino.org\/#organization"},"potentialAction":[{"@type":"SearchAction","target":{"@type":"EntryPoint","urlTemplate":"https:\/\/accesolatino.org\/?s={search_term_string}"},"query-input":{"@type":"PropertyValueSpecification","valueRequired":true,"valueName":"search_term_string"}}],"inLanguage":"en-US"},{"@type":"Organization","@id":"https:\/\/accesolatino.org\/#organization","name":"Acceso Latino | Fundaci\u00f3n Carlos Slim","url":"https:\/\/accesolatino.org\/","logo":{"@type":"ImageObject","inLanguage":"en-US","@id":"https:\/\/accesolatino.org\/#\/schema\/logo\/image\/","url":"https:\/\/accesolatino.org\/wp-content\/uploads\/2021\/02\/logo-footer-acceso-latino.png","contentUrl":"https:\/\/accesolatino.org\/wp-content\/uploads\/2021\/02\/logo-footer-acceso-latino.png","width":240,"height":40,"caption":"Acceso Latino | Fundaci\u00f3n Carlos Slim"},"image":{"@id":"https:\/\/accesolatino.org\/#\/schema\/logo\/image\/"},"sameAs":["https:\/\/www.facebook.com\/AccesoLatinoOrg","https:\/\/x.com\/FAccLatino"]}]}},"_links":{"self":[{"href":"https:\/\/accesolatino.org\/en\/wp-json\/wp\/v2\/pages\/17717","targetHints":{"allow":["GET"]}}],"collection":[{"href":"https:\/\/accesolatino.org\/en\/wp-json\/wp\/v2\/pages"}],"about":[{"href":"https:\/\/accesolatino.org\/en\/wp-json\/wp\/v2\/types\/page"}],"author":[{"embeddable":true,"href":"https:\/\/accesolatino.org\/en\/wp-json\/wp\/v2\/users\/9"}],"replies":[{"embeddable":true,"href":"https:\/\/accesolatino.org\/en\/wp-json\/wp\/v2\/comments?post=17717"}],"version-history":[{"count":1,"href":"https:\/\/accesolatino.org\/en\/wp-json\/wp\/v2\/pages\/17717\/revisions"}],"predecessor-version":[{"id":64118,"href":"https:\/\/accesolatino.org\/en\/wp-json\/wp\/v2\/pages\/17717\/revisions\/64118"}],"wp:featuredmedia":[{"embeddable":true,"href":"https:\/\/accesolatino.org\/en\/wp-json\/wp\/v2\/media\/17722"}],"wp:attachment":[{"href":"https:\/\/accesolatino.org\/en\/wp-json\/wp\/v2\/media?parent=17717"}],"curies":[{"name":"wp","href":"https:\/\/api.w.org\/{rel}","templated":true}]}}