{"id":17661,"date":"2019-06-07T11:07:34","date_gmt":"2019-06-07T16:07:34","guid":{"rendered":"https:\/\/accesolatino.org\/?page_id=17661"},"modified":"2025-10-17T17:15:37","modified_gmt":"2025-10-17T23:15:37","slug":"la-herramienta-de-asume-te-ayuda-a-desarrollarte","status":"publish","type":"page","link":"https:\/\/accesolatino.org\/en\/la-herramienta-de-asume-te-ayuda-a-desarrollarte\/","title":{"rendered":"La herramienta de Asume te ayuda a desarrollarte"},"content":{"rendered":"<div data-elementor-type=\"wp-post\" data-elementor-id=\"17661\" class=\"elementor elementor-17661\">\n\t\t\t\t\t\t<section class=\"elementor-section elementor-top-section elementor-element elementor-element-eda1bf5 elementor-section-full_width elementor-section-height-min-height elementor-section-items-stretch elementor-section-height-default wpr-particle-no wpr-jarallax-no wpr-parallax-no wpr-sticky-section-no wpr-equal-height-no\" data-id=\"eda1bf5\" data-element_type=\"section\" data-e-type=\"section\" data-settings=\"{&quot;background_background&quot;:&quot;classic&quot;}\">\n\t\t\t\t\t\t<div class=\"elementor-container elementor-column-gap-no\">\n\t\t\t\t\t<div class=\"elementor-column elementor-col-100 elementor-top-column elementor-element elementor-element-c8244df\" data-id=\"c8244df\" data-element_type=\"column\" data-e-type=\"column\">\n\t\t\t<div class=\"elementor-widget-wrap elementor-element-populated\">\n\t\t\t\t\t\t<div class=\"elementor-element elementor-element-6399ae8 elementor--h-position-center elementor--v-position-middle elementor-widget elementor-widget-slides\" data-id=\"6399ae8\" data-element_type=\"widget\" data-e-type=\"widget\" data-settings=\"{&quot;navigation&quot;:&quot;none&quot;,&quot;infinite&quot;:&quot;yes&quot;,&quot;transition&quot;:&quot;slide&quot;,&quot;transition_speed&quot;:500}\" data-widget_type=\"slides.default\">\n\t\t\t\t<div class=\"elementor-widget-container\">\n\t\t\t\t\t\t\t<div class=\"elementor-swiper\">\n\t\t\t<div class=\"elementor-slides-wrapper elementor-main-swiper swiper-container\" dir=\"ltr\" data-animation=\"\">\n\t\t\t\t<div class=\"swiper-wrapper elementor-slides\">\n\t\t\t\t\t\t\t\t\t\t<div class=\"elementor-repeater-item-d983a28 swiper-slide\"><div class=\"swiper-slide-bg\"><\/div><div class=\"swiper-slide-inner\" ><div class=\"swiper-slide-contents\"><div class=\"elementor-slide-heading\">Education<\/div><\/div><\/div><\/div>\t\t\t\t<\/div>\n\t\t\t\t\t\t\t<\/div>\n\t\t<\/div>\n\t\t\t\t\t\t<\/div>\n\t\t\t\t<\/div>\n\t\t\t\t\t<\/div>\n\t\t<\/div>\n\t\t\t\t\t<\/div>\n\t\t<\/section>\n\t\t\t\t<section class=\"elementor-section elementor-top-section elementor-element elementor-element-2bc66af elementor-section-stretched elementor-section-boxed elementor-section-height-default elementor-section-height-default wpr-particle-no wpr-jarallax-no wpr-parallax-no wpr-sticky-section-no wpr-equal-height-no\" data-id=\"2bc66af\" data-element_type=\"section\" data-e-type=\"section\" data-settings=\"{&quot;stretch_section&quot;:&quot;section-stretched&quot;,&quot;background_background&quot;:&quot;classic&quot;}\">\n\t\t\t\t\t\t<div class=\"elementor-container elementor-column-gap-default\">\n\t\t\t\t\t<div class=\"elementor-column elementor-col-100 elementor-top-column elementor-element elementor-element-6bc73d1\" data-id=\"6bc73d1\" data-element_type=\"column\" data-e-type=\"column\">\n\t\t\t<div class=\"elementor-widget-wrap elementor-element-populated\">\n\t\t\t\t\t\t<div class=\"elementor-element elementor-element-731dfa6 elementor-widget elementor-widget-heading\" data-id=\"731dfa6\" data-element_type=\"widget\" data-e-type=\"widget\" data-widget_type=\"heading.default\">\n\t\t\t\t<div class=\"elementor-widget-container\">\n\t\t\t\t\t<h3 class=\"elementor-heading-title elementor-size-default\">La herramienta de Asume te ayuda a desarrollarte <\/h3>\t\t\t\t<\/div>\n\t\t\t\t<\/div>\n\t\t\t\t<div class=\"elementor-element elementor-element-948c951 elementor-widget elementor-widget-text-editor\" data-id=\"948c951\" data-element_type=\"widget\" data-e-type=\"widget\" data-widget_type=\"text-editor.default\">\n\t\t\t\t<div class=\"elementor-widget-container\">\n\t\t\t\t\t\t\t\t\t<p>No importando donde est\u00e9s, para tu desarrollo y mejora de vida ponemos a tu alcance el Programa de Desarrollo Humano que tiene como fin dar apoyo a todas las personas que busquen superarse, mediante la fomentaci\u00f3n de valores, haciendo a las personas felices con buenas actividades, ayudarlos a comprometerse con ellos mismos, su familia y su trabajo.<\/p><p>Ingresa a nuestra secci\u00f3n de <a href=\"https:\/\/accesolatino.org\/en\/educacion\/\">\u201cEducaci\u00f3n\u201d<\/a> y da clic en nuestra tarjeta de \u201cASUME\u201d. Al entrar a la tarjeta, encontrar\u00e1s nuestra herramienta donde podr\u00e1s descargar la APP. Es importante que sepas que todo esto te puede ayudar para tener un mejor futuro y una vida productiva para ti y los tuyos.<\/p><p>Fundaci\u00f3n Carlos Slim se ha preocupado por todos los inmigrantes, y ha buscado que todos tengan una mayor estabilidad emocional y educativa con la plataforma de Acceso Latino.<\/p><p>Con esta herramienta te ayudaremos a obtener la realizaci\u00f3n en los ocho aspectos de las personas:<\/p><ul><li>F\u00edsico<\/li><li>Econ\u00f3mico<\/li><li>Est\u00e9tico<\/li><li>Afectivo<\/li><li>Intelectual<\/li><li>Social<\/li><li>Moral y<\/li><li>Econ\u00f3mico<\/li><\/ul><p>Acceso Latino your immigration support portal.<\/p>\t\t\t\t\t\t\t\t<\/div>\n\t\t\t\t<\/div>\n\t\t\t\t<div class=\"elementor-element elementor-element-5eb3b97 elementor-widget elementor-widget-spacer\" data-id=\"5eb3b97\" data-element_type=\"widget\" data-e-type=\"widget\" data-widget_type=\"spacer.default\">\n\t\t\t\t<div class=\"elementor-widget-container\">\n\t\t\t\t\t\t\t<div class=\"elementor-spacer\">\n\t\t\t<div class=\"elementor-spacer-inner\"><\/div>\n\t\t<\/div>\n\t\t\t\t\t\t<\/div>\n\t\t\t\t<\/div>\n\t\t\t\t\t<\/div>\n\t\t<\/div>\n\t\t\t\t\t<\/div>\n\t\t<\/section>\n\t\t\t\t<\/div>","protected":false},"excerpt":{"rendered":"<p>Educaci\u00f3n La herramienta de Asume te ayuda a desarrollarte No importando donde est\u00e9s, para tu desarrollo y mejora de vida ponemos a tu alcance el Programa de Desarrollo Humano que tiene como fin dar apoyo a todas las personas que busquen superarse, mediante la fomentaci\u00f3n de valores, haciendo a las personas felices con buenas actividades, ayudarlos a comprometerse con ellos mismos, su familia y su trabajo. Ingresa a nuestra secci\u00f3n de \u201cEducaci\u00f3n\u201d y da clic en nuestra tarjeta de \u201cASUME\u201d. Al entrar a la tarjeta, encontrar\u00e1s nuestra herramienta donde podr\u00e1s descargar la APP. Es importante que sepas que todo esto te puede ayudar para tener un mejor futuro y una vida productiva para ti y los tuyos. Fundaci\u00f3n Carlos Slim se ha preocupado por todos los inmigrantes, y ha buscado que todos tengan una mayor estabilidad emocional y educativa con la plataforma de Acceso Latino. Con esta herramienta te ayudaremos a obtener la realizaci\u00f3n en los ocho aspectos de las personas: F\u00edsico Econ\u00f3mico Est\u00e9tico Afectivo Intelectual Social Moral y Econ\u00f3mico Acceso Latino tu portal de apoyo migratorio.<\/p>","protected":false},"author":7,"featured_media":17649,"parent":0,"menu_order":0,"comment_status":"closed","ping_status":"closed","template":"elementor_header_footer","meta":{"_uf_show_specific_survey":0,"_uf_disable_surveys":false,"footnotes":""},"class_list":["post-17661","page","type-page","status-publish","has-post-thumbnail"],"aioseo_notices":[],"yoast_head":"<!-- This site is optimized with the Yoast SEO plugin v27.4 - https:\/\/yoast.com\/product\/yoast-seo-wordpress\/ -->\n<title>La herramienta de Asume te ayuda a desarrollarte<\/title>\n<meta name=\"description\" content=\"Educaci\u00f3n: La herramienta de\u00a0Asume\u00a0te ayuda a desarrollarte No importando donde est\u00e9s, para tu desarrollo y mejora de vida ponemos a tu...\" \/>\n<meta name=\"robots\" content=\"index, follow, max-snippet:-1, max-image-preview:large, max-video-preview:-1\" \/>\n<link rel=\"canonical\" href=\"https:\/\/accesolatino.org\/en\/la-herramienta-de-asume-te-ayuda-a-desarrollarte\/\" \/>\n<meta property=\"og:locale\" content=\"en_US\" \/>\n<meta property=\"og:type\" content=\"article\" \/>\n<meta property=\"og:title\" content=\"Acceso Latino | La herramienta de Asume te ayuda a desarrollarte\" \/>\n<meta property=\"og:description\" content=\"La herramienta de Asume te ayuda a desarrollarte\" \/>\n<meta property=\"og:url\" content=\"https:\/\/accesolatino.org\/en\/la-herramienta-de-asume-te-ayuda-a-desarrollarte\/\" \/>\n<meta property=\"og:site_name\" content=\"Acceso Latino\" \/>\n<meta property=\"article:publisher\" content=\"https:\/\/www.facebook.com\/AccesoLatinoOrg\" \/>\n<meta property=\"article:modified_time\" content=\"2025-10-17T23:15:37+00:00\" \/>\n<meta property=\"og:image\" content=\"https:\/\/accesolatino.org\/wp-content\/uploads\/2019\/06\/La-herramienta-de-Asume-te-ayuda-a-desarrollarte.jpg\" \/>\n\t<meta property=\"og:image:width\" content=\"600\" \/>\n\t<meta property=\"og:image:height\" content=\"338\" \/>\n\t<meta property=\"og:image:type\" content=\"image\/jpeg\" \/>\n<meta name=\"twitter:card\" content=\"summary_large_image\" \/>\n<meta name=\"twitter:title\" content=\"Acceso Latino | La herramienta de Asume te ayuda a desarrollarte\" \/>\n<meta name=\"twitter:description\" content=\"La herramienta de Asume te ayuda a desarrollarte\" \/>\n<meta name=\"twitter:image\" content=\"https:\/\/accesolatino.org\/wp-content\/uploads\/2019\/06\/La-herramienta-de-Asume-te-ayuda-a-desarrollarte.jpg\" \/>\n<meta name=\"twitter:site\" content=\"@FAccLatino\" \/>\n<meta name=\"twitter:label1\" content=\"Est. reading time\" \/>\n\t<meta name=\"twitter:data1\" content=\"2 minutes\" \/>\n<script type=\"application\/ld+json\" class=\"yoast-schema-graph\">{\"@context\":\"https:\\\/\\\/schema.org\",\"@graph\":[{\"@type\":\"WebPage\",\"@id\":\"https:\\\/\\\/accesolatino.org\\\/en\\\/la-herramienta-de-asume-te-ayuda-a-desarrollarte\\\/\",\"url\":\"https:\\\/\\\/accesolatino.org\\\/en\\\/la-herramienta-de-asume-te-ayuda-a-desarrollarte\\\/\",\"name\":\"La herramienta de Asume te ayuda a desarrollarte\",\"isPartOf\":{\"@id\":\"https:\\\/\\\/accesolatino.org\\\/#website\"},\"primaryImageOfPage\":{\"@id\":\"https:\\\/\\\/accesolatino.org\\\/en\\\/la-herramienta-de-asume-te-ayuda-a-desarrollarte\\\/#primaryimage\"},\"image\":{\"@id\":\"https:\\\/\\\/accesolatino.org\\\/en\\\/la-herramienta-de-asume-te-ayuda-a-desarrollarte\\\/#primaryimage\"},\"thumbnailUrl\":\"https:\\\/\\\/accesolatino.org\\\/wp-content\\\/uploads\\\/2019\\\/06\\\/La-herramienta-de-Asume-te-ayuda-a-desarrollarte.jpg\",\"datePublished\":\"2019-06-07T16:07:34+00:00\",\"dateModified\":\"2025-10-17T23:15:37+00:00\",\"description\":\"Educaci\u00f3n: La herramienta de\u00a0Asume\u00a0te ayuda a desarrollarte No importando donde est\u00e9s, para tu desarrollo y mejora de vida ponemos a tu...\",\"breadcrumb\":{\"@id\":\"https:\\\/\\\/accesolatino.org\\\/en\\\/la-herramienta-de-asume-te-ayuda-a-desarrollarte\\\/#breadcrumb\"},\"inLanguage\":\"en-US\",\"potentialAction\":[{\"@type\":\"ReadAction\",\"target\":[\"https:\\\/\\\/accesolatino.org\\\/en\\\/la-herramienta-de-asume-te-ayuda-a-desarrollarte\\\/\"]}]},{\"@type\":\"ImageObject\",\"inLanguage\":\"en-US\",\"@id\":\"https:\\\/\\\/accesolatino.org\\\/en\\\/la-herramienta-de-asume-te-ayuda-a-desarrollarte\\\/#primaryimage\",\"url\":\"https:\\\/\\\/accesolatino.org\\\/wp-content\\\/uploads\\\/2019\\\/06\\\/La-herramienta-de-Asume-te-ayuda-a-desarrollarte.jpg\",\"contentUrl\":\"https:\\\/\\\/accesolatino.org\\\/wp-content\\\/uploads\\\/2019\\\/06\\\/La-herramienta-de-Asume-te-ayuda-a-desarrollarte.jpg\",\"width\":600,\"height\":338,\"caption\":\"asume\"},{\"@type\":\"BreadcrumbList\",\"@id\":\"https:\\\/\\\/accesolatino.org\\\/en\\\/la-herramienta-de-asume-te-ayuda-a-desarrollarte\\\/#breadcrumb\",\"itemListElement\":[{\"@type\":\"ListItem\",\"position\":1,\"name\":\"Portada\",\"item\":\"https:\\\/\\\/accesolatino.org\\\/\"},{\"@type\":\"ListItem\",\"position\":2,\"name\":\"La herramienta de Asume te ayuda a desarrollarte\"}]},{\"@type\":\"WebSite\",\"@id\":\"https:\\\/\\\/accesolatino.org\\\/#website\",\"url\":\"https:\\\/\\\/accesolatino.org\\\/\",\"name\":\"Acceso Latino | Fundaci\u00f3n Carlos Slim\",\"description\":\"Fundaci\u00f3n Carlos Slim\",\"publisher\":{\"@id\":\"https:\\\/\\\/accesolatino.org\\\/#organization\"},\"potentialAction\":[{\"@type\":\"SearchAction\",\"target\":{\"@type\":\"EntryPoint\",\"urlTemplate\":\"https:\\\/\\\/accesolatino.org\\\/?s={search_term_string}\"},\"query-input\":{\"@type\":\"PropertyValueSpecification\",\"valueRequired\":true,\"valueName\":\"search_term_string\"}}],\"inLanguage\":\"en-US\"},{\"@type\":\"Organization\",\"@id\":\"https:\\\/\\\/accesolatino.org\\\/#organization\",\"name\":\"Acceso Latino | Fundaci\u00f3n Carlos Slim\",\"url\":\"https:\\\/\\\/accesolatino.org\\\/\",\"logo\":{\"@type\":\"ImageObject\",\"inLanguage\":\"en-US\",\"@id\":\"https:\\\/\\\/accesolatino.org\\\/#\\\/schema\\\/logo\\\/image\\\/\",\"url\":\"https:\\\/\\\/accesolatino.org\\\/wp-content\\\/uploads\\\/2021\\\/02\\\/logo-footer-acceso-latino.png\",\"contentUrl\":\"https:\\\/\\\/accesolatino.org\\\/wp-content\\\/uploads\\\/2021\\\/02\\\/logo-footer-acceso-latino.png\",\"width\":240,\"height\":40,\"caption\":\"Acceso Latino | Fundaci\u00f3n Carlos Slim\"},\"image\":{\"@id\":\"https:\\\/\\\/accesolatino.org\\\/#\\\/schema\\\/logo\\\/image\\\/\"},\"sameAs\":[\"https:\\\/\\\/www.facebook.com\\\/AccesoLatinoOrg\",\"https:\\\/\\\/x.com\\\/FAccLatino\"]}]}<\/script>\n<!-- \/ Yoast SEO plugin. -->","yoast_head_json":{"title":"La herramienta de Asume te ayuda a desarrollarte","description":"Educaci\u00f3n: La herramienta de\u00a0Asume\u00a0te ayuda a desarrollarte No importando donde est\u00e9s, para tu desarrollo y mejora de vida ponemos a tu...","robots":{"index":"index","follow":"follow","max-snippet":"max-snippet:-1","max-image-preview":"max-image-preview:large","max-video-preview":"max-video-preview:-1"},"canonical":"https:\/\/accesolatino.org\/en\/la-herramienta-de-asume-te-ayuda-a-desarrollarte\/","og_locale":"en_US","og_type":"article","og_title":"Acceso Latino | La herramienta de Asume te ayuda a desarrollarte","og_description":"La herramienta de Asume te ayuda a desarrollarte","og_url":"https:\/\/accesolatino.org\/en\/la-herramienta-de-asume-te-ayuda-a-desarrollarte\/","og_site_name":"Acceso Latino","article_publisher":"https:\/\/www.facebook.com\/AccesoLatinoOrg","article_modified_time":"2025-10-17T23:15:37+00:00","og_image":[{"width":600,"height":338,"url":"https:\/\/accesolatino.org\/wp-content\/uploads\/2019\/06\/La-herramienta-de-Asume-te-ayuda-a-desarrollarte.jpg","type":"image\/jpeg"}],"twitter_card":"summary_large_image","twitter_title":"Acceso Latino | La herramienta de Asume te ayuda a desarrollarte","twitter_description":"La herramienta de Asume te ayuda a desarrollarte","twitter_image":"https:\/\/accesolatino.org\/wp-content\/uploads\/2019\/06\/La-herramienta-de-Asume-te-ayuda-a-desarrollarte.jpg","twitter_site":"@FAccLatino","twitter_misc":{"Est. reading time":"2 minutes"},"schema":{"@context":"https:\/\/schema.org","@graph":[{"@type":"WebPage","@id":"https:\/\/accesolatino.org\/en\/la-herramienta-de-asume-te-ayuda-a-desarrollarte\/","url":"https:\/\/accesolatino.org\/en\/la-herramienta-de-asume-te-ayuda-a-desarrollarte\/","name":"La herramienta de Asume te ayuda a desarrollarte","isPartOf":{"@id":"https:\/\/accesolatino.org\/#website"},"primaryImageOfPage":{"@id":"https:\/\/accesolatino.org\/en\/la-herramienta-de-asume-te-ayuda-a-desarrollarte\/#primaryimage"},"image":{"@id":"https:\/\/accesolatino.org\/en\/la-herramienta-de-asume-te-ayuda-a-desarrollarte\/#primaryimage"},"thumbnailUrl":"https:\/\/accesolatino.org\/wp-content\/uploads\/2019\/06\/La-herramienta-de-Asume-te-ayuda-a-desarrollarte.jpg","datePublished":"2019-06-07T16:07:34+00:00","dateModified":"2025-10-17T23:15:37+00:00","description":"Educaci\u00f3n: La herramienta de\u00a0Asume\u00a0te ayuda a desarrollarte No importando donde est\u00e9s, para tu desarrollo y mejora de vida ponemos a tu...","breadcrumb":{"@id":"https:\/\/accesolatino.org\/en\/la-herramienta-de-asume-te-ayuda-a-desarrollarte\/#breadcrumb"},"inLanguage":"en-US","potentialAction":[{"@type":"ReadAction","target":["https:\/\/accesolatino.org\/en\/la-herramienta-de-asume-te-ayuda-a-desarrollarte\/"]}]},{"@type":"ImageObject","inLanguage":"en-US","@id":"https:\/\/accesolatino.org\/en\/la-herramienta-de-asume-te-ayuda-a-desarrollarte\/#primaryimage","url":"https:\/\/accesolatino.org\/wp-content\/uploads\/2019\/06\/La-herramienta-de-Asume-te-ayuda-a-desarrollarte.jpg","contentUrl":"https:\/\/accesolatino.org\/wp-content\/uploads\/2019\/06\/La-herramienta-de-Asume-te-ayuda-a-desarrollarte.jpg","width":600,"height":338,"caption":"asume"},{"@type":"BreadcrumbList","@id":"https:\/\/accesolatino.org\/en\/la-herramienta-de-asume-te-ayuda-a-desarrollarte\/#breadcrumb","itemListElement":[{"@type":"ListItem","position":1,"name":"Portada","item":"https:\/\/accesolatino.org\/"},{"@type":"ListItem","position":2,"name":"La herramienta de Asume te ayuda a desarrollarte"}]},{"@type":"WebSite","@id":"https:\/\/accesolatino.org\/#website","url":"https:\/\/accesolatino.org\/","name":"Acceso Latino | Fundaci\u00f3n Carlos Slim","description":"Fundaci\u00f3n Carlos Slim","publisher":{"@id":"https:\/\/accesolatino.org\/#organization"},"potentialAction":[{"@type":"SearchAction","target":{"@type":"EntryPoint","urlTemplate":"https:\/\/accesolatino.org\/?s={search_term_string}"},"query-input":{"@type":"PropertyValueSpecification","valueRequired":true,"valueName":"search_term_string"}}],"inLanguage":"en-US"},{"@type":"Organization","@id":"https:\/\/accesolatino.org\/#organization","name":"Acceso Latino | Fundaci\u00f3n Carlos Slim","url":"https:\/\/accesolatino.org\/","logo":{"@type":"ImageObject","inLanguage":"en-US","@id":"https:\/\/accesolatino.org\/#\/schema\/logo\/image\/","url":"https:\/\/accesolatino.org\/wp-content\/uploads\/2021\/02\/logo-footer-acceso-latino.png","contentUrl":"https:\/\/accesolatino.org\/wp-content\/uploads\/2021\/02\/logo-footer-acceso-latino.png","width":240,"height":40,"caption":"Acceso Latino | Fundaci\u00f3n Carlos Slim"},"image":{"@id":"https:\/\/accesolatino.org\/#\/schema\/logo\/image\/"},"sameAs":["https:\/\/www.facebook.com\/AccesoLatinoOrg","https:\/\/x.com\/FAccLatino"]}]}},"_links":{"self":[{"href":"https:\/\/accesolatino.org\/en\/wp-json\/wp\/v2\/pages\/17661","targetHints":{"allow":["GET"]}}],"collection":[{"href":"https:\/\/accesolatino.org\/en\/wp-json\/wp\/v2\/pages"}],"about":[{"href":"https:\/\/accesolatino.org\/en\/wp-json\/wp\/v2\/types\/page"}],"author":[{"embeddable":true,"href":"https:\/\/accesolatino.org\/en\/wp-json\/wp\/v2\/users\/7"}],"replies":[{"embeddable":true,"href":"https:\/\/accesolatino.org\/en\/wp-json\/wp\/v2\/comments?post=17661"}],"version-history":[{"count":1,"href":"https:\/\/accesolatino.org\/en\/wp-json\/wp\/v2\/pages\/17661\/revisions"}],"predecessor-version":[{"id":64248,"href":"https:\/\/accesolatino.org\/en\/wp-json\/wp\/v2\/pages\/17661\/revisions\/64248"}],"wp:featuredmedia":[{"embeddable":true,"href":"https:\/\/accesolatino.org\/en\/wp-json\/wp\/v2\/media\/17649"}],"wp:attachment":[{"href":"https:\/\/accesolatino.org\/en\/wp-json\/wp\/v2\/media?parent=17661"}],"curies":[{"name":"wp","href":"https:\/\/api.w.org\/{rel}","templated":true}]}}