{"id":17644,"date":"2019-06-06T10:51:19","date_gmt":"2019-06-06T15:51:19","guid":{"rendered":"https:\/\/accesolatino.org\/?page_id=17644"},"modified":"2025-10-16T16:09:25","modified_gmt":"2025-10-16T22:09:25","slug":"capacitate-acceso-latino-te-da-las-herramientas","status":"publish","type":"page","link":"https:\/\/accesolatino.org\/en\/buscas-empleo\/capacitate-acceso-latino-te-da-las-herramientas\/","title":{"rendered":"Get trained, Acceso Latino gives you the tools to do it."},"content":{"rendered":"<div data-elementor-type=\"wp-post\" data-elementor-id=\"17644\" class=\"elementor elementor-17644\">\n\t\t\t\t\t\t<section class=\"elementor-section elementor-top-section elementor-element elementor-element-eb55902 elementor-section-full_width elementor-section-height-min-height elementor-section-items-stretch elementor-section-height-default wpr-particle-no wpr-jarallax-no wpr-parallax-no wpr-sticky-section-no wpr-equal-height-no\" data-id=\"eb55902\" data-element_type=\"section\" data-e-type=\"section\" data-settings=\"{&quot;background_background&quot;:&quot;classic&quot;}\">\n\t\t\t\t\t\t<div class=\"elementor-container elementor-column-gap-no\">\n\t\t\t\t\t<div class=\"elementor-column elementor-col-100 elementor-top-column elementor-element elementor-element-eec3f9e\" data-id=\"eec3f9e\" data-element_type=\"column\" data-e-type=\"column\">\n\t\t\t<div class=\"elementor-widget-wrap elementor-element-populated\">\n\t\t\t\t\t\t<div class=\"elementor-element elementor-element-3a014e7 elementor--h-position-center elementor--v-position-middle elementor-widget elementor-widget-slides\" data-id=\"3a014e7\" data-element_type=\"widget\" data-e-type=\"widget\" data-settings=\"{&quot;navigation&quot;:&quot;none&quot;,&quot;infinite&quot;:&quot;yes&quot;,&quot;transition&quot;:&quot;slide&quot;,&quot;transition_speed&quot;:500}\" data-widget_type=\"slides.default\">\n\t\t\t\t<div class=\"elementor-widget-container\">\n\t\t\t\t\t\t\t<div class=\"elementor-swiper\">\n\t\t\t<div class=\"elementor-slides-wrapper elementor-main-swiper swiper-container\" dir=\"ltr\" data-animation=\"\">\n\t\t\t\t<div class=\"swiper-wrapper elementor-slides\">\n\t\t\t\t\t\t\t\t\t\t<div class=\"elementor-repeater-item-d983a28 swiper-slide\"><div class=\"swiper-slide-bg\"><\/div><div class=\"swiper-slide-inner\" ><div class=\"swiper-slide-contents\"><div class=\"elementor-slide-heading\">Looking for a job?<\/div><\/div><\/div><\/div>\t\t\t\t<\/div>\n\t\t\t\t\t\t\t<\/div>\n\t\t<\/div>\n\t\t\t\t\t\t<\/div>\n\t\t\t\t<\/div>\n\t\t\t\t\t<\/div>\n\t\t<\/div>\n\t\t\t\t\t<\/div>\n\t\t<\/section>\n\t\t\t\t<section class=\"elementor-section elementor-top-section elementor-element elementor-element-8b23a7f elementor-section-stretched elementor-section-boxed elementor-section-height-default elementor-section-height-default wpr-particle-no wpr-jarallax-no wpr-parallax-no wpr-sticky-section-no wpr-equal-height-no\" data-id=\"8b23a7f\" data-element_type=\"section\" data-e-type=\"section\" data-settings=\"{&quot;stretch_section&quot;:&quot;section-stretched&quot;,&quot;background_background&quot;:&quot;classic&quot;}\">\n\t\t\t\t\t\t<div class=\"elementor-container elementor-column-gap-default\">\n\t\t\t\t\t<div class=\"elementor-column elementor-col-100 elementor-top-column elementor-element elementor-element-d371251\" data-id=\"d371251\" data-element_type=\"column\" data-e-type=\"column\">\n\t\t\t<div class=\"elementor-widget-wrap elementor-element-populated\">\n\t\t\t\t\t\t<div class=\"elementor-element elementor-element-4f0dc42 elementor-widget elementor-widget-heading\" data-id=\"4f0dc42\" data-element_type=\"widget\" data-e-type=\"widget\" data-widget_type=\"heading.default\">\n\t\t\t\t<div class=\"elementor-widget-container\">\n\t\t\t\t\t<h3 class=\"elementor-heading-title elementor-size-default\">Get trained, Acceso Latino gives you the tools to do it.<\/h3>\t\t\t\t<\/div>\n\t\t\t\t<\/div>\n\t\t\t\t<div class=\"elementor-element elementor-element-769303d elementor-widget elementor-widget-text-editor\" data-id=\"769303d\" data-element_type=\"widget\" data-e-type=\"widget\" data-widget_type=\"text-editor.default\">\n\t\t\t\t<div class=\"elementor-widget-container\">\n\t\t\t\t\t\t\t\t\t<p>Para encontrar mejores oportunidades laborales, <strong>Acceso Latino<\/strong> te proporciona las herramientas e informaci\u00f3n pertinente que te ayudar\u00e1n a integrarte a la sociedad norteamericana laboral y as\u00ed tener una remuneraci\u00f3n econ\u00f3mica justa; tambi\u00e9n para los que regresan a territorio mexicano, tenemos datos e instrumentos que les puedes ser de gran ayuda.<\/p><p>Por esta raz\u00f3n, Fundaci\u00f3n Carlos Slim y Acceso Latino, cre\u00f3 la secci\u00f3n <a href=\"https:\/\/accesolatino.org\/en\/buscas-empleo\/\">\u201cBuscas empleo\u201d<\/a> que te brinda m\u00faltiples instrumentos para encontrar el empleo, y darte la facultad en diferentes \u00e1reas laborales.<\/p><p>Si buscas mejorar tus habilidades o aprender un oficio nuevo, te recomendamos entrar a la tarjeta <a href=\"https:\/\/capacitateparaelempleo.org\/\">\u201cCapac\u00edtate para el empleo\u201d<\/a>. En esta tarjeta hallar\u00e1s diferentes cursos en materia laboral como son:<\/p><p>Auxiliar en la calidad del aire en interiores.<\/p><p>Curador de datos.<\/p><p>Jefe de cocina.<\/p><p>Operador de transporte.<\/p><p>Panadero.<\/p><p>Promotor de art\u00edculos org\u00e1nicos.<\/p><p>Encuentra m\u00e1s herramientas en <strong>Acceso Latino<\/strong> tu primera ventana de consulta migratoria.<\/p>\t\t\t\t\t\t\t\t<\/div>\n\t\t\t\t<\/div>\n\t\t\t\t<div class=\"elementor-element elementor-element-ac66772 elementor-widget elementor-widget-spacer\" data-id=\"ac66772\" data-element_type=\"widget\" data-e-type=\"widget\" data-widget_type=\"spacer.default\">\n\t\t\t\t<div class=\"elementor-widget-container\">\n\t\t\t\t\t\t\t<div class=\"elementor-spacer\">\n\t\t\t<div class=\"elementor-spacer-inner\"><\/div>\n\t\t<\/div>\n\t\t\t\t\t\t<\/div>\n\t\t\t\t<\/div>\n\t\t\t\t\t<\/div>\n\t\t<\/div>\n\t\t\t\t\t<\/div>\n\t\t<\/section>\n\t\t\t\t<\/div>","protected":false},"excerpt":{"rendered":"<p>\u00bfBuscas empleo? Capac\u00edtate, Acceso Latino te da las herramientas Para encontrar mejores oportunidades laborales, Acceso Latino te proporciona las herramientas e informaci\u00f3n pertinente que te ayudar\u00e1n a integrarte a la sociedad norteamericana laboral y as\u00ed tener una remuneraci\u00f3n econ\u00f3mica justa; tambi\u00e9n para los que regresan a territorio mexicano, tenemos datos e instrumentos que les puedes ser de gran ayuda. Por esta raz\u00f3n, Fundaci\u00f3n Carlos Slim y Acceso Latino, cre\u00f3 la secci\u00f3n \u201cBuscas empleo\u201d que te brinda m\u00faltiples instrumentos para encontrar el empleo, y darte la facultad en diferentes \u00e1reas laborales. Si buscas mejorar tus habilidades o aprender un oficio nuevo, te recomendamos entrar a la tarjeta \u201cCapac\u00edtate para el empleo\u201d. En esta tarjeta hallar\u00e1s diferentes cursos en materia laboral como son: Auxiliar en la calidad del aire en interiores. Curador de datos. Jefe de cocina. Operador de transporte. Panadero. Promotor de art\u00edculos org\u00e1nicos. Encuentra m\u00e1s herramientas en Acceso Latino tu primera ventana de consulta migratoria.<\/p>","protected":false},"author":5,"featured_media":17645,"parent":2747,"menu_order":0,"comment_status":"closed","ping_status":"closed","template":"elementor_header_footer","meta":{"_uf_show_specific_survey":0,"_uf_disable_surveys":false,"footnotes":""},"class_list":["post-17644","page","type-page","status-publish","has-post-thumbnail"],"aioseo_notices":[],"yoast_head":"<!-- This site is optimized with the Yoast SEO plugin v27.5 - https:\/\/yoast.com\/product\/yoast-seo-wordpress\/ -->\n<title>Capac\u00edtate, Acceso Latino te da las herramientas<\/title>\n<meta name=\"description\" content=\"\u00bfBuscas empleo en Estados Unidos? Te compartimos algunas herramientas para capacitarte y encontrarlo - Acceso Latino\" \/>\n<meta name=\"robots\" content=\"index, follow, max-snippet:-1, max-image-preview:large, max-video-preview:-1\" \/>\n<link rel=\"canonical\" href=\"https:\/\/accesolatino.org\/en\/buscas-empleo\/capacitate-acceso-latino-te-da-las-herramientas\/\" \/>\n<meta property=\"og:locale\" content=\"en_US\" \/>\n<meta property=\"og:type\" content=\"article\" \/>\n<meta property=\"og:title\" content=\"Acceso Latino | Capac\u00edtate, Acceso Latino te da las herramientas\" \/>\n<meta property=\"og:description\" content=\"\u00bfBuscas empleo en Estados Unidos? Te compartimos algunas herrmientas para capacitarte y encontrarlo.\" \/>\n<meta property=\"og:url\" content=\"https:\/\/accesolatino.org\/en\/buscas-empleo\/capacitate-acceso-latino-te-da-las-herramientas\/\" \/>\n<meta property=\"og:site_name\" content=\"Acceso Latino\" \/>\n<meta property=\"article:publisher\" content=\"https:\/\/www.facebook.com\/AccesoLatinoOrg\" \/>\n<meta property=\"article:modified_time\" content=\"2025-10-16T22:09:25+00:00\" \/>\n<meta property=\"og:image\" content=\"https:\/\/accesolatino.org\/wp-content\/uploads\/2019\/06\/Capac\u00edtate-Acceso-Latino-te-da-las-herramientas.jpg\" \/>\n\t<meta property=\"og:image:width\" content=\"600\" \/>\n\t<meta property=\"og:image:height\" content=\"338\" \/>\n\t<meta property=\"og:image:type\" content=\"image\/jpeg\" \/>\n<meta name=\"twitter:card\" content=\"summary_large_image\" \/>\n<meta name=\"twitter:title\" content=\"Acceso Latino | Capac\u00edtate, Acceso Latino te da las herramientas\" \/>\n<meta name=\"twitter:description\" content=\"\u00bfBuscas empleo en Estados Unidos? Te compartimos algunas herrmientas para capacitarte y encontrarlo.\" \/>\n<meta name=\"twitter:image\" content=\"https:\/\/accesolatino.org\/wp-content\/uploads\/2019\/06\/Capac\u00edtate-Acceso-Latino-te-da-las-herramientas.jpg\" \/>\n<meta name=\"twitter:site\" content=\"@FAccLatino\" \/>\n<meta name=\"twitter:label1\" content=\"Est. reading time\" \/>\n\t<meta name=\"twitter:data1\" content=\"1 minute\" \/>\n<script type=\"application\/ld+json\" class=\"yoast-schema-graph\">{\"@context\":\"https:\\\/\\\/schema.org\",\"@graph\":[{\"@type\":\"WebPage\",\"@id\":\"https:\\\/\\\/accesolatino.org\\\/en\\\/buscas-empleo\\\/capacitate-acceso-latino-te-da-las-herramientas\\\/\",\"url\":\"https:\\\/\\\/accesolatino.org\\\/en\\\/buscas-empleo\\\/capacitate-acceso-latino-te-da-las-herramientas\\\/\",\"name\":\"Capac\u00edtate, Acceso Latino te da las herramientas\",\"isPartOf\":{\"@id\":\"https:\\\/\\\/accesolatino.org\\\/#website\"},\"primaryImageOfPage\":{\"@id\":\"https:\\\/\\\/accesolatino.org\\\/en\\\/buscas-empleo\\\/capacitate-acceso-latino-te-da-las-herramientas\\\/#primaryimage\"},\"image\":{\"@id\":\"https:\\\/\\\/accesolatino.org\\\/en\\\/buscas-empleo\\\/capacitate-acceso-latino-te-da-las-herramientas\\\/#primaryimage\"},\"thumbnailUrl\":\"https:\\\/\\\/accesolatino.org\\\/wp-content\\\/uploads\\\/2019\\\/06\\\/Capac\u00edtate-Acceso-Latino-te-da-las-herramientas.jpg\",\"datePublished\":\"2019-06-06T15:51:19+00:00\",\"dateModified\":\"2025-10-16T22:09:25+00:00\",\"description\":\"\u00bfBuscas empleo en Estados Unidos? Te compartimos algunas herramientas para capacitarte y encontrarlo - Acceso Latino\",\"breadcrumb\":{\"@id\":\"https:\\\/\\\/accesolatino.org\\\/en\\\/buscas-empleo\\\/capacitate-acceso-latino-te-da-las-herramientas\\\/#breadcrumb\"},\"inLanguage\":\"en-US\",\"potentialAction\":[{\"@type\":\"ReadAction\",\"target\":[\"https:\\\/\\\/accesolatino.org\\\/en\\\/buscas-empleo\\\/capacitate-acceso-latino-te-da-las-herramientas\\\/\"]}]},{\"@type\":\"ImageObject\",\"inLanguage\":\"en-US\",\"@id\":\"https:\\\/\\\/accesolatino.org\\\/en\\\/buscas-empleo\\\/capacitate-acceso-latino-te-da-las-herramientas\\\/#primaryimage\",\"url\":\"https:\\\/\\\/accesolatino.org\\\/wp-content\\\/uploads\\\/2019\\\/06\\\/Capac\u00edtate-Acceso-Latino-te-da-las-herramientas.jpg\",\"contentUrl\":\"https:\\\/\\\/accesolatino.org\\\/wp-content\\\/uploads\\\/2019\\\/06\\\/Capac\u00edtate-Acceso-Latino-te-da-las-herramientas.jpg\",\"width\":600,\"height\":338,\"caption\":\"capac\u00edtate\"},{\"@type\":\"BreadcrumbList\",\"@id\":\"https:\\\/\\\/accesolatino.org\\\/en\\\/buscas-empleo\\\/capacitate-acceso-latino-te-da-las-herramientas\\\/#breadcrumb\",\"itemListElement\":[{\"@type\":\"ListItem\",\"position\":1,\"name\":\"Portada\",\"item\":\"https:\\\/\\\/accesolatino.org\\\/\"},{\"@type\":\"ListItem\",\"position\":2,\"name\":\"Buscas Empleo\",\"item\":\"https:\\\/\\\/accesolatino.org\\\/en\\\/buscas-empleo\\\/\"},{\"@type\":\"ListItem\",\"position\":3,\"name\":\"Capac\u00edtate, Acceso Latino te da las herramientas\"}]},{\"@type\":\"WebSite\",\"@id\":\"https:\\\/\\\/accesolatino.org\\\/#website\",\"url\":\"https:\\\/\\\/accesolatino.org\\\/\",\"name\":\"Acceso Latino | Fundaci\u00f3n Carlos Slim\",\"description\":\"Fundaci\u00f3n Carlos Slim\",\"publisher\":{\"@id\":\"https:\\\/\\\/accesolatino.org\\\/#organization\"},\"potentialAction\":[{\"@type\":\"SearchAction\",\"target\":{\"@type\":\"EntryPoint\",\"urlTemplate\":\"https:\\\/\\\/accesolatino.org\\\/?s={search_term_string}\"},\"query-input\":{\"@type\":\"PropertyValueSpecification\",\"valueRequired\":true,\"valueName\":\"search_term_string\"}}],\"inLanguage\":\"en-US\"},{\"@type\":\"Organization\",\"@id\":\"https:\\\/\\\/accesolatino.org\\\/#organization\",\"name\":\"Acceso Latino | Fundaci\u00f3n Carlos Slim\",\"url\":\"https:\\\/\\\/accesolatino.org\\\/\",\"logo\":{\"@type\":\"ImageObject\",\"inLanguage\":\"en-US\",\"@id\":\"https:\\\/\\\/accesolatino.org\\\/#\\\/schema\\\/logo\\\/image\\\/\",\"url\":\"https:\\\/\\\/accesolatino.org\\\/wp-content\\\/uploads\\\/2021\\\/02\\\/logo-footer-acceso-latino.png\",\"contentUrl\":\"https:\\\/\\\/accesolatino.org\\\/wp-content\\\/uploads\\\/2021\\\/02\\\/logo-footer-acceso-latino.png\",\"width\":240,\"height\":40,\"caption\":\"Acceso Latino | Fundaci\u00f3n Carlos Slim\"},\"image\":{\"@id\":\"https:\\\/\\\/accesolatino.org\\\/#\\\/schema\\\/logo\\\/image\\\/\"},\"sameAs\":[\"https:\\\/\\\/www.facebook.com\\\/AccesoLatinoOrg\",\"https:\\\/\\\/x.com\\\/FAccLatino\"]}]}<\/script>\n<!-- \/ Yoast SEO plugin. -->","yoast_head_json":{"title":"Capac\u00edtate, Acceso Latino te da las herramientas","description":"\u00bfBuscas empleo en Estados Unidos? Te compartimos algunas herramientas para capacitarte y encontrarlo - Acceso Latino","robots":{"index":"index","follow":"follow","max-snippet":"max-snippet:-1","max-image-preview":"max-image-preview:large","max-video-preview":"max-video-preview:-1"},"canonical":"https:\/\/accesolatino.org\/en\/buscas-empleo\/capacitate-acceso-latino-te-da-las-herramientas\/","og_locale":"en_US","og_type":"article","og_title":"Acceso Latino | Capac\u00edtate, Acceso Latino te da las herramientas","og_description":"\u00bfBuscas empleo en Estados Unidos? Te compartimos algunas herrmientas para capacitarte y encontrarlo.","og_url":"https:\/\/accesolatino.org\/en\/buscas-empleo\/capacitate-acceso-latino-te-da-las-herramientas\/","og_site_name":"Acceso Latino","article_publisher":"https:\/\/www.facebook.com\/AccesoLatinoOrg","article_modified_time":"2025-10-16T22:09:25+00:00","og_image":[{"width":600,"height":338,"url":"https:\/\/accesolatino.org\/wp-content\/uploads\/2019\/06\/Capac\u00edtate-Acceso-Latino-te-da-las-herramientas.jpg","type":"image\/jpeg"}],"twitter_card":"summary_large_image","twitter_title":"Acceso Latino | Capac\u00edtate, Acceso Latino te da las herramientas","twitter_description":"\u00bfBuscas empleo en Estados Unidos? Te compartimos algunas herrmientas para capacitarte y encontrarlo.","twitter_image":"https:\/\/accesolatino.org\/wp-content\/uploads\/2019\/06\/Capac\u00edtate-Acceso-Latino-te-da-las-herramientas.jpg","twitter_site":"@FAccLatino","twitter_misc":{"Est. reading time":"1 minute"},"schema":{"@context":"https:\/\/schema.org","@graph":[{"@type":"WebPage","@id":"https:\/\/accesolatino.org\/en\/buscas-empleo\/capacitate-acceso-latino-te-da-las-herramientas\/","url":"https:\/\/accesolatino.org\/en\/buscas-empleo\/capacitate-acceso-latino-te-da-las-herramientas\/","name":"Capac\u00edtate, Acceso Latino te da las herramientas","isPartOf":{"@id":"https:\/\/accesolatino.org\/#website"},"primaryImageOfPage":{"@id":"https:\/\/accesolatino.org\/en\/buscas-empleo\/capacitate-acceso-latino-te-da-las-herramientas\/#primaryimage"},"image":{"@id":"https:\/\/accesolatino.org\/en\/buscas-empleo\/capacitate-acceso-latino-te-da-las-herramientas\/#primaryimage"},"thumbnailUrl":"https:\/\/accesolatino.org\/wp-content\/uploads\/2019\/06\/Capac\u00edtate-Acceso-Latino-te-da-las-herramientas.jpg","datePublished":"2019-06-06T15:51:19+00:00","dateModified":"2025-10-16T22:09:25+00:00","description":"\u00bfBuscas empleo en Estados Unidos? Te compartimos algunas herramientas para capacitarte y encontrarlo - Acceso Latino","breadcrumb":{"@id":"https:\/\/accesolatino.org\/en\/buscas-empleo\/capacitate-acceso-latino-te-da-las-herramientas\/#breadcrumb"},"inLanguage":"en-US","potentialAction":[{"@type":"ReadAction","target":["https:\/\/accesolatino.org\/en\/buscas-empleo\/capacitate-acceso-latino-te-da-las-herramientas\/"]}]},{"@type":"ImageObject","inLanguage":"en-US","@id":"https:\/\/accesolatino.org\/en\/buscas-empleo\/capacitate-acceso-latino-te-da-las-herramientas\/#primaryimage","url":"https:\/\/accesolatino.org\/wp-content\/uploads\/2019\/06\/Capac\u00edtate-Acceso-Latino-te-da-las-herramientas.jpg","contentUrl":"https:\/\/accesolatino.org\/wp-content\/uploads\/2019\/06\/Capac\u00edtate-Acceso-Latino-te-da-las-herramientas.jpg","width":600,"height":338,"caption":"capac\u00edtate"},{"@type":"BreadcrumbList","@id":"https:\/\/accesolatino.org\/en\/buscas-empleo\/capacitate-acceso-latino-te-da-las-herramientas\/#breadcrumb","itemListElement":[{"@type":"ListItem","position":1,"name":"Portada","item":"https:\/\/accesolatino.org\/"},{"@type":"ListItem","position":2,"name":"Buscas Empleo","item":"https:\/\/accesolatino.org\/en\/buscas-empleo\/"},{"@type":"ListItem","position":3,"name":"Capac\u00edtate, Acceso Latino te da las herramientas"}]},{"@type":"WebSite","@id":"https:\/\/accesolatino.org\/#website","url":"https:\/\/accesolatino.org\/","name":"Acceso Latino | Fundaci\u00f3n Carlos Slim","description":"Fundaci\u00f3n Carlos Slim","publisher":{"@id":"https:\/\/accesolatino.org\/#organization"},"potentialAction":[{"@type":"SearchAction","target":{"@type":"EntryPoint","urlTemplate":"https:\/\/accesolatino.org\/?s={search_term_string}"},"query-input":{"@type":"PropertyValueSpecification","valueRequired":true,"valueName":"search_term_string"}}],"inLanguage":"en-US"},{"@type":"Organization","@id":"https:\/\/accesolatino.org\/#organization","name":"Acceso Latino | Fundaci\u00f3n Carlos Slim","url":"https:\/\/accesolatino.org\/","logo":{"@type":"ImageObject","inLanguage":"en-US","@id":"https:\/\/accesolatino.org\/#\/schema\/logo\/image\/","url":"https:\/\/accesolatino.org\/wp-content\/uploads\/2021\/02\/logo-footer-acceso-latino.png","contentUrl":"https:\/\/accesolatino.org\/wp-content\/uploads\/2021\/02\/logo-footer-acceso-latino.png","width":240,"height":40,"caption":"Acceso Latino | Fundaci\u00f3n Carlos Slim"},"image":{"@id":"https:\/\/accesolatino.org\/#\/schema\/logo\/image\/"},"sameAs":["https:\/\/www.facebook.com\/AccesoLatinoOrg","https:\/\/x.com\/FAccLatino"]}]}},"_links":{"self":[{"href":"https:\/\/accesolatino.org\/en\/wp-json\/wp\/v2\/pages\/17644","targetHints":{"allow":["GET"]}}],"collection":[{"href":"https:\/\/accesolatino.org\/en\/wp-json\/wp\/v2\/pages"}],"about":[{"href":"https:\/\/accesolatino.org\/en\/wp-json\/wp\/v2\/types\/page"}],"author":[{"embeddable":true,"href":"https:\/\/accesolatino.org\/en\/wp-json\/wp\/v2\/users\/5"}],"replies":[{"embeddable":true,"href":"https:\/\/accesolatino.org\/en\/wp-json\/wp\/v2\/comments?post=17644"}],"version-history":[{"count":1,"href":"https:\/\/accesolatino.org\/en\/wp-json\/wp\/v2\/pages\/17644\/revisions"}],"predecessor-version":[{"id":64138,"href":"https:\/\/accesolatino.org\/en\/wp-json\/wp\/v2\/pages\/17644\/revisions\/64138"}],"up":[{"embeddable":true,"href":"https:\/\/accesolatino.org\/en\/wp-json\/wp\/v2\/pages\/2747"}],"wp:featuredmedia":[{"embeddable":true,"href":"https:\/\/accesolatino.org\/en\/wp-json\/wp\/v2\/media\/17645"}],"wp:attachment":[{"href":"https:\/\/accesolatino.org\/en\/wp-json\/wp\/v2\/media?parent=17644"}],"curies":[{"name":"wp","href":"https:\/\/api.w.org\/{rel}","templated":true}]}}