{"id":17370,"date":"2019-05-20T08:00:26","date_gmt":"2019-05-20T13:00:26","guid":{"rendered":"https:\/\/accesolatino.org\/?page_id=17370"},"modified":"2025-10-17T16:35:39","modified_gmt":"2025-10-17T22:35:39","slug":"migrante-ven-por-tu-licencia-en-washington","status":"publish","type":"page","link":"https:\/\/accesolatino.org\/en\/migrante-ven-por-tu-licencia-en-washington\/","title":{"rendered":"Migrant come get your license in Washington"},"content":{"rendered":"<div data-elementor-type=\"wp-post\" data-elementor-id=\"17370\" class=\"elementor elementor-17370\">\n\t\t\t\t\t\t<section class=\"elementor-section elementor-top-section elementor-element elementor-element-1db067c elementor-section-full_width elementor-section-height-min-height elementor-section-items-stretch elementor-section-height-default wpr-particle-no wpr-jarallax-no wpr-parallax-no wpr-sticky-section-no\" data-id=\"1db067c\" data-element_type=\"section\" data-e-type=\"section\" data-settings=\"{&quot;background_background&quot;:&quot;classic&quot;}\">\n\t\t\t\t\t\t<div class=\"elementor-container elementor-column-gap-no\">\n\t\t\t\t\t<div class=\"elementor-column elementor-col-100 elementor-top-column elementor-element elementor-element-cad86b3\" data-id=\"cad86b3\" data-element_type=\"column\" data-e-type=\"column\">\n\t\t\t<div class=\"elementor-widget-wrap elementor-element-populated\">\n\t\t\t\t\t\t<div class=\"elementor-element elementor-element-bea8c0d elementor--h-position-center elementor--v-position-middle elementor-widget elementor-widget-slides\" data-id=\"bea8c0d\" data-element_type=\"widget\" data-e-type=\"widget\" data-settings=\"{&quot;navigation&quot;:&quot;none&quot;,&quot;infinite&quot;:&quot;yes&quot;,&quot;transition&quot;:&quot;slide&quot;,&quot;transition_speed&quot;:500}\" data-widget_type=\"slides.default\">\n\t\t\t\t<div class=\"elementor-widget-container\">\n\t\t\t\t\t\t\t<div class=\"elementor-swiper\">\n\t\t\t<div class=\"elementor-slides-wrapper elementor-main-swiper swiper-container\" dir=\"ltr\" data-animation=\"\">\n\t\t\t\t<div class=\"swiper-wrapper elementor-slides\">\n\t\t\t\t\t\t\t\t\t\t<div class=\"elementor-repeater-item-d983a28 swiper-slide\"><div class=\"swiper-slide-bg\"><\/div><div class=\"swiper-slide-inner\" ><div class=\"swiper-slide-contents\"><div class=\"elementor-slide-heading\">Processing of Licenses<\/div><\/div><\/div><\/div>\t\t\t\t<\/div>\n\t\t\t\t\t\t\t<\/div>\n\t\t<\/div>\n\t\t\t\t\t\t<\/div>\n\t\t\t\t<\/div>\n\t\t\t\t\t<\/div>\n\t\t<\/div>\n\t\t\t\t\t<\/div>\n\t\t<\/section>\n\t\t\t\t<section class=\"elementor-section elementor-top-section elementor-element elementor-element-ff165a5 elementor-section-stretched elementor-section-boxed elementor-section-height-default elementor-section-height-default wpr-particle-no wpr-jarallax-no wpr-parallax-no wpr-sticky-section-no\" data-id=\"ff165a5\" data-element_type=\"section\" data-e-type=\"section\" data-settings=\"{&quot;stretch_section&quot;:&quot;section-stretched&quot;,&quot;background_background&quot;:&quot;classic&quot;}\">\n\t\t\t\t\t\t<div class=\"elementor-container elementor-column-gap-default\">\n\t\t\t\t\t<div class=\"elementor-column elementor-col-100 elementor-top-column elementor-element elementor-element-0d8af79\" data-id=\"0d8af79\" data-element_type=\"column\" data-e-type=\"column\">\n\t\t\t<div class=\"elementor-widget-wrap elementor-element-populated\">\n\t\t\t\t\t\t<div class=\"elementor-element elementor-element-880066f elementor-widget elementor-widget-heading\" data-id=\"880066f\" data-element_type=\"widget\" data-e-type=\"widget\" data-widget_type=\"heading.default\">\n\t\t\t\t<div class=\"elementor-widget-container\">\n\t\t\t\t\t<h3 class=\"elementor-heading-title elementor-size-default\">Migrant come get your license in Washington<\/h3>\t\t\t\t<\/div>\n\t\t\t\t<\/div>\n\t\t\t\t<div class=\"elementor-element elementor-element-ca103c9 elementor-widget elementor-widget-text-editor\" data-id=\"ca103c9\" data-element_type=\"widget\" data-e-type=\"widget\" data-widget_type=\"text-editor.default\">\n\t\t\t\t<div class=\"elementor-widget-container\">\n\t\t\t\t\t\t\t\t\t<p><strong>Migrant come get your license in Washington<\/strong><\/p><p>Amigo migrante -indocumentado y vives en Washington puedes adquirir legalmente una <strong>licencia de manejo<\/strong>, la cual desde 1993 se ha proporcionado.<\/p><p>Actualmente Washington es uno de los m\u00e1s de 12 estados que otorgan licencias a los indocumentados, pero no todas son iguales ni dan los mismos derechos. As\u00ed que tiene que estar muy atento con las indicaciones.<\/p><p>En nuestro portal encontrar\u00e1s la herramienta de <a href=\"https:\/\/accesolatino.org\/en\/licencias\/\">Licencias de Manejo<\/a> que te ayudar\u00e1 a conocer el proceso y la informaci\u00f3n que necesitas para obtener tu licencia en algunos de los estados de la Uni\u00f3n Americana.<\/p><p>En cuanto a Washington y los requerimientos, deber\u00e1s comprobar que resides en el estado, algunos de los documentos que te aceptar\u00e1n como prueba de que radicas en el estado son los siguientes:<\/p><ul><li>Pago de impuestos.<\/li><li>Factura de una utility.<\/li><li>Pago de matr\u00edcula de universidad o transcripts de escuela.<\/li><\/ul><p>En nuestra tarjeta de Washington en <a href=\"https:\/\/accesolatino.org\/en\/licencias\/\">\u201cLicencias de Manejo\u201d<\/a>, encontrar\u00e1s todos los documentos que necesitas para realizar el tr\u00e1mite de tu licencia.<\/p><p>Recuerda que en los estados de este listado, podr\u00e1s tramitar tu licencia sin la necesidad de tener los documentos que acrediten tu estancia legal en Estados Unidos.<\/p>\t\t\t\t\t\t\t\t<\/div>\n\t\t\t\t<\/div>\n\t\t\t\t<div class=\"elementor-element elementor-element-845f758 elementor-widget elementor-widget-spacer\" data-id=\"845f758\" data-element_type=\"widget\" data-e-type=\"widget\" data-widget_type=\"spacer.default\">\n\t\t\t\t<div class=\"elementor-widget-container\">\n\t\t\t\t\t\t\t<div class=\"elementor-spacer\">\n\t\t\t<div class=\"elementor-spacer-inner\"><\/div>\n\t\t<\/div>\n\t\t\t\t\t\t<\/div>\n\t\t\t\t<\/div>\n\t\t\t\t\t<\/div>\n\t\t<\/div>\n\t\t\t\t\t<\/div>\n\t\t<\/section>\n\t\t\t\t<\/div>","protected":false},"excerpt":{"rendered":"<p>Tr\u00e1mite de Licencias Migrante ven por tu licencia en Washington Migrante ven por tu licencia en Washington Amigo migrante -indocumentado y vives en Washington puedes adquirir legalmente una licencia de manejo, la cual desde 1993 se ha proporcionado. Actualmente Washington es uno de los m\u00e1s de 12 estados que otorgan licencias a los indocumentados, pero no todas son iguales ni dan los mismos derechos. As\u00ed que tiene que estar muy atento con las indicaciones. En nuestro portal encontrar\u00e1s la herramienta de Licencias de Manejo que te ayudar\u00e1 a conocer el proceso y la informaci\u00f3n que necesitas para obtener tu licencia en algunos de los estados de la Uni\u00f3n Americana. En cuanto a Washington y los requerimientos, deber\u00e1s comprobar que resides en el estado, algunos de los documentos que te aceptar\u00e1n como prueba de que radicas en el estado son los siguientes: Pago de impuestos. Factura de una utility. Pago de matr\u00edcula de universidad o transcripts de escuela. En nuestra tarjeta de Washington en \u201cLicencias de Manejo\u201d, encontrar\u00e1s todos los documentos que necesitas para realizar el tr\u00e1mite de tu licencia. Recuerda que en los estados de este listado, podr\u00e1s tramitar tu licencia sin la necesidad de tener los documentos que acrediten tu estancia legal en Estados Unidos.<\/p>","protected":false},"author":9,"featured_media":17371,"parent":0,"menu_order":0,"comment_status":"closed","ping_status":"closed","template":"elementor_header_footer","meta":{"_uf_show_specific_survey":0,"_uf_disable_surveys":false,"footnotes":""},"class_list":["post-17370","page","type-page","status-publish","has-post-thumbnail"],"aioseo_notices":[],"yoast_head":"<!-- This site is optimized with the Yoast SEO plugin v27.3 - https:\/\/yoast.com\/product\/yoast-seo-wordpress\/ -->\n<title>Migrante ven por tu licencia en Washington<\/title>\n<meta name=\"description\" content=\"Tr\u00e1mite de Licencias:\u00a0Migrante\u00a0ven por tu licencia en Washington\u00a0Migrante\u00a0ven por tu licencia en Washington...\" \/>\n<meta name=\"robots\" content=\"index, follow, max-snippet:-1, max-image-preview:large, max-video-preview:-1\" \/>\n<link rel=\"canonical\" href=\"https:\/\/accesolatino.org\/en\/migrante-ven-por-tu-licencia-en-washington\/\" \/>\n<meta property=\"og:locale\" content=\"en_US\" \/>\n<meta property=\"og:type\" content=\"article\" \/>\n<meta property=\"og:title\" content=\"Acceso Latino | Migrante ven por tu licencia en Washington\" \/>\n<meta property=\"og:description\" content=\"Conoce la documentaci\u00f3n requerida para tramitar una licencia en cada uno de los estados de USA\" \/>\n<meta property=\"og:url\" content=\"https:\/\/accesolatino.org\/en\/migrante-ven-por-tu-licencia-en-washington\/\" \/>\n<meta property=\"og:site_name\" content=\"Acceso Latino\" \/>\n<meta property=\"article:publisher\" content=\"https:\/\/www.facebook.com\/AccesoLatinoOrg\" \/>\n<meta property=\"article:modified_time\" content=\"2025-10-17T22:35:39+00:00\" \/>\n<meta property=\"og:image\" content=\"https:\/\/accesolatino.org\/wp-content\/uploads\/2019\/05\/Migrante-ver-por-tu-licencia-en-Washington.jpg\" \/>\n\t<meta property=\"og:image:width\" content=\"600\" \/>\n\t<meta property=\"og:image:height\" content=\"338\" \/>\n\t<meta property=\"og:image:type\" content=\"image\/jpeg\" \/>\n<meta name=\"twitter:card\" content=\"summary_large_image\" \/>\n<meta name=\"twitter:title\" content=\"Acceso Latino | Migrante ven por tu licencia en Washington\" \/>\n<meta name=\"twitter:description\" content=\"Conoce la documentaci\u00f3n requerida para tramitar una licencia en cada uno de los estados de USA\" \/>\n<meta name=\"twitter:image\" content=\"https:\/\/accesolatino.org\/wp-content\/uploads\/2019\/05\/Migrante-ver-por-tu-licencia-en-Washington.jpg\" \/>\n<meta name=\"twitter:site\" content=\"@FAccLatino\" \/>\n<meta name=\"twitter:label1\" content=\"Est. reading time\" \/>\n\t<meta name=\"twitter:data1\" content=\"2 minutes\" \/>\n<script type=\"application\/ld+json\" class=\"yoast-schema-graph\">{\"@context\":\"https:\\\/\\\/schema.org\",\"@graph\":[{\"@type\":\"WebPage\",\"@id\":\"https:\\\/\\\/accesolatino.org\\\/en\\\/migrante-ven-por-tu-licencia-en-washington\\\/\",\"url\":\"https:\\\/\\\/accesolatino.org\\\/en\\\/migrante-ven-por-tu-licencia-en-washington\\\/\",\"name\":\"Migrante ven por tu licencia en Washington\",\"isPartOf\":{\"@id\":\"https:\\\/\\\/accesolatino.org\\\/#website\"},\"primaryImageOfPage\":{\"@id\":\"https:\\\/\\\/accesolatino.org\\\/en\\\/migrante-ven-por-tu-licencia-en-washington\\\/#primaryimage\"},\"image\":{\"@id\":\"https:\\\/\\\/accesolatino.org\\\/en\\\/migrante-ven-por-tu-licencia-en-washington\\\/#primaryimage\"},\"thumbnailUrl\":\"https:\\\/\\\/accesolatino.org\\\/wp-content\\\/uploads\\\/2019\\\/05\\\/Migrante-ver-por-tu-licencia-en-Washington.jpg\",\"datePublished\":\"2019-05-20T13:00:26+00:00\",\"dateModified\":\"2025-10-17T22:35:39+00:00\",\"description\":\"Tr\u00e1mite de Licencias:\u00a0Migrante\u00a0ven por tu licencia en Washington\u00a0Migrante\u00a0ven por tu licencia en Washington...\",\"breadcrumb\":{\"@id\":\"https:\\\/\\\/accesolatino.org\\\/en\\\/migrante-ven-por-tu-licencia-en-washington\\\/#breadcrumb\"},\"inLanguage\":\"en-US\",\"potentialAction\":[{\"@type\":\"ReadAction\",\"target\":[\"https:\\\/\\\/accesolatino.org\\\/en\\\/migrante-ven-por-tu-licencia-en-washington\\\/\"]}]},{\"@type\":\"ImageObject\",\"inLanguage\":\"en-US\",\"@id\":\"https:\\\/\\\/accesolatino.org\\\/en\\\/migrante-ven-por-tu-licencia-en-washington\\\/#primaryimage\",\"url\":\"https:\\\/\\\/accesolatino.org\\\/wp-content\\\/uploads\\\/2019\\\/05\\\/Migrante-ver-por-tu-licencia-en-Washington.jpg\",\"contentUrl\":\"https:\\\/\\\/accesolatino.org\\\/wp-content\\\/uploads\\\/2019\\\/05\\\/Migrante-ver-por-tu-licencia-en-Washington.jpg\",\"width\":600,\"height\":338,\"caption\":\"migrante\"},{\"@type\":\"BreadcrumbList\",\"@id\":\"https:\\\/\\\/accesolatino.org\\\/en\\\/migrante-ven-por-tu-licencia-en-washington\\\/#breadcrumb\",\"itemListElement\":[{\"@type\":\"ListItem\",\"position\":1,\"name\":\"Portada\",\"item\":\"https:\\\/\\\/accesolatino.org\\\/\"},{\"@type\":\"ListItem\",\"position\":2,\"name\":\"Migrante ven por tu licencia en Washington\"}]},{\"@type\":\"WebSite\",\"@id\":\"https:\\\/\\\/accesolatino.org\\\/#website\",\"url\":\"https:\\\/\\\/accesolatino.org\\\/\",\"name\":\"Acceso Latino | Fundaci\u00f3n Carlos Slim\",\"description\":\"Fundaci\u00f3n Carlos Slim\",\"publisher\":{\"@id\":\"https:\\\/\\\/accesolatino.org\\\/#organization\"},\"potentialAction\":[{\"@type\":\"SearchAction\",\"target\":{\"@type\":\"EntryPoint\",\"urlTemplate\":\"https:\\\/\\\/accesolatino.org\\\/?s={search_term_string}\"},\"query-input\":{\"@type\":\"PropertyValueSpecification\",\"valueRequired\":true,\"valueName\":\"search_term_string\"}}],\"inLanguage\":\"en-US\"},{\"@type\":\"Organization\",\"@id\":\"https:\\\/\\\/accesolatino.org\\\/#organization\",\"name\":\"Acceso Latino | Fundaci\u00f3n Carlos Slim\",\"url\":\"https:\\\/\\\/accesolatino.org\\\/\",\"logo\":{\"@type\":\"ImageObject\",\"inLanguage\":\"en-US\",\"@id\":\"https:\\\/\\\/accesolatino.org\\\/#\\\/schema\\\/logo\\\/image\\\/\",\"url\":\"https:\\\/\\\/accesolatino.org\\\/wp-content\\\/uploads\\\/2021\\\/02\\\/logo-footer-acceso-latino.png\",\"contentUrl\":\"https:\\\/\\\/accesolatino.org\\\/wp-content\\\/uploads\\\/2021\\\/02\\\/logo-footer-acceso-latino.png\",\"width\":240,\"height\":40,\"caption\":\"Acceso Latino | Fundaci\u00f3n Carlos Slim\"},\"image\":{\"@id\":\"https:\\\/\\\/accesolatino.org\\\/#\\\/schema\\\/logo\\\/image\\\/\"},\"sameAs\":[\"https:\\\/\\\/www.facebook.com\\\/AccesoLatinoOrg\",\"https:\\\/\\\/x.com\\\/FAccLatino\"]}]}<\/script>\n<!-- \/ Yoast SEO plugin. -->","yoast_head_json":{"title":"Migrant come get your license in Washington","description":"Tr\u00e1mite de Licencias:\u00a0Migrante\u00a0ven por tu licencia en Washington\u00a0Migrante\u00a0ven por tu licencia en Washington...","robots":{"index":"index","follow":"follow","max-snippet":"max-snippet:-1","max-image-preview":"max-image-preview:large","max-video-preview":"max-video-preview:-1"},"canonical":"https:\/\/accesolatino.org\/en\/migrante-ven-por-tu-licencia-en-washington\/","og_locale":"en_US","og_type":"article","og_title":"Acceso Latino | Migrante ven por tu licencia en Washington","og_description":"Conoce la documentaci\u00f3n requerida para tramitar una licencia en cada uno de los estados de USA","og_url":"https:\/\/accesolatino.org\/en\/migrante-ven-por-tu-licencia-en-washington\/","og_site_name":"Acceso Latino","article_publisher":"https:\/\/www.facebook.com\/AccesoLatinoOrg","article_modified_time":"2025-10-17T22:35:39+00:00","og_image":[{"width":600,"height":338,"url":"https:\/\/accesolatino.org\/wp-content\/uploads\/2019\/05\/Migrante-ver-por-tu-licencia-en-Washington.jpg","type":"image\/jpeg"}],"twitter_card":"summary_large_image","twitter_title":"Acceso Latino | Migrante ven por tu licencia en Washington","twitter_description":"Conoce la documentaci\u00f3n requerida para tramitar una licencia en cada uno de los estados de USA","twitter_image":"https:\/\/accesolatino.org\/wp-content\/uploads\/2019\/05\/Migrante-ver-por-tu-licencia-en-Washington.jpg","twitter_site":"@FAccLatino","twitter_misc":{"Est. reading time":"2 minutes"},"schema":{"@context":"https:\/\/schema.org","@graph":[{"@type":"WebPage","@id":"https:\/\/accesolatino.org\/en\/migrante-ven-por-tu-licencia-en-washington\/","url":"https:\/\/accesolatino.org\/en\/migrante-ven-por-tu-licencia-en-washington\/","name":"Migrant come get your license in Washington","isPartOf":{"@id":"https:\/\/accesolatino.org\/#website"},"primaryImageOfPage":{"@id":"https:\/\/accesolatino.org\/en\/migrante-ven-por-tu-licencia-en-washington\/#primaryimage"},"image":{"@id":"https:\/\/accesolatino.org\/en\/migrante-ven-por-tu-licencia-en-washington\/#primaryimage"},"thumbnailUrl":"https:\/\/accesolatino.org\/wp-content\/uploads\/2019\/05\/Migrante-ver-por-tu-licencia-en-Washington.jpg","datePublished":"2019-05-20T13:00:26+00:00","dateModified":"2025-10-17T22:35:39+00:00","description":"Tr\u00e1mite de Licencias:\u00a0Migrante\u00a0ven por tu licencia en Washington\u00a0Migrante\u00a0ven por tu licencia en Washington...","breadcrumb":{"@id":"https:\/\/accesolatino.org\/en\/migrante-ven-por-tu-licencia-en-washington\/#breadcrumb"},"inLanguage":"en-US","potentialAction":[{"@type":"ReadAction","target":["https:\/\/accesolatino.org\/en\/migrante-ven-por-tu-licencia-en-washington\/"]}]},{"@type":"ImageObject","inLanguage":"en-US","@id":"https:\/\/accesolatino.org\/en\/migrante-ven-por-tu-licencia-en-washington\/#primaryimage","url":"https:\/\/accesolatino.org\/wp-content\/uploads\/2019\/05\/Migrante-ver-por-tu-licencia-en-Washington.jpg","contentUrl":"https:\/\/accesolatino.org\/wp-content\/uploads\/2019\/05\/Migrante-ver-por-tu-licencia-en-Washington.jpg","width":600,"height":338,"caption":"migrante"},{"@type":"BreadcrumbList","@id":"https:\/\/accesolatino.org\/en\/migrante-ven-por-tu-licencia-en-washington\/#breadcrumb","itemListElement":[{"@type":"ListItem","position":1,"name":"Portada","item":"https:\/\/accesolatino.org\/"},{"@type":"ListItem","position":2,"name":"Migrante ven por tu licencia en Washington"}]},{"@type":"WebSite","@id":"https:\/\/accesolatino.org\/#website","url":"https:\/\/accesolatino.org\/","name":"Acceso Latino | Fundaci\u00f3n Carlos Slim","description":"Fundaci\u00f3n Carlos Slim","publisher":{"@id":"https:\/\/accesolatino.org\/#organization"},"potentialAction":[{"@type":"SearchAction","target":{"@type":"EntryPoint","urlTemplate":"https:\/\/accesolatino.org\/?s={search_term_string}"},"query-input":{"@type":"PropertyValueSpecification","valueRequired":true,"valueName":"search_term_string"}}],"inLanguage":"en-US"},{"@type":"Organization","@id":"https:\/\/accesolatino.org\/#organization","name":"Acceso Latino | Fundaci\u00f3n Carlos Slim","url":"https:\/\/accesolatino.org\/","logo":{"@type":"ImageObject","inLanguage":"en-US","@id":"https:\/\/accesolatino.org\/#\/schema\/logo\/image\/","url":"https:\/\/accesolatino.org\/wp-content\/uploads\/2021\/02\/logo-footer-acceso-latino.png","contentUrl":"https:\/\/accesolatino.org\/wp-content\/uploads\/2021\/02\/logo-footer-acceso-latino.png","width":240,"height":40,"caption":"Acceso Latino | Fundaci\u00f3n Carlos Slim"},"image":{"@id":"https:\/\/accesolatino.org\/#\/schema\/logo\/image\/"},"sameAs":["https:\/\/www.facebook.com\/AccesoLatinoOrg","https:\/\/x.com\/FAccLatino"]}]}},"_links":{"self":[{"href":"https:\/\/accesolatino.org\/en\/wp-json\/wp\/v2\/pages\/17370","targetHints":{"allow":["GET"]}}],"collection":[{"href":"https:\/\/accesolatino.org\/en\/wp-json\/wp\/v2\/pages"}],"about":[{"href":"https:\/\/accesolatino.org\/en\/wp-json\/wp\/v2\/types\/page"}],"author":[{"embeddable":true,"href":"https:\/\/accesolatino.org\/en\/wp-json\/wp\/v2\/users\/9"}],"replies":[{"embeddable":true,"href":"https:\/\/accesolatino.org\/en\/wp-json\/wp\/v2\/comments?post=17370"}],"version-history":[{"count":1,"href":"https:\/\/accesolatino.org\/en\/wp-json\/wp\/v2\/pages\/17370\/revisions"}],"predecessor-version":[{"id":64243,"href":"https:\/\/accesolatino.org\/en\/wp-json\/wp\/v2\/pages\/17370\/revisions\/64243"}],"wp:featuredmedia":[{"embeddable":true,"href":"https:\/\/accesolatino.org\/en\/wp-json\/wp\/v2\/media\/17371"}],"wp:attachment":[{"href":"https:\/\/accesolatino.org\/en\/wp-json\/wp\/v2\/media?parent=17370"}],"curies":[{"name":"wp","href":"https:\/\/api.w.org\/{rel}","templated":true}]}}