{"id":17307,"date":"2019-05-14T10:22:20","date_gmt":"2019-05-14T15:22:20","guid":{"rendered":"https:\/\/accesolatino.org\/?page_id=17307"},"modified":"2025-10-16T19:10:05","modified_gmt":"2025-10-17T01:10:05","slug":"cursos-en-linea-de-las-mejores-universidades-del-mundo","status":"publish","type":"page","link":"https:\/\/accesolatino.org\/en\/cursos-en-linea-de-las-mejores-universidades-del-mundo\/","title":{"rendered":"Cursos en l\u00ednea de las mejores universidades del mundo"},"content":{"rendered":"<div data-elementor-type=\"wp-post\" data-elementor-id=\"17307\" class=\"elementor elementor-17307\">\n\t\t\t\t\t\t<section class=\"elementor-section elementor-top-section elementor-element elementor-element-7c03a7c elementor-section-full_width elementor-section-height-min-height elementor-section-items-stretch elementor-section-height-default wpr-particle-no wpr-jarallax-no wpr-parallax-no wpr-sticky-section-no wpr-equal-height-no\" data-id=\"7c03a7c\" data-element_type=\"section\" data-e-type=\"section\" data-settings=\"{&quot;background_background&quot;:&quot;classic&quot;}\">\n\t\t\t\t\t\t<div class=\"elementor-container elementor-column-gap-no\">\n\t\t\t\t\t<div class=\"elementor-column elementor-col-100 elementor-top-column elementor-element elementor-element-9c07d31\" data-id=\"9c07d31\" data-element_type=\"column\" data-e-type=\"column\">\n\t\t\t<div class=\"elementor-widget-wrap elementor-element-populated\">\n\t\t\t\t\t\t<div class=\"elementor-element elementor-element-4f5ad95 elementor--h-position-center elementor--v-position-middle elementor-widget elementor-widget-slides\" data-id=\"4f5ad95\" data-element_type=\"widget\" data-e-type=\"widget\" data-settings=\"{&quot;navigation&quot;:&quot;none&quot;,&quot;infinite&quot;:&quot;yes&quot;,&quot;transition&quot;:&quot;slide&quot;,&quot;transition_speed&quot;:500}\" data-widget_type=\"slides.default\">\n\t\t\t\t<div class=\"elementor-widget-container\">\n\t\t\t\t\t\t\t<div class=\"elementor-swiper\">\n\t\t\t<div class=\"elementor-slides-wrapper elementor-main-swiper swiper-container\" dir=\"ltr\" data-animation=\"\">\n\t\t\t\t<div class=\"swiper-wrapper elementor-slides\">\n\t\t\t\t\t\t\t\t\t\t<div class=\"elementor-repeater-item-d983a28 swiper-slide\"><div class=\"swiper-slide-bg\"><\/div><div class=\"swiper-slide-inner\" ><div class=\"swiper-slide-contents\"><div class=\"elementor-slide-heading\">Education<\/div><\/div><\/div><\/div>\t\t\t\t<\/div>\n\t\t\t\t\t\t\t<\/div>\n\t\t<\/div>\n\t\t\t\t\t\t<\/div>\n\t\t\t\t<\/div>\n\t\t\t\t\t<\/div>\n\t\t<\/div>\n\t\t\t\t\t<\/div>\n\t\t<\/section>\n\t\t\t\t<section class=\"elementor-section elementor-top-section elementor-element elementor-element-15c48b9 elementor-section-stretched elementor-section-boxed elementor-section-height-default elementor-section-height-default wpr-particle-no wpr-jarallax-no wpr-parallax-no wpr-sticky-section-no wpr-equal-height-no\" data-id=\"15c48b9\" data-element_type=\"section\" data-e-type=\"section\" data-settings=\"{&quot;stretch_section&quot;:&quot;section-stretched&quot;,&quot;background_background&quot;:&quot;classic&quot;}\">\n\t\t\t\t\t\t<div class=\"elementor-container elementor-column-gap-default\">\n\t\t\t\t\t<div class=\"elementor-column elementor-col-100 elementor-top-column elementor-element elementor-element-4c6b875\" data-id=\"4c6b875\" data-element_type=\"column\" data-e-type=\"column\">\n\t\t\t<div class=\"elementor-widget-wrap elementor-element-populated\">\n\t\t\t\t\t\t<div class=\"elementor-element elementor-element-7bae2e4 elementor-widget elementor-widget-heading\" data-id=\"7bae2e4\" data-element_type=\"widget\" data-e-type=\"widget\" data-widget_type=\"heading.default\">\n\t\t\t\t<div class=\"elementor-widget-container\">\n\t\t\t\t\t<h3 class=\"elementor-heading-title elementor-size-default\">Cursos en l\u00ednea de las mejores universidades del mundo<\/h3>\t\t\t\t<\/div>\n\t\t\t\t<\/div>\n\t\t\t\t<div class=\"elementor-element elementor-element-2722c62 elementor-widget elementor-widget-text-editor\" data-id=\"2722c62\" data-element_type=\"widget\" data-e-type=\"widget\" data-widget_type=\"text-editor.default\">\n\t\t\t\t<div class=\"elementor-widget-container\">\n\t\t\t\t\t\t\t\t\t<p>Tener estudios, adquirir nuevas capacidades, conocimiento y estar constantemente actualizado te permitir\u00e1 tener m\u00e1s chances de un mejor trabajo y por lo tanto de mayores ingresos.<\/p><p>Ahora con las herramientas educativas en l\u00ednea es m\u00e1s sencillo estudiar; a tu ritmo y horario posible, evitas costos y accedes a cursos de las universidades m\u00e1s reconocidas en el mundo.<\/p><p>En Acceso Latino nos dimos a la tarea de traerte herramientas educativas sin costo y que te prepares mejor acad\u00e9micamente y tu futuro sea mejor.<\/p><p>In the section <a href=\"https:\/\/accesolatino.org\/en\/educacion\/\">\u201cEducaci\u00f3n\u201d<\/a> te recomendamos entrar a la tarjeta \u201cCursos gratis en l\u00ednea\u201d. En dicha tarjeta encontrar\u00e1s distintas plataformas online donde podr\u00e1s aprender ingl\u00e9s a tu propio ritmo, tomar clases de computaci\u00f3n, matem\u00e1ticas e historia entre muchas otras materias para todos los niveles educativos.<\/p><p>Acceso Latino tu porta de apoyo migratorio.<\/p>\t\t\t\t\t\t\t\t<\/div>\n\t\t\t\t<\/div>\n\t\t\t\t<div class=\"elementor-element elementor-element-247deef elementor-widget elementor-widget-spacer\" data-id=\"247deef\" data-element_type=\"widget\" data-e-type=\"widget\" data-widget_type=\"spacer.default\">\n\t\t\t\t<div class=\"elementor-widget-container\">\n\t\t\t\t\t\t\t<div class=\"elementor-spacer\">\n\t\t\t<div class=\"elementor-spacer-inner\"><\/div>\n\t\t<\/div>\n\t\t\t\t\t\t<\/div>\n\t\t\t\t<\/div>\n\t\t\t\t\t<\/div>\n\t\t<\/div>\n\t\t\t\t\t<\/div>\n\t\t<\/section>\n\t\t\t\t<\/div>","protected":false},"excerpt":{"rendered":"<p>Educaci\u00f3n Cursos en l\u00ednea de las mejores universidades del mundo Tener estudios, adquirir nuevas capacidades, conocimiento y estar constantemente actualizado te permitir\u00e1 tener m\u00e1s chances de un mejor trabajo y por lo tanto de mayores ingresos. Ahora con las herramientas educativas en l\u00ednea es m\u00e1s sencillo estudiar; a tu ritmo y horario posible, evitas costos y accedes a cursos de las universidades m\u00e1s reconocidas en el mundo. En Acceso Latino nos dimos a la tarea de traerte herramientas educativas sin costo y que te prepares mejor acad\u00e9micamente y tu futuro sea mejor. En la secci\u00f3n \u201cEducaci\u00f3n\u201d te recomendamos entrar a la tarjeta \u201cCursos gratis en l\u00ednea\u201d. En dicha tarjeta encontrar\u00e1s distintas plataformas online donde podr\u00e1s aprender ingl\u00e9s a tu propio ritmo, tomar clases de computaci\u00f3n, matem\u00e1ticas e historia entre muchas otras materias para todos los niveles educativos. Acceso Latino tu porta de apoyo migratorio.<\/p>","protected":false},"author":7,"featured_media":17309,"parent":0,"menu_order":0,"comment_status":"closed","ping_status":"closed","template":"elementor_header_footer","meta":{"_uf_show_specific_survey":0,"_uf_disable_surveys":false,"footnotes":""},"class_list":["post-17307","page","type-page","status-publish","has-post-thumbnail"],"aioseo_notices":[],"yoast_head":"<!-- This site is optimized with the Yoast SEO plugin v27.5 - https:\/\/yoast.com\/product\/yoast-seo-wordpress\/ -->\n<title>Cursos en l\u00ednea de las mejores universidades del mundo<\/title>\n<meta name=\"description\" content=\"Cursos en l\u00ednea de las mejores universidades del mundo Tener estudios, adquirir nuevas capacidades, conocimiento y estar constantemente\" \/>\n<meta name=\"robots\" content=\"index, follow, max-snippet:-1, max-image-preview:large, max-video-preview:-1\" \/>\n<link rel=\"canonical\" href=\"https:\/\/accesolatino.org\/en\/cursos-en-linea-de-las-mejores-universidades-del-mundo\/\" \/>\n<meta property=\"og:locale\" content=\"en_US\" \/>\n<meta property=\"og:type\" content=\"article\" \/>\n<meta property=\"og:title\" content=\"Acceso Latino | Cursos en l\u00ednea de las mejores universidades del mundo\" \/>\n<meta property=\"og:description\" content=\"Cursos en l\u00ednea de las mejores universidades del mundo\" \/>\n<meta property=\"og:url\" content=\"https:\/\/accesolatino.org\/en\/cursos-en-linea-de-las-mejores-universidades-del-mundo\/\" \/>\n<meta property=\"og:site_name\" content=\"Acceso Latino\" \/>\n<meta property=\"article:publisher\" content=\"https:\/\/www.facebook.com\/AccesoLatinoOrg\" \/>\n<meta property=\"article:modified_time\" content=\"2025-10-17T01:10:05+00:00\" \/>\n<meta property=\"og:image\" content=\"https:\/\/accesolatino.org\/wp-content\/uploads\/2019\/05\/Cursos-en-l\u00ednea-de-las-mejores-universidades-del-mundo.jpg\" \/>\n\t<meta property=\"og:image:width\" content=\"600\" \/>\n\t<meta property=\"og:image:height\" content=\"338\" \/>\n\t<meta property=\"og:image:type\" content=\"image\/jpeg\" \/>\n<meta name=\"twitter:card\" content=\"summary_large_image\" \/>\n<meta name=\"twitter:title\" content=\"Acceso Latino | Cursos en l\u00ednea de las mejores universidades del mundo\" \/>\n<meta name=\"twitter:description\" content=\"Cursos en l\u00ednea de las mejores universidades del mundo\" \/>\n<meta name=\"twitter:image\" content=\"https:\/\/accesolatino.org\/wp-content\/uploads\/2019\/05\/Cursos-en-l\u00ednea-de-las-mejores-universidades-del-mundo.jpg\" \/>\n<meta name=\"twitter:site\" content=\"@FAccLatino\" \/>\n<meta name=\"twitter:label1\" content=\"Est. reading time\" \/>\n\t<meta name=\"twitter:data1\" content=\"1 minute\" \/>\n<script type=\"application\/ld+json\" class=\"yoast-schema-graph\">{\"@context\":\"https:\\\/\\\/schema.org\",\"@graph\":[{\"@type\":\"WebPage\",\"@id\":\"https:\\\/\\\/accesolatino.org\\\/en\\\/cursos-en-linea-de-las-mejores-universidades-del-mundo\\\/\",\"url\":\"https:\\\/\\\/accesolatino.org\\\/en\\\/cursos-en-linea-de-las-mejores-universidades-del-mundo\\\/\",\"name\":\"Cursos en l\u00ednea de las mejores universidades del mundo\",\"isPartOf\":{\"@id\":\"https:\\\/\\\/accesolatino.org\\\/#website\"},\"primaryImageOfPage\":{\"@id\":\"https:\\\/\\\/accesolatino.org\\\/en\\\/cursos-en-linea-de-las-mejores-universidades-del-mundo\\\/#primaryimage\"},\"image\":{\"@id\":\"https:\\\/\\\/accesolatino.org\\\/en\\\/cursos-en-linea-de-las-mejores-universidades-del-mundo\\\/#primaryimage\"},\"thumbnailUrl\":\"https:\\\/\\\/accesolatino.org\\\/wp-content\\\/uploads\\\/2019\\\/05\\\/Cursos-en-l\u00ednea-de-las-mejores-universidades-del-mundo.jpg\",\"datePublished\":\"2019-05-14T15:22:20+00:00\",\"dateModified\":\"2025-10-17T01:10:05+00:00\",\"description\":\"Cursos en l\u00ednea de las mejores universidades del mundo Tener estudios, adquirir nuevas capacidades, conocimiento y estar constantemente\",\"breadcrumb\":{\"@id\":\"https:\\\/\\\/accesolatino.org\\\/en\\\/cursos-en-linea-de-las-mejores-universidades-del-mundo\\\/#breadcrumb\"},\"inLanguage\":\"en-US\",\"potentialAction\":[{\"@type\":\"ReadAction\",\"target\":[\"https:\\\/\\\/accesolatino.org\\\/en\\\/cursos-en-linea-de-las-mejores-universidades-del-mundo\\\/\"]}]},{\"@type\":\"ImageObject\",\"inLanguage\":\"en-US\",\"@id\":\"https:\\\/\\\/accesolatino.org\\\/en\\\/cursos-en-linea-de-las-mejores-universidades-del-mundo\\\/#primaryimage\",\"url\":\"https:\\\/\\\/accesolatino.org\\\/wp-content\\\/uploads\\\/2019\\\/05\\\/Cursos-en-l\u00ednea-de-las-mejores-universidades-del-mundo.jpg\",\"contentUrl\":\"https:\\\/\\\/accesolatino.org\\\/wp-content\\\/uploads\\\/2019\\\/05\\\/Cursos-en-l\u00ednea-de-las-mejores-universidades-del-mundo.jpg\",\"width\":600,\"height\":338,\"caption\":\"cursos\"},{\"@type\":\"BreadcrumbList\",\"@id\":\"https:\\\/\\\/accesolatino.org\\\/en\\\/cursos-en-linea-de-las-mejores-universidades-del-mundo\\\/#breadcrumb\",\"itemListElement\":[{\"@type\":\"ListItem\",\"position\":1,\"name\":\"Portada\",\"item\":\"https:\\\/\\\/accesolatino.org\\\/\"},{\"@type\":\"ListItem\",\"position\":2,\"name\":\"Cursos en l\u00ednea de las mejores universidades del mundo\"}]},{\"@type\":\"WebSite\",\"@id\":\"https:\\\/\\\/accesolatino.org\\\/#website\",\"url\":\"https:\\\/\\\/accesolatino.org\\\/\",\"name\":\"Acceso Latino | Fundaci\u00f3n Carlos Slim\",\"description\":\"Fundaci\u00f3n Carlos Slim\",\"publisher\":{\"@id\":\"https:\\\/\\\/accesolatino.org\\\/#organization\"},\"potentialAction\":[{\"@type\":\"SearchAction\",\"target\":{\"@type\":\"EntryPoint\",\"urlTemplate\":\"https:\\\/\\\/accesolatino.org\\\/?s={search_term_string}\"},\"query-input\":{\"@type\":\"PropertyValueSpecification\",\"valueRequired\":true,\"valueName\":\"search_term_string\"}}],\"inLanguage\":\"en-US\"},{\"@type\":\"Organization\",\"@id\":\"https:\\\/\\\/accesolatino.org\\\/#organization\",\"name\":\"Acceso Latino | Fundaci\u00f3n Carlos Slim\",\"url\":\"https:\\\/\\\/accesolatino.org\\\/\",\"logo\":{\"@type\":\"ImageObject\",\"inLanguage\":\"en-US\",\"@id\":\"https:\\\/\\\/accesolatino.org\\\/#\\\/schema\\\/logo\\\/image\\\/\",\"url\":\"https:\\\/\\\/accesolatino.org\\\/wp-content\\\/uploads\\\/2021\\\/02\\\/logo-footer-acceso-latino.png\",\"contentUrl\":\"https:\\\/\\\/accesolatino.org\\\/wp-content\\\/uploads\\\/2021\\\/02\\\/logo-footer-acceso-latino.png\",\"width\":240,\"height\":40,\"caption\":\"Acceso Latino | Fundaci\u00f3n Carlos Slim\"},\"image\":{\"@id\":\"https:\\\/\\\/accesolatino.org\\\/#\\\/schema\\\/logo\\\/image\\\/\"},\"sameAs\":[\"https:\\\/\\\/www.facebook.com\\\/AccesoLatinoOrg\",\"https:\\\/\\\/x.com\\\/FAccLatino\"]}]}<\/script>\n<!-- \/ Yoast SEO plugin. -->","yoast_head_json":{"title":"Cursos en l\u00ednea de las mejores universidades del mundo","description":"Cursos en l\u00ednea de las mejores universidades del mundo Tener estudios, adquirir nuevas capacidades, conocimiento y estar constantemente","robots":{"index":"index","follow":"follow","max-snippet":"max-snippet:-1","max-image-preview":"max-image-preview:large","max-video-preview":"max-video-preview:-1"},"canonical":"https:\/\/accesolatino.org\/en\/cursos-en-linea-de-las-mejores-universidades-del-mundo\/","og_locale":"en_US","og_type":"article","og_title":"Acceso Latino | Cursos en l\u00ednea de las mejores universidades del mundo","og_description":"Cursos en l\u00ednea de las mejores universidades del mundo","og_url":"https:\/\/accesolatino.org\/en\/cursos-en-linea-de-las-mejores-universidades-del-mundo\/","og_site_name":"Acceso Latino","article_publisher":"https:\/\/www.facebook.com\/AccesoLatinoOrg","article_modified_time":"2025-10-17T01:10:05+00:00","og_image":[{"width":600,"height":338,"url":"https:\/\/accesolatino.org\/wp-content\/uploads\/2019\/05\/Cursos-en-l\u00ednea-de-las-mejores-universidades-del-mundo.jpg","type":"image\/jpeg"}],"twitter_card":"summary_large_image","twitter_title":"Acceso Latino | Cursos en l\u00ednea de las mejores universidades del mundo","twitter_description":"Cursos en l\u00ednea de las mejores universidades del mundo","twitter_image":"https:\/\/accesolatino.org\/wp-content\/uploads\/2019\/05\/Cursos-en-l\u00ednea-de-las-mejores-universidades-del-mundo.jpg","twitter_site":"@FAccLatino","twitter_misc":{"Est. reading time":"1 minute"},"schema":{"@context":"https:\/\/schema.org","@graph":[{"@type":"WebPage","@id":"https:\/\/accesolatino.org\/en\/cursos-en-linea-de-las-mejores-universidades-del-mundo\/","url":"https:\/\/accesolatino.org\/en\/cursos-en-linea-de-las-mejores-universidades-del-mundo\/","name":"Cursos en l\u00ednea de las mejores universidades del mundo","isPartOf":{"@id":"https:\/\/accesolatino.org\/#website"},"primaryImageOfPage":{"@id":"https:\/\/accesolatino.org\/en\/cursos-en-linea-de-las-mejores-universidades-del-mundo\/#primaryimage"},"image":{"@id":"https:\/\/accesolatino.org\/en\/cursos-en-linea-de-las-mejores-universidades-del-mundo\/#primaryimage"},"thumbnailUrl":"https:\/\/accesolatino.org\/wp-content\/uploads\/2019\/05\/Cursos-en-l\u00ednea-de-las-mejores-universidades-del-mundo.jpg","datePublished":"2019-05-14T15:22:20+00:00","dateModified":"2025-10-17T01:10:05+00:00","description":"Cursos en l\u00ednea de las mejores universidades del mundo Tener estudios, adquirir nuevas capacidades, conocimiento y estar constantemente","breadcrumb":{"@id":"https:\/\/accesolatino.org\/en\/cursos-en-linea-de-las-mejores-universidades-del-mundo\/#breadcrumb"},"inLanguage":"en-US","potentialAction":[{"@type":"ReadAction","target":["https:\/\/accesolatino.org\/en\/cursos-en-linea-de-las-mejores-universidades-del-mundo\/"]}]},{"@type":"ImageObject","inLanguage":"en-US","@id":"https:\/\/accesolatino.org\/en\/cursos-en-linea-de-las-mejores-universidades-del-mundo\/#primaryimage","url":"https:\/\/accesolatino.org\/wp-content\/uploads\/2019\/05\/Cursos-en-l\u00ednea-de-las-mejores-universidades-del-mundo.jpg","contentUrl":"https:\/\/accesolatino.org\/wp-content\/uploads\/2019\/05\/Cursos-en-l\u00ednea-de-las-mejores-universidades-del-mundo.jpg","width":600,"height":338,"caption":"cursos"},{"@type":"BreadcrumbList","@id":"https:\/\/accesolatino.org\/en\/cursos-en-linea-de-las-mejores-universidades-del-mundo\/#breadcrumb","itemListElement":[{"@type":"ListItem","position":1,"name":"Portada","item":"https:\/\/accesolatino.org\/"},{"@type":"ListItem","position":2,"name":"Cursos en l\u00ednea de las mejores universidades del mundo"}]},{"@type":"WebSite","@id":"https:\/\/accesolatino.org\/#website","url":"https:\/\/accesolatino.org\/","name":"Acceso Latino | Fundaci\u00f3n Carlos Slim","description":"Fundaci\u00f3n Carlos Slim","publisher":{"@id":"https:\/\/accesolatino.org\/#organization"},"potentialAction":[{"@type":"SearchAction","target":{"@type":"EntryPoint","urlTemplate":"https:\/\/accesolatino.org\/?s={search_term_string}"},"query-input":{"@type":"PropertyValueSpecification","valueRequired":true,"valueName":"search_term_string"}}],"inLanguage":"en-US"},{"@type":"Organization","@id":"https:\/\/accesolatino.org\/#organization","name":"Acceso Latino | Fundaci\u00f3n Carlos Slim","url":"https:\/\/accesolatino.org\/","logo":{"@type":"ImageObject","inLanguage":"en-US","@id":"https:\/\/accesolatino.org\/#\/schema\/logo\/image\/","url":"https:\/\/accesolatino.org\/wp-content\/uploads\/2021\/02\/logo-footer-acceso-latino.png","contentUrl":"https:\/\/accesolatino.org\/wp-content\/uploads\/2021\/02\/logo-footer-acceso-latino.png","width":240,"height":40,"caption":"Acceso Latino | Fundaci\u00f3n Carlos Slim"},"image":{"@id":"https:\/\/accesolatino.org\/#\/schema\/logo\/image\/"},"sameAs":["https:\/\/www.facebook.com\/AccesoLatinoOrg","https:\/\/x.com\/FAccLatino"]}]}},"_links":{"self":[{"href":"https:\/\/accesolatino.org\/en\/wp-json\/wp\/v2\/pages\/17307","targetHints":{"allow":["GET"]}}],"collection":[{"href":"https:\/\/accesolatino.org\/en\/wp-json\/wp\/v2\/pages"}],"about":[{"href":"https:\/\/accesolatino.org\/en\/wp-json\/wp\/v2\/types\/page"}],"author":[{"embeddable":true,"href":"https:\/\/accesolatino.org\/en\/wp-json\/wp\/v2\/users\/7"}],"replies":[{"embeddable":true,"href":"https:\/\/accesolatino.org\/en\/wp-json\/wp\/v2\/comments?post=17307"}],"version-history":[{"count":1,"href":"https:\/\/accesolatino.org\/en\/wp-json\/wp\/v2\/pages\/17307\/revisions"}],"predecessor-version":[{"id":64193,"href":"https:\/\/accesolatino.org\/en\/wp-json\/wp\/v2\/pages\/17307\/revisions\/64193"}],"wp:featuredmedia":[{"embeddable":true,"href":"https:\/\/accesolatino.org\/en\/wp-json\/wp\/v2\/media\/17309"}],"wp:attachment":[{"href":"https:\/\/accesolatino.org\/en\/wp-json\/wp\/v2\/media?parent=17307"}],"curies":[{"name":"wp","href":"https:\/\/api.w.org\/{rel}","templated":true}]}}