{"id":17248,"date":"2019-05-09T09:54:45","date_gmt":"2019-05-09T14:54:45","guid":{"rendered":"https:\/\/accesolatino.org\/?page_id=17248"},"modified":"2025-10-17T13:22:34","modified_gmt":"2025-10-17T19:22:34","slug":"en-tu-regreso-a-mexico-realiza-tus-tramites-en-el-inm","status":"publish","type":"page","link":"https:\/\/accesolatino.org\/en\/en-tu-regreso-a-mexico-realiza-tus-tramites-en-el-inm\/","title":{"rendered":"On your return to Mexico, complete your paperwork at the INM."},"content":{"rendered":"<div data-elementor-type=\"wp-post\" data-elementor-id=\"17248\" class=\"elementor elementor-17248\">\n\t\t\t\t\t\t<section class=\"elementor-section elementor-top-section elementor-element elementor-element-a46f682 elementor-section-full_width elementor-section-height-min-height elementor-section-items-stretch elementor-section-height-default wpr-particle-no wpr-jarallax-no wpr-parallax-no wpr-sticky-section-no wpr-equal-height-no\" data-id=\"a46f682\" data-element_type=\"section\" data-e-type=\"section\" data-settings=\"{&quot;background_background&quot;:&quot;classic&quot;}\">\n\t\t\t\t\t\t<div class=\"elementor-container elementor-column-gap-no\">\n\t\t\t\t\t<div class=\"elementor-column elementor-col-100 elementor-top-column elementor-element elementor-element-675030f\" data-id=\"675030f\" data-element_type=\"column\" data-e-type=\"column\">\n\t\t\t<div class=\"elementor-widget-wrap elementor-element-populated\">\n\t\t\t\t\t\t<div class=\"elementor-element elementor-element-2ae415d elementor--h-position-center elementor--v-position-middle elementor-widget elementor-widget-slides\" data-id=\"2ae415d\" data-element_type=\"widget\" data-e-type=\"widget\" data-settings=\"{&quot;navigation&quot;:&quot;none&quot;,&quot;infinite&quot;:&quot;yes&quot;,&quot;transition&quot;:&quot;slide&quot;,&quot;transition_speed&quot;:500}\" data-widget_type=\"slides.default\">\n\t\t\t\t<div class=\"elementor-widget-container\">\n\t\t\t\t\t\t\t<div class=\"elementor-swiper\">\n\t\t\t<div class=\"elementor-slides-wrapper elementor-main-swiper swiper-container\" dir=\"ltr\" data-animation=\"\">\n\t\t\t\t<div class=\"swiper-wrapper elementor-slides\">\n\t\t\t\t\t\t\t\t\t\t<div class=\"elementor-repeater-item-d983a28 swiper-slide\"><div class=\"swiper-slide-bg\"><\/div><div class=\"swiper-slide-inner\" ><div class=\"swiper-slide-contents\"><div class=\"elementor-slide-heading\">Legal Guidance<\/div><\/div><\/div><\/div>\t\t\t\t<\/div>\n\t\t\t\t\t\t\t<\/div>\n\t\t<\/div>\n\t\t\t\t\t\t<\/div>\n\t\t\t\t<\/div>\n\t\t\t\t\t<\/div>\n\t\t<\/div>\n\t\t\t\t\t<\/div>\n\t\t<\/section>\n\t\t\t\t<section class=\"elementor-section elementor-top-section elementor-element elementor-element-80ab736 elementor-section-stretched elementor-section-boxed elementor-section-height-default elementor-section-height-default wpr-particle-no wpr-jarallax-no wpr-parallax-no wpr-sticky-section-no wpr-equal-height-no\" data-id=\"80ab736\" data-element_type=\"section\" data-e-type=\"section\" data-settings=\"{&quot;stretch_section&quot;:&quot;section-stretched&quot;,&quot;background_background&quot;:&quot;classic&quot;}\">\n\t\t\t\t\t\t<div class=\"elementor-container elementor-column-gap-default\">\n\t\t\t\t\t<div class=\"elementor-column elementor-col-100 elementor-top-column elementor-element elementor-element-315b7a5\" data-id=\"315b7a5\" data-element_type=\"column\" data-e-type=\"column\">\n\t\t\t<div class=\"elementor-widget-wrap elementor-element-populated\">\n\t\t\t\t\t\t<div class=\"elementor-element elementor-element-0b11b17 elementor-widget elementor-widget-heading\" data-id=\"0b11b17\" data-element_type=\"widget\" data-e-type=\"widget\" data-widget_type=\"heading.default\">\n\t\t\t\t<div class=\"elementor-widget-container\">\n\t\t\t\t\t<h3 class=\"elementor-heading-title elementor-size-default\">On your return to Mexico, complete your paperwork at the INM.<\/h3>\t\t\t\t<\/div>\n\t\t\t\t<\/div>\n\t\t\t\t<div class=\"elementor-element elementor-element-ae3e212 elementor-widget elementor-widget-text-editor\" data-id=\"ae3e212\" data-element_type=\"widget\" data-e-type=\"widget\" data-widget_type=\"text-editor.default\">\n\t\t\t\t<div class=\"elementor-widget-container\">\n\t\t\t\t\t\t\t\t\t<p>Si desafortunadamente no lograste establecerte en la uni\u00f3n americana, en tu regreso a M\u00e9xico realiza tus tr\u00e1mites en el INM, para que tengas todo en regla.<\/p><p>Penosamente mucha de la comunidad latina que vive en Estados Unidos ha sido deportada o ha decidido regresar a nuestro pa\u00eds por cuenta propia debido a las dificultades que actualmente viven por la dureza de la pol\u00edtica migratoria del actual presidente norteamericano.<\/p><p>Enfocados en que su regreso sea lo m\u00e1s seguro posible, en nuestra herramienta de <a href=\"https:\/\/accesolatino.org\/en\/orientacion-legal\/\">\u201cOrientaci\u00f3n Legal\u201d<\/a> tenemos el apartado \u00bfPlaneas regresar a M\u00e9xico? donde encontrar\u00e1s, entre varios temas, ayuda e informaci\u00f3n sobre \u201cTr\u00e1mites migratorios\u201d.<\/p><p>En esta tarjeta encontrar\u00e1s el sitio donde podr\u00e1s realizar cualquier tr\u00e1mite migratorio ante el Instituto Nacional de Migraci\u00f3n (INM) y as\u00f3 poder tener un regreso a casa seguro y con todo en regla.<\/p><p>Acceso Latino tu porta de apoyo migratorio.<\/p>\t\t\t\t\t\t\t\t<\/div>\n\t\t\t\t<\/div>\n\t\t\t\t<div class=\"elementor-element elementor-element-20f5e90 elementor-widget elementor-widget-spacer\" data-id=\"20f5e90\" data-element_type=\"widget\" data-e-type=\"widget\" data-widget_type=\"spacer.default\">\n\t\t\t\t<div class=\"elementor-widget-container\">\n\t\t\t\t\t\t\t<div class=\"elementor-spacer\">\n\t\t\t<div class=\"elementor-spacer-inner\"><\/div>\n\t\t<\/div>\n\t\t\t\t\t\t<\/div>\n\t\t\t\t<\/div>\n\t\t\t\t\t<\/div>\n\t\t<\/div>\n\t\t\t\t\t<\/div>\n\t\t<\/section>\n\t\t\t\t<\/div>","protected":false},"excerpt":{"rendered":"<p>Orientaci\u00f3n Legal En tu regreso a M\u00e9xico realiza tus tr\u00e1mites en el INM Si desafortunadamente no lograste establecerte en la uni\u00f3n americana, en tu regreso a M\u00e9xico realiza tus tr\u00e1mites en el INM, para que tengas todo en regla. Penosamente mucha de la comunidad latina que vive en Estados Unidos ha sido deportada o ha decidido regresar a nuestro pa\u00eds por cuenta propia debido a las dificultades que actualmente viven por la dureza de la pol\u00edtica migratoria del actual presidente norteamericano. Enfocados en que su regreso sea lo m\u00e1s seguro posible, en nuestra herramienta de \u201cOrientaci\u00f3n Legal\u201d tenemos el apartado \u00bfPlaneas regresar a M\u00e9xico? donde encontrar\u00e1s, entre varios temas, ayuda e informaci\u00f3n sobre \u201cTr\u00e1mites migratorios\u201d. En esta tarjeta encontrar\u00e1s el sitio donde podr\u00e1s realizar cualquier tr\u00e1mite migratorio ante el Instituto Nacional de Migraci\u00f3n (INM) y as\u00f3 poder tener un regreso a casa seguro y con todo en regla. Acceso Latino tu porta de apoyo migratorio.<\/p>","protected":false},"author":8,"featured_media":17251,"parent":0,"menu_order":0,"comment_status":"closed","ping_status":"closed","template":"elementor_header_footer","meta":{"_uf_show_specific_survey":0,"_uf_disable_surveys":false,"footnotes":""},"class_list":["post-17248","page","type-page","status-publish","has-post-thumbnail"],"aioseo_notices":[],"yoast_head":"<!-- This site is optimized with the Yoast SEO plugin v27.4 - https:\/\/yoast.com\/product\/yoast-seo-wordpress\/ -->\n<title>En tu regreso a M\u00e9xico realiza tus tr\u00e1mites en el INM<\/title>\n<meta name=\"description\" content=\"En tu regreso a M\u00e9xico realiza tus\u00a0tr\u00e1mites\u00a0en el INM Si desafortunadamente no lograste establecerte en la uni\u00f3n americana, en tu regreso...\" \/>\n<meta name=\"robots\" content=\"index, follow, max-snippet:-1, max-image-preview:large, max-video-preview:-1\" \/>\n<link rel=\"canonical\" href=\"https:\/\/accesolatino.org\/en\/en-tu-regreso-a-mexico-realiza-tus-tramites-en-el-inm\/\" \/>\n<meta property=\"og:locale\" content=\"en_US\" \/>\n<meta property=\"og:type\" content=\"article\" \/>\n<meta property=\"og:title\" content=\"Acceso Latino | En tu regreso a M\u00e9xico realiza tus tr\u00e1mites en el INM\" \/>\n<meta property=\"og:description\" content=\"En tu regreso a M\u00e9xico realiza tus tr\u00e1mites en el INM\" \/>\n<meta property=\"og:url\" content=\"https:\/\/accesolatino.org\/en\/en-tu-regreso-a-mexico-realiza-tus-tramites-en-el-inm\/\" \/>\n<meta property=\"og:site_name\" content=\"Acceso Latino\" \/>\n<meta property=\"article:publisher\" content=\"https:\/\/www.facebook.com\/AccesoLatinoOrg\" \/>\n<meta property=\"article:modified_time\" content=\"2025-10-17T19:22:34+00:00\" \/>\n<meta property=\"og:image\" content=\"https:\/\/accesolatino.org\/wp-content\/uploads\/2019\/05\/En-tu-regreso-a-M\u00e9xico-realiza-tus-tr\u00e1mites-en-el-INM.jpg\" \/>\n\t<meta property=\"og:image:width\" content=\"600\" \/>\n\t<meta property=\"og:image:height\" content=\"338\" \/>\n\t<meta property=\"og:image:type\" content=\"image\/jpeg\" \/>\n<meta name=\"twitter:card\" content=\"summary_large_image\" \/>\n<meta name=\"twitter:title\" content=\"Acceso Latino | En tu regreso a M\u00e9xico realiza tus tr\u00e1mites en el INM\" \/>\n<meta name=\"twitter:description\" content=\"En tu regreso a M\u00e9xico realiza tus tr\u00e1mites en el INM\" \/>\n<meta name=\"twitter:image\" content=\"https:\/\/accesolatino.org\/wp-content\/uploads\/2019\/05\/En-tu-regreso-a-M\u00e9xico-realiza-tus-tr\u00e1mites-en-el-INM.jpg\" \/>\n<meta name=\"twitter:site\" content=\"@FAccLatino\" \/>\n<meta name=\"twitter:label1\" content=\"Est. reading time\" \/>\n\t<meta name=\"twitter:data1\" content=\"1 minute\" \/>\n<script type=\"application\/ld+json\" class=\"yoast-schema-graph\">{\"@context\":\"https:\\\/\\\/schema.org\",\"@graph\":[{\"@type\":\"WebPage\",\"@id\":\"https:\\\/\\\/accesolatino.org\\\/en-tu-regreso-a-mexico-realiza-tus-tramites-en-el-inm\\\/\",\"url\":\"https:\\\/\\\/accesolatino.org\\\/en-tu-regreso-a-mexico-realiza-tus-tramites-en-el-inm\\\/\",\"name\":\"En tu regreso a M\u00e9xico realiza tus tr\u00e1mites en el INM\",\"isPartOf\":{\"@id\":\"https:\\\/\\\/accesolatino.org\\\/#website\"},\"primaryImageOfPage\":{\"@id\":\"https:\\\/\\\/accesolatino.org\\\/en-tu-regreso-a-mexico-realiza-tus-tramites-en-el-inm\\\/#primaryimage\"},\"image\":{\"@id\":\"https:\\\/\\\/accesolatino.org\\\/en-tu-regreso-a-mexico-realiza-tus-tramites-en-el-inm\\\/#primaryimage\"},\"thumbnailUrl\":\"https:\\\/\\\/accesolatino.org\\\/wp-content\\\/uploads\\\/2019\\\/05\\\/En-tu-regreso-a-M\u00e9xico-realiza-tus-tr\u00e1mites-en-el-INM.jpg\",\"datePublished\":\"2019-05-09T14:54:45+00:00\",\"dateModified\":\"2025-10-17T19:22:34+00:00\",\"description\":\"En tu regreso a M\u00e9xico realiza tus\u00a0tr\u00e1mites\u00a0en el INM Si desafortunadamente no lograste establecerte en la uni\u00f3n americana, en tu regreso...\",\"breadcrumb\":{\"@id\":\"https:\\\/\\\/accesolatino.org\\\/en-tu-regreso-a-mexico-realiza-tus-tramites-en-el-inm\\\/#breadcrumb\"},\"inLanguage\":\"en-US\",\"potentialAction\":[{\"@type\":\"ReadAction\",\"target\":[\"https:\\\/\\\/accesolatino.org\\\/en-tu-regreso-a-mexico-realiza-tus-tramites-en-el-inm\\\/\"]}]},{\"@type\":\"ImageObject\",\"inLanguage\":\"en-US\",\"@id\":\"https:\\\/\\\/accesolatino.org\\\/en-tu-regreso-a-mexico-realiza-tus-tramites-en-el-inm\\\/#primaryimage\",\"url\":\"https:\\\/\\\/accesolatino.org\\\/wp-content\\\/uploads\\\/2019\\\/05\\\/En-tu-regreso-a-M\u00e9xico-realiza-tus-tr\u00e1mites-en-el-INM.jpg\",\"contentUrl\":\"https:\\\/\\\/accesolatino.org\\\/wp-content\\\/uploads\\\/2019\\\/05\\\/En-tu-regreso-a-M\u00e9xico-realiza-tus-tr\u00e1mites-en-el-INM.jpg\",\"width\":600,\"height\":338,\"caption\":\"tr\u00e1mites\"},{\"@type\":\"BreadcrumbList\",\"@id\":\"https:\\\/\\\/accesolatino.org\\\/en-tu-regreso-a-mexico-realiza-tus-tramites-en-el-inm\\\/#breadcrumb\",\"itemListElement\":[{\"@type\":\"ListItem\",\"position\":1,\"name\":\"Portada\",\"item\":\"https:\\\/\\\/accesolatino.org\\\/\"},{\"@type\":\"ListItem\",\"position\":2,\"name\":\"En tu regreso a M\u00e9xico realiza tus tr\u00e1mites en el INM\"}]},{\"@type\":\"WebSite\",\"@id\":\"https:\\\/\\\/accesolatino.org\\\/#website\",\"url\":\"https:\\\/\\\/accesolatino.org\\\/\",\"name\":\"Acceso Latino | Fundaci\u00f3n Carlos Slim\",\"description\":\"Fundaci\u00f3n Carlos Slim\",\"publisher\":{\"@id\":\"https:\\\/\\\/accesolatino.org\\\/#organization\"},\"potentialAction\":[{\"@type\":\"SearchAction\",\"target\":{\"@type\":\"EntryPoint\",\"urlTemplate\":\"https:\\\/\\\/accesolatino.org\\\/?s={search_term_string}\"},\"query-input\":{\"@type\":\"PropertyValueSpecification\",\"valueRequired\":true,\"valueName\":\"search_term_string\"}}],\"inLanguage\":\"en-US\"},{\"@type\":\"Organization\",\"@id\":\"https:\\\/\\\/accesolatino.org\\\/#organization\",\"name\":\"Acceso Latino | Fundaci\u00f3n Carlos Slim\",\"url\":\"https:\\\/\\\/accesolatino.org\\\/\",\"logo\":{\"@type\":\"ImageObject\",\"inLanguage\":\"en-US\",\"@id\":\"https:\\\/\\\/accesolatino.org\\\/#\\\/schema\\\/logo\\\/image\\\/\",\"url\":\"https:\\\/\\\/accesolatino.org\\\/wp-content\\\/uploads\\\/2021\\\/02\\\/logo-footer-acceso-latino.png\",\"contentUrl\":\"https:\\\/\\\/accesolatino.org\\\/wp-content\\\/uploads\\\/2021\\\/02\\\/logo-footer-acceso-latino.png\",\"width\":240,\"height\":40,\"caption\":\"Acceso Latino | Fundaci\u00f3n Carlos Slim\"},\"image\":{\"@id\":\"https:\\\/\\\/accesolatino.org\\\/#\\\/schema\\\/logo\\\/image\\\/\"},\"sameAs\":[\"https:\\\/\\\/www.facebook.com\\\/AccesoLatinoOrg\",\"https:\\\/\\\/x.com\\\/FAccLatino\"]}]}<\/script>\n<!-- \/ Yoast SEO plugin. -->","yoast_head_json":{"title":"On your return to Mexico, complete your paperwork at the INM.","description":"En tu regreso a M\u00e9xico realiza tus\u00a0tr\u00e1mites\u00a0en el INM Si desafortunadamente no lograste establecerte en la uni\u00f3n americana, en tu regreso...","robots":{"index":"index","follow":"follow","max-snippet":"max-snippet:-1","max-image-preview":"max-image-preview:large","max-video-preview":"max-video-preview:-1"},"canonical":"https:\/\/accesolatino.org\/en\/en-tu-regreso-a-mexico-realiza-tus-tramites-en-el-inm\/","og_locale":"en_US","og_type":"article","og_title":"Acceso Latino | En tu regreso a M\u00e9xico realiza tus tr\u00e1mites en el INM","og_description":"En tu regreso a M\u00e9xico realiza tus tr\u00e1mites en el INM","og_url":"https:\/\/accesolatino.org\/en\/en-tu-regreso-a-mexico-realiza-tus-tramites-en-el-inm\/","og_site_name":"Acceso Latino","article_publisher":"https:\/\/www.facebook.com\/AccesoLatinoOrg","article_modified_time":"2025-10-17T19:22:34+00:00","og_image":[{"width":600,"height":338,"url":"https:\/\/accesolatino.org\/wp-content\/uploads\/2019\/05\/En-tu-regreso-a-M\u00e9xico-realiza-tus-tr\u00e1mites-en-el-INM.jpg","type":"image\/jpeg"}],"twitter_card":"summary_large_image","twitter_title":"Acceso Latino | En tu regreso a M\u00e9xico realiza tus tr\u00e1mites en el INM","twitter_description":"En tu regreso a M\u00e9xico realiza tus tr\u00e1mites en el INM","twitter_image":"https:\/\/accesolatino.org\/wp-content\/uploads\/2019\/05\/En-tu-regreso-a-M\u00e9xico-realiza-tus-tr\u00e1mites-en-el-INM.jpg","twitter_site":"@FAccLatino","twitter_misc":{"Est. reading time":"1 minute"},"schema":{"@context":"https:\/\/schema.org","@graph":[{"@type":"WebPage","@id":"https:\/\/accesolatino.org\/en-tu-regreso-a-mexico-realiza-tus-tramites-en-el-inm\/","url":"https:\/\/accesolatino.org\/en-tu-regreso-a-mexico-realiza-tus-tramites-en-el-inm\/","name":"On your return to Mexico, complete your paperwork at the INM.","isPartOf":{"@id":"https:\/\/accesolatino.org\/#website"},"primaryImageOfPage":{"@id":"https:\/\/accesolatino.org\/en-tu-regreso-a-mexico-realiza-tus-tramites-en-el-inm\/#primaryimage"},"image":{"@id":"https:\/\/accesolatino.org\/en-tu-regreso-a-mexico-realiza-tus-tramites-en-el-inm\/#primaryimage"},"thumbnailUrl":"https:\/\/accesolatino.org\/wp-content\/uploads\/2019\/05\/En-tu-regreso-a-M\u00e9xico-realiza-tus-tr\u00e1mites-en-el-INM.jpg","datePublished":"2019-05-09T14:54:45+00:00","dateModified":"2025-10-17T19:22:34+00:00","description":"En tu regreso a M\u00e9xico realiza tus\u00a0tr\u00e1mites\u00a0en el INM Si desafortunadamente no lograste establecerte en la uni\u00f3n americana, en tu regreso...","breadcrumb":{"@id":"https:\/\/accesolatino.org\/en-tu-regreso-a-mexico-realiza-tus-tramites-en-el-inm\/#breadcrumb"},"inLanguage":"en-US","potentialAction":[{"@type":"ReadAction","target":["https:\/\/accesolatino.org\/en-tu-regreso-a-mexico-realiza-tus-tramites-en-el-inm\/"]}]},{"@type":"ImageObject","inLanguage":"en-US","@id":"https:\/\/accesolatino.org\/en-tu-regreso-a-mexico-realiza-tus-tramites-en-el-inm\/#primaryimage","url":"https:\/\/accesolatino.org\/wp-content\/uploads\/2019\/05\/En-tu-regreso-a-M\u00e9xico-realiza-tus-tr\u00e1mites-en-el-INM.jpg","contentUrl":"https:\/\/accesolatino.org\/wp-content\/uploads\/2019\/05\/En-tu-regreso-a-M\u00e9xico-realiza-tus-tr\u00e1mites-en-el-INM.jpg","width":600,"height":338,"caption":"tr\u00e1mites"},{"@type":"BreadcrumbList","@id":"https:\/\/accesolatino.org\/en-tu-regreso-a-mexico-realiza-tus-tramites-en-el-inm\/#breadcrumb","itemListElement":[{"@type":"ListItem","position":1,"name":"Portada","item":"https:\/\/accesolatino.org\/"},{"@type":"ListItem","position":2,"name":"En tu regreso a M\u00e9xico realiza tus tr\u00e1mites en el INM"}]},{"@type":"WebSite","@id":"https:\/\/accesolatino.org\/#website","url":"https:\/\/accesolatino.org\/","name":"Acceso Latino | Fundaci\u00f3n Carlos Slim","description":"Fundaci\u00f3n Carlos Slim","publisher":{"@id":"https:\/\/accesolatino.org\/#organization"},"potentialAction":[{"@type":"SearchAction","target":{"@type":"EntryPoint","urlTemplate":"https:\/\/accesolatino.org\/?s={search_term_string}"},"query-input":{"@type":"PropertyValueSpecification","valueRequired":true,"valueName":"search_term_string"}}],"inLanguage":"en-US"},{"@type":"Organization","@id":"https:\/\/accesolatino.org\/#organization","name":"Acceso Latino | Fundaci\u00f3n Carlos Slim","url":"https:\/\/accesolatino.org\/","logo":{"@type":"ImageObject","inLanguage":"en-US","@id":"https:\/\/accesolatino.org\/#\/schema\/logo\/image\/","url":"https:\/\/accesolatino.org\/wp-content\/uploads\/2021\/02\/logo-footer-acceso-latino.png","contentUrl":"https:\/\/accesolatino.org\/wp-content\/uploads\/2021\/02\/logo-footer-acceso-latino.png","width":240,"height":40,"caption":"Acceso Latino | Fundaci\u00f3n Carlos Slim"},"image":{"@id":"https:\/\/accesolatino.org\/#\/schema\/logo\/image\/"},"sameAs":["https:\/\/www.facebook.com\/AccesoLatinoOrg","https:\/\/x.com\/FAccLatino"]}]}},"_links":{"self":[{"href":"https:\/\/accesolatino.org\/en\/wp-json\/wp\/v2\/pages\/17248","targetHints":{"allow":["GET"]}}],"collection":[{"href":"https:\/\/accesolatino.org\/en\/wp-json\/wp\/v2\/pages"}],"about":[{"href":"https:\/\/accesolatino.org\/en\/wp-json\/wp\/v2\/types\/page"}],"author":[{"embeddable":true,"href":"https:\/\/accesolatino.org\/en\/wp-json\/wp\/v2\/users\/8"}],"replies":[{"embeddable":true,"href":"https:\/\/accesolatino.org\/en\/wp-json\/wp\/v2\/comments?post=17248"}],"version-history":[{"count":1,"href":"https:\/\/accesolatino.org\/en\/wp-json\/wp\/v2\/pages\/17248\/revisions"}],"predecessor-version":[{"id":64206,"href":"https:\/\/accesolatino.org\/en\/wp-json\/wp\/v2\/pages\/17248\/revisions\/64206"}],"wp:featuredmedia":[{"embeddable":true,"href":"https:\/\/accesolatino.org\/en\/wp-json\/wp\/v2\/media\/17251"}],"wp:attachment":[{"href":"https:\/\/accesolatino.org\/en\/wp-json\/wp\/v2\/media?parent=17248"}],"curies":[{"name":"wp","href":"https:\/\/api.w.org\/{rel}","templated":true}]}}