{"id":17231,"date":"2019-05-08T09:18:34","date_gmt":"2019-05-08T14:18:34","guid":{"rendered":"https:\/\/accesolatino.org\/?page_id=17231"},"modified":"2025-10-17T18:21:13","modified_gmt":"2025-10-18T00:21:13","slug":"vermont-tiene-una-licencia-para-ti-2","status":"publish","type":"page","link":"https:\/\/accesolatino.org\/en\/vermont-tiene-una-licencia-para-ti-2\/","title":{"rendered":"Vermont has a license for you"},"content":{"rendered":"<div data-elementor-type=\"wp-post\" data-elementor-id=\"17231\" class=\"elementor elementor-17231\">\n\t\t\t\t\t\t<section class=\"elementor-section elementor-top-section elementor-element elementor-element-4a40805 elementor-section-full_width elementor-section-height-min-height elementor-section-items-stretch elementor-section-height-default wpr-particle-no wpr-jarallax-no wpr-parallax-no wpr-sticky-section-no\" data-id=\"4a40805\" data-element_type=\"section\" data-e-type=\"section\" data-settings=\"{&quot;background_background&quot;:&quot;classic&quot;}\">\n\t\t\t\t\t\t<div class=\"elementor-container elementor-column-gap-no\">\n\t\t\t\t\t<div class=\"elementor-column elementor-col-100 elementor-top-column elementor-element elementor-element-177249f\" data-id=\"177249f\" data-element_type=\"column\" data-e-type=\"column\">\n\t\t\t<div class=\"elementor-widget-wrap elementor-element-populated\">\n\t\t\t\t\t\t<div class=\"elementor-element elementor-element-d0ce7d1 elementor--h-position-center elementor--v-position-middle elementor-widget elementor-widget-slides\" data-id=\"d0ce7d1\" data-element_type=\"widget\" data-e-type=\"widget\" data-settings=\"{&quot;navigation&quot;:&quot;none&quot;,&quot;infinite&quot;:&quot;yes&quot;,&quot;transition&quot;:&quot;slide&quot;,&quot;transition_speed&quot;:500}\" data-widget_type=\"slides.default\">\n\t\t\t\t<div class=\"elementor-widget-container\">\n\t\t\t\t\t\t\t<div class=\"elementor-swiper\">\n\t\t\t<div class=\"elementor-slides-wrapper elementor-main-swiper swiper-container\" dir=\"ltr\" data-animation=\"\">\n\t\t\t\t<div class=\"swiper-wrapper elementor-slides\">\n\t\t\t\t\t\t\t\t\t\t<div class=\"elementor-repeater-item-d983a28 swiper-slide\"><div class=\"swiper-slide-bg\"><\/div><div class=\"swiper-slide-inner\" ><div class=\"swiper-slide-contents\"><div class=\"elementor-slide-heading\">Processing of Licenses<\/div><\/div><\/div><\/div>\t\t\t\t<\/div>\n\t\t\t\t\t\t\t<\/div>\n\t\t<\/div>\n\t\t\t\t\t\t<\/div>\n\t\t\t\t<\/div>\n\t\t\t\t\t<\/div>\n\t\t<\/div>\n\t\t\t\t\t<\/div>\n\t\t<\/section>\n\t\t\t\t<section class=\"elementor-section elementor-top-section elementor-element elementor-element-a2064f3 elementor-section-stretched elementor-section-boxed elementor-section-height-default elementor-section-height-default wpr-particle-no wpr-jarallax-no wpr-parallax-no wpr-sticky-section-no\" data-id=\"a2064f3\" data-element_type=\"section\" data-e-type=\"section\" data-settings=\"{&quot;stretch_section&quot;:&quot;section-stretched&quot;,&quot;background_background&quot;:&quot;classic&quot;}\">\n\t\t\t\t\t\t<div class=\"elementor-container elementor-column-gap-default\">\n\t\t\t\t\t<div class=\"elementor-column elementor-col-100 elementor-top-column elementor-element elementor-element-81081fb\" data-id=\"81081fb\" data-element_type=\"column\" data-e-type=\"column\">\n\t\t\t<div class=\"elementor-widget-wrap elementor-element-populated\">\n\t\t\t\t\t\t<div class=\"elementor-element elementor-element-a9c4611 elementor-widget elementor-widget-heading\" data-id=\"a9c4611\" data-element_type=\"widget\" data-e-type=\"widget\" data-widget_type=\"heading.default\">\n\t\t\t\t<div class=\"elementor-widget-container\">\n\t\t\t\t\t<h3 class=\"elementor-heading-title elementor-size-default\">Vermont has a license for you\n<\/h3>\t\t\t\t<\/div>\n\t\t\t\t<\/div>\n\t\t\t\t<div class=\"elementor-element elementor-element-fe8a35a elementor-widget elementor-widget-text-editor\" data-id=\"fe8a35a\" data-element_type=\"widget\" data-e-type=\"widget\" data-widget_type=\"text-editor.default\">\n\t\t\t\t<div class=\"elementor-widget-container\">\n\t\t\t\t\t\t\t\t\t<p>Las personas que residen en el estado de Vermont, y no cuentan con papeles que acrediten su estancia legal en EUA, pueden obtener su licencia de conducir. Acceso Latino te brinda la herramienta de <a href=\"https:\/\/accesolatino.org\/en\/licencias\/\">\u201cLicencias de Manejo\u201d<\/a>, que te ayudar\u00e1 a conocer el proceso y la informaci\u00f3n que necesitas para obtener tu licencia en algunos de los estados de la Uni\u00f3n Americana.<\/p><p>En nuestra herramienta encontrar\u00e1s una tarjeta por cada uno de los estados que otorgan licencias de conducir a los migrantes que no tengan la residencia legal en Estados Unidos; en la tarjeta de Vermont encontrar\u00e1s los requisitos necesarios para comenzar tu tr\u00e1mite.<\/p><p>En Acceso Latino tu primera ventana de consulta migratoria, te ofrecemos una gu\u00eda donde encontrar\u00e1s paso a paso los requisitos que necesitas para poder obtener tu Licencia de Manejo si radicas en Vermont.<\/p><p>Algunos de los pasos que necesitas realizar en el proceso para tramitar tu licencia de conducir en Vermont son:<\/p><p>Reunir la documentaci\u00f3n necesaria para tramitar la licencia de conducir.<\/p><p>Acreditar el examen te\u00f3rico y pr\u00e1ctico.<\/p><p>Acudir a una cita y llenar la solicitud para la licencia de manejo.<\/p><p>Es importante recordar que la licencia de manejo para migrantes de Vermont no es v\u00e1lida para utilizarse como identificaci\u00f3n.<\/p>\t\t\t\t\t\t\t\t<\/div>\n\t\t\t\t<\/div>\n\t\t\t\t<div class=\"elementor-element elementor-element-110e0e8 elementor-widget elementor-widget-spacer\" data-id=\"110e0e8\" data-element_type=\"widget\" data-e-type=\"widget\" data-widget_type=\"spacer.default\">\n\t\t\t\t<div class=\"elementor-widget-container\">\n\t\t\t\t\t\t\t<div class=\"elementor-spacer\">\n\t\t\t<div class=\"elementor-spacer-inner\"><\/div>\n\t\t<\/div>\n\t\t\t\t\t\t<\/div>\n\t\t\t\t<\/div>\n\t\t\t\t\t<\/div>\n\t\t<\/div>\n\t\t\t\t\t<\/div>\n\t\t<\/section>\n\t\t\t\t<\/div>","protected":false},"excerpt":{"rendered":"<p>Tr\u00e1mite de Licencias Vermont tiene una licencia para ti Las personas que residen en el estado de Vermont, y no cuentan con papeles que acrediten su estancia legal en EUA, pueden obtener su licencia de conducir. Acceso Latino te brinda la herramienta de \u201cLicencias de Manejo\u201d, que te ayudar\u00e1 a conocer el proceso y la informaci\u00f3n que necesitas para obtener tu licencia en algunos de los estados de la Uni\u00f3n Americana. En nuestra herramienta encontrar\u00e1s una tarjeta por cada uno de los estados que otorgan licencias de conducir a los migrantes que no tengan la residencia legal en Estados Unidos; en la tarjeta de Vermont encontrar\u00e1s los requisitos necesarios para comenzar tu tr\u00e1mite. En Acceso Latino tu primera ventana de consulta migratoria, te ofrecemos una gu\u00eda donde encontrar\u00e1s paso a paso los requisitos que necesitas para poder obtener tu Licencia de Manejo si radicas en Vermont. Algunos de los pasos que necesitas realizar en el proceso para tramitar tu licencia de conducir en Vermont son: Reunir la documentaci\u00f3n necesaria para tramitar la licencia de conducir. Acreditar el examen te\u00f3rico y pr\u00e1ctico. Acudir a una cita y llenar la solicitud para la licencia de manejo. Es importante recordar que la licencia de manejo para migrantes de Vermont no es v\u00e1lida para utilizarse como identificaci\u00f3n.<\/p>","protected":false},"author":9,"featured_media":17228,"parent":0,"menu_order":0,"comment_status":"closed","ping_status":"closed","template":"elementor_header_footer","meta":{"_uf_show_specific_survey":0,"_uf_disable_surveys":false,"footnotes":""},"class_list":["post-17231","page","type-page","status-publish","has-post-thumbnail"],"aioseo_notices":[],"yoast_head":"<!-- This site is optimized with the Yoast SEO plugin v27.3 - https:\/\/yoast.com\/product\/yoast-seo-wordpress\/ -->\n<title>Vermont tiene una licencia para ti<\/title>\n<meta name=\"description\" content=\"Conoce las Instituciones que te pueden ser de ayuda en otros pa\u00edses.\" \/>\n<meta name=\"robots\" content=\"index, follow, max-snippet:-1, max-image-preview:large, max-video-preview:-1\" \/>\n<link rel=\"canonical\" href=\"https:\/\/accesolatino.org\/en\/vermont-tiene-una-licencia-para-ti-2\/\" \/>\n<meta property=\"og:locale\" content=\"en_US\" \/>\n<meta property=\"og:type\" content=\"article\" \/>\n<meta property=\"og:title\" content=\"Acceso Latino | Vermont tiene una licencia para ti\" \/>\n<meta property=\"og:description\" content=\"Conoce las Instituciones que te pueden ser de ayuda en otros pa\u00edses.\" \/>\n<meta property=\"og:url\" content=\"https:\/\/accesolatino.org\/en\/vermont-tiene-una-licencia-para-ti-2\/\" \/>\n<meta property=\"og:site_name\" content=\"Acceso Latino\" \/>\n<meta property=\"article:publisher\" content=\"https:\/\/www.facebook.com\/AccesoLatinoOrg\" \/>\n<meta property=\"article:modified_time\" content=\"2025-10-18T00:21:13+00:00\" \/>\n<meta property=\"og:image\" content=\"https:\/\/accesolatino.org\/wp-content\/uploads\/2019\/05\/Vermont-tiene-una-licencia-para-ti.jpg\" \/>\n\t<meta property=\"og:image:width\" content=\"600\" \/>\n\t<meta property=\"og:image:height\" content=\"338\" \/>\n\t<meta property=\"og:image:type\" content=\"image\/jpeg\" \/>\n<meta name=\"twitter:card\" content=\"summary_large_image\" \/>\n<meta name=\"twitter:title\" content=\"Acceso Latino | Vermont tiene una licencia para ti\" \/>\n<meta name=\"twitter:description\" content=\"Conoce las Instituciones que te pueden ser de ayuda en otros pa\u00edses.\" \/>\n<meta name=\"twitter:image\" content=\"https:\/\/accesolatino.org\/wp-content\/uploads\/2019\/05\/Vermont-tiene-una-licencia-para-ti.jpg\" \/>\n<meta name=\"twitter:site\" content=\"@FAccLatino\" \/>\n<meta name=\"twitter:label1\" content=\"Est. reading time\" \/>\n\t<meta name=\"twitter:data1\" content=\"2 minutes\" \/>\n<script type=\"application\/ld+json\" class=\"yoast-schema-graph\">{\"@context\":\"https:\\\/\\\/schema.org\",\"@graph\":[{\"@type\":\"WebPage\",\"@id\":\"https:\\\/\\\/accesolatino.org\\\/en\\\/vermont-tiene-una-licencia-para-ti-2\\\/\",\"url\":\"https:\\\/\\\/accesolatino.org\\\/en\\\/vermont-tiene-una-licencia-para-ti-2\\\/\",\"name\":\"Vermont tiene una licencia para ti\",\"isPartOf\":{\"@id\":\"https:\\\/\\\/accesolatino.org\\\/#website\"},\"primaryImageOfPage\":{\"@id\":\"https:\\\/\\\/accesolatino.org\\\/en\\\/vermont-tiene-una-licencia-para-ti-2\\\/#primaryimage\"},\"image\":{\"@id\":\"https:\\\/\\\/accesolatino.org\\\/en\\\/vermont-tiene-una-licencia-para-ti-2\\\/#primaryimage\"},\"thumbnailUrl\":\"https:\\\/\\\/accesolatino.org\\\/wp-content\\\/uploads\\\/2019\\\/05\\\/Vermont-tiene-una-licencia-para-ti.jpg\",\"datePublished\":\"2019-05-08T14:18:34+00:00\",\"dateModified\":\"2025-10-18T00:21:13+00:00\",\"description\":\"Conoce las Instituciones que te pueden ser de ayuda en otros pa\u00edses.\",\"breadcrumb\":{\"@id\":\"https:\\\/\\\/accesolatino.org\\\/en\\\/vermont-tiene-una-licencia-para-ti-2\\\/#breadcrumb\"},\"inLanguage\":\"en-US\",\"potentialAction\":[{\"@type\":\"ReadAction\",\"target\":[\"https:\\\/\\\/accesolatino.org\\\/en\\\/vermont-tiene-una-licencia-para-ti-2\\\/\"]}]},{\"@type\":\"ImageObject\",\"inLanguage\":\"en-US\",\"@id\":\"https:\\\/\\\/accesolatino.org\\\/en\\\/vermont-tiene-una-licencia-para-ti-2\\\/#primaryimage\",\"url\":\"https:\\\/\\\/accesolatino.org\\\/wp-content\\\/uploads\\\/2019\\\/05\\\/Vermont-tiene-una-licencia-para-ti.jpg\",\"contentUrl\":\"https:\\\/\\\/accesolatino.org\\\/wp-content\\\/uploads\\\/2019\\\/05\\\/Vermont-tiene-una-licencia-para-ti.jpg\",\"width\":600,\"height\":338},{\"@type\":\"BreadcrumbList\",\"@id\":\"https:\\\/\\\/accesolatino.org\\\/en\\\/vermont-tiene-una-licencia-para-ti-2\\\/#breadcrumb\",\"itemListElement\":[{\"@type\":\"ListItem\",\"position\":1,\"name\":\"Portada\",\"item\":\"https:\\\/\\\/accesolatino.org\\\/\"},{\"@type\":\"ListItem\",\"position\":2,\"name\":\"Vermont tiene una licencia para ti\"}]},{\"@type\":\"WebSite\",\"@id\":\"https:\\\/\\\/accesolatino.org\\\/#website\",\"url\":\"https:\\\/\\\/accesolatino.org\\\/\",\"name\":\"Acceso Latino | Fundaci\u00f3n Carlos Slim\",\"description\":\"Fundaci\u00f3n Carlos Slim\",\"publisher\":{\"@id\":\"https:\\\/\\\/accesolatino.org\\\/#organization\"},\"potentialAction\":[{\"@type\":\"SearchAction\",\"target\":{\"@type\":\"EntryPoint\",\"urlTemplate\":\"https:\\\/\\\/accesolatino.org\\\/?s={search_term_string}\"},\"query-input\":{\"@type\":\"PropertyValueSpecification\",\"valueRequired\":true,\"valueName\":\"search_term_string\"}}],\"inLanguage\":\"en-US\"},{\"@type\":\"Organization\",\"@id\":\"https:\\\/\\\/accesolatino.org\\\/#organization\",\"name\":\"Acceso Latino | Fundaci\u00f3n Carlos Slim\",\"url\":\"https:\\\/\\\/accesolatino.org\\\/\",\"logo\":{\"@type\":\"ImageObject\",\"inLanguage\":\"en-US\",\"@id\":\"https:\\\/\\\/accesolatino.org\\\/#\\\/schema\\\/logo\\\/image\\\/\",\"url\":\"https:\\\/\\\/accesolatino.org\\\/wp-content\\\/uploads\\\/2021\\\/02\\\/logo-footer-acceso-latino.png\",\"contentUrl\":\"https:\\\/\\\/accesolatino.org\\\/wp-content\\\/uploads\\\/2021\\\/02\\\/logo-footer-acceso-latino.png\",\"width\":240,\"height\":40,\"caption\":\"Acceso Latino | Fundaci\u00f3n Carlos Slim\"},\"image\":{\"@id\":\"https:\\\/\\\/accesolatino.org\\\/#\\\/schema\\\/logo\\\/image\\\/\"},\"sameAs\":[\"https:\\\/\\\/www.facebook.com\\\/AccesoLatinoOrg\",\"https:\\\/\\\/x.com\\\/FAccLatino\"]}]}<\/script>\n<!-- \/ Yoast SEO plugin. -->","yoast_head_json":{"title":"Vermont has a license for you","description":"Conoce las Instituciones que te pueden ser de ayuda en otros pa\u00edses.","robots":{"index":"index","follow":"follow","max-snippet":"max-snippet:-1","max-image-preview":"max-image-preview:large","max-video-preview":"max-video-preview:-1"},"canonical":"https:\/\/accesolatino.org\/en\/vermont-tiene-una-licencia-para-ti-2\/","og_locale":"en_US","og_type":"article","og_title":"Acceso Latino | Vermont tiene una licencia para ti","og_description":"Conoce las Instituciones que te pueden ser de ayuda en otros pa\u00edses.","og_url":"https:\/\/accesolatino.org\/en\/vermont-tiene-una-licencia-para-ti-2\/","og_site_name":"Acceso Latino","article_publisher":"https:\/\/www.facebook.com\/AccesoLatinoOrg","article_modified_time":"2025-10-18T00:21:13+00:00","og_image":[{"width":600,"height":338,"url":"https:\/\/accesolatino.org\/wp-content\/uploads\/2019\/05\/Vermont-tiene-una-licencia-para-ti.jpg","type":"image\/jpeg"}],"twitter_card":"summary_large_image","twitter_title":"Acceso Latino | Vermont tiene una licencia para ti","twitter_description":"Conoce las Instituciones que te pueden ser de ayuda en otros pa\u00edses.","twitter_image":"https:\/\/accesolatino.org\/wp-content\/uploads\/2019\/05\/Vermont-tiene-una-licencia-para-ti.jpg","twitter_site":"@FAccLatino","twitter_misc":{"Est. reading time":"2 minutes"},"schema":{"@context":"https:\/\/schema.org","@graph":[{"@type":"WebPage","@id":"https:\/\/accesolatino.org\/en\/vermont-tiene-una-licencia-para-ti-2\/","url":"https:\/\/accesolatino.org\/en\/vermont-tiene-una-licencia-para-ti-2\/","name":"Vermont has a license for you","isPartOf":{"@id":"https:\/\/accesolatino.org\/#website"},"primaryImageOfPage":{"@id":"https:\/\/accesolatino.org\/en\/vermont-tiene-una-licencia-para-ti-2\/#primaryimage"},"image":{"@id":"https:\/\/accesolatino.org\/en\/vermont-tiene-una-licencia-para-ti-2\/#primaryimage"},"thumbnailUrl":"https:\/\/accesolatino.org\/wp-content\/uploads\/2019\/05\/Vermont-tiene-una-licencia-para-ti.jpg","datePublished":"2019-05-08T14:18:34+00:00","dateModified":"2025-10-18T00:21:13+00:00","description":"Conoce las Instituciones que te pueden ser de ayuda en otros pa\u00edses.","breadcrumb":{"@id":"https:\/\/accesolatino.org\/en\/vermont-tiene-una-licencia-para-ti-2\/#breadcrumb"},"inLanguage":"en-US","potentialAction":[{"@type":"ReadAction","target":["https:\/\/accesolatino.org\/en\/vermont-tiene-una-licencia-para-ti-2\/"]}]},{"@type":"ImageObject","inLanguage":"en-US","@id":"https:\/\/accesolatino.org\/en\/vermont-tiene-una-licencia-para-ti-2\/#primaryimage","url":"https:\/\/accesolatino.org\/wp-content\/uploads\/2019\/05\/Vermont-tiene-una-licencia-para-ti.jpg","contentUrl":"https:\/\/accesolatino.org\/wp-content\/uploads\/2019\/05\/Vermont-tiene-una-licencia-para-ti.jpg","width":600,"height":338},{"@type":"BreadcrumbList","@id":"https:\/\/accesolatino.org\/en\/vermont-tiene-una-licencia-para-ti-2\/#breadcrumb","itemListElement":[{"@type":"ListItem","position":1,"name":"Portada","item":"https:\/\/accesolatino.org\/"},{"@type":"ListItem","position":2,"name":"Vermont tiene una licencia para ti"}]},{"@type":"WebSite","@id":"https:\/\/accesolatino.org\/#website","url":"https:\/\/accesolatino.org\/","name":"Acceso Latino | Fundaci\u00f3n Carlos Slim","description":"Fundaci\u00f3n Carlos Slim","publisher":{"@id":"https:\/\/accesolatino.org\/#organization"},"potentialAction":[{"@type":"SearchAction","target":{"@type":"EntryPoint","urlTemplate":"https:\/\/accesolatino.org\/?s={search_term_string}"},"query-input":{"@type":"PropertyValueSpecification","valueRequired":true,"valueName":"search_term_string"}}],"inLanguage":"en-US"},{"@type":"Organization","@id":"https:\/\/accesolatino.org\/#organization","name":"Acceso Latino | Fundaci\u00f3n Carlos Slim","url":"https:\/\/accesolatino.org\/","logo":{"@type":"ImageObject","inLanguage":"en-US","@id":"https:\/\/accesolatino.org\/#\/schema\/logo\/image\/","url":"https:\/\/accesolatino.org\/wp-content\/uploads\/2021\/02\/logo-footer-acceso-latino.png","contentUrl":"https:\/\/accesolatino.org\/wp-content\/uploads\/2021\/02\/logo-footer-acceso-latino.png","width":240,"height":40,"caption":"Acceso Latino | Fundaci\u00f3n Carlos Slim"},"image":{"@id":"https:\/\/accesolatino.org\/#\/schema\/logo\/image\/"},"sameAs":["https:\/\/www.facebook.com\/AccesoLatinoOrg","https:\/\/x.com\/FAccLatino"]}]}},"_links":{"self":[{"href":"https:\/\/accesolatino.org\/en\/wp-json\/wp\/v2\/pages\/17231","targetHints":{"allow":["GET"]}}],"collection":[{"href":"https:\/\/accesolatino.org\/en\/wp-json\/wp\/v2\/pages"}],"about":[{"href":"https:\/\/accesolatino.org\/en\/wp-json\/wp\/v2\/types\/page"}],"author":[{"embeddable":true,"href":"https:\/\/accesolatino.org\/en\/wp-json\/wp\/v2\/users\/9"}],"replies":[{"embeddable":true,"href":"https:\/\/accesolatino.org\/en\/wp-json\/wp\/v2\/comments?post=17231"}],"version-history":[{"count":1,"href":"https:\/\/accesolatino.org\/en\/wp-json\/wp\/v2\/pages\/17231\/revisions"}],"predecessor-version":[{"id":64286,"href":"https:\/\/accesolatino.org\/en\/wp-json\/wp\/v2\/pages\/17231\/revisions\/64286"}],"wp:featuredmedia":[{"embeddable":true,"href":"https:\/\/accesolatino.org\/en\/wp-json\/wp\/v2\/media\/17228"}],"wp:attachment":[{"href":"https:\/\/accesolatino.org\/en\/wp-json\/wp\/v2\/media?parent=17231"}],"curies":[{"name":"wp","href":"https:\/\/api.w.org\/{rel}","templated":true}]}}