{"id":17198,"date":"2019-01-14T15:18:38","date_gmt":"2019-01-14T21:18:38","guid":{"rendered":"https:\/\/accesolatino.org\/?page_id=17198"},"modified":"2025-10-16T17:14:19","modified_gmt":"2025-10-16T23:14:19","slug":"capacitate-para-obtener-tu-ciudadania-en-las-sedes-de-la-unam-en-eu","status":"publish","type":"page","link":"https:\/\/accesolatino.org\/en\/capacitate-para-obtener-tu-ciudadania-en-las-sedes-de-la-unam-en-eu\/","title":{"rendered":"Get training to obtain your citizenship at the UNAM campuses in the U.S."},"content":{"rendered":"<div data-elementor-type=\"wp-post\" data-elementor-id=\"17198\" class=\"elementor elementor-17198\">\n\t\t\t\t\t\t<section class=\"elementor-section elementor-top-section elementor-element elementor-element-7e67c97 elementor-section-full_width elementor-section-height-min-height elementor-section-items-stretch elementor-section-height-default wpr-particle-no wpr-jarallax-no wpr-parallax-no wpr-sticky-section-no wpr-equal-height-no\" data-id=\"7e67c97\" data-element_type=\"section\" data-e-type=\"section\" data-settings=\"{&quot;background_background&quot;:&quot;classic&quot;}\">\n\t\t\t\t\t\t<div class=\"elementor-container elementor-column-gap-no\">\n\t\t\t\t\t<div class=\"elementor-column elementor-col-100 elementor-top-column elementor-element elementor-element-50a3417\" data-id=\"50a3417\" data-element_type=\"column\" data-e-type=\"column\">\n\t\t\t<div class=\"elementor-widget-wrap elementor-element-populated\">\n\t\t\t\t\t\t<div class=\"elementor-element elementor-element-3ebdde2 elementor--h-position-center elementor--v-position-middle elementor-widget elementor-widget-slides\" data-id=\"3ebdde2\" data-element_type=\"widget\" data-e-type=\"widget\" data-settings=\"{&quot;navigation&quot;:&quot;none&quot;,&quot;infinite&quot;:&quot;yes&quot;,&quot;transition&quot;:&quot;slide&quot;,&quot;transition_speed&quot;:500}\" data-widget_type=\"slides.default\">\n\t\t\t\t<div class=\"elementor-widget-container\">\n\t\t\t\t\t\t\t<div class=\"elementor-swiper\">\n\t\t\t<div class=\"elementor-slides-wrapper elementor-main-swiper swiper-container\" dir=\"ltr\" data-animation=\"\">\n\t\t\t\t<div class=\"swiper-wrapper elementor-slides\">\n\t\t\t\t\t\t\t\t\t\t<div class=\"elementor-repeater-item-d983a28 swiper-slide\"><div class=\"swiper-slide-bg\"><\/div><div class=\"swiper-slide-inner\" ><div class=\"swiper-slide-contents\"><div class=\"elementor-slide-heading\">Education<\/div><\/div><\/div><\/div>\t\t\t\t<\/div>\n\t\t\t\t\t\t\t<\/div>\n\t\t<\/div>\n\t\t\t\t\t\t<\/div>\n\t\t\t\t<\/div>\n\t\t\t\t\t<\/div>\n\t\t<\/div>\n\t\t\t\t\t<\/div>\n\t\t<\/section>\n\t\t\t\t<section class=\"elementor-section elementor-top-section elementor-element elementor-element-e4ace06 elementor-section-stretched elementor-section-boxed elementor-section-height-default elementor-section-height-default wpr-particle-no wpr-jarallax-no wpr-parallax-no wpr-sticky-section-no wpr-equal-height-no\" data-id=\"e4ace06\" data-element_type=\"section\" data-e-type=\"section\" data-settings=\"{&quot;stretch_section&quot;:&quot;section-stretched&quot;,&quot;background_background&quot;:&quot;classic&quot;}\">\n\t\t\t\t\t\t<div class=\"elementor-container elementor-column-gap-default\">\n\t\t\t\t\t<div class=\"elementor-column elementor-col-100 elementor-top-column elementor-element elementor-element-ca49b90\" data-id=\"ca49b90\" data-element_type=\"column\" data-e-type=\"column\">\n\t\t\t<div class=\"elementor-widget-wrap elementor-element-populated\">\n\t\t\t\t\t\t<div class=\"elementor-element elementor-element-04d0a65 elementor-widget elementor-widget-heading\" data-id=\"04d0a65\" data-element_type=\"widget\" data-e-type=\"widget\" data-widget_type=\"heading.default\">\n\t\t\t\t<div class=\"elementor-widget-container\">\n\t\t\t\t\t<h3 class=\"elementor-heading-title elementor-size-default\">Get training to obtain your citizenship at the UNAM campuses in the U.S.<\/h3>\t\t\t\t<\/div>\n\t\t\t\t<\/div>\n\t\t\t\t<div class=\"elementor-element elementor-element-1125d48 elementor-widget elementor-widget-text-editor\" data-id=\"1125d48\" data-element_type=\"widget\" data-e-type=\"widget\" data-widget_type=\"text-editor.default\">\n\t\t\t\t<div class=\"elementor-widget-container\">\n\t\t\t\t\t\t\t\t\t<p>La Universidad Nacional Aut\u00f3noma de M\u00e9xico extiende sus servicios a los mexicanos que se encuentran fuera en el extranjero.<\/p>\n<p>Sin importar en qu\u00e9 pa\u00eds radicas, puedes ingresar a accesolatino.org donde encontrar\u00e1s herramientas para que puedas seguir estudiando a cualquier nivel escolar.<\/p>\n<p>En dicha herramienta los estudiantes de la UNAM que busquen estudiar en el extranjero encontrar\u00e1n las sedes donde la universidad tiene presencia fuera de nuestro pa\u00eds.&nbsp; Actualmente, la Universidad Aut\u00f3noma de M\u00e9xico cuenta con seis planteles en Estados Unidos:<\/p>\n<ul>\n<li>San Antonio<\/li>\n<li>Seattle<\/li>\n<li>Chicago<\/li>\n<li>Los \u00c1ngeles<\/li>\n<li>Tucson<\/li>\n<li>Boston<\/li>\n<\/ul>\n<p>No olvides preguntar en cada una de ellas sobre los talleres para preparaci\u00f3n de la ciudadan\u00eda americana.<\/p>\n<p>Como esta herramienta, tenemos otras en diversas materias que te podr\u00e1n ayudar a completar tu formaci\u00f3n acad\u00e9mica en EUA y M\u00e9xico.<\/p>\t\t\t\t\t\t\t\t<\/div>\n\t\t\t\t<\/div>\n\t\t\t\t<div class=\"elementor-element elementor-element-33bf193 elementor-widget elementor-widget-spacer\" data-id=\"33bf193\" data-element_type=\"widget\" data-e-type=\"widget\" data-widget_type=\"spacer.default\">\n\t\t\t\t<div class=\"elementor-widget-container\">\n\t\t\t\t\t\t\t<div class=\"elementor-spacer\">\n\t\t\t<div class=\"elementor-spacer-inner\"><\/div>\n\t\t<\/div>\n\t\t\t\t\t\t<\/div>\n\t\t\t\t<\/div>\n\t\t\t\t\t<\/div>\n\t\t<\/div>\n\t\t\t\t\t<\/div>\n\t\t<\/section>\n\t\t\t\t<\/div>","protected":false},"excerpt":{"rendered":"<p>Educaci\u00f3n Capac\u00edtate para obtener tu ciudadan\u00eda en las sedes de la UNAM en EUA La Universidad Nacional Aut\u00f3noma de M\u00e9xico extiende sus servicios a los mexicanos que se encuentran fuera en el extranjero. Sin importar en qu\u00e9 pa\u00eds radicas, puedes ingresar a accesolatino.org donde encontrar\u00e1s herramientas para que puedas seguir estudiando a cualquier nivel escolar. En dicha herramienta los estudiantes de la UNAM que busquen estudiar en el extranjero encontrar\u00e1n las sedes donde la universidad tiene presencia fuera de nuestro pa\u00eds.&nbsp; Actualmente, la Universidad Aut\u00f3noma de M\u00e9xico cuenta con seis planteles en Estados Unidos: San Antonio Seattle Chicago Los \u00c1ngeles Tucson Boston No olvides preguntar en cada una de ellas sobre los talleres para preparaci\u00f3n de la ciudadan\u00eda americana. Como esta herramienta, tenemos otras en diversas materias que te podr\u00e1n ayudar a completar tu formaci\u00f3n acad\u00e9mica en EUA y M\u00e9xico.<\/p>","protected":false},"author":7,"featured_media":17199,"parent":0,"menu_order":0,"comment_status":"closed","ping_status":"closed","template":"elementor_header_footer","meta":{"_uf_show_specific_survey":0,"_uf_disable_surveys":false,"footnotes":""},"class_list":["post-17198","page","type-page","status-publish","has-post-thumbnail"],"aioseo_notices":[],"yoast_head":"<!-- This site is optimized with the Yoast SEO plugin v27.5 - https:\/\/yoast.com\/product\/yoast-seo-wordpress\/ -->\n<title>Capac\u00edtate para obtener tu ciudadan\u00eda en las sedes de la UNAM en EU<\/title>\n<meta name=\"description\" content=\"Conoce las aplicaciones que te pueden ser de ayuda en el proceso de migraci\u00f3n legal a otros pa\u00edses - Acceso Latino\" \/>\n<meta name=\"robots\" content=\"index, follow, max-snippet:-1, max-image-preview:large, max-video-preview:-1\" \/>\n<link rel=\"canonical\" href=\"https:\/\/accesolatino.org\/en\/capacitate-para-obtener-tu-ciudadania-en-las-sedes-de-la-unam-en-eu\/\" \/>\n<meta property=\"og:locale\" content=\"en_US\" \/>\n<meta property=\"og:type\" content=\"article\" \/>\n<meta property=\"og:title\" content=\"Acceso Latino | Capac\u00edtate para obtener tu ciudadan\u00eda en las sedes de la UNAM en EUA\" \/>\n<meta property=\"og:description\" content=\"Conoce las aplicaciones que te pueden ser de ayuda en otros pa\u00edses.\" \/>\n<meta property=\"og:url\" content=\"https:\/\/accesolatino.org\/en\/capacitate-para-obtener-tu-ciudadania-en-las-sedes-de-la-unam-en-eu\/\" \/>\n<meta property=\"og:site_name\" content=\"Acceso Latino\" \/>\n<meta property=\"article:publisher\" content=\"https:\/\/www.facebook.com\/AccesoLatinoOrg\" \/>\n<meta property=\"article:modified_time\" content=\"2025-10-16T23:14:19+00:00\" \/>\n<meta property=\"og:image\" content=\"https:\/\/accesolatino.org\/wp-content\/uploads\/2019\/05\/Capacitate-para-obtener-tu-ciudadania-en-las-sedes-de-la-UNAM-en-EUA.jpg\" \/>\n\t<meta property=\"og:image:width\" content=\"600\" \/>\n\t<meta property=\"og:image:height\" content=\"338\" \/>\n\t<meta property=\"og:image:type\" content=\"image\/jpeg\" \/>\n<meta name=\"twitter:card\" content=\"summary_large_image\" \/>\n<meta name=\"twitter:title\" content=\"Acceso Latino | Capac\u00edtate para obtener tu ciudadan\u00eda en las sedes de la UNAM en EUA\" \/>\n<meta name=\"twitter:description\" content=\"Conoce las aplicaciones que te pueden ser de ayuda en otros pa\u00edses.\" \/>\n<meta name=\"twitter:image\" content=\"https:\/\/accesolatino.org\/wp-content\/uploads\/2019\/05\/Capacitate-para-obtener-tu-ciudadania-en-las-sedes-de-la-UNAM-en-EUA.jpg\" \/>\n<meta name=\"twitter:site\" content=\"@FAccLatino\" \/>\n<meta name=\"twitter:label1\" content=\"Est. reading time\" \/>\n\t<meta name=\"twitter:data1\" content=\"1 minute\" \/>\n<script type=\"application\/ld+json\" class=\"yoast-schema-graph\">{\"@context\":\"https:\\\/\\\/schema.org\",\"@graph\":[{\"@type\":\"WebPage\",\"@id\":\"https:\\\/\\\/accesolatino.org\\\/en\\\/capacitate-para-obtener-tu-ciudadania-en-las-sedes-de-la-unam-en-eu\\\/\",\"url\":\"https:\\\/\\\/accesolatino.org\\\/en\\\/capacitate-para-obtener-tu-ciudadania-en-las-sedes-de-la-unam-en-eu\\\/\",\"name\":\"Capac\u00edtate para obtener tu ciudadan\u00eda en las sedes de la UNAM en EU\",\"isPartOf\":{\"@id\":\"https:\\\/\\\/accesolatino.org\\\/#website\"},\"primaryImageOfPage\":{\"@id\":\"https:\\\/\\\/accesolatino.org\\\/en\\\/capacitate-para-obtener-tu-ciudadania-en-las-sedes-de-la-unam-en-eu\\\/#primaryimage\"},\"image\":{\"@id\":\"https:\\\/\\\/accesolatino.org\\\/en\\\/capacitate-para-obtener-tu-ciudadania-en-las-sedes-de-la-unam-en-eu\\\/#primaryimage\"},\"thumbnailUrl\":\"https:\\\/\\\/accesolatino.org\\\/wp-content\\\/uploads\\\/2019\\\/05\\\/Capacitate-para-obtener-tu-ciudadania-en-las-sedes-de-la-UNAM-en-EUA.jpg\",\"datePublished\":\"2019-01-14T21:18:38+00:00\",\"dateModified\":\"2025-10-16T23:14:19+00:00\",\"description\":\"Conoce las aplicaciones que te pueden ser de ayuda en el proceso de migraci\u00f3n legal a otros pa\u00edses - Acceso Latino\",\"breadcrumb\":{\"@id\":\"https:\\\/\\\/accesolatino.org\\\/en\\\/capacitate-para-obtener-tu-ciudadania-en-las-sedes-de-la-unam-en-eu\\\/#breadcrumb\"},\"inLanguage\":\"en-US\",\"potentialAction\":[{\"@type\":\"ReadAction\",\"target\":[\"https:\\\/\\\/accesolatino.org\\\/en\\\/capacitate-para-obtener-tu-ciudadania-en-las-sedes-de-la-unam-en-eu\\\/\"]}]},{\"@type\":\"ImageObject\",\"inLanguage\":\"en-US\",\"@id\":\"https:\\\/\\\/accesolatino.org\\\/en\\\/capacitate-para-obtener-tu-ciudadania-en-las-sedes-de-la-unam-en-eu\\\/#primaryimage\",\"url\":\"https:\\\/\\\/accesolatino.org\\\/wp-content\\\/uploads\\\/2019\\\/05\\\/Capacitate-para-obtener-tu-ciudadania-en-las-sedes-de-la-UNAM-en-EUA.jpg\",\"contentUrl\":\"https:\\\/\\\/accesolatino.org\\\/wp-content\\\/uploads\\\/2019\\\/05\\\/Capacitate-para-obtener-tu-ciudadania-en-las-sedes-de-la-UNAM-en-EUA.jpg\",\"width\":600,\"height\":338,\"caption\":\"UNAM\"},{\"@type\":\"BreadcrumbList\",\"@id\":\"https:\\\/\\\/accesolatino.org\\\/en\\\/capacitate-para-obtener-tu-ciudadania-en-las-sedes-de-la-unam-en-eu\\\/#breadcrumb\",\"itemListElement\":[{\"@type\":\"ListItem\",\"position\":1,\"name\":\"Portada\",\"item\":\"https:\\\/\\\/accesolatino.org\\\/\"},{\"@type\":\"ListItem\",\"position\":2,\"name\":\"Capac\u00edtate para obtener tu ciudadan\u00eda en las sedes de la UNAM en EUA\"}]},{\"@type\":\"WebSite\",\"@id\":\"https:\\\/\\\/accesolatino.org\\\/#website\",\"url\":\"https:\\\/\\\/accesolatino.org\\\/\",\"name\":\"Acceso Latino | Fundaci\u00f3n Carlos Slim\",\"description\":\"Fundaci\u00f3n Carlos Slim\",\"publisher\":{\"@id\":\"https:\\\/\\\/accesolatino.org\\\/#organization\"},\"potentialAction\":[{\"@type\":\"SearchAction\",\"target\":{\"@type\":\"EntryPoint\",\"urlTemplate\":\"https:\\\/\\\/accesolatino.org\\\/?s={search_term_string}\"},\"query-input\":{\"@type\":\"PropertyValueSpecification\",\"valueRequired\":true,\"valueName\":\"search_term_string\"}}],\"inLanguage\":\"en-US\"},{\"@type\":\"Organization\",\"@id\":\"https:\\\/\\\/accesolatino.org\\\/#organization\",\"name\":\"Acceso Latino | Fundaci\u00f3n Carlos Slim\",\"url\":\"https:\\\/\\\/accesolatino.org\\\/\",\"logo\":{\"@type\":\"ImageObject\",\"inLanguage\":\"en-US\",\"@id\":\"https:\\\/\\\/accesolatino.org\\\/#\\\/schema\\\/logo\\\/image\\\/\",\"url\":\"https:\\\/\\\/accesolatino.org\\\/wp-content\\\/uploads\\\/2021\\\/02\\\/logo-footer-acceso-latino.png\",\"contentUrl\":\"https:\\\/\\\/accesolatino.org\\\/wp-content\\\/uploads\\\/2021\\\/02\\\/logo-footer-acceso-latino.png\",\"width\":240,\"height\":40,\"caption\":\"Acceso Latino | Fundaci\u00f3n Carlos Slim\"},\"image\":{\"@id\":\"https:\\\/\\\/accesolatino.org\\\/#\\\/schema\\\/logo\\\/image\\\/\"},\"sameAs\":[\"https:\\\/\\\/www.facebook.com\\\/AccesoLatinoOrg\",\"https:\\\/\\\/x.com\\\/FAccLatino\"]}]}<\/script>\n<!-- \/ Yoast SEO plugin. -->","yoast_head_json":{"title":"Capac\u00edtate para obtener tu ciudadan\u00eda en las sedes de la UNAM en EU","description":"Conoce las aplicaciones que te pueden ser de ayuda en el proceso de migraci\u00f3n legal a otros pa\u00edses - Acceso Latino","robots":{"index":"index","follow":"follow","max-snippet":"max-snippet:-1","max-image-preview":"max-image-preview:large","max-video-preview":"max-video-preview:-1"},"canonical":"https:\/\/accesolatino.org\/en\/capacitate-para-obtener-tu-ciudadania-en-las-sedes-de-la-unam-en-eu\/","og_locale":"en_US","og_type":"article","og_title":"Acceso Latino | Capac\u00edtate para obtener tu ciudadan\u00eda en las sedes de la UNAM en EUA","og_description":"Conoce las aplicaciones que te pueden ser de ayuda en otros pa\u00edses.","og_url":"https:\/\/accesolatino.org\/en\/capacitate-para-obtener-tu-ciudadania-en-las-sedes-de-la-unam-en-eu\/","og_site_name":"Acceso Latino","article_publisher":"https:\/\/www.facebook.com\/AccesoLatinoOrg","article_modified_time":"2025-10-16T23:14:19+00:00","og_image":[{"width":600,"height":338,"url":"https:\/\/accesolatino.org\/wp-content\/uploads\/2019\/05\/Capacitate-para-obtener-tu-ciudadania-en-las-sedes-de-la-UNAM-en-EUA.jpg","type":"image\/jpeg"}],"twitter_card":"summary_large_image","twitter_title":"Acceso Latino | Capac\u00edtate para obtener tu ciudadan\u00eda en las sedes de la UNAM en EUA","twitter_description":"Conoce las aplicaciones que te pueden ser de ayuda en otros pa\u00edses.","twitter_image":"https:\/\/accesolatino.org\/wp-content\/uploads\/2019\/05\/Capacitate-para-obtener-tu-ciudadania-en-las-sedes-de-la-UNAM-en-EUA.jpg","twitter_site":"@FAccLatino","twitter_misc":{"Est. reading time":"1 minute"},"schema":{"@context":"https:\/\/schema.org","@graph":[{"@type":"WebPage","@id":"https:\/\/accesolatino.org\/en\/capacitate-para-obtener-tu-ciudadania-en-las-sedes-de-la-unam-en-eu\/","url":"https:\/\/accesolatino.org\/en\/capacitate-para-obtener-tu-ciudadania-en-las-sedes-de-la-unam-en-eu\/","name":"Capac\u00edtate para obtener tu ciudadan\u00eda en las sedes de la UNAM en EU","isPartOf":{"@id":"https:\/\/accesolatino.org\/#website"},"primaryImageOfPage":{"@id":"https:\/\/accesolatino.org\/en\/capacitate-para-obtener-tu-ciudadania-en-las-sedes-de-la-unam-en-eu\/#primaryimage"},"image":{"@id":"https:\/\/accesolatino.org\/en\/capacitate-para-obtener-tu-ciudadania-en-las-sedes-de-la-unam-en-eu\/#primaryimage"},"thumbnailUrl":"https:\/\/accesolatino.org\/wp-content\/uploads\/2019\/05\/Capacitate-para-obtener-tu-ciudadania-en-las-sedes-de-la-UNAM-en-EUA.jpg","datePublished":"2019-01-14T21:18:38+00:00","dateModified":"2025-10-16T23:14:19+00:00","description":"Conoce las aplicaciones que te pueden ser de ayuda en el proceso de migraci\u00f3n legal a otros pa\u00edses - Acceso Latino","breadcrumb":{"@id":"https:\/\/accesolatino.org\/en\/capacitate-para-obtener-tu-ciudadania-en-las-sedes-de-la-unam-en-eu\/#breadcrumb"},"inLanguage":"en-US","potentialAction":[{"@type":"ReadAction","target":["https:\/\/accesolatino.org\/en\/capacitate-para-obtener-tu-ciudadania-en-las-sedes-de-la-unam-en-eu\/"]}]},{"@type":"ImageObject","inLanguage":"en-US","@id":"https:\/\/accesolatino.org\/en\/capacitate-para-obtener-tu-ciudadania-en-las-sedes-de-la-unam-en-eu\/#primaryimage","url":"https:\/\/accesolatino.org\/wp-content\/uploads\/2019\/05\/Capacitate-para-obtener-tu-ciudadania-en-las-sedes-de-la-UNAM-en-EUA.jpg","contentUrl":"https:\/\/accesolatino.org\/wp-content\/uploads\/2019\/05\/Capacitate-para-obtener-tu-ciudadania-en-las-sedes-de-la-UNAM-en-EUA.jpg","width":600,"height":338,"caption":"UNAM"},{"@type":"BreadcrumbList","@id":"https:\/\/accesolatino.org\/en\/capacitate-para-obtener-tu-ciudadania-en-las-sedes-de-la-unam-en-eu\/#breadcrumb","itemListElement":[{"@type":"ListItem","position":1,"name":"Portada","item":"https:\/\/accesolatino.org\/"},{"@type":"ListItem","position":2,"name":"Capac\u00edtate para obtener tu ciudadan\u00eda en las sedes de la UNAM en EUA"}]},{"@type":"WebSite","@id":"https:\/\/accesolatino.org\/#website","url":"https:\/\/accesolatino.org\/","name":"Acceso Latino | Fundaci\u00f3n Carlos Slim","description":"Fundaci\u00f3n Carlos Slim","publisher":{"@id":"https:\/\/accesolatino.org\/#organization"},"potentialAction":[{"@type":"SearchAction","target":{"@type":"EntryPoint","urlTemplate":"https:\/\/accesolatino.org\/?s={search_term_string}"},"query-input":{"@type":"PropertyValueSpecification","valueRequired":true,"valueName":"search_term_string"}}],"inLanguage":"en-US"},{"@type":"Organization","@id":"https:\/\/accesolatino.org\/#organization","name":"Acceso Latino | Fundaci\u00f3n Carlos Slim","url":"https:\/\/accesolatino.org\/","logo":{"@type":"ImageObject","inLanguage":"en-US","@id":"https:\/\/accesolatino.org\/#\/schema\/logo\/image\/","url":"https:\/\/accesolatino.org\/wp-content\/uploads\/2021\/02\/logo-footer-acceso-latino.png","contentUrl":"https:\/\/accesolatino.org\/wp-content\/uploads\/2021\/02\/logo-footer-acceso-latino.png","width":240,"height":40,"caption":"Acceso Latino | Fundaci\u00f3n Carlos Slim"},"image":{"@id":"https:\/\/accesolatino.org\/#\/schema\/logo\/image\/"},"sameAs":["https:\/\/www.facebook.com\/AccesoLatinoOrg","https:\/\/x.com\/FAccLatino"]}]}},"_links":{"self":[{"href":"https:\/\/accesolatino.org\/en\/wp-json\/wp\/v2\/pages\/17198","targetHints":{"allow":["GET"]}}],"collection":[{"href":"https:\/\/accesolatino.org\/en\/wp-json\/wp\/v2\/pages"}],"about":[{"href":"https:\/\/accesolatino.org\/en\/wp-json\/wp\/v2\/types\/page"}],"author":[{"embeddable":true,"href":"https:\/\/accesolatino.org\/en\/wp-json\/wp\/v2\/users\/7"}],"replies":[{"embeddable":true,"href":"https:\/\/accesolatino.org\/en\/wp-json\/wp\/v2\/comments?post=17198"}],"version-history":[{"count":1,"href":"https:\/\/accesolatino.org\/en\/wp-json\/wp\/v2\/pages\/17198\/revisions"}],"predecessor-version":[{"id":64168,"href":"https:\/\/accesolatino.org\/en\/wp-json\/wp\/v2\/pages\/17198\/revisions\/64168"}],"wp:featuredmedia":[{"embeddable":true,"href":"https:\/\/accesolatino.org\/en\/wp-json\/wp\/v2\/media\/17199"}],"wp:attachment":[{"href":"https:\/\/accesolatino.org\/en\/wp-json\/wp\/v2\/media?parent=17198"}],"curies":[{"name":"wp","href":"https:\/\/api.w.org\/{rel}","templated":true}]}}