{"id":16883,"date":"2019-01-31T13:49:25","date_gmt":"2019-01-31T19:49:25","guid":{"rendered":"https:\/\/accesolatino.org\/?page_id=16883"},"modified":"2025-11-14T09:28:24","modified_gmt":"2025-11-14T15:28:24","slug":"si-estas-en-el-extranjero-obten-tu-curp-en-linea","status":"publish","type":"page","link":"https:\/\/accesolatino.org\/en\/si-estas-en-el-extranjero-obten-tu-curp-en-linea\/","title":{"rendered":"Si est\u00e1s en el extranjero, obt\u00e9n tu CURP en l\u00ednea"},"content":{"rendered":"<div data-elementor-type=\"wp-post\" data-elementor-id=\"16883\" class=\"elementor elementor-16883\">\n\t\t\t\t\t\t<section class=\"elementor-section elementor-top-section elementor-element elementor-element-b484542 elementor-section-full_width elementor-section-height-min-height elementor-section-items-stretch elementor-section-height-default wpr-particle-no wpr-jarallax-no wpr-parallax-no wpr-sticky-section-no wpr-equal-height-no\" data-id=\"b484542\" data-element_type=\"section\" data-e-type=\"section\" data-settings=\"{&quot;background_background&quot;:&quot;classic&quot;}\">\n\t\t\t\t\t\t<div class=\"elementor-container elementor-column-gap-no\">\n\t\t\t\t\t<div class=\"elementor-column elementor-col-100 elementor-top-column elementor-element elementor-element-758f1a1\" data-id=\"758f1a1\" data-element_type=\"column\" data-e-type=\"column\">\n\t\t\t<div class=\"elementor-widget-wrap elementor-element-populated\">\n\t\t\t\t\t\t<div class=\"elementor-element elementor-element-4fc3a91 elementor--h-position-center elementor--v-position-middle elementor-widget elementor-widget-slides\" data-id=\"4fc3a91\" data-element_type=\"widget\" data-e-type=\"widget\" data-settings=\"{&quot;navigation&quot;:&quot;none&quot;,&quot;infinite&quot;:&quot;yes&quot;,&quot;transition&quot;:&quot;slide&quot;,&quot;transition_speed&quot;:500}\" data-widget_type=\"slides.default\">\n\t\t\t\t<div class=\"elementor-widget-container\">\n\t\t\t\t\t\t\t<div class=\"elementor-swiper\">\n\t\t\t<div class=\"elementor-slides-wrapper elementor-main-swiper swiper-container\" dir=\"ltr\" data-animation=\"\">\n\t\t\t\t<div class=\"swiper-wrapper elementor-slides\">\n\t\t\t\t\t\t\t\t\t\t<div class=\"elementor-repeater-item-d983a28 swiper-slide\"><div class=\"swiper-slide-bg\"><\/div><div class=\"swiper-slide-inner\" ><div class=\"swiper-slide-contents\"><div class=\"elementor-slide-heading\">Official Procedures<\/div><\/div><\/div><\/div>\t\t\t\t<\/div>\n\t\t\t\t\t\t\t<\/div>\n\t\t<\/div>\n\t\t\t\t\t\t<\/div>\n\t\t\t\t<\/div>\n\t\t\t\t\t<\/div>\n\t\t<\/div>\n\t\t\t\t\t<\/div>\n\t\t<\/section>\n\t\t\t\t<section class=\"elementor-section elementor-top-section elementor-element elementor-element-8000596 elementor-section-stretched elementor-section-boxed elementor-section-height-default elementor-section-height-default wpr-particle-no wpr-jarallax-no wpr-parallax-no wpr-sticky-section-no wpr-equal-height-no\" data-id=\"8000596\" data-element_type=\"section\" data-e-type=\"section\" data-settings=\"{&quot;stretch_section&quot;:&quot;section-stretched&quot;,&quot;background_background&quot;:&quot;classic&quot;}\">\n\t\t\t\t\t\t<div class=\"elementor-container elementor-column-gap-default\">\n\t\t\t\t\t<div class=\"elementor-column elementor-col-100 elementor-top-column elementor-element elementor-element-9c1fd9f\" data-id=\"9c1fd9f\" data-element_type=\"column\" data-e-type=\"column\">\n\t\t\t<div class=\"elementor-widget-wrap elementor-element-populated\">\n\t\t\t\t\t\t<div class=\"elementor-element elementor-element-2839886 elementor-widget elementor-widget-heading\" data-id=\"2839886\" data-element_type=\"widget\" data-e-type=\"widget\" data-widget_type=\"heading.default\">\n\t\t\t\t<div class=\"elementor-widget-container\">\n\t\t\t\t\t<h3 class=\"elementor-heading-title elementor-size-default\">Si est\u00e1s en el extranjero, obt\u00e9n tu CURP en l\u00ednea<\/h3>\t\t\t\t<\/div>\n\t\t\t\t<\/div>\n\t\t\t\t<div class=\"elementor-element elementor-element-f316388 elementor-widget elementor-widget-text-editor\" data-id=\"f316388\" data-element_type=\"widget\" data-e-type=\"widget\" data-widget_type=\"text-editor.default\">\n\t\t\t\t<div class=\"elementor-widget-container\">\n\t\t\t\t\t\t\t\t\t<p>El gobierno de M\u00e9xico, lanz\u00f3 la herramienta en l\u00ednea donde los mexicanos que se encuentren en el extranjero podr\u00e1n buscar e imprimir su CURP. Encuentra en nuestra herramienta <a href=\"https:\/\/accesolatino.org\/en\/category\/tramites\/\">\u201cTus Documentos\u201d<\/a> el apartado <a href=\"https:\/\/www.gob.mx\/curp\/\">\u201cClave \u00danica de Registro de Poblaci\u00f3n (CURP)\u201d<\/a> para mexicanos\u201d y obt\u00e9n la asesor\u00eda necesaria.<\/p><p>Para que puedas imprimir tu documento oficial, tendr\u00e1s que llenar el formulario con tus datos personales que te pedir\u00e1n en la p\u00e1gina web, una vez que llenes los campos con los datos correctos se abrir\u00e1 una nueva p\u00e1gina donde podr\u00e1s descargar en formato .pdf tu CURP para despu\u00e9s imprimirla.<\/p><p>En cada secci\u00f3n de accesolatino.org encontrar\u00e1s informaci\u00f3n y organizaciones que te ayudar\u00e1n en tu vida diaria durante tu estancia en la Uni\u00f3n Americana o en M\u00e9xico.<\/p>\t\t\t\t\t\t\t\t<\/div>\n\t\t\t\t<\/div>\n\t\t\t\t<div class=\"elementor-element elementor-element-b89afcc elementor-widget elementor-widget-spacer\" data-id=\"b89afcc\" data-element_type=\"widget\" data-e-type=\"widget\" data-widget_type=\"spacer.default\">\n\t\t\t\t<div class=\"elementor-widget-container\">\n\t\t\t\t\t\t\t<div class=\"elementor-spacer\">\n\t\t\t<div class=\"elementor-spacer-inner\"><\/div>\n\t\t<\/div>\n\t\t\t\t\t\t<\/div>\n\t\t\t\t<\/div>\n\t\t\t\t\t<\/div>\n\t\t<\/div>\n\t\t\t\t\t<\/div>\n\t\t<\/section>\n\t\t\t\t<\/div>","protected":false},"excerpt":{"rendered":"<p>Tr\u00e1mites Oficiales Si est\u00e1s en el extranjero, obt\u00e9n tu CURP en l\u00ednea El gobierno de M\u00e9xico, lanz\u00f3 la herramienta en l\u00ednea donde los mexicanos que se encuentren en el extranjero podr\u00e1n buscar e imprimir su CURP. Encuentra en nuestra herramienta \u201cTus Documentos\u201d el apartado \u201cClave \u00danica de Registro de Poblaci\u00f3n (CURP)\u201d para mexicanos\u201d y obt\u00e9n la asesor\u00eda necesaria. Para que puedas imprimir tu documento oficial, tendr\u00e1s que llenar el formulario con tus datos personales que te pedir\u00e1n en la p\u00e1gina web, una vez que llenes los campos con los datos correctos se abrir\u00e1 una nueva p\u00e1gina donde podr\u00e1s descargar en formato .pdf tu CURP para despu\u00e9s imprimirla. En cada secci\u00f3n de accesolatino.org encontrar\u00e1s informaci\u00f3n y organizaciones que te ayudar\u00e1n en tu vida diaria durante tu estancia en la Uni\u00f3n Americana o en M\u00e9xico.<\/p>","protected":false},"author":10,"featured_media":16884,"parent":0,"menu_order":0,"comment_status":"closed","ping_status":"closed","template":"elementor_header_footer","meta":{"_uf_show_specific_survey":0,"_uf_disable_surveys":false,"footnotes":""},"class_list":["post-16883","page","type-page","status-publish","has-post-thumbnail"],"aioseo_notices":[],"yoast_head":"<!-- This site is optimized with the Yoast SEO plugin v27.4 - https:\/\/yoast.com\/product\/yoast-seo-wordpress\/ -->\n<title>Si est\u00e1s en el extranjero, obt\u00e9n tu CURP en l\u00ednea<\/title>\n<meta name=\"description\" content=\"Si est\u00e1s en el extranjero, obt\u00e9n tu\u00a0CURP\u00a0en l\u00ednea El gobierno de M\u00e9xico, lanz\u00f3 la herramienta en l\u00ednea donde los mexicanos que se...\" \/>\n<meta name=\"robots\" content=\"index, follow, max-snippet:-1, max-image-preview:large, max-video-preview:-1\" \/>\n<link rel=\"canonical\" href=\"https:\/\/accesolatino.org\/en\/si-estas-en-el-extranjero-obten-tu-curp-en-linea\/\" \/>\n<meta property=\"og:locale\" content=\"en_US\" \/>\n<meta property=\"og:type\" content=\"article\" \/>\n<meta property=\"og:title\" content=\"Acceso Latino | Si est\u00e1s en el extranjero, obt\u00e9n tu CURP en l\u00ednea\" \/>\n<meta property=\"og:description\" content=\"Conoce las Instituciones que te pueden ser de ayuda en otros pa\u00edses.\" \/>\n<meta property=\"og:url\" content=\"https:\/\/accesolatino.org\/en\/si-estas-en-el-extranjero-obten-tu-curp-en-linea\/\" \/>\n<meta property=\"og:site_name\" content=\"Acceso Latino\" \/>\n<meta property=\"article:publisher\" content=\"https:\/\/www.facebook.com\/AccesoLatinoOrg\" \/>\n<meta property=\"article:modified_time\" content=\"2025-11-14T15:28:24+00:00\" \/>\n<meta property=\"og:image\" content=\"https:\/\/accesolatino.org\/wp-content\/uploads\/2019\/04\/Si-estas-en-el-extranjero-obten-tu-CURP-en-l\u00ednea.jpg\" \/>\n\t<meta property=\"og:image:width\" content=\"600\" \/>\n\t<meta property=\"og:image:height\" content=\"338\" \/>\n\t<meta property=\"og:image:type\" content=\"image\/jpeg\" \/>\n<meta name=\"twitter:card\" content=\"summary_large_image\" \/>\n<meta name=\"twitter:title\" content=\"Acceso Latino | Si est\u00e1s en el extranjero, obt\u00e9n tu CURP en l\u00ednea\" \/>\n<meta name=\"twitter:description\" content=\"Conoce las Instituciones que te pueden ser de ayuda en otros pa\u00edses.\" \/>\n<meta name=\"twitter:image\" content=\"https:\/\/accesolatino.org\/wp-content\/uploads\/2019\/04\/Si-estas-en-el-extranjero-obten-tu-CURP-en-l\u00ednea.jpg\" \/>\n<meta name=\"twitter:site\" content=\"@FAccLatino\" \/>\n<meta name=\"twitter:label1\" content=\"Est. reading time\" \/>\n\t<meta name=\"twitter:data1\" content=\"1 minute\" \/>\n<script type=\"application\/ld+json\" class=\"yoast-schema-graph\">{\"@context\":\"https:\\\/\\\/schema.org\",\"@graph\":[{\"@type\":\"WebPage\",\"@id\":\"https:\\\/\\\/accesolatino.org\\\/si-estas-en-el-extranjero-obten-tu-curp-en-linea\\\/\",\"url\":\"https:\\\/\\\/accesolatino.org\\\/si-estas-en-el-extranjero-obten-tu-curp-en-linea\\\/\",\"name\":\"Si est\u00e1s en el extranjero, obt\u00e9n tu CURP en l\u00ednea\",\"isPartOf\":{\"@id\":\"https:\\\/\\\/accesolatino.org\\\/#website\"},\"primaryImageOfPage\":{\"@id\":\"https:\\\/\\\/accesolatino.org\\\/si-estas-en-el-extranjero-obten-tu-curp-en-linea\\\/#primaryimage\"},\"image\":{\"@id\":\"https:\\\/\\\/accesolatino.org\\\/si-estas-en-el-extranjero-obten-tu-curp-en-linea\\\/#primaryimage\"},\"thumbnailUrl\":\"https:\\\/\\\/accesolatino.org\\\/wp-content\\\/uploads\\\/2019\\\/04\\\/Si-estas-en-el-extranjero-obten-tu-CURP-en-l\u00ednea.jpg\",\"datePublished\":\"2019-01-31T19:49:25+00:00\",\"dateModified\":\"2025-11-14T15:28:24+00:00\",\"description\":\"Si est\u00e1s en el extranjero, obt\u00e9n tu\u00a0CURP\u00a0en l\u00ednea El gobierno de M\u00e9xico, lanz\u00f3 la herramienta en l\u00ednea donde los mexicanos que se...\",\"breadcrumb\":{\"@id\":\"https:\\\/\\\/accesolatino.org\\\/si-estas-en-el-extranjero-obten-tu-curp-en-linea\\\/#breadcrumb\"},\"inLanguage\":\"en-US\",\"potentialAction\":[{\"@type\":\"ReadAction\",\"target\":[\"https:\\\/\\\/accesolatino.org\\\/si-estas-en-el-extranjero-obten-tu-curp-en-linea\\\/\"]}]},{\"@type\":\"ImageObject\",\"inLanguage\":\"en-US\",\"@id\":\"https:\\\/\\\/accesolatino.org\\\/si-estas-en-el-extranjero-obten-tu-curp-en-linea\\\/#primaryimage\",\"url\":\"https:\\\/\\\/accesolatino.org\\\/wp-content\\\/uploads\\\/2019\\\/04\\\/Si-estas-en-el-extranjero-obten-tu-CURP-en-l\u00ednea.jpg\",\"contentUrl\":\"https:\\\/\\\/accesolatino.org\\\/wp-content\\\/uploads\\\/2019\\\/04\\\/Si-estas-en-el-extranjero-obten-tu-CURP-en-l\u00ednea.jpg\",\"width\":600,\"height\":338,\"caption\":\"CURP\"},{\"@type\":\"BreadcrumbList\",\"@id\":\"https:\\\/\\\/accesolatino.org\\\/si-estas-en-el-extranjero-obten-tu-curp-en-linea\\\/#breadcrumb\",\"itemListElement\":[{\"@type\":\"ListItem\",\"position\":1,\"name\":\"Portada\",\"item\":\"https:\\\/\\\/accesolatino.org\\\/\"},{\"@type\":\"ListItem\",\"position\":2,\"name\":\"Si est\u00e1s en el extranjero, obt\u00e9n tu CURP en l\u00ednea\"}]},{\"@type\":\"WebSite\",\"@id\":\"https:\\\/\\\/accesolatino.org\\\/#website\",\"url\":\"https:\\\/\\\/accesolatino.org\\\/\",\"name\":\"Acceso Latino | Fundaci\u00f3n Carlos Slim\",\"description\":\"Fundaci\u00f3n Carlos Slim\",\"publisher\":{\"@id\":\"https:\\\/\\\/accesolatino.org\\\/#organization\"},\"potentialAction\":[{\"@type\":\"SearchAction\",\"target\":{\"@type\":\"EntryPoint\",\"urlTemplate\":\"https:\\\/\\\/accesolatino.org\\\/?s={search_term_string}\"},\"query-input\":{\"@type\":\"PropertyValueSpecification\",\"valueRequired\":true,\"valueName\":\"search_term_string\"}}],\"inLanguage\":\"en-US\"},{\"@type\":\"Organization\",\"@id\":\"https:\\\/\\\/accesolatino.org\\\/#organization\",\"name\":\"Acceso Latino | Fundaci\u00f3n Carlos Slim\",\"url\":\"https:\\\/\\\/accesolatino.org\\\/\",\"logo\":{\"@type\":\"ImageObject\",\"inLanguage\":\"en-US\",\"@id\":\"https:\\\/\\\/accesolatino.org\\\/#\\\/schema\\\/logo\\\/image\\\/\",\"url\":\"https:\\\/\\\/accesolatino.org\\\/wp-content\\\/uploads\\\/2021\\\/02\\\/logo-footer-acceso-latino.png\",\"contentUrl\":\"https:\\\/\\\/accesolatino.org\\\/wp-content\\\/uploads\\\/2021\\\/02\\\/logo-footer-acceso-latino.png\",\"width\":240,\"height\":40,\"caption\":\"Acceso Latino | Fundaci\u00f3n Carlos Slim\"},\"image\":{\"@id\":\"https:\\\/\\\/accesolatino.org\\\/#\\\/schema\\\/logo\\\/image\\\/\"},\"sameAs\":[\"https:\\\/\\\/www.facebook.com\\\/AccesoLatinoOrg\",\"https:\\\/\\\/x.com\\\/FAccLatino\"]}]}<\/script>\n<!-- \/ Yoast SEO plugin. -->","yoast_head_json":{"title":"Si est\u00e1s en el extranjero, obt\u00e9n tu CURP en l\u00ednea","description":"Si est\u00e1s en el extranjero, obt\u00e9n tu\u00a0CURP\u00a0en l\u00ednea El gobierno de M\u00e9xico, lanz\u00f3 la herramienta en l\u00ednea donde los mexicanos que se...","robots":{"index":"index","follow":"follow","max-snippet":"max-snippet:-1","max-image-preview":"max-image-preview:large","max-video-preview":"max-video-preview:-1"},"canonical":"https:\/\/accesolatino.org\/en\/si-estas-en-el-extranjero-obten-tu-curp-en-linea\/","og_locale":"en_US","og_type":"article","og_title":"Acceso Latino | Si est\u00e1s en el extranjero, obt\u00e9n tu CURP en l\u00ednea","og_description":"Conoce las Instituciones que te pueden ser de ayuda en otros pa\u00edses.","og_url":"https:\/\/accesolatino.org\/en\/si-estas-en-el-extranjero-obten-tu-curp-en-linea\/","og_site_name":"Acceso Latino","article_publisher":"https:\/\/www.facebook.com\/AccesoLatinoOrg","article_modified_time":"2025-11-14T15:28:24+00:00","og_image":[{"width":600,"height":338,"url":"https:\/\/accesolatino.org\/wp-content\/uploads\/2019\/04\/Si-estas-en-el-extranjero-obten-tu-CURP-en-l\u00ednea.jpg","type":"image\/jpeg"}],"twitter_card":"summary_large_image","twitter_title":"Acceso Latino | Si est\u00e1s en el extranjero, obt\u00e9n tu CURP en l\u00ednea","twitter_description":"Conoce las Instituciones que te pueden ser de ayuda en otros pa\u00edses.","twitter_image":"https:\/\/accesolatino.org\/wp-content\/uploads\/2019\/04\/Si-estas-en-el-extranjero-obten-tu-CURP-en-l\u00ednea.jpg","twitter_site":"@FAccLatino","twitter_misc":{"Est. reading time":"1 minute"},"schema":{"@context":"https:\/\/schema.org","@graph":[{"@type":"WebPage","@id":"https:\/\/accesolatino.org\/si-estas-en-el-extranjero-obten-tu-curp-en-linea\/","url":"https:\/\/accesolatino.org\/si-estas-en-el-extranjero-obten-tu-curp-en-linea\/","name":"Si est\u00e1s en el extranjero, obt\u00e9n tu CURP en l\u00ednea","isPartOf":{"@id":"https:\/\/accesolatino.org\/#website"},"primaryImageOfPage":{"@id":"https:\/\/accesolatino.org\/si-estas-en-el-extranjero-obten-tu-curp-en-linea\/#primaryimage"},"image":{"@id":"https:\/\/accesolatino.org\/si-estas-en-el-extranjero-obten-tu-curp-en-linea\/#primaryimage"},"thumbnailUrl":"https:\/\/accesolatino.org\/wp-content\/uploads\/2019\/04\/Si-estas-en-el-extranjero-obten-tu-CURP-en-l\u00ednea.jpg","datePublished":"2019-01-31T19:49:25+00:00","dateModified":"2025-11-14T15:28:24+00:00","description":"Si est\u00e1s en el extranjero, obt\u00e9n tu\u00a0CURP\u00a0en l\u00ednea El gobierno de M\u00e9xico, lanz\u00f3 la herramienta en l\u00ednea donde los mexicanos que se...","breadcrumb":{"@id":"https:\/\/accesolatino.org\/si-estas-en-el-extranjero-obten-tu-curp-en-linea\/#breadcrumb"},"inLanguage":"en-US","potentialAction":[{"@type":"ReadAction","target":["https:\/\/accesolatino.org\/si-estas-en-el-extranjero-obten-tu-curp-en-linea\/"]}]},{"@type":"ImageObject","inLanguage":"en-US","@id":"https:\/\/accesolatino.org\/si-estas-en-el-extranjero-obten-tu-curp-en-linea\/#primaryimage","url":"https:\/\/accesolatino.org\/wp-content\/uploads\/2019\/04\/Si-estas-en-el-extranjero-obten-tu-CURP-en-l\u00ednea.jpg","contentUrl":"https:\/\/accesolatino.org\/wp-content\/uploads\/2019\/04\/Si-estas-en-el-extranjero-obten-tu-CURP-en-l\u00ednea.jpg","width":600,"height":338,"caption":"CURP"},{"@type":"BreadcrumbList","@id":"https:\/\/accesolatino.org\/si-estas-en-el-extranjero-obten-tu-curp-en-linea\/#breadcrumb","itemListElement":[{"@type":"ListItem","position":1,"name":"Portada","item":"https:\/\/accesolatino.org\/"},{"@type":"ListItem","position":2,"name":"Si est\u00e1s en el extranjero, obt\u00e9n tu CURP en l\u00ednea"}]},{"@type":"WebSite","@id":"https:\/\/accesolatino.org\/#website","url":"https:\/\/accesolatino.org\/","name":"Acceso Latino | Fundaci\u00f3n Carlos Slim","description":"Fundaci\u00f3n Carlos Slim","publisher":{"@id":"https:\/\/accesolatino.org\/#organization"},"potentialAction":[{"@type":"SearchAction","target":{"@type":"EntryPoint","urlTemplate":"https:\/\/accesolatino.org\/?s={search_term_string}"},"query-input":{"@type":"PropertyValueSpecification","valueRequired":true,"valueName":"search_term_string"}}],"inLanguage":"en-US"},{"@type":"Organization","@id":"https:\/\/accesolatino.org\/#organization","name":"Acceso Latino | Fundaci\u00f3n Carlos Slim","url":"https:\/\/accesolatino.org\/","logo":{"@type":"ImageObject","inLanguage":"en-US","@id":"https:\/\/accesolatino.org\/#\/schema\/logo\/image\/","url":"https:\/\/accesolatino.org\/wp-content\/uploads\/2021\/02\/logo-footer-acceso-latino.png","contentUrl":"https:\/\/accesolatino.org\/wp-content\/uploads\/2021\/02\/logo-footer-acceso-latino.png","width":240,"height":40,"caption":"Acceso Latino | Fundaci\u00f3n Carlos Slim"},"image":{"@id":"https:\/\/accesolatino.org\/#\/schema\/logo\/image\/"},"sameAs":["https:\/\/www.facebook.com\/AccesoLatinoOrg","https:\/\/x.com\/FAccLatino"]}]}},"_links":{"self":[{"href":"https:\/\/accesolatino.org\/en\/wp-json\/wp\/v2\/pages\/16883","targetHints":{"allow":["GET"]}}],"collection":[{"href":"https:\/\/accesolatino.org\/en\/wp-json\/wp\/v2\/pages"}],"about":[{"href":"https:\/\/accesolatino.org\/en\/wp-json\/wp\/v2\/types\/page"}],"author":[{"embeddable":true,"href":"https:\/\/accesolatino.org\/en\/wp-json\/wp\/v2\/users\/10"}],"replies":[{"embeddable":true,"href":"https:\/\/accesolatino.org\/en\/wp-json\/wp\/v2\/comments?post=16883"}],"version-history":[{"count":1,"href":"https:\/\/accesolatino.org\/en\/wp-json\/wp\/v2\/pages\/16883\/revisions"}],"predecessor-version":[{"id":68750,"href":"https:\/\/accesolatino.org\/en\/wp-json\/wp\/v2\/pages\/16883\/revisions\/68750"}],"wp:featuredmedia":[{"embeddable":true,"href":"https:\/\/accesolatino.org\/en\/wp-json\/wp\/v2\/media\/16884"}],"wp:attachment":[{"href":"https:\/\/accesolatino.org\/en\/wp-json\/wp\/v2\/media?parent=16883"}],"curies":[{"name":"wp","href":"https:\/\/api.w.org\/{rel}","templated":true}]}}