{"id":16813,"date":"2019-02-01T17:17:59","date_gmt":"2019-02-01T23:17:59","guid":{"rendered":"https:\/\/accesolatino.org\/?page_id=16813"},"modified":"2025-11-06T17:32:31","modified_gmt":"2025-11-06T23:32:31","slug":"no-dejes-de-obtener-tu-curp-si-estas-en-el-extranjero-obtenlo-en-linea","status":"publish","type":"page","link":"https:\/\/accesolatino.org\/en\/no-dejes-de-obtener-tu-curp-si-estas-en-el-extranjero-obtenlo-en-linea\/","title":{"rendered":"Don't forget to get your CURP if you are abroad, get it online."},"content":{"rendered":"<div data-elementor-type=\"wp-post\" data-elementor-id=\"16813\" class=\"elementor elementor-16813\">\n\t\t\t\t\t\t<section class=\"elementor-section elementor-top-section elementor-element elementor-element-0848173 elementor-section-full_width elementor-section-height-min-height elementor-section-items-stretch elementor-section-height-default wpr-particle-no wpr-jarallax-no wpr-parallax-no wpr-sticky-section-no\" data-id=\"0848173\" data-element_type=\"section\" data-e-type=\"section\" data-settings=\"{&quot;background_background&quot;:&quot;classic&quot;}\">\n\t\t\t\t\t\t<div class=\"elementor-container elementor-column-gap-no\">\n\t\t\t\t\t<div class=\"elementor-column elementor-col-100 elementor-top-column elementor-element elementor-element-7f2e567\" data-id=\"7f2e567\" data-element_type=\"column\" data-e-type=\"column\">\n\t\t\t<div class=\"elementor-widget-wrap elementor-element-populated\">\n\t\t\t\t\t\t<div class=\"elementor-element elementor-element-a47a2da elementor--h-position-center elementor--v-position-middle elementor-widget elementor-widget-slides\" data-id=\"a47a2da\" data-element_type=\"widget\" data-e-type=\"widget\" data-settings=\"{&quot;navigation&quot;:&quot;none&quot;,&quot;infinite&quot;:&quot;yes&quot;,&quot;transition&quot;:&quot;slide&quot;,&quot;transition_speed&quot;:500}\" data-widget_type=\"slides.default\">\n\t\t\t\t<div class=\"elementor-widget-container\">\n\t\t\t\t\t\t\t<div class=\"elementor-swiper\">\n\t\t\t<div class=\"elementor-slides-wrapper elementor-main-swiper swiper-container\" dir=\"ltr\" data-animation=\"\">\n\t\t\t\t<div class=\"swiper-wrapper elementor-slides\">\n\t\t\t\t\t\t\t\t\t\t<div class=\"elementor-repeater-item-d983a28 swiper-slide\"><div class=\"swiper-slide-bg\"><\/div><div class=\"swiper-slide-inner\" ><div class=\"swiper-slide-contents\"><div class=\"elementor-slide-heading\">Official Procedures<\/div><\/div><\/div><\/div>\t\t\t\t<\/div>\n\t\t\t\t\t\t\t<\/div>\n\t\t<\/div>\n\t\t\t\t\t\t<\/div>\n\t\t\t\t<\/div>\n\t\t\t\t\t<\/div>\n\t\t<\/div>\n\t\t\t\t\t<\/div>\n\t\t<\/section>\n\t\t\t\t<section class=\"elementor-section elementor-top-section elementor-element elementor-element-0e5e55d elementor-section-stretched elementor-section-boxed elementor-section-height-default elementor-section-height-default wpr-particle-no wpr-jarallax-no wpr-parallax-no wpr-sticky-section-no\" data-id=\"0e5e55d\" data-element_type=\"section\" data-e-type=\"section\" data-settings=\"{&quot;stretch_section&quot;:&quot;section-stretched&quot;,&quot;background_background&quot;:&quot;classic&quot;}\">\n\t\t\t\t\t\t<div class=\"elementor-container elementor-column-gap-default\">\n\t\t\t\t\t<div class=\"elementor-column elementor-col-100 elementor-top-column elementor-element elementor-element-68b4e08\" data-id=\"68b4e08\" data-element_type=\"column\" data-e-type=\"column\">\n\t\t\t<div class=\"elementor-widget-wrap elementor-element-populated\">\n\t\t\t\t\t\t<div class=\"elementor-element elementor-element-2d57369 elementor-widget elementor-widget-heading\" data-id=\"2d57369\" data-element_type=\"widget\" data-e-type=\"widget\" data-widget_type=\"heading.default\">\n\t\t\t\t<div class=\"elementor-widget-container\">\n\t\t\t\t\t<h3 class=\"elementor-heading-title elementor-size-default\">Don't forget to get your CURP if you are abroad, get it online.<\/h3>\t\t\t\t<\/div>\n\t\t\t\t<\/div>\n\t\t\t\t<div class=\"elementor-element elementor-element-67e9ac4 elementor-widget elementor-widget-text-editor\" data-id=\"67e9ac4\" data-element_type=\"widget\" data-e-type=\"widget\" data-widget_type=\"text-editor.default\">\n\t\t\t\t<div class=\"elementor-widget-container\">\n\t\t\t\t\t\t\t\t\t<p>Acceso Latino te ofrece una serie de herramientas de apoyo a migrantes. Para los mexicanos que radican en el extranjero, tenemos en la secci\u00f3n <a href=\"https:\/\/accesolatino.org\/en\/tus-documentos\/\">\u201cTus Documentos\u201d<\/a> el apartado<a href=\"https:\/\/www.gob.mx\/curp\/\"> \u201cClave \u00danica de Registro de Poblaci\u00f3n (CURP) para mexicanos\u201d.<\/a><\/p><p>En esta informaci\u00f3n encontrar\u00e1s los pasos necesarios para obtener tu CURP en l\u00ednea. El tr\u00e1mite es gratuito.<\/p><p>Para que puedas imprimir tu documento oficial, tendr\u00e1s que llenar el formulario con tus datos personales que te pedir\u00e1n en la p\u00e1gina web, una vez que llenes los campos con los datos correctos se abrir\u00e1 una nueva p\u00e1gina donde podr\u00e1s descargar en PDF tu CURP para despu\u00e9s imprimirlo.<\/p><p>In Acceso Latino, your first immigration consultation window, you will find free tools that will help you in any situation in which you find yourself.<\/p>\t\t\t\t\t\t\t\t<\/div>\n\t\t\t\t<\/div>\n\t\t\t\t<div class=\"elementor-element elementor-element-ff88876 elementor-widget elementor-widget-spacer\" data-id=\"ff88876\" data-element_type=\"widget\" data-e-type=\"widget\" data-widget_type=\"spacer.default\">\n\t\t\t\t<div class=\"elementor-widget-container\">\n\t\t\t\t\t\t\t<div class=\"elementor-spacer\">\n\t\t\t<div class=\"elementor-spacer-inner\"><\/div>\n\t\t<\/div>\n\t\t\t\t\t\t<\/div>\n\t\t\t\t<\/div>\n\t\t\t\t\t<\/div>\n\t\t<\/div>\n\t\t\t\t\t<\/div>\n\t\t<\/section>\n\t\t\t\t<\/div>","protected":false},"excerpt":{"rendered":"<p>Tr\u00e1mites Oficiales No dejes de obtener tu CURP si est\u00e1s en el extranjero, obtenlo en l\u00ednea Acceso Latino te ofrece una serie de herramientas de apoyo a migrantes. Para los mexicanos que radican en el extranjero, tenemos en la secci\u00f3n \u201cTus Documentos\u201d el apartado \u201cClave \u00danica de Registro de Poblaci\u00f3n (CURP) para mexicanos\u201d. En esta informaci\u00f3n encontrar\u00e1s los pasos necesarios para obtener tu CURP en l\u00ednea. El tr\u00e1mite es gratuito. Para que puedas imprimir tu documento oficial, tendr\u00e1s que llenar el formulario con tus datos personales que te pedir\u00e1n en la p\u00e1gina web, una vez que llenes los campos con los datos correctos se abrir\u00e1 una nueva p\u00e1gina donde podr\u00e1s descargar en PDF tu CURP para despu\u00e9s imprimirlo. En Acceso Latino tu primera ventana de consulta migratoria, encontrar\u00e1s herramientas gratuitas que te ayudar\u00e1n en cualquier situaci\u00f3n en la que te encuentres.<\/p>","protected":false},"author":10,"featured_media":16814,"parent":0,"menu_order":0,"comment_status":"closed","ping_status":"closed","template":"elementor_header_footer","meta":{"_uf_show_specific_survey":0,"_uf_disable_surveys":false,"footnotes":""},"class_list":["post-16813","page","type-page","status-publish","has-post-thumbnail"],"aioseo_notices":[],"yoast_head":"<!-- This site is optimized with the Yoast SEO plugin v27.3 - https:\/\/yoast.com\/product\/yoast-seo-wordpress\/ -->\n<title>No dejes de obtener tu CURP si est\u00e1s en el extranjero, obtenlo en l\u00ednea<\/title>\n<meta name=\"description\" content=\"No dejes de obtener tu\u00a0CURP\u00a0si est\u00e1s en el extranjero, obtenlo en l\u00ednea Acceso Latino te ofrece una serie de herramientas de apoyo...\" \/>\n<meta name=\"robots\" content=\"index, follow, max-snippet:-1, max-image-preview:large, max-video-preview:-1\" \/>\n<link rel=\"canonical\" href=\"https:\/\/accesolatino.org\/en\/no-dejes-de-obtener-tu-curp-si-estas-en-el-extranjero-obtenlo-en-linea\/\" \/>\n<meta property=\"og:locale\" content=\"en_US\" \/>\n<meta property=\"og:type\" content=\"article\" \/>\n<meta property=\"og:title\" content=\"Acceso Latino | No dejes de obtener tu CURP si est\u00e1s en el extranjero, obtenlo en l\u00ednea\" \/>\n<meta property=\"og:description\" content=\"No dejes de obtener tu CURP si est\u00e1s en el extranjero, obtenlo en l\u00ednea\" \/>\n<meta property=\"og:url\" content=\"https:\/\/accesolatino.org\/en\/no-dejes-de-obtener-tu-curp-si-estas-en-el-extranjero-obtenlo-en-linea\/\" \/>\n<meta property=\"og:site_name\" content=\"Acceso Latino\" \/>\n<meta property=\"article:publisher\" content=\"https:\/\/www.facebook.com\/AccesoLatinoOrg\" \/>\n<meta property=\"article:modified_time\" content=\"2025-11-06T23:32:31+00:00\" \/>\n<meta property=\"og:image\" content=\"https:\/\/accesolatino.org\/wp-content\/uploads\/2019\/04\/No-dejes-de-obtener-tu-CURP-si-estas-en-el-extranjero-obtenlo-en-linea.jpg\" \/>\n\t<meta property=\"og:image:width\" content=\"600\" \/>\n\t<meta property=\"og:image:height\" content=\"338\" \/>\n\t<meta property=\"og:image:type\" content=\"image\/jpeg\" \/>\n<meta name=\"twitter:card\" content=\"summary_large_image\" \/>\n<meta name=\"twitter:title\" content=\"Acceso Latino | No dejes de obtener tu CURP si est\u00e1s en el extranjero, obtenlo en l\u00ednea\" \/>\n<meta name=\"twitter:description\" content=\"No dejes de obtener tu CURP si est\u00e1s en el extranjero, obtenlo en l\u00ednea\" \/>\n<meta name=\"twitter:image\" content=\"https:\/\/accesolatino.org\/wp-content\/uploads\/2019\/04\/No-dejes-de-obtener-tu-CURP-si-estas-en-el-extranjero-obtenlo-en-linea.jpg\" \/>\n<meta name=\"twitter:site\" content=\"@FAccLatino\" \/>\n<meta name=\"twitter:label1\" content=\"Est. reading time\" \/>\n\t<meta name=\"twitter:data1\" content=\"1 minute\" \/>\n<script type=\"application\/ld+json\" class=\"yoast-schema-graph\">{\"@context\":\"https:\\\/\\\/schema.org\",\"@graph\":[{\"@type\":\"WebPage\",\"@id\":\"https:\\\/\\\/accesolatino.org\\\/no-dejes-de-obtener-tu-curp-si-estas-en-el-extranjero-obtenlo-en-linea\\\/\",\"url\":\"https:\\\/\\\/accesolatino.org\\\/no-dejes-de-obtener-tu-curp-si-estas-en-el-extranjero-obtenlo-en-linea\\\/\",\"name\":\"No dejes de obtener tu CURP si est\u00e1s en el extranjero, obtenlo en l\u00ednea\",\"isPartOf\":{\"@id\":\"https:\\\/\\\/accesolatino.org\\\/#website\"},\"primaryImageOfPage\":{\"@id\":\"https:\\\/\\\/accesolatino.org\\\/no-dejes-de-obtener-tu-curp-si-estas-en-el-extranjero-obtenlo-en-linea\\\/#primaryimage\"},\"image\":{\"@id\":\"https:\\\/\\\/accesolatino.org\\\/no-dejes-de-obtener-tu-curp-si-estas-en-el-extranjero-obtenlo-en-linea\\\/#primaryimage\"},\"thumbnailUrl\":\"https:\\\/\\\/accesolatino.org\\\/wp-content\\\/uploads\\\/2019\\\/04\\\/No-dejes-de-obtener-tu-CURP-si-estas-en-el-extranjero-obtenlo-en-linea.jpg\",\"datePublished\":\"2019-02-01T23:17:59+00:00\",\"dateModified\":\"2025-11-06T23:32:31+00:00\",\"description\":\"No dejes de obtener tu\u00a0CURP\u00a0si est\u00e1s en el extranjero, obtenlo en l\u00ednea Acceso Latino te ofrece una serie de herramientas de apoyo...\",\"breadcrumb\":{\"@id\":\"https:\\\/\\\/accesolatino.org\\\/no-dejes-de-obtener-tu-curp-si-estas-en-el-extranjero-obtenlo-en-linea\\\/#breadcrumb\"},\"inLanguage\":\"en-US\",\"potentialAction\":[{\"@type\":\"ReadAction\",\"target\":[\"https:\\\/\\\/accesolatino.org\\\/no-dejes-de-obtener-tu-curp-si-estas-en-el-extranjero-obtenlo-en-linea\\\/\"]}]},{\"@type\":\"ImageObject\",\"inLanguage\":\"en-US\",\"@id\":\"https:\\\/\\\/accesolatino.org\\\/no-dejes-de-obtener-tu-curp-si-estas-en-el-extranjero-obtenlo-en-linea\\\/#primaryimage\",\"url\":\"https:\\\/\\\/accesolatino.org\\\/wp-content\\\/uploads\\\/2019\\\/04\\\/No-dejes-de-obtener-tu-CURP-si-estas-en-el-extranjero-obtenlo-en-linea.jpg\",\"contentUrl\":\"https:\\\/\\\/accesolatino.org\\\/wp-content\\\/uploads\\\/2019\\\/04\\\/No-dejes-de-obtener-tu-CURP-si-estas-en-el-extranjero-obtenlo-en-linea.jpg\",\"width\":600,\"height\":338,\"caption\":\"CURP\"},{\"@type\":\"BreadcrumbList\",\"@id\":\"https:\\\/\\\/accesolatino.org\\\/no-dejes-de-obtener-tu-curp-si-estas-en-el-extranjero-obtenlo-en-linea\\\/#breadcrumb\",\"itemListElement\":[{\"@type\":\"ListItem\",\"position\":1,\"name\":\"Portada\",\"item\":\"https:\\\/\\\/accesolatino.org\\\/\"},{\"@type\":\"ListItem\",\"position\":2,\"name\":\"No dejes de obtener tu CURP si est\u00e1s en el extranjero, obtenlo en l\u00ednea\"}]},{\"@type\":\"WebSite\",\"@id\":\"https:\\\/\\\/accesolatino.org\\\/#website\",\"url\":\"https:\\\/\\\/accesolatino.org\\\/\",\"name\":\"Acceso Latino | Fundaci\u00f3n Carlos Slim\",\"description\":\"Fundaci\u00f3n Carlos Slim\",\"publisher\":{\"@id\":\"https:\\\/\\\/accesolatino.org\\\/#organization\"},\"potentialAction\":[{\"@type\":\"SearchAction\",\"target\":{\"@type\":\"EntryPoint\",\"urlTemplate\":\"https:\\\/\\\/accesolatino.org\\\/?s={search_term_string}\"},\"query-input\":{\"@type\":\"PropertyValueSpecification\",\"valueRequired\":true,\"valueName\":\"search_term_string\"}}],\"inLanguage\":\"en-US\"},{\"@type\":\"Organization\",\"@id\":\"https:\\\/\\\/accesolatino.org\\\/#organization\",\"name\":\"Acceso Latino | Fundaci\u00f3n Carlos Slim\",\"url\":\"https:\\\/\\\/accesolatino.org\\\/\",\"logo\":{\"@type\":\"ImageObject\",\"inLanguage\":\"en-US\",\"@id\":\"https:\\\/\\\/accesolatino.org\\\/#\\\/schema\\\/logo\\\/image\\\/\",\"url\":\"https:\\\/\\\/accesolatino.org\\\/wp-content\\\/uploads\\\/2021\\\/02\\\/logo-footer-acceso-latino.png\",\"contentUrl\":\"https:\\\/\\\/accesolatino.org\\\/wp-content\\\/uploads\\\/2021\\\/02\\\/logo-footer-acceso-latino.png\",\"width\":240,\"height\":40,\"caption\":\"Acceso Latino | Fundaci\u00f3n Carlos Slim\"},\"image\":{\"@id\":\"https:\\\/\\\/accesolatino.org\\\/#\\\/schema\\\/logo\\\/image\\\/\"},\"sameAs\":[\"https:\\\/\\\/www.facebook.com\\\/AccesoLatinoOrg\",\"https:\\\/\\\/x.com\\\/FAccLatino\"]}]}<\/script>\n<!-- \/ Yoast SEO plugin. -->","yoast_head_json":{"title":"Don't forget to get your CURP if you are abroad, get it online.","description":"No dejes de obtener tu\u00a0CURP\u00a0si est\u00e1s en el extranjero, obtenlo en l\u00ednea Acceso Latino te ofrece una serie de herramientas de apoyo...","robots":{"index":"index","follow":"follow","max-snippet":"max-snippet:-1","max-image-preview":"max-image-preview:large","max-video-preview":"max-video-preview:-1"},"canonical":"https:\/\/accesolatino.org\/en\/no-dejes-de-obtener-tu-curp-si-estas-en-el-extranjero-obtenlo-en-linea\/","og_locale":"en_US","og_type":"article","og_title":"Acceso Latino | No dejes de obtener tu CURP si est\u00e1s en el extranjero, obtenlo en l\u00ednea","og_description":"No dejes de obtener tu CURP si est\u00e1s en el extranjero, obtenlo en l\u00ednea","og_url":"https:\/\/accesolatino.org\/en\/no-dejes-de-obtener-tu-curp-si-estas-en-el-extranjero-obtenlo-en-linea\/","og_site_name":"Acceso Latino","article_publisher":"https:\/\/www.facebook.com\/AccesoLatinoOrg","article_modified_time":"2025-11-06T23:32:31+00:00","og_image":[{"width":600,"height":338,"url":"https:\/\/accesolatino.org\/wp-content\/uploads\/2019\/04\/No-dejes-de-obtener-tu-CURP-si-estas-en-el-extranjero-obtenlo-en-linea.jpg","type":"image\/jpeg"}],"twitter_card":"summary_large_image","twitter_title":"Acceso Latino | No dejes de obtener tu CURP si est\u00e1s en el extranjero, obtenlo en l\u00ednea","twitter_description":"No dejes de obtener tu CURP si est\u00e1s en el extranjero, obtenlo en l\u00ednea","twitter_image":"https:\/\/accesolatino.org\/wp-content\/uploads\/2019\/04\/No-dejes-de-obtener-tu-CURP-si-estas-en-el-extranjero-obtenlo-en-linea.jpg","twitter_site":"@FAccLatino","twitter_misc":{"Est. reading time":"1 minute"},"schema":{"@context":"https:\/\/schema.org","@graph":[{"@type":"WebPage","@id":"https:\/\/accesolatino.org\/no-dejes-de-obtener-tu-curp-si-estas-en-el-extranjero-obtenlo-en-linea\/","url":"https:\/\/accesolatino.org\/no-dejes-de-obtener-tu-curp-si-estas-en-el-extranjero-obtenlo-en-linea\/","name":"Don't forget to get your CURP if you are abroad, get it online.","isPartOf":{"@id":"https:\/\/accesolatino.org\/#website"},"primaryImageOfPage":{"@id":"https:\/\/accesolatino.org\/no-dejes-de-obtener-tu-curp-si-estas-en-el-extranjero-obtenlo-en-linea\/#primaryimage"},"image":{"@id":"https:\/\/accesolatino.org\/no-dejes-de-obtener-tu-curp-si-estas-en-el-extranjero-obtenlo-en-linea\/#primaryimage"},"thumbnailUrl":"https:\/\/accesolatino.org\/wp-content\/uploads\/2019\/04\/No-dejes-de-obtener-tu-CURP-si-estas-en-el-extranjero-obtenlo-en-linea.jpg","datePublished":"2019-02-01T23:17:59+00:00","dateModified":"2025-11-06T23:32:31+00:00","description":"No dejes de obtener tu\u00a0CURP\u00a0si est\u00e1s en el extranjero, obtenlo en l\u00ednea Acceso Latino te ofrece una serie de herramientas de apoyo...","breadcrumb":{"@id":"https:\/\/accesolatino.org\/no-dejes-de-obtener-tu-curp-si-estas-en-el-extranjero-obtenlo-en-linea\/#breadcrumb"},"inLanguage":"en-US","potentialAction":[{"@type":"ReadAction","target":["https:\/\/accesolatino.org\/no-dejes-de-obtener-tu-curp-si-estas-en-el-extranjero-obtenlo-en-linea\/"]}]},{"@type":"ImageObject","inLanguage":"en-US","@id":"https:\/\/accesolatino.org\/no-dejes-de-obtener-tu-curp-si-estas-en-el-extranjero-obtenlo-en-linea\/#primaryimage","url":"https:\/\/accesolatino.org\/wp-content\/uploads\/2019\/04\/No-dejes-de-obtener-tu-CURP-si-estas-en-el-extranjero-obtenlo-en-linea.jpg","contentUrl":"https:\/\/accesolatino.org\/wp-content\/uploads\/2019\/04\/No-dejes-de-obtener-tu-CURP-si-estas-en-el-extranjero-obtenlo-en-linea.jpg","width":600,"height":338,"caption":"CURP"},{"@type":"BreadcrumbList","@id":"https:\/\/accesolatino.org\/no-dejes-de-obtener-tu-curp-si-estas-en-el-extranjero-obtenlo-en-linea\/#breadcrumb","itemListElement":[{"@type":"ListItem","position":1,"name":"Portada","item":"https:\/\/accesolatino.org\/"},{"@type":"ListItem","position":2,"name":"No dejes de obtener tu CURP si est\u00e1s en el extranjero, obtenlo en l\u00ednea"}]},{"@type":"WebSite","@id":"https:\/\/accesolatino.org\/#website","url":"https:\/\/accesolatino.org\/","name":"Acceso Latino | Fundaci\u00f3n Carlos Slim","description":"Fundaci\u00f3n Carlos Slim","publisher":{"@id":"https:\/\/accesolatino.org\/#organization"},"potentialAction":[{"@type":"SearchAction","target":{"@type":"EntryPoint","urlTemplate":"https:\/\/accesolatino.org\/?s={search_term_string}"},"query-input":{"@type":"PropertyValueSpecification","valueRequired":true,"valueName":"search_term_string"}}],"inLanguage":"en-US"},{"@type":"Organization","@id":"https:\/\/accesolatino.org\/#organization","name":"Acceso Latino | Fundaci\u00f3n Carlos Slim","url":"https:\/\/accesolatino.org\/","logo":{"@type":"ImageObject","inLanguage":"en-US","@id":"https:\/\/accesolatino.org\/#\/schema\/logo\/image\/","url":"https:\/\/accesolatino.org\/wp-content\/uploads\/2021\/02\/logo-footer-acceso-latino.png","contentUrl":"https:\/\/accesolatino.org\/wp-content\/uploads\/2021\/02\/logo-footer-acceso-latino.png","width":240,"height":40,"caption":"Acceso Latino | Fundaci\u00f3n Carlos Slim"},"image":{"@id":"https:\/\/accesolatino.org\/#\/schema\/logo\/image\/"},"sameAs":["https:\/\/www.facebook.com\/AccesoLatinoOrg","https:\/\/x.com\/FAccLatino"]}]}},"_links":{"self":[{"href":"https:\/\/accesolatino.org\/en\/wp-json\/wp\/v2\/pages\/16813","targetHints":{"allow":["GET"]}}],"collection":[{"href":"https:\/\/accesolatino.org\/en\/wp-json\/wp\/v2\/pages"}],"about":[{"href":"https:\/\/accesolatino.org\/en\/wp-json\/wp\/v2\/types\/page"}],"author":[{"embeddable":true,"href":"https:\/\/accesolatino.org\/en\/wp-json\/wp\/v2\/users\/10"}],"replies":[{"embeddable":true,"href":"https:\/\/accesolatino.org\/en\/wp-json\/wp\/v2\/comments?post=16813"}],"version-history":[{"count":1,"href":"https:\/\/accesolatino.org\/en\/wp-json\/wp\/v2\/pages\/16813\/revisions"}],"predecessor-version":[{"id":68576,"href":"https:\/\/accesolatino.org\/en\/wp-json\/wp\/v2\/pages\/16813\/revisions\/68576"}],"wp:featuredmedia":[{"embeddable":true,"href":"https:\/\/accesolatino.org\/en\/wp-json\/wp\/v2\/media\/16814"}],"wp:attachment":[{"href":"https:\/\/accesolatino.org\/en\/wp-json\/wp\/v2\/media?parent=16813"}],"curies":[{"name":"wp","href":"https:\/\/api.w.org\/{rel}","templated":true}]}}