{"id":16735,"date":"2019-02-07T16:00:03","date_gmt":"2019-02-07T22:00:03","guid":{"rendered":"https:\/\/accesolatino.org\/?page_id=16735"},"modified":"2025-11-14T09:40:12","modified_gmt":"2025-11-14T15:40:12","slug":"encuentra-prestamos-para-comenzar-tu-negocio-en-estados-unidos","status":"publish","type":"page","link":"https:\/\/accesolatino.org\/en\/buscas-empleo\/encuentra-prestamos-para-comenzar-tu-negocio-en-estados-unidos\/","title":{"rendered":"Find loans to start your business in the United States"},"content":{"rendered":"<div data-elementor-type=\"wp-post\" data-elementor-id=\"16735\" class=\"elementor elementor-16735\">\n\t\t\t\t\t\t<section class=\"elementor-section elementor-top-section elementor-element elementor-element-dfebe98 elementor-section-full_width elementor-section-height-min-height elementor-section-items-stretch elementor-section-height-default wpr-particle-no wpr-jarallax-no wpr-parallax-no wpr-sticky-section-no wpr-equal-height-no\" data-id=\"dfebe98\" data-element_type=\"section\" data-e-type=\"section\" data-settings=\"{&quot;background_background&quot;:&quot;classic&quot;}\">\n\t\t\t\t\t\t<div class=\"elementor-container elementor-column-gap-no\">\n\t\t\t\t\t<div class=\"elementor-column elementor-col-100 elementor-top-column elementor-element elementor-element-0c2f3c0\" data-id=\"0c2f3c0\" data-element_type=\"column\" data-e-type=\"column\">\n\t\t\t<div class=\"elementor-widget-wrap elementor-element-populated\">\n\t\t\t\t\t\t<div class=\"elementor-element elementor-element-06063fa elementor--h-position-center elementor--v-position-middle elementor-widget elementor-widget-slides\" data-id=\"06063fa\" data-element_type=\"widget\" data-e-type=\"widget\" data-settings=\"{&quot;navigation&quot;:&quot;none&quot;,&quot;infinite&quot;:&quot;yes&quot;,&quot;transition&quot;:&quot;slide&quot;,&quot;transition_speed&quot;:500}\" data-widget_type=\"slides.default\">\n\t\t\t\t<div class=\"elementor-widget-container\">\n\t\t\t\t\t\t\t<div class=\"elementor-swiper\">\n\t\t\t<div class=\"elementor-slides-wrapper elementor-main-swiper swiper-container\" dir=\"ltr\" data-animation=\"\">\n\t\t\t\t<div class=\"swiper-wrapper elementor-slides\">\n\t\t\t\t\t\t\t\t\t\t<div class=\"elementor-repeater-item-d983a28 swiper-slide\"><div class=\"swiper-slide-bg\"><\/div><div class=\"swiper-slide-inner\" ><div class=\"swiper-slide-contents\"><div class=\"elementor-slide-heading\">Looking for a job?<\/div><\/div><\/div><\/div>\t\t\t\t<\/div>\n\t\t\t\t\t\t\t<\/div>\n\t\t<\/div>\n\t\t\t\t\t\t<\/div>\n\t\t\t\t<\/div>\n\t\t\t\t\t<\/div>\n\t\t<\/div>\n\t\t\t\t\t<\/div>\n\t\t<\/section>\n\t\t\t\t<section class=\"elementor-section elementor-top-section elementor-element elementor-element-1515cf7 elementor-section-stretched elementor-section-boxed elementor-section-height-default elementor-section-height-default wpr-particle-no wpr-jarallax-no wpr-parallax-no wpr-sticky-section-no wpr-equal-height-no\" data-id=\"1515cf7\" data-element_type=\"section\" data-e-type=\"section\" data-settings=\"{&quot;stretch_section&quot;:&quot;section-stretched&quot;,&quot;background_background&quot;:&quot;classic&quot;}\">\n\t\t\t\t\t\t<div class=\"elementor-container elementor-column-gap-default\">\n\t\t\t\t\t<div class=\"elementor-column elementor-col-100 elementor-top-column elementor-element elementor-element-285ed4d\" data-id=\"285ed4d\" data-element_type=\"column\" data-e-type=\"column\">\n\t\t\t<div class=\"elementor-widget-wrap elementor-element-populated\">\n\t\t\t\t\t\t<div class=\"elementor-element elementor-element-36979de elementor-widget elementor-widget-heading\" data-id=\"36979de\" data-element_type=\"widget\" data-e-type=\"widget\" data-widget_type=\"heading.default\">\n\t\t\t\t<div class=\"elementor-widget-container\">\n\t\t\t\t\t<h3 class=\"elementor-heading-title elementor-size-default\">Find loans to start your business in the United States<\/h3>\t\t\t\t<\/div>\n\t\t\t\t<\/div>\n\t\t\t\t<div class=\"elementor-element elementor-element-c18da3d elementor-widget elementor-widget-text-editor\" data-id=\"c18da3d\" data-element_type=\"widget\" data-e-type=\"widget\" data-widget_type=\"text-editor.default\">\n\t\t\t\t<div class=\"elementor-widget-container\">\n\t\t\t\t\t\t\t\t\t<p>En nuestro portal de accesolatino.org te brindamos distintas herramientas e informaci\u00f3n \u00fatil que ofrecen los gobiernos y organizaciones de Estados Unidos para mejorar su calidad de vida.<\/p><p>Es por eso que contamos con la secci\u00f3n de <a href=\"\/en\/buscas-empleo\/\">\u201cBuscas empleo\u201d<\/a> donde encontrar\u00e1s herramientas que te ofrecen la oportunidad de conseguir trabajo en Estados Unidos o M\u00e9xico, pr\u00e9stamos para comenzar tu negocio, capacitaci\u00f3n en distintos \u00e1mbitos laborales y dem\u00e1s.<\/p><p>Si eres de las personas que buscan emprender y comenzar su propio negocio, te recomendamos entrar a la tarjeta <a href=\"https:\/\/www.sba.gov\/\">\u201cPr\u00e9stamos para iniciar tu negocio\u201d.<\/a> En dicha tarjeta encontrar\u00e1s diferentes pr\u00e9stamos dependiendo del negocio que quieras comenzar, que ofrece La Agencia de Gobierno Small Business Administration (SBA).<\/p><p>Encuentra \u00e9sta y m\u00e1s herramientas en Acceso Latino, tu primera ventana de consulta migratoria.<\/p>\t\t\t\t\t\t\t\t<\/div>\n\t\t\t\t<\/div>\n\t\t\t\t<div class=\"elementor-element elementor-element-33a0d59 elementor-widget elementor-widget-spacer\" data-id=\"33a0d59\" data-element_type=\"widget\" data-e-type=\"widget\" data-widget_type=\"spacer.default\">\n\t\t\t\t<div class=\"elementor-widget-container\">\n\t\t\t\t\t\t\t<div class=\"elementor-spacer\">\n\t\t\t<div class=\"elementor-spacer-inner\"><\/div>\n\t\t<\/div>\n\t\t\t\t\t\t<\/div>\n\t\t\t\t<\/div>\n\t\t\t\t\t<\/div>\n\t\t<\/div>\n\t\t\t\t\t<\/div>\n\t\t<\/section>\n\t\t\t\t<\/div>","protected":false},"excerpt":{"rendered":"<p>\u00bfBuscas empleo? Encuentra pr\u00e9stamos para comenzar tu negocio en Estados Unidos En nuestro portal de accesolatino.org te brindamos distintas herramientas e informaci\u00f3n \u00fatil que ofrecen los gobiernos y organizaciones de Estados Unidos para mejorar su calidad de vida. Es por eso que contamos con la secci\u00f3n de \u201cBuscas empleo\u201d donde encontrar\u00e1s herramientas que te ofrecen la oportunidad de conseguir trabajo en Estados Unidos o M\u00e9xico, pr\u00e9stamos para comenzar tu negocio, capacitaci\u00f3n en distintos \u00e1mbitos laborales y dem\u00e1s. Si eres de las personas que buscan emprender y comenzar su propio negocio, te recomendamos entrar a la tarjeta \u201cPr\u00e9stamos para iniciar tu negocio\u201d. En dicha tarjeta encontrar\u00e1s diferentes pr\u00e9stamos dependiendo del negocio que quieras comenzar, que ofrece La Agencia de Gobierno Small Business Administration (SBA). Encuentra \u00e9sta y m\u00e1s herramientas en Acceso Latino, tu primera ventana de consulta migratoria.<\/p>","protected":false},"author":5,"featured_media":16736,"parent":2747,"menu_order":0,"comment_status":"closed","ping_status":"closed","template":"elementor_header_footer","meta":{"_uf_show_specific_survey":0,"_uf_disable_surveys":false,"footnotes":""},"class_list":["post-16735","page","type-page","status-publish","has-post-thumbnail"],"aioseo_notices":[],"yoast_head":"<!-- This site is optimized with the Yoast SEO plugin v27.4 - https:\/\/yoast.com\/product\/yoast-seo-wordpress\/ -->\n<title>Encuentra pr\u00e9stamos para comenzar tu negocio en Estados Unidos<\/title>\n<meta name=\"description\" content=\"\u00bfBuscas empleo en Estados Unidos? Te compartimos algunas herramientas para capacitarte y encontrarlo - Acceso Latino\" \/>\n<meta name=\"robots\" content=\"index, follow, max-snippet:-1, max-image-preview:large, max-video-preview:-1\" \/>\n<link rel=\"canonical\" href=\"https:\/\/accesolatino.org\/en\/buscas-empleo\/encuentra-prestamos-para-comenzar-tu-negocio-en-estados-unidos\/\" \/>\n<meta property=\"og:locale\" content=\"en_US\" \/>\n<meta property=\"og:type\" content=\"article\" \/>\n<meta property=\"og:title\" content=\"Acceso Latino | Encuentra pr\u00e9stamos para comenzar tu negocio en Estados Unidos\" \/>\n<meta property=\"og:description\" content=\"\u00bfBuscas empleo en Estados Unidos? Te compartimos algunas herrmientas para capacitarte y encontrarlo.\" \/>\n<meta property=\"og:url\" content=\"https:\/\/accesolatino.org\/en\/buscas-empleo\/encuentra-prestamos-para-comenzar-tu-negocio-en-estados-unidos\/\" \/>\n<meta property=\"og:site_name\" content=\"Acceso Latino\" \/>\n<meta property=\"article:publisher\" content=\"https:\/\/www.facebook.com\/AccesoLatinoOrg\" \/>\n<meta property=\"article:modified_time\" content=\"2025-11-14T15:40:12+00:00\" \/>\n<meta property=\"og:image\" content=\"https:\/\/accesolatino.org\/wp-content\/uploads\/2019\/04\/Encuentra-prestamos-para-comenzar-tu-negocio-en-Estados-Unidos.jpg\" \/>\n\t<meta property=\"og:image:width\" content=\"600\" \/>\n\t<meta property=\"og:image:height\" content=\"338\" \/>\n\t<meta property=\"og:image:type\" content=\"image\/jpeg\" \/>\n<meta name=\"twitter:card\" content=\"summary_large_image\" \/>\n<meta name=\"twitter:title\" content=\"Acceso Latino | Encuentra pr\u00e9stamos para comenzar tu negocio en Estados Unidos\" \/>\n<meta name=\"twitter:description\" content=\"\u00bfBuscas empleo en Estados Unidos? Te compartimos algunas herrmientas para capacitarte y encontrarlo.\" \/>\n<meta name=\"twitter:image\" content=\"https:\/\/accesolatino.org\/wp-content\/uploads\/2019\/04\/Encuentra-prestamos-para-comenzar-tu-negocio-en-Estados-Unidos.jpg\" \/>\n<meta name=\"twitter:site\" content=\"@FAccLatino\" \/>\n<meta name=\"twitter:label1\" content=\"Est. reading time\" \/>\n\t<meta name=\"twitter:data1\" content=\"1 minute\" \/>\n<script type=\"application\/ld+json\" class=\"yoast-schema-graph\">{\"@context\":\"https:\\\/\\\/schema.org\",\"@graph\":[{\"@type\":\"WebPage\",\"@id\":\"https:\\\/\\\/accesolatino.org\\\/buscas-empleo\\\/encuentra-prestamos-para-comenzar-tu-negocio-en-estados-unidos\\\/\",\"url\":\"https:\\\/\\\/accesolatino.org\\\/buscas-empleo\\\/encuentra-prestamos-para-comenzar-tu-negocio-en-estados-unidos\\\/\",\"name\":\"Encuentra pr\u00e9stamos para comenzar tu negocio en Estados Unidos\",\"isPartOf\":{\"@id\":\"https:\\\/\\\/accesolatino.org\\\/#website\"},\"primaryImageOfPage\":{\"@id\":\"https:\\\/\\\/accesolatino.org\\\/buscas-empleo\\\/encuentra-prestamos-para-comenzar-tu-negocio-en-estados-unidos\\\/#primaryimage\"},\"image\":{\"@id\":\"https:\\\/\\\/accesolatino.org\\\/buscas-empleo\\\/encuentra-prestamos-para-comenzar-tu-negocio-en-estados-unidos\\\/#primaryimage\"},\"thumbnailUrl\":\"https:\\\/\\\/accesolatino.org\\\/wp-content\\\/uploads\\\/2019\\\/04\\\/Encuentra-prestamos-para-comenzar-tu-negocio-en-Estados-Unidos.jpg\",\"datePublished\":\"2019-02-07T22:00:03+00:00\",\"dateModified\":\"2025-11-14T15:40:12+00:00\",\"description\":\"\u00bfBuscas empleo en Estados Unidos? Te compartimos algunas herramientas para capacitarte y encontrarlo - Acceso Latino\",\"breadcrumb\":{\"@id\":\"https:\\\/\\\/accesolatino.org\\\/buscas-empleo\\\/encuentra-prestamos-para-comenzar-tu-negocio-en-estados-unidos\\\/#breadcrumb\"},\"inLanguage\":\"en-US\",\"potentialAction\":[{\"@type\":\"ReadAction\",\"target\":[\"https:\\\/\\\/accesolatino.org\\\/buscas-empleo\\\/encuentra-prestamos-para-comenzar-tu-negocio-en-estados-unidos\\\/\"]}]},{\"@type\":\"ImageObject\",\"inLanguage\":\"en-US\",\"@id\":\"https:\\\/\\\/accesolatino.org\\\/buscas-empleo\\\/encuentra-prestamos-para-comenzar-tu-negocio-en-estados-unidos\\\/#primaryimage\",\"url\":\"https:\\\/\\\/accesolatino.org\\\/wp-content\\\/uploads\\\/2019\\\/04\\\/Encuentra-prestamos-para-comenzar-tu-negocio-en-Estados-Unidos.jpg\",\"contentUrl\":\"https:\\\/\\\/accesolatino.org\\\/wp-content\\\/uploads\\\/2019\\\/04\\\/Encuentra-prestamos-para-comenzar-tu-negocio-en-Estados-Unidos.jpg\",\"width\":600,\"height\":338,\"caption\":\"pr\u00e9stamos\"},{\"@type\":\"BreadcrumbList\",\"@id\":\"https:\\\/\\\/accesolatino.org\\\/buscas-empleo\\\/encuentra-prestamos-para-comenzar-tu-negocio-en-estados-unidos\\\/#breadcrumb\",\"itemListElement\":[{\"@type\":\"ListItem\",\"position\":1,\"name\":\"Portada\",\"item\":\"https:\\\/\\\/accesolatino.org\\\/\"},{\"@type\":\"ListItem\",\"position\":2,\"name\":\"Buscas Empleo\",\"item\":\"https:\\\/\\\/accesolatino.org\\\/en\\\/buscas-empleo\\\/\"},{\"@type\":\"ListItem\",\"position\":3,\"name\":\"Encuentra pr\u00e9stamos para comenzar tu negocio en Estados Unidos\"}]},{\"@type\":\"WebSite\",\"@id\":\"https:\\\/\\\/accesolatino.org\\\/#website\",\"url\":\"https:\\\/\\\/accesolatino.org\\\/\",\"name\":\"Acceso Latino | Fundaci\u00f3n Carlos Slim\",\"description\":\"Fundaci\u00f3n Carlos Slim\",\"publisher\":{\"@id\":\"https:\\\/\\\/accesolatino.org\\\/#organization\"},\"potentialAction\":[{\"@type\":\"SearchAction\",\"target\":{\"@type\":\"EntryPoint\",\"urlTemplate\":\"https:\\\/\\\/accesolatino.org\\\/?s={search_term_string}\"},\"query-input\":{\"@type\":\"PropertyValueSpecification\",\"valueRequired\":true,\"valueName\":\"search_term_string\"}}],\"inLanguage\":\"en-US\"},{\"@type\":\"Organization\",\"@id\":\"https:\\\/\\\/accesolatino.org\\\/#organization\",\"name\":\"Acceso Latino | Fundaci\u00f3n Carlos Slim\",\"url\":\"https:\\\/\\\/accesolatino.org\\\/\",\"logo\":{\"@type\":\"ImageObject\",\"inLanguage\":\"en-US\",\"@id\":\"https:\\\/\\\/accesolatino.org\\\/#\\\/schema\\\/logo\\\/image\\\/\",\"url\":\"https:\\\/\\\/accesolatino.org\\\/wp-content\\\/uploads\\\/2021\\\/02\\\/logo-footer-acceso-latino.png\",\"contentUrl\":\"https:\\\/\\\/accesolatino.org\\\/wp-content\\\/uploads\\\/2021\\\/02\\\/logo-footer-acceso-latino.png\",\"width\":240,\"height\":40,\"caption\":\"Acceso Latino | Fundaci\u00f3n Carlos Slim\"},\"image\":{\"@id\":\"https:\\\/\\\/accesolatino.org\\\/#\\\/schema\\\/logo\\\/image\\\/\"},\"sameAs\":[\"https:\\\/\\\/www.facebook.com\\\/AccesoLatinoOrg\",\"https:\\\/\\\/x.com\\\/FAccLatino\"]}]}<\/script>\n<!-- \/ Yoast SEO plugin. -->","yoast_head_json":{"title":"Find loans to start your business in the United States","description":"\u00bfBuscas empleo en Estados Unidos? Te compartimos algunas herramientas para capacitarte y encontrarlo - Acceso Latino","robots":{"index":"index","follow":"follow","max-snippet":"max-snippet:-1","max-image-preview":"max-image-preview:large","max-video-preview":"max-video-preview:-1"},"canonical":"https:\/\/accesolatino.org\/en\/buscas-empleo\/encuentra-prestamos-para-comenzar-tu-negocio-en-estados-unidos\/","og_locale":"en_US","og_type":"article","og_title":"Acceso Latino | Encuentra pr\u00e9stamos para comenzar tu negocio en Estados Unidos","og_description":"\u00bfBuscas empleo en Estados Unidos? Te compartimos algunas herrmientas para capacitarte y encontrarlo.","og_url":"https:\/\/accesolatino.org\/en\/buscas-empleo\/encuentra-prestamos-para-comenzar-tu-negocio-en-estados-unidos\/","og_site_name":"Acceso Latino","article_publisher":"https:\/\/www.facebook.com\/AccesoLatinoOrg","article_modified_time":"2025-11-14T15:40:12+00:00","og_image":[{"width":600,"height":338,"url":"https:\/\/accesolatino.org\/wp-content\/uploads\/2019\/04\/Encuentra-prestamos-para-comenzar-tu-negocio-en-Estados-Unidos.jpg","type":"image\/jpeg"}],"twitter_card":"summary_large_image","twitter_title":"Acceso Latino | Encuentra pr\u00e9stamos para comenzar tu negocio en Estados Unidos","twitter_description":"\u00bfBuscas empleo en Estados Unidos? Te compartimos algunas herrmientas para capacitarte y encontrarlo.","twitter_image":"https:\/\/accesolatino.org\/wp-content\/uploads\/2019\/04\/Encuentra-prestamos-para-comenzar-tu-negocio-en-Estados-Unidos.jpg","twitter_site":"@FAccLatino","twitter_misc":{"Est. reading time":"1 minute"},"schema":{"@context":"https:\/\/schema.org","@graph":[{"@type":"WebPage","@id":"https:\/\/accesolatino.org\/buscas-empleo\/encuentra-prestamos-para-comenzar-tu-negocio-en-estados-unidos\/","url":"https:\/\/accesolatino.org\/buscas-empleo\/encuentra-prestamos-para-comenzar-tu-negocio-en-estados-unidos\/","name":"Find loans to start your business in the United States","isPartOf":{"@id":"https:\/\/accesolatino.org\/#website"},"primaryImageOfPage":{"@id":"https:\/\/accesolatino.org\/buscas-empleo\/encuentra-prestamos-para-comenzar-tu-negocio-en-estados-unidos\/#primaryimage"},"image":{"@id":"https:\/\/accesolatino.org\/buscas-empleo\/encuentra-prestamos-para-comenzar-tu-negocio-en-estados-unidos\/#primaryimage"},"thumbnailUrl":"https:\/\/accesolatino.org\/wp-content\/uploads\/2019\/04\/Encuentra-prestamos-para-comenzar-tu-negocio-en-Estados-Unidos.jpg","datePublished":"2019-02-07T22:00:03+00:00","dateModified":"2025-11-14T15:40:12+00:00","description":"\u00bfBuscas empleo en Estados Unidos? Te compartimos algunas herramientas para capacitarte y encontrarlo - Acceso Latino","breadcrumb":{"@id":"https:\/\/accesolatino.org\/buscas-empleo\/encuentra-prestamos-para-comenzar-tu-negocio-en-estados-unidos\/#breadcrumb"},"inLanguage":"en-US","potentialAction":[{"@type":"ReadAction","target":["https:\/\/accesolatino.org\/buscas-empleo\/encuentra-prestamos-para-comenzar-tu-negocio-en-estados-unidos\/"]}]},{"@type":"ImageObject","inLanguage":"en-US","@id":"https:\/\/accesolatino.org\/buscas-empleo\/encuentra-prestamos-para-comenzar-tu-negocio-en-estados-unidos\/#primaryimage","url":"https:\/\/accesolatino.org\/wp-content\/uploads\/2019\/04\/Encuentra-prestamos-para-comenzar-tu-negocio-en-Estados-Unidos.jpg","contentUrl":"https:\/\/accesolatino.org\/wp-content\/uploads\/2019\/04\/Encuentra-prestamos-para-comenzar-tu-negocio-en-Estados-Unidos.jpg","width":600,"height":338,"caption":"pr\u00e9stamos"},{"@type":"BreadcrumbList","@id":"https:\/\/accesolatino.org\/buscas-empleo\/encuentra-prestamos-para-comenzar-tu-negocio-en-estados-unidos\/#breadcrumb","itemListElement":[{"@type":"ListItem","position":1,"name":"Portada","item":"https:\/\/accesolatino.org\/"},{"@type":"ListItem","position":2,"name":"Buscas Empleo","item":"https:\/\/accesolatino.org\/en\/buscas-empleo\/"},{"@type":"ListItem","position":3,"name":"Encuentra pr\u00e9stamos para comenzar tu negocio en Estados Unidos"}]},{"@type":"WebSite","@id":"https:\/\/accesolatino.org\/#website","url":"https:\/\/accesolatino.org\/","name":"Acceso Latino | Fundaci\u00f3n Carlos Slim","description":"Fundaci\u00f3n Carlos Slim","publisher":{"@id":"https:\/\/accesolatino.org\/#organization"},"potentialAction":[{"@type":"SearchAction","target":{"@type":"EntryPoint","urlTemplate":"https:\/\/accesolatino.org\/?s={search_term_string}"},"query-input":{"@type":"PropertyValueSpecification","valueRequired":true,"valueName":"search_term_string"}}],"inLanguage":"en-US"},{"@type":"Organization","@id":"https:\/\/accesolatino.org\/#organization","name":"Acceso Latino | Fundaci\u00f3n Carlos Slim","url":"https:\/\/accesolatino.org\/","logo":{"@type":"ImageObject","inLanguage":"en-US","@id":"https:\/\/accesolatino.org\/#\/schema\/logo\/image\/","url":"https:\/\/accesolatino.org\/wp-content\/uploads\/2021\/02\/logo-footer-acceso-latino.png","contentUrl":"https:\/\/accesolatino.org\/wp-content\/uploads\/2021\/02\/logo-footer-acceso-latino.png","width":240,"height":40,"caption":"Acceso Latino | Fundaci\u00f3n Carlos Slim"},"image":{"@id":"https:\/\/accesolatino.org\/#\/schema\/logo\/image\/"},"sameAs":["https:\/\/www.facebook.com\/AccesoLatinoOrg","https:\/\/x.com\/FAccLatino"]}]}},"_links":{"self":[{"href":"https:\/\/accesolatino.org\/en\/wp-json\/wp\/v2\/pages\/16735","targetHints":{"allow":["GET"]}}],"collection":[{"href":"https:\/\/accesolatino.org\/en\/wp-json\/wp\/v2\/pages"}],"about":[{"href":"https:\/\/accesolatino.org\/en\/wp-json\/wp\/v2\/types\/page"}],"author":[{"embeddable":true,"href":"https:\/\/accesolatino.org\/en\/wp-json\/wp\/v2\/users\/5"}],"replies":[{"embeddable":true,"href":"https:\/\/accesolatino.org\/en\/wp-json\/wp\/v2\/comments?post=16735"}],"version-history":[{"count":1,"href":"https:\/\/accesolatino.org\/en\/wp-json\/wp\/v2\/pages\/16735\/revisions"}],"predecessor-version":[{"id":68760,"href":"https:\/\/accesolatino.org\/en\/wp-json\/wp\/v2\/pages\/16735\/revisions\/68760"}],"up":[{"embeddable":true,"href":"https:\/\/accesolatino.org\/en\/wp-json\/wp\/v2\/pages\/2747"}],"wp:featuredmedia":[{"embeddable":true,"href":"https:\/\/accesolatino.org\/en\/wp-json\/wp\/v2\/media\/16736"}],"wp:attachment":[{"href":"https:\/\/accesolatino.org\/en\/wp-json\/wp\/v2\/media?parent=16735"}],"curies":[{"name":"wp","href":"https:\/\/api.w.org\/{rel}","templated":true}]}}