{"id":16611,"date":"2019-02-19T20:00:41","date_gmt":"2019-02-20T02:00:41","guid":{"rendered":"https:\/\/accesolatino.org\/?page_id=16611"},"modified":"2025-10-16T17:02:13","modified_gmt":"2025-10-16T23:02:13","slug":"mejora-y-capacitate-para-desarrollarte-profesionalmente","status":"publish","type":"page","link":"https:\/\/accesolatino.org\/en\/buscas-empleo\/mejora-y-capacitate-para-desarrollarte-profesionalmente\/","title":{"rendered":"Improve and train yourself to develop professionally."},"content":{"rendered":"<div data-elementor-type=\"wp-post\" data-elementor-id=\"16611\" class=\"elementor elementor-16611\">\n\t\t\t\t\t\t<section class=\"elementor-section elementor-top-section elementor-element elementor-element-0059237 elementor-section-full_width elementor-section-height-min-height elementor-section-items-stretch elementor-section-height-default wpr-particle-no wpr-jarallax-no wpr-parallax-no wpr-sticky-section-no wpr-equal-height-no\" data-id=\"0059237\" data-element_type=\"section\" data-e-type=\"section\" data-settings=\"{&quot;background_background&quot;:&quot;classic&quot;}\">\n\t\t\t\t\t\t<div class=\"elementor-container elementor-column-gap-no\">\n\t\t\t\t\t<div class=\"elementor-column elementor-col-100 elementor-top-column elementor-element elementor-element-fb227c9\" data-id=\"fb227c9\" data-element_type=\"column\" data-e-type=\"column\">\n\t\t\t<div class=\"elementor-widget-wrap elementor-element-populated\">\n\t\t\t\t\t\t<div class=\"elementor-element elementor-element-816028f elementor--h-position-center elementor--v-position-middle elementor-widget elementor-widget-slides\" data-id=\"816028f\" data-element_type=\"widget\" data-e-type=\"widget\" data-settings=\"{&quot;navigation&quot;:&quot;none&quot;,&quot;infinite&quot;:&quot;yes&quot;,&quot;transition&quot;:&quot;slide&quot;,&quot;transition_speed&quot;:500}\" data-widget_type=\"slides.default\">\n\t\t\t\t<div class=\"elementor-widget-container\">\n\t\t\t\t\t\t\t<div class=\"elementor-swiper\">\n\t\t\t<div class=\"elementor-slides-wrapper elementor-main-swiper swiper-container\" dir=\"ltr\" data-animation=\"\">\n\t\t\t\t<div class=\"swiper-wrapper elementor-slides\">\n\t\t\t\t\t\t\t\t\t\t<div class=\"elementor-repeater-item-d983a28 swiper-slide\"><div class=\"swiper-slide-bg\"><\/div><div class=\"swiper-slide-inner\" ><div class=\"swiper-slide-contents\"><div class=\"elementor-slide-heading\">Looking for a job?<\/div><\/div><\/div><\/div>\t\t\t\t<\/div>\n\t\t\t\t\t\t\t<\/div>\n\t\t<\/div>\n\t\t\t\t\t\t<\/div>\n\t\t\t\t<\/div>\n\t\t\t\t\t<\/div>\n\t\t<\/div>\n\t\t\t\t\t<\/div>\n\t\t<\/section>\n\t\t\t\t<section class=\"elementor-section elementor-top-section elementor-element elementor-element-6097321 elementor-section-stretched elementor-section-boxed elementor-section-height-default elementor-section-height-default wpr-particle-no wpr-jarallax-no wpr-parallax-no wpr-sticky-section-no wpr-equal-height-no\" data-id=\"6097321\" data-element_type=\"section\" data-e-type=\"section\" data-settings=\"{&quot;stretch_section&quot;:&quot;section-stretched&quot;,&quot;background_background&quot;:&quot;classic&quot;}\">\n\t\t\t\t\t\t<div class=\"elementor-container elementor-column-gap-default\">\n\t\t\t\t\t<div class=\"elementor-column elementor-col-100 elementor-top-column elementor-element elementor-element-4121e9b\" data-id=\"4121e9b\" data-element_type=\"column\" data-e-type=\"column\">\n\t\t\t<div class=\"elementor-widget-wrap elementor-element-populated\">\n\t\t\t\t\t\t<div class=\"elementor-element elementor-element-9d97457 elementor-widget elementor-widget-heading\" data-id=\"9d97457\" data-element_type=\"widget\" data-e-type=\"widget\" data-widget_type=\"heading.default\">\n\t\t\t\t<div class=\"elementor-widget-container\">\n\t\t\t\t\t<h3 class=\"elementor-heading-title elementor-size-default\">Improve and train yourself to develop professionally.<\/h3>\t\t\t\t<\/div>\n\t\t\t\t<\/div>\n\t\t\t\t<div class=\"elementor-element elementor-element-f14dc85 elementor-widget elementor-widget-text-editor\" data-id=\"f14dc85\" data-element_type=\"widget\" data-e-type=\"widget\" data-widget_type=\"text-editor.default\">\n\t\t\t\t<div class=\"elementor-widget-container\">\n\t\t\t\t\t\t\t\t\t<p><a href=\"http:\/\/accesolatino.org\/en\/\"><strong>Acceso Latino<\/strong><\/a> preocupado por tu vida laboral, te brinda ayuda y herramientas necesarias para tener un mejor futuro y de esta forma darle una mejor estad\u00eda en los Estados Unidos a tus familiares, recuerda que la mejora continua es importante para alcanzar el \u00e9xito. Y si estas por regresar a M\u00e9xico tambi\u00e9n hay la ayuda necesaria.<\/p><p>La secci\u00f3n de <a href=\"\/en\/buscas-empleo\/\">\u201cBuscas empleo\u201d<\/a> est\u00e1 pensada para ti y te proporciona las armas necesarias para dar con un empleo bien remunerado.<\/p><p>Si deseas pulir tus habilidades o aprender un oficio nuevo, te invitamos a ingresar a la tarjeta <strong>\u201c<\/strong><a href=\"https:\/\/capacitateparaelempleo.org\/\">Capac\u00edtate para el empleo\u201d<\/a>. En este apartado encontrar\u00e1s diferentes cursos en temas de empleo como son:<\/p><p>Para mejorar d\u00eda a d\u00eda necesitas capacitarte o aprender cosas nuevas, entra a la tarjeta de <strong>\u201c<\/strong><a href=\"https:\/\/capacitateparaelempleo.org\/\">Training for employment<\/a><strong>\". <\/strong>Aqu\u00ed descubrir\u00e1s muchos cursos que te servir\u00e1n para tener m\u00e1s posibilidades, cursos como: administrador de base de datos, agentes de ventas digital, almacenista-montacarguista, son algunos de los programas de capacitaci\u00f3n que hay.<\/p><p>Ingresa a \u00a0<a href=\"http:\/\/accesolatino.org\/en\/\"><strong>Acceso Latino<\/strong><\/a> tu primera ventana de consulta migratoria.<\/p>\t\t\t\t\t\t\t\t<\/div>\n\t\t\t\t<\/div>\n\t\t\t\t<div class=\"elementor-element elementor-element-7fe35a2 elementor-widget elementor-widget-spacer\" data-id=\"7fe35a2\" data-element_type=\"widget\" data-e-type=\"widget\" data-widget_type=\"spacer.default\">\n\t\t\t\t<div class=\"elementor-widget-container\">\n\t\t\t\t\t\t\t<div class=\"elementor-spacer\">\n\t\t\t<div class=\"elementor-spacer-inner\"><\/div>\n\t\t<\/div>\n\t\t\t\t\t\t<\/div>\n\t\t\t\t<\/div>\n\t\t\t\t\t<\/div>\n\t\t<\/div>\n\t\t\t\t\t<\/div>\n\t\t<\/section>\n\t\t\t\t<section class=\"elementor-section elementor-top-section elementor-element elementor-element-3572c31 elementor-section-boxed elementor-section-height-default elementor-section-height-default wpr-particle-no wpr-jarallax-no wpr-parallax-no wpr-sticky-section-no wpr-equal-height-no\" data-id=\"3572c31\" data-element_type=\"section\" data-e-type=\"section\">\n\t\t\t\t\t\t<div class=\"elementor-container elementor-column-gap-default\">\n\t\t\t\t\t<div class=\"elementor-column elementor-col-100 elementor-top-column elementor-element elementor-element-3ec2dae\" data-id=\"3ec2dae\" data-element_type=\"column\" data-e-type=\"column\">\n\t\t\t<div class=\"elementor-widget-wrap elementor-element-populated\">\n\t\t\t\t\t\t<div class=\"elementor-element elementor-element-5c5db38 elementor-widget elementor-widget-spacer\" data-id=\"5c5db38\" data-element_type=\"widget\" data-e-type=\"widget\" data-widget_type=\"spacer.default\">\n\t\t\t\t<div class=\"elementor-widget-container\">\n\t\t\t\t\t\t\t<div class=\"elementor-spacer\">\n\t\t\t<div class=\"elementor-spacer-inner\"><\/div>\n\t\t<\/div>\n\t\t\t\t\t\t<\/div>\n\t\t\t\t<\/div>\n\t\t\t\t\t<\/div>\n\t\t<\/div>\n\t\t\t\t\t<\/div>\n\t\t<\/section>\n\t\t\t\t<\/div>","protected":false},"excerpt":{"rendered":"<p>\u00bfBuscas empleo? Mejora y capac\u00edtate para desarrollarte profesionalmente Acceso Latino preocupado por tu vida laboral, te brinda ayuda y herramientas necesarias para tener un mejor futuro y de esta forma darle una mejor estad\u00eda en los Estados Unidos a tus familiares, recuerda que la mejora continua es importante para alcanzar el \u00e9xito. Y si estas por regresar a M\u00e9xico tambi\u00e9n hay la ayuda necesaria. La secci\u00f3n de \u201cBuscas empleo\u201d est\u00e1 pensada para ti y te proporciona las armas necesarias para dar con un empleo bien remunerado. Si deseas pulir tus habilidades o aprender un oficio nuevo, te invitamos a ingresar a la tarjeta \u201cCapac\u00edtate para el empleo\u201d. En este apartado encontrar\u00e1s diferentes cursos en temas de empleo como son: Para mejorar d\u00eda a d\u00eda necesitas capacitarte o aprender cosas nuevas, entra a la tarjeta de \u201cCapac\u00edtate para el empleo\u201d. Aqu\u00ed descubrir\u00e1s muchos cursos que te servir\u00e1n para tener m\u00e1s posibilidades, cursos como: administrador de base de datos, agentes de ventas digital, almacenista-montacarguista, son algunos de los programas de capacitaci\u00f3n que hay. Ingresa a \u00a0Acceso Latino tu primera ventana de consulta migratoria.<\/p>","protected":false},"author":5,"featured_media":16612,"parent":2747,"menu_order":0,"comment_status":"closed","ping_status":"closed","template":"elementor_header_footer","meta":{"_uf_show_specific_survey":0,"_uf_disable_surveys":false,"footnotes":""},"class_list":["post-16611","page","type-page","status-publish","has-post-thumbnail"],"aioseo_notices":[],"yoast_head":"<!-- This site is optimized with the Yoast SEO plugin v27.4 - https:\/\/yoast.com\/product\/yoast-seo-wordpress\/ -->\n<title>Mejora y capac\u00edtate para desarrollarte profesionalmente<\/title>\n<meta name=\"description\" content=\"\u00bfBuscas empleo en Estados Unidos? Te compartimos algunas herramientas para capacitarte y encontrarlo - Acceso Latino\" \/>\n<meta name=\"robots\" content=\"index, follow, max-snippet:-1, max-image-preview:large, max-video-preview:-1\" \/>\n<link rel=\"canonical\" href=\"https:\/\/accesolatino.org\/en\/buscas-empleo\/mejora-y-capacitate-para-desarrollarte-profesionalmente\/\" \/>\n<meta property=\"og:locale\" content=\"en_US\" \/>\n<meta property=\"og:type\" content=\"article\" \/>\n<meta property=\"og:title\" content=\"Acceso Latino | Mejora y capac\u00edtate para desarrollarte profesionalmente\" \/>\n<meta property=\"og:description\" content=\"\u00bfBuscas empleo en Estados Unidos? Te compartimos algunas herramientas para capacitarte y encontrarlo.\" \/>\n<meta property=\"og:url\" content=\"https:\/\/accesolatino.org\/en\/buscas-empleo\/mejora-y-capacitate-para-desarrollarte-profesionalmente\/\" \/>\n<meta property=\"og:site_name\" content=\"Acceso Latino\" \/>\n<meta property=\"article:publisher\" content=\"https:\/\/www.facebook.com\/AccesoLatinoOrg\" \/>\n<meta property=\"article:modified_time\" content=\"2025-10-16T23:02:13+00:00\" \/>\n<meta property=\"og:image\" content=\"https:\/\/accesolatino.org\/wp-content\/uploads\/2019\/04\/Mejora-y-capac\u00edtate-para-desarrollarte-profesionalmente.jpg\" \/>\n\t<meta property=\"og:image:width\" content=\"600\" \/>\n\t<meta property=\"og:image:height\" content=\"338\" \/>\n\t<meta property=\"og:image:type\" content=\"image\/jpeg\" \/>\n<meta name=\"twitter:card\" content=\"summary_large_image\" \/>\n<meta name=\"twitter:title\" content=\"Acceso Latino | Mejora y capac\u00edtate para desarrollarte profesionalmente\" \/>\n<meta name=\"twitter:description\" content=\"\u00bfBuscas empleo en Estados Unidos? Te compartimos algunas herramientas para capacitarte y encontrarlo.\" \/>\n<meta name=\"twitter:image\" content=\"https:\/\/accesolatino.org\/wp-content\/uploads\/2019\/04\/Mejora-y-capac\u00edtate-para-desarrollarte-profesionalmente.jpg\" \/>\n<meta name=\"twitter:site\" content=\"@FAccLatino\" \/>\n<meta name=\"twitter:label1\" content=\"Est. reading time\" \/>\n\t<meta name=\"twitter:data1\" content=\"2 minutes\" \/>\n<script type=\"application\/ld+json\" class=\"yoast-schema-graph\">{\"@context\":\"https:\\\/\\\/schema.org\",\"@graph\":[{\"@type\":\"WebPage\",\"@id\":\"https:\\\/\\\/accesolatino.org\\\/buscas-empleo\\\/mejora-y-capacitate-para-desarrollarte-profesionalmente\\\/\",\"url\":\"https:\\\/\\\/accesolatino.org\\\/buscas-empleo\\\/mejora-y-capacitate-para-desarrollarte-profesionalmente\\\/\",\"name\":\"Mejora y capac\u00edtate para desarrollarte profesionalmente\",\"isPartOf\":{\"@id\":\"https:\\\/\\\/accesolatino.org\\\/#website\"},\"primaryImageOfPage\":{\"@id\":\"https:\\\/\\\/accesolatino.org\\\/buscas-empleo\\\/mejora-y-capacitate-para-desarrollarte-profesionalmente\\\/#primaryimage\"},\"image\":{\"@id\":\"https:\\\/\\\/accesolatino.org\\\/buscas-empleo\\\/mejora-y-capacitate-para-desarrollarte-profesionalmente\\\/#primaryimage\"},\"thumbnailUrl\":\"https:\\\/\\\/accesolatino.org\\\/wp-content\\\/uploads\\\/2019\\\/04\\\/Mejora-y-capac\u00edtate-para-desarrollarte-profesionalmente.jpg\",\"datePublished\":\"2019-02-20T02:00:41+00:00\",\"dateModified\":\"2025-10-16T23:02:13+00:00\",\"description\":\"\u00bfBuscas empleo en Estados Unidos? Te compartimos algunas herramientas para capacitarte y encontrarlo - Acceso Latino\",\"breadcrumb\":{\"@id\":\"https:\\\/\\\/accesolatino.org\\\/buscas-empleo\\\/mejora-y-capacitate-para-desarrollarte-profesionalmente\\\/#breadcrumb\"},\"inLanguage\":\"en-US\",\"potentialAction\":[{\"@type\":\"ReadAction\",\"target\":[\"https:\\\/\\\/accesolatino.org\\\/buscas-empleo\\\/mejora-y-capacitate-para-desarrollarte-profesionalmente\\\/\"]}]},{\"@type\":\"ImageObject\",\"inLanguage\":\"en-US\",\"@id\":\"https:\\\/\\\/accesolatino.org\\\/buscas-empleo\\\/mejora-y-capacitate-para-desarrollarte-profesionalmente\\\/#primaryimage\",\"url\":\"https:\\\/\\\/accesolatino.org\\\/wp-content\\\/uploads\\\/2019\\\/04\\\/Mejora-y-capac\u00edtate-para-desarrollarte-profesionalmente.jpg\",\"contentUrl\":\"https:\\\/\\\/accesolatino.org\\\/wp-content\\\/uploads\\\/2019\\\/04\\\/Mejora-y-capac\u00edtate-para-desarrollarte-profesionalmente.jpg\",\"width\":600,\"height\":338,\"caption\":\"capac\u00edtate\"},{\"@type\":\"BreadcrumbList\",\"@id\":\"https:\\\/\\\/accesolatino.org\\\/buscas-empleo\\\/mejora-y-capacitate-para-desarrollarte-profesionalmente\\\/#breadcrumb\",\"itemListElement\":[{\"@type\":\"ListItem\",\"position\":1,\"name\":\"Portada\",\"item\":\"https:\\\/\\\/accesolatino.org\\\/\"},{\"@type\":\"ListItem\",\"position\":2,\"name\":\"Buscas Empleo\",\"item\":\"https:\\\/\\\/accesolatino.org\\\/en\\\/buscas-empleo\\\/\"},{\"@type\":\"ListItem\",\"position\":3,\"name\":\"Mejora y capac\u00edtate para desarrollarte profesionalmente\"}]},{\"@type\":\"WebSite\",\"@id\":\"https:\\\/\\\/accesolatino.org\\\/#website\",\"url\":\"https:\\\/\\\/accesolatino.org\\\/\",\"name\":\"Acceso Latino | Fundaci\u00f3n Carlos Slim\",\"description\":\"Fundaci\u00f3n Carlos Slim\",\"publisher\":{\"@id\":\"https:\\\/\\\/accesolatino.org\\\/#organization\"},\"potentialAction\":[{\"@type\":\"SearchAction\",\"target\":{\"@type\":\"EntryPoint\",\"urlTemplate\":\"https:\\\/\\\/accesolatino.org\\\/?s={search_term_string}\"},\"query-input\":{\"@type\":\"PropertyValueSpecification\",\"valueRequired\":true,\"valueName\":\"search_term_string\"}}],\"inLanguage\":\"en-US\"},{\"@type\":\"Organization\",\"@id\":\"https:\\\/\\\/accesolatino.org\\\/#organization\",\"name\":\"Acceso Latino | Fundaci\u00f3n Carlos Slim\",\"url\":\"https:\\\/\\\/accesolatino.org\\\/\",\"logo\":{\"@type\":\"ImageObject\",\"inLanguage\":\"en-US\",\"@id\":\"https:\\\/\\\/accesolatino.org\\\/#\\\/schema\\\/logo\\\/image\\\/\",\"url\":\"https:\\\/\\\/accesolatino.org\\\/wp-content\\\/uploads\\\/2021\\\/02\\\/logo-footer-acceso-latino.png\",\"contentUrl\":\"https:\\\/\\\/accesolatino.org\\\/wp-content\\\/uploads\\\/2021\\\/02\\\/logo-footer-acceso-latino.png\",\"width\":240,\"height\":40,\"caption\":\"Acceso Latino | Fundaci\u00f3n Carlos Slim\"},\"image\":{\"@id\":\"https:\\\/\\\/accesolatino.org\\\/#\\\/schema\\\/logo\\\/image\\\/\"},\"sameAs\":[\"https:\\\/\\\/www.facebook.com\\\/AccesoLatinoOrg\",\"https:\\\/\\\/x.com\\\/FAccLatino\"]}]}<\/script>\n<!-- \/ Yoast SEO plugin. -->","yoast_head_json":{"title":"Mejora y capac\u00edtate para desarrollarte profesionalmente","description":"\u00bfBuscas empleo en Estados Unidos? Te compartimos algunas herramientas para capacitarte y encontrarlo - Acceso Latino","robots":{"index":"index","follow":"follow","max-snippet":"max-snippet:-1","max-image-preview":"max-image-preview:large","max-video-preview":"max-video-preview:-1"},"canonical":"https:\/\/accesolatino.org\/en\/buscas-empleo\/mejora-y-capacitate-para-desarrollarte-profesionalmente\/","og_locale":"en_US","og_type":"article","og_title":"Acceso Latino | Mejora y capac\u00edtate para desarrollarte profesionalmente","og_description":"\u00bfBuscas empleo en Estados Unidos? Te compartimos algunas herramientas para capacitarte y encontrarlo.","og_url":"https:\/\/accesolatino.org\/en\/buscas-empleo\/mejora-y-capacitate-para-desarrollarte-profesionalmente\/","og_site_name":"Acceso Latino","article_publisher":"https:\/\/www.facebook.com\/AccesoLatinoOrg","article_modified_time":"2025-10-16T23:02:13+00:00","og_image":[{"width":600,"height":338,"url":"https:\/\/accesolatino.org\/wp-content\/uploads\/2019\/04\/Mejora-y-capac\u00edtate-para-desarrollarte-profesionalmente.jpg","type":"image\/jpeg"}],"twitter_card":"summary_large_image","twitter_title":"Acceso Latino | Mejora y capac\u00edtate para desarrollarte profesionalmente","twitter_description":"\u00bfBuscas empleo en Estados Unidos? Te compartimos algunas herramientas para capacitarte y encontrarlo.","twitter_image":"https:\/\/accesolatino.org\/wp-content\/uploads\/2019\/04\/Mejora-y-capac\u00edtate-para-desarrollarte-profesionalmente.jpg","twitter_site":"@FAccLatino","twitter_misc":{"Est. reading time":"2 minutes"},"schema":{"@context":"https:\/\/schema.org","@graph":[{"@type":"WebPage","@id":"https:\/\/accesolatino.org\/buscas-empleo\/mejora-y-capacitate-para-desarrollarte-profesionalmente\/","url":"https:\/\/accesolatino.org\/buscas-empleo\/mejora-y-capacitate-para-desarrollarte-profesionalmente\/","name":"Mejora y capac\u00edtate para desarrollarte profesionalmente","isPartOf":{"@id":"https:\/\/accesolatino.org\/#website"},"primaryImageOfPage":{"@id":"https:\/\/accesolatino.org\/buscas-empleo\/mejora-y-capacitate-para-desarrollarte-profesionalmente\/#primaryimage"},"image":{"@id":"https:\/\/accesolatino.org\/buscas-empleo\/mejora-y-capacitate-para-desarrollarte-profesionalmente\/#primaryimage"},"thumbnailUrl":"https:\/\/accesolatino.org\/wp-content\/uploads\/2019\/04\/Mejora-y-capac\u00edtate-para-desarrollarte-profesionalmente.jpg","datePublished":"2019-02-20T02:00:41+00:00","dateModified":"2025-10-16T23:02:13+00:00","description":"\u00bfBuscas empleo en Estados Unidos? Te compartimos algunas herramientas para capacitarte y encontrarlo - Acceso Latino","breadcrumb":{"@id":"https:\/\/accesolatino.org\/buscas-empleo\/mejora-y-capacitate-para-desarrollarte-profesionalmente\/#breadcrumb"},"inLanguage":"en-US","potentialAction":[{"@type":"ReadAction","target":["https:\/\/accesolatino.org\/buscas-empleo\/mejora-y-capacitate-para-desarrollarte-profesionalmente\/"]}]},{"@type":"ImageObject","inLanguage":"en-US","@id":"https:\/\/accesolatino.org\/buscas-empleo\/mejora-y-capacitate-para-desarrollarte-profesionalmente\/#primaryimage","url":"https:\/\/accesolatino.org\/wp-content\/uploads\/2019\/04\/Mejora-y-capac\u00edtate-para-desarrollarte-profesionalmente.jpg","contentUrl":"https:\/\/accesolatino.org\/wp-content\/uploads\/2019\/04\/Mejora-y-capac\u00edtate-para-desarrollarte-profesionalmente.jpg","width":600,"height":338,"caption":"capac\u00edtate"},{"@type":"BreadcrumbList","@id":"https:\/\/accesolatino.org\/buscas-empleo\/mejora-y-capacitate-para-desarrollarte-profesionalmente\/#breadcrumb","itemListElement":[{"@type":"ListItem","position":1,"name":"Portada","item":"https:\/\/accesolatino.org\/"},{"@type":"ListItem","position":2,"name":"Buscas Empleo","item":"https:\/\/accesolatino.org\/en\/buscas-empleo\/"},{"@type":"ListItem","position":3,"name":"Mejora y capac\u00edtate para desarrollarte profesionalmente"}]},{"@type":"WebSite","@id":"https:\/\/accesolatino.org\/#website","url":"https:\/\/accesolatino.org\/","name":"Acceso Latino | Fundaci\u00f3n Carlos Slim","description":"Fundaci\u00f3n Carlos Slim","publisher":{"@id":"https:\/\/accesolatino.org\/#organization"},"potentialAction":[{"@type":"SearchAction","target":{"@type":"EntryPoint","urlTemplate":"https:\/\/accesolatino.org\/?s={search_term_string}"},"query-input":{"@type":"PropertyValueSpecification","valueRequired":true,"valueName":"search_term_string"}}],"inLanguage":"en-US"},{"@type":"Organization","@id":"https:\/\/accesolatino.org\/#organization","name":"Acceso Latino | Fundaci\u00f3n Carlos Slim","url":"https:\/\/accesolatino.org\/","logo":{"@type":"ImageObject","inLanguage":"en-US","@id":"https:\/\/accesolatino.org\/#\/schema\/logo\/image\/","url":"https:\/\/accesolatino.org\/wp-content\/uploads\/2021\/02\/logo-footer-acceso-latino.png","contentUrl":"https:\/\/accesolatino.org\/wp-content\/uploads\/2021\/02\/logo-footer-acceso-latino.png","width":240,"height":40,"caption":"Acceso Latino | Fundaci\u00f3n Carlos Slim"},"image":{"@id":"https:\/\/accesolatino.org\/#\/schema\/logo\/image\/"},"sameAs":["https:\/\/www.facebook.com\/AccesoLatinoOrg","https:\/\/x.com\/FAccLatino"]}]}},"_links":{"self":[{"href":"https:\/\/accesolatino.org\/en\/wp-json\/wp\/v2\/pages\/16611","targetHints":{"allow":["GET"]}}],"collection":[{"href":"https:\/\/accesolatino.org\/en\/wp-json\/wp\/v2\/pages"}],"about":[{"href":"https:\/\/accesolatino.org\/en\/wp-json\/wp\/v2\/types\/page"}],"author":[{"embeddable":true,"href":"https:\/\/accesolatino.org\/en\/wp-json\/wp\/v2\/users\/5"}],"replies":[{"embeddable":true,"href":"https:\/\/accesolatino.org\/en\/wp-json\/wp\/v2\/comments?post=16611"}],"version-history":[{"count":1,"href":"https:\/\/accesolatino.org\/en\/wp-json\/wp\/v2\/pages\/16611\/revisions"}],"predecessor-version":[{"id":64156,"href":"https:\/\/accesolatino.org\/en\/wp-json\/wp\/v2\/pages\/16611\/revisions\/64156"}],"up":[{"embeddable":true,"href":"https:\/\/accesolatino.org\/en\/wp-json\/wp\/v2\/pages\/2747"}],"wp:featuredmedia":[{"embeddable":true,"href":"https:\/\/accesolatino.org\/en\/wp-json\/wp\/v2\/media\/16612"}],"wp:attachment":[{"href":"https:\/\/accesolatino.org\/en\/wp-json\/wp\/v2\/media?parent=16611"}],"curies":[{"name":"wp","href":"https:\/\/api.w.org\/{rel}","templated":true}]}}