{"id":16577,"date":"2019-02-27T20:00:10","date_gmt":"2019-02-28T02:00:10","guid":{"rendered":"https:\/\/accesolatino.org\/?page_id=16577"},"modified":"2025-10-09T11:52:24","modified_gmt":"2025-10-09T17:52:24","slug":"acceso-latino-es-un-portal-gratuito-de-apoyo-para-nuestros-amigos-migrantes-que-viven-en-estados-unidos","status":"publish","type":"page","link":"https:\/\/accesolatino.org\/en\/apoyos-sociales\/acceso-latino-es-un-portal-gratuito-de-apoyo-para-nuestros-amigos-migrantes-que-viven-en-estados-unidos\/","title":{"rendered":"Acceso Latino es un portal gratuito de apoyo para migrantes en Estados Unidos"},"content":{"rendered":"<div data-elementor-type=\"wp-post\" data-elementor-id=\"16577\" class=\"elementor elementor-16577\">\n\t\t\t\t\t\t<section class=\"elementor-section elementor-top-section elementor-element elementor-element-d6fa212 elementor-section-full_width elementor-section-height-min-height elementor-section-items-stretch elementor-section-height-default wpr-particle-no wpr-jarallax-no wpr-parallax-no wpr-sticky-section-no wpr-equal-height-no\" data-id=\"d6fa212\" data-element_type=\"section\" data-e-type=\"section\" data-settings=\"{&quot;background_background&quot;:&quot;classic&quot;}\">\n\t\t\t\t\t\t<div class=\"elementor-container elementor-column-gap-no\">\n\t\t\t\t\t<div class=\"elementor-column elementor-col-100 elementor-top-column elementor-element elementor-element-20e3709\" data-id=\"20e3709\" data-element_type=\"column\" data-e-type=\"column\">\n\t\t\t<div class=\"elementor-widget-wrap elementor-element-populated\">\n\t\t\t\t\t\t<div class=\"elementor-element elementor-element-9cd6f8d elementor--h-position-center elementor--v-position-middle elementor-widget elementor-widget-slides\" data-id=\"9cd6f8d\" data-element_type=\"widget\" data-e-type=\"widget\" data-settings=\"{&quot;navigation&quot;:&quot;none&quot;,&quot;infinite&quot;:&quot;yes&quot;,&quot;transition&quot;:&quot;slide&quot;,&quot;transition_speed&quot;:500}\" data-widget_type=\"slides.default\">\n\t\t\t\t<div class=\"elementor-widget-container\">\n\t\t\t\t\t\t\t<div class=\"elementor-swiper\">\n\t\t\t<div class=\"elementor-slides-wrapper elementor-main-swiper swiper-container\" dir=\"ltr\" data-animation=\"\">\n\t\t\t\t<div class=\"swiper-wrapper elementor-slides\">\n\t\t\t\t\t\t\t\t\t\t<div class=\"elementor-repeater-item-d983a28 swiper-slide\"><div class=\"swiper-slide-bg\"><\/div><div class=\"swiper-slide-inner\" ><div class=\"swiper-slide-contents\"><div class=\"elementor-slide-heading\">Social Supports<\/div><\/div><\/div><\/div>\t\t\t\t<\/div>\n\t\t\t\t\t\t\t<\/div>\n\t\t<\/div>\n\t\t\t\t\t\t<\/div>\n\t\t\t\t<\/div>\n\t\t\t\t\t<\/div>\n\t\t<\/div>\n\t\t\t\t\t<\/div>\n\t\t<\/section>\n\t\t\t\t<section class=\"elementor-section elementor-top-section elementor-element elementor-element-a20f791 elementor-section-stretched elementor-section-boxed elementor-section-height-default elementor-section-height-default wpr-particle-no wpr-jarallax-no wpr-parallax-no wpr-sticky-section-no wpr-equal-height-no\" data-id=\"a20f791\" data-element_type=\"section\" data-e-type=\"section\" data-settings=\"{&quot;stretch_section&quot;:&quot;section-stretched&quot;,&quot;background_background&quot;:&quot;classic&quot;}\">\n\t\t\t\t\t\t<div class=\"elementor-container elementor-column-gap-default\">\n\t\t\t\t\t<div class=\"elementor-column elementor-col-100 elementor-top-column elementor-element elementor-element-85f3715\" data-id=\"85f3715\" data-element_type=\"column\" data-e-type=\"column\">\n\t\t\t<div class=\"elementor-widget-wrap elementor-element-populated\">\n\t\t\t\t\t\t<div class=\"elementor-element elementor-element-7a4aa6b elementor-widget elementor-widget-heading\" data-id=\"7a4aa6b\" data-element_type=\"widget\" data-e-type=\"widget\" data-widget_type=\"heading.default\">\n\t\t\t\t<div class=\"elementor-widget-container\">\n\t\t\t\t\t<h3 class=\"elementor-heading-title elementor-size-default\">Acceso Latino is a free support portal for our migrant friends living in the U.S.<\/h3>\t\t\t\t<\/div>\n\t\t\t\t<\/div>\n\t\t\t\t<div class=\"elementor-element elementor-element-af05f8a elementor-widget elementor-widget-text-editor\" data-id=\"af05f8a\" data-element_type=\"widget\" data-e-type=\"widget\" data-widget_type=\"text-editor.default\">\n\t\t\t\t<div class=\"elementor-widget-container\">\n\t\t\t\t\t\t\t\t\t<p>In <strong>Acceso Latino<\/strong> encontrar\u00e1s herramientas en l\u00ednea gratuitas y contenidos de gran utilidad para ti, aqu\u00ed encontrar\u00e1s programas de asistencia nutricional, de ayuda para los embarazos y\u00a0 ni\u00f1os menores de 5 a\u00f1os. No dudes usarlos en caso de que los necesites.<\/p><p>En el territorio norteamericano hay m\u00e1s de 42 millones de latinos, lo que hace que sea el pa\u00eds con m\u00e1s migraci\u00f3n del mundo.<\/p><p>La plataforma tiene capacitaci\u00f3n, entrenamientos y gu\u00edas para obtener licencia de manejo de manera gratuita v\u00eda online. Obt\u00e9n un mejor empleo con las herramientas de ayuda que tenemos para, tambi\u00e9n tenemos informaci\u00f3n de salud, educaci\u00f3n, servicios de atenci\u00f3n psicol\u00f3gica y todo con respecto a los temas migratorios.<\/p><p>De igual manera, te ofrecemos informaci\u00f3n sobre aplicaciones m\u00f3viles que te ayudar\u00e1n dependiendo de la situaci\u00f3n en la que te encuentres por tu estad\u00eda en Estados unidos.<\/p><p>No olvides que tenemos para ti aplicaciones m\u00f3viles con datos y contenidos que te ayudar\u00e1n a resolver alguna situaci\u00f3n por la que est\u00e9s pasando en tu estad\u00eda en Estados Unidos<\/p><p><strong>Acceso Latino tu primera ventana de consulta migratoria en espa\u00f1ol e ingl\u00e9s.<\/strong><\/p>\t\t\t\t\t\t\t\t<\/div>\n\t\t\t\t<\/div>\n\t\t\t\t<div class=\"elementor-element elementor-element-0f9943b elementor-widget elementor-widget-spacer\" data-id=\"0f9943b\" data-element_type=\"widget\" data-e-type=\"widget\" data-widget_type=\"spacer.default\">\n\t\t\t\t<div class=\"elementor-widget-container\">\n\t\t\t\t\t\t\t<div class=\"elementor-spacer\">\n\t\t\t<div class=\"elementor-spacer-inner\"><\/div>\n\t\t<\/div>\n\t\t\t\t\t\t<\/div>\n\t\t\t\t<\/div>\n\t\t\t\t\t<\/div>\n\t\t<\/div>\n\t\t\t\t\t<\/div>\n\t\t<\/section>\n\t\t\t\t<\/div>","protected":false},"excerpt":{"rendered":"<p>Apoyos Sociales Acceso Latino es un portal gratuito de apoyo para nuestros amigos migrantes que viven en Estados Unidos En Acceso Latino encontrar\u00e1s herramientas en l\u00ednea gratuitas y contenidos de gran utilidad para ti, aqu\u00ed encontrar\u00e1s programas de asistencia nutricional, de ayuda para los embarazos y\u00a0 ni\u00f1os menores de 5 a\u00f1os. No dudes usarlos en caso de que los necesites. En el territorio norteamericano hay m\u00e1s de 42 millones de latinos, lo que hace que sea el pa\u00eds con m\u00e1s migraci\u00f3n del mundo. La plataforma tiene capacitaci\u00f3n, entrenamientos y gu\u00edas para obtener licencia de manejo de manera gratuita v\u00eda online. Obt\u00e9n un mejor empleo con las herramientas de ayuda que tenemos para, tambi\u00e9n tenemos informaci\u00f3n de salud, educaci\u00f3n, servicios de atenci\u00f3n psicol\u00f3gica y todo con respecto a los temas migratorios. De igual manera, te ofrecemos informaci\u00f3n sobre aplicaciones m\u00f3viles que te ayudar\u00e1n dependiendo de la situaci\u00f3n en la que te encuentres por tu estad\u00eda en Estados unidos. No olvides que tenemos para ti aplicaciones m\u00f3viles con datos y contenidos que te ayudar\u00e1n a resolver alguna situaci\u00f3n por la que est\u00e9s pasando en tu estad\u00eda en Estados Unidos Acceso Latino tu primera ventana de consulta migratoria en espa\u00f1ol e ingl\u00e9s.<\/p>","protected":false},"author":6,"featured_media":16578,"parent":1435,"menu_order":0,"comment_status":"closed","ping_status":"closed","template":"elementor_header_footer","meta":{"_uf_show_specific_survey":0,"_uf_disable_surveys":false,"footnotes":""},"class_list":["post-16577","page","type-page","status-publish","has-post-thumbnail"],"aioseo_notices":[],"yoast_head":"<!-- This site is optimized with the Yoast SEO plugin v27.5 - https:\/\/yoast.com\/product\/yoast-seo-wordpress\/ -->\n<title>Acceso Latino es un portal gratuito de apoyo para nuestros amigos migrantes que viven en Estados Unidos<\/title>\n<meta name=\"description\" content=\"Conoce las diferentes formas en las que los migrantes se pueden ver beneficiados en USA\" \/>\n<meta name=\"robots\" content=\"index, follow, max-snippet:-1, max-image-preview:large, max-video-preview:-1\" \/>\n<link rel=\"canonical\" href=\"https:\/\/accesolatino.org\/en\/apoyos-sociales\/acceso-latino-es-un-portal-gratuito-de-apoyo-para-nuestros-amigos-migrantes-que-viven-en-estados-unidos\/\" \/>\n<meta property=\"og:locale\" content=\"en_US\" \/>\n<meta property=\"og:type\" content=\"article\" \/>\n<meta property=\"og:title\" content=\"Acceso Latino | Apoyos Sociales\" \/>\n<meta property=\"og:description\" content=\"Conoce las diferentes formas en las que los migrantes se pueden ver beneficiados en USA\" \/>\n<meta property=\"og:url\" content=\"https:\/\/accesolatino.org\/en\/apoyos-sociales\/acceso-latino-es-un-portal-gratuito-de-apoyo-para-nuestros-amigos-migrantes-que-viven-en-estados-unidos\/\" \/>\n<meta property=\"og:site_name\" content=\"Acceso Latino\" \/>\n<meta property=\"article:publisher\" content=\"https:\/\/www.facebook.com\/AccesoLatinoOrg\" \/>\n<meta property=\"article:modified_time\" content=\"2025-10-09T17:52:24+00:00\" \/>\n<meta property=\"og:image\" content=\"https:\/\/accesolatino.org\/wp-content\/uploads\/2019\/04\/acceso-latino-es-un-portal-gratuito-de-apoyo-para-nuestros-amigos-migrantes-que-viven-en-estados-unidos..jpg\" \/>\n\t<meta property=\"og:image:width\" content=\"600\" \/>\n\t<meta property=\"og:image:height\" content=\"338\" \/>\n\t<meta property=\"og:image:type\" content=\"image\/jpeg\" \/>\n<meta name=\"twitter:card\" content=\"summary_large_image\" \/>\n<meta name=\"twitter:title\" content=\"Acceso Latino | Apoyos Sociales\" \/>\n<meta name=\"twitter:description\" content=\"Conoce las diferentes formas en las que los migrantes se pueden ver beneficiados en USA\" \/>\n<meta name=\"twitter:image\" content=\"https:\/\/accesolatino.org\/wp-content\/uploads\/2019\/04\/acceso-latino-es-un-portal-gratuito-de-apoyo-para-nuestros-amigos-migrantes-que-viven-en-estados-unidos..jpg\" \/>\n<meta name=\"twitter:site\" content=\"@FAccLatino\" \/>\n<meta name=\"twitter:label1\" content=\"Est. reading time\" \/>\n\t<meta name=\"twitter:data1\" content=\"2 minutes\" \/>\n<script type=\"application\/ld+json\" class=\"yoast-schema-graph\">{\"@context\":\"https:\\\/\\\/schema.org\",\"@graph\":[{\"@type\":\"WebPage\",\"@id\":\"https:\\\/\\\/accesolatino.org\\\/en\\\/apoyos-sociales\\\/acceso-latino-es-un-portal-gratuito-de-apoyo-para-nuestros-amigos-migrantes-que-viven-en-estados-unidos\\\/\",\"url\":\"https:\\\/\\\/accesolatino.org\\\/en\\\/apoyos-sociales\\\/acceso-latino-es-un-portal-gratuito-de-apoyo-para-nuestros-amigos-migrantes-que-viven-en-estados-unidos\\\/\",\"name\":\"Acceso Latino es un portal gratuito de apoyo para nuestros amigos migrantes que viven en Estados Unidos\",\"isPartOf\":{\"@id\":\"https:\\\/\\\/accesolatino.org\\\/#website\"},\"primaryImageOfPage\":{\"@id\":\"https:\\\/\\\/accesolatino.org\\\/en\\\/apoyos-sociales\\\/acceso-latino-es-un-portal-gratuito-de-apoyo-para-nuestros-amigos-migrantes-que-viven-en-estados-unidos\\\/#primaryimage\"},\"image\":{\"@id\":\"https:\\\/\\\/accesolatino.org\\\/en\\\/apoyos-sociales\\\/acceso-latino-es-un-portal-gratuito-de-apoyo-para-nuestros-amigos-migrantes-que-viven-en-estados-unidos\\\/#primaryimage\"},\"thumbnailUrl\":\"https:\\\/\\\/accesolatino.org\\\/wp-content\\\/uploads\\\/2019\\\/04\\\/acceso-latino-es-un-portal-gratuito-de-apoyo-para-nuestros-amigos-migrantes-que-viven-en-estados-unidos..jpg\",\"datePublished\":\"2019-02-28T02:00:10+00:00\",\"dateModified\":\"2025-10-09T17:52:24+00:00\",\"description\":\"Conoce las diferentes formas en las que los migrantes se pueden ver beneficiados en USA\",\"breadcrumb\":{\"@id\":\"https:\\\/\\\/accesolatino.org\\\/en\\\/apoyos-sociales\\\/acceso-latino-es-un-portal-gratuito-de-apoyo-para-nuestros-amigos-migrantes-que-viven-en-estados-unidos\\\/#breadcrumb\"},\"inLanguage\":\"en-US\",\"potentialAction\":[{\"@type\":\"ReadAction\",\"target\":[\"https:\\\/\\\/accesolatino.org\\\/en\\\/apoyos-sociales\\\/acceso-latino-es-un-portal-gratuito-de-apoyo-para-nuestros-amigos-migrantes-que-viven-en-estados-unidos\\\/\"]}]},{\"@type\":\"ImageObject\",\"inLanguage\":\"en-US\",\"@id\":\"https:\\\/\\\/accesolatino.org\\\/en\\\/apoyos-sociales\\\/acceso-latino-es-un-portal-gratuito-de-apoyo-para-nuestros-amigos-migrantes-que-viven-en-estados-unidos\\\/#primaryimage\",\"url\":\"https:\\\/\\\/accesolatino.org\\\/wp-content\\\/uploads\\\/2019\\\/04\\\/acceso-latino-es-un-portal-gratuito-de-apoyo-para-nuestros-amigos-migrantes-que-viven-en-estados-unidos..jpg\",\"contentUrl\":\"https:\\\/\\\/accesolatino.org\\\/wp-content\\\/uploads\\\/2019\\\/04\\\/acceso-latino-es-un-portal-gratuito-de-apoyo-para-nuestros-amigos-migrantes-que-viven-en-estados-unidos..jpg\",\"width\":600,\"height\":338,\"caption\":\"acceso latino\"},{\"@type\":\"BreadcrumbList\",\"@id\":\"https:\\\/\\\/accesolatino.org\\\/en\\\/apoyos-sociales\\\/acceso-latino-es-un-portal-gratuito-de-apoyo-para-nuestros-amigos-migrantes-que-viven-en-estados-unidos\\\/#breadcrumb\",\"itemListElement\":[{\"@type\":\"ListItem\",\"position\":1,\"name\":\"Portada\",\"item\":\"https:\\\/\\\/accesolatino.org\\\/\"},{\"@type\":\"ListItem\",\"position\":2,\"name\":\"Apoyos Sociales\",\"item\":\"https:\\\/\\\/accesolatino.org\\\/en\\\/apoyos-sociales\\\/\"},{\"@type\":\"ListItem\",\"position\":3,\"name\":\"Acceso Latino es un portal gratuito de apoyo para migrantes en Estados Unidos\"}]},{\"@type\":\"WebSite\",\"@id\":\"https:\\\/\\\/accesolatino.org\\\/#website\",\"url\":\"https:\\\/\\\/accesolatino.org\\\/\",\"name\":\"Acceso Latino | Fundaci\u00f3n Carlos Slim\",\"description\":\"Fundaci\u00f3n Carlos Slim\",\"publisher\":{\"@id\":\"https:\\\/\\\/accesolatino.org\\\/#organization\"},\"potentialAction\":[{\"@type\":\"SearchAction\",\"target\":{\"@type\":\"EntryPoint\",\"urlTemplate\":\"https:\\\/\\\/accesolatino.org\\\/?s={search_term_string}\"},\"query-input\":{\"@type\":\"PropertyValueSpecification\",\"valueRequired\":true,\"valueName\":\"search_term_string\"}}],\"inLanguage\":\"en-US\"},{\"@type\":\"Organization\",\"@id\":\"https:\\\/\\\/accesolatino.org\\\/#organization\",\"name\":\"Acceso Latino | Fundaci\u00f3n Carlos Slim\",\"url\":\"https:\\\/\\\/accesolatino.org\\\/\",\"logo\":{\"@type\":\"ImageObject\",\"inLanguage\":\"en-US\",\"@id\":\"https:\\\/\\\/accesolatino.org\\\/#\\\/schema\\\/logo\\\/image\\\/\",\"url\":\"https:\\\/\\\/accesolatino.org\\\/wp-content\\\/uploads\\\/2021\\\/02\\\/logo-footer-acceso-latino.png\",\"contentUrl\":\"https:\\\/\\\/accesolatino.org\\\/wp-content\\\/uploads\\\/2021\\\/02\\\/logo-footer-acceso-latino.png\",\"width\":240,\"height\":40,\"caption\":\"Acceso Latino | Fundaci\u00f3n Carlos Slim\"},\"image\":{\"@id\":\"https:\\\/\\\/accesolatino.org\\\/#\\\/schema\\\/logo\\\/image\\\/\"},\"sameAs\":[\"https:\\\/\\\/www.facebook.com\\\/AccesoLatinoOrg\",\"https:\\\/\\\/x.com\\\/FAccLatino\"]}]}<\/script>\n<!-- \/ Yoast SEO plugin. -->","yoast_head_json":{"title":"Acceso Latino is a free support portal for our migrant friends living in the U.S.","description":"Conoce las diferentes formas en las que los migrantes se pueden ver beneficiados en USA","robots":{"index":"index","follow":"follow","max-snippet":"max-snippet:-1","max-image-preview":"max-image-preview:large","max-video-preview":"max-video-preview:-1"},"canonical":"https:\/\/accesolatino.org\/en\/apoyos-sociales\/acceso-latino-es-un-portal-gratuito-de-apoyo-para-nuestros-amigos-migrantes-que-viven-en-estados-unidos\/","og_locale":"en_US","og_type":"article","og_title":"Acceso Latino | Apoyos Sociales","og_description":"Conoce las diferentes formas en las que los migrantes se pueden ver beneficiados en USA","og_url":"https:\/\/accesolatino.org\/en\/apoyos-sociales\/acceso-latino-es-un-portal-gratuito-de-apoyo-para-nuestros-amigos-migrantes-que-viven-en-estados-unidos\/","og_site_name":"Acceso Latino","article_publisher":"https:\/\/www.facebook.com\/AccesoLatinoOrg","article_modified_time":"2025-10-09T17:52:24+00:00","og_image":[{"width":600,"height":338,"url":"https:\/\/accesolatino.org\/wp-content\/uploads\/2019\/04\/acceso-latino-es-un-portal-gratuito-de-apoyo-para-nuestros-amigos-migrantes-que-viven-en-estados-unidos..jpg","type":"image\/jpeg"}],"twitter_card":"summary_large_image","twitter_title":"Acceso Latino | Apoyos Sociales","twitter_description":"Conoce las diferentes formas en las que los migrantes se pueden ver beneficiados en USA","twitter_image":"https:\/\/accesolatino.org\/wp-content\/uploads\/2019\/04\/acceso-latino-es-un-portal-gratuito-de-apoyo-para-nuestros-amigos-migrantes-que-viven-en-estados-unidos..jpg","twitter_site":"@FAccLatino","twitter_misc":{"Est. reading time":"2 minutes"},"schema":{"@context":"https:\/\/schema.org","@graph":[{"@type":"WebPage","@id":"https:\/\/accesolatino.org\/en\/apoyos-sociales\/acceso-latino-es-un-portal-gratuito-de-apoyo-para-nuestros-amigos-migrantes-que-viven-en-estados-unidos\/","url":"https:\/\/accesolatino.org\/en\/apoyos-sociales\/acceso-latino-es-un-portal-gratuito-de-apoyo-para-nuestros-amigos-migrantes-que-viven-en-estados-unidos\/","name":"Acceso Latino is a free support portal for our migrant friends living in the U.S.","isPartOf":{"@id":"https:\/\/accesolatino.org\/#website"},"primaryImageOfPage":{"@id":"https:\/\/accesolatino.org\/en\/apoyos-sociales\/acceso-latino-es-un-portal-gratuito-de-apoyo-para-nuestros-amigos-migrantes-que-viven-en-estados-unidos\/#primaryimage"},"image":{"@id":"https:\/\/accesolatino.org\/en\/apoyos-sociales\/acceso-latino-es-un-portal-gratuito-de-apoyo-para-nuestros-amigos-migrantes-que-viven-en-estados-unidos\/#primaryimage"},"thumbnailUrl":"https:\/\/accesolatino.org\/wp-content\/uploads\/2019\/04\/acceso-latino-es-un-portal-gratuito-de-apoyo-para-nuestros-amigos-migrantes-que-viven-en-estados-unidos..jpg","datePublished":"2019-02-28T02:00:10+00:00","dateModified":"2025-10-09T17:52:24+00:00","description":"Conoce las diferentes formas en las que los migrantes se pueden ver beneficiados en USA","breadcrumb":{"@id":"https:\/\/accesolatino.org\/en\/apoyos-sociales\/acceso-latino-es-un-portal-gratuito-de-apoyo-para-nuestros-amigos-migrantes-que-viven-en-estados-unidos\/#breadcrumb"},"inLanguage":"en-US","potentialAction":[{"@type":"ReadAction","target":["https:\/\/accesolatino.org\/en\/apoyos-sociales\/acceso-latino-es-un-portal-gratuito-de-apoyo-para-nuestros-amigos-migrantes-que-viven-en-estados-unidos\/"]}]},{"@type":"ImageObject","inLanguage":"en-US","@id":"https:\/\/accesolatino.org\/en\/apoyos-sociales\/acceso-latino-es-un-portal-gratuito-de-apoyo-para-nuestros-amigos-migrantes-que-viven-en-estados-unidos\/#primaryimage","url":"https:\/\/accesolatino.org\/wp-content\/uploads\/2019\/04\/acceso-latino-es-un-portal-gratuito-de-apoyo-para-nuestros-amigos-migrantes-que-viven-en-estados-unidos..jpg","contentUrl":"https:\/\/accesolatino.org\/wp-content\/uploads\/2019\/04\/acceso-latino-es-un-portal-gratuito-de-apoyo-para-nuestros-amigos-migrantes-que-viven-en-estados-unidos..jpg","width":600,"height":338,"caption":"acceso latino"},{"@type":"BreadcrumbList","@id":"https:\/\/accesolatino.org\/en\/apoyos-sociales\/acceso-latino-es-un-portal-gratuito-de-apoyo-para-nuestros-amigos-migrantes-que-viven-en-estados-unidos\/#breadcrumb","itemListElement":[{"@type":"ListItem","position":1,"name":"Portada","item":"https:\/\/accesolatino.org\/"},{"@type":"ListItem","position":2,"name":"Apoyos Sociales","item":"https:\/\/accesolatino.org\/en\/apoyos-sociales\/"},{"@type":"ListItem","position":3,"name":"Acceso Latino es un portal gratuito de apoyo para migrantes en Estados Unidos"}]},{"@type":"WebSite","@id":"https:\/\/accesolatino.org\/#website","url":"https:\/\/accesolatino.org\/","name":"Acceso Latino | Fundaci\u00f3n Carlos Slim","description":"Fundaci\u00f3n Carlos Slim","publisher":{"@id":"https:\/\/accesolatino.org\/#organization"},"potentialAction":[{"@type":"SearchAction","target":{"@type":"EntryPoint","urlTemplate":"https:\/\/accesolatino.org\/?s={search_term_string}"},"query-input":{"@type":"PropertyValueSpecification","valueRequired":true,"valueName":"search_term_string"}}],"inLanguage":"en-US"},{"@type":"Organization","@id":"https:\/\/accesolatino.org\/#organization","name":"Acceso Latino | Fundaci\u00f3n Carlos Slim","url":"https:\/\/accesolatino.org\/","logo":{"@type":"ImageObject","inLanguage":"en-US","@id":"https:\/\/accesolatino.org\/#\/schema\/logo\/image\/","url":"https:\/\/accesolatino.org\/wp-content\/uploads\/2021\/02\/logo-footer-acceso-latino.png","contentUrl":"https:\/\/accesolatino.org\/wp-content\/uploads\/2021\/02\/logo-footer-acceso-latino.png","width":240,"height":40,"caption":"Acceso Latino | Fundaci\u00f3n Carlos Slim"},"image":{"@id":"https:\/\/accesolatino.org\/#\/schema\/logo\/image\/"},"sameAs":["https:\/\/www.facebook.com\/AccesoLatinoOrg","https:\/\/x.com\/FAccLatino"]}]}},"_links":{"self":[{"href":"https:\/\/accesolatino.org\/en\/wp-json\/wp\/v2\/pages\/16577","targetHints":{"allow":["GET"]}}],"collection":[{"href":"https:\/\/accesolatino.org\/en\/wp-json\/wp\/v2\/pages"}],"about":[{"href":"https:\/\/accesolatino.org\/en\/wp-json\/wp\/v2\/types\/page"}],"author":[{"embeddable":true,"href":"https:\/\/accesolatino.org\/en\/wp-json\/wp\/v2\/users\/6"}],"replies":[{"embeddable":true,"href":"https:\/\/accesolatino.org\/en\/wp-json\/wp\/v2\/comments?post=16577"}],"version-history":[{"count":1,"href":"https:\/\/accesolatino.org\/en\/wp-json\/wp\/v2\/pages\/16577\/revisions"}],"predecessor-version":[{"id":63835,"href":"https:\/\/accesolatino.org\/en\/wp-json\/wp\/v2\/pages\/16577\/revisions\/63835"}],"up":[{"embeddable":true,"href":"https:\/\/accesolatino.org\/en\/wp-json\/wp\/v2\/pages\/1435"}],"wp:featuredmedia":[{"embeddable":true,"href":"https:\/\/accesolatino.org\/en\/wp-json\/wp\/v2\/media\/16578"}],"wp:attachment":[{"href":"https:\/\/accesolatino.org\/en\/wp-json\/wp\/v2\/media?parent=16577"}],"curies":[{"name":"wp","href":"https:\/\/api.w.org\/{rel}","templated":true}]}}