{"id":16528,"date":"2019-03-04T20:00:30","date_gmt":"2019-03-05T02:00:30","guid":{"rendered":"https:\/\/accesolatino.org\/?page_id=16528"},"modified":"2025-10-16T12:55:00","modified_gmt":"2025-10-16T18:55:00","slug":"tienes-derechos-en-temas-de-salud-conocelos","status":"publish","type":"page","link":"https:\/\/accesolatino.org\/en\/salud\/tienes-derechos-en-temas-de-salud-conocelos\/","title":{"rendered":"You have rights in health issues, learn about them"},"content":{"rendered":"<div data-elementor-type=\"wp-post\" data-elementor-id=\"16528\" class=\"elementor elementor-16528\">\n\t\t\t\t\t\t<section class=\"elementor-section elementor-top-section elementor-element elementor-element-266bcec elementor-section-full_width elementor-section-height-min-height elementor-section-items-stretch elementor-section-height-default wpr-particle-no wpr-jarallax-no wpr-parallax-no wpr-sticky-section-no wpr-equal-height-no\" data-id=\"266bcec\" data-element_type=\"section\" data-e-type=\"section\" data-settings=\"{&quot;background_background&quot;:&quot;classic&quot;}\">\n\t\t\t\t\t\t<div class=\"elementor-container elementor-column-gap-no\">\n\t\t\t\t\t<div class=\"elementor-column elementor-col-100 elementor-top-column elementor-element elementor-element-b62231c\" data-id=\"b62231c\" data-element_type=\"column\" data-e-type=\"column\">\n\t\t\t<div class=\"elementor-widget-wrap elementor-element-populated\">\n\t\t\t\t\t\t<div class=\"elementor-element elementor-element-2f250d7 elementor--h-position-center elementor--v-position-middle elementor-widget elementor-widget-slides\" data-id=\"2f250d7\" data-element_type=\"widget\" data-e-type=\"widget\" data-settings=\"{&quot;navigation&quot;:&quot;none&quot;,&quot;infinite&quot;:&quot;yes&quot;,&quot;transition&quot;:&quot;slide&quot;,&quot;transition_speed&quot;:500}\" data-widget_type=\"slides.default\">\n\t\t\t\t<div class=\"elementor-widget-container\">\n\t\t\t\t\t\t\t<div class=\"elementor-swiper\">\n\t\t\t<div class=\"elementor-slides-wrapper elementor-main-swiper swiper-container\" dir=\"ltr\" data-animation=\"\">\n\t\t\t\t<div class=\"swiper-wrapper elementor-slides\">\n\t\t\t\t\t\t\t\t\t\t<div class=\"elementor-repeater-item-d983a28 swiper-slide\"><div class=\"swiper-slide-bg\"><\/div><div class=\"swiper-slide-inner\" ><div class=\"swiper-slide-contents\"><div class=\"elementor-slide-heading\">Health<\/div><\/div><\/div><\/div>\t\t\t\t<\/div>\n\t\t\t\t\t\t\t<\/div>\n\t\t<\/div>\n\t\t\t\t\t\t<\/div>\n\t\t\t\t<\/div>\n\t\t\t\t\t<\/div>\n\t\t<\/div>\n\t\t\t\t\t<\/div>\n\t\t<\/section>\n\t\t\t\t<section class=\"elementor-section elementor-top-section elementor-element elementor-element-f3819b7 elementor-section-stretched elementor-section-boxed elementor-section-height-default elementor-section-height-default wpr-particle-no wpr-jarallax-no wpr-parallax-no wpr-sticky-section-no wpr-equal-height-no\" data-id=\"f3819b7\" data-element_type=\"section\" data-e-type=\"section\" data-settings=\"{&quot;stretch_section&quot;:&quot;section-stretched&quot;,&quot;background_background&quot;:&quot;classic&quot;}\">\n\t\t\t\t\t\t<div class=\"elementor-container elementor-column-gap-default\">\n\t\t\t\t\t<div class=\"elementor-column elementor-col-100 elementor-top-column elementor-element elementor-element-86b9eac\" data-id=\"86b9eac\" data-element_type=\"column\" data-e-type=\"column\">\n\t\t\t<div class=\"elementor-widget-wrap elementor-element-populated\">\n\t\t\t\t\t\t<div class=\"elementor-element elementor-element-9e5d5bd elementor-widget elementor-widget-heading\" data-id=\"9e5d5bd\" data-element_type=\"widget\" data-e-type=\"widget\" data-widget_type=\"heading.default\">\n\t\t\t\t<div class=\"elementor-widget-container\">\n\t\t\t\t\t<h3 class=\"elementor-heading-title elementor-size-default\">You have rights in health issues, learn about them<\/h3>\t\t\t\t<\/div>\n\t\t\t\t<\/div>\n\t\t\t\t<div class=\"elementor-element elementor-element-8e6fe12 elementor-widget elementor-widget-text-editor\" data-id=\"8e6fe12\" data-element_type=\"widget\" data-e-type=\"widget\" data-widget_type=\"text-editor.default\">\n\t\t\t\t<div class=\"elementor-widget-container\">\n\t\t\t\t\t\t\t\t\t<p>The <a href=\"https:\/\/www.nilc.org\/\"><strong>National Immigration Law Center<\/strong><\/a>, implant\u00f3 una gu\u00eda con la finalidad de apoyar a los migrantes en Estados Unidos para que tengas conocimiento de los derechos que tienes en salud y los programas a los que puedes acceder.<\/p><p>Esta informaci\u00f3n se encuentra en nuestra secci\u00f3n <a href=\"https:\/\/accesolatino.org\/en\/salud\/\">\u201cSalud\u201d<\/a> dando clic en nuestra tarjeta de \u201c<a href=\"https:\/\/accesolatino.org\/en\/salud\/derechos-y-programas-en-salud\/\">Derechos y programas de salud\u201d para ti amigo indocumentado en Estados Unidos\u201d<\/a>.<\/p><p>En este apartado encontrar\u00e1s informaci\u00f3n de gran y tus derechos en materia de Salud, que mencionamos a continuaci\u00f3n:<\/p><ul><li>Los centros de salud no deben pedir informaci\u00f3n sobre la condici\u00f3n migratoria del paciente para dar el servicio de salud. Pueden solicitarla para averiguar si eres elegible para recibir un seguro de salud p\u00fablico y poder pagar el servicio recibido.<\/li><li>Para recibir tratamiento m\u00e9dico, no es necesario presentar un documento de identidad con foto.<\/li><li>Independientemente de tu situaci\u00f3n migratoria debes recibir ayuda m\u00e9dica de emergencia bajo la ley federal.<\/li><li>Puedes buscar servicios de salud (que no son de emergencia) en los centros de salud comunitarios y hospitales de protecci\u00f3n social.<\/li><\/ul><p><a href=\"http:\/\/accesolatino.org\/en\/\"><strong>Acceso Latino<\/strong><\/a> tu portal de apoyo migratorio y salud. No olvides entrar a <a href=\"https:\/\/www.clikisalud.net\/\">clikisalud.<\/a><\/p>\t\t\t\t\t\t\t\t<\/div>\n\t\t\t\t<\/div>\n\t\t\t\t<div class=\"elementor-element elementor-element-1966321 elementor-widget elementor-widget-spacer\" data-id=\"1966321\" data-element_type=\"widget\" data-e-type=\"widget\" data-widget_type=\"spacer.default\">\n\t\t\t\t<div class=\"elementor-widget-container\">\n\t\t\t\t\t\t\t<div class=\"elementor-spacer\">\n\t\t\t<div class=\"elementor-spacer-inner\"><\/div>\n\t\t<\/div>\n\t\t\t\t\t\t<\/div>\n\t\t\t\t<\/div>\n\t\t\t\t\t<\/div>\n\t\t<\/div>\n\t\t\t\t\t<\/div>\n\t\t<\/section>\n\t\t\t\t<\/div>","protected":false},"excerpt":{"rendered":"<p>Salud Tienes derechos en temas de salud, con\u00f3celos El National Immigration Law Center, implant\u00f3 una gu\u00eda con la finalidad de apoyar a los migrantes en Estados Unidos para que tengas conocimiento de los derechos que tienes en salud y los programas a los que puedes acceder. Esta informaci\u00f3n se encuentra en nuestra secci\u00f3n \u201cSalud\u201d dando clic en nuestra tarjeta de \u201cDerechos y programas de salud\u201d para ti amigo indocumentado en Estados Unidos\u201d. En este apartado encontrar\u00e1s informaci\u00f3n de gran y tus derechos en materia de Salud, que mencionamos a continuaci\u00f3n: Los centros de salud no deben pedir informaci\u00f3n sobre la condici\u00f3n migratoria del paciente para dar el servicio de salud. Pueden solicitarla para averiguar si eres elegible para recibir un seguro de salud p\u00fablico y poder pagar el servicio recibido. Para recibir tratamiento m\u00e9dico, no es necesario presentar un documento de identidad con foto. Independientemente de tu situaci\u00f3n migratoria debes recibir ayuda m\u00e9dica de emergencia bajo la ley federal. Puedes buscar servicios de salud (que no son de emergencia) en los centros de salud comunitarios y hospitales de protecci\u00f3n social. Acceso Latino tu portal de apoyo migratorio y salud. No olvides entrar a clikisalud.<\/p>","protected":false},"author":4,"featured_media":16529,"parent":4668,"menu_order":0,"comment_status":"closed","ping_status":"closed","template":"elementor_header_footer","meta":{"_uf_show_specific_survey":0,"_uf_disable_surveys":false,"footnotes":""},"class_list":["post-16528","page","type-page","status-publish","has-post-thumbnail"],"aioseo_notices":[],"yoast_head":"<!-- This site is optimized with the Yoast SEO plugin v27.4 - https:\/\/yoast.com\/product\/yoast-seo-wordpress\/ -->\n<title>Tienes derechos en temas de salud, con\u00f3celos<\/title>\n<meta name=\"description\" content=\"Conoce todo lo que Estados Unidos tiene para ofrecer a los migrantes legales en materia de Salud - Acceso Latino\" \/>\n<meta name=\"robots\" content=\"index, follow, max-snippet:-1, max-image-preview:large, max-video-preview:-1\" \/>\n<link rel=\"canonical\" href=\"https:\/\/accesolatino.org\/en\/salud\/tienes-derechos-en-temas-de-salud-conocelos\/\" \/>\n<meta property=\"og:locale\" content=\"en_US\" \/>\n<meta property=\"og:type\" content=\"article\" \/>\n<meta property=\"og:title\" content=\"Acceso Latino | Tienes derechos en temas de salud, con\u00f3celos\" \/>\n<meta property=\"og:description\" content=\"Conoce todo lo que Estados Unidos tiene para ofrecer a los migrantes en materia de Salud\" \/>\n<meta property=\"og:url\" content=\"https:\/\/accesolatino.org\/en\/salud\/tienes-derechos-en-temas-de-salud-conocelos\/\" \/>\n<meta property=\"og:site_name\" content=\"Acceso Latino\" \/>\n<meta property=\"article:publisher\" content=\"https:\/\/www.facebook.com\/AccesoLatinoOrg\" \/>\n<meta property=\"article:modified_time\" content=\"2025-10-16T18:55:00+00:00\" \/>\n<meta property=\"og:image\" content=\"https:\/\/accesolatino.org\/wp-content\/uploads\/2019\/04\/tienes-derechos-en-temas-de-salud-conocelos.jpg\" \/>\n\t<meta property=\"og:image:width\" content=\"600\" \/>\n\t<meta property=\"og:image:height\" content=\"338\" \/>\n\t<meta property=\"og:image:type\" content=\"image\/jpeg\" \/>\n<meta name=\"twitter:card\" content=\"summary_large_image\" \/>\n<meta name=\"twitter:title\" content=\"Acceso Latino | Tienes derechos en temas de salud, con\u00f3celos\" \/>\n<meta name=\"twitter:description\" content=\"Conoce todo lo que Estados Unidos tiene para ofrecer a los migrantes en materia de Salud\" \/>\n<meta name=\"twitter:image\" content=\"https:\/\/accesolatino.org\/wp-content\/uploads\/2019\/04\/tienes-derechos-en-temas-de-salud-conocelos.jpg\" \/>\n<meta name=\"twitter:site\" content=\"@FAccLatino\" \/>\n<meta name=\"twitter:label1\" content=\"Est. reading time\" \/>\n\t<meta name=\"twitter:data1\" content=\"2 minutes\" \/>\n<script type=\"application\/ld+json\" class=\"yoast-schema-graph\">{\"@context\":\"https:\\\/\\\/schema.org\",\"@graph\":[{\"@type\":\"WebPage\",\"@id\":\"https:\\\/\\\/accesolatino.org\\\/en\\\/salud\\\/tienes-derechos-en-temas-de-salud-conocelos\\\/\",\"url\":\"https:\\\/\\\/accesolatino.org\\\/en\\\/salud\\\/tienes-derechos-en-temas-de-salud-conocelos\\\/\",\"name\":\"Tienes derechos en temas de salud, con\u00f3celos\",\"isPartOf\":{\"@id\":\"https:\\\/\\\/accesolatino.org\\\/#website\"},\"primaryImageOfPage\":{\"@id\":\"https:\\\/\\\/accesolatino.org\\\/en\\\/salud\\\/tienes-derechos-en-temas-de-salud-conocelos\\\/#primaryimage\"},\"image\":{\"@id\":\"https:\\\/\\\/accesolatino.org\\\/en\\\/salud\\\/tienes-derechos-en-temas-de-salud-conocelos\\\/#primaryimage\"},\"thumbnailUrl\":\"https:\\\/\\\/accesolatino.org\\\/wp-content\\\/uploads\\\/2019\\\/04\\\/tienes-derechos-en-temas-de-salud-conocelos.jpg\",\"datePublished\":\"2019-03-05T02:00:30+00:00\",\"dateModified\":\"2025-10-16T18:55:00+00:00\",\"description\":\"Conoce todo lo que Estados Unidos tiene para ofrecer a los migrantes legales en materia de Salud - Acceso Latino\",\"breadcrumb\":{\"@id\":\"https:\\\/\\\/accesolatino.org\\\/en\\\/salud\\\/tienes-derechos-en-temas-de-salud-conocelos\\\/#breadcrumb\"},\"inLanguage\":\"en-US\",\"potentialAction\":[{\"@type\":\"ReadAction\",\"target\":[\"https:\\\/\\\/accesolatino.org\\\/en\\\/salud\\\/tienes-derechos-en-temas-de-salud-conocelos\\\/\"]}]},{\"@type\":\"ImageObject\",\"inLanguage\":\"en-US\",\"@id\":\"https:\\\/\\\/accesolatino.org\\\/en\\\/salud\\\/tienes-derechos-en-temas-de-salud-conocelos\\\/#primaryimage\",\"url\":\"https:\\\/\\\/accesolatino.org\\\/wp-content\\\/uploads\\\/2019\\\/04\\\/tienes-derechos-en-temas-de-salud-conocelos.jpg\",\"contentUrl\":\"https:\\\/\\\/accesolatino.org\\\/wp-content\\\/uploads\\\/2019\\\/04\\\/tienes-derechos-en-temas-de-salud-conocelos.jpg\",\"width\":600,\"height\":338,\"caption\":\"salud\"},{\"@type\":\"BreadcrumbList\",\"@id\":\"https:\\\/\\\/accesolatino.org\\\/en\\\/salud\\\/tienes-derechos-en-temas-de-salud-conocelos\\\/#breadcrumb\",\"itemListElement\":[{\"@type\":\"ListItem\",\"position\":1,\"name\":\"Portada\",\"item\":\"https:\\\/\\\/accesolatino.org\\\/\"},{\"@type\":\"ListItem\",\"position\":2,\"name\":\"Salud\",\"item\":\"https:\\\/\\\/accesolatino.org\\\/salud\\\/\"},{\"@type\":\"ListItem\",\"position\":3,\"name\":\"Tienes derechos en temas de salud, con\u00f3celos\"}]},{\"@type\":\"WebSite\",\"@id\":\"https:\\\/\\\/accesolatino.org\\\/#website\",\"url\":\"https:\\\/\\\/accesolatino.org\\\/\",\"name\":\"Acceso Latino | Fundaci\u00f3n Carlos Slim\",\"description\":\"Fundaci\u00f3n Carlos Slim\",\"publisher\":{\"@id\":\"https:\\\/\\\/accesolatino.org\\\/#organization\"},\"potentialAction\":[{\"@type\":\"SearchAction\",\"target\":{\"@type\":\"EntryPoint\",\"urlTemplate\":\"https:\\\/\\\/accesolatino.org\\\/?s={search_term_string}\"},\"query-input\":{\"@type\":\"PropertyValueSpecification\",\"valueRequired\":true,\"valueName\":\"search_term_string\"}}],\"inLanguage\":\"en-US\"},{\"@type\":\"Organization\",\"@id\":\"https:\\\/\\\/accesolatino.org\\\/#organization\",\"name\":\"Acceso Latino | Fundaci\u00f3n Carlos Slim\",\"url\":\"https:\\\/\\\/accesolatino.org\\\/\",\"logo\":{\"@type\":\"ImageObject\",\"inLanguage\":\"en-US\",\"@id\":\"https:\\\/\\\/accesolatino.org\\\/#\\\/schema\\\/logo\\\/image\\\/\",\"url\":\"https:\\\/\\\/accesolatino.org\\\/wp-content\\\/uploads\\\/2021\\\/02\\\/logo-footer-acceso-latino.png\",\"contentUrl\":\"https:\\\/\\\/accesolatino.org\\\/wp-content\\\/uploads\\\/2021\\\/02\\\/logo-footer-acceso-latino.png\",\"width\":240,\"height\":40,\"caption\":\"Acceso Latino | Fundaci\u00f3n Carlos Slim\"},\"image\":{\"@id\":\"https:\\\/\\\/accesolatino.org\\\/#\\\/schema\\\/logo\\\/image\\\/\"},\"sameAs\":[\"https:\\\/\\\/www.facebook.com\\\/AccesoLatinoOrg\",\"https:\\\/\\\/x.com\\\/FAccLatino\"]}]}<\/script>\n<!-- \/ Yoast SEO plugin. -->","yoast_head_json":{"title":"You have rights in health issues, learn about them","description":"Conoce todo lo que Estados Unidos tiene para ofrecer a los migrantes legales en materia de Salud - Acceso Latino","robots":{"index":"index","follow":"follow","max-snippet":"max-snippet:-1","max-image-preview":"max-image-preview:large","max-video-preview":"max-video-preview:-1"},"canonical":"https:\/\/accesolatino.org\/en\/salud\/tienes-derechos-en-temas-de-salud-conocelos\/","og_locale":"en_US","og_type":"article","og_title":"Acceso Latino | Tienes derechos en temas de salud, con\u00f3celos","og_description":"Conoce todo lo que Estados Unidos tiene para ofrecer a los migrantes en materia de Salud","og_url":"https:\/\/accesolatino.org\/en\/salud\/tienes-derechos-en-temas-de-salud-conocelos\/","og_site_name":"Acceso Latino","article_publisher":"https:\/\/www.facebook.com\/AccesoLatinoOrg","article_modified_time":"2025-10-16T18:55:00+00:00","og_image":[{"width":600,"height":338,"url":"https:\/\/accesolatino.org\/wp-content\/uploads\/2019\/04\/tienes-derechos-en-temas-de-salud-conocelos.jpg","type":"image\/jpeg"}],"twitter_card":"summary_large_image","twitter_title":"Acceso Latino | Tienes derechos en temas de salud, con\u00f3celos","twitter_description":"Conoce todo lo que Estados Unidos tiene para ofrecer a los migrantes en materia de Salud","twitter_image":"https:\/\/accesolatino.org\/wp-content\/uploads\/2019\/04\/tienes-derechos-en-temas-de-salud-conocelos.jpg","twitter_site":"@FAccLatino","twitter_misc":{"Est. reading time":"2 minutes"},"schema":{"@context":"https:\/\/schema.org","@graph":[{"@type":"WebPage","@id":"https:\/\/accesolatino.org\/en\/salud\/tienes-derechos-en-temas-de-salud-conocelos\/","url":"https:\/\/accesolatino.org\/en\/salud\/tienes-derechos-en-temas-de-salud-conocelos\/","name":"You have rights in health issues, learn about them","isPartOf":{"@id":"https:\/\/accesolatino.org\/#website"},"primaryImageOfPage":{"@id":"https:\/\/accesolatino.org\/en\/salud\/tienes-derechos-en-temas-de-salud-conocelos\/#primaryimage"},"image":{"@id":"https:\/\/accesolatino.org\/en\/salud\/tienes-derechos-en-temas-de-salud-conocelos\/#primaryimage"},"thumbnailUrl":"https:\/\/accesolatino.org\/wp-content\/uploads\/2019\/04\/tienes-derechos-en-temas-de-salud-conocelos.jpg","datePublished":"2019-03-05T02:00:30+00:00","dateModified":"2025-10-16T18:55:00+00:00","description":"Conoce todo lo que Estados Unidos tiene para ofrecer a los migrantes legales en materia de Salud - Acceso Latino","breadcrumb":{"@id":"https:\/\/accesolatino.org\/en\/salud\/tienes-derechos-en-temas-de-salud-conocelos\/#breadcrumb"},"inLanguage":"en-US","potentialAction":[{"@type":"ReadAction","target":["https:\/\/accesolatino.org\/en\/salud\/tienes-derechos-en-temas-de-salud-conocelos\/"]}]},{"@type":"ImageObject","inLanguage":"en-US","@id":"https:\/\/accesolatino.org\/en\/salud\/tienes-derechos-en-temas-de-salud-conocelos\/#primaryimage","url":"https:\/\/accesolatino.org\/wp-content\/uploads\/2019\/04\/tienes-derechos-en-temas-de-salud-conocelos.jpg","contentUrl":"https:\/\/accesolatino.org\/wp-content\/uploads\/2019\/04\/tienes-derechos-en-temas-de-salud-conocelos.jpg","width":600,"height":338,"caption":"salud"},{"@type":"BreadcrumbList","@id":"https:\/\/accesolatino.org\/en\/salud\/tienes-derechos-en-temas-de-salud-conocelos\/#breadcrumb","itemListElement":[{"@type":"ListItem","position":1,"name":"Portada","item":"https:\/\/accesolatino.org\/"},{"@type":"ListItem","position":2,"name":"Salud","item":"https:\/\/accesolatino.org\/salud\/"},{"@type":"ListItem","position":3,"name":"Tienes derechos en temas de salud, con\u00f3celos"}]},{"@type":"WebSite","@id":"https:\/\/accesolatino.org\/#website","url":"https:\/\/accesolatino.org\/","name":"Acceso Latino | Fundaci\u00f3n Carlos Slim","description":"Fundaci\u00f3n Carlos Slim","publisher":{"@id":"https:\/\/accesolatino.org\/#organization"},"potentialAction":[{"@type":"SearchAction","target":{"@type":"EntryPoint","urlTemplate":"https:\/\/accesolatino.org\/?s={search_term_string}"},"query-input":{"@type":"PropertyValueSpecification","valueRequired":true,"valueName":"search_term_string"}}],"inLanguage":"en-US"},{"@type":"Organization","@id":"https:\/\/accesolatino.org\/#organization","name":"Acceso Latino | Fundaci\u00f3n Carlos Slim","url":"https:\/\/accesolatino.org\/","logo":{"@type":"ImageObject","inLanguage":"en-US","@id":"https:\/\/accesolatino.org\/#\/schema\/logo\/image\/","url":"https:\/\/accesolatino.org\/wp-content\/uploads\/2021\/02\/logo-footer-acceso-latino.png","contentUrl":"https:\/\/accesolatino.org\/wp-content\/uploads\/2021\/02\/logo-footer-acceso-latino.png","width":240,"height":40,"caption":"Acceso Latino | Fundaci\u00f3n Carlos Slim"},"image":{"@id":"https:\/\/accesolatino.org\/#\/schema\/logo\/image\/"},"sameAs":["https:\/\/www.facebook.com\/AccesoLatinoOrg","https:\/\/x.com\/FAccLatino"]}]}},"_links":{"self":[{"href":"https:\/\/accesolatino.org\/en\/wp-json\/wp\/v2\/pages\/16528","targetHints":{"allow":["GET"]}}],"collection":[{"href":"https:\/\/accesolatino.org\/en\/wp-json\/wp\/v2\/pages"}],"about":[{"href":"https:\/\/accesolatino.org\/en\/wp-json\/wp\/v2\/types\/page"}],"author":[{"embeddable":true,"href":"https:\/\/accesolatino.org\/en\/wp-json\/wp\/v2\/users\/4"}],"replies":[{"embeddable":true,"href":"https:\/\/accesolatino.org\/en\/wp-json\/wp\/v2\/comments?post=16528"}],"version-history":[{"count":1,"href":"https:\/\/accesolatino.org\/en\/wp-json\/wp\/v2\/pages\/16528\/revisions"}],"predecessor-version":[{"id":64078,"href":"https:\/\/accesolatino.org\/en\/wp-json\/wp\/v2\/pages\/16528\/revisions\/64078"}],"up":[{"embeddable":true,"href":"https:\/\/accesolatino.org\/en\/wp-json\/wp\/v2\/pages\/4668"}],"wp:featuredmedia":[{"embeddable":true,"href":"https:\/\/accesolatino.org\/en\/wp-json\/wp\/v2\/media\/16529"}],"wp:attachment":[{"href":"https:\/\/accesolatino.org\/en\/wp-json\/wp\/v2\/media?parent=16528"}],"curies":[{"name":"wp","href":"https:\/\/api.w.org\/{rel}","templated":true}]}}