{"id":16459,"date":"2019-03-11T20:00:45","date_gmt":"2019-03-12T02:00:45","guid":{"rendered":"https:\/\/accesolatino.org\/?page_id=16459"},"modified":"2025-11-06T17:32:31","modified_gmt":"2025-11-06T23:32:31","slug":"como-obtener-una-copia-de-tu-acta-de-nacimiento","status":"publish","type":"page","link":"https:\/\/accesolatino.org\/en\/como-obtener-una-copia-de-tu-acta-de-nacimiento\/","title":{"rendered":"Te decimos c\u00f3mo obtener una copia de tu acta de nacimiento"},"content":{"rendered":"<div data-elementor-type=\"wp-post\" data-elementor-id=\"16459\" class=\"elementor elementor-16459\">\n\t\t\t\t\t\t<section class=\"elementor-section elementor-top-section elementor-element elementor-element-4b9c67f elementor-section-full_width elementor-section-height-min-height elementor-section-items-stretch elementor-section-height-default wpr-particle-no wpr-jarallax-no wpr-parallax-no wpr-sticky-section-no\" data-id=\"4b9c67f\" data-element_type=\"section\" data-e-type=\"section\" data-settings=\"{&quot;background_background&quot;:&quot;classic&quot;}\">\n\t\t\t\t\t\t<div class=\"elementor-container elementor-column-gap-no\">\n\t\t\t\t\t<div class=\"elementor-column elementor-col-100 elementor-top-column elementor-element elementor-element-af12ca4\" data-id=\"af12ca4\" data-element_type=\"column\" data-e-type=\"column\">\n\t\t\t<div class=\"elementor-widget-wrap elementor-element-populated\">\n\t\t\t\t\t\t<div class=\"elementor-element elementor-element-6c441b1 elementor--h-position-center elementor--v-position-middle elementor-widget elementor-widget-slides\" data-id=\"6c441b1\" data-element_type=\"widget\" data-e-type=\"widget\" data-settings=\"{&quot;navigation&quot;:&quot;none&quot;,&quot;infinite&quot;:&quot;yes&quot;,&quot;transition&quot;:&quot;slide&quot;,&quot;transition_speed&quot;:500}\" data-widget_type=\"slides.default\">\n\t\t\t\t<div class=\"elementor-widget-container\">\n\t\t\t\t\t\t\t<div class=\"elementor-swiper\">\n\t\t\t<div class=\"elementor-slides-wrapper elementor-main-swiper swiper-container\" dir=\"ltr\" data-animation=\"\">\n\t\t\t\t<div class=\"swiper-wrapper elementor-slides\">\n\t\t\t\t\t\t\t\t\t\t<div class=\"elementor-repeater-item-d983a28 swiper-slide\"><div class=\"swiper-slide-bg\"><\/div><div class=\"swiper-slide-inner\" ><div class=\"swiper-slide-contents\"><div class=\"elementor-slide-heading\">Official Procedures<\/div><\/div><\/div><\/div>\t\t\t\t<\/div>\n\t\t\t\t\t\t\t<\/div>\n\t\t<\/div>\n\t\t\t\t\t\t<\/div>\n\t\t\t\t<\/div>\n\t\t\t\t\t<\/div>\n\t\t<\/div>\n\t\t\t\t\t<\/div>\n\t\t<\/section>\n\t\t\t\t<section class=\"elementor-section elementor-top-section elementor-element elementor-element-9e26b3d elementor-section-stretched elementor-section-boxed elementor-section-height-default elementor-section-height-default wpr-particle-no wpr-jarallax-no wpr-parallax-no wpr-sticky-section-no\" data-id=\"9e26b3d\" data-element_type=\"section\" data-e-type=\"section\" data-settings=\"{&quot;stretch_section&quot;:&quot;section-stretched&quot;,&quot;background_background&quot;:&quot;classic&quot;}\">\n\t\t\t\t\t\t<div class=\"elementor-container elementor-column-gap-default\">\n\t\t\t\t\t<div class=\"elementor-column elementor-col-100 elementor-top-column elementor-element elementor-element-ef871d2\" data-id=\"ef871d2\" data-element_type=\"column\" data-e-type=\"column\">\n\t\t\t<div class=\"elementor-widget-wrap elementor-element-populated\">\n\t\t\t\t\t\t<div class=\"elementor-element elementor-element-2d97c6b elementor-widget elementor-widget-heading\" data-id=\"2d97c6b\" data-element_type=\"widget\" data-e-type=\"widget\" data-widget_type=\"heading.default\">\n\t\t\t\t<div class=\"elementor-widget-container\">\n\t\t\t\t\t<h3 class=\"elementor-heading-title elementor-size-default\">Mexican friend, we tell you how to obtain a copy of your birth certificate.<\/h3>\t\t\t\t<\/div>\n\t\t\t\t<\/div>\n\t\t\t\t<div class=\"elementor-element elementor-element-8c2c1e9 elementor-widget elementor-widget-text-editor\" data-id=\"8c2c1e9\" data-element_type=\"widget\" data-e-type=\"widget\" data-widget_type=\"text-editor.default\">\n\t\t\t\t<div class=\"elementor-widget-container\">\n\t\t\t\t\t\t\t\t\t<p>In<strong> accesolatino.org<\/strong> te damos la mayor informaci\u00f3n posible y de \u00fatil para los inmigrantes latinos en Estados Unidos. En esta ocasi\u00f3n, ponemos a tu disposici\u00f3n la herramienta <a href=\"https:\/\/www.gob.mx\/actas\/videos\/acta-de-nacimiento-2018\">\u201cActa de nacimiento para mexicanos\u201d<\/a>; informaci\u00f3n que encontrar\u00e1s en nuestra secci\u00f3n<a href=\"https:\/\/accesolatino.org\/en\/tus-documentos\/\"><u> \u201cTus Documentos\u201d<\/u><\/a>.<\/p><p>En esta tarjeta encontrar\u00e1s toda la informaci\u00f3n que necesitas para imprimir la copia de tu acta de nacimiento certificada mexicana desde internet.<\/p><p>Algunos tr\u00e1mites piden el acta de nacimiento con una fecha de vigencia definida. T\u00f3malo en cuenta cuando realices este tr\u00e1mite.<\/p><p>Si al consultar tu acta de nacimiento se indica que no se encuentra disponible, se debe a que tu documento no ha sido capturado en la Base de Datos Nacional del Registro Civil. En ese caso, pide a un familiar que acuda al registro civil donde fuiste registrado mientras es capturada en la Base de Datos. Adem\u00e1s, recuerda que en tu consulado recibes apoyo para este tipo de tr\u00e1mites.<\/p><p>Acceso Latino tu primera ventana de consulta migratoria.<\/p>\t\t\t\t\t\t\t\t<\/div>\n\t\t\t\t<\/div>\n\t\t\t\t<div class=\"elementor-element elementor-element-28c9491 elementor-widget elementor-widget-spacer\" data-id=\"28c9491\" data-element_type=\"widget\" data-e-type=\"widget\" data-widget_type=\"spacer.default\">\n\t\t\t\t<div class=\"elementor-widget-container\">\n\t\t\t\t\t\t\t<div class=\"elementor-spacer\">\n\t\t\t<div class=\"elementor-spacer-inner\"><\/div>\n\t\t<\/div>\n\t\t\t\t\t\t<\/div>\n\t\t\t\t<\/div>\n\t\t\t\t\t<\/div>\n\t\t<\/div>\n\t\t\t\t\t<\/div>\n\t\t<\/section>\n\t\t\t\t<\/div>","protected":false},"excerpt":{"rendered":"<p>Tr\u00e1mites Oficiales Amigo mexicano, te decimos c\u00f3mo obtener una copia de tu acta de nacimiento En accesolatino.org te damos la mayor informaci\u00f3n posible y de \u00fatil para los inmigrantes latinos en Estados Unidos. En esta ocasi\u00f3n, ponemos a tu disposici\u00f3n la herramienta \u201cActa de nacimiento para mexicanos\u201d; informaci\u00f3n que encontrar\u00e1s en nuestra secci\u00f3n \u201cTus Documentos\u201d. En esta tarjeta encontrar\u00e1s toda la informaci\u00f3n que necesitas para imprimir la copia de tu acta de nacimiento certificada mexicana desde internet. Algunos tr\u00e1mites piden el acta de nacimiento con una fecha de vigencia definida. T\u00f3malo en cuenta cuando realices este tr\u00e1mite. Si al consultar tu acta de nacimiento se indica que no se encuentra disponible, se debe a que tu documento no ha sido capturado en la Base de Datos Nacional del Registro Civil. En ese caso, pide a un familiar que acuda al registro civil donde fuiste registrado mientras es capturada en la Base de Datos. Adem\u00e1s, recuerda que en tu consulado recibes apoyo para este tipo de tr\u00e1mites. Acceso Latino tu primera ventana de consulta migratoria.<\/p>","protected":false},"author":10,"featured_media":16460,"parent":0,"menu_order":0,"comment_status":"closed","ping_status":"closed","template":"elementor_header_footer","meta":{"_uf_show_specific_survey":0,"_uf_disable_surveys":false,"footnotes":""},"class_list":["post-16459","page","type-page","status-publish","has-post-thumbnail"],"aioseo_notices":[],"yoast_head":"<!-- This site is optimized with the Yoast SEO plugin v27.3 - https:\/\/yoast.com\/product\/yoast-seo-wordpress\/ -->\n<title>Te decimos c\u00f3mo obtener una copia de tu acta de nacimiento<\/title>\n<meta name=\"description\" content=\"Conoce todas las aplicaciones que te pueden ser de ayuda en todos los procesos de migraci\u00f3n legal - Acceso Latino\" \/>\n<meta name=\"robots\" content=\"index, follow, max-snippet:-1, max-image-preview:large, max-video-preview:-1\" \/>\n<link rel=\"canonical\" href=\"https:\/\/accesolatino.org\/en\/como-obtener-una-copia-de-tu-acta-de-nacimiento\/\" \/>\n<meta property=\"og:locale\" content=\"en_US\" \/>\n<meta property=\"og:type\" content=\"article\" \/>\n<meta property=\"og:title\" content=\"Acceso Latino | Te decimos c\u00f3mo obtener una copia de tu acta de nacimiento\" \/>\n<meta property=\"og:description\" content=\"Conoce las aplicaciones que te pueden ser de ayuda en otros pa\u00edses.\" \/>\n<meta property=\"og:url\" content=\"https:\/\/accesolatino.org\/en\/como-obtener-una-copia-de-tu-acta-de-nacimiento\/\" \/>\n<meta property=\"og:site_name\" content=\"Acceso Latino\" \/>\n<meta property=\"article:publisher\" content=\"https:\/\/www.facebook.com\/AccesoLatinoOrg\" \/>\n<meta property=\"article:modified_time\" content=\"2025-11-06T23:32:31+00:00\" \/>\n<meta property=\"og:image\" content=\"https:\/\/accesolatino.org\/wp-content\/uploads\/2019\/04\/Amigo-mexicano-te-decimos-c\u00f3mo-obtener-una-copia-de-tu-acta-de-nacimiento.jpg\" \/>\n\t<meta property=\"og:image:width\" content=\"600\" \/>\n\t<meta property=\"og:image:height\" content=\"338\" \/>\n\t<meta property=\"og:image:type\" content=\"image\/jpeg\" \/>\n<meta name=\"twitter:card\" content=\"summary_large_image\" \/>\n<meta name=\"twitter:title\" content=\"Acceso Latino | Te decimos c\u00f3mo obtener una copia de tu acta de nacimiento\" \/>\n<meta name=\"twitter:description\" content=\"Conoce las aplicaciones que te pueden ser de ayuda en otros pa\u00edses.\" \/>\n<meta name=\"twitter:image\" content=\"https:\/\/accesolatino.org\/wp-content\/uploads\/2019\/04\/Amigo-mexicano-te-decimos-c\u00f3mo-obtener-una-copia-de-tu-acta-de-nacimiento.jpg\" \/>\n<meta name=\"twitter:site\" content=\"@FAccLatino\" \/>\n<meta name=\"twitter:label1\" content=\"Est. reading time\" \/>\n\t<meta name=\"twitter:data1\" content=\"1 minute\" \/>\n<script type=\"application\/ld+json\" class=\"yoast-schema-graph\">{\"@context\":\"https:\\\/\\\/schema.org\",\"@graph\":[{\"@type\":\"WebPage\",\"@id\":\"https:\\\/\\\/accesolatino.org\\\/como-obtener-una-copia-de-tu-acta-de-nacimiento\\\/\",\"url\":\"https:\\\/\\\/accesolatino.org\\\/como-obtener-una-copia-de-tu-acta-de-nacimiento\\\/\",\"name\":\"Te decimos c\u00f3mo obtener una copia de tu acta de nacimiento\",\"isPartOf\":{\"@id\":\"https:\\\/\\\/accesolatino.org\\\/#website\"},\"primaryImageOfPage\":{\"@id\":\"https:\\\/\\\/accesolatino.org\\\/como-obtener-una-copia-de-tu-acta-de-nacimiento\\\/#primaryimage\"},\"image\":{\"@id\":\"https:\\\/\\\/accesolatino.org\\\/como-obtener-una-copia-de-tu-acta-de-nacimiento\\\/#primaryimage\"},\"thumbnailUrl\":\"https:\\\/\\\/accesolatino.org\\\/wp-content\\\/uploads\\\/2019\\\/04\\\/Amigo-mexicano-te-decimos-c\u00f3mo-obtener-una-copia-de-tu-acta-de-nacimiento.jpg\",\"datePublished\":\"2019-03-12T02:00:45+00:00\",\"dateModified\":\"2025-11-06T23:32:31+00:00\",\"description\":\"Conoce todas las aplicaciones que te pueden ser de ayuda en todos los procesos de migraci\u00f3n legal - Acceso Latino\",\"breadcrumb\":{\"@id\":\"https:\\\/\\\/accesolatino.org\\\/como-obtener-una-copia-de-tu-acta-de-nacimiento\\\/#breadcrumb\"},\"inLanguage\":\"en-US\",\"potentialAction\":[{\"@type\":\"ReadAction\",\"target\":[\"https:\\\/\\\/accesolatino.org\\\/como-obtener-una-copia-de-tu-acta-de-nacimiento\\\/\"]}]},{\"@type\":\"ImageObject\",\"inLanguage\":\"en-US\",\"@id\":\"https:\\\/\\\/accesolatino.org\\\/como-obtener-una-copia-de-tu-acta-de-nacimiento\\\/#primaryimage\",\"url\":\"https:\\\/\\\/accesolatino.org\\\/wp-content\\\/uploads\\\/2019\\\/04\\\/Amigo-mexicano-te-decimos-c\u00f3mo-obtener-una-copia-de-tu-acta-de-nacimiento.jpg\",\"contentUrl\":\"https:\\\/\\\/accesolatino.org\\\/wp-content\\\/uploads\\\/2019\\\/04\\\/Amigo-mexicano-te-decimos-c\u00f3mo-obtener-una-copia-de-tu-acta-de-nacimiento.jpg\",\"width\":600,\"height\":338,\"caption\":\"acta de nacimiento\"},{\"@type\":\"BreadcrumbList\",\"@id\":\"https:\\\/\\\/accesolatino.org\\\/como-obtener-una-copia-de-tu-acta-de-nacimiento\\\/#breadcrumb\",\"itemListElement\":[{\"@type\":\"ListItem\",\"position\":1,\"name\":\"Portada\",\"item\":\"https:\\\/\\\/accesolatino.org\\\/\"},{\"@type\":\"ListItem\",\"position\":2,\"name\":\"Te decimos c\u00f3mo obtener una copia de tu acta de nacimiento\"}]},{\"@type\":\"WebSite\",\"@id\":\"https:\\\/\\\/accesolatino.org\\\/#website\",\"url\":\"https:\\\/\\\/accesolatino.org\\\/\",\"name\":\"Acceso Latino | Fundaci\u00f3n Carlos Slim\",\"description\":\"Fundaci\u00f3n Carlos Slim\",\"publisher\":{\"@id\":\"https:\\\/\\\/accesolatino.org\\\/#organization\"},\"potentialAction\":[{\"@type\":\"SearchAction\",\"target\":{\"@type\":\"EntryPoint\",\"urlTemplate\":\"https:\\\/\\\/accesolatino.org\\\/?s={search_term_string}\"},\"query-input\":{\"@type\":\"PropertyValueSpecification\",\"valueRequired\":true,\"valueName\":\"search_term_string\"}}],\"inLanguage\":\"en-US\"},{\"@type\":\"Organization\",\"@id\":\"https:\\\/\\\/accesolatino.org\\\/#organization\",\"name\":\"Acceso Latino | Fundaci\u00f3n Carlos Slim\",\"url\":\"https:\\\/\\\/accesolatino.org\\\/\",\"logo\":{\"@type\":\"ImageObject\",\"inLanguage\":\"en-US\",\"@id\":\"https:\\\/\\\/accesolatino.org\\\/#\\\/schema\\\/logo\\\/image\\\/\",\"url\":\"https:\\\/\\\/accesolatino.org\\\/wp-content\\\/uploads\\\/2021\\\/02\\\/logo-footer-acceso-latino.png\",\"contentUrl\":\"https:\\\/\\\/accesolatino.org\\\/wp-content\\\/uploads\\\/2021\\\/02\\\/logo-footer-acceso-latino.png\",\"width\":240,\"height\":40,\"caption\":\"Acceso Latino | Fundaci\u00f3n Carlos Slim\"},\"image\":{\"@id\":\"https:\\\/\\\/accesolatino.org\\\/#\\\/schema\\\/logo\\\/image\\\/\"},\"sameAs\":[\"https:\\\/\\\/www.facebook.com\\\/AccesoLatinoOrg\",\"https:\\\/\\\/x.com\\\/FAccLatino\"]}]}<\/script>\n<!-- \/ Yoast SEO plugin. -->","yoast_head_json":{"title":"Te decimos c\u00f3mo obtener una copia de tu acta de nacimiento","description":"Conoce todas las aplicaciones que te pueden ser de ayuda en todos los procesos de migraci\u00f3n legal - Acceso Latino","robots":{"index":"index","follow":"follow","max-snippet":"max-snippet:-1","max-image-preview":"max-image-preview:large","max-video-preview":"max-video-preview:-1"},"canonical":"https:\/\/accesolatino.org\/en\/como-obtener-una-copia-de-tu-acta-de-nacimiento\/","og_locale":"en_US","og_type":"article","og_title":"Acceso Latino | Te decimos c\u00f3mo obtener una copia de tu acta de nacimiento","og_description":"Conoce las aplicaciones que te pueden ser de ayuda en otros pa\u00edses.","og_url":"https:\/\/accesolatino.org\/en\/como-obtener-una-copia-de-tu-acta-de-nacimiento\/","og_site_name":"Acceso Latino","article_publisher":"https:\/\/www.facebook.com\/AccesoLatinoOrg","article_modified_time":"2025-11-06T23:32:31+00:00","og_image":[{"width":600,"height":338,"url":"https:\/\/accesolatino.org\/wp-content\/uploads\/2019\/04\/Amigo-mexicano-te-decimos-c\u00f3mo-obtener-una-copia-de-tu-acta-de-nacimiento.jpg","type":"image\/jpeg"}],"twitter_card":"summary_large_image","twitter_title":"Acceso Latino | Te decimos c\u00f3mo obtener una copia de tu acta de nacimiento","twitter_description":"Conoce las aplicaciones que te pueden ser de ayuda en otros pa\u00edses.","twitter_image":"https:\/\/accesolatino.org\/wp-content\/uploads\/2019\/04\/Amigo-mexicano-te-decimos-c\u00f3mo-obtener-una-copia-de-tu-acta-de-nacimiento.jpg","twitter_site":"@FAccLatino","twitter_misc":{"Est. reading time":"1 minute"},"schema":{"@context":"https:\/\/schema.org","@graph":[{"@type":"WebPage","@id":"https:\/\/accesolatino.org\/como-obtener-una-copia-de-tu-acta-de-nacimiento\/","url":"https:\/\/accesolatino.org\/como-obtener-una-copia-de-tu-acta-de-nacimiento\/","name":"Te decimos c\u00f3mo obtener una copia de tu acta de nacimiento","isPartOf":{"@id":"https:\/\/accesolatino.org\/#website"},"primaryImageOfPage":{"@id":"https:\/\/accesolatino.org\/como-obtener-una-copia-de-tu-acta-de-nacimiento\/#primaryimage"},"image":{"@id":"https:\/\/accesolatino.org\/como-obtener-una-copia-de-tu-acta-de-nacimiento\/#primaryimage"},"thumbnailUrl":"https:\/\/accesolatino.org\/wp-content\/uploads\/2019\/04\/Amigo-mexicano-te-decimos-c\u00f3mo-obtener-una-copia-de-tu-acta-de-nacimiento.jpg","datePublished":"2019-03-12T02:00:45+00:00","dateModified":"2025-11-06T23:32:31+00:00","description":"Conoce todas las aplicaciones que te pueden ser de ayuda en todos los procesos de migraci\u00f3n legal - Acceso Latino","breadcrumb":{"@id":"https:\/\/accesolatino.org\/como-obtener-una-copia-de-tu-acta-de-nacimiento\/#breadcrumb"},"inLanguage":"en-US","potentialAction":[{"@type":"ReadAction","target":["https:\/\/accesolatino.org\/como-obtener-una-copia-de-tu-acta-de-nacimiento\/"]}]},{"@type":"ImageObject","inLanguage":"en-US","@id":"https:\/\/accesolatino.org\/como-obtener-una-copia-de-tu-acta-de-nacimiento\/#primaryimage","url":"https:\/\/accesolatino.org\/wp-content\/uploads\/2019\/04\/Amigo-mexicano-te-decimos-c\u00f3mo-obtener-una-copia-de-tu-acta-de-nacimiento.jpg","contentUrl":"https:\/\/accesolatino.org\/wp-content\/uploads\/2019\/04\/Amigo-mexicano-te-decimos-c\u00f3mo-obtener-una-copia-de-tu-acta-de-nacimiento.jpg","width":600,"height":338,"caption":"acta de nacimiento"},{"@type":"BreadcrumbList","@id":"https:\/\/accesolatino.org\/como-obtener-una-copia-de-tu-acta-de-nacimiento\/#breadcrumb","itemListElement":[{"@type":"ListItem","position":1,"name":"Portada","item":"https:\/\/accesolatino.org\/"},{"@type":"ListItem","position":2,"name":"Te decimos c\u00f3mo obtener una copia de tu acta de nacimiento"}]},{"@type":"WebSite","@id":"https:\/\/accesolatino.org\/#website","url":"https:\/\/accesolatino.org\/","name":"Acceso Latino | Fundaci\u00f3n Carlos Slim","description":"Fundaci\u00f3n Carlos Slim","publisher":{"@id":"https:\/\/accesolatino.org\/#organization"},"potentialAction":[{"@type":"SearchAction","target":{"@type":"EntryPoint","urlTemplate":"https:\/\/accesolatino.org\/?s={search_term_string}"},"query-input":{"@type":"PropertyValueSpecification","valueRequired":true,"valueName":"search_term_string"}}],"inLanguage":"en-US"},{"@type":"Organization","@id":"https:\/\/accesolatino.org\/#organization","name":"Acceso Latino | Fundaci\u00f3n Carlos Slim","url":"https:\/\/accesolatino.org\/","logo":{"@type":"ImageObject","inLanguage":"en-US","@id":"https:\/\/accesolatino.org\/#\/schema\/logo\/image\/","url":"https:\/\/accesolatino.org\/wp-content\/uploads\/2021\/02\/logo-footer-acceso-latino.png","contentUrl":"https:\/\/accesolatino.org\/wp-content\/uploads\/2021\/02\/logo-footer-acceso-latino.png","width":240,"height":40,"caption":"Acceso Latino | Fundaci\u00f3n Carlos Slim"},"image":{"@id":"https:\/\/accesolatino.org\/#\/schema\/logo\/image\/"},"sameAs":["https:\/\/www.facebook.com\/AccesoLatinoOrg","https:\/\/x.com\/FAccLatino"]}]}},"_links":{"self":[{"href":"https:\/\/accesolatino.org\/en\/wp-json\/wp\/v2\/pages\/16459","targetHints":{"allow":["GET"]}}],"collection":[{"href":"https:\/\/accesolatino.org\/en\/wp-json\/wp\/v2\/pages"}],"about":[{"href":"https:\/\/accesolatino.org\/en\/wp-json\/wp\/v2\/types\/page"}],"author":[{"embeddable":true,"href":"https:\/\/accesolatino.org\/en\/wp-json\/wp\/v2\/users\/10"}],"replies":[{"embeddable":true,"href":"https:\/\/accesolatino.org\/en\/wp-json\/wp\/v2\/comments?post=16459"}],"version-history":[{"count":1,"href":"https:\/\/accesolatino.org\/en\/wp-json\/wp\/v2\/pages\/16459\/revisions"}],"predecessor-version":[{"id":68577,"href":"https:\/\/accesolatino.org\/en\/wp-json\/wp\/v2\/pages\/16459\/revisions\/68577"}],"wp:featuredmedia":[{"embeddable":true,"href":"https:\/\/accesolatino.org\/en\/wp-json\/wp\/v2\/media\/16460"}],"wp:attachment":[{"href":"https:\/\/accesolatino.org\/en\/wp-json\/wp\/v2\/media?parent=16459"}],"curies":[{"name":"wp","href":"https:\/\/api.w.org\/{rel}","templated":true}]}}