{"id":16442,"date":"2019-04-04T20:00:11","date_gmt":"2019-04-05T02:00:11","guid":{"rendered":"https:\/\/accesolatino.org\/?page_id=16442"},"modified":"2025-10-15T12:44:05","modified_gmt":"2025-10-15T18:44:05","slug":"consejos-para-que-tu-bebe-se-desarrolle-sano-y-fuerte","status":"publish","type":"page","link":"https:\/\/accesolatino.org\/en\/salud\/consejos-para-que-tu-bebe-se-desarrolle-sano-y-fuerte\/","title":{"rendered":"Tips to help your baby develop healthy and strong"},"content":{"rendered":"<div data-elementor-type=\"wp-post\" data-elementor-id=\"16442\" class=\"elementor elementor-16442\">\n\t\t\t\t\t\t<section class=\"elementor-section elementor-top-section elementor-element elementor-element-22c94fc elementor-section-full_width elementor-section-height-min-height elementor-section-items-stretch elementor-section-height-default wpr-particle-no wpr-jarallax-no wpr-parallax-no wpr-sticky-section-no wpr-equal-height-no\" data-id=\"22c94fc\" data-element_type=\"section\" data-e-type=\"section\" data-settings=\"{&quot;background_background&quot;:&quot;classic&quot;}\">\n\t\t\t\t\t\t<div class=\"elementor-container elementor-column-gap-no\">\n\t\t\t\t\t<div class=\"elementor-column elementor-col-100 elementor-top-column elementor-element elementor-element-e091663\" data-id=\"e091663\" data-element_type=\"column\" data-e-type=\"column\">\n\t\t\t<div class=\"elementor-widget-wrap elementor-element-populated\">\n\t\t\t\t\t\t<div class=\"elementor-element elementor-element-04ec2f8 elementor--h-position-center elementor--v-position-middle elementor-widget elementor-widget-slides\" data-id=\"04ec2f8\" data-element_type=\"widget\" data-e-type=\"widget\" data-settings=\"{&quot;navigation&quot;:&quot;none&quot;,&quot;infinite&quot;:&quot;yes&quot;,&quot;transition&quot;:&quot;slide&quot;,&quot;transition_speed&quot;:500}\" data-widget_type=\"slides.default\">\n\t\t\t\t<div class=\"elementor-widget-container\">\n\t\t\t\t\t\t\t<div class=\"elementor-swiper\">\n\t\t\t<div class=\"elementor-slides-wrapper elementor-main-swiper swiper-container\" dir=\"ltr\" data-animation=\"\">\n\t\t\t\t<div class=\"swiper-wrapper elementor-slides\">\n\t\t\t\t\t\t\t\t\t\t<div class=\"elementor-repeater-item-d983a28 swiper-slide\"><div class=\"swiper-slide-bg\"><\/div><div class=\"swiper-slide-inner\" ><div class=\"swiper-slide-contents\"><div class=\"elementor-slide-heading\">Health<\/div><\/div><\/div><\/div>\t\t\t\t<\/div>\n\t\t\t\t\t\t\t<\/div>\n\t\t<\/div>\n\t\t\t\t\t\t<\/div>\n\t\t\t\t<\/div>\n\t\t\t\t\t<\/div>\n\t\t<\/div>\n\t\t\t\t\t<\/div>\n\t\t<\/section>\n\t\t\t\t<section class=\"elementor-section elementor-top-section elementor-element elementor-element-08147ca elementor-section-stretched elementor-section-boxed elementor-section-height-default elementor-section-height-default wpr-particle-no wpr-jarallax-no wpr-parallax-no wpr-sticky-section-no wpr-equal-height-no\" data-id=\"08147ca\" data-element_type=\"section\" data-e-type=\"section\" data-settings=\"{&quot;stretch_section&quot;:&quot;section-stretched&quot;,&quot;background_background&quot;:&quot;classic&quot;}\">\n\t\t\t\t\t\t<div class=\"elementor-container elementor-column-gap-default\">\n\t\t\t\t\t<div class=\"elementor-column elementor-col-100 elementor-top-column elementor-element elementor-element-b64c996\" data-id=\"b64c996\" data-element_type=\"column\" data-e-type=\"column\">\n\t\t\t<div class=\"elementor-widget-wrap elementor-element-populated\">\n\t\t\t\t\t\t<div class=\"elementor-element elementor-element-5d4e9fc elementor-widget elementor-widget-heading\" data-id=\"5d4e9fc\" data-element_type=\"widget\" data-e-type=\"widget\" data-widget_type=\"heading.default\">\n\t\t\t\t<div class=\"elementor-widget-container\">\n\t\t\t\t\t<h3 class=\"elementor-heading-title elementor-size-default\">Tips to help your baby develop healthy and strong<\/h3>\t\t\t\t<\/div>\n\t\t\t\t<\/div>\n\t\t\t\t<div class=\"elementor-element elementor-element-01217fd elementor-widget elementor-widget-text-editor\" data-id=\"01217fd\" data-element_type=\"widget\" data-e-type=\"widget\" data-widget_type=\"text-editor.default\">\n\t\t\t\t<div class=\"elementor-widget-container\">\n\t\t\t\t\t\t\t\t\t<p>La Fundaci\u00f3n Carlos Slim creo un programa para los padre de familia primerizos que deseen una gu\u00eda para ser buenos padres y adultos responsables en la crianza y educaci\u00f3n de sus bebes por medio de orientaci\u00f3n, capacitaci\u00f3n y acompa\u00f1amiento. Esta informaci\u00f3n la encontrar\u00e1s en la tarjeta de <a href=\"http:\/\/educacioninicial.mx\/guia-practica-para-el-desarrollo-de-tu-hijo-al\/\">\u201cEducaci\u00f3n inicial\u201d<\/a> que tenemos para ti en la secci\u00f3n de <a href=\"\/en\/salud\/\">\u201cSalud\u201d<\/a>.<\/p><p>En esta herramienta podr\u00e1s encontrar una gu\u00eda pr\u00e1ctica para el desarrollo de tu beb\u00e9. Hay muchos datos e informaci\u00f3n en temas de salud, nutrici\u00f3n, dentici\u00f3n, masajes, primeros auxilios, higiene, v\u00ednculo afectivo; as\u00ed como consejos y una serie de actividades f\u00e1ciles de realizar.<\/p><p>Todo esto te ayudar\u00e1 a estimularlo y acompa\u00f1arlo en su crecimiento.<\/p><p>In <a href=\"http:\/\/accesolatino.org\/en\/\"><strong>Acceso Latino<\/strong><\/a> nos preocupamos por ti y tu familia.<\/p>\t\t\t\t\t\t\t\t<\/div>\n\t\t\t\t<\/div>\n\t\t\t\t<div class=\"elementor-element elementor-element-f8c6814 elementor-widget elementor-widget-spacer\" data-id=\"f8c6814\" data-element_type=\"widget\" data-e-type=\"widget\" data-widget_type=\"spacer.default\">\n\t\t\t\t<div class=\"elementor-widget-container\">\n\t\t\t\t\t\t\t<div class=\"elementor-spacer\">\n\t\t\t<div class=\"elementor-spacer-inner\"><\/div>\n\t\t<\/div>\n\t\t\t\t\t\t<\/div>\n\t\t\t\t<\/div>\n\t\t\t\t\t<\/div>\n\t\t<\/div>\n\t\t\t\t\t<\/div>\n\t\t<\/section>\n\t\t\t\t<\/div>","protected":false},"excerpt":{"rendered":"<p>Salud Consejos para que tu beb\u00e9 se desarrolle sano y fuerte La Fundaci\u00f3n Carlos Slim creo un programa para los padre de familia primerizos que deseen una gu\u00eda para ser buenos padres y adultos responsables en la crianza y educaci\u00f3n de sus bebes por medio de orientaci\u00f3n, capacitaci\u00f3n y acompa\u00f1amiento. Esta informaci\u00f3n la encontrar\u00e1s en la tarjeta de \u201cEducaci\u00f3n inicial\u201d que tenemos para ti en la secci\u00f3n de \u201cSalud\u201d. En esta herramienta podr\u00e1s encontrar una gu\u00eda pr\u00e1ctica para el desarrollo de tu beb\u00e9. Hay muchos datos e informaci\u00f3n en temas de salud, nutrici\u00f3n, dentici\u00f3n, masajes, primeros auxilios, higiene, v\u00ednculo afectivo; as\u00ed como consejos y una serie de actividades f\u00e1ciles de realizar. Todo esto te ayudar\u00e1 a estimularlo y acompa\u00f1arlo en su crecimiento. En Acceso Latino nos preocupamos por ti y tu familia.<\/p>","protected":false},"author":4,"featured_media":16443,"parent":4668,"menu_order":0,"comment_status":"closed","ping_status":"closed","template":"elementor_header_footer","meta":{"_uf_show_specific_survey":0,"_uf_disable_surveys":false,"footnotes":""},"class_list":["post-16442","page","type-page","status-publish","has-post-thumbnail"],"aioseo_notices":[],"yoast_head":"<!-- This site is optimized with the Yoast SEO plugin v27.4 - https:\/\/yoast.com\/product\/yoast-seo-wordpress\/ -->\n<title>Consejos para que tu beb\u00e9 se desarrolle sano y fuerte<\/title>\n<meta name=\"description\" content=\"Conoce todo lo que Estados Unidos tiene para ofrecer a los migrantes en materia de Salud y crianza de sus hijos - Acceso Latino\" \/>\n<meta name=\"robots\" content=\"index, follow, max-snippet:-1, max-image-preview:large, max-video-preview:-1\" \/>\n<link rel=\"canonical\" href=\"https:\/\/accesolatino.org\/en\/salud\/consejos-para-que-tu-bebe-se-desarrolle-sano-y-fuerte\/\" \/>\n<meta property=\"og:locale\" content=\"en_US\" \/>\n<meta property=\"og:type\" content=\"article\" \/>\n<meta property=\"og:title\" content=\"Acceso Latino | Consejos para que tu beb\u00e9 se desarrolle sano y fuerte\" \/>\n<meta property=\"og:description\" content=\"Conoce todo lo que Estados Unidos tiene para ofrecer a los migrantes en materia de Salud\" \/>\n<meta property=\"og:url\" content=\"https:\/\/accesolatino.org\/en\/salud\/consejos-para-que-tu-bebe-se-desarrolle-sano-y-fuerte\/\" \/>\n<meta property=\"og:site_name\" content=\"Acceso Latino\" \/>\n<meta property=\"article:publisher\" content=\"https:\/\/www.facebook.com\/AccesoLatinoOrg\" \/>\n<meta property=\"article:modified_time\" content=\"2025-10-15T18:44:05+00:00\" \/>\n<meta property=\"og:image\" content=\"https:\/\/accesolatino.org\/wp-content\/uploads\/2019\/04\/Consejos-para-que-tu-beb\u00e9-se-desarrolle-sano-y-fuerte.jpg\" \/>\n\t<meta property=\"og:image:width\" content=\"600\" \/>\n\t<meta property=\"og:image:height\" content=\"338\" \/>\n\t<meta property=\"og:image:type\" content=\"image\/jpeg\" \/>\n<meta name=\"twitter:card\" content=\"summary_large_image\" \/>\n<meta name=\"twitter:title\" content=\"Acceso Latino | Consejos para que tu beb\u00e9 se desarrolle sano y fuerte\" \/>\n<meta name=\"twitter:description\" content=\"Conoce todo lo que Estados Unidos tiene para ofrecer a los migrantes en materia de Salud\" \/>\n<meta name=\"twitter:image\" content=\"https:\/\/accesolatino.org\/wp-content\/uploads\/2019\/04\/Consejos-para-que-tu-beb\u00e9-se-desarrolle-sano-y-fuerte.jpg\" \/>\n<meta name=\"twitter:site\" content=\"@FAccLatino\" \/>\n<meta name=\"twitter:label1\" content=\"Est. reading time\" \/>\n\t<meta name=\"twitter:data1\" content=\"1 minute\" \/>\n<script type=\"application\/ld+json\" class=\"yoast-schema-graph\">{\"@context\":\"https:\\\/\\\/schema.org\",\"@graph\":[{\"@type\":\"WebPage\",\"@id\":\"https:\\\/\\\/accesolatino.org\\\/en\\\/salud\\\/consejos-para-que-tu-bebe-se-desarrolle-sano-y-fuerte\\\/\",\"url\":\"https:\\\/\\\/accesolatino.org\\\/en\\\/salud\\\/consejos-para-que-tu-bebe-se-desarrolle-sano-y-fuerte\\\/\",\"name\":\"Consejos para que tu beb\u00e9 se desarrolle sano y fuerte\",\"isPartOf\":{\"@id\":\"https:\\\/\\\/accesolatino.org\\\/#website\"},\"primaryImageOfPage\":{\"@id\":\"https:\\\/\\\/accesolatino.org\\\/en\\\/salud\\\/consejos-para-que-tu-bebe-se-desarrolle-sano-y-fuerte\\\/#primaryimage\"},\"image\":{\"@id\":\"https:\\\/\\\/accesolatino.org\\\/en\\\/salud\\\/consejos-para-que-tu-bebe-se-desarrolle-sano-y-fuerte\\\/#primaryimage\"},\"thumbnailUrl\":\"https:\\\/\\\/accesolatino.org\\\/wp-content\\\/uploads\\\/2019\\\/04\\\/Consejos-para-que-tu-beb\u00e9-se-desarrolle-sano-y-fuerte.jpg\",\"datePublished\":\"2019-04-05T02:00:11+00:00\",\"dateModified\":\"2025-10-15T18:44:05+00:00\",\"description\":\"Conoce todo lo que Estados Unidos tiene para ofrecer a los migrantes en materia de Salud y crianza de sus hijos - Acceso Latino\",\"breadcrumb\":{\"@id\":\"https:\\\/\\\/accesolatino.org\\\/en\\\/salud\\\/consejos-para-que-tu-bebe-se-desarrolle-sano-y-fuerte\\\/#breadcrumb\"},\"inLanguage\":\"en-US\",\"potentialAction\":[{\"@type\":\"ReadAction\",\"target\":[\"https:\\\/\\\/accesolatino.org\\\/en\\\/salud\\\/consejos-para-que-tu-bebe-se-desarrolle-sano-y-fuerte\\\/\"]}]},{\"@type\":\"ImageObject\",\"inLanguage\":\"en-US\",\"@id\":\"https:\\\/\\\/accesolatino.org\\\/en\\\/salud\\\/consejos-para-que-tu-bebe-se-desarrolle-sano-y-fuerte\\\/#primaryimage\",\"url\":\"https:\\\/\\\/accesolatino.org\\\/wp-content\\\/uploads\\\/2019\\\/04\\\/Consejos-para-que-tu-beb\u00e9-se-desarrolle-sano-y-fuerte.jpg\",\"contentUrl\":\"https:\\\/\\\/accesolatino.org\\\/wp-content\\\/uploads\\\/2019\\\/04\\\/Consejos-para-que-tu-beb\u00e9-se-desarrolle-sano-y-fuerte.jpg\",\"width\":600,\"height\":338,\"caption\":\"padres\"},{\"@type\":\"BreadcrumbList\",\"@id\":\"https:\\\/\\\/accesolatino.org\\\/en\\\/salud\\\/consejos-para-que-tu-bebe-se-desarrolle-sano-y-fuerte\\\/#breadcrumb\",\"itemListElement\":[{\"@type\":\"ListItem\",\"position\":1,\"name\":\"Portada\",\"item\":\"https:\\\/\\\/accesolatino.org\\\/\"},{\"@type\":\"ListItem\",\"position\":2,\"name\":\"Salud\",\"item\":\"https:\\\/\\\/accesolatino.org\\\/salud\\\/\"},{\"@type\":\"ListItem\",\"position\":3,\"name\":\"Consejos para que tu beb\u00e9 se desarrolle sano y fuerte\"}]},{\"@type\":\"WebSite\",\"@id\":\"https:\\\/\\\/accesolatino.org\\\/#website\",\"url\":\"https:\\\/\\\/accesolatino.org\\\/\",\"name\":\"Acceso Latino | Fundaci\u00f3n Carlos Slim\",\"description\":\"Fundaci\u00f3n Carlos Slim\",\"publisher\":{\"@id\":\"https:\\\/\\\/accesolatino.org\\\/#organization\"},\"potentialAction\":[{\"@type\":\"SearchAction\",\"target\":{\"@type\":\"EntryPoint\",\"urlTemplate\":\"https:\\\/\\\/accesolatino.org\\\/?s={search_term_string}\"},\"query-input\":{\"@type\":\"PropertyValueSpecification\",\"valueRequired\":true,\"valueName\":\"search_term_string\"}}],\"inLanguage\":\"en-US\"},{\"@type\":\"Organization\",\"@id\":\"https:\\\/\\\/accesolatino.org\\\/#organization\",\"name\":\"Acceso Latino | Fundaci\u00f3n Carlos Slim\",\"url\":\"https:\\\/\\\/accesolatino.org\\\/\",\"logo\":{\"@type\":\"ImageObject\",\"inLanguage\":\"en-US\",\"@id\":\"https:\\\/\\\/accesolatino.org\\\/#\\\/schema\\\/logo\\\/image\\\/\",\"url\":\"https:\\\/\\\/accesolatino.org\\\/wp-content\\\/uploads\\\/2021\\\/02\\\/logo-footer-acceso-latino.png\",\"contentUrl\":\"https:\\\/\\\/accesolatino.org\\\/wp-content\\\/uploads\\\/2021\\\/02\\\/logo-footer-acceso-latino.png\",\"width\":240,\"height\":40,\"caption\":\"Acceso Latino | Fundaci\u00f3n Carlos Slim\"},\"image\":{\"@id\":\"https:\\\/\\\/accesolatino.org\\\/#\\\/schema\\\/logo\\\/image\\\/\"},\"sameAs\":[\"https:\\\/\\\/www.facebook.com\\\/AccesoLatinoOrg\",\"https:\\\/\\\/x.com\\\/FAccLatino\"]}]}<\/script>\n<!-- \/ Yoast SEO plugin. -->","yoast_head_json":{"title":"Tips to help your baby develop healthy and strong","description":"Conoce todo lo que Estados Unidos tiene para ofrecer a los migrantes en materia de Salud y crianza de sus hijos - Acceso Latino","robots":{"index":"index","follow":"follow","max-snippet":"max-snippet:-1","max-image-preview":"max-image-preview:large","max-video-preview":"max-video-preview:-1"},"canonical":"https:\/\/accesolatino.org\/en\/salud\/consejos-para-que-tu-bebe-se-desarrolle-sano-y-fuerte\/","og_locale":"en_US","og_type":"article","og_title":"Acceso Latino | Consejos para que tu beb\u00e9 se desarrolle sano y fuerte","og_description":"Conoce todo lo que Estados Unidos tiene para ofrecer a los migrantes en materia de Salud","og_url":"https:\/\/accesolatino.org\/en\/salud\/consejos-para-que-tu-bebe-se-desarrolle-sano-y-fuerte\/","og_site_name":"Acceso Latino","article_publisher":"https:\/\/www.facebook.com\/AccesoLatinoOrg","article_modified_time":"2025-10-15T18:44:05+00:00","og_image":[{"width":600,"height":338,"url":"https:\/\/accesolatino.org\/wp-content\/uploads\/2019\/04\/Consejos-para-que-tu-beb\u00e9-se-desarrolle-sano-y-fuerte.jpg","type":"image\/jpeg"}],"twitter_card":"summary_large_image","twitter_title":"Acceso Latino | Consejos para que tu beb\u00e9 se desarrolle sano y fuerte","twitter_description":"Conoce todo lo que Estados Unidos tiene para ofrecer a los migrantes en materia de Salud","twitter_image":"https:\/\/accesolatino.org\/wp-content\/uploads\/2019\/04\/Consejos-para-que-tu-beb\u00e9-se-desarrolle-sano-y-fuerte.jpg","twitter_site":"@FAccLatino","twitter_misc":{"Est. reading time":"1 minute"},"schema":{"@context":"https:\/\/schema.org","@graph":[{"@type":"WebPage","@id":"https:\/\/accesolatino.org\/en\/salud\/consejos-para-que-tu-bebe-se-desarrolle-sano-y-fuerte\/","url":"https:\/\/accesolatino.org\/en\/salud\/consejos-para-que-tu-bebe-se-desarrolle-sano-y-fuerte\/","name":"Tips to help your baby develop healthy and strong","isPartOf":{"@id":"https:\/\/accesolatino.org\/#website"},"primaryImageOfPage":{"@id":"https:\/\/accesolatino.org\/en\/salud\/consejos-para-que-tu-bebe-se-desarrolle-sano-y-fuerte\/#primaryimage"},"image":{"@id":"https:\/\/accesolatino.org\/en\/salud\/consejos-para-que-tu-bebe-se-desarrolle-sano-y-fuerte\/#primaryimage"},"thumbnailUrl":"https:\/\/accesolatino.org\/wp-content\/uploads\/2019\/04\/Consejos-para-que-tu-beb\u00e9-se-desarrolle-sano-y-fuerte.jpg","datePublished":"2019-04-05T02:00:11+00:00","dateModified":"2025-10-15T18:44:05+00:00","description":"Conoce todo lo que Estados Unidos tiene para ofrecer a los migrantes en materia de Salud y crianza de sus hijos - Acceso Latino","breadcrumb":{"@id":"https:\/\/accesolatino.org\/en\/salud\/consejos-para-que-tu-bebe-se-desarrolle-sano-y-fuerte\/#breadcrumb"},"inLanguage":"en-US","potentialAction":[{"@type":"ReadAction","target":["https:\/\/accesolatino.org\/en\/salud\/consejos-para-que-tu-bebe-se-desarrolle-sano-y-fuerte\/"]}]},{"@type":"ImageObject","inLanguage":"en-US","@id":"https:\/\/accesolatino.org\/en\/salud\/consejos-para-que-tu-bebe-se-desarrolle-sano-y-fuerte\/#primaryimage","url":"https:\/\/accesolatino.org\/wp-content\/uploads\/2019\/04\/Consejos-para-que-tu-beb\u00e9-se-desarrolle-sano-y-fuerte.jpg","contentUrl":"https:\/\/accesolatino.org\/wp-content\/uploads\/2019\/04\/Consejos-para-que-tu-beb\u00e9-se-desarrolle-sano-y-fuerte.jpg","width":600,"height":338,"caption":"padres"},{"@type":"BreadcrumbList","@id":"https:\/\/accesolatino.org\/en\/salud\/consejos-para-que-tu-bebe-se-desarrolle-sano-y-fuerte\/#breadcrumb","itemListElement":[{"@type":"ListItem","position":1,"name":"Portada","item":"https:\/\/accesolatino.org\/"},{"@type":"ListItem","position":2,"name":"Salud","item":"https:\/\/accesolatino.org\/salud\/"},{"@type":"ListItem","position":3,"name":"Consejos para que tu beb\u00e9 se desarrolle sano y fuerte"}]},{"@type":"WebSite","@id":"https:\/\/accesolatino.org\/#website","url":"https:\/\/accesolatino.org\/","name":"Acceso Latino | Fundaci\u00f3n Carlos Slim","description":"Fundaci\u00f3n Carlos Slim","publisher":{"@id":"https:\/\/accesolatino.org\/#organization"},"potentialAction":[{"@type":"SearchAction","target":{"@type":"EntryPoint","urlTemplate":"https:\/\/accesolatino.org\/?s={search_term_string}"},"query-input":{"@type":"PropertyValueSpecification","valueRequired":true,"valueName":"search_term_string"}}],"inLanguage":"en-US"},{"@type":"Organization","@id":"https:\/\/accesolatino.org\/#organization","name":"Acceso Latino | Fundaci\u00f3n Carlos Slim","url":"https:\/\/accesolatino.org\/","logo":{"@type":"ImageObject","inLanguage":"en-US","@id":"https:\/\/accesolatino.org\/#\/schema\/logo\/image\/","url":"https:\/\/accesolatino.org\/wp-content\/uploads\/2021\/02\/logo-footer-acceso-latino.png","contentUrl":"https:\/\/accesolatino.org\/wp-content\/uploads\/2021\/02\/logo-footer-acceso-latino.png","width":240,"height":40,"caption":"Acceso Latino | Fundaci\u00f3n Carlos Slim"},"image":{"@id":"https:\/\/accesolatino.org\/#\/schema\/logo\/image\/"},"sameAs":["https:\/\/www.facebook.com\/AccesoLatinoOrg","https:\/\/x.com\/FAccLatino"]}]}},"_links":{"self":[{"href":"https:\/\/accesolatino.org\/en\/wp-json\/wp\/v2\/pages\/16442","targetHints":{"allow":["GET"]}}],"collection":[{"href":"https:\/\/accesolatino.org\/en\/wp-json\/wp\/v2\/pages"}],"about":[{"href":"https:\/\/accesolatino.org\/en\/wp-json\/wp\/v2\/types\/page"}],"author":[{"embeddable":true,"href":"https:\/\/accesolatino.org\/en\/wp-json\/wp\/v2\/users\/4"}],"replies":[{"embeddable":true,"href":"https:\/\/accesolatino.org\/en\/wp-json\/wp\/v2\/comments?post=16442"}],"version-history":[{"count":1,"href":"https:\/\/accesolatino.org\/en\/wp-json\/wp\/v2\/pages\/16442\/revisions"}],"predecessor-version":[{"id":63984,"href":"https:\/\/accesolatino.org\/en\/wp-json\/wp\/v2\/pages\/16442\/revisions\/63984"}],"up":[{"embeddable":true,"href":"https:\/\/accesolatino.org\/en\/wp-json\/wp\/v2\/pages\/4668"}],"wp:featuredmedia":[{"embeddable":true,"href":"https:\/\/accesolatino.org\/en\/wp-json\/wp\/v2\/media\/16443"}],"wp:attachment":[{"href":"https:\/\/accesolatino.org\/en\/wp-json\/wp\/v2\/media?parent=16442"}],"curies":[{"name":"wp","href":"https:\/\/api.w.org\/{rel}","templated":true}]}}