{"id":16362,"date":"2019-03-20T20:00:36","date_gmt":"2019-03-21T02:00:36","guid":{"rendered":"https:\/\/accesolatino.org\/?page_id=16362"},"modified":"2025-10-16T17:13:00","modified_gmt":"2025-10-16T23:13:00","slug":"con-esta-plataforma-vas-a-aprender-ingles-facil-y-gratis","status":"publish","type":"page","link":"https:\/\/accesolatino.org\/en\/con-esta-plataforma-vas-a-aprender-ingles-facil-y-gratis\/","title":{"rendered":"Con esta plataforma vas a aprender ingl\u00e9s f\u00e1cil y gratis"},"content":{"rendered":"<div data-elementor-type=\"wp-post\" data-elementor-id=\"16362\" class=\"elementor elementor-16362\">\n\t\t\t\t\t\t<section class=\"elementor-section elementor-top-section elementor-element elementor-element-29d569c elementor-section-full_width elementor-section-height-min-height elementor-section-items-stretch elementor-section-height-default wpr-particle-no wpr-jarallax-no wpr-parallax-no wpr-sticky-section-no wpr-equal-height-no\" data-id=\"29d569c\" data-element_type=\"section\" data-e-type=\"section\" data-settings=\"{&quot;background_background&quot;:&quot;classic&quot;}\">\n\t\t\t\t\t\t<div class=\"elementor-container elementor-column-gap-no\">\n\t\t\t\t\t<div class=\"elementor-column elementor-col-100 elementor-top-column elementor-element elementor-element-143a08c\" data-id=\"143a08c\" data-element_type=\"column\" data-e-type=\"column\">\n\t\t\t<div class=\"elementor-widget-wrap elementor-element-populated\">\n\t\t\t\t\t\t<div class=\"elementor-element elementor-element-5b8cfcc elementor--h-position-center elementor--v-position-middle elementor-widget elementor-widget-slides\" data-id=\"5b8cfcc\" data-element_type=\"widget\" data-e-type=\"widget\" data-settings=\"{&quot;navigation&quot;:&quot;none&quot;,&quot;infinite&quot;:&quot;yes&quot;,&quot;transition&quot;:&quot;slide&quot;,&quot;transition_speed&quot;:500}\" data-widget_type=\"slides.default\">\n\t\t\t\t<div class=\"elementor-widget-container\">\n\t\t\t\t\t\t\t<div class=\"elementor-swiper\">\n\t\t\t<div class=\"elementor-slides-wrapper elementor-main-swiper swiper-container\" dir=\"ltr\" data-animation=\"\">\n\t\t\t\t<div class=\"swiper-wrapper elementor-slides\">\n\t\t\t\t\t\t\t\t\t\t<div class=\"elementor-repeater-item-d983a28 swiper-slide\"><div class=\"swiper-slide-bg\"><\/div><div class=\"swiper-slide-inner\" ><div class=\"swiper-slide-contents\"><div class=\"elementor-slide-heading\">Education<\/div><\/div><\/div><\/div>\t\t\t\t<\/div>\n\t\t\t\t\t\t\t<\/div>\n\t\t<\/div>\n\t\t\t\t\t\t<\/div>\n\t\t\t\t<\/div>\n\t\t\t\t\t<\/div>\n\t\t<\/div>\n\t\t\t\t\t<\/div>\n\t\t<\/section>\n\t\t\t\t<section class=\"elementor-section elementor-top-section elementor-element elementor-element-ec3082b elementor-section-stretched elementor-section-boxed elementor-section-height-default elementor-section-height-default wpr-particle-no wpr-jarallax-no wpr-parallax-no wpr-sticky-section-no wpr-equal-height-no\" data-id=\"ec3082b\" data-element_type=\"section\" data-e-type=\"section\" data-settings=\"{&quot;stretch_section&quot;:&quot;section-stretched&quot;,&quot;background_background&quot;:&quot;classic&quot;}\">\n\t\t\t\t\t\t<div class=\"elementor-container elementor-column-gap-default\">\n\t\t\t\t\t<div class=\"elementor-column elementor-col-100 elementor-top-column elementor-element elementor-element-3de39e8\" data-id=\"3de39e8\" data-element_type=\"column\" data-e-type=\"column\">\n\t\t\t<div class=\"elementor-widget-wrap elementor-element-populated\">\n\t\t\t\t\t\t<div class=\"elementor-element elementor-element-488fa33 elementor-widget elementor-widget-heading\" data-id=\"488fa33\" data-element_type=\"widget\" data-e-type=\"widget\" data-widget_type=\"heading.default\">\n\t\t\t\t<div class=\"elementor-widget-container\">\n\t\t\t\t\t<h3 class=\"elementor-heading-title elementor-size-default\">Con esta plataforma vas a aprender ingl\u00e9s f\u00e1cil y gratis<\/h3>\t\t\t\t<\/div>\n\t\t\t\t<\/div>\n\t\t\t\t<div class=\"elementor-element elementor-element-1ec24cd elementor-widget elementor-widget-text-editor\" data-id=\"1ec24cd\" data-element_type=\"widget\" data-e-type=\"widget\" data-widget_type=\"text-editor.default\">\n\t\t\t\t<div class=\"elementor-widget-container\">\n\t\t\t\t\t\t\t\t\t<p>Estar en constante capacitaci\u00f3n y obtener nuevos conocimientos permite tener m\u00e1s posibilidades de encontrar un buen trabajo con buenos ingresos, por lo que tener un idioma extra es una herramienta indispensable y si vives en Estados Unido a\u00fan m\u00e1s.<\/p><p>Ahora las herramientas educativas en l\u00ednea brindan diversas facilidades para que estudies a tu ritmo y en el horario que mejor te acomode y sin pretextos.<\/p><p>In the section <a href=\"https:\/\/accesolatino.org\/en\/educacion\/\"><strong>\u201cEducaci\u00f3n\u201d<\/strong><\/a> de <strong>accesolatino.org<\/strong> te recomendamos entrar a la tarjeta <a href=\"https:\/\/accesolatino.org\/en\/educacion\/cursos-en-linea\/\"><strong>\u201cCursos gratis en l\u00ednea\u201d<\/strong>.<\/a> En dicha tarjeta encontrar\u00e1s el apartado \u201cingl\u00e9s gratis\u201d que te ofrece distintas herramientas para aprender o reforzar tu manejo del ingl\u00e9s, as\u00ed como comenzar a practicar un nuevo idioma.<\/p><p><strong>Acceso Latino tu primera ventana de consulta migratoria.<\/strong><\/p>\t\t\t\t\t\t\t\t<\/div>\n\t\t\t\t<\/div>\n\t\t\t\t<div class=\"elementor-element elementor-element-7df4205 elementor-widget elementor-widget-spacer\" data-id=\"7df4205\" data-element_type=\"widget\" data-e-type=\"widget\" data-widget_type=\"spacer.default\">\n\t\t\t\t<div class=\"elementor-widget-container\">\n\t\t\t\t\t\t\t<div class=\"elementor-spacer\">\n\t\t\t<div class=\"elementor-spacer-inner\"><\/div>\n\t\t<\/div>\n\t\t\t\t\t\t<\/div>\n\t\t\t\t<\/div>\n\t\t\t\t\t<\/div>\n\t\t<\/div>\n\t\t\t\t\t<\/div>\n\t\t<\/section>\n\t\t\t\t<\/div>","protected":false},"excerpt":{"rendered":"<p>Educaci\u00f3n Con esta plataforma vas a aprender ingl\u00e9s f\u00e1cil y gratis Estar en constante capacitaci\u00f3n y obtener nuevos conocimientos permite tener m\u00e1s posibilidades de encontrar un buen trabajo con buenos ingresos, por lo que tener un idioma extra es una herramienta indispensable y si vives en Estados Unido a\u00fan m\u00e1s. Ahora las herramientas educativas en l\u00ednea brindan diversas facilidades para que estudies a tu ritmo y en el horario que mejor te acomode y sin pretextos. En la secci\u00f3n \u201cEducaci\u00f3n\u201d de accesolatino.org te recomendamos entrar a la tarjeta \u201cCursos gratis en l\u00ednea\u201d. En dicha tarjeta encontrar\u00e1s el apartado \u201cingl\u00e9s gratis\u201d que te ofrece distintas herramientas para aprender o reforzar tu manejo del ingl\u00e9s, as\u00ed como comenzar a practicar un nuevo idioma. Acceso Latino tu primera ventana de consulta migratoria.<\/p>","protected":false},"author":7,"featured_media":16370,"parent":0,"menu_order":0,"comment_status":"closed","ping_status":"closed","template":"elementor_header_footer","meta":{"_uf_show_specific_survey":0,"_uf_disable_surveys":false,"footnotes":""},"class_list":["post-16362","page","type-page","status-publish","has-post-thumbnail"],"aioseo_notices":[],"yoast_head":"<!-- This site is optimized with the Yoast SEO plugin v27.4 - https:\/\/yoast.com\/product\/yoast-seo-wordpress\/ -->\n<title>Con esta plataforma vas a aprender ingl\u00e9s f\u00e1cil y gratis<\/title>\n<meta name=\"description\" content=\"Conoce las aplicaciones que te pueden ser de ayuda en el proceso de migraci\u00f3n legal a otros pa\u00edses - Acceso Latino\" \/>\n<meta name=\"robots\" content=\"index, follow, max-snippet:-1, max-image-preview:large, max-video-preview:-1\" \/>\n<link rel=\"canonical\" href=\"https:\/\/accesolatino.org\/en\/con-esta-plataforma-vas-a-aprender-ingles-facil-y-gratis\/\" \/>\n<meta property=\"og:locale\" content=\"en_US\" \/>\n<meta property=\"og:type\" content=\"article\" \/>\n<meta property=\"og:title\" content=\"Acceso Latino | Con esta plataforma vas a aprender ingl\u00e9s f\u00e1cil y gratis\" \/>\n<meta property=\"og:description\" content=\"Conoce las aplicaciones que te pueden ser de ayuda en otros pa\u00edses.\" \/>\n<meta property=\"og:url\" content=\"https:\/\/accesolatino.org\/en\/con-esta-plataforma-vas-a-aprender-ingles-facil-y-gratis\/\" \/>\n<meta property=\"og:site_name\" content=\"Acceso Latino\" \/>\n<meta property=\"article:publisher\" content=\"https:\/\/www.facebook.com\/AccesoLatinoOrg\" \/>\n<meta property=\"article:modified_time\" content=\"2025-10-16T23:13:00+00:00\" \/>\n<meta property=\"og:image\" content=\"https:\/\/accesolatino.org\/wp-content\/uploads\/2019\/04\/Con-esta-plataforma-vas-a-aprender-ingl\u00e9s-f\u00e1cil-y-gratis.jpg\" \/>\n\t<meta property=\"og:image:width\" content=\"600\" \/>\n\t<meta property=\"og:image:height\" content=\"338\" \/>\n\t<meta property=\"og:image:type\" content=\"image\/jpeg\" \/>\n<meta name=\"twitter:card\" content=\"summary_large_image\" \/>\n<meta name=\"twitter:title\" content=\"Acceso Latino | Con esta plataforma vas a aprender ingl\u00e9s f\u00e1cil y gratis\" \/>\n<meta name=\"twitter:description\" content=\"Conoce las aplicaciones que te pueden ser de ayuda en otros pa\u00edses.\" \/>\n<meta name=\"twitter:image\" content=\"https:\/\/accesolatino.org\/wp-content\/uploads\/2019\/04\/Con-esta-plataforma-vas-a-aprender-ingl\u00e9s-f\u00e1cil-y-gratis.jpg\" \/>\n<meta name=\"twitter:site\" content=\"@FAccLatino\" \/>\n<meta name=\"twitter:label1\" content=\"Est. reading time\" \/>\n\t<meta name=\"twitter:data1\" content=\"1 minute\" \/>\n<script type=\"application\/ld+json\" class=\"yoast-schema-graph\">{\"@context\":\"https:\\\/\\\/schema.org\",\"@graph\":[{\"@type\":\"WebPage\",\"@id\":\"https:\\\/\\\/accesolatino.org\\\/en\\\/con-esta-plataforma-vas-a-aprender-ingles-facil-y-gratis\\\/\",\"url\":\"https:\\\/\\\/accesolatino.org\\\/en\\\/con-esta-plataforma-vas-a-aprender-ingles-facil-y-gratis\\\/\",\"name\":\"Con esta plataforma vas a aprender ingl\u00e9s f\u00e1cil y gratis\",\"isPartOf\":{\"@id\":\"https:\\\/\\\/accesolatino.org\\\/#website\"},\"primaryImageOfPage\":{\"@id\":\"https:\\\/\\\/accesolatino.org\\\/en\\\/con-esta-plataforma-vas-a-aprender-ingles-facil-y-gratis\\\/#primaryimage\"},\"image\":{\"@id\":\"https:\\\/\\\/accesolatino.org\\\/en\\\/con-esta-plataforma-vas-a-aprender-ingles-facil-y-gratis\\\/#primaryimage\"},\"thumbnailUrl\":\"https:\\\/\\\/accesolatino.org\\\/wp-content\\\/uploads\\\/2019\\\/04\\\/Con-esta-plataforma-vas-a-aprender-ingl\u00e9s-f\u00e1cil-y-gratis.jpg\",\"datePublished\":\"2019-03-21T02:00:36+00:00\",\"dateModified\":\"2025-10-16T23:13:00+00:00\",\"description\":\"Conoce las aplicaciones que te pueden ser de ayuda en el proceso de migraci\u00f3n legal a otros pa\u00edses - Acceso Latino\",\"breadcrumb\":{\"@id\":\"https:\\\/\\\/accesolatino.org\\\/en\\\/con-esta-plataforma-vas-a-aprender-ingles-facil-y-gratis\\\/#breadcrumb\"},\"inLanguage\":\"en-US\",\"potentialAction\":[{\"@type\":\"ReadAction\",\"target\":[\"https:\\\/\\\/accesolatino.org\\\/en\\\/con-esta-plataforma-vas-a-aprender-ingles-facil-y-gratis\\\/\"]}]},{\"@type\":\"ImageObject\",\"inLanguage\":\"en-US\",\"@id\":\"https:\\\/\\\/accesolatino.org\\\/en\\\/con-esta-plataforma-vas-a-aprender-ingles-facil-y-gratis\\\/#primaryimage\",\"url\":\"https:\\\/\\\/accesolatino.org\\\/wp-content\\\/uploads\\\/2019\\\/04\\\/Con-esta-plataforma-vas-a-aprender-ingl\u00e9s-f\u00e1cil-y-gratis.jpg\",\"contentUrl\":\"https:\\\/\\\/accesolatino.org\\\/wp-content\\\/uploads\\\/2019\\\/04\\\/Con-esta-plataforma-vas-a-aprender-ingl\u00e9s-f\u00e1cil-y-gratis.jpg\",\"width\":600,\"height\":338,\"caption\":\"ingl\u00e9s\"},{\"@type\":\"BreadcrumbList\",\"@id\":\"https:\\\/\\\/accesolatino.org\\\/en\\\/con-esta-plataforma-vas-a-aprender-ingles-facil-y-gratis\\\/#breadcrumb\",\"itemListElement\":[{\"@type\":\"ListItem\",\"position\":1,\"name\":\"Portada\",\"item\":\"https:\\\/\\\/accesolatino.org\\\/\"},{\"@type\":\"ListItem\",\"position\":2,\"name\":\"Con esta plataforma vas a aprender ingl\u00e9s f\u00e1cil y gratis\"}]},{\"@type\":\"WebSite\",\"@id\":\"https:\\\/\\\/accesolatino.org\\\/#website\",\"url\":\"https:\\\/\\\/accesolatino.org\\\/\",\"name\":\"Acceso Latino | Fundaci\u00f3n Carlos Slim\",\"description\":\"Fundaci\u00f3n Carlos Slim\",\"publisher\":{\"@id\":\"https:\\\/\\\/accesolatino.org\\\/#organization\"},\"potentialAction\":[{\"@type\":\"SearchAction\",\"target\":{\"@type\":\"EntryPoint\",\"urlTemplate\":\"https:\\\/\\\/accesolatino.org\\\/?s={search_term_string}\"},\"query-input\":{\"@type\":\"PropertyValueSpecification\",\"valueRequired\":true,\"valueName\":\"search_term_string\"}}],\"inLanguage\":\"en-US\"},{\"@type\":\"Organization\",\"@id\":\"https:\\\/\\\/accesolatino.org\\\/#organization\",\"name\":\"Acceso Latino | Fundaci\u00f3n Carlos Slim\",\"url\":\"https:\\\/\\\/accesolatino.org\\\/\",\"logo\":{\"@type\":\"ImageObject\",\"inLanguage\":\"en-US\",\"@id\":\"https:\\\/\\\/accesolatino.org\\\/#\\\/schema\\\/logo\\\/image\\\/\",\"url\":\"https:\\\/\\\/accesolatino.org\\\/wp-content\\\/uploads\\\/2021\\\/02\\\/logo-footer-acceso-latino.png\",\"contentUrl\":\"https:\\\/\\\/accesolatino.org\\\/wp-content\\\/uploads\\\/2021\\\/02\\\/logo-footer-acceso-latino.png\",\"width\":240,\"height\":40,\"caption\":\"Acceso Latino | Fundaci\u00f3n Carlos Slim\"},\"image\":{\"@id\":\"https:\\\/\\\/accesolatino.org\\\/#\\\/schema\\\/logo\\\/image\\\/\"},\"sameAs\":[\"https:\\\/\\\/www.facebook.com\\\/AccesoLatinoOrg\",\"https:\\\/\\\/x.com\\\/FAccLatino\"]}]}<\/script>\n<!-- \/ Yoast SEO plugin. -->","yoast_head_json":{"title":"Con esta plataforma vas a aprender ingl\u00e9s f\u00e1cil y gratis","description":"Conoce las aplicaciones que te pueden ser de ayuda en el proceso de migraci\u00f3n legal a otros pa\u00edses - Acceso Latino","robots":{"index":"index","follow":"follow","max-snippet":"max-snippet:-1","max-image-preview":"max-image-preview:large","max-video-preview":"max-video-preview:-1"},"canonical":"https:\/\/accesolatino.org\/en\/con-esta-plataforma-vas-a-aprender-ingles-facil-y-gratis\/","og_locale":"en_US","og_type":"article","og_title":"Acceso Latino | Con esta plataforma vas a aprender ingl\u00e9s f\u00e1cil y gratis","og_description":"Conoce las aplicaciones que te pueden ser de ayuda en otros pa\u00edses.","og_url":"https:\/\/accesolatino.org\/en\/con-esta-plataforma-vas-a-aprender-ingles-facil-y-gratis\/","og_site_name":"Acceso Latino","article_publisher":"https:\/\/www.facebook.com\/AccesoLatinoOrg","article_modified_time":"2025-10-16T23:13:00+00:00","og_image":[{"width":600,"height":338,"url":"https:\/\/accesolatino.org\/wp-content\/uploads\/2019\/04\/Con-esta-plataforma-vas-a-aprender-ingl\u00e9s-f\u00e1cil-y-gratis.jpg","type":"image\/jpeg"}],"twitter_card":"summary_large_image","twitter_title":"Acceso Latino | Con esta plataforma vas a aprender ingl\u00e9s f\u00e1cil y gratis","twitter_description":"Conoce las aplicaciones que te pueden ser de ayuda en otros pa\u00edses.","twitter_image":"https:\/\/accesolatino.org\/wp-content\/uploads\/2019\/04\/Con-esta-plataforma-vas-a-aprender-ingl\u00e9s-f\u00e1cil-y-gratis.jpg","twitter_site":"@FAccLatino","twitter_misc":{"Est. reading time":"1 minute"},"schema":{"@context":"https:\/\/schema.org","@graph":[{"@type":"WebPage","@id":"https:\/\/accesolatino.org\/en\/con-esta-plataforma-vas-a-aprender-ingles-facil-y-gratis\/","url":"https:\/\/accesolatino.org\/en\/con-esta-plataforma-vas-a-aprender-ingles-facil-y-gratis\/","name":"Con esta plataforma vas a aprender ingl\u00e9s f\u00e1cil y gratis","isPartOf":{"@id":"https:\/\/accesolatino.org\/#website"},"primaryImageOfPage":{"@id":"https:\/\/accesolatino.org\/en\/con-esta-plataforma-vas-a-aprender-ingles-facil-y-gratis\/#primaryimage"},"image":{"@id":"https:\/\/accesolatino.org\/en\/con-esta-plataforma-vas-a-aprender-ingles-facil-y-gratis\/#primaryimage"},"thumbnailUrl":"https:\/\/accesolatino.org\/wp-content\/uploads\/2019\/04\/Con-esta-plataforma-vas-a-aprender-ingl\u00e9s-f\u00e1cil-y-gratis.jpg","datePublished":"2019-03-21T02:00:36+00:00","dateModified":"2025-10-16T23:13:00+00:00","description":"Conoce las aplicaciones que te pueden ser de ayuda en el proceso de migraci\u00f3n legal a otros pa\u00edses - Acceso Latino","breadcrumb":{"@id":"https:\/\/accesolatino.org\/en\/con-esta-plataforma-vas-a-aprender-ingles-facil-y-gratis\/#breadcrumb"},"inLanguage":"en-US","potentialAction":[{"@type":"ReadAction","target":["https:\/\/accesolatino.org\/en\/con-esta-plataforma-vas-a-aprender-ingles-facil-y-gratis\/"]}]},{"@type":"ImageObject","inLanguage":"en-US","@id":"https:\/\/accesolatino.org\/en\/con-esta-plataforma-vas-a-aprender-ingles-facil-y-gratis\/#primaryimage","url":"https:\/\/accesolatino.org\/wp-content\/uploads\/2019\/04\/Con-esta-plataforma-vas-a-aprender-ingl\u00e9s-f\u00e1cil-y-gratis.jpg","contentUrl":"https:\/\/accesolatino.org\/wp-content\/uploads\/2019\/04\/Con-esta-plataforma-vas-a-aprender-ingl\u00e9s-f\u00e1cil-y-gratis.jpg","width":600,"height":338,"caption":"ingl\u00e9s"},{"@type":"BreadcrumbList","@id":"https:\/\/accesolatino.org\/en\/con-esta-plataforma-vas-a-aprender-ingles-facil-y-gratis\/#breadcrumb","itemListElement":[{"@type":"ListItem","position":1,"name":"Portada","item":"https:\/\/accesolatino.org\/"},{"@type":"ListItem","position":2,"name":"Con esta plataforma vas a aprender ingl\u00e9s f\u00e1cil y gratis"}]},{"@type":"WebSite","@id":"https:\/\/accesolatino.org\/#website","url":"https:\/\/accesolatino.org\/","name":"Acceso Latino | Fundaci\u00f3n Carlos Slim","description":"Fundaci\u00f3n Carlos Slim","publisher":{"@id":"https:\/\/accesolatino.org\/#organization"},"potentialAction":[{"@type":"SearchAction","target":{"@type":"EntryPoint","urlTemplate":"https:\/\/accesolatino.org\/?s={search_term_string}"},"query-input":{"@type":"PropertyValueSpecification","valueRequired":true,"valueName":"search_term_string"}}],"inLanguage":"en-US"},{"@type":"Organization","@id":"https:\/\/accesolatino.org\/#organization","name":"Acceso Latino | Fundaci\u00f3n Carlos Slim","url":"https:\/\/accesolatino.org\/","logo":{"@type":"ImageObject","inLanguage":"en-US","@id":"https:\/\/accesolatino.org\/#\/schema\/logo\/image\/","url":"https:\/\/accesolatino.org\/wp-content\/uploads\/2021\/02\/logo-footer-acceso-latino.png","contentUrl":"https:\/\/accesolatino.org\/wp-content\/uploads\/2021\/02\/logo-footer-acceso-latino.png","width":240,"height":40,"caption":"Acceso Latino | Fundaci\u00f3n Carlos Slim"},"image":{"@id":"https:\/\/accesolatino.org\/#\/schema\/logo\/image\/"},"sameAs":["https:\/\/www.facebook.com\/AccesoLatinoOrg","https:\/\/x.com\/FAccLatino"]}]}},"_links":{"self":[{"href":"https:\/\/accesolatino.org\/en\/wp-json\/wp\/v2\/pages\/16362","targetHints":{"allow":["GET"]}}],"collection":[{"href":"https:\/\/accesolatino.org\/en\/wp-json\/wp\/v2\/pages"}],"about":[{"href":"https:\/\/accesolatino.org\/en\/wp-json\/wp\/v2\/types\/page"}],"author":[{"embeddable":true,"href":"https:\/\/accesolatino.org\/en\/wp-json\/wp\/v2\/users\/7"}],"replies":[{"embeddable":true,"href":"https:\/\/accesolatino.org\/en\/wp-json\/wp\/v2\/comments?post=16362"}],"version-history":[{"count":1,"href":"https:\/\/accesolatino.org\/en\/wp-json\/wp\/v2\/pages\/16362\/revisions"}],"predecessor-version":[{"id":64166,"href":"https:\/\/accesolatino.org\/en\/wp-json\/wp\/v2\/pages\/16362\/revisions\/64166"}],"wp:featuredmedia":[{"embeddable":true,"href":"https:\/\/accesolatino.org\/en\/wp-json\/wp\/v2\/media\/16370"}],"wp:attachment":[{"href":"https:\/\/accesolatino.org\/en\/wp-json\/wp\/v2\/media?parent=16362"}],"curies":[{"name":"wp","href":"https:\/\/api.w.org\/{rel}","templated":true}]}}