{"id":16120,"date":"2019-01-07T11:29:16","date_gmt":"2019-01-07T17:29:16","guid":{"rendered":"https:\/\/accesolatino.org\/?page_id=16120"},"modified":"2025-10-17T14:06:26","modified_gmt":"2025-10-17T20:06:26","slug":"estudia-computacion-desde-nivel-basico","status":"publish","type":"page","link":"https:\/\/accesolatino.org\/en\/estudia-computacion-desde-nivel-basico\/","title":{"rendered":"Estudia computaci\u00f3n desde nivel b\u00e1sico"},"content":{"rendered":"<div data-elementor-type=\"wp-post\" data-elementor-id=\"16120\" class=\"elementor elementor-16120\">\n\t\t\t\t\t\t<section class=\"elementor-section elementor-top-section elementor-element elementor-element-f4f8ade elementor-section-full_width elementor-section-height-min-height elementor-section-items-stretch elementor-section-height-default wpr-particle-no wpr-jarallax-no wpr-parallax-no wpr-sticky-section-no wpr-equal-height-no\" data-id=\"f4f8ade\" data-element_type=\"section\" data-e-type=\"section\" data-settings=\"{&quot;background_background&quot;:&quot;classic&quot;}\">\n\t\t\t\t\t\t<div class=\"elementor-container elementor-column-gap-no\">\n\t\t\t\t\t<div class=\"elementor-column elementor-col-100 elementor-top-column elementor-element elementor-element-416c36f\" data-id=\"416c36f\" data-element_type=\"column\" data-e-type=\"column\">\n\t\t\t<div class=\"elementor-widget-wrap elementor-element-populated\">\n\t\t\t\t\t\t<div class=\"elementor-element elementor-element-2095a92 elementor--h-position-center elementor--v-position-middle elementor-widget elementor-widget-slides\" data-id=\"2095a92\" data-element_type=\"widget\" data-e-type=\"widget\" data-settings=\"{&quot;navigation&quot;:&quot;none&quot;,&quot;infinite&quot;:&quot;yes&quot;,&quot;transition&quot;:&quot;slide&quot;,&quot;transition_speed&quot;:500}\" data-widget_type=\"slides.default\">\n\t\t\t\t<div class=\"elementor-widget-container\">\n\t\t\t\t\t\t\t<div class=\"elementor-swiper\">\n\t\t\t<div class=\"elementor-slides-wrapper elementor-main-swiper swiper-container\" dir=\"ltr\" data-animation=\"\">\n\t\t\t\t<div class=\"swiper-wrapper elementor-slides\">\n\t\t\t\t\t\t\t\t\t\t<div class=\"elementor-repeater-item-d983a28 swiper-slide\"><div class=\"swiper-slide-bg\"><\/div><div class=\"swiper-slide-inner\" ><div class=\"swiper-slide-contents\"><div class=\"elementor-slide-heading\">Education<\/div><\/div><\/div><\/div>\t\t\t\t<\/div>\n\t\t\t\t\t\t\t<\/div>\n\t\t<\/div>\n\t\t\t\t\t\t<\/div>\n\t\t\t\t<\/div>\n\t\t\t\t\t<\/div>\n\t\t<\/div>\n\t\t\t\t\t<\/div>\n\t\t<\/section>\n\t\t\t\t<section class=\"elementor-section elementor-top-section elementor-element elementor-element-11e2ea0 elementor-section-stretched elementor-section-boxed elementor-section-height-default elementor-section-height-default wpr-particle-no wpr-jarallax-no wpr-parallax-no wpr-sticky-section-no wpr-equal-height-no\" data-id=\"11e2ea0\" data-element_type=\"section\" data-e-type=\"section\" data-settings=\"{&quot;stretch_section&quot;:&quot;section-stretched&quot;,&quot;background_background&quot;:&quot;classic&quot;}\">\n\t\t\t\t\t\t<div class=\"elementor-container elementor-column-gap-default\">\n\t\t\t\t\t<div class=\"elementor-column elementor-col-100 elementor-top-column elementor-element elementor-element-eacd95d\" data-id=\"eacd95d\" data-element_type=\"column\" data-e-type=\"column\">\n\t\t\t<div class=\"elementor-widget-wrap elementor-element-populated\">\n\t\t\t\t\t\t<div class=\"elementor-element elementor-element-663a7d3 elementor-widget elementor-widget-heading\" data-id=\"663a7d3\" data-element_type=\"widget\" data-e-type=\"widget\" data-widget_type=\"heading.default\">\n\t\t\t\t<div class=\"elementor-widget-container\">\n\t\t\t\t\t<h3 class=\"elementor-heading-title elementor-size-default\">Estudia computaci\u00f3n desde nivel b\u00e1sico<\/h3>\t\t\t\t<\/div>\n\t\t\t\t<\/div>\n\t\t\t\t<div class=\"elementor-element elementor-element-701721f elementor-widget elementor-widget-text-editor\" data-id=\"701721f\" data-element_type=\"widget\" data-e-type=\"widget\" data-widget_type=\"text-editor.default\">\n\t\t\t\t<div class=\"elementor-widget-container\">\n\t\t\t\t\t\t\t\t\t<p>Para todas las personas latinas, ponemos a su alcance la plataforma digital educativa, donde podr\u00e1n iniciar sus estudios de computaci\u00f3n.<\/p><p>Solo necesitan ingresar a nuestra secci\u00f3n de <a href=\"https:\/\/accesolatino.org\/en\/educacion\/\"><strong>\u201cEducaci\u00f3n\u201d<\/strong><\/a> y dar clic en la tarjeta <strong><a href=\"https:\/\/accesolatino.org\/en\/educacion\/cursos-en-linea\/\">\u201cCursos gratis en l\u00ednea\u201d<\/a><\/strong>. Deber\u00e1s ingresar a la herramienta <strong>Everyoneon<\/strong> en donde encontrar\u00e1s distintos cursos que se adaptar\u00e1n a tus conocimientos y tiempos de estudios.<\/p><p>Podr\u00e1s acceder gratuitamente a tutoriales para aprender las diferentes funciones de una computadora, podr\u00e1s aprender a mandar un correo electr\u00f3nico o e-mail y, tambi\u00e9n puedes aprender a navegar por internet.<\/p><p>Conoce esta y otras herramientas en educaci\u00f3n que tenemos para ti en <strong>Acceso Latino, your first immigration consultation window.<\/strong><\/p>\t\t\t\t\t\t\t\t<\/div>\n\t\t\t\t<\/div>\n\t\t\t\t<div class=\"elementor-element elementor-element-d90e719 elementor-widget elementor-widget-spacer\" data-id=\"d90e719\" data-element_type=\"widget\" data-e-type=\"widget\" data-widget_type=\"spacer.default\">\n\t\t\t\t<div class=\"elementor-widget-container\">\n\t\t\t\t\t\t\t<div class=\"elementor-spacer\">\n\t\t\t<div class=\"elementor-spacer-inner\"><\/div>\n\t\t<\/div>\n\t\t\t\t\t\t<\/div>\n\t\t\t\t<\/div>\n\t\t\t\t\t<\/div>\n\t\t<\/div>\n\t\t\t\t\t<\/div>\n\t\t<\/section>\n\t\t\t\t<\/div>","protected":false},"excerpt":{"rendered":"<p>Educaci\u00f3n Estudia computaci\u00f3n desde nivel b\u00e1sico Para todas las personas latinas, ponemos a su alcance la plataforma digital educativa, donde podr\u00e1n iniciar sus estudios de computaci\u00f3n. Solo necesitan ingresar a nuestra secci\u00f3n de \u201cEducaci\u00f3n\u201d y dar clic en la tarjeta \u201cCursos gratis en l\u00ednea\u201d. Deber\u00e1s ingresar a la herramienta Everyoneon en donde encontrar\u00e1s distintos cursos que se adaptar\u00e1n a tus conocimientos y tiempos de estudios. Podr\u00e1s acceder gratuitamente a tutoriales para aprender las diferentes funciones de una computadora, podr\u00e1s aprender a mandar un correo electr\u00f3nico o e-mail y, tambi\u00e9n puedes aprender a navegar por internet. Conoce esta y otras herramientas en educaci\u00f3n que tenemos para ti en Acceso Latino, tu primera ventana de consulta migratoria.<\/p>","protected":false},"author":7,"featured_media":16121,"parent":0,"menu_order":0,"comment_status":"closed","ping_status":"closed","template":"elementor_header_footer","meta":{"_uf_show_specific_survey":0,"_uf_disable_surveys":false,"footnotes":""},"class_list":["post-16120","page","type-page","status-publish","has-post-thumbnail"],"aioseo_notices":[],"yoast_head":"<!-- This site is optimized with the Yoast SEO plugin v27.4 - https:\/\/yoast.com\/product\/yoast-seo-wordpress\/ -->\n<title>Estudia computaci\u00f3n desde nivel b\u00e1sico<\/title>\n<meta name=\"description\" content=\"Educaci\u00f3n\u00a0Estudia\u00a0computaci\u00f3n desde nivel b\u00e1sico Para todas las personas latinas, ponemos a su alcance la plataforma digital ...\" \/>\n<meta name=\"robots\" content=\"index, follow, max-snippet:-1, max-image-preview:large, max-video-preview:-1\" \/>\n<link rel=\"canonical\" href=\"https:\/\/accesolatino.org\/en\/estudia-computacion-desde-nivel-basico\/\" \/>\n<meta property=\"og:locale\" content=\"en_US\" \/>\n<meta property=\"og:type\" content=\"article\" \/>\n<meta property=\"og:title\" content=\"Acceso Latino | Estudia computaci\u00f3n desde nivel b\u00e1sico\" \/>\n<meta property=\"og:description\" content=\"Para todas las personas latinas, ponemos a su alcance la plataforma digital educativa, donde podr\u00e1n iniciar sus estudios de computaci\u00f3n.\" \/>\n<meta property=\"og:url\" content=\"https:\/\/accesolatino.org\/en\/estudia-computacion-desde-nivel-basico\/\" \/>\n<meta property=\"og:site_name\" content=\"Acceso Latino\" \/>\n<meta property=\"article:publisher\" content=\"https:\/\/www.facebook.com\/AccesoLatinoOrg\" \/>\n<meta property=\"article:modified_time\" content=\"2025-10-17T20:06:26+00:00\" \/>\n<meta property=\"og:image\" content=\"https:\/\/accesolatino.org\/wp-content\/uploads\/2019\/01\/Estudia-computacion-desde-nivel-basico.jpg\" \/>\n\t<meta property=\"og:image:width\" content=\"600\" \/>\n\t<meta property=\"og:image:height\" content=\"338\" \/>\n\t<meta property=\"og:image:type\" content=\"image\/jpeg\" \/>\n<meta name=\"twitter:card\" content=\"summary_large_image\" \/>\n<meta name=\"twitter:title\" content=\"Acceso Latino | Estudia computaci\u00f3n desde nivel b\u00e1sico\" \/>\n<meta name=\"twitter:description\" content=\"Para todas las personas latinas, ponemos a su alcance la plataforma digital educativa, donde podr\u00e1n iniciar sus estudios de computaci\u00f3n.\" \/>\n<meta name=\"twitter:image\" content=\"https:\/\/accesolatino.org\/wp-content\/uploads\/2019\/01\/Estudia-computacion-desde-nivel-basico.jpg\" \/>\n<meta name=\"twitter:site\" content=\"@FAccLatino\" \/>\n<meta name=\"twitter:label1\" content=\"Est. reading time\" \/>\n\t<meta name=\"twitter:data1\" content=\"1 minute\" \/>\n<script type=\"application\/ld+json\" class=\"yoast-schema-graph\">{\"@context\":\"https:\\\/\\\/schema.org\",\"@graph\":[{\"@type\":\"WebPage\",\"@id\":\"https:\\\/\\\/accesolatino.org\\\/estudia-computacion-desde-nivel-basico\\\/\",\"url\":\"https:\\\/\\\/accesolatino.org\\\/estudia-computacion-desde-nivel-basico\\\/\",\"name\":\"Estudia computaci\u00f3n desde nivel b\u00e1sico\",\"isPartOf\":{\"@id\":\"https:\\\/\\\/accesolatino.org\\\/#website\"},\"primaryImageOfPage\":{\"@id\":\"https:\\\/\\\/accesolatino.org\\\/estudia-computacion-desde-nivel-basico\\\/#primaryimage\"},\"image\":{\"@id\":\"https:\\\/\\\/accesolatino.org\\\/estudia-computacion-desde-nivel-basico\\\/#primaryimage\"},\"thumbnailUrl\":\"https:\\\/\\\/accesolatino.org\\\/wp-content\\\/uploads\\\/2019\\\/01\\\/Estudia-computacion-desde-nivel-basico.jpg\",\"datePublished\":\"2019-01-07T17:29:16+00:00\",\"dateModified\":\"2025-10-17T20:06:26+00:00\",\"description\":\"Educaci\u00f3n\u00a0Estudia\u00a0computaci\u00f3n desde nivel b\u00e1sico Para todas las personas latinas, ponemos a su alcance la plataforma digital ...\",\"breadcrumb\":{\"@id\":\"https:\\\/\\\/accesolatino.org\\\/estudia-computacion-desde-nivel-basico\\\/#breadcrumb\"},\"inLanguage\":\"en-US\",\"potentialAction\":[{\"@type\":\"ReadAction\",\"target\":[\"https:\\\/\\\/accesolatino.org\\\/estudia-computacion-desde-nivel-basico\\\/\"]}]},{\"@type\":\"ImageObject\",\"inLanguage\":\"en-US\",\"@id\":\"https:\\\/\\\/accesolatino.org\\\/estudia-computacion-desde-nivel-basico\\\/#primaryimage\",\"url\":\"https:\\\/\\\/accesolatino.org\\\/wp-content\\\/uploads\\\/2019\\\/01\\\/Estudia-computacion-desde-nivel-basico.jpg\",\"contentUrl\":\"https:\\\/\\\/accesolatino.org\\\/wp-content\\\/uploads\\\/2019\\\/01\\\/Estudia-computacion-desde-nivel-basico.jpg\",\"width\":600,\"height\":338,\"caption\":\"estudia\"},{\"@type\":\"BreadcrumbList\",\"@id\":\"https:\\\/\\\/accesolatino.org\\\/estudia-computacion-desde-nivel-basico\\\/#breadcrumb\",\"itemListElement\":[{\"@type\":\"ListItem\",\"position\":1,\"name\":\"Portada\",\"item\":\"https:\\\/\\\/accesolatino.org\\\/\"},{\"@type\":\"ListItem\",\"position\":2,\"name\":\"Estudia computaci\u00f3n desde nivel b\u00e1sico\"}]},{\"@type\":\"WebSite\",\"@id\":\"https:\\\/\\\/accesolatino.org\\\/#website\",\"url\":\"https:\\\/\\\/accesolatino.org\\\/\",\"name\":\"Acceso Latino | Fundaci\u00f3n Carlos Slim\",\"description\":\"Fundaci\u00f3n Carlos Slim\",\"publisher\":{\"@id\":\"https:\\\/\\\/accesolatino.org\\\/#organization\"},\"potentialAction\":[{\"@type\":\"SearchAction\",\"target\":{\"@type\":\"EntryPoint\",\"urlTemplate\":\"https:\\\/\\\/accesolatino.org\\\/?s={search_term_string}\"},\"query-input\":{\"@type\":\"PropertyValueSpecification\",\"valueRequired\":true,\"valueName\":\"search_term_string\"}}],\"inLanguage\":\"en-US\"},{\"@type\":\"Organization\",\"@id\":\"https:\\\/\\\/accesolatino.org\\\/#organization\",\"name\":\"Acceso Latino | Fundaci\u00f3n Carlos Slim\",\"url\":\"https:\\\/\\\/accesolatino.org\\\/\",\"logo\":{\"@type\":\"ImageObject\",\"inLanguage\":\"en-US\",\"@id\":\"https:\\\/\\\/accesolatino.org\\\/#\\\/schema\\\/logo\\\/image\\\/\",\"url\":\"https:\\\/\\\/accesolatino.org\\\/wp-content\\\/uploads\\\/2021\\\/02\\\/logo-footer-acceso-latino.png\",\"contentUrl\":\"https:\\\/\\\/accesolatino.org\\\/wp-content\\\/uploads\\\/2021\\\/02\\\/logo-footer-acceso-latino.png\",\"width\":240,\"height\":40,\"caption\":\"Acceso Latino | Fundaci\u00f3n Carlos Slim\"},\"image\":{\"@id\":\"https:\\\/\\\/accesolatino.org\\\/#\\\/schema\\\/logo\\\/image\\\/\"},\"sameAs\":[\"https:\\\/\\\/www.facebook.com\\\/AccesoLatinoOrg\",\"https:\\\/\\\/x.com\\\/FAccLatino\"]}]}<\/script>\n<!-- \/ Yoast SEO plugin. -->","yoast_head_json":{"title":"Estudia computaci\u00f3n desde nivel b\u00e1sico","description":"Educaci\u00f3n\u00a0Estudia\u00a0computaci\u00f3n desde nivel b\u00e1sico Para todas las personas latinas, ponemos a su alcance la plataforma digital ...","robots":{"index":"index","follow":"follow","max-snippet":"max-snippet:-1","max-image-preview":"max-image-preview:large","max-video-preview":"max-video-preview:-1"},"canonical":"https:\/\/accesolatino.org\/en\/estudia-computacion-desde-nivel-basico\/","og_locale":"en_US","og_type":"article","og_title":"Acceso Latino | Estudia computaci\u00f3n desde nivel b\u00e1sico","og_description":"Para todas las personas latinas, ponemos a su alcance la plataforma digital educativa, donde podr\u00e1n iniciar sus estudios de computaci\u00f3n.","og_url":"https:\/\/accesolatino.org\/en\/estudia-computacion-desde-nivel-basico\/","og_site_name":"Acceso Latino","article_publisher":"https:\/\/www.facebook.com\/AccesoLatinoOrg","article_modified_time":"2025-10-17T20:06:26+00:00","og_image":[{"width":600,"height":338,"url":"https:\/\/accesolatino.org\/wp-content\/uploads\/2019\/01\/Estudia-computacion-desde-nivel-basico.jpg","type":"image\/jpeg"}],"twitter_card":"summary_large_image","twitter_title":"Acceso Latino | Estudia computaci\u00f3n desde nivel b\u00e1sico","twitter_description":"Para todas las personas latinas, ponemos a su alcance la plataforma digital educativa, donde podr\u00e1n iniciar sus estudios de computaci\u00f3n.","twitter_image":"https:\/\/accesolatino.org\/wp-content\/uploads\/2019\/01\/Estudia-computacion-desde-nivel-basico.jpg","twitter_site":"@FAccLatino","twitter_misc":{"Est. reading time":"1 minute"},"schema":{"@context":"https:\/\/schema.org","@graph":[{"@type":"WebPage","@id":"https:\/\/accesolatino.org\/estudia-computacion-desde-nivel-basico\/","url":"https:\/\/accesolatino.org\/estudia-computacion-desde-nivel-basico\/","name":"Estudia computaci\u00f3n desde nivel b\u00e1sico","isPartOf":{"@id":"https:\/\/accesolatino.org\/#website"},"primaryImageOfPage":{"@id":"https:\/\/accesolatino.org\/estudia-computacion-desde-nivel-basico\/#primaryimage"},"image":{"@id":"https:\/\/accesolatino.org\/estudia-computacion-desde-nivel-basico\/#primaryimage"},"thumbnailUrl":"https:\/\/accesolatino.org\/wp-content\/uploads\/2019\/01\/Estudia-computacion-desde-nivel-basico.jpg","datePublished":"2019-01-07T17:29:16+00:00","dateModified":"2025-10-17T20:06:26+00:00","description":"Educaci\u00f3n\u00a0Estudia\u00a0computaci\u00f3n desde nivel b\u00e1sico Para todas las personas latinas, ponemos a su alcance la plataforma digital ...","breadcrumb":{"@id":"https:\/\/accesolatino.org\/estudia-computacion-desde-nivel-basico\/#breadcrumb"},"inLanguage":"en-US","potentialAction":[{"@type":"ReadAction","target":["https:\/\/accesolatino.org\/estudia-computacion-desde-nivel-basico\/"]}]},{"@type":"ImageObject","inLanguage":"en-US","@id":"https:\/\/accesolatino.org\/estudia-computacion-desde-nivel-basico\/#primaryimage","url":"https:\/\/accesolatino.org\/wp-content\/uploads\/2019\/01\/Estudia-computacion-desde-nivel-basico.jpg","contentUrl":"https:\/\/accesolatino.org\/wp-content\/uploads\/2019\/01\/Estudia-computacion-desde-nivel-basico.jpg","width":600,"height":338,"caption":"estudia"},{"@type":"BreadcrumbList","@id":"https:\/\/accesolatino.org\/estudia-computacion-desde-nivel-basico\/#breadcrumb","itemListElement":[{"@type":"ListItem","position":1,"name":"Portada","item":"https:\/\/accesolatino.org\/"},{"@type":"ListItem","position":2,"name":"Estudia computaci\u00f3n desde nivel b\u00e1sico"}]},{"@type":"WebSite","@id":"https:\/\/accesolatino.org\/#website","url":"https:\/\/accesolatino.org\/","name":"Acceso Latino | Fundaci\u00f3n Carlos Slim","description":"Fundaci\u00f3n Carlos Slim","publisher":{"@id":"https:\/\/accesolatino.org\/#organization"},"potentialAction":[{"@type":"SearchAction","target":{"@type":"EntryPoint","urlTemplate":"https:\/\/accesolatino.org\/?s={search_term_string}"},"query-input":{"@type":"PropertyValueSpecification","valueRequired":true,"valueName":"search_term_string"}}],"inLanguage":"en-US"},{"@type":"Organization","@id":"https:\/\/accesolatino.org\/#organization","name":"Acceso Latino | Fundaci\u00f3n Carlos Slim","url":"https:\/\/accesolatino.org\/","logo":{"@type":"ImageObject","inLanguage":"en-US","@id":"https:\/\/accesolatino.org\/#\/schema\/logo\/image\/","url":"https:\/\/accesolatino.org\/wp-content\/uploads\/2021\/02\/logo-footer-acceso-latino.png","contentUrl":"https:\/\/accesolatino.org\/wp-content\/uploads\/2021\/02\/logo-footer-acceso-latino.png","width":240,"height":40,"caption":"Acceso Latino | Fundaci\u00f3n Carlos Slim"},"image":{"@id":"https:\/\/accesolatino.org\/#\/schema\/logo\/image\/"},"sameAs":["https:\/\/www.facebook.com\/AccesoLatinoOrg","https:\/\/x.com\/FAccLatino"]}]}},"_links":{"self":[{"href":"https:\/\/accesolatino.org\/en\/wp-json\/wp\/v2\/pages\/16120","targetHints":{"allow":["GET"]}}],"collection":[{"href":"https:\/\/accesolatino.org\/en\/wp-json\/wp\/v2\/pages"}],"about":[{"href":"https:\/\/accesolatino.org\/en\/wp-json\/wp\/v2\/types\/page"}],"author":[{"embeddable":true,"href":"https:\/\/accesolatino.org\/en\/wp-json\/wp\/v2\/users\/7"}],"replies":[{"embeddable":true,"href":"https:\/\/accesolatino.org\/en\/wp-json\/wp\/v2\/comments?post=16120"}],"version-history":[{"count":1,"href":"https:\/\/accesolatino.org\/en\/wp-json\/wp\/v2\/pages\/16120\/revisions"}],"predecessor-version":[{"id":64216,"href":"https:\/\/accesolatino.org\/en\/wp-json\/wp\/v2\/pages\/16120\/revisions\/64216"}],"wp:featuredmedia":[{"embeddable":true,"href":"https:\/\/accesolatino.org\/en\/wp-json\/wp\/v2\/media\/16121"}],"wp:attachment":[{"href":"https:\/\/accesolatino.org\/en\/wp-json\/wp\/v2\/media?parent=16120"}],"curies":[{"name":"wp","href":"https:\/\/api.w.org\/{rel}","templated":true}]}}