{"id":16116,"date":"2019-01-07T11:24:24","date_gmt":"2019-01-07T17:24:24","guid":{"rendered":"https:\/\/accesolatino.org\/?page_id=16116"},"modified":"2025-10-17T17:36:54","modified_gmt":"2025-10-17T23:36:54","slug":"refuerza-tus-estudios-a-nivel-basico-medio-y-superior-con-app-prende","status":"publish","type":"page","link":"https:\/\/accesolatino.org\/en\/refuerza-tus-estudios-a-nivel-basico-medio-y-superior-con-app-prende\/","title":{"rendered":"Reinforce your studies at basic, intermediate and higher levels with our App-prende tool."},"content":{"rendered":"<div data-elementor-type=\"wp-post\" data-elementor-id=\"16116\" class=\"elementor elementor-16116\">\n\t\t\t\t\t\t<section class=\"elementor-section elementor-top-section elementor-element elementor-element-21db5c3 elementor-section-full_width elementor-section-height-min-height elementor-section-items-stretch elementor-section-height-default wpr-particle-no wpr-jarallax-no wpr-parallax-no wpr-sticky-section-no wpr-equal-height-no\" data-id=\"21db5c3\" data-element_type=\"section\" data-e-type=\"section\" data-settings=\"{&quot;background_background&quot;:&quot;classic&quot;}\">\n\t\t\t\t\t\t<div class=\"elementor-container elementor-column-gap-no\">\n\t\t\t\t\t<div class=\"elementor-column elementor-col-100 elementor-top-column elementor-element elementor-element-a651dae\" data-id=\"a651dae\" data-element_type=\"column\" data-e-type=\"column\">\n\t\t\t<div class=\"elementor-widget-wrap elementor-element-populated\">\n\t\t\t\t\t\t<div class=\"elementor-element elementor-element-41a0858 elementor--h-position-center elementor--v-position-middle elementor-widget elementor-widget-slides\" data-id=\"41a0858\" data-element_type=\"widget\" data-e-type=\"widget\" data-settings=\"{&quot;navigation&quot;:&quot;none&quot;,&quot;infinite&quot;:&quot;yes&quot;,&quot;transition&quot;:&quot;slide&quot;,&quot;transition_speed&quot;:500}\" data-widget_type=\"slides.default\">\n\t\t\t\t<div class=\"elementor-widget-container\">\n\t\t\t\t\t\t\t<div class=\"elementor-swiper\">\n\t\t\t<div class=\"elementor-slides-wrapper elementor-main-swiper swiper-container\" dir=\"ltr\" data-animation=\"\">\n\t\t\t\t<div class=\"swiper-wrapper elementor-slides\">\n\t\t\t\t\t\t\t\t\t\t<div class=\"elementor-repeater-item-d983a28 swiper-slide\"><div class=\"swiper-slide-bg\"><\/div><div class=\"swiper-slide-inner\" ><div class=\"swiper-slide-contents\"><div class=\"elementor-slide-heading\">Education<\/div><\/div><\/div><\/div>\t\t\t\t<\/div>\n\t\t\t\t\t\t\t<\/div>\n\t\t<\/div>\n\t\t\t\t\t\t<\/div>\n\t\t\t\t<\/div>\n\t\t\t\t\t<\/div>\n\t\t<\/div>\n\t\t\t\t\t<\/div>\n\t\t<\/section>\n\t\t\t\t<section class=\"elementor-section elementor-top-section elementor-element elementor-element-c8228ce elementor-section-stretched elementor-section-boxed elementor-section-height-default elementor-section-height-default wpr-particle-no wpr-jarallax-no wpr-parallax-no wpr-sticky-section-no wpr-equal-height-no\" data-id=\"c8228ce\" data-element_type=\"section\" data-e-type=\"section\" data-settings=\"{&quot;stretch_section&quot;:&quot;section-stretched&quot;,&quot;background_background&quot;:&quot;classic&quot;}\">\n\t\t\t\t\t\t<div class=\"elementor-container elementor-column-gap-default\">\n\t\t\t\t\t<div class=\"elementor-column elementor-col-100 elementor-top-column elementor-element elementor-element-6a93fd3\" data-id=\"6a93fd3\" data-element_type=\"column\" data-e-type=\"column\">\n\t\t\t<div class=\"elementor-widget-wrap elementor-element-populated\">\n\t\t\t\t\t\t<div class=\"elementor-element elementor-element-7f160db elementor-widget elementor-widget-heading\" data-id=\"7f160db\" data-element_type=\"widget\" data-e-type=\"widget\" data-widget_type=\"heading.default\">\n\t\t\t\t<div class=\"elementor-widget-container\">\n\t\t\t\t\t<h3 class=\"elementor-heading-title elementor-size-default\">Reinforce your studies at basic, intermediate and higher levels with our App-prende tool.<\/h3>\t\t\t\t<\/div>\n\t\t\t\t<\/div>\n\t\t\t\t<div class=\"elementor-element elementor-element-0a4d2c3 elementor-widget elementor-widget-text-editor\" data-id=\"0a4d2c3\" data-element_type=\"widget\" data-e-type=\"widget\" data-widget_type=\"text-editor.default\">\n\t\t\t\t<div class=\"elementor-widget-container\">\n\t\t\t\t\t\t\t\t\t<p>Para nuestros hermanos latinos, est\u00e9n donde est\u00e9n, ponemos a su alcance la plataforma educativa en l\u00ednea completamente gratis y desarrollada por Fundaci\u00f3n Carlos Slim, para que puedas completar tus estudios b\u00e1sicos, medios o superiores.<\/p><p>Ingresa a nuestra secci\u00f3n de <a href=\"https:\/\/accesolatino.org\/en\/educacion\/\"><strong>\u201cEducaci\u00f3n\u201d<\/strong><\/a> y da clic en nuestra tarjeta de <a href=\"https:\/\/accesolatino.org\/en\/educacion\/cursos-en-linea\/\"><strong>\u201cCursos en l\u00ednea\u201d<\/strong><\/a>. Al ingresar a la tarjeta, encontrar\u00e1s nuestra herramienta de <strong>\u201cApp-prende.<\/strong><\/p><p>En esta herramienta tenemos cursos de matem\u00e1ticas, historia, arte, lenguaje y comunicaci\u00f3n, medio ambiente, salud entre muchos otros. Lo mejor es que puedes disfrutar de ellos de manera gratuita y si te encuentras en territorio mexicano, a trav\u00e9s de la app, tu navegaci\u00f3n es sin costo.<\/p>\t\t\t\t\t\t\t\t<\/div>\n\t\t\t\t<\/div>\n\t\t\t\t<div class=\"elementor-element elementor-element-fed14f1 elementor-widget elementor-widget-spacer\" data-id=\"fed14f1\" data-element_type=\"widget\" data-e-type=\"widget\" data-widget_type=\"spacer.default\">\n\t\t\t\t<div class=\"elementor-widget-container\">\n\t\t\t\t\t\t\t<div class=\"elementor-spacer\">\n\t\t\t<div class=\"elementor-spacer-inner\"><\/div>\n\t\t<\/div>\n\t\t\t\t\t\t<\/div>\n\t\t\t\t<\/div>\n\t\t\t\t\t<\/div>\n\t\t<\/div>\n\t\t\t\t\t<\/div>\n\t\t<\/section>\n\t\t\t\t<\/div>","protected":false},"excerpt":{"rendered":"<p>Educaci\u00f3n Refuerza tus estudios a nivel b\u00e1sico, medio y superior con nuestra herramienta de App-prende Para nuestros hermanos latinos, est\u00e9n donde est\u00e9n, ponemos a su alcance la plataforma educativa en l\u00ednea completamente gratis y desarrollada por Fundaci\u00f3n Carlos Slim, para que puedas completar tus estudios b\u00e1sicos, medios o superiores. Ingresa a nuestra secci\u00f3n de \u201cEducaci\u00f3n\u201d y da clic en nuestra tarjeta de \u201cCursos en l\u00ednea\u201d. Al ingresar a la tarjeta, encontrar\u00e1s nuestra herramienta de \u201cApp-prende. En esta herramienta tenemos cursos de matem\u00e1ticas, historia, arte, lenguaje y comunicaci\u00f3n, medio ambiente, salud entre muchos otros. Lo mejor es que puedes disfrutar de ellos de manera gratuita y si te encuentras en territorio mexicano, a trav\u00e9s de la app, tu navegaci\u00f3n es sin costo.<\/p>","protected":false},"author":7,"featured_media":16117,"parent":0,"menu_order":0,"comment_status":"closed","ping_status":"closed","template":"elementor_header_footer","meta":{"_uf_show_specific_survey":0,"_uf_disable_surveys":false,"footnotes":""},"class_list":["post-16116","page","type-page","status-publish","has-post-thumbnail"],"aioseo_notices":[],"yoast_head":"<!-- This site is optimized with the Yoast SEO plugin v27.4 - https:\/\/yoast.com\/product\/yoast-seo-wordpress\/ -->\n<title>Refuerza tus estudios a nivel b\u00e1sico, medio y superior con App-prende<\/title>\n<meta name=\"description\" content=\"Refuerza tus estudios a nivel b\u00e1sico, medio y superior con nuestra herramienta de App-prende Para nuestros hermanos latinos, est\u00e9n...\" \/>\n<meta name=\"robots\" content=\"index, follow, max-snippet:-1, max-image-preview:large, max-video-preview:-1\" \/>\n<link rel=\"canonical\" href=\"https:\/\/accesolatino.org\/en\/refuerza-tus-estudios-a-nivel-basico-medio-y-superior-con-app-prende\/\" \/>\n<meta property=\"og:locale\" content=\"en_US\" \/>\n<meta property=\"og:type\" content=\"article\" \/>\n<meta property=\"og:title\" content=\"Acceso Latino | Refuerza tus estudios a nivel b\u00e1sico, medio y superior con nuestra herramienta de App-prende\" \/>\n<meta property=\"og:description\" content=\"Conoce las aplicaciones que te pueden ser de ayuda en otros pa\u00edses.\" \/>\n<meta property=\"og:url\" content=\"https:\/\/accesolatino.org\/en\/refuerza-tus-estudios-a-nivel-basico-medio-y-superior-con-app-prende\/\" \/>\n<meta property=\"og:site_name\" content=\"Acceso Latino\" \/>\n<meta property=\"article:publisher\" content=\"https:\/\/www.facebook.com\/AccesoLatinoOrg\" \/>\n<meta property=\"article:modified_time\" content=\"2025-10-17T23:36:54+00:00\" \/>\n<meta property=\"og:image\" content=\"https:\/\/accesolatino.org\/wp-content\/uploads\/2019\/01\/Refuerza-tus-estudios-a-nivel-basico-medio-y-superior-con-nuestra-herramienta-de-Appprende.jpg\" \/>\n\t<meta property=\"og:image:width\" content=\"600\" \/>\n\t<meta property=\"og:image:height\" content=\"338\" \/>\n\t<meta property=\"og:image:type\" content=\"image\/jpeg\" \/>\n<meta name=\"twitter:card\" content=\"summary_large_image\" \/>\n<meta name=\"twitter:title\" content=\"Acceso Latino | Refuerza tus estudios a nivel b\u00e1sico, medio y superior con nuestra herramienta de App-prende\" \/>\n<meta name=\"twitter:description\" content=\"Conoce las aplicaciones que te pueden ser de ayuda en otros pa\u00edses.\" \/>\n<meta name=\"twitter:image\" content=\"https:\/\/accesolatino.org\/wp-content\/uploads\/2019\/01\/Refuerza-tus-estudios-a-nivel-basico-medio-y-superior-con-nuestra-herramienta-de-Appprende.jpg\" \/>\n<meta name=\"twitter:site\" content=\"@FAccLatino\" \/>\n<meta name=\"twitter:label1\" content=\"Est. reading time\" \/>\n\t<meta name=\"twitter:data1\" content=\"1 minute\" \/>\n<script type=\"application\/ld+json\" class=\"yoast-schema-graph\">{\"@context\":\"https:\\\/\\\/schema.org\",\"@graph\":[{\"@type\":\"WebPage\",\"@id\":\"https:\\\/\\\/accesolatino.org\\\/refuerza-tus-estudios-a-nivel-basico-medio-y-superior-con-app-prende\\\/\",\"url\":\"https:\\\/\\\/accesolatino.org\\\/refuerza-tus-estudios-a-nivel-basico-medio-y-superior-con-app-prende\\\/\",\"name\":\"Refuerza tus estudios a nivel b\u00e1sico, medio y superior con App-prende\",\"isPartOf\":{\"@id\":\"https:\\\/\\\/accesolatino.org\\\/#website\"},\"primaryImageOfPage\":{\"@id\":\"https:\\\/\\\/accesolatino.org\\\/refuerza-tus-estudios-a-nivel-basico-medio-y-superior-con-app-prende\\\/#primaryimage\"},\"image\":{\"@id\":\"https:\\\/\\\/accesolatino.org\\\/refuerza-tus-estudios-a-nivel-basico-medio-y-superior-con-app-prende\\\/#primaryimage\"},\"thumbnailUrl\":\"https:\\\/\\\/accesolatino.org\\\/wp-content\\\/uploads\\\/2019\\\/01\\\/Refuerza-tus-estudios-a-nivel-basico-medio-y-superior-con-nuestra-herramienta-de-Appprende.jpg\",\"datePublished\":\"2019-01-07T17:24:24+00:00\",\"dateModified\":\"2025-10-17T23:36:54+00:00\",\"description\":\"Refuerza tus estudios a nivel b\u00e1sico, medio y superior con nuestra herramienta de App-prende Para nuestros hermanos latinos, est\u00e9n...\",\"breadcrumb\":{\"@id\":\"https:\\\/\\\/accesolatino.org\\\/refuerza-tus-estudios-a-nivel-basico-medio-y-superior-con-app-prende\\\/#breadcrumb\"},\"inLanguage\":\"en-US\",\"potentialAction\":[{\"@type\":\"ReadAction\",\"target\":[\"https:\\\/\\\/accesolatino.org\\\/refuerza-tus-estudios-a-nivel-basico-medio-y-superior-con-app-prende\\\/\"]}]},{\"@type\":\"ImageObject\",\"inLanguage\":\"en-US\",\"@id\":\"https:\\\/\\\/accesolatino.org\\\/refuerza-tus-estudios-a-nivel-basico-medio-y-superior-con-app-prende\\\/#primaryimage\",\"url\":\"https:\\\/\\\/accesolatino.org\\\/wp-content\\\/uploads\\\/2019\\\/01\\\/Refuerza-tus-estudios-a-nivel-basico-medio-y-superior-con-nuestra-herramienta-de-Appprende.jpg\",\"contentUrl\":\"https:\\\/\\\/accesolatino.org\\\/wp-content\\\/uploads\\\/2019\\\/01\\\/Refuerza-tus-estudios-a-nivel-basico-medio-y-superior-con-nuestra-herramienta-de-Appprende.jpg\",\"width\":600,\"height\":338,\"caption\":\"app-prende\"},{\"@type\":\"BreadcrumbList\",\"@id\":\"https:\\\/\\\/accesolatino.org\\\/refuerza-tus-estudios-a-nivel-basico-medio-y-superior-con-app-prende\\\/#breadcrumb\",\"itemListElement\":[{\"@type\":\"ListItem\",\"position\":1,\"name\":\"Portada\",\"item\":\"https:\\\/\\\/accesolatino.org\\\/\"},{\"@type\":\"ListItem\",\"position\":2,\"name\":\"Refuerza tus estudios a nivel b\u00e1sico, medio y superior con nuestra herramienta de App-prende\"}]},{\"@type\":\"WebSite\",\"@id\":\"https:\\\/\\\/accesolatino.org\\\/#website\",\"url\":\"https:\\\/\\\/accesolatino.org\\\/\",\"name\":\"Acceso Latino | Fundaci\u00f3n Carlos Slim\",\"description\":\"Fundaci\u00f3n Carlos Slim\",\"publisher\":{\"@id\":\"https:\\\/\\\/accesolatino.org\\\/#organization\"},\"potentialAction\":[{\"@type\":\"SearchAction\",\"target\":{\"@type\":\"EntryPoint\",\"urlTemplate\":\"https:\\\/\\\/accesolatino.org\\\/?s={search_term_string}\"},\"query-input\":{\"@type\":\"PropertyValueSpecification\",\"valueRequired\":true,\"valueName\":\"search_term_string\"}}],\"inLanguage\":\"en-US\"},{\"@type\":\"Organization\",\"@id\":\"https:\\\/\\\/accesolatino.org\\\/#organization\",\"name\":\"Acceso Latino | Fundaci\u00f3n Carlos Slim\",\"url\":\"https:\\\/\\\/accesolatino.org\\\/\",\"logo\":{\"@type\":\"ImageObject\",\"inLanguage\":\"en-US\",\"@id\":\"https:\\\/\\\/accesolatino.org\\\/#\\\/schema\\\/logo\\\/image\\\/\",\"url\":\"https:\\\/\\\/accesolatino.org\\\/wp-content\\\/uploads\\\/2021\\\/02\\\/logo-footer-acceso-latino.png\",\"contentUrl\":\"https:\\\/\\\/accesolatino.org\\\/wp-content\\\/uploads\\\/2021\\\/02\\\/logo-footer-acceso-latino.png\",\"width\":240,\"height\":40,\"caption\":\"Acceso Latino | Fundaci\u00f3n Carlos Slim\"},\"image\":{\"@id\":\"https:\\\/\\\/accesolatino.org\\\/#\\\/schema\\\/logo\\\/image\\\/\"},\"sameAs\":[\"https:\\\/\\\/www.facebook.com\\\/AccesoLatinoOrg\",\"https:\\\/\\\/x.com\\\/FAccLatino\"]}]}<\/script>\n<!-- \/ Yoast SEO plugin. -->","yoast_head_json":{"title":"Refuerza tus estudios a nivel b\u00e1sico, medio y superior con App-prende","description":"Refuerza tus estudios a nivel b\u00e1sico, medio y superior con nuestra herramienta de App-prende Para nuestros hermanos latinos, est\u00e9n...","robots":{"index":"index","follow":"follow","max-snippet":"max-snippet:-1","max-image-preview":"max-image-preview:large","max-video-preview":"max-video-preview:-1"},"canonical":"https:\/\/accesolatino.org\/en\/refuerza-tus-estudios-a-nivel-basico-medio-y-superior-con-app-prende\/","og_locale":"en_US","og_type":"article","og_title":"Acceso Latino | Refuerza tus estudios a nivel b\u00e1sico, medio y superior con nuestra herramienta de App-prende","og_description":"Conoce las aplicaciones que te pueden ser de ayuda en otros pa\u00edses.","og_url":"https:\/\/accesolatino.org\/en\/refuerza-tus-estudios-a-nivel-basico-medio-y-superior-con-app-prende\/","og_site_name":"Acceso Latino","article_publisher":"https:\/\/www.facebook.com\/AccesoLatinoOrg","article_modified_time":"2025-10-17T23:36:54+00:00","og_image":[{"width":600,"height":338,"url":"https:\/\/accesolatino.org\/wp-content\/uploads\/2019\/01\/Refuerza-tus-estudios-a-nivel-basico-medio-y-superior-con-nuestra-herramienta-de-Appprende.jpg","type":"image\/jpeg"}],"twitter_card":"summary_large_image","twitter_title":"Acceso Latino | Refuerza tus estudios a nivel b\u00e1sico, medio y superior con nuestra herramienta de App-prende","twitter_description":"Conoce las aplicaciones que te pueden ser de ayuda en otros pa\u00edses.","twitter_image":"https:\/\/accesolatino.org\/wp-content\/uploads\/2019\/01\/Refuerza-tus-estudios-a-nivel-basico-medio-y-superior-con-nuestra-herramienta-de-Appprende.jpg","twitter_site":"@FAccLatino","twitter_misc":{"Est. reading time":"1 minute"},"schema":{"@context":"https:\/\/schema.org","@graph":[{"@type":"WebPage","@id":"https:\/\/accesolatino.org\/refuerza-tus-estudios-a-nivel-basico-medio-y-superior-con-app-prende\/","url":"https:\/\/accesolatino.org\/refuerza-tus-estudios-a-nivel-basico-medio-y-superior-con-app-prende\/","name":"Refuerza tus estudios a nivel b\u00e1sico, medio y superior con App-prende","isPartOf":{"@id":"https:\/\/accesolatino.org\/#website"},"primaryImageOfPage":{"@id":"https:\/\/accesolatino.org\/refuerza-tus-estudios-a-nivel-basico-medio-y-superior-con-app-prende\/#primaryimage"},"image":{"@id":"https:\/\/accesolatino.org\/refuerza-tus-estudios-a-nivel-basico-medio-y-superior-con-app-prende\/#primaryimage"},"thumbnailUrl":"https:\/\/accesolatino.org\/wp-content\/uploads\/2019\/01\/Refuerza-tus-estudios-a-nivel-basico-medio-y-superior-con-nuestra-herramienta-de-Appprende.jpg","datePublished":"2019-01-07T17:24:24+00:00","dateModified":"2025-10-17T23:36:54+00:00","description":"Refuerza tus estudios a nivel b\u00e1sico, medio y superior con nuestra herramienta de App-prende Para nuestros hermanos latinos, est\u00e9n...","breadcrumb":{"@id":"https:\/\/accesolatino.org\/refuerza-tus-estudios-a-nivel-basico-medio-y-superior-con-app-prende\/#breadcrumb"},"inLanguage":"en-US","potentialAction":[{"@type":"ReadAction","target":["https:\/\/accesolatino.org\/refuerza-tus-estudios-a-nivel-basico-medio-y-superior-con-app-prende\/"]}]},{"@type":"ImageObject","inLanguage":"en-US","@id":"https:\/\/accesolatino.org\/refuerza-tus-estudios-a-nivel-basico-medio-y-superior-con-app-prende\/#primaryimage","url":"https:\/\/accesolatino.org\/wp-content\/uploads\/2019\/01\/Refuerza-tus-estudios-a-nivel-basico-medio-y-superior-con-nuestra-herramienta-de-Appprende.jpg","contentUrl":"https:\/\/accesolatino.org\/wp-content\/uploads\/2019\/01\/Refuerza-tus-estudios-a-nivel-basico-medio-y-superior-con-nuestra-herramienta-de-Appprende.jpg","width":600,"height":338,"caption":"app-prende"},{"@type":"BreadcrumbList","@id":"https:\/\/accesolatino.org\/refuerza-tus-estudios-a-nivel-basico-medio-y-superior-con-app-prende\/#breadcrumb","itemListElement":[{"@type":"ListItem","position":1,"name":"Portada","item":"https:\/\/accesolatino.org\/"},{"@type":"ListItem","position":2,"name":"Refuerza tus estudios a nivel b\u00e1sico, medio y superior con nuestra herramienta de App-prende"}]},{"@type":"WebSite","@id":"https:\/\/accesolatino.org\/#website","url":"https:\/\/accesolatino.org\/","name":"Acceso Latino | Fundaci\u00f3n Carlos Slim","description":"Fundaci\u00f3n Carlos Slim","publisher":{"@id":"https:\/\/accesolatino.org\/#organization"},"potentialAction":[{"@type":"SearchAction","target":{"@type":"EntryPoint","urlTemplate":"https:\/\/accesolatino.org\/?s={search_term_string}"},"query-input":{"@type":"PropertyValueSpecification","valueRequired":true,"valueName":"search_term_string"}}],"inLanguage":"en-US"},{"@type":"Organization","@id":"https:\/\/accesolatino.org\/#organization","name":"Acceso Latino | Fundaci\u00f3n Carlos Slim","url":"https:\/\/accesolatino.org\/","logo":{"@type":"ImageObject","inLanguage":"en-US","@id":"https:\/\/accesolatino.org\/#\/schema\/logo\/image\/","url":"https:\/\/accesolatino.org\/wp-content\/uploads\/2021\/02\/logo-footer-acceso-latino.png","contentUrl":"https:\/\/accesolatino.org\/wp-content\/uploads\/2021\/02\/logo-footer-acceso-latino.png","width":240,"height":40,"caption":"Acceso Latino | Fundaci\u00f3n Carlos Slim"},"image":{"@id":"https:\/\/accesolatino.org\/#\/schema\/logo\/image\/"},"sameAs":["https:\/\/www.facebook.com\/AccesoLatinoOrg","https:\/\/x.com\/FAccLatino"]}]}},"_links":{"self":[{"href":"https:\/\/accesolatino.org\/en\/wp-json\/wp\/v2\/pages\/16116","targetHints":{"allow":["GET"]}}],"collection":[{"href":"https:\/\/accesolatino.org\/en\/wp-json\/wp\/v2\/pages"}],"about":[{"href":"https:\/\/accesolatino.org\/en\/wp-json\/wp\/v2\/types\/page"}],"author":[{"embeddable":true,"href":"https:\/\/accesolatino.org\/en\/wp-json\/wp\/v2\/users\/7"}],"replies":[{"embeddable":true,"href":"https:\/\/accesolatino.org\/en\/wp-json\/wp\/v2\/comments?post=16116"}],"version-history":[{"count":1,"href":"https:\/\/accesolatino.org\/en\/wp-json\/wp\/v2\/pages\/16116\/revisions"}],"predecessor-version":[{"id":64260,"href":"https:\/\/accesolatino.org\/en\/wp-json\/wp\/v2\/pages\/16116\/revisions\/64260"}],"wp:featuredmedia":[{"embeddable":true,"href":"https:\/\/accesolatino.org\/en\/wp-json\/wp\/v2\/media\/16117"}],"wp:attachment":[{"href":"https:\/\/accesolatino.org\/en\/wp-json\/wp\/v2\/media?parent=16116"}],"curies":[{"name":"wp","href":"https:\/\/api.w.org\/{rel}","templated":true}]}}