{"id":16074,"date":"2018-12-20T12:03:24","date_gmt":"2018-12-20T18:03:24","guid":{"rendered":"https:\/\/accesolatino.org\/?page_id=16074"},"modified":"2025-10-17T14:08:41","modified_gmt":"2025-10-17T20:08:41","slug":"estudia-por-tu-cuenta-a-la-hora-que-quieras-y-en-el-ritmo-que-puedas","status":"publish","type":"page","link":"https:\/\/accesolatino.org\/en\/estudia-por-tu-cuenta-a-la-hora-que-quieras-y-en-el-ritmo-que-puedas\/","title":{"rendered":"Estudia por tu cuenta, a la hora que quieras y en el ritmo que puedas"},"content":{"rendered":"<div data-elementor-type=\"wp-post\" data-elementor-id=\"16074\" class=\"elementor elementor-16074\">\n\t\t\t\t\t\t<section class=\"elementor-section elementor-top-section elementor-element elementor-element-6a35ef6 elementor-section-full_width elementor-section-height-min-height elementor-section-items-stretch elementor-section-height-default wpr-particle-no wpr-jarallax-no wpr-parallax-no wpr-sticky-section-no wpr-equal-height-no\" data-id=\"6a35ef6\" data-element_type=\"section\" data-e-type=\"section\" data-settings=\"{&quot;background_background&quot;:&quot;classic&quot;}\">\n\t\t\t\t\t\t<div class=\"elementor-container elementor-column-gap-no\">\n\t\t\t\t\t<div class=\"elementor-column elementor-col-100 elementor-top-column elementor-element elementor-element-7b4629a\" data-id=\"7b4629a\" data-element_type=\"column\" data-e-type=\"column\">\n\t\t\t<div class=\"elementor-widget-wrap elementor-element-populated\">\n\t\t\t\t\t\t<div class=\"elementor-element elementor-element-70b3d0c elementor--h-position-center elementor--v-position-middle elementor-widget elementor-widget-slides\" data-id=\"70b3d0c\" data-element_type=\"widget\" data-e-type=\"widget\" data-settings=\"{&quot;navigation&quot;:&quot;none&quot;,&quot;infinite&quot;:&quot;yes&quot;,&quot;transition&quot;:&quot;slide&quot;,&quot;transition_speed&quot;:500}\" data-widget_type=\"slides.default\">\n\t\t\t\t<div class=\"elementor-widget-container\">\n\t\t\t\t\t\t\t<div class=\"elementor-swiper\">\n\t\t\t<div class=\"elementor-slides-wrapper elementor-main-swiper swiper-container\" dir=\"ltr\" data-animation=\"\">\n\t\t\t\t<div class=\"swiper-wrapper elementor-slides\">\n\t\t\t\t\t\t\t\t\t\t<div class=\"elementor-repeater-item-d983a28 swiper-slide\"><div class=\"swiper-slide-bg\"><\/div><div class=\"swiper-slide-inner\" ><div class=\"swiper-slide-contents\"><div class=\"elementor-slide-heading\">Education<\/div><\/div><\/div><\/div>\t\t\t\t<\/div>\n\t\t\t\t\t\t\t<\/div>\n\t\t<\/div>\n\t\t\t\t\t\t<\/div>\n\t\t\t\t<\/div>\n\t\t\t\t\t<\/div>\n\t\t<\/div>\n\t\t\t\t\t<\/div>\n\t\t<\/section>\n\t\t\t\t<section class=\"elementor-section elementor-top-section elementor-element elementor-element-cfa16e0 elementor-section-stretched elementor-section-boxed elementor-section-height-default elementor-section-height-default wpr-particle-no wpr-jarallax-no wpr-parallax-no wpr-sticky-section-no wpr-equal-height-no\" data-id=\"cfa16e0\" data-element_type=\"section\" data-e-type=\"section\" data-settings=\"{&quot;stretch_section&quot;:&quot;section-stretched&quot;,&quot;background_background&quot;:&quot;classic&quot;}\">\n\t\t\t\t\t\t<div class=\"elementor-container elementor-column-gap-default\">\n\t\t\t\t\t<div class=\"elementor-column elementor-col-100 elementor-top-column elementor-element elementor-element-b067714\" data-id=\"b067714\" data-element_type=\"column\" data-e-type=\"column\">\n\t\t\t<div class=\"elementor-widget-wrap elementor-element-populated\">\n\t\t\t\t\t\t<div class=\"elementor-element elementor-element-5228765 elementor-widget elementor-widget-heading\" data-id=\"5228765\" data-element_type=\"widget\" data-e-type=\"widget\" data-widget_type=\"heading.default\">\n\t\t\t\t<div class=\"elementor-widget-container\">\n\t\t\t\t\t<h3 class=\"elementor-heading-title elementor-size-default\">Estudia por tu cuenta, a la hora que quieras y en el ritmo que puedas<\/h3>\t\t\t\t<\/div>\n\t\t\t\t<\/div>\n\t\t\t\t<div class=\"elementor-element elementor-element-3ec45db elementor-widget elementor-widget-text-editor\" data-id=\"3ec45db\" data-element_type=\"widget\" data-e-type=\"widget\" data-widget_type=\"text-editor.default\">\n\t\t\t\t<div class=\"elementor-widget-container\">\n\t\t\t\t\t\t\t\t\t<p>Los latinos que radican en Estados Unidos, encontrar\u00e1n en accesolatino.org herramientas sin costo e informaci\u00f3n \u00fatil que ofrecen los gobiernos u organizaciones en apoyo a los migrantes.<\/p><p>Haz uso de las herramientas en l\u00ednea que tenemos para ti, donde podr\u00e1s estudiar a tu ritmo y horario posible; accede a cursos de las universidades m\u00e1s reconocidas en el mundo de manera gratuita.<\/p><p>Dentro de \u201c<a href=\"https:\/\/accesolatino.org\/en\/educacion\/cursos-en-linea\/\"><strong>Cursos gratis online\u201d<\/strong><\/a> en nuestra secci\u00f3n de <a href=\"https:\/\/accesolatino.org\/en\/educacion\/\"><strong>\u201cEducaci\u00f3n\u201d<\/strong><\/a> encontrar\u00e1s la herramienta de <strong>\u201cKhan Academy\u201d<\/strong> donde podr\u00e1s aprender matem\u00e1ticas por grado escolar, as\u00ed como ciencias, computaci\u00f3n y dem\u00e1s asignaturas.<\/p>\t\t\t\t\t\t\t\t<\/div>\n\t\t\t\t<\/div>\n\t\t\t\t<div class=\"elementor-element elementor-element-b3a64db elementor-widget elementor-widget-spacer\" data-id=\"b3a64db\" data-element_type=\"widget\" data-e-type=\"widget\" data-widget_type=\"spacer.default\">\n\t\t\t\t<div class=\"elementor-widget-container\">\n\t\t\t\t\t\t\t<div class=\"elementor-spacer\">\n\t\t\t<div class=\"elementor-spacer-inner\"><\/div>\n\t\t<\/div>\n\t\t\t\t\t\t<\/div>\n\t\t\t\t<\/div>\n\t\t\t\t\t<\/div>\n\t\t<\/div>\n\t\t\t\t\t<\/div>\n\t\t<\/section>\n\t\t\t\t<\/div>","protected":false},"excerpt":{"rendered":"<p>Educaci\u00f3n Estudia por tu cuenta, a la hora que quieras y en el ritmo que puedas Los latinos que radican en Estados Unidos, encontrar\u00e1n en accesolatino.org herramientas sin costo e informaci\u00f3n \u00fatil que ofrecen los gobiernos u organizaciones en apoyo a los migrantes. Haz uso de las herramientas en l\u00ednea que tenemos para ti, donde podr\u00e1s estudiar a tu ritmo y horario posible; accede a cursos de las universidades m\u00e1s reconocidas en el mundo de manera gratuita. Dentro de \u201cCursos gratis online\u201d en nuestra secci\u00f3n de \u201cEducaci\u00f3n\u201d encontrar\u00e1s la herramienta de \u201cKhan Academy\u201d donde podr\u00e1s aprender matem\u00e1ticas por grado escolar, as\u00ed como ciencias, computaci\u00f3n y dem\u00e1s asignaturas.<\/p>","protected":false},"author":7,"featured_media":16075,"parent":0,"menu_order":0,"comment_status":"closed","ping_status":"closed","template":"elementor_header_footer","meta":{"_uf_show_specific_survey":0,"_uf_disable_surveys":false,"footnotes":""},"class_list":["post-16074","page","type-page","status-publish","has-post-thumbnail"],"aioseo_notices":[],"yoast_head":"<!-- This site is optimized with the Yoast SEO plugin v27.4 - https:\/\/yoast.com\/product\/yoast-seo-wordpress\/ -->\n<title>Estudia por tu cuenta, a la hora que quieras y en el ritmo que puedas<\/title>\n<meta name=\"description\" content=\"Los latinos que radican en Estados Unidos, encontrar\u00e1n en accesolatino.org herramientas sin costo e informaci\u00f3n \u00fatil\" \/>\n<meta name=\"robots\" content=\"index, follow, max-snippet:-1, max-image-preview:large, max-video-preview:-1\" \/>\n<link rel=\"canonical\" href=\"https:\/\/accesolatino.org\/en\/estudia-por-tu-cuenta-a-la-hora-que-quieras-y-en-el-ritmo-que-puedas\/\" \/>\n<meta property=\"og:locale\" content=\"en_US\" \/>\n<meta property=\"og:type\" content=\"article\" \/>\n<meta property=\"og:title\" content=\"Acceso Latino | Estudia por tu cuenta, a la hora que quieras y en el ritmo que puedas\" \/>\n<meta property=\"og:description\" content=\"Los latinos que radican en Estados Unidos, encontrar\u00e1n en accesolatino.org herramientas sin costo e informaci\u00f3n \u00fatil\" \/>\n<meta property=\"og:url\" content=\"https:\/\/accesolatino.org\/en\/estudia-por-tu-cuenta-a-la-hora-que-quieras-y-en-el-ritmo-que-puedas\/\" \/>\n<meta property=\"og:site_name\" content=\"Acceso Latino\" \/>\n<meta property=\"article:publisher\" content=\"https:\/\/www.facebook.com\/AccesoLatinoOrg\" \/>\n<meta property=\"article:modified_time\" content=\"2025-10-17T20:08:41+00:00\" \/>\n<meta property=\"og:image\" content=\"https:\/\/accesolatino.org\/wp-content\/uploads\/2018\/12\/Estudia-por-tu-cuenta-a-la-hora-que-quieras-y-en-el-ritmo-que-puedas.jpg\" \/>\n\t<meta property=\"og:image:width\" content=\"600\" \/>\n\t<meta property=\"og:image:height\" content=\"338\" \/>\n\t<meta property=\"og:image:type\" content=\"image\/jpeg\" \/>\n<meta name=\"twitter:card\" content=\"summary_large_image\" \/>\n<meta name=\"twitter:title\" content=\"Acceso Latino | Estudia por tu cuenta, a la hora que quieras y en el ritmo que puedas\" \/>\n<meta name=\"twitter:description\" content=\"Los latinos que radican en Estados Unidos, encontrar\u00e1n en accesolatino.org herramientas sin costo e informaci\u00f3n \u00fatil\" \/>\n<meta name=\"twitter:image\" content=\"https:\/\/accesolatino.org\/wp-content\/uploads\/2018\/12\/Estudia-por-tu-cuenta-a-la-hora-que-quieras-y-en-el-ritmo-que-puedas.jpg\" \/>\n<meta name=\"twitter:site\" content=\"@FAccLatino\" \/>\n<meta name=\"twitter:label1\" content=\"Est. reading time\" \/>\n\t<meta name=\"twitter:data1\" content=\"1 minute\" \/>\n<script type=\"application\/ld+json\" class=\"yoast-schema-graph\">{\"@context\":\"https:\\\/\\\/schema.org\",\"@graph\":[{\"@type\":\"WebPage\",\"@id\":\"https:\\\/\\\/accesolatino.org\\\/estudia-por-tu-cuenta-a-la-hora-que-quieras-y-en-el-ritmo-que-puedas\\\/\",\"url\":\"https:\\\/\\\/accesolatino.org\\\/estudia-por-tu-cuenta-a-la-hora-que-quieras-y-en-el-ritmo-que-puedas\\\/\",\"name\":\"Estudia por tu cuenta, a la hora que quieras y en el ritmo que puedas\",\"isPartOf\":{\"@id\":\"https:\\\/\\\/accesolatino.org\\\/#website\"},\"primaryImageOfPage\":{\"@id\":\"https:\\\/\\\/accesolatino.org\\\/estudia-por-tu-cuenta-a-la-hora-que-quieras-y-en-el-ritmo-que-puedas\\\/#primaryimage\"},\"image\":{\"@id\":\"https:\\\/\\\/accesolatino.org\\\/estudia-por-tu-cuenta-a-la-hora-que-quieras-y-en-el-ritmo-que-puedas\\\/#primaryimage\"},\"thumbnailUrl\":\"https:\\\/\\\/accesolatino.org\\\/wp-content\\\/uploads\\\/2018\\\/12\\\/Estudia-por-tu-cuenta-a-la-hora-que-quieras-y-en-el-ritmo-que-puedas.jpg\",\"datePublished\":\"2018-12-20T18:03:24+00:00\",\"dateModified\":\"2025-10-17T20:08:41+00:00\",\"description\":\"Los latinos que radican en Estados Unidos, encontrar\u00e1n en accesolatino.org herramientas sin costo e informaci\u00f3n \u00fatil\",\"breadcrumb\":{\"@id\":\"https:\\\/\\\/accesolatino.org\\\/estudia-por-tu-cuenta-a-la-hora-que-quieras-y-en-el-ritmo-que-puedas\\\/#breadcrumb\"},\"inLanguage\":\"en-US\",\"potentialAction\":[{\"@type\":\"ReadAction\",\"target\":[\"https:\\\/\\\/accesolatino.org\\\/estudia-por-tu-cuenta-a-la-hora-que-quieras-y-en-el-ritmo-que-puedas\\\/\"]}]},{\"@type\":\"ImageObject\",\"inLanguage\":\"en-US\",\"@id\":\"https:\\\/\\\/accesolatino.org\\\/estudia-por-tu-cuenta-a-la-hora-que-quieras-y-en-el-ritmo-que-puedas\\\/#primaryimage\",\"url\":\"https:\\\/\\\/accesolatino.org\\\/wp-content\\\/uploads\\\/2018\\\/12\\\/Estudia-por-tu-cuenta-a-la-hora-que-quieras-y-en-el-ritmo-que-puedas.jpg\",\"contentUrl\":\"https:\\\/\\\/accesolatino.org\\\/wp-content\\\/uploads\\\/2018\\\/12\\\/Estudia-por-tu-cuenta-a-la-hora-que-quieras-y-en-el-ritmo-que-puedas.jpg\",\"width\":600,\"height\":338,\"caption\":\"estudia\"},{\"@type\":\"BreadcrumbList\",\"@id\":\"https:\\\/\\\/accesolatino.org\\\/estudia-por-tu-cuenta-a-la-hora-que-quieras-y-en-el-ritmo-que-puedas\\\/#breadcrumb\",\"itemListElement\":[{\"@type\":\"ListItem\",\"position\":1,\"name\":\"Portada\",\"item\":\"https:\\\/\\\/accesolatino.org\\\/\"},{\"@type\":\"ListItem\",\"position\":2,\"name\":\"Estudia por tu cuenta, a la hora que quieras y en el ritmo que puedas\"}]},{\"@type\":\"WebSite\",\"@id\":\"https:\\\/\\\/accesolatino.org\\\/#website\",\"url\":\"https:\\\/\\\/accesolatino.org\\\/\",\"name\":\"Acceso Latino | Fundaci\u00f3n Carlos Slim\",\"description\":\"Fundaci\u00f3n Carlos Slim\",\"publisher\":{\"@id\":\"https:\\\/\\\/accesolatino.org\\\/#organization\"},\"potentialAction\":[{\"@type\":\"SearchAction\",\"target\":{\"@type\":\"EntryPoint\",\"urlTemplate\":\"https:\\\/\\\/accesolatino.org\\\/?s={search_term_string}\"},\"query-input\":{\"@type\":\"PropertyValueSpecification\",\"valueRequired\":true,\"valueName\":\"search_term_string\"}}],\"inLanguage\":\"en-US\"},{\"@type\":\"Organization\",\"@id\":\"https:\\\/\\\/accesolatino.org\\\/#organization\",\"name\":\"Acceso Latino | Fundaci\u00f3n Carlos Slim\",\"url\":\"https:\\\/\\\/accesolatino.org\\\/\",\"logo\":{\"@type\":\"ImageObject\",\"inLanguage\":\"en-US\",\"@id\":\"https:\\\/\\\/accesolatino.org\\\/#\\\/schema\\\/logo\\\/image\\\/\",\"url\":\"https:\\\/\\\/accesolatino.org\\\/wp-content\\\/uploads\\\/2021\\\/02\\\/logo-footer-acceso-latino.png\",\"contentUrl\":\"https:\\\/\\\/accesolatino.org\\\/wp-content\\\/uploads\\\/2021\\\/02\\\/logo-footer-acceso-latino.png\",\"width\":240,\"height\":40,\"caption\":\"Acceso Latino | Fundaci\u00f3n Carlos Slim\"},\"image\":{\"@id\":\"https:\\\/\\\/accesolatino.org\\\/#\\\/schema\\\/logo\\\/image\\\/\"},\"sameAs\":[\"https:\\\/\\\/www.facebook.com\\\/AccesoLatinoOrg\",\"https:\\\/\\\/x.com\\\/FAccLatino\"]}]}<\/script>\n<!-- \/ Yoast SEO plugin. -->","yoast_head_json":{"title":"Estudia por tu cuenta, a la hora que quieras y en el ritmo que puedas","description":"Los latinos que radican en Estados Unidos, encontrar\u00e1n en accesolatino.org herramientas sin costo e informaci\u00f3n \u00fatil","robots":{"index":"index","follow":"follow","max-snippet":"max-snippet:-1","max-image-preview":"max-image-preview:large","max-video-preview":"max-video-preview:-1"},"canonical":"https:\/\/accesolatino.org\/en\/estudia-por-tu-cuenta-a-la-hora-que-quieras-y-en-el-ritmo-que-puedas\/","og_locale":"en_US","og_type":"article","og_title":"Acceso Latino | Estudia por tu cuenta, a la hora que quieras y en el ritmo que puedas","og_description":"Los latinos que radican en Estados Unidos, encontrar\u00e1n en accesolatino.org herramientas sin costo e informaci\u00f3n \u00fatil","og_url":"https:\/\/accesolatino.org\/en\/estudia-por-tu-cuenta-a-la-hora-que-quieras-y-en-el-ritmo-que-puedas\/","og_site_name":"Acceso Latino","article_publisher":"https:\/\/www.facebook.com\/AccesoLatinoOrg","article_modified_time":"2025-10-17T20:08:41+00:00","og_image":[{"width":600,"height":338,"url":"https:\/\/accesolatino.org\/wp-content\/uploads\/2018\/12\/Estudia-por-tu-cuenta-a-la-hora-que-quieras-y-en-el-ritmo-que-puedas.jpg","type":"image\/jpeg"}],"twitter_card":"summary_large_image","twitter_title":"Acceso Latino | Estudia por tu cuenta, a la hora que quieras y en el ritmo que puedas","twitter_description":"Los latinos que radican en Estados Unidos, encontrar\u00e1n en accesolatino.org herramientas sin costo e informaci\u00f3n \u00fatil","twitter_image":"https:\/\/accesolatino.org\/wp-content\/uploads\/2018\/12\/Estudia-por-tu-cuenta-a-la-hora-que-quieras-y-en-el-ritmo-que-puedas.jpg","twitter_site":"@FAccLatino","twitter_misc":{"Est. reading time":"1 minute"},"schema":{"@context":"https:\/\/schema.org","@graph":[{"@type":"WebPage","@id":"https:\/\/accesolatino.org\/estudia-por-tu-cuenta-a-la-hora-que-quieras-y-en-el-ritmo-que-puedas\/","url":"https:\/\/accesolatino.org\/estudia-por-tu-cuenta-a-la-hora-que-quieras-y-en-el-ritmo-que-puedas\/","name":"Estudia por tu cuenta, a la hora que quieras y en el ritmo que puedas","isPartOf":{"@id":"https:\/\/accesolatino.org\/#website"},"primaryImageOfPage":{"@id":"https:\/\/accesolatino.org\/estudia-por-tu-cuenta-a-la-hora-que-quieras-y-en-el-ritmo-que-puedas\/#primaryimage"},"image":{"@id":"https:\/\/accesolatino.org\/estudia-por-tu-cuenta-a-la-hora-que-quieras-y-en-el-ritmo-que-puedas\/#primaryimage"},"thumbnailUrl":"https:\/\/accesolatino.org\/wp-content\/uploads\/2018\/12\/Estudia-por-tu-cuenta-a-la-hora-que-quieras-y-en-el-ritmo-que-puedas.jpg","datePublished":"2018-12-20T18:03:24+00:00","dateModified":"2025-10-17T20:08:41+00:00","description":"Los latinos que radican en Estados Unidos, encontrar\u00e1n en accesolatino.org herramientas sin costo e informaci\u00f3n \u00fatil","breadcrumb":{"@id":"https:\/\/accesolatino.org\/estudia-por-tu-cuenta-a-la-hora-que-quieras-y-en-el-ritmo-que-puedas\/#breadcrumb"},"inLanguage":"en-US","potentialAction":[{"@type":"ReadAction","target":["https:\/\/accesolatino.org\/estudia-por-tu-cuenta-a-la-hora-que-quieras-y-en-el-ritmo-que-puedas\/"]}]},{"@type":"ImageObject","inLanguage":"en-US","@id":"https:\/\/accesolatino.org\/estudia-por-tu-cuenta-a-la-hora-que-quieras-y-en-el-ritmo-que-puedas\/#primaryimage","url":"https:\/\/accesolatino.org\/wp-content\/uploads\/2018\/12\/Estudia-por-tu-cuenta-a-la-hora-que-quieras-y-en-el-ritmo-que-puedas.jpg","contentUrl":"https:\/\/accesolatino.org\/wp-content\/uploads\/2018\/12\/Estudia-por-tu-cuenta-a-la-hora-que-quieras-y-en-el-ritmo-que-puedas.jpg","width":600,"height":338,"caption":"estudia"},{"@type":"BreadcrumbList","@id":"https:\/\/accesolatino.org\/estudia-por-tu-cuenta-a-la-hora-que-quieras-y-en-el-ritmo-que-puedas\/#breadcrumb","itemListElement":[{"@type":"ListItem","position":1,"name":"Portada","item":"https:\/\/accesolatino.org\/"},{"@type":"ListItem","position":2,"name":"Estudia por tu cuenta, a la hora que quieras y en el ritmo que puedas"}]},{"@type":"WebSite","@id":"https:\/\/accesolatino.org\/#website","url":"https:\/\/accesolatino.org\/","name":"Acceso Latino | Fundaci\u00f3n Carlos Slim","description":"Fundaci\u00f3n Carlos Slim","publisher":{"@id":"https:\/\/accesolatino.org\/#organization"},"potentialAction":[{"@type":"SearchAction","target":{"@type":"EntryPoint","urlTemplate":"https:\/\/accesolatino.org\/?s={search_term_string}"},"query-input":{"@type":"PropertyValueSpecification","valueRequired":true,"valueName":"search_term_string"}}],"inLanguage":"en-US"},{"@type":"Organization","@id":"https:\/\/accesolatino.org\/#organization","name":"Acceso Latino | Fundaci\u00f3n Carlos Slim","url":"https:\/\/accesolatino.org\/","logo":{"@type":"ImageObject","inLanguage":"en-US","@id":"https:\/\/accesolatino.org\/#\/schema\/logo\/image\/","url":"https:\/\/accesolatino.org\/wp-content\/uploads\/2021\/02\/logo-footer-acceso-latino.png","contentUrl":"https:\/\/accesolatino.org\/wp-content\/uploads\/2021\/02\/logo-footer-acceso-latino.png","width":240,"height":40,"caption":"Acceso Latino | Fundaci\u00f3n Carlos Slim"},"image":{"@id":"https:\/\/accesolatino.org\/#\/schema\/logo\/image\/"},"sameAs":["https:\/\/www.facebook.com\/AccesoLatinoOrg","https:\/\/x.com\/FAccLatino"]}]}},"_links":{"self":[{"href":"https:\/\/accesolatino.org\/en\/wp-json\/wp\/v2\/pages\/16074","targetHints":{"allow":["GET"]}}],"collection":[{"href":"https:\/\/accesolatino.org\/en\/wp-json\/wp\/v2\/pages"}],"about":[{"href":"https:\/\/accesolatino.org\/en\/wp-json\/wp\/v2\/types\/page"}],"author":[{"embeddable":true,"href":"https:\/\/accesolatino.org\/en\/wp-json\/wp\/v2\/users\/7"}],"replies":[{"embeddable":true,"href":"https:\/\/accesolatino.org\/en\/wp-json\/wp\/v2\/comments?post=16074"}],"version-history":[{"count":1,"href":"https:\/\/accesolatino.org\/en\/wp-json\/wp\/v2\/pages\/16074\/revisions"}],"predecessor-version":[{"id":64218,"href":"https:\/\/accesolatino.org\/en\/wp-json\/wp\/v2\/pages\/16074\/revisions\/64218"}],"wp:featuredmedia":[{"embeddable":true,"href":"https:\/\/accesolatino.org\/en\/wp-json\/wp\/v2\/media\/16075"}],"wp:attachment":[{"href":"https:\/\/accesolatino.org\/en\/wp-json\/wp\/v2\/media?parent=16074"}],"curies":[{"name":"wp","href":"https:\/\/api.w.org\/{rel}","templated":true}]}}