{"id":16070,"date":"2018-12-20T11:55:44","date_gmt":"2018-12-20T17:55:44","guid":{"rendered":"https:\/\/accesolatino.org\/?page_id=16070"},"modified":"2025-10-16T14:05:23","modified_gmt":"2025-10-16T20:05:23","slug":"aprende-economia-y-finanzas-de-manera-facil-y-gratis-con-khan-academy","status":"publish","type":"page","link":"https:\/\/accesolatino.org\/en\/aprende-economia-y-finanzas-de-manera-facil-y-gratis-con-khan-academy\/","title":{"rendered":"Learn economics and finance easily and for free with Khan Academy"},"content":{"rendered":"<div data-elementor-type=\"wp-post\" data-elementor-id=\"16070\" class=\"elementor elementor-16070\">\n\t\t\t\t\t\t<section class=\"elementor-section elementor-top-section elementor-element elementor-element-5ddc0c5 elementor-section-full_width elementor-section-height-min-height elementor-section-items-stretch elementor-section-height-default wpr-particle-no wpr-jarallax-no wpr-parallax-no wpr-sticky-section-no wpr-equal-height-no\" data-id=\"5ddc0c5\" data-element_type=\"section\" data-e-type=\"section\" data-settings=\"{&quot;background_background&quot;:&quot;classic&quot;}\">\n\t\t\t\t\t\t<div class=\"elementor-container elementor-column-gap-no\">\n\t\t\t\t\t<div class=\"elementor-column elementor-col-100 elementor-top-column elementor-element elementor-element-31f72f6\" data-id=\"31f72f6\" data-element_type=\"column\" data-e-type=\"column\">\n\t\t\t<div class=\"elementor-widget-wrap elementor-element-populated\">\n\t\t\t\t\t\t<div class=\"elementor-element elementor-element-010e18d elementor--h-position-center elementor--v-position-middle elementor-widget elementor-widget-slides\" data-id=\"010e18d\" data-element_type=\"widget\" data-e-type=\"widget\" data-settings=\"{&quot;navigation&quot;:&quot;none&quot;,&quot;infinite&quot;:&quot;yes&quot;,&quot;transition&quot;:&quot;slide&quot;,&quot;transition_speed&quot;:500}\" data-widget_type=\"slides.default\">\n\t\t\t\t<div class=\"elementor-widget-container\">\n\t\t\t\t\t\t\t<div class=\"elementor-swiper\">\n\t\t\t<div class=\"elementor-slides-wrapper elementor-main-swiper swiper-container\" dir=\"ltr\" data-animation=\"\">\n\t\t\t\t<div class=\"swiper-wrapper elementor-slides\">\n\t\t\t\t\t\t\t\t\t\t<div class=\"elementor-repeater-item-d983a28 swiper-slide\"><div class=\"swiper-slide-bg\"><\/div><div class=\"swiper-slide-inner\" ><div class=\"swiper-slide-contents\"><div class=\"elementor-slide-heading\">Education<\/div><\/div><\/div><\/div>\t\t\t\t<\/div>\n\t\t\t\t\t\t\t<\/div>\n\t\t<\/div>\n\t\t\t\t\t\t<\/div>\n\t\t\t\t<\/div>\n\t\t\t\t\t<\/div>\n\t\t<\/div>\n\t\t\t\t\t<\/div>\n\t\t<\/section>\n\t\t\t\t<section class=\"elementor-section elementor-top-section elementor-element elementor-element-3908d5f elementor-section-stretched elementor-section-boxed elementor-section-height-default elementor-section-height-default wpr-particle-no wpr-jarallax-no wpr-parallax-no wpr-sticky-section-no wpr-equal-height-no\" data-id=\"3908d5f\" data-element_type=\"section\" data-e-type=\"section\" data-settings=\"{&quot;stretch_section&quot;:&quot;section-stretched&quot;,&quot;background_background&quot;:&quot;classic&quot;}\">\n\t\t\t\t\t\t<div class=\"elementor-container elementor-column-gap-default\">\n\t\t\t\t\t<div class=\"elementor-column elementor-col-100 elementor-top-column elementor-element elementor-element-eb7124b\" data-id=\"eb7124b\" data-element_type=\"column\" data-e-type=\"column\">\n\t\t\t<div class=\"elementor-widget-wrap elementor-element-populated\">\n\t\t\t\t\t\t<div class=\"elementor-element elementor-element-32cbcfc elementor-widget elementor-widget-heading\" data-id=\"32cbcfc\" data-element_type=\"widget\" data-e-type=\"widget\" data-widget_type=\"heading.default\">\n\t\t\t\t<div class=\"elementor-widget-container\">\n\t\t\t\t\t<h3 class=\"elementor-heading-title elementor-size-default\">Learn economics and finance easily and for free with Khan Academy<\/h3>\t\t\t\t<\/div>\n\t\t\t\t<\/div>\n\t\t\t\t<div class=\"elementor-element elementor-element-2b06b3e elementor-widget elementor-widget-text-editor\" data-id=\"2b06b3e\" data-element_type=\"widget\" data-e-type=\"widget\" data-widget_type=\"text-editor.default\">\n\t\t\t\t<div class=\"elementor-widget-container\">\n\t\t\t\t\t\t\t\t\t<p>Contar con estudios que respalden tus habilidades, adquirir nuevos conocimientos y contar con capacitaci\u00f3n continua, te abre las posibilidades a encontrar un trabajo con mayores expectativas econ\u00f3micas.<\/p><p>No pierdas m\u00e1s tiempo y no dejes de escapar la posibilidad de adquirir nuevos conocimientos que incrementen tus habilidades, y haz uso de las herramientas en l\u00ednea que brindan facilidades como estudiar a tu ritmo y horario posible.<\/p><p>Solo tienes que ingresar a nuestra tarjeta de <a href=\"https:\/\/accesolatino.org\/en\/educacion\/cursos-en-linea\/\"><strong>\u201cCursos gratis en l\u00ednea\u201d<\/strong><\/a> en la secci\u00f3n <a href=\"https:\/\/accesolatino.org\/en\/educacion\/\"><strong>\u201cEducaci\u00f3n\u201d<\/strong><\/a>\u00a0 y podr\u00e1s acceder a cursos de las universidades m\u00e1s reconocidas en el mundo.<\/p><p>Dentro de <a href=\"https:\/\/accesolatino.org\/en\/educacion\/cursos-en-linea\/\"><strong>\u201cCursos gratis online\u201d<\/strong><\/a> encontrar\u00e1s la herramienta de <strong>\u201cKhan Academy\u201d<\/strong> donde podr\u00e1s aprender distintas asignaturas: matem\u00e1ticas, ciencias, econom\u00eda entre otras.<\/p>\t\t\t\t\t\t\t\t<\/div>\n\t\t\t\t<\/div>\n\t\t\t\t<div class=\"elementor-element elementor-element-ab22b76 elementor-widget elementor-widget-spacer\" data-id=\"ab22b76\" data-element_type=\"widget\" data-e-type=\"widget\" data-widget_type=\"spacer.default\">\n\t\t\t\t<div class=\"elementor-widget-container\">\n\t\t\t\t\t\t\t<div class=\"elementor-spacer\">\n\t\t\t<div class=\"elementor-spacer-inner\"><\/div>\n\t\t<\/div>\n\t\t\t\t\t\t<\/div>\n\t\t\t\t<\/div>\n\t\t\t\t\t<\/div>\n\t\t<\/div>\n\t\t\t\t\t<\/div>\n\t\t<\/section>\n\t\t\t\t<\/div>","protected":false},"excerpt":{"rendered":"<p>Educaci\u00f3n Aprende econom\u00eda y finanzas de manera f\u00e1cil y gratis con Khan Academy Contar con estudios que respalden tus habilidades, adquirir nuevos conocimientos y contar con capacitaci\u00f3n continua, te abre las posibilidades a encontrar un trabajo con mayores expectativas econ\u00f3micas. No pierdas m\u00e1s tiempo y no dejes de escapar la posibilidad de adquirir nuevos conocimientos que incrementen tus habilidades, y haz uso de las herramientas en l\u00ednea que brindan facilidades como estudiar a tu ritmo y horario posible. Solo tienes que ingresar a nuestra tarjeta de \u201cCursos gratis en l\u00ednea\u201d en la secci\u00f3n \u201cEducaci\u00f3n\u201d\u00a0 y podr\u00e1s acceder a cursos de las universidades m\u00e1s reconocidas en el mundo. Dentro de \u201cCursos gratis online\u201d encontrar\u00e1s la herramienta de \u201cKhan Academy\u201d donde podr\u00e1s aprender distintas asignaturas: matem\u00e1ticas, ciencias, econom\u00eda entre otras.<\/p>","protected":false},"author":7,"featured_media":16071,"parent":0,"menu_order":0,"comment_status":"closed","ping_status":"closed","template":"elementor_header_footer","meta":{"_uf_show_specific_survey":0,"_uf_disable_surveys":false,"footnotes":""},"class_list":["post-16070","page","type-page","status-publish","has-post-thumbnail"],"aioseo_notices":[],"yoast_head":"<!-- This site is optimized with the Yoast SEO plugin v27.4 - https:\/\/yoast.com\/product\/yoast-seo-wordpress\/ -->\n<title>Aprende econom\u00eda y finanzas de manera f\u00e1cil y gratis con Khan Academy<\/title>\n<meta name=\"description\" content=\"Conoce todas las aplicaciones que te pueden ser de ayuda en todos los procesos de migraci\u00f3n legal - Acceso Latino\" \/>\n<meta name=\"robots\" content=\"index, follow, max-snippet:-1, max-image-preview:large, max-video-preview:-1\" \/>\n<link rel=\"canonical\" href=\"https:\/\/accesolatino.org\/en\/aprende-economia-y-finanzas-de-manera-facil-y-gratis-con-khan-academy\/\" \/>\n<meta property=\"og:locale\" content=\"en_US\" \/>\n<meta property=\"og:type\" content=\"article\" \/>\n<meta property=\"og:title\" content=\"Acceso Latino | Aprende econom\u00eda y finanzas de manera f\u00e1cil y gratis con Khan Academy\" \/>\n<meta property=\"og:description\" content=\"Conoce las aplicaciones que te pueden ser de ayuda en otros pa\u00edses.\" \/>\n<meta property=\"og:url\" content=\"https:\/\/accesolatino.org\/en\/aprende-economia-y-finanzas-de-manera-facil-y-gratis-con-khan-academy\/\" \/>\n<meta property=\"og:site_name\" content=\"Acceso Latino\" \/>\n<meta property=\"article:publisher\" content=\"https:\/\/www.facebook.com\/AccesoLatinoOrg\" \/>\n<meta property=\"article:modified_time\" content=\"2025-10-16T20:05:23+00:00\" \/>\n<meta property=\"og:image\" content=\"https:\/\/accesolatino.org\/wp-content\/uploads\/2018\/12\/Aprende-economia-y-finanzas-de-manera-facil-y-gratis-con-Khan-Academy.jpg\" \/>\n\t<meta property=\"og:image:width\" content=\"600\" \/>\n\t<meta property=\"og:image:height\" content=\"338\" \/>\n\t<meta property=\"og:image:type\" content=\"image\/jpeg\" \/>\n<meta name=\"twitter:card\" content=\"summary_large_image\" \/>\n<meta name=\"twitter:title\" content=\"Acceso Latino | Aprende econom\u00eda y finanzas de manera f\u00e1cil y gratis con Khan Academy\" \/>\n<meta name=\"twitter:description\" content=\"Conoce las aplicaciones que te pueden ser de ayuda en otros pa\u00edses.\" \/>\n<meta name=\"twitter:image\" content=\"https:\/\/accesolatino.org\/wp-content\/uploads\/2018\/12\/Aprende-economia-y-finanzas-de-manera-facil-y-gratis-con-Khan-Academy.jpg\" \/>\n<meta name=\"twitter:site\" content=\"@FAccLatino\" \/>\n<meta name=\"twitter:label1\" content=\"Est. reading time\" \/>\n\t<meta name=\"twitter:data1\" content=\"1 minute\" \/>\n<script type=\"application\/ld+json\" class=\"yoast-schema-graph\">{\"@context\":\"https:\\\/\\\/schema.org\",\"@graph\":[{\"@type\":\"WebPage\",\"@id\":\"https:\\\/\\\/accesolatino.org\\\/aprende-economia-y-finanzas-de-manera-facil-y-gratis-con-khan-academy\\\/\",\"url\":\"https:\\\/\\\/accesolatino.org\\\/aprende-economia-y-finanzas-de-manera-facil-y-gratis-con-khan-academy\\\/\",\"name\":\"Aprende econom\u00eda y finanzas de manera f\u00e1cil y gratis con Khan Academy\",\"isPartOf\":{\"@id\":\"https:\\\/\\\/accesolatino.org\\\/#website\"},\"primaryImageOfPage\":{\"@id\":\"https:\\\/\\\/accesolatino.org\\\/aprende-economia-y-finanzas-de-manera-facil-y-gratis-con-khan-academy\\\/#primaryimage\"},\"image\":{\"@id\":\"https:\\\/\\\/accesolatino.org\\\/aprende-economia-y-finanzas-de-manera-facil-y-gratis-con-khan-academy\\\/#primaryimage\"},\"thumbnailUrl\":\"https:\\\/\\\/accesolatino.org\\\/wp-content\\\/uploads\\\/2018\\\/12\\\/Aprende-economia-y-finanzas-de-manera-facil-y-gratis-con-Khan-Academy.jpg\",\"datePublished\":\"2018-12-20T17:55:44+00:00\",\"dateModified\":\"2025-10-16T20:05:23+00:00\",\"description\":\"Conoce todas las aplicaciones que te pueden ser de ayuda en todos los procesos de migraci\u00f3n legal - Acceso Latino\",\"breadcrumb\":{\"@id\":\"https:\\\/\\\/accesolatino.org\\\/aprende-economia-y-finanzas-de-manera-facil-y-gratis-con-khan-academy\\\/#breadcrumb\"},\"inLanguage\":\"en-US\",\"potentialAction\":[{\"@type\":\"ReadAction\",\"target\":[\"https:\\\/\\\/accesolatino.org\\\/aprende-economia-y-finanzas-de-manera-facil-y-gratis-con-khan-academy\\\/\"]}]},{\"@type\":\"ImageObject\",\"inLanguage\":\"en-US\",\"@id\":\"https:\\\/\\\/accesolatino.org\\\/aprende-economia-y-finanzas-de-manera-facil-y-gratis-con-khan-academy\\\/#primaryimage\",\"url\":\"https:\\\/\\\/accesolatino.org\\\/wp-content\\\/uploads\\\/2018\\\/12\\\/Aprende-economia-y-finanzas-de-manera-facil-y-gratis-con-Khan-Academy.jpg\",\"contentUrl\":\"https:\\\/\\\/accesolatino.org\\\/wp-content\\\/uploads\\\/2018\\\/12\\\/Aprende-economia-y-finanzas-de-manera-facil-y-gratis-con-Khan-Academy.jpg\",\"width\":600,\"height\":338,\"caption\":\"Khan Academy\"},{\"@type\":\"BreadcrumbList\",\"@id\":\"https:\\\/\\\/accesolatino.org\\\/aprende-economia-y-finanzas-de-manera-facil-y-gratis-con-khan-academy\\\/#breadcrumb\",\"itemListElement\":[{\"@type\":\"ListItem\",\"position\":1,\"name\":\"Portada\",\"item\":\"https:\\\/\\\/accesolatino.org\\\/\"},{\"@type\":\"ListItem\",\"position\":2,\"name\":\"Aprende econom\u00eda y finanzas de manera f\u00e1cil y gratis con Khan Academy\"}]},{\"@type\":\"WebSite\",\"@id\":\"https:\\\/\\\/accesolatino.org\\\/#website\",\"url\":\"https:\\\/\\\/accesolatino.org\\\/\",\"name\":\"Acceso Latino | Fundaci\u00f3n Carlos Slim\",\"description\":\"Fundaci\u00f3n Carlos Slim\",\"publisher\":{\"@id\":\"https:\\\/\\\/accesolatino.org\\\/#organization\"},\"potentialAction\":[{\"@type\":\"SearchAction\",\"target\":{\"@type\":\"EntryPoint\",\"urlTemplate\":\"https:\\\/\\\/accesolatino.org\\\/?s={search_term_string}\"},\"query-input\":{\"@type\":\"PropertyValueSpecification\",\"valueRequired\":true,\"valueName\":\"search_term_string\"}}],\"inLanguage\":\"en-US\"},{\"@type\":\"Organization\",\"@id\":\"https:\\\/\\\/accesolatino.org\\\/#organization\",\"name\":\"Acceso Latino | Fundaci\u00f3n Carlos Slim\",\"url\":\"https:\\\/\\\/accesolatino.org\\\/\",\"logo\":{\"@type\":\"ImageObject\",\"inLanguage\":\"en-US\",\"@id\":\"https:\\\/\\\/accesolatino.org\\\/#\\\/schema\\\/logo\\\/image\\\/\",\"url\":\"https:\\\/\\\/accesolatino.org\\\/wp-content\\\/uploads\\\/2021\\\/02\\\/logo-footer-acceso-latino.png\",\"contentUrl\":\"https:\\\/\\\/accesolatino.org\\\/wp-content\\\/uploads\\\/2021\\\/02\\\/logo-footer-acceso-latino.png\",\"width\":240,\"height\":40,\"caption\":\"Acceso Latino | Fundaci\u00f3n Carlos Slim\"},\"image\":{\"@id\":\"https:\\\/\\\/accesolatino.org\\\/#\\\/schema\\\/logo\\\/image\\\/\"},\"sameAs\":[\"https:\\\/\\\/www.facebook.com\\\/AccesoLatinoOrg\",\"https:\\\/\\\/x.com\\\/FAccLatino\"]}]}<\/script>\n<!-- \/ Yoast SEO plugin. -->","yoast_head_json":{"title":"Learn economics and finance easily and for free with Khan Academy","description":"Conoce todas las aplicaciones que te pueden ser de ayuda en todos los procesos de migraci\u00f3n legal - Acceso Latino","robots":{"index":"index","follow":"follow","max-snippet":"max-snippet:-1","max-image-preview":"max-image-preview:large","max-video-preview":"max-video-preview:-1"},"canonical":"https:\/\/accesolatino.org\/en\/aprende-economia-y-finanzas-de-manera-facil-y-gratis-con-khan-academy\/","og_locale":"en_US","og_type":"article","og_title":"Acceso Latino | Aprende econom\u00eda y finanzas de manera f\u00e1cil y gratis con Khan Academy","og_description":"Conoce las aplicaciones que te pueden ser de ayuda en otros pa\u00edses.","og_url":"https:\/\/accesolatino.org\/en\/aprende-economia-y-finanzas-de-manera-facil-y-gratis-con-khan-academy\/","og_site_name":"Acceso Latino","article_publisher":"https:\/\/www.facebook.com\/AccesoLatinoOrg","article_modified_time":"2025-10-16T20:05:23+00:00","og_image":[{"width":600,"height":338,"url":"https:\/\/accesolatino.org\/wp-content\/uploads\/2018\/12\/Aprende-economia-y-finanzas-de-manera-facil-y-gratis-con-Khan-Academy.jpg","type":"image\/jpeg"}],"twitter_card":"summary_large_image","twitter_title":"Acceso Latino | Aprende econom\u00eda y finanzas de manera f\u00e1cil y gratis con Khan Academy","twitter_description":"Conoce las aplicaciones que te pueden ser de ayuda en otros pa\u00edses.","twitter_image":"https:\/\/accesolatino.org\/wp-content\/uploads\/2018\/12\/Aprende-economia-y-finanzas-de-manera-facil-y-gratis-con-Khan-Academy.jpg","twitter_site":"@FAccLatino","twitter_misc":{"Est. reading time":"1 minute"},"schema":{"@context":"https:\/\/schema.org","@graph":[{"@type":"WebPage","@id":"https:\/\/accesolatino.org\/aprende-economia-y-finanzas-de-manera-facil-y-gratis-con-khan-academy\/","url":"https:\/\/accesolatino.org\/aprende-economia-y-finanzas-de-manera-facil-y-gratis-con-khan-academy\/","name":"Learn economics and finance easily and for free with Khan Academy","isPartOf":{"@id":"https:\/\/accesolatino.org\/#website"},"primaryImageOfPage":{"@id":"https:\/\/accesolatino.org\/aprende-economia-y-finanzas-de-manera-facil-y-gratis-con-khan-academy\/#primaryimage"},"image":{"@id":"https:\/\/accesolatino.org\/aprende-economia-y-finanzas-de-manera-facil-y-gratis-con-khan-academy\/#primaryimage"},"thumbnailUrl":"https:\/\/accesolatino.org\/wp-content\/uploads\/2018\/12\/Aprende-economia-y-finanzas-de-manera-facil-y-gratis-con-Khan-Academy.jpg","datePublished":"2018-12-20T17:55:44+00:00","dateModified":"2025-10-16T20:05:23+00:00","description":"Conoce todas las aplicaciones que te pueden ser de ayuda en todos los procesos de migraci\u00f3n legal - Acceso Latino","breadcrumb":{"@id":"https:\/\/accesolatino.org\/aprende-economia-y-finanzas-de-manera-facil-y-gratis-con-khan-academy\/#breadcrumb"},"inLanguage":"en-US","potentialAction":[{"@type":"ReadAction","target":["https:\/\/accesolatino.org\/aprende-economia-y-finanzas-de-manera-facil-y-gratis-con-khan-academy\/"]}]},{"@type":"ImageObject","inLanguage":"en-US","@id":"https:\/\/accesolatino.org\/aprende-economia-y-finanzas-de-manera-facil-y-gratis-con-khan-academy\/#primaryimage","url":"https:\/\/accesolatino.org\/wp-content\/uploads\/2018\/12\/Aprende-economia-y-finanzas-de-manera-facil-y-gratis-con-Khan-Academy.jpg","contentUrl":"https:\/\/accesolatino.org\/wp-content\/uploads\/2018\/12\/Aprende-economia-y-finanzas-de-manera-facil-y-gratis-con-Khan-Academy.jpg","width":600,"height":338,"caption":"Khan Academy"},{"@type":"BreadcrumbList","@id":"https:\/\/accesolatino.org\/aprende-economia-y-finanzas-de-manera-facil-y-gratis-con-khan-academy\/#breadcrumb","itemListElement":[{"@type":"ListItem","position":1,"name":"Portada","item":"https:\/\/accesolatino.org\/"},{"@type":"ListItem","position":2,"name":"Aprende econom\u00eda y finanzas de manera f\u00e1cil y gratis con Khan Academy"}]},{"@type":"WebSite","@id":"https:\/\/accesolatino.org\/#website","url":"https:\/\/accesolatino.org\/","name":"Acceso Latino | Fundaci\u00f3n Carlos Slim","description":"Fundaci\u00f3n Carlos Slim","publisher":{"@id":"https:\/\/accesolatino.org\/#organization"},"potentialAction":[{"@type":"SearchAction","target":{"@type":"EntryPoint","urlTemplate":"https:\/\/accesolatino.org\/?s={search_term_string}"},"query-input":{"@type":"PropertyValueSpecification","valueRequired":true,"valueName":"search_term_string"}}],"inLanguage":"en-US"},{"@type":"Organization","@id":"https:\/\/accesolatino.org\/#organization","name":"Acceso Latino | Fundaci\u00f3n Carlos Slim","url":"https:\/\/accesolatino.org\/","logo":{"@type":"ImageObject","inLanguage":"en-US","@id":"https:\/\/accesolatino.org\/#\/schema\/logo\/image\/","url":"https:\/\/accesolatino.org\/wp-content\/uploads\/2021\/02\/logo-footer-acceso-latino.png","contentUrl":"https:\/\/accesolatino.org\/wp-content\/uploads\/2021\/02\/logo-footer-acceso-latino.png","width":240,"height":40,"caption":"Acceso Latino | Fundaci\u00f3n Carlos Slim"},"image":{"@id":"https:\/\/accesolatino.org\/#\/schema\/logo\/image\/"},"sameAs":["https:\/\/www.facebook.com\/AccesoLatinoOrg","https:\/\/x.com\/FAccLatino"]}]}},"_links":{"self":[{"href":"https:\/\/accesolatino.org\/en\/wp-json\/wp\/v2\/pages\/16070","targetHints":{"allow":["GET"]}}],"collection":[{"href":"https:\/\/accesolatino.org\/en\/wp-json\/wp\/v2\/pages"}],"about":[{"href":"https:\/\/accesolatino.org\/en\/wp-json\/wp\/v2\/types\/page"}],"author":[{"embeddable":true,"href":"https:\/\/accesolatino.org\/en\/wp-json\/wp\/v2\/users\/7"}],"replies":[{"embeddable":true,"href":"https:\/\/accesolatino.org\/en\/wp-json\/wp\/v2\/comments?post=16070"}],"version-history":[{"count":1,"href":"https:\/\/accesolatino.org\/en\/wp-json\/wp\/v2\/pages\/16070\/revisions"}],"predecessor-version":[{"id":64103,"href":"https:\/\/accesolatino.org\/en\/wp-json\/wp\/v2\/pages\/16070\/revisions\/64103"}],"wp:featuredmedia":[{"embeddable":true,"href":"https:\/\/accesolatino.org\/en\/wp-json\/wp\/v2\/media\/16071"}],"wp:attachment":[{"href":"https:\/\/accesolatino.org\/en\/wp-json\/wp\/v2\/media?parent=16070"}],"curies":[{"name":"wp","href":"https:\/\/api.w.org\/{rel}","templated":true}]}}