{"id":16049,"date":"2018-12-20T11:10:41","date_gmt":"2018-12-20T17:10:41","guid":{"rendered":"https:\/\/accesolatino.org\/?page_id=16049"},"modified":"2025-10-16T15:19:56","modified_gmt":"2025-10-16T21:19:56","slug":"apoyo-economico-del-gobierno-de-eu-para-terminar-tus-estudios","status":"publish","type":"page","link":"https:\/\/accesolatino.org\/en\/apoyo-economico-del-gobierno-de-eu-para-terminar-tus-estudios\/","title":{"rendered":"Apoyo econ\u00f3mico del gobierno de EU para terminar tus estudios"},"content":{"rendered":"<div data-elementor-type=\"wp-post\" data-elementor-id=\"16049\" class=\"elementor elementor-16049\">\n\t\t\t\t\t\t<section class=\"elementor-section elementor-top-section elementor-element elementor-element-596d485 elementor-section-full_width elementor-section-height-min-height elementor-section-items-stretch elementor-section-height-default wpr-particle-no wpr-jarallax-no wpr-parallax-no wpr-sticky-section-no wpr-column-slider-no wpr-equal-height-no\" data-id=\"596d485\" data-element_type=\"section\" data-e-type=\"section\" data-settings=\"{&quot;background_background&quot;:&quot;classic&quot;}\">\n\t\t\t\t\t\t<div class=\"elementor-container elementor-column-gap-no\">\n\t\t\t\t\t<div class=\"elementor-column elementor-col-100 elementor-top-column elementor-element elementor-element-d4c3c25\" data-id=\"d4c3c25\" data-element_type=\"column\" data-e-type=\"column\">\n\t\t\t<div class=\"elementor-widget-wrap elementor-element-populated\">\n\t\t\t\t\t\t<div class=\"elementor-element elementor-element-66cfd7d elementor--h-position-center elementor--v-position-middle elementor-widget elementor-widget-slides\" data-id=\"66cfd7d\" data-element_type=\"widget\" data-e-type=\"widget\" data-settings=\"{&quot;navigation&quot;:&quot;none&quot;,&quot;infinite&quot;:&quot;yes&quot;,&quot;transition&quot;:&quot;slide&quot;,&quot;transition_speed&quot;:500}\" data-widget_type=\"slides.default\">\n\t\t\t\t<div class=\"elementor-widget-container\">\n\t\t\t\t\t\t\t<div class=\"elementor-swiper\">\n\t\t\t<div class=\"elementor-slides-wrapper elementor-main-swiper swiper-container\" dir=\"ltr\" data-animation=\"\">\n\t\t\t\t<div class=\"swiper-wrapper elementor-slides\">\n\t\t\t\t\t\t\t\t\t\t<div class=\"elementor-repeater-item-d983a28 swiper-slide\"><div class=\"swiper-slide-bg\"><\/div><div class=\"swiper-slide-inner\" ><div class=\"swiper-slide-contents\"><div class=\"elementor-slide-heading\">Education<\/div><\/div><\/div><\/div>\t\t\t\t<\/div>\n\t\t\t\t\t\t\t<\/div>\n\t\t<\/div>\n\t\t\t\t\t\t<\/div>\n\t\t\t\t<\/div>\n\t\t\t\t\t<\/div>\n\t\t<\/div>\n\t\t\t\t\t<\/div>\n\t\t<\/section>\n\t\t\t\t<section class=\"elementor-section elementor-top-section elementor-element elementor-element-ad2428d elementor-section-stretched elementor-section-boxed elementor-section-height-default elementor-section-height-default wpr-particle-no wpr-jarallax-no wpr-parallax-no wpr-sticky-section-no wpr-column-slider-no wpr-equal-height-no\" data-id=\"ad2428d\" data-element_type=\"section\" data-e-type=\"section\" data-settings=\"{&quot;stretch_section&quot;:&quot;section-stretched&quot;,&quot;background_background&quot;:&quot;classic&quot;}\">\n\t\t\t\t\t\t<div class=\"elementor-container elementor-column-gap-default\">\n\t\t\t\t\t<div class=\"elementor-column elementor-col-100 elementor-top-column elementor-element elementor-element-85b97d1\" data-id=\"85b97d1\" data-element_type=\"column\" data-e-type=\"column\">\n\t\t\t<div class=\"elementor-widget-wrap elementor-element-populated\">\n\t\t\t\t\t\t<div class=\"elementor-element elementor-element-a241ed1 elementor-widget elementor-widget-heading\" data-id=\"a241ed1\" data-element_type=\"widget\" data-e-type=\"widget\" data-widget_type=\"heading.default\">\n\t\t\t\t<div class=\"elementor-widget-container\">\n\t\t\t\t\t<h3 class=\"elementor-heading-title elementor-size-default\">Financial support from the U.S. government to complete your studies<\/h3>\t\t\t\t<\/div>\n\t\t\t\t<\/div>\n\t\t\t\t<div class=\"elementor-element elementor-element-8780e94 elementor-widget elementor-widget-text-editor\" data-id=\"8780e94\" data-element_type=\"widget\" data-e-type=\"widget\" data-widget_type=\"text-editor.default\">\n\t\t\t\t<div class=\"elementor-widget-container\">\n\t\t\t\t\t\t\t\t\t<p>Como estudiante latinoamericano en Estados Unidos puedes obtener apoyo econ\u00f3mico del gobierno federal y continuar con tus estudios a trav\u00e9s del programa <strong>Ayuda Federal para Estudiantes<\/strong>, m\u00e1s conocido como <strong>FAFSA<\/strong>.<\/p><p>In our <a href=\"https:\/\/accesolatino.org\/en\/educacion\/\"><strong>\u201cEducaci\u00f3n\u201d<\/strong><\/a> encontrar\u00e1s la tarjeta de <strong>Ayuda financiera del gobierno estadounidense para estudiantes (FAFSA),<\/strong> con toda la informaci\u00f3n necesaria para que conozcas el proceso y lo necesario para calificar en \u00e9l.<\/p><p>Encontrar ayuda econ\u00f3mica para estudiar en la universidad u otro instituto profesional puede parecer un reto insuperable para los migrantes, por eso el gobierno cre\u00f3 este programa, para ayudarte a conseguir el dinero que necesitas para pagar tu educaci\u00f3n.<\/p><p>In<strong> Acceso Latino tu primera ventana de consulta migratoria,<\/strong> encontrar\u00e1s herramientas que te ayudar\u00e1n en cualquier situaci\u00f3n en la que te encuentres y adem\u00e1s te ofrece cursos educativos sin costo para cualquier nivel en el que te encuentres.<\/p>\t\t\t\t\t\t\t\t<\/div>\n\t\t\t\t<\/div>\n\t\t\t\t<div class=\"elementor-element elementor-element-6cd8a89 elementor-widget elementor-widget-spacer\" data-id=\"6cd8a89\" data-element_type=\"widget\" data-e-type=\"widget\" data-widget_type=\"spacer.default\">\n\t\t\t\t<div class=\"elementor-widget-container\">\n\t\t\t\t\t\t\t<div class=\"elementor-spacer\">\n\t\t\t<div class=\"elementor-spacer-inner\"><\/div>\n\t\t<\/div>\n\t\t\t\t\t\t<\/div>\n\t\t\t\t<\/div>\n\t\t\t\t\t<\/div>\n\t\t<\/div>\n\t\t\t\t\t<\/div>\n\t\t<\/section>\n\t\t\t\t<\/div>","protected":false},"excerpt":{"rendered":"<p>Educaci\u00f3n Apoyo econ\u00f3mico del gobierno de los EUA para terminar tus estudios Como estudiante latinoamericano en Estados Unidos puedes obtener apoyo econ\u00f3mico del gobierno federal y continuar con tus estudios a trav\u00e9s del programa Ayuda Federal para Estudiantes, m\u00e1s conocido como FAFSA. En nuestra secci\u00f3n de \u201cEducaci\u00f3n\u201d encontrar\u00e1s la tarjeta de Ayuda financiera del gobierno estadounidense para estudiantes (FAFSA), con toda la informaci\u00f3n necesaria para que conozcas el proceso y lo necesario para calificar en \u00e9l. Encontrar ayuda econ\u00f3mica para estudiar en la universidad u otro instituto profesional puede parecer un reto insuperable para los migrantes, por eso el gobierno cre\u00f3 este programa, para ayudarte a conseguir el dinero que necesitas para pagar tu educaci\u00f3n. En Acceso Latino tu primera ventana de consulta migratoria, encontrar\u00e1s herramientas que te ayudar\u00e1n en cualquier situaci\u00f3n en la que te encuentres y adem\u00e1s te ofrece cursos educativos sin costo para cualquier nivel en el que te encuentres.<\/p>","protected":false},"author":7,"featured_media":16050,"parent":0,"menu_order":0,"comment_status":"closed","ping_status":"closed","template":"elementor_header_footer","meta":{"_uf_show_specific_survey":0,"_uf_disable_surveys":false,"footnotes":""},"class_list":["post-16049","page","type-page","status-publish","has-post-thumbnail"],"aioseo_notices":[],"yoast_head":"<!-- This site is optimized with the Yoast SEO plugin v27.6 - https:\/\/yoast.com\/product\/yoast-seo-wordpress\/ -->\n<title>Apoyo econ\u00f3mico del gobierno de los EUA para terminar tus estudios<\/title>\n<meta name=\"description\" content=\"Conoce todas las aplicaciones que te pueden ser de ayuda en todos los procesos de migraci\u00f3n legal - Acceso Latino\" \/>\n<meta name=\"robots\" content=\"index, follow, max-snippet:-1, max-image-preview:large, max-video-preview:-1\" \/>\n<link rel=\"canonical\" href=\"https:\/\/accesolatino.org\/en\/apoyo-economico-del-gobierno-de-eu-para-terminar-tus-estudios\/\" \/>\n<meta property=\"og:locale\" content=\"en_US\" \/>\n<meta property=\"og:type\" content=\"article\" \/>\n<meta property=\"og:title\" content=\"Acceso Latino | Apoyo econ\u00f3mico del gobierno de EU para terminar tus estudios\" \/>\n<meta property=\"og:description\" content=\"Conoce las aplicaciones que te pueden ser de ayuda en otros pa\u00edses.\" \/>\n<meta property=\"og:url\" content=\"https:\/\/accesolatino.org\/en\/apoyo-economico-del-gobierno-de-eu-para-terminar-tus-estudios\/\" \/>\n<meta property=\"og:site_name\" content=\"Acceso Latino\" \/>\n<meta property=\"article:publisher\" content=\"https:\/\/www.facebook.com\/AccesoLatinoOrg\" \/>\n<meta property=\"article:modified_time\" content=\"2025-10-16T21:19:56+00:00\" \/>\n<meta property=\"og:image\" content=\"https:\/\/accesolatino.org\/wp-content\/uploads\/2018\/12\/Apoyo-economico-del-gobierno-de-los-EUA-para-terminar-tus-estudios.jpg\" \/>\n\t<meta property=\"og:image:width\" content=\"600\" \/>\n\t<meta property=\"og:image:height\" content=\"338\" \/>\n\t<meta property=\"og:image:type\" content=\"image\/jpeg\" \/>\n<meta name=\"twitter:card\" content=\"summary_large_image\" \/>\n<meta name=\"twitter:title\" content=\"Acceso Latino | Apoyo econ\u00f3mico del gobierno de EU para terminar tus estudios\" \/>\n<meta name=\"twitter:description\" content=\"Conoce las aplicaciones que te pueden ser de ayuda en otros pa\u00edses.\" \/>\n<meta name=\"twitter:image\" content=\"https:\/\/accesolatino.org\/wp-content\/uploads\/2018\/12\/Apoyo-economico-del-gobierno-de-los-EUA-para-terminar-tus-estudios.jpg\" \/>\n<meta name=\"twitter:site\" content=\"@FAccLatino\" \/>\n<meta name=\"twitter:label1\" content=\"Est. reading time\" \/>\n\t<meta name=\"twitter:data1\" content=\"1 minute\" \/>\n<script type=\"application\/ld+json\" class=\"yoast-schema-graph\">{\"@context\":\"https:\\\/\\\/schema.org\",\"@graph\":[{\"@type\":\"WebPage\",\"@id\":\"https:\\\/\\\/accesolatino.org\\\/apoyo-economico-del-gobierno-de-eu-para-terminar-tus-estudios\\\/\",\"url\":\"https:\\\/\\\/accesolatino.org\\\/apoyo-economico-del-gobierno-de-eu-para-terminar-tus-estudios\\\/\",\"name\":\"Apoyo econ\u00f3mico del gobierno de los EUA para terminar tus estudios\",\"isPartOf\":{\"@id\":\"https:\\\/\\\/accesolatino.org\\\/#website\"},\"primaryImageOfPage\":{\"@id\":\"https:\\\/\\\/accesolatino.org\\\/apoyo-economico-del-gobierno-de-eu-para-terminar-tus-estudios\\\/#primaryimage\"},\"image\":{\"@id\":\"https:\\\/\\\/accesolatino.org\\\/apoyo-economico-del-gobierno-de-eu-para-terminar-tus-estudios\\\/#primaryimage\"},\"thumbnailUrl\":\"https:\\\/\\\/accesolatino.org\\\/wp-content\\\/uploads\\\/2018\\\/12\\\/Apoyo-economico-del-gobierno-de-los-EUA-para-terminar-tus-estudios.jpg\",\"datePublished\":\"2018-12-20T17:10:41+00:00\",\"dateModified\":\"2025-10-16T21:19:56+00:00\",\"description\":\"Conoce todas las aplicaciones que te pueden ser de ayuda en todos los procesos de migraci\u00f3n legal - Acceso Latino\",\"breadcrumb\":{\"@id\":\"https:\\\/\\\/accesolatino.org\\\/apoyo-economico-del-gobierno-de-eu-para-terminar-tus-estudios\\\/#breadcrumb\"},\"inLanguage\":\"en-US\",\"potentialAction\":[{\"@type\":\"ReadAction\",\"target\":[\"https:\\\/\\\/accesolatino.org\\\/apoyo-economico-del-gobierno-de-eu-para-terminar-tus-estudios\\\/\"]}]},{\"@type\":\"ImageObject\",\"inLanguage\":\"en-US\",\"@id\":\"https:\\\/\\\/accesolatino.org\\\/apoyo-economico-del-gobierno-de-eu-para-terminar-tus-estudios\\\/#primaryimage\",\"url\":\"https:\\\/\\\/accesolatino.org\\\/wp-content\\\/uploads\\\/2018\\\/12\\\/Apoyo-economico-del-gobierno-de-los-EUA-para-terminar-tus-estudios.jpg\",\"contentUrl\":\"https:\\\/\\\/accesolatino.org\\\/wp-content\\\/uploads\\\/2018\\\/12\\\/Apoyo-economico-del-gobierno-de-los-EUA-para-terminar-tus-estudios.jpg\",\"width\":600,\"height\":338,\"caption\":\"apoyo econ\u00f3mico\"},{\"@type\":\"BreadcrumbList\",\"@id\":\"https:\\\/\\\/accesolatino.org\\\/apoyo-economico-del-gobierno-de-eu-para-terminar-tus-estudios\\\/#breadcrumb\",\"itemListElement\":[{\"@type\":\"ListItem\",\"position\":1,\"name\":\"Portada\",\"item\":\"https:\\\/\\\/accesolatino.org\\\/\"},{\"@type\":\"ListItem\",\"position\":2,\"name\":\"Apoyo econ\u00f3mico del gobierno de EU para terminar tus estudios\"}]},{\"@type\":\"WebSite\",\"@id\":\"https:\\\/\\\/accesolatino.org\\\/#website\",\"url\":\"https:\\\/\\\/accesolatino.org\\\/\",\"name\":\"Acceso Latino | Fundaci\u00f3n Carlos Slim\",\"description\":\"Fundaci\u00f3n Carlos Slim\",\"publisher\":{\"@id\":\"https:\\\/\\\/accesolatino.org\\\/#organization\"},\"potentialAction\":[{\"@type\":\"SearchAction\",\"target\":{\"@type\":\"EntryPoint\",\"urlTemplate\":\"https:\\\/\\\/accesolatino.org\\\/?s={search_term_string}\"},\"query-input\":{\"@type\":\"PropertyValueSpecification\",\"valueRequired\":true,\"valueName\":\"search_term_string\"}}],\"inLanguage\":\"en-US\"},{\"@type\":\"Organization\",\"@id\":\"https:\\\/\\\/accesolatino.org\\\/#organization\",\"name\":\"Acceso Latino | Fundaci\u00f3n Carlos Slim\",\"url\":\"https:\\\/\\\/accesolatino.org\\\/\",\"logo\":{\"@type\":\"ImageObject\",\"inLanguage\":\"en-US\",\"@id\":\"https:\\\/\\\/accesolatino.org\\\/#\\\/schema\\\/logo\\\/image\\\/\",\"url\":\"https:\\\/\\\/accesolatino.org\\\/wp-content\\\/uploads\\\/2021\\\/02\\\/logo-footer-acceso-latino.png\",\"contentUrl\":\"https:\\\/\\\/accesolatino.org\\\/wp-content\\\/uploads\\\/2021\\\/02\\\/logo-footer-acceso-latino.png\",\"width\":240,\"height\":40,\"caption\":\"Acceso Latino | Fundaci\u00f3n Carlos Slim\"},\"image\":{\"@id\":\"https:\\\/\\\/accesolatino.org\\\/#\\\/schema\\\/logo\\\/image\\\/\"},\"sameAs\":[\"https:\\\/\\\/www.facebook.com\\\/AccesoLatinoOrg\",\"https:\\\/\\\/x.com\\\/FAccLatino\"]}]}<\/script>\n<!-- \/ Yoast SEO plugin. -->","yoast_head_json":{"title":"Financial support from the U.S. government to complete your studies","description":"Conoce todas las aplicaciones que te pueden ser de ayuda en todos los procesos de migraci\u00f3n legal - Acceso Latino","robots":{"index":"index","follow":"follow","max-snippet":"max-snippet:-1","max-image-preview":"max-image-preview:large","max-video-preview":"max-video-preview:-1"},"canonical":"https:\/\/accesolatino.org\/en\/apoyo-economico-del-gobierno-de-eu-para-terminar-tus-estudios\/","og_locale":"en_US","og_type":"article","og_title":"Acceso Latino | Apoyo econ\u00f3mico del gobierno de EU para terminar tus estudios","og_description":"Conoce las aplicaciones que te pueden ser de ayuda en otros pa\u00edses.","og_url":"https:\/\/accesolatino.org\/en\/apoyo-economico-del-gobierno-de-eu-para-terminar-tus-estudios\/","og_site_name":"Acceso Latino","article_publisher":"https:\/\/www.facebook.com\/AccesoLatinoOrg","article_modified_time":"2025-10-16T21:19:56+00:00","og_image":[{"width":600,"height":338,"url":"https:\/\/accesolatino.org\/wp-content\/uploads\/2018\/12\/Apoyo-economico-del-gobierno-de-los-EUA-para-terminar-tus-estudios.jpg","type":"image\/jpeg"}],"twitter_card":"summary_large_image","twitter_title":"Acceso Latino | Apoyo econ\u00f3mico del gobierno de EU para terminar tus estudios","twitter_description":"Conoce las aplicaciones que te pueden ser de ayuda en otros pa\u00edses.","twitter_image":"https:\/\/accesolatino.org\/wp-content\/uploads\/2018\/12\/Apoyo-economico-del-gobierno-de-los-EUA-para-terminar-tus-estudios.jpg","twitter_site":"@FAccLatino","twitter_misc":{"Est. reading time":"1 minute"},"schema":{"@context":"https:\/\/schema.org","@graph":[{"@type":"WebPage","@id":"https:\/\/accesolatino.org\/apoyo-economico-del-gobierno-de-eu-para-terminar-tus-estudios\/","url":"https:\/\/accesolatino.org\/apoyo-economico-del-gobierno-de-eu-para-terminar-tus-estudios\/","name":"Financial support from the U.S. government to complete your studies","isPartOf":{"@id":"https:\/\/accesolatino.org\/#website"},"primaryImageOfPage":{"@id":"https:\/\/accesolatino.org\/apoyo-economico-del-gobierno-de-eu-para-terminar-tus-estudios\/#primaryimage"},"image":{"@id":"https:\/\/accesolatino.org\/apoyo-economico-del-gobierno-de-eu-para-terminar-tus-estudios\/#primaryimage"},"thumbnailUrl":"https:\/\/accesolatino.org\/wp-content\/uploads\/2018\/12\/Apoyo-economico-del-gobierno-de-los-EUA-para-terminar-tus-estudios.jpg","datePublished":"2018-12-20T17:10:41+00:00","dateModified":"2025-10-16T21:19:56+00:00","description":"Conoce todas las aplicaciones que te pueden ser de ayuda en todos los procesos de migraci\u00f3n legal - Acceso Latino","breadcrumb":{"@id":"https:\/\/accesolatino.org\/apoyo-economico-del-gobierno-de-eu-para-terminar-tus-estudios\/#breadcrumb"},"inLanguage":"en-US","potentialAction":[{"@type":"ReadAction","target":["https:\/\/accesolatino.org\/apoyo-economico-del-gobierno-de-eu-para-terminar-tus-estudios\/"]}]},{"@type":"ImageObject","inLanguage":"en-US","@id":"https:\/\/accesolatino.org\/apoyo-economico-del-gobierno-de-eu-para-terminar-tus-estudios\/#primaryimage","url":"https:\/\/accesolatino.org\/wp-content\/uploads\/2018\/12\/Apoyo-economico-del-gobierno-de-los-EUA-para-terminar-tus-estudios.jpg","contentUrl":"https:\/\/accesolatino.org\/wp-content\/uploads\/2018\/12\/Apoyo-economico-del-gobierno-de-los-EUA-para-terminar-tus-estudios.jpg","width":600,"height":338,"caption":"apoyo econ\u00f3mico"},{"@type":"BreadcrumbList","@id":"https:\/\/accesolatino.org\/apoyo-economico-del-gobierno-de-eu-para-terminar-tus-estudios\/#breadcrumb","itemListElement":[{"@type":"ListItem","position":1,"name":"Portada","item":"https:\/\/accesolatino.org\/"},{"@type":"ListItem","position":2,"name":"Apoyo econ\u00f3mico del gobierno de EU para terminar tus estudios"}]},{"@type":"WebSite","@id":"https:\/\/accesolatino.org\/#website","url":"https:\/\/accesolatino.org\/","name":"Acceso Latino | Fundaci\u00f3n Carlos Slim","description":"Fundaci\u00f3n Carlos Slim","publisher":{"@id":"https:\/\/accesolatino.org\/#organization"},"potentialAction":[{"@type":"SearchAction","target":{"@type":"EntryPoint","urlTemplate":"https:\/\/accesolatino.org\/?s={search_term_string}"},"query-input":{"@type":"PropertyValueSpecification","valueRequired":true,"valueName":"search_term_string"}}],"inLanguage":"en-US"},{"@type":"Organization","@id":"https:\/\/accesolatino.org\/#organization","name":"Acceso Latino | Fundaci\u00f3n Carlos Slim","url":"https:\/\/accesolatino.org\/","logo":{"@type":"ImageObject","inLanguage":"en-US","@id":"https:\/\/accesolatino.org\/#\/schema\/logo\/image\/","url":"https:\/\/accesolatino.org\/wp-content\/uploads\/2021\/02\/logo-footer-acceso-latino.png","contentUrl":"https:\/\/accesolatino.org\/wp-content\/uploads\/2021\/02\/logo-footer-acceso-latino.png","width":240,"height":40,"caption":"Acceso Latino | Fundaci\u00f3n Carlos Slim"},"image":{"@id":"https:\/\/accesolatino.org\/#\/schema\/logo\/image\/"},"sameAs":["https:\/\/www.facebook.com\/AccesoLatinoOrg","https:\/\/x.com\/FAccLatino"]}]}},"_links":{"self":[{"href":"https:\/\/accesolatino.org\/en\/wp-json\/wp\/v2\/pages\/16049","targetHints":{"allow":["GET"]}}],"collection":[{"href":"https:\/\/accesolatino.org\/en\/wp-json\/wp\/v2\/pages"}],"about":[{"href":"https:\/\/accesolatino.org\/en\/wp-json\/wp\/v2\/types\/page"}],"author":[{"embeddable":true,"href":"https:\/\/accesolatino.org\/en\/wp-json\/wp\/v2\/users\/7"}],"replies":[{"embeddable":true,"href":"https:\/\/accesolatino.org\/en\/wp-json\/wp\/v2\/comments?post=16049"}],"version-history":[{"count":1,"href":"https:\/\/accesolatino.org\/en\/wp-json\/wp\/v2\/pages\/16049\/revisions"}],"predecessor-version":[{"id":64113,"href":"https:\/\/accesolatino.org\/en\/wp-json\/wp\/v2\/pages\/16049\/revisions\/64113"}],"wp:featuredmedia":[{"embeddable":true,"href":"https:\/\/accesolatino.org\/en\/wp-json\/wp\/v2\/media\/16050"}],"wp:attachment":[{"href":"https:\/\/accesolatino.org\/en\/wp-json\/wp\/v2\/media?parent=16049"}],"curies":[{"name":"wp","href":"https:\/\/api.w.org\/{rel}","templated":true}]}}