{"id":16037,"date":"2018-12-20T10:14:58","date_gmt":"2018-12-20T16:14:58","guid":{"rendered":"https:\/\/accesolatino.org\/?page_id=16037"},"modified":"2025-10-17T15:46:51","modified_gmt":"2025-10-17T21:46:51","slug":"no-pierdas-tus-estudios-y-revalidalos-al-llegar-a-eua","status":"publish","type":"page","link":"https:\/\/accesolatino.org\/en\/no-pierdas-tus-estudios-y-revalidalos-al-llegar-a-eua\/","title":{"rendered":"Don't lose your studies and revalidate them upon arrival in the U.S."},"content":{"rendered":"<div data-elementor-type=\"wp-post\" data-elementor-id=\"16037\" class=\"elementor elementor-16037\">\n\t\t\t\t\t\t<section class=\"elementor-section elementor-top-section elementor-element elementor-element-64565ba elementor-section-full_width elementor-section-height-min-height elementor-section-items-stretch elementor-section-height-default wpr-particle-no wpr-jarallax-no wpr-parallax-no wpr-sticky-section-no wpr-equal-height-no\" data-id=\"64565ba\" data-element_type=\"section\" data-e-type=\"section\" data-settings=\"{&quot;background_background&quot;:&quot;classic&quot;}\">\n\t\t\t\t\t\t<div class=\"elementor-container elementor-column-gap-no\">\n\t\t\t\t\t<div class=\"elementor-column elementor-col-100 elementor-top-column elementor-element elementor-element-51b8891\" data-id=\"51b8891\" data-element_type=\"column\" data-e-type=\"column\">\n\t\t\t<div class=\"elementor-widget-wrap elementor-element-populated\">\n\t\t\t\t\t\t<div class=\"elementor-element elementor-element-608f58a elementor--h-position-center elementor--v-position-middle elementor-widget elementor-widget-slides\" data-id=\"608f58a\" data-element_type=\"widget\" data-e-type=\"widget\" data-settings=\"{&quot;navigation&quot;:&quot;none&quot;,&quot;infinite&quot;:&quot;yes&quot;,&quot;transition&quot;:&quot;slide&quot;,&quot;transition_speed&quot;:500}\" data-widget_type=\"slides.default\">\n\t\t\t\t<div class=\"elementor-widget-container\">\n\t\t\t\t\t\t\t<div class=\"elementor-swiper\">\n\t\t\t<div class=\"elementor-slides-wrapper elementor-main-swiper swiper-container\" dir=\"ltr\" data-animation=\"\">\n\t\t\t\t<div class=\"swiper-wrapper elementor-slides\">\n\t\t\t\t\t\t\t\t\t\t<div class=\"elementor-repeater-item-d983a28 swiper-slide\"><div class=\"swiper-slide-bg\"><\/div><div class=\"swiper-slide-inner\" ><div class=\"swiper-slide-contents\"><div class=\"elementor-slide-heading\">Education<\/div><\/div><\/div><\/div>\t\t\t\t<\/div>\n\t\t\t\t\t\t\t<\/div>\n\t\t<\/div>\n\t\t\t\t\t\t<\/div>\n\t\t\t\t<\/div>\n\t\t\t\t\t<\/div>\n\t\t<\/div>\n\t\t\t\t\t<\/div>\n\t\t<\/section>\n\t\t\t\t<section class=\"elementor-section elementor-top-section elementor-element elementor-element-8af5416 elementor-section-stretched elementor-section-boxed elementor-section-height-default elementor-section-height-default wpr-particle-no wpr-jarallax-no wpr-parallax-no wpr-sticky-section-no wpr-equal-height-no\" data-id=\"8af5416\" data-element_type=\"section\" data-e-type=\"section\" data-settings=\"{&quot;stretch_section&quot;:&quot;section-stretched&quot;,&quot;background_background&quot;:&quot;classic&quot;}\">\n\t\t\t\t\t\t<div class=\"elementor-container elementor-column-gap-default\">\n\t\t\t\t\t<div class=\"elementor-column elementor-col-100 elementor-top-column elementor-element elementor-element-2828fb0\" data-id=\"2828fb0\" data-element_type=\"column\" data-e-type=\"column\">\n\t\t\t<div class=\"elementor-widget-wrap elementor-element-populated\">\n\t\t\t\t\t\t<div class=\"elementor-element elementor-element-4f2369d elementor-widget elementor-widget-heading\" data-id=\"4f2369d\" data-element_type=\"widget\" data-e-type=\"widget\" data-widget_type=\"heading.default\">\n\t\t\t\t<div class=\"elementor-widget-container\">\n\t\t\t\t\t<h3 class=\"elementor-heading-title elementor-size-default\">Don't lose your studies and revalidate them upon arrival in the U.S.<\/h3>\t\t\t\t<\/div>\n\t\t\t\t<\/div>\n\t\t\t\t<div class=\"elementor-element elementor-element-f113932 elementor-widget elementor-widget-text-editor\" data-id=\"f113932\" data-element_type=\"widget\" data-e-type=\"widget\" data-widget_type=\"text-editor.default\">\n\t\t\t\t<div class=\"elementor-widget-container\">\n\t\t\t\t\t\t\t\t\t<p>Algunos migrantes que emprenden su viaje a Estados Unidos deben al momento de establecerse, considerar continuar con sus estudios para integrarse a su nueva sociedad.<\/p><p>In <strong>Acceso Latino<\/strong> te acercamos informaci\u00f3n de utilidad. Es en nuestra secci\u00f3n de<a href=\"https:\/\/accesolatino.org\/en\/educacion\/\"><strong> \u201cEducaci\u00f3n\u201d<\/strong><\/a> donde encontrar\u00e1s el apartado \u201cInformaci\u00f3n para tu examen de equivalencia de estudios\u201d.<\/p><p>En dicha herramienta encontrar\u00e1s informaci\u00f3n sobre los tres ex\u00e1menes de revalidaci\u00f3n de estudios en la Uni\u00f3n Americana: <strong>GED, TASC, HI-SET.<\/strong><\/p><p>Como esta herramienta, tenemos otras en diversos temas que te podr\u00e1n ayudar a retomar tu vida.<\/p>\t\t\t\t\t\t\t\t<\/div>\n\t\t\t\t<\/div>\n\t\t\t\t<div class=\"elementor-element elementor-element-432093f elementor-widget elementor-widget-spacer\" data-id=\"432093f\" data-element_type=\"widget\" data-e-type=\"widget\" data-widget_type=\"spacer.default\">\n\t\t\t\t<div class=\"elementor-widget-container\">\n\t\t\t\t\t\t\t<div class=\"elementor-spacer\">\n\t\t\t<div class=\"elementor-spacer-inner\"><\/div>\n\t\t<\/div>\n\t\t\t\t\t\t<\/div>\n\t\t\t\t<\/div>\n\t\t\t\t\t<\/div>\n\t\t<\/div>\n\t\t\t\t\t<\/div>\n\t\t<\/section>\n\t\t\t\t<\/div>","protected":false},"excerpt":{"rendered":"<p>Educaci\u00f3n No pierdas tus estudios y reval\u00eddalos al llegar a EUA Algunos migrantes que emprenden su viaje a Estados Unidos deben al momento de establecerse, considerar continuar con sus estudios para integrarse a su nueva sociedad. En Acceso Latino te acercamos informaci\u00f3n de utilidad. Es en nuestra secci\u00f3n de \u201cEducaci\u00f3n\u201d donde encontrar\u00e1s el apartado \u201cInformaci\u00f3n para tu examen de equivalencia de estudios\u201d. En dicha herramienta encontrar\u00e1s informaci\u00f3n sobre los tres ex\u00e1menes de revalidaci\u00f3n de estudios en la Uni\u00f3n Americana: GED, TASC, HI-SET. Como esta herramienta, tenemos otras en diversos temas que te podr\u00e1n ayudar a retomar tu vida.<\/p>","protected":false},"author":7,"featured_media":16038,"parent":0,"menu_order":0,"comment_status":"closed","ping_status":"closed","template":"elementor_header_footer","meta":{"_uf_show_specific_survey":0,"_uf_disable_surveys":false,"footnotes":""},"class_list":["post-16037","page","type-page","status-publish","has-post-thumbnail"],"aioseo_notices":[],"yoast_head":"<!-- This site is optimized with the Yoast SEO plugin v27.4 - https:\/\/yoast.com\/product\/yoast-seo-wordpress\/ -->\n<title>No pierdas tus estudios y reval\u00eddalos al llegar a EUA<\/title>\n<meta name=\"description\" content=\"No pierdas tus estudios y reval\u00eddalos al llegar a EUA Algunos migrantes que emprenden su viaje a Estados Unidos deben al momento...\" \/>\n<meta name=\"robots\" content=\"index, follow, max-snippet:-1, max-image-preview:large, max-video-preview:-1\" \/>\n<link rel=\"canonical\" href=\"https:\/\/accesolatino.org\/en\/no-pierdas-tus-estudios-y-revalidalos-al-llegar-a-eua\/\" \/>\n<meta property=\"og:locale\" content=\"en_US\" \/>\n<meta property=\"og:type\" content=\"article\" \/>\n<meta property=\"og:title\" content=\"Acceso Latino | No pierdas tus estudios y reval\u00eddalos al llegar a EUA\" \/>\n<meta property=\"og:description\" content=\"No pierdas tus estudios y reval\u00eddalos al llegar a EUA\" \/>\n<meta property=\"og:url\" content=\"https:\/\/accesolatino.org\/en\/no-pierdas-tus-estudios-y-revalidalos-al-llegar-a-eua\/\" \/>\n<meta property=\"og:site_name\" content=\"Acceso Latino\" \/>\n<meta property=\"article:publisher\" content=\"https:\/\/www.facebook.com\/AccesoLatinoOrg\" \/>\n<meta property=\"article:modified_time\" content=\"2025-10-17T21:46:51+00:00\" \/>\n<meta property=\"og:image\" content=\"https:\/\/accesolatino.org\/wp-content\/uploads\/2018\/12\/No-pierdas-tus-estudios-y-revalidalos-al-llegar-a-EUA.jpg\" \/>\n\t<meta property=\"og:image:width\" content=\"600\" \/>\n\t<meta property=\"og:image:height\" content=\"338\" \/>\n\t<meta property=\"og:image:type\" content=\"image\/jpeg\" \/>\n<meta name=\"twitter:card\" content=\"summary_large_image\" \/>\n<meta name=\"twitter:title\" content=\"Acceso Latino | No pierdas tus estudios y reval\u00eddalos al llegar a EUA\" \/>\n<meta name=\"twitter:description\" content=\"No pierdas tus estudios y reval\u00eddalos al llegar a EUA\" \/>\n<meta name=\"twitter:image\" content=\"https:\/\/accesolatino.org\/wp-content\/uploads\/2018\/12\/No-pierdas-tus-estudios-y-revalidalos-al-llegar-a-EUA.jpg\" \/>\n<meta name=\"twitter:site\" content=\"@FAccLatino\" \/>\n<meta name=\"twitter:label1\" content=\"Est. reading time\" \/>\n\t<meta name=\"twitter:data1\" content=\"1 minute\" \/>\n<script type=\"application\/ld+json\" class=\"yoast-schema-graph\">{\"@context\":\"https:\\\/\\\/schema.org\",\"@graph\":[{\"@type\":\"WebPage\",\"@id\":\"https:\\\/\\\/accesolatino.org\\\/no-pierdas-tus-estudios-y-revalidalos-al-llegar-a-eua\\\/\",\"url\":\"https:\\\/\\\/accesolatino.org\\\/no-pierdas-tus-estudios-y-revalidalos-al-llegar-a-eua\\\/\",\"name\":\"No pierdas tus estudios y reval\u00eddalos al llegar a EUA\",\"isPartOf\":{\"@id\":\"https:\\\/\\\/accesolatino.org\\\/#website\"},\"primaryImageOfPage\":{\"@id\":\"https:\\\/\\\/accesolatino.org\\\/no-pierdas-tus-estudios-y-revalidalos-al-llegar-a-eua\\\/#primaryimage\"},\"image\":{\"@id\":\"https:\\\/\\\/accesolatino.org\\\/no-pierdas-tus-estudios-y-revalidalos-al-llegar-a-eua\\\/#primaryimage\"},\"thumbnailUrl\":\"https:\\\/\\\/accesolatino.org\\\/wp-content\\\/uploads\\\/2018\\\/12\\\/No-pierdas-tus-estudios-y-revalidalos-al-llegar-a-EUA.jpg\",\"datePublished\":\"2018-12-20T16:14:58+00:00\",\"dateModified\":\"2025-10-17T21:46:51+00:00\",\"description\":\"No pierdas tus estudios y reval\u00eddalos al llegar a EUA Algunos migrantes que emprenden su viaje a Estados Unidos deben al momento...\",\"breadcrumb\":{\"@id\":\"https:\\\/\\\/accesolatino.org\\\/no-pierdas-tus-estudios-y-revalidalos-al-llegar-a-eua\\\/#breadcrumb\"},\"inLanguage\":\"en-US\",\"potentialAction\":[{\"@type\":\"ReadAction\",\"target\":[\"https:\\\/\\\/accesolatino.org\\\/no-pierdas-tus-estudios-y-revalidalos-al-llegar-a-eua\\\/\"]}]},{\"@type\":\"ImageObject\",\"inLanguage\":\"en-US\",\"@id\":\"https:\\\/\\\/accesolatino.org\\\/no-pierdas-tus-estudios-y-revalidalos-al-llegar-a-eua\\\/#primaryimage\",\"url\":\"https:\\\/\\\/accesolatino.org\\\/wp-content\\\/uploads\\\/2018\\\/12\\\/No-pierdas-tus-estudios-y-revalidalos-al-llegar-a-EUA.jpg\",\"contentUrl\":\"https:\\\/\\\/accesolatino.org\\\/wp-content\\\/uploads\\\/2018\\\/12\\\/No-pierdas-tus-estudios-y-revalidalos-al-llegar-a-EUA.jpg\",\"width\":600,\"height\":338,\"caption\":\"revalida\"},{\"@type\":\"BreadcrumbList\",\"@id\":\"https:\\\/\\\/accesolatino.org\\\/no-pierdas-tus-estudios-y-revalidalos-al-llegar-a-eua\\\/#breadcrumb\",\"itemListElement\":[{\"@type\":\"ListItem\",\"position\":1,\"name\":\"Portada\",\"item\":\"https:\\\/\\\/accesolatino.org\\\/\"},{\"@type\":\"ListItem\",\"position\":2,\"name\":\"No pierdas tus estudios y reval\u00eddalos al llegar a EUA\"}]},{\"@type\":\"WebSite\",\"@id\":\"https:\\\/\\\/accesolatino.org\\\/#website\",\"url\":\"https:\\\/\\\/accesolatino.org\\\/\",\"name\":\"Acceso Latino | Fundaci\u00f3n Carlos Slim\",\"description\":\"Fundaci\u00f3n Carlos Slim\",\"publisher\":{\"@id\":\"https:\\\/\\\/accesolatino.org\\\/#organization\"},\"potentialAction\":[{\"@type\":\"SearchAction\",\"target\":{\"@type\":\"EntryPoint\",\"urlTemplate\":\"https:\\\/\\\/accesolatino.org\\\/?s={search_term_string}\"},\"query-input\":{\"@type\":\"PropertyValueSpecification\",\"valueRequired\":true,\"valueName\":\"search_term_string\"}}],\"inLanguage\":\"en-US\"},{\"@type\":\"Organization\",\"@id\":\"https:\\\/\\\/accesolatino.org\\\/#organization\",\"name\":\"Acceso Latino | Fundaci\u00f3n Carlos Slim\",\"url\":\"https:\\\/\\\/accesolatino.org\\\/\",\"logo\":{\"@type\":\"ImageObject\",\"inLanguage\":\"en-US\",\"@id\":\"https:\\\/\\\/accesolatino.org\\\/#\\\/schema\\\/logo\\\/image\\\/\",\"url\":\"https:\\\/\\\/accesolatino.org\\\/wp-content\\\/uploads\\\/2021\\\/02\\\/logo-footer-acceso-latino.png\",\"contentUrl\":\"https:\\\/\\\/accesolatino.org\\\/wp-content\\\/uploads\\\/2021\\\/02\\\/logo-footer-acceso-latino.png\",\"width\":240,\"height\":40,\"caption\":\"Acceso Latino | Fundaci\u00f3n Carlos Slim\"},\"image\":{\"@id\":\"https:\\\/\\\/accesolatino.org\\\/#\\\/schema\\\/logo\\\/image\\\/\"},\"sameAs\":[\"https:\\\/\\\/www.facebook.com\\\/AccesoLatinoOrg\",\"https:\\\/\\\/x.com\\\/FAccLatino\"]}]}<\/script>\n<!-- \/ Yoast SEO plugin. -->","yoast_head_json":{"title":"Don't lose your studies and revalidate them upon arrival in the U.S.","description":"No pierdas tus estudios y reval\u00eddalos al llegar a EUA Algunos migrantes que emprenden su viaje a Estados Unidos deben al momento...","robots":{"index":"index","follow":"follow","max-snippet":"max-snippet:-1","max-image-preview":"max-image-preview:large","max-video-preview":"max-video-preview:-1"},"canonical":"https:\/\/accesolatino.org\/en\/no-pierdas-tus-estudios-y-revalidalos-al-llegar-a-eua\/","og_locale":"en_US","og_type":"article","og_title":"Acceso Latino | No pierdas tus estudios y reval\u00eddalos al llegar a EUA","og_description":"No pierdas tus estudios y reval\u00eddalos al llegar a EUA","og_url":"https:\/\/accesolatino.org\/en\/no-pierdas-tus-estudios-y-revalidalos-al-llegar-a-eua\/","og_site_name":"Acceso Latino","article_publisher":"https:\/\/www.facebook.com\/AccesoLatinoOrg","article_modified_time":"2025-10-17T21:46:51+00:00","og_image":[{"width":600,"height":338,"url":"https:\/\/accesolatino.org\/wp-content\/uploads\/2018\/12\/No-pierdas-tus-estudios-y-revalidalos-al-llegar-a-EUA.jpg","type":"image\/jpeg"}],"twitter_card":"summary_large_image","twitter_title":"Acceso Latino | No pierdas tus estudios y reval\u00eddalos al llegar a EUA","twitter_description":"No pierdas tus estudios y reval\u00eddalos al llegar a EUA","twitter_image":"https:\/\/accesolatino.org\/wp-content\/uploads\/2018\/12\/No-pierdas-tus-estudios-y-revalidalos-al-llegar-a-EUA.jpg","twitter_site":"@FAccLatino","twitter_misc":{"Est. reading time":"1 minute"},"schema":{"@context":"https:\/\/schema.org","@graph":[{"@type":"WebPage","@id":"https:\/\/accesolatino.org\/no-pierdas-tus-estudios-y-revalidalos-al-llegar-a-eua\/","url":"https:\/\/accesolatino.org\/no-pierdas-tus-estudios-y-revalidalos-al-llegar-a-eua\/","name":"Don't lose your studies and revalidate them upon arrival in the U.S.","isPartOf":{"@id":"https:\/\/accesolatino.org\/#website"},"primaryImageOfPage":{"@id":"https:\/\/accesolatino.org\/no-pierdas-tus-estudios-y-revalidalos-al-llegar-a-eua\/#primaryimage"},"image":{"@id":"https:\/\/accesolatino.org\/no-pierdas-tus-estudios-y-revalidalos-al-llegar-a-eua\/#primaryimage"},"thumbnailUrl":"https:\/\/accesolatino.org\/wp-content\/uploads\/2018\/12\/No-pierdas-tus-estudios-y-revalidalos-al-llegar-a-EUA.jpg","datePublished":"2018-12-20T16:14:58+00:00","dateModified":"2025-10-17T21:46:51+00:00","description":"No pierdas tus estudios y reval\u00eddalos al llegar a EUA Algunos migrantes que emprenden su viaje a Estados Unidos deben al momento...","breadcrumb":{"@id":"https:\/\/accesolatino.org\/no-pierdas-tus-estudios-y-revalidalos-al-llegar-a-eua\/#breadcrumb"},"inLanguage":"en-US","potentialAction":[{"@type":"ReadAction","target":["https:\/\/accesolatino.org\/no-pierdas-tus-estudios-y-revalidalos-al-llegar-a-eua\/"]}]},{"@type":"ImageObject","inLanguage":"en-US","@id":"https:\/\/accesolatino.org\/no-pierdas-tus-estudios-y-revalidalos-al-llegar-a-eua\/#primaryimage","url":"https:\/\/accesolatino.org\/wp-content\/uploads\/2018\/12\/No-pierdas-tus-estudios-y-revalidalos-al-llegar-a-EUA.jpg","contentUrl":"https:\/\/accesolatino.org\/wp-content\/uploads\/2018\/12\/No-pierdas-tus-estudios-y-revalidalos-al-llegar-a-EUA.jpg","width":600,"height":338,"caption":"revalida"},{"@type":"BreadcrumbList","@id":"https:\/\/accesolatino.org\/no-pierdas-tus-estudios-y-revalidalos-al-llegar-a-eua\/#breadcrumb","itemListElement":[{"@type":"ListItem","position":1,"name":"Portada","item":"https:\/\/accesolatino.org\/"},{"@type":"ListItem","position":2,"name":"No pierdas tus estudios y reval\u00eddalos al llegar a EUA"}]},{"@type":"WebSite","@id":"https:\/\/accesolatino.org\/#website","url":"https:\/\/accesolatino.org\/","name":"Acceso Latino | Fundaci\u00f3n Carlos Slim","description":"Fundaci\u00f3n Carlos Slim","publisher":{"@id":"https:\/\/accesolatino.org\/#organization"},"potentialAction":[{"@type":"SearchAction","target":{"@type":"EntryPoint","urlTemplate":"https:\/\/accesolatino.org\/?s={search_term_string}"},"query-input":{"@type":"PropertyValueSpecification","valueRequired":true,"valueName":"search_term_string"}}],"inLanguage":"en-US"},{"@type":"Organization","@id":"https:\/\/accesolatino.org\/#organization","name":"Acceso Latino | Fundaci\u00f3n Carlos Slim","url":"https:\/\/accesolatino.org\/","logo":{"@type":"ImageObject","inLanguage":"en-US","@id":"https:\/\/accesolatino.org\/#\/schema\/logo\/image\/","url":"https:\/\/accesolatino.org\/wp-content\/uploads\/2021\/02\/logo-footer-acceso-latino.png","contentUrl":"https:\/\/accesolatino.org\/wp-content\/uploads\/2021\/02\/logo-footer-acceso-latino.png","width":240,"height":40,"caption":"Acceso Latino | Fundaci\u00f3n Carlos Slim"},"image":{"@id":"https:\/\/accesolatino.org\/#\/schema\/logo\/image\/"},"sameAs":["https:\/\/www.facebook.com\/AccesoLatinoOrg","https:\/\/x.com\/FAccLatino"]}]}},"_links":{"self":[{"href":"https:\/\/accesolatino.org\/en\/wp-json\/wp\/v2\/pages\/16037","targetHints":{"allow":["GET"]}}],"collection":[{"href":"https:\/\/accesolatino.org\/en\/wp-json\/wp\/v2\/pages"}],"about":[{"href":"https:\/\/accesolatino.org\/en\/wp-json\/wp\/v2\/types\/page"}],"author":[{"embeddable":true,"href":"https:\/\/accesolatino.org\/en\/wp-json\/wp\/v2\/users\/7"}],"replies":[{"embeddable":true,"href":"https:\/\/accesolatino.org\/en\/wp-json\/wp\/v2\/comments?post=16037"}],"version-history":[{"count":1,"href":"https:\/\/accesolatino.org\/en\/wp-json\/wp\/v2\/pages\/16037\/revisions"}],"predecessor-version":[{"id":64234,"href":"https:\/\/accesolatino.org\/en\/wp-json\/wp\/v2\/pages\/16037\/revisions\/64234"}],"wp:featuredmedia":[{"embeddable":true,"href":"https:\/\/accesolatino.org\/en\/wp-json\/wp\/v2\/media\/16038"}],"wp:attachment":[{"href":"https:\/\/accesolatino.org\/en\/wp-json\/wp\/v2\/media?parent=16037"}],"curies":[{"name":"wp","href":"https:\/\/api.w.org\/{rel}","templated":true}]}}