{"id":16024,"date":"2018-12-20T09:48:10","date_gmt":"2018-12-20T15:48:10","guid":{"rendered":"https:\/\/accesolatino.org\/?page_id=16024"},"modified":"2025-10-16T17:32:19","modified_gmt":"2025-10-16T23:32:19","slug":"conoce-como-revalidar-tus-estudios-en-estados-unidos","status":"publish","type":"page","link":"https:\/\/accesolatino.org\/en\/conoce-como-revalidar-tus-estudios-en-estados-unidos\/","title":{"rendered":"Learn how to revalidate your studies in the U.S."},"content":{"rendered":"<div data-elementor-type=\"wp-post\" data-elementor-id=\"16024\" class=\"elementor elementor-16024\">\n\t\t\t\t\t\t<section class=\"elementor-section elementor-top-section elementor-element elementor-element-93f0128 elementor-section-full_width elementor-section-height-min-height elementor-section-items-stretch elementor-section-height-default wpr-particle-no wpr-jarallax-no wpr-parallax-no wpr-sticky-section-no wpr-equal-height-no\" data-id=\"93f0128\" data-element_type=\"section\" data-e-type=\"section\" data-settings=\"{&quot;background_background&quot;:&quot;classic&quot;}\">\n\t\t\t\t\t\t<div class=\"elementor-container elementor-column-gap-no\">\n\t\t\t\t\t<div class=\"elementor-column elementor-col-100 elementor-top-column elementor-element elementor-element-a5b0539\" data-id=\"a5b0539\" data-element_type=\"column\" data-e-type=\"column\">\n\t\t\t<div class=\"elementor-widget-wrap elementor-element-populated\">\n\t\t\t\t\t\t<div class=\"elementor-element elementor-element-7bc7a09 elementor--h-position-center elementor--v-position-middle elementor-widget elementor-widget-slides\" data-id=\"7bc7a09\" data-element_type=\"widget\" data-e-type=\"widget\" data-settings=\"{&quot;navigation&quot;:&quot;none&quot;,&quot;infinite&quot;:&quot;yes&quot;,&quot;transition&quot;:&quot;slide&quot;,&quot;transition_speed&quot;:500}\" data-widget_type=\"slides.default\">\n\t\t\t\t<div class=\"elementor-widget-container\">\n\t\t\t\t\t\t\t<div class=\"elementor-swiper\">\n\t\t\t<div class=\"elementor-slides-wrapper elementor-main-swiper swiper-container\" dir=\"ltr\" data-animation=\"\">\n\t\t\t\t<div class=\"swiper-wrapper elementor-slides\">\n\t\t\t\t\t\t\t\t\t\t<div class=\"elementor-repeater-item-d983a28 swiper-slide\"><div class=\"swiper-slide-bg\"><\/div><div class=\"swiper-slide-inner\" ><div class=\"swiper-slide-contents\"><div class=\"elementor-slide-heading\">Education<\/div><\/div><\/div><\/div>\t\t\t\t<\/div>\n\t\t\t\t\t\t\t<\/div>\n\t\t<\/div>\n\t\t\t\t\t\t<\/div>\n\t\t\t\t<\/div>\n\t\t\t\t\t<\/div>\n\t\t<\/div>\n\t\t\t\t\t<\/div>\n\t\t<\/section>\n\t\t\t\t<section class=\"elementor-section elementor-top-section elementor-element elementor-element-04d8527 elementor-section-stretched elementor-section-boxed elementor-section-height-default elementor-section-height-default wpr-particle-no wpr-jarallax-no wpr-parallax-no wpr-sticky-section-no wpr-equal-height-no\" data-id=\"04d8527\" data-element_type=\"section\" data-e-type=\"section\" data-settings=\"{&quot;stretch_section&quot;:&quot;section-stretched&quot;,&quot;background_background&quot;:&quot;classic&quot;}\">\n\t\t\t\t\t\t<div class=\"elementor-container elementor-column-gap-default\">\n\t\t\t\t\t<div class=\"elementor-column elementor-col-100 elementor-top-column elementor-element elementor-element-be1fe4c\" data-id=\"be1fe4c\" data-element_type=\"column\" data-e-type=\"column\">\n\t\t\t<div class=\"elementor-widget-wrap elementor-element-populated\">\n\t\t\t\t\t\t<div class=\"elementor-element elementor-element-1997df4 elementor-widget elementor-widget-heading\" data-id=\"1997df4\" data-element_type=\"widget\" data-e-type=\"widget\" data-widget_type=\"heading.default\">\n\t\t\t\t<div class=\"elementor-widget-container\">\n\t\t\t\t\t<h3 class=\"elementor-heading-title elementor-size-default\">Learn how to revalidate your studies in the U.S.<\/h3>\t\t\t\t<\/div>\n\t\t\t\t<\/div>\n\t\t\t\t<div class=\"elementor-element elementor-element-68d5439 elementor-widget elementor-widget-text-editor\" data-id=\"68d5439\" data-element_type=\"widget\" data-e-type=\"widget\" data-widget_type=\"text-editor.default\">\n\t\t\t\t<div class=\"elementor-widget-container\">\n\t\t\t\t\t\t\t\t\t<p>Los migrantes en Estados Unidos tienen dificultades para tener acceso a la educaci\u00f3n, ya sea por falta de recursos para pagar los altos costos de las matr\u00edculas escolares, o por falta de informaci\u00f3n sobre la revalidaci\u00f3n de estudios en la Uni\u00f3n Americana.<\/p><p>In <strong>Acceso Latino<\/strong> te ofrecemos la mayor informaci\u00f3n posible para que puedas retomar tu vida de la mejor manera, por este motivo en nuestra secci\u00f3n de <a href=\"https:\/\/accesolatino.org\/en\/educacion\/\"><strong>\u201cEducaci\u00f3n\u201d<\/strong><\/a> encontrar\u00e1s nuestra herramienta de informaci\u00f3n para tu examen de equivalencia de estudios.<\/p><p>En dicha herramienta encontrar\u00e1s informaci\u00f3n sobre los tres ex\u00e1menes de revalidaci\u00f3n de estudios en la Uni\u00f3n Americana: <strong>GED, TASC, HI-SET.<\/strong><\/p><p>Como esta herramienta, tenemos otras que te ayudar\u00e1n a prepararte en algunas de las materias de los ex\u00e1menes mencionados. Ingresa a la herramienta Aprende y Pru\u00e9baT para complementar tus estudios.<\/p>\t\t\t\t\t\t\t\t<\/div>\n\t\t\t\t<\/div>\n\t\t\t\t<div class=\"elementor-element elementor-element-a027cba elementor-widget elementor-widget-spacer\" data-id=\"a027cba\" data-element_type=\"widget\" data-e-type=\"widget\" data-widget_type=\"spacer.default\">\n\t\t\t\t<div class=\"elementor-widget-container\">\n\t\t\t\t\t\t\t<div class=\"elementor-spacer\">\n\t\t\t<div class=\"elementor-spacer-inner\"><\/div>\n\t\t<\/div>\n\t\t\t\t\t\t<\/div>\n\t\t\t\t<\/div>\n\t\t\t\t\t<\/div>\n\t\t<\/div>\n\t\t\t\t\t<\/div>\n\t\t<\/section>\n\t\t\t\t<\/div>","protected":false},"excerpt":{"rendered":"<p>Educaci\u00f3n Conoce c\u00f3mo revalidar tus estudios en Estados Unidos Los migrantes en Estados Unidos tienen dificultades para tener acceso a la educaci\u00f3n, ya sea por falta de recursos para pagar los altos costos de las matr\u00edculas escolares, o por falta de informaci\u00f3n sobre la revalidaci\u00f3n de estudios en la Uni\u00f3n Americana. En Acceso Latino te ofrecemos la mayor informaci\u00f3n posible para que puedas retomar tu vida de la mejor manera, por este motivo en nuestra secci\u00f3n de \u201cEducaci\u00f3n\u201d encontrar\u00e1s nuestra herramienta de informaci\u00f3n para tu examen de equivalencia de estudios. En dicha herramienta encontrar\u00e1s informaci\u00f3n sobre los tres ex\u00e1menes de revalidaci\u00f3n de estudios en la Uni\u00f3n Americana: GED, TASC, HI-SET. Como esta herramienta, tenemos otras que te ayudar\u00e1n a prepararte en algunas de las materias de los ex\u00e1menes mencionados. Ingresa a la herramienta Aprende y Pru\u00e9baT para complementar tus estudios.<\/p>","protected":false},"author":7,"featured_media":16025,"parent":0,"menu_order":0,"comment_status":"closed","ping_status":"closed","template":"elementor_header_footer","meta":{"_uf_show_specific_survey":0,"_uf_disable_surveys":false,"footnotes":""},"class_list":["post-16024","page","type-page","status-publish","has-post-thumbnail"],"aioseo_notices":[],"yoast_head":"<!-- This site is optimized with the Yoast SEO plugin v27.5 - https:\/\/yoast.com\/product\/yoast-seo-wordpress\/ -->\n<title>Conoce c\u00f3mo revalidar tus estudios en Estados Unidos<\/title>\n<meta name=\"description\" content=\"ASUME, una herramienta pensada para ti. Conoce c\u00f3mo revalidar tus estudios en Estados Unidos - Acceso Latino\" \/>\n<meta name=\"robots\" content=\"index, follow, max-snippet:-1, max-image-preview:large, max-video-preview:-1\" \/>\n<link rel=\"canonical\" href=\"https:\/\/accesolatino.org\/en\/conoce-como-revalidar-tus-estudios-en-estados-unidos\/\" \/>\n<meta property=\"og:locale\" content=\"en_US\" \/>\n<meta property=\"og:type\" content=\"article\" \/>\n<meta property=\"og:title\" content=\"Acceso Latino | Conoce c\u00f3mo revalidar tus estudios en Estados Unidos\" \/>\n<meta property=\"og:description\" content=\"ASUME, una herramienta pensada para ti\" \/>\n<meta property=\"og:url\" content=\"https:\/\/accesolatino.org\/en\/conoce-como-revalidar-tus-estudios-en-estados-unidos\/\" \/>\n<meta property=\"og:site_name\" content=\"Acceso Latino\" \/>\n<meta property=\"article:publisher\" content=\"https:\/\/www.facebook.com\/AccesoLatinoOrg\" \/>\n<meta property=\"article:modified_time\" content=\"2025-10-16T23:32:19+00:00\" \/>\n<meta property=\"og:image\" content=\"https:\/\/accesolatino.org\/wp-content\/uploads\/2018\/12\/Conoce-como-revalidar-tus-estudios-en-Estados-Unidos.jpg\" \/>\n\t<meta property=\"og:image:width\" content=\"600\" \/>\n\t<meta property=\"og:image:height\" content=\"338\" \/>\n\t<meta property=\"og:image:type\" content=\"image\/jpeg\" \/>\n<meta name=\"twitter:card\" content=\"summary_large_image\" \/>\n<meta name=\"twitter:title\" content=\"Acceso Latino | Conoce c\u00f3mo revalidar tus estudios en Estados Unidos\" \/>\n<meta name=\"twitter:description\" content=\"ASUME, una herramienta pensada para ti\" \/>\n<meta name=\"twitter:image\" content=\"https:\/\/accesolatino.org\/wp-content\/uploads\/2018\/12\/Conoce-como-revalidar-tus-estudios-en-Estados-Unidos.jpg\" \/>\n<meta name=\"twitter:site\" content=\"@FAccLatino\" \/>\n<meta name=\"twitter:label1\" content=\"Est. reading time\" \/>\n\t<meta name=\"twitter:data1\" content=\"1 minute\" \/>\n<script type=\"application\/ld+json\" class=\"yoast-schema-graph\">{\"@context\":\"https:\\\/\\\/schema.org\",\"@graph\":[{\"@type\":\"WebPage\",\"@id\":\"https:\\\/\\\/accesolatino.org\\\/conoce-como-revalidar-tus-estudios-en-estados-unidos\\\/\",\"url\":\"https:\\\/\\\/accesolatino.org\\\/conoce-como-revalidar-tus-estudios-en-estados-unidos\\\/\",\"name\":\"Conoce c\u00f3mo revalidar tus estudios en Estados Unidos\",\"isPartOf\":{\"@id\":\"https:\\\/\\\/accesolatino.org\\\/#website\"},\"primaryImageOfPage\":{\"@id\":\"https:\\\/\\\/accesolatino.org\\\/conoce-como-revalidar-tus-estudios-en-estados-unidos\\\/#primaryimage\"},\"image\":{\"@id\":\"https:\\\/\\\/accesolatino.org\\\/conoce-como-revalidar-tus-estudios-en-estados-unidos\\\/#primaryimage\"},\"thumbnailUrl\":\"https:\\\/\\\/accesolatino.org\\\/wp-content\\\/uploads\\\/2018\\\/12\\\/Conoce-como-revalidar-tus-estudios-en-Estados-Unidos.jpg\",\"datePublished\":\"2018-12-20T15:48:10+00:00\",\"dateModified\":\"2025-10-16T23:32:19+00:00\",\"description\":\"ASUME, una herramienta pensada para ti. Conoce c\u00f3mo revalidar tus estudios en Estados Unidos - Acceso Latino\",\"breadcrumb\":{\"@id\":\"https:\\\/\\\/accesolatino.org\\\/conoce-como-revalidar-tus-estudios-en-estados-unidos\\\/#breadcrumb\"},\"inLanguage\":\"en-US\",\"potentialAction\":[{\"@type\":\"ReadAction\",\"target\":[\"https:\\\/\\\/accesolatino.org\\\/conoce-como-revalidar-tus-estudios-en-estados-unidos\\\/\"]}]},{\"@type\":\"ImageObject\",\"inLanguage\":\"en-US\",\"@id\":\"https:\\\/\\\/accesolatino.org\\\/conoce-como-revalidar-tus-estudios-en-estados-unidos\\\/#primaryimage\",\"url\":\"https:\\\/\\\/accesolatino.org\\\/wp-content\\\/uploads\\\/2018\\\/12\\\/Conoce-como-revalidar-tus-estudios-en-Estados-Unidos.jpg\",\"contentUrl\":\"https:\\\/\\\/accesolatino.org\\\/wp-content\\\/uploads\\\/2018\\\/12\\\/Conoce-como-revalidar-tus-estudios-en-Estados-Unidos.jpg\",\"width\":600,\"height\":338,\"caption\":\"revalidar\"},{\"@type\":\"BreadcrumbList\",\"@id\":\"https:\\\/\\\/accesolatino.org\\\/conoce-como-revalidar-tus-estudios-en-estados-unidos\\\/#breadcrumb\",\"itemListElement\":[{\"@type\":\"ListItem\",\"position\":1,\"name\":\"Portada\",\"item\":\"https:\\\/\\\/accesolatino.org\\\/\"},{\"@type\":\"ListItem\",\"position\":2,\"name\":\"Conoce c\u00f3mo revalidar tus estudios en Estados Unidos\"}]},{\"@type\":\"WebSite\",\"@id\":\"https:\\\/\\\/accesolatino.org\\\/#website\",\"url\":\"https:\\\/\\\/accesolatino.org\\\/\",\"name\":\"Acceso Latino | Fundaci\u00f3n Carlos Slim\",\"description\":\"Fundaci\u00f3n Carlos Slim\",\"publisher\":{\"@id\":\"https:\\\/\\\/accesolatino.org\\\/#organization\"},\"potentialAction\":[{\"@type\":\"SearchAction\",\"target\":{\"@type\":\"EntryPoint\",\"urlTemplate\":\"https:\\\/\\\/accesolatino.org\\\/?s={search_term_string}\"},\"query-input\":{\"@type\":\"PropertyValueSpecification\",\"valueRequired\":true,\"valueName\":\"search_term_string\"}}],\"inLanguage\":\"en-US\"},{\"@type\":\"Organization\",\"@id\":\"https:\\\/\\\/accesolatino.org\\\/#organization\",\"name\":\"Acceso Latino | Fundaci\u00f3n Carlos Slim\",\"url\":\"https:\\\/\\\/accesolatino.org\\\/\",\"logo\":{\"@type\":\"ImageObject\",\"inLanguage\":\"en-US\",\"@id\":\"https:\\\/\\\/accesolatino.org\\\/#\\\/schema\\\/logo\\\/image\\\/\",\"url\":\"https:\\\/\\\/accesolatino.org\\\/wp-content\\\/uploads\\\/2021\\\/02\\\/logo-footer-acceso-latino.png\",\"contentUrl\":\"https:\\\/\\\/accesolatino.org\\\/wp-content\\\/uploads\\\/2021\\\/02\\\/logo-footer-acceso-latino.png\",\"width\":240,\"height\":40,\"caption\":\"Acceso Latino | Fundaci\u00f3n Carlos Slim\"},\"image\":{\"@id\":\"https:\\\/\\\/accesolatino.org\\\/#\\\/schema\\\/logo\\\/image\\\/\"},\"sameAs\":[\"https:\\\/\\\/www.facebook.com\\\/AccesoLatinoOrg\",\"https:\\\/\\\/x.com\\\/FAccLatino\"]}]}<\/script>\n<!-- \/ Yoast SEO plugin. -->","yoast_head_json":{"title":"Learn how to revalidate your studies in the U.S.","description":"ASUME, una herramienta pensada para ti. Conoce c\u00f3mo revalidar tus estudios en Estados Unidos - Acceso Latino","robots":{"index":"index","follow":"follow","max-snippet":"max-snippet:-1","max-image-preview":"max-image-preview:large","max-video-preview":"max-video-preview:-1"},"canonical":"https:\/\/accesolatino.org\/en\/conoce-como-revalidar-tus-estudios-en-estados-unidos\/","og_locale":"en_US","og_type":"article","og_title":"Acceso Latino | Conoce c\u00f3mo revalidar tus estudios en Estados Unidos","og_description":"ASUME, una herramienta pensada para ti","og_url":"https:\/\/accesolatino.org\/en\/conoce-como-revalidar-tus-estudios-en-estados-unidos\/","og_site_name":"Acceso Latino","article_publisher":"https:\/\/www.facebook.com\/AccesoLatinoOrg","article_modified_time":"2025-10-16T23:32:19+00:00","og_image":[{"width":600,"height":338,"url":"https:\/\/accesolatino.org\/wp-content\/uploads\/2018\/12\/Conoce-como-revalidar-tus-estudios-en-Estados-Unidos.jpg","type":"image\/jpeg"}],"twitter_card":"summary_large_image","twitter_title":"Acceso Latino | Conoce c\u00f3mo revalidar tus estudios en Estados Unidos","twitter_description":"ASUME, una herramienta pensada para ti","twitter_image":"https:\/\/accesolatino.org\/wp-content\/uploads\/2018\/12\/Conoce-como-revalidar-tus-estudios-en-Estados-Unidos.jpg","twitter_site":"@FAccLatino","twitter_misc":{"Est. reading time":"1 minute"},"schema":{"@context":"https:\/\/schema.org","@graph":[{"@type":"WebPage","@id":"https:\/\/accesolatino.org\/conoce-como-revalidar-tus-estudios-en-estados-unidos\/","url":"https:\/\/accesolatino.org\/conoce-como-revalidar-tus-estudios-en-estados-unidos\/","name":"Learn how to revalidate your studies in the U.S.","isPartOf":{"@id":"https:\/\/accesolatino.org\/#website"},"primaryImageOfPage":{"@id":"https:\/\/accesolatino.org\/conoce-como-revalidar-tus-estudios-en-estados-unidos\/#primaryimage"},"image":{"@id":"https:\/\/accesolatino.org\/conoce-como-revalidar-tus-estudios-en-estados-unidos\/#primaryimage"},"thumbnailUrl":"https:\/\/accesolatino.org\/wp-content\/uploads\/2018\/12\/Conoce-como-revalidar-tus-estudios-en-Estados-Unidos.jpg","datePublished":"2018-12-20T15:48:10+00:00","dateModified":"2025-10-16T23:32:19+00:00","description":"ASUME, una herramienta pensada para ti. Conoce c\u00f3mo revalidar tus estudios en Estados Unidos - Acceso Latino","breadcrumb":{"@id":"https:\/\/accesolatino.org\/conoce-como-revalidar-tus-estudios-en-estados-unidos\/#breadcrumb"},"inLanguage":"en-US","potentialAction":[{"@type":"ReadAction","target":["https:\/\/accesolatino.org\/conoce-como-revalidar-tus-estudios-en-estados-unidos\/"]}]},{"@type":"ImageObject","inLanguage":"en-US","@id":"https:\/\/accesolatino.org\/conoce-como-revalidar-tus-estudios-en-estados-unidos\/#primaryimage","url":"https:\/\/accesolatino.org\/wp-content\/uploads\/2018\/12\/Conoce-como-revalidar-tus-estudios-en-Estados-Unidos.jpg","contentUrl":"https:\/\/accesolatino.org\/wp-content\/uploads\/2018\/12\/Conoce-como-revalidar-tus-estudios-en-Estados-Unidos.jpg","width":600,"height":338,"caption":"revalidar"},{"@type":"BreadcrumbList","@id":"https:\/\/accesolatino.org\/conoce-como-revalidar-tus-estudios-en-estados-unidos\/#breadcrumb","itemListElement":[{"@type":"ListItem","position":1,"name":"Portada","item":"https:\/\/accesolatino.org\/"},{"@type":"ListItem","position":2,"name":"Conoce c\u00f3mo revalidar tus estudios en Estados Unidos"}]},{"@type":"WebSite","@id":"https:\/\/accesolatino.org\/#website","url":"https:\/\/accesolatino.org\/","name":"Acceso Latino | Fundaci\u00f3n Carlos Slim","description":"Fundaci\u00f3n Carlos Slim","publisher":{"@id":"https:\/\/accesolatino.org\/#organization"},"potentialAction":[{"@type":"SearchAction","target":{"@type":"EntryPoint","urlTemplate":"https:\/\/accesolatino.org\/?s={search_term_string}"},"query-input":{"@type":"PropertyValueSpecification","valueRequired":true,"valueName":"search_term_string"}}],"inLanguage":"en-US"},{"@type":"Organization","@id":"https:\/\/accesolatino.org\/#organization","name":"Acceso Latino | Fundaci\u00f3n Carlos Slim","url":"https:\/\/accesolatino.org\/","logo":{"@type":"ImageObject","inLanguage":"en-US","@id":"https:\/\/accesolatino.org\/#\/schema\/logo\/image\/","url":"https:\/\/accesolatino.org\/wp-content\/uploads\/2021\/02\/logo-footer-acceso-latino.png","contentUrl":"https:\/\/accesolatino.org\/wp-content\/uploads\/2021\/02\/logo-footer-acceso-latino.png","width":240,"height":40,"caption":"Acceso Latino | Fundaci\u00f3n Carlos Slim"},"image":{"@id":"https:\/\/accesolatino.org\/#\/schema\/logo\/image\/"},"sameAs":["https:\/\/www.facebook.com\/AccesoLatinoOrg","https:\/\/x.com\/FAccLatino"]}]}},"_links":{"self":[{"href":"https:\/\/accesolatino.org\/en\/wp-json\/wp\/v2\/pages\/16024","targetHints":{"allow":["GET"]}}],"collection":[{"href":"https:\/\/accesolatino.org\/en\/wp-json\/wp\/v2\/pages"}],"about":[{"href":"https:\/\/accesolatino.org\/en\/wp-json\/wp\/v2\/types\/page"}],"author":[{"embeddable":true,"href":"https:\/\/accesolatino.org\/en\/wp-json\/wp\/v2\/users\/7"}],"replies":[{"embeddable":true,"href":"https:\/\/accesolatino.org\/en\/wp-json\/wp\/v2\/comments?post=16024"}],"version-history":[{"count":1,"href":"https:\/\/accesolatino.org\/en\/wp-json\/wp\/v2\/pages\/16024\/revisions"}],"predecessor-version":[{"id":64171,"href":"https:\/\/accesolatino.org\/en\/wp-json\/wp\/v2\/pages\/16024\/revisions\/64171"}],"wp:featuredmedia":[{"embeddable":true,"href":"https:\/\/accesolatino.org\/en\/wp-json\/wp\/v2\/media\/16025"}],"wp:attachment":[{"href":"https:\/\/accesolatino.org\/en\/wp-json\/wp\/v2\/media?parent=16024"}],"curies":[{"name":"wp","href":"https:\/\/api.w.org\/{rel}","templated":true}]}}