{"id":16020,"date":"2018-12-19T10:22:51","date_gmt":"2018-12-19T16:22:51","guid":{"rendered":"https:\/\/accesolatino.org\/?page_id=16020"},"modified":"2025-11-06T19:29:14","modified_gmt":"2025-11-07T01:29:14","slug":"realiza-tus-tramites-migratorios-ante-el-instituto-nacional-de-migracion","status":"publish","type":"page","link":"https:\/\/accesolatino.org\/en\/realiza-tus-tramites-migratorios-ante-el-instituto-nacional-de-migracion\/","title":{"rendered":"If you have returned to Mexico, complete your immigration formalities with the National Immigration Institute."},"content":{"rendered":"<div data-elementor-type=\"wp-post\" data-elementor-id=\"16020\" class=\"elementor elementor-16020\">\n\t\t\t\t\t\t<section class=\"elementor-section elementor-top-section elementor-element elementor-element-5cf6612 elementor-section-full_width elementor-section-height-min-height elementor-section-items-stretch elementor-section-height-default wpr-particle-no wpr-jarallax-no wpr-parallax-no wpr-sticky-section-no wpr-equal-height-no\" data-id=\"5cf6612\" data-element_type=\"section\" data-e-type=\"section\" data-settings=\"{&quot;background_background&quot;:&quot;classic&quot;}\">\n\t\t\t\t\t\t<div class=\"elementor-container elementor-column-gap-no\">\n\t\t\t\t\t<div class=\"elementor-column elementor-col-100 elementor-top-column elementor-element elementor-element-5b69a9f\" data-id=\"5b69a9f\" data-element_type=\"column\" data-e-type=\"column\">\n\t\t\t<div class=\"elementor-widget-wrap elementor-element-populated\">\n\t\t\t\t\t\t<div class=\"elementor-element elementor-element-afca355 elementor--h-position-center elementor--v-position-middle elementor-widget elementor-widget-slides\" data-id=\"afca355\" data-element_type=\"widget\" data-e-type=\"widget\" data-settings=\"{&quot;navigation&quot;:&quot;none&quot;,&quot;infinite&quot;:&quot;yes&quot;,&quot;transition&quot;:&quot;slide&quot;,&quot;transition_speed&quot;:500}\" data-widget_type=\"slides.default\">\n\t\t\t\t<div class=\"elementor-widget-container\">\n\t\t\t\t\t\t\t<div class=\"elementor-swiper\">\n\t\t\t<div class=\"elementor-slides-wrapper elementor-main-swiper swiper-container\" dir=\"ltr\" data-animation=\"\">\n\t\t\t\t<div class=\"swiper-wrapper elementor-slides\">\n\t\t\t\t\t\t\t\t\t\t<div class=\"elementor-repeater-item-d983a28 swiper-slide\"><div class=\"swiper-slide-bg\"><\/div><div class=\"swiper-slide-inner\" ><div class=\"swiper-slide-contents\"><div class=\"elementor-slide-heading\">Legal Guidance<\/div><\/div><\/div><\/div>\t\t\t\t<\/div>\n\t\t\t\t\t\t\t<\/div>\n\t\t<\/div>\n\t\t\t\t\t\t<\/div>\n\t\t\t\t<\/div>\n\t\t\t\t\t<\/div>\n\t\t<\/div>\n\t\t\t\t\t<\/div>\n\t\t<\/section>\n\t\t\t\t<section class=\"elementor-section elementor-top-section elementor-element elementor-element-3d03c40 elementor-section-stretched elementor-section-boxed elementor-section-height-default elementor-section-height-default wpr-particle-no wpr-jarallax-no wpr-parallax-no wpr-sticky-section-no wpr-equal-height-no\" data-id=\"3d03c40\" data-element_type=\"section\" data-e-type=\"section\" data-settings=\"{&quot;stretch_section&quot;:&quot;section-stretched&quot;,&quot;background_background&quot;:&quot;classic&quot;}\">\n\t\t\t\t\t\t<div class=\"elementor-container elementor-column-gap-default\">\n\t\t\t\t\t<div class=\"elementor-column elementor-col-100 elementor-top-column elementor-element elementor-element-402ffb3\" data-id=\"402ffb3\" data-element_type=\"column\" data-e-type=\"column\">\n\t\t\t<div class=\"elementor-widget-wrap elementor-element-populated\">\n\t\t\t\t\t\t<div class=\"elementor-element elementor-element-39bba88 elementor-widget elementor-widget-heading\" data-id=\"39bba88\" data-element_type=\"widget\" data-e-type=\"widget\" data-widget_type=\"heading.default\">\n\t\t\t\t<div class=\"elementor-widget-container\">\n\t\t\t\t\t<h3 class=\"elementor-heading-title elementor-size-default\">If you have returned to Mexico, complete your immigration formalities with the National Immigration Institute.<\/h3>\t\t\t\t<\/div>\n\t\t\t\t<\/div>\n\t\t\t\t<div class=\"elementor-element elementor-element-4bc36a6 elementor-widget elementor-widget-text-editor\" data-id=\"4bc36a6\" data-element_type=\"widget\" data-e-type=\"widget\" data-widget_type=\"text-editor.default\">\n\t\t\t\t<div class=\"elementor-widget-container\">\n\t\t\t\t\t\t\t\t\t<p>Lamentablemente gran parte de la comunidad latina que vive en Estados Unidos ha sido deportada o ha decidido regresar a nuestro pa\u00eds por cuenta propia debido a las dificultades que actualmente viven por la dureza de la pol\u00edtica migratoria del gobierno americano.<\/p><p>Enfocados en que su regreso sea lo m\u00e1s seguro posible, en nuestra herramienta de <a href=\"https:\/\/accesolatino.org\/en\/orientacion-legal\/\"><strong>\u201cOrientaci\u00f3n Legal\u201d<\/strong><\/a> tenemos el apartado <a href=\"https:\/\/accesolatino.org\/en\/orientacion-legal\/migrantes-en-mexico\/\"><strong>\u00bfPlaneas regresar a M\u00e9xico?<\/strong> <\/a>donde encontrar\u00e1s, entre varios asuntos, informaci\u00f3n sobre<strong> \u201cTr\u00e1mites migratorios\u201d.<\/strong><\/p><p>En esta tarjeta encontrar\u00e1s el sitio donde podr\u00e1s realizar cualquier tr\u00e1mite migratorio ante el Instituto Nacional de Migraci\u00f3n (INM).<\/p>\t\t\t\t\t\t\t\t<\/div>\n\t\t\t\t<\/div>\n\t\t\t\t<div class=\"elementor-element elementor-element-414e8a6 elementor-widget elementor-widget-spacer\" data-id=\"414e8a6\" data-element_type=\"widget\" data-e-type=\"widget\" data-widget_type=\"spacer.default\">\n\t\t\t\t<div class=\"elementor-widget-container\">\n\t\t\t\t\t\t\t<div class=\"elementor-spacer\">\n\t\t\t<div class=\"elementor-spacer-inner\"><\/div>\n\t\t<\/div>\n\t\t\t\t\t\t<\/div>\n\t\t\t\t<\/div>\n\t\t\t\t\t<\/div>\n\t\t<\/div>\n\t\t\t\t\t<\/div>\n\t\t<\/section>\n\t\t\t\t<\/div>","protected":false},"excerpt":{"rendered":"<p>Orientaci\u00f3n Legal Si regresaste a M\u00e9xico, realiza tus tr\u00e1mites migratorios ante el Instituto Nacional de Migraci\u00f3n Lamentablemente gran parte de la comunidad latina que vive en Estados Unidos ha sido deportada o ha decidido regresar a nuestro pa\u00eds por cuenta propia debido a las dificultades que actualmente viven por la dureza de la pol\u00edtica migratoria del gobierno americano. Enfocados en que su regreso sea lo m\u00e1s seguro posible, en nuestra herramienta de \u201cOrientaci\u00f3n Legal\u201d tenemos el apartado \u00bfPlaneas regresar a M\u00e9xico? donde encontrar\u00e1s, entre varios asuntos, informaci\u00f3n sobre \u201cTr\u00e1mites migratorios\u201d. En esta tarjeta encontrar\u00e1s el sitio donde podr\u00e1s realizar cualquier tr\u00e1mite migratorio ante el Instituto Nacional de Migraci\u00f3n (INM).<\/p>","protected":false},"author":8,"featured_media":16021,"parent":0,"menu_order":0,"comment_status":"closed","ping_status":"closed","template":"elementor_header_footer","meta":{"_uf_show_specific_survey":0,"_uf_disable_surveys":false,"footnotes":""},"class_list":["post-16020","page","type-page","status-publish","has-post-thumbnail"],"aioseo_notices":[],"yoast_head":"<!-- This site is optimized with the Yoast SEO plugin v27.4 - https:\/\/yoast.com\/product\/yoast-seo-wordpress\/ -->\n<title>Realiza tus tr\u00e1mites migratorios ante el Instituto Nacional de Migraci\u00f3n<\/title>\n<meta name=\"description\" content=\"Si regresaste a M\u00e9xico, realiza tus tr\u00e1mites migratorios ante el\u00a0Instituto\u00a0Nacional\u00a0de\u00a0Migraci\u00f3n\u00a0Lamentablemente gran parte\u00a0de\u00a0la...\" \/>\n<meta name=\"robots\" content=\"index, follow, max-snippet:-1, max-image-preview:large, max-video-preview:-1\" \/>\n<link rel=\"canonical\" href=\"https:\/\/accesolatino.org\/en\/realiza-tus-tramites-migratorios-ante-el-instituto-nacional-de-migracion\/\" \/>\n<meta property=\"og:locale\" content=\"en_US\" \/>\n<meta property=\"og:type\" content=\"article\" \/>\n<meta property=\"og:title\" content=\"Acceso Latino | Si regresaste a M\u00e9xico, realiza tus tr\u00e1mites migratorios ante el Instituto Nacional de Migraci\u00f3n\" \/>\n<meta property=\"og:description\" content=\"Conoce las Instituciones que te pueden ser de ayuda en otros pa\u00edses.\" \/>\n<meta property=\"og:url\" content=\"https:\/\/accesolatino.org\/en\/realiza-tus-tramites-migratorios-ante-el-instituto-nacional-de-migracion\/\" \/>\n<meta property=\"og:site_name\" content=\"Acceso Latino\" \/>\n<meta property=\"article:publisher\" content=\"https:\/\/www.facebook.com\/AccesoLatinoOrg\" \/>\n<meta property=\"article:modified_time\" content=\"2025-11-07T01:29:14+00:00\" \/>\n<meta property=\"og:image\" content=\"https:\/\/accesolatino.org\/wp-content\/uploads\/2018\/12\/Si-regresaste-a-Mexico-realiza-tus-tramites-migratorios-ante-el-Instituto-Nacional-de-Migracion.jpg\" \/>\n\t<meta property=\"og:image:width\" content=\"600\" \/>\n\t<meta property=\"og:image:height\" content=\"338\" \/>\n\t<meta property=\"og:image:type\" content=\"image\/jpeg\" \/>\n<meta name=\"twitter:card\" content=\"summary_large_image\" \/>\n<meta name=\"twitter:title\" content=\"Acceso Latino | Si regresaste a M\u00e9xico, realiza tus tr\u00e1mites migratorios ante el Instituto Nacional de Migraci\u00f3n\" \/>\n<meta name=\"twitter:description\" content=\"Conoce las Instituciones que te pueden ser de ayuda en otros pa\u00edses.\" \/>\n<meta name=\"twitter:image\" content=\"https:\/\/accesolatino.org\/wp-content\/uploads\/2018\/12\/Si-regresaste-a-Mexico-realiza-tus-tramites-migratorios-ante-el-Instituto-Nacional-de-Migracion.jpg\" \/>\n<meta name=\"twitter:site\" content=\"@FAccLatino\" \/>\n<meta name=\"twitter:label1\" content=\"Est. reading time\" \/>\n\t<meta name=\"twitter:data1\" content=\"1 minute\" \/>\n<script type=\"application\/ld+json\" class=\"yoast-schema-graph\">{\"@context\":\"https:\\\/\\\/schema.org\",\"@graph\":[{\"@type\":\"WebPage\",\"@id\":\"https:\\\/\\\/accesolatino.org\\\/realiza-tus-tramites-migratorios-ante-el-instituto-nacional-de-migracion\\\/\",\"url\":\"https:\\\/\\\/accesolatino.org\\\/realiza-tus-tramites-migratorios-ante-el-instituto-nacional-de-migracion\\\/\",\"name\":\"Realiza tus tr\u00e1mites migratorios ante el Instituto Nacional de Migraci\u00f3n\",\"isPartOf\":{\"@id\":\"https:\\\/\\\/accesolatino.org\\\/#website\"},\"primaryImageOfPage\":{\"@id\":\"https:\\\/\\\/accesolatino.org\\\/realiza-tus-tramites-migratorios-ante-el-instituto-nacional-de-migracion\\\/#primaryimage\"},\"image\":{\"@id\":\"https:\\\/\\\/accesolatino.org\\\/realiza-tus-tramites-migratorios-ante-el-instituto-nacional-de-migracion\\\/#primaryimage\"},\"thumbnailUrl\":\"https:\\\/\\\/accesolatino.org\\\/wp-content\\\/uploads\\\/2018\\\/12\\\/Si-regresaste-a-Mexico-realiza-tus-tramites-migratorios-ante-el-Instituto-Nacional-de-Migracion.jpg\",\"datePublished\":\"2018-12-19T16:22:51+00:00\",\"dateModified\":\"2025-11-07T01:29:14+00:00\",\"description\":\"Si regresaste a M\u00e9xico, realiza tus tr\u00e1mites migratorios ante el\u00a0Instituto\u00a0Nacional\u00a0de\u00a0Migraci\u00f3n\u00a0Lamentablemente gran parte\u00a0de\u00a0la...\",\"breadcrumb\":{\"@id\":\"https:\\\/\\\/accesolatino.org\\\/realiza-tus-tramites-migratorios-ante-el-instituto-nacional-de-migracion\\\/#breadcrumb\"},\"inLanguage\":\"en-US\",\"potentialAction\":[{\"@type\":\"ReadAction\",\"target\":[\"https:\\\/\\\/accesolatino.org\\\/realiza-tus-tramites-migratorios-ante-el-instituto-nacional-de-migracion\\\/\"]}]},{\"@type\":\"ImageObject\",\"inLanguage\":\"en-US\",\"@id\":\"https:\\\/\\\/accesolatino.org\\\/realiza-tus-tramites-migratorios-ante-el-instituto-nacional-de-migracion\\\/#primaryimage\",\"url\":\"https:\\\/\\\/accesolatino.org\\\/wp-content\\\/uploads\\\/2018\\\/12\\\/Si-regresaste-a-Mexico-realiza-tus-tramites-migratorios-ante-el-Instituto-Nacional-de-Migracion.jpg\",\"contentUrl\":\"https:\\\/\\\/accesolatino.org\\\/wp-content\\\/uploads\\\/2018\\\/12\\\/Si-regresaste-a-Mexico-realiza-tus-tramites-migratorios-ante-el-Instituto-Nacional-de-Migracion.jpg\",\"width\":600,\"height\":338,\"caption\":\"Instituto Nacional de Migraci\u00f3n\"},{\"@type\":\"BreadcrumbList\",\"@id\":\"https:\\\/\\\/accesolatino.org\\\/realiza-tus-tramites-migratorios-ante-el-instituto-nacional-de-migracion\\\/#breadcrumb\",\"itemListElement\":[{\"@type\":\"ListItem\",\"position\":1,\"name\":\"Portada\",\"item\":\"https:\\\/\\\/accesolatino.org\\\/\"},{\"@type\":\"ListItem\",\"position\":2,\"name\":\"Si regresaste a M\u00e9xico, realiza tus tr\u00e1mites migratorios ante el Instituto Nacional de Migraci\u00f3n\"}]},{\"@type\":\"WebSite\",\"@id\":\"https:\\\/\\\/accesolatino.org\\\/#website\",\"url\":\"https:\\\/\\\/accesolatino.org\\\/\",\"name\":\"Acceso Latino | Fundaci\u00f3n Carlos Slim\",\"description\":\"Fundaci\u00f3n Carlos Slim\",\"publisher\":{\"@id\":\"https:\\\/\\\/accesolatino.org\\\/#organization\"},\"potentialAction\":[{\"@type\":\"SearchAction\",\"target\":{\"@type\":\"EntryPoint\",\"urlTemplate\":\"https:\\\/\\\/accesolatino.org\\\/?s={search_term_string}\"},\"query-input\":{\"@type\":\"PropertyValueSpecification\",\"valueRequired\":true,\"valueName\":\"search_term_string\"}}],\"inLanguage\":\"en-US\"},{\"@type\":\"Organization\",\"@id\":\"https:\\\/\\\/accesolatino.org\\\/#organization\",\"name\":\"Acceso Latino | Fundaci\u00f3n Carlos Slim\",\"url\":\"https:\\\/\\\/accesolatino.org\\\/\",\"logo\":{\"@type\":\"ImageObject\",\"inLanguage\":\"en-US\",\"@id\":\"https:\\\/\\\/accesolatino.org\\\/#\\\/schema\\\/logo\\\/image\\\/\",\"url\":\"https:\\\/\\\/accesolatino.org\\\/wp-content\\\/uploads\\\/2021\\\/02\\\/logo-footer-acceso-latino.png\",\"contentUrl\":\"https:\\\/\\\/accesolatino.org\\\/wp-content\\\/uploads\\\/2021\\\/02\\\/logo-footer-acceso-latino.png\",\"width\":240,\"height\":40,\"caption\":\"Acceso Latino | Fundaci\u00f3n Carlos Slim\"},\"image\":{\"@id\":\"https:\\\/\\\/accesolatino.org\\\/#\\\/schema\\\/logo\\\/image\\\/\"},\"sameAs\":[\"https:\\\/\\\/www.facebook.com\\\/AccesoLatinoOrg\",\"https:\\\/\\\/x.com\\\/FAccLatino\"]}]}<\/script>\n<!-- \/ Yoast SEO plugin. -->","yoast_head_json":{"title":"Realiza tus tr\u00e1mites migratorios ante el Instituto Nacional de Migraci\u00f3n","description":"Si regresaste a M\u00e9xico, realiza tus tr\u00e1mites migratorios ante el\u00a0Instituto\u00a0Nacional\u00a0de\u00a0Migraci\u00f3n\u00a0Lamentablemente gran parte\u00a0de\u00a0la...","robots":{"index":"index","follow":"follow","max-snippet":"max-snippet:-1","max-image-preview":"max-image-preview:large","max-video-preview":"max-video-preview:-1"},"canonical":"https:\/\/accesolatino.org\/en\/realiza-tus-tramites-migratorios-ante-el-instituto-nacional-de-migracion\/","og_locale":"en_US","og_type":"article","og_title":"Acceso Latino | Si regresaste a M\u00e9xico, realiza tus tr\u00e1mites migratorios ante el Instituto Nacional de Migraci\u00f3n","og_description":"Conoce las Instituciones que te pueden ser de ayuda en otros pa\u00edses.","og_url":"https:\/\/accesolatino.org\/en\/realiza-tus-tramites-migratorios-ante-el-instituto-nacional-de-migracion\/","og_site_name":"Acceso Latino","article_publisher":"https:\/\/www.facebook.com\/AccesoLatinoOrg","article_modified_time":"2025-11-07T01:29:14+00:00","og_image":[{"width":600,"height":338,"url":"https:\/\/accesolatino.org\/wp-content\/uploads\/2018\/12\/Si-regresaste-a-Mexico-realiza-tus-tramites-migratorios-ante-el-Instituto-Nacional-de-Migracion.jpg","type":"image\/jpeg"}],"twitter_card":"summary_large_image","twitter_title":"Acceso Latino | Si regresaste a M\u00e9xico, realiza tus tr\u00e1mites migratorios ante el Instituto Nacional de Migraci\u00f3n","twitter_description":"Conoce las Instituciones que te pueden ser de ayuda en otros pa\u00edses.","twitter_image":"https:\/\/accesolatino.org\/wp-content\/uploads\/2018\/12\/Si-regresaste-a-Mexico-realiza-tus-tramites-migratorios-ante-el-Instituto-Nacional-de-Migracion.jpg","twitter_site":"@FAccLatino","twitter_misc":{"Est. reading time":"1 minute"},"schema":{"@context":"https:\/\/schema.org","@graph":[{"@type":"WebPage","@id":"https:\/\/accesolatino.org\/realiza-tus-tramites-migratorios-ante-el-instituto-nacional-de-migracion\/","url":"https:\/\/accesolatino.org\/realiza-tus-tramites-migratorios-ante-el-instituto-nacional-de-migracion\/","name":"Realiza tus tr\u00e1mites migratorios ante el Instituto Nacional de Migraci\u00f3n","isPartOf":{"@id":"https:\/\/accesolatino.org\/#website"},"primaryImageOfPage":{"@id":"https:\/\/accesolatino.org\/realiza-tus-tramites-migratorios-ante-el-instituto-nacional-de-migracion\/#primaryimage"},"image":{"@id":"https:\/\/accesolatino.org\/realiza-tus-tramites-migratorios-ante-el-instituto-nacional-de-migracion\/#primaryimage"},"thumbnailUrl":"https:\/\/accesolatino.org\/wp-content\/uploads\/2018\/12\/Si-regresaste-a-Mexico-realiza-tus-tramites-migratorios-ante-el-Instituto-Nacional-de-Migracion.jpg","datePublished":"2018-12-19T16:22:51+00:00","dateModified":"2025-11-07T01:29:14+00:00","description":"Si regresaste a M\u00e9xico, realiza tus tr\u00e1mites migratorios ante el\u00a0Instituto\u00a0Nacional\u00a0de\u00a0Migraci\u00f3n\u00a0Lamentablemente gran parte\u00a0de\u00a0la...","breadcrumb":{"@id":"https:\/\/accesolatino.org\/realiza-tus-tramites-migratorios-ante-el-instituto-nacional-de-migracion\/#breadcrumb"},"inLanguage":"en-US","potentialAction":[{"@type":"ReadAction","target":["https:\/\/accesolatino.org\/realiza-tus-tramites-migratorios-ante-el-instituto-nacional-de-migracion\/"]}]},{"@type":"ImageObject","inLanguage":"en-US","@id":"https:\/\/accesolatino.org\/realiza-tus-tramites-migratorios-ante-el-instituto-nacional-de-migracion\/#primaryimage","url":"https:\/\/accesolatino.org\/wp-content\/uploads\/2018\/12\/Si-regresaste-a-Mexico-realiza-tus-tramites-migratorios-ante-el-Instituto-Nacional-de-Migracion.jpg","contentUrl":"https:\/\/accesolatino.org\/wp-content\/uploads\/2018\/12\/Si-regresaste-a-Mexico-realiza-tus-tramites-migratorios-ante-el-Instituto-Nacional-de-Migracion.jpg","width":600,"height":338,"caption":"Instituto Nacional de Migraci\u00f3n"},{"@type":"BreadcrumbList","@id":"https:\/\/accesolatino.org\/realiza-tus-tramites-migratorios-ante-el-instituto-nacional-de-migracion\/#breadcrumb","itemListElement":[{"@type":"ListItem","position":1,"name":"Portada","item":"https:\/\/accesolatino.org\/"},{"@type":"ListItem","position":2,"name":"Si regresaste a M\u00e9xico, realiza tus tr\u00e1mites migratorios ante el Instituto Nacional de Migraci\u00f3n"}]},{"@type":"WebSite","@id":"https:\/\/accesolatino.org\/#website","url":"https:\/\/accesolatino.org\/","name":"Acceso Latino | Fundaci\u00f3n Carlos Slim","description":"Fundaci\u00f3n Carlos Slim","publisher":{"@id":"https:\/\/accesolatino.org\/#organization"},"potentialAction":[{"@type":"SearchAction","target":{"@type":"EntryPoint","urlTemplate":"https:\/\/accesolatino.org\/?s={search_term_string}"},"query-input":{"@type":"PropertyValueSpecification","valueRequired":true,"valueName":"search_term_string"}}],"inLanguage":"en-US"},{"@type":"Organization","@id":"https:\/\/accesolatino.org\/#organization","name":"Acceso Latino | Fundaci\u00f3n Carlos Slim","url":"https:\/\/accesolatino.org\/","logo":{"@type":"ImageObject","inLanguage":"en-US","@id":"https:\/\/accesolatino.org\/#\/schema\/logo\/image\/","url":"https:\/\/accesolatino.org\/wp-content\/uploads\/2021\/02\/logo-footer-acceso-latino.png","contentUrl":"https:\/\/accesolatino.org\/wp-content\/uploads\/2021\/02\/logo-footer-acceso-latino.png","width":240,"height":40,"caption":"Acceso Latino | Fundaci\u00f3n Carlos Slim"},"image":{"@id":"https:\/\/accesolatino.org\/#\/schema\/logo\/image\/"},"sameAs":["https:\/\/www.facebook.com\/AccesoLatinoOrg","https:\/\/x.com\/FAccLatino"]}]}},"_links":{"self":[{"href":"https:\/\/accesolatino.org\/en\/wp-json\/wp\/v2\/pages\/16020","targetHints":{"allow":["GET"]}}],"collection":[{"href":"https:\/\/accesolatino.org\/en\/wp-json\/wp\/v2\/pages"}],"about":[{"href":"https:\/\/accesolatino.org\/en\/wp-json\/wp\/v2\/types\/page"}],"author":[{"embeddable":true,"href":"https:\/\/accesolatino.org\/en\/wp-json\/wp\/v2\/users\/8"}],"replies":[{"embeddable":true,"href":"https:\/\/accesolatino.org\/en\/wp-json\/wp\/v2\/comments?post=16020"}],"version-history":[{"count":1,"href":"https:\/\/accesolatino.org\/en\/wp-json\/wp\/v2\/pages\/16020\/revisions"}],"predecessor-version":[{"id":68594,"href":"https:\/\/accesolatino.org\/en\/wp-json\/wp\/v2\/pages\/16020\/revisions\/68594"}],"wp:featuredmedia":[{"embeddable":true,"href":"https:\/\/accesolatino.org\/en\/wp-json\/wp\/v2\/media\/16021"}],"wp:attachment":[{"href":"https:\/\/accesolatino.org\/en\/wp-json\/wp\/v2\/media?parent=16020"}],"curies":[{"name":"wp","href":"https:\/\/api.w.org\/{rel}","templated":true}]}}