{"id":16006,"date":"2018-12-18T11:30:21","date_gmt":"2018-12-18T17:30:21","guid":{"rendered":"https:\/\/accesolatino.org\/?page_id=16006"},"modified":"2025-11-06T19:29:14","modified_gmt":"2025-11-07T01:29:14","slug":"conoce-los-tramites-migratorios-que-puedes-hacer-ante-el-instituto-nacional-de-migracion-inm","status":"publish","type":"page","link":"https:\/\/accesolatino.org\/en\/conoce-los-tramites-migratorios-que-puedes-hacer-ante-el-instituto-nacional-de-migracion-inm\/","title":{"rendered":"Learn about the immigration procedures you can do before the National Immigration Institute (INM)."},"content":{"rendered":"<div data-elementor-type=\"wp-post\" data-elementor-id=\"16006\" class=\"elementor elementor-16006\">\n\t\t\t\t\t\t<section class=\"elementor-section elementor-top-section elementor-element elementor-element-15e7637 elementor-section-full_width elementor-section-height-min-height elementor-section-items-stretch elementor-section-height-default wpr-particle-no wpr-jarallax-no wpr-parallax-no wpr-sticky-section-no wpr-equal-height-no\" data-id=\"15e7637\" data-element_type=\"section\" data-e-type=\"section\" data-settings=\"{&quot;background_background&quot;:&quot;classic&quot;}\">\n\t\t\t\t\t\t<div class=\"elementor-container elementor-column-gap-no\">\n\t\t\t\t\t<div class=\"elementor-column elementor-col-100 elementor-top-column elementor-element elementor-element-ecc71fe\" data-id=\"ecc71fe\" data-element_type=\"column\" data-e-type=\"column\">\n\t\t\t<div class=\"elementor-widget-wrap elementor-element-populated\">\n\t\t\t\t\t\t<div class=\"elementor-element elementor-element-05d41bf elementor--h-position-center elementor--v-position-middle elementor-widget elementor-widget-slides\" data-id=\"05d41bf\" data-element_type=\"widget\" data-e-type=\"widget\" data-settings=\"{&quot;navigation&quot;:&quot;none&quot;,&quot;infinite&quot;:&quot;yes&quot;,&quot;transition&quot;:&quot;slide&quot;,&quot;transition_speed&quot;:500}\" data-widget_type=\"slides.default\">\n\t\t\t\t<div class=\"elementor-widget-container\">\n\t\t\t\t\t\t\t<div class=\"elementor-swiper\">\n\t\t\t<div class=\"elementor-slides-wrapper elementor-main-swiper swiper-container\" dir=\"ltr\" data-animation=\"\">\n\t\t\t\t<div class=\"swiper-wrapper elementor-slides\">\n\t\t\t\t\t\t\t\t\t\t<div class=\"elementor-repeater-item-d983a28 swiper-slide\"><div class=\"swiper-slide-bg\"><\/div><div class=\"swiper-slide-inner\" ><div class=\"swiper-slide-contents\"><div class=\"elementor-slide-heading\">Legal Guidance<\/div><\/div><\/div><\/div>\t\t\t\t<\/div>\n\t\t\t\t\t\t\t<\/div>\n\t\t<\/div>\n\t\t\t\t\t\t<\/div>\n\t\t\t\t<\/div>\n\t\t\t\t\t<\/div>\n\t\t<\/div>\n\t\t\t\t\t<\/div>\n\t\t<\/section>\n\t\t\t\t<section class=\"elementor-section elementor-top-section elementor-element elementor-element-4ff3748 elementor-section-stretched elementor-section-boxed elementor-section-height-default elementor-section-height-default wpr-particle-no wpr-jarallax-no wpr-parallax-no wpr-sticky-section-no wpr-equal-height-no\" data-id=\"4ff3748\" data-element_type=\"section\" data-e-type=\"section\" data-settings=\"{&quot;stretch_section&quot;:&quot;section-stretched&quot;,&quot;background_background&quot;:&quot;classic&quot;}\">\n\t\t\t\t\t\t<div class=\"elementor-container elementor-column-gap-default\">\n\t\t\t\t\t<div class=\"elementor-column elementor-col-100 elementor-top-column elementor-element elementor-element-aef11ba\" data-id=\"aef11ba\" data-element_type=\"column\" data-e-type=\"column\">\n\t\t\t<div class=\"elementor-widget-wrap elementor-element-populated\">\n\t\t\t\t\t\t<div class=\"elementor-element elementor-element-7156cd2 elementor-widget elementor-widget-heading\" data-id=\"7156cd2\" data-element_type=\"widget\" data-e-type=\"widget\" data-widget_type=\"heading.default\">\n\t\t\t\t<div class=\"elementor-widget-container\">\n\t\t\t\t\t<h3 class=\"elementor-heading-title elementor-size-default\">Learn about the immigration procedures you can do before the National Immigration Institute (INM).<\/h3>\t\t\t\t<\/div>\n\t\t\t\t<\/div>\n\t\t\t\t<div class=\"elementor-element elementor-element-0f726fa elementor-widget elementor-widget-text-editor\" data-id=\"0f726fa\" data-element_type=\"widget\" data-e-type=\"widget\" data-widget_type=\"text-editor.default\">\n\t\t\t\t<div class=\"elementor-widget-container\">\n\t\t\t\t\t\t\t\t\t<p>La dura situaci\u00f3n que viven actualmente nuestros hermanos latinos en Estados Unidos cada d\u00eda se incrementa m\u00e1s con las deportaciones. No obstante, muchos migrantes tambi\u00e9n han decidido regresar a su pa\u00eds por decisi\u00f3n propia impulsados por el temor que ha generado el gobierno.<\/p><p>Buscando que su regreso sea lo m\u00e1s seguro posible, en nuestra herramienta de <a href=\"https:\/\/accesolatino.org\/en\/orientacion-legal\/\"><strong>\u201cOrientaci\u00f3n Legal\u201d<\/strong><\/a> tenemos el apartado <a href=\"https:\/\/accesolatino.org\/en\/orientacion-legal\/migrantes-en-mexico\/\"><strong>\u00bfPlaneas regresar a M\u00e9xico?<\/strong> <\/a>donde encontrar\u00e1s, entre varios asuntos, informaci\u00f3n sobre <strong>\u201cTr\u00e1mites migratorios\u201d.<\/strong><\/p><p>En esta tarjeta encontrar\u00e1s el sitio donde podr\u00e1s realizar cualquier tr\u00e1mite migratorio ante el Instituto Nacional de Migraci\u00f3n (INM).<\/p><p>Entre los tr\u00e1mites que el INM pone a tu disposici\u00f3n a trav\u00e9s de la ventanilla \u00fanica son:<\/p><ul><li>Autorizaci\u00f3n de internaci\u00f3n a territorio nacional por razones humanitarias<\/li><li>Internaci\u00f3n de mexicanos al territorio nacional<\/li><li>Expedici\u00f3n de documento migratorio por autorizaci\u00f3n de condici\u00f3n de estancia<\/li><li>Cambio a residente permanente por v\u00ednculo familiar<\/li><li>Reposici\u00f3n de documento migratorio<\/li><\/ul>\t\t\t\t\t\t\t\t<\/div>\n\t\t\t\t<\/div>\n\t\t\t\t<div class=\"elementor-element elementor-element-7cd2700 elementor-widget elementor-widget-spacer\" data-id=\"7cd2700\" data-element_type=\"widget\" data-e-type=\"widget\" data-widget_type=\"spacer.default\">\n\t\t\t\t<div class=\"elementor-widget-container\">\n\t\t\t\t\t\t\t<div class=\"elementor-spacer\">\n\t\t\t<div class=\"elementor-spacer-inner\"><\/div>\n\t\t<\/div>\n\t\t\t\t\t\t<\/div>\n\t\t\t\t<\/div>\n\t\t\t\t\t<\/div>\n\t\t<\/div>\n\t\t\t\t\t<\/div>\n\t\t<\/section>\n\t\t\t\t<\/div>","protected":false},"excerpt":{"rendered":"<p>Orientaci\u00f3n Legal Conoce los tr\u00e1mites migratorios que puedes hacer ante el Instituto Nacional de Migraci\u00f3n (INM) La dura situaci\u00f3n que viven actualmente nuestros hermanos latinos en Estados Unidos cada d\u00eda se incrementa m\u00e1s con las deportaciones. No obstante, muchos migrantes tambi\u00e9n han decidido regresar a su pa\u00eds por decisi\u00f3n propia impulsados por el temor que ha generado el gobierno. Buscando que su regreso sea lo m\u00e1s seguro posible, en nuestra herramienta de \u201cOrientaci\u00f3n Legal\u201d tenemos el apartado \u00bfPlaneas regresar a M\u00e9xico? donde encontrar\u00e1s, entre varios asuntos, informaci\u00f3n sobre \u201cTr\u00e1mites migratorios\u201d. En esta tarjeta encontrar\u00e1s el sitio donde podr\u00e1s realizar cualquier tr\u00e1mite migratorio ante el Instituto Nacional de Migraci\u00f3n (INM). Entre los tr\u00e1mites que el INM pone a tu disposici\u00f3n a trav\u00e9s de la ventanilla \u00fanica son: Autorizaci\u00f3n de internaci\u00f3n a territorio nacional por razones humanitarias Internaci\u00f3n de mexicanos al territorio nacional Expedici\u00f3n de documento migratorio por autorizaci\u00f3n de condici\u00f3n de estancia Cambio a residente permanente por v\u00ednculo familiar Reposici\u00f3n de documento migratorio<\/p>","protected":false},"author":8,"featured_media":16007,"parent":0,"menu_order":0,"comment_status":"closed","ping_status":"closed","template":"elementor_header_footer","meta":{"_uf_show_specific_survey":0,"_uf_disable_surveys":false,"footnotes":""},"class_list":["post-16006","page","type-page","status-publish","has-post-thumbnail"],"aioseo_notices":[],"yoast_head":"<!-- This site is optimized with the Yoast SEO plugin v27.4 - https:\/\/yoast.com\/product\/yoast-seo-wordpress\/ -->\n<title>Conoce los tr\u00e1mites migratorios que puedes hacer ante el Instituto Nacional de Migraci\u00f3n (INM)<\/title>\n<meta name=\"description\" content=\"Conoce los tr\u00e1mites migratorios que puedes hacer ante el Instituto Nacional de Migraci\u00f3n (INM) La dura situaci\u00f3n que viven actualmente\" \/>\n<meta name=\"robots\" content=\"index, follow, max-snippet:-1, max-image-preview:large, max-video-preview:-1\" \/>\n<link rel=\"canonical\" href=\"https:\/\/accesolatino.org\/en\/conoce-los-tramites-migratorios-que-puedes-hacer-ante-el-instituto-nacional-de-migracion-inm\/\" \/>\n<meta property=\"og:locale\" content=\"en_US\" \/>\n<meta property=\"og:type\" content=\"article\" \/>\n<meta property=\"og:title\" content=\"Acceso Latino | Conoce los tr\u00e1mites migratorios que puedes hacer ante el Instituto Nacional de Migraci\u00f3n (INM)\" \/>\n<meta property=\"og:description\" content=\"Conoce los formularios para tr\u00e1mites migratorios gratuitos en Estados Unidos\" \/>\n<meta property=\"og:url\" content=\"https:\/\/accesolatino.org\/en\/conoce-los-tramites-migratorios-que-puedes-hacer-ante-el-instituto-nacional-de-migracion-inm\/\" \/>\n<meta property=\"og:site_name\" content=\"Acceso Latino\" \/>\n<meta property=\"article:publisher\" content=\"https:\/\/www.facebook.com\/AccesoLatinoOrg\" \/>\n<meta property=\"article:modified_time\" content=\"2025-11-07T01:29:14+00:00\" \/>\n<meta property=\"og:image\" content=\"https:\/\/accesolatino.org\/wp-content\/uploads\/2018\/12\/Conoce-los-tramites-migratorios-que-puedes-hacer-ante-el-Instituto-Nacional-de-Migracion-INM.jpg\" \/>\n\t<meta property=\"og:image:width\" content=\"600\" \/>\n\t<meta property=\"og:image:height\" content=\"338\" \/>\n\t<meta property=\"og:image:type\" content=\"image\/jpeg\" \/>\n<meta name=\"twitter:card\" content=\"summary_large_image\" \/>\n<meta name=\"twitter:title\" content=\"Acceso Latino | Conoce los tr\u00e1mites migratorios que puedes hacer ante el Instituto Nacional de Migraci\u00f3n (INM)\" \/>\n<meta name=\"twitter:description\" content=\"Conoce los formularios para tr\u00e1mites migratorios gratuitos en Estados Unidos\" \/>\n<meta name=\"twitter:image\" content=\"https:\/\/accesolatino.org\/wp-content\/uploads\/2018\/12\/Conoce-los-tramites-migratorios-que-puedes-hacer-ante-el-Instituto-Nacional-de-Migracion-INM.jpg\" \/>\n<meta name=\"twitter:site\" content=\"@FAccLatino\" \/>\n<meta name=\"twitter:label1\" content=\"Est. reading time\" \/>\n\t<meta name=\"twitter:data1\" content=\"1 minute\" \/>\n<script type=\"application\/ld+json\" class=\"yoast-schema-graph\">{\"@context\":\"https:\\\/\\\/schema.org\",\"@graph\":[{\"@type\":\"WebPage\",\"@id\":\"https:\\\/\\\/accesolatino.org\\\/en\\\/conoce-los-tramites-migratorios-que-puedes-hacer-ante-el-instituto-nacional-de-migracion-inm\\\/\",\"url\":\"https:\\\/\\\/accesolatino.org\\\/en\\\/conoce-los-tramites-migratorios-que-puedes-hacer-ante-el-instituto-nacional-de-migracion-inm\\\/\",\"name\":\"Conoce los tr\u00e1mites migratorios que puedes hacer ante el Instituto Nacional de Migraci\u00f3n (INM)\",\"isPartOf\":{\"@id\":\"https:\\\/\\\/accesolatino.org\\\/#website\"},\"primaryImageOfPage\":{\"@id\":\"https:\\\/\\\/accesolatino.org\\\/en\\\/conoce-los-tramites-migratorios-que-puedes-hacer-ante-el-instituto-nacional-de-migracion-inm\\\/#primaryimage\"},\"image\":{\"@id\":\"https:\\\/\\\/accesolatino.org\\\/en\\\/conoce-los-tramites-migratorios-que-puedes-hacer-ante-el-instituto-nacional-de-migracion-inm\\\/#primaryimage\"},\"thumbnailUrl\":\"https:\\\/\\\/accesolatino.org\\\/wp-content\\\/uploads\\\/2018\\\/12\\\/Conoce-los-tramites-migratorios-que-puedes-hacer-ante-el-Instituto-Nacional-de-Migracion-INM.jpg\",\"datePublished\":\"2018-12-18T17:30:21+00:00\",\"dateModified\":\"2025-11-07T01:29:14+00:00\",\"description\":\"Conoce los tr\u00e1mites migratorios que puedes hacer ante el Instituto Nacional de Migraci\u00f3n (INM) La dura situaci\u00f3n que viven actualmente\",\"breadcrumb\":{\"@id\":\"https:\\\/\\\/accesolatino.org\\\/en\\\/conoce-los-tramites-migratorios-que-puedes-hacer-ante-el-instituto-nacional-de-migracion-inm\\\/#breadcrumb\"},\"inLanguage\":\"en-US\",\"potentialAction\":[{\"@type\":\"ReadAction\",\"target\":[\"https:\\\/\\\/accesolatino.org\\\/en\\\/conoce-los-tramites-migratorios-que-puedes-hacer-ante-el-instituto-nacional-de-migracion-inm\\\/\"]}]},{\"@type\":\"ImageObject\",\"inLanguage\":\"en-US\",\"@id\":\"https:\\\/\\\/accesolatino.org\\\/en\\\/conoce-los-tramites-migratorios-que-puedes-hacer-ante-el-instituto-nacional-de-migracion-inm\\\/#primaryimage\",\"url\":\"https:\\\/\\\/accesolatino.org\\\/wp-content\\\/uploads\\\/2018\\\/12\\\/Conoce-los-tramites-migratorios-que-puedes-hacer-ante-el-Instituto-Nacional-de-Migracion-INM.jpg\",\"contentUrl\":\"https:\\\/\\\/accesolatino.org\\\/wp-content\\\/uploads\\\/2018\\\/12\\\/Conoce-los-tramites-migratorios-que-puedes-hacer-ante-el-Instituto-Nacional-de-Migracion-INM.jpg\",\"width\":600,\"height\":338,\"caption\":\"tr\u00e1mites migratorios\"},{\"@type\":\"BreadcrumbList\",\"@id\":\"https:\\\/\\\/accesolatino.org\\\/en\\\/conoce-los-tramites-migratorios-que-puedes-hacer-ante-el-instituto-nacional-de-migracion-inm\\\/#breadcrumb\",\"itemListElement\":[{\"@type\":\"ListItem\",\"position\":1,\"name\":\"Portada\",\"item\":\"https:\\\/\\\/accesolatino.org\\\/\"},{\"@type\":\"ListItem\",\"position\":2,\"name\":\"Conoce los tr\u00e1mites migratorios que puedes hacer ante el Instituto Nacional de Migraci\u00f3n (INM)\"}]},{\"@type\":\"WebSite\",\"@id\":\"https:\\\/\\\/accesolatino.org\\\/#website\",\"url\":\"https:\\\/\\\/accesolatino.org\\\/\",\"name\":\"Acceso Latino | Fundaci\u00f3n Carlos Slim\",\"description\":\"Fundaci\u00f3n Carlos Slim\",\"publisher\":{\"@id\":\"https:\\\/\\\/accesolatino.org\\\/#organization\"},\"potentialAction\":[{\"@type\":\"SearchAction\",\"target\":{\"@type\":\"EntryPoint\",\"urlTemplate\":\"https:\\\/\\\/accesolatino.org\\\/?s={search_term_string}\"},\"query-input\":{\"@type\":\"PropertyValueSpecification\",\"valueRequired\":true,\"valueName\":\"search_term_string\"}}],\"inLanguage\":\"en-US\"},{\"@type\":\"Organization\",\"@id\":\"https:\\\/\\\/accesolatino.org\\\/#organization\",\"name\":\"Acceso Latino | Fundaci\u00f3n Carlos Slim\",\"url\":\"https:\\\/\\\/accesolatino.org\\\/\",\"logo\":{\"@type\":\"ImageObject\",\"inLanguage\":\"en-US\",\"@id\":\"https:\\\/\\\/accesolatino.org\\\/#\\\/schema\\\/logo\\\/image\\\/\",\"url\":\"https:\\\/\\\/accesolatino.org\\\/wp-content\\\/uploads\\\/2021\\\/02\\\/logo-footer-acceso-latino.png\",\"contentUrl\":\"https:\\\/\\\/accesolatino.org\\\/wp-content\\\/uploads\\\/2021\\\/02\\\/logo-footer-acceso-latino.png\",\"width\":240,\"height\":40,\"caption\":\"Acceso Latino | Fundaci\u00f3n Carlos Slim\"},\"image\":{\"@id\":\"https:\\\/\\\/accesolatino.org\\\/#\\\/schema\\\/logo\\\/image\\\/\"},\"sameAs\":[\"https:\\\/\\\/www.facebook.com\\\/AccesoLatinoOrg\",\"https:\\\/\\\/x.com\\\/FAccLatino\"]}]}<\/script>\n<!-- \/ Yoast SEO plugin. -->","yoast_head_json":{"title":"Learn about the immigration procedures you can do before the National Immigration Institute (INM).","description":"Conoce los tr\u00e1mites migratorios que puedes hacer ante el Instituto Nacional de Migraci\u00f3n (INM) La dura situaci\u00f3n que viven actualmente","robots":{"index":"index","follow":"follow","max-snippet":"max-snippet:-1","max-image-preview":"max-image-preview:large","max-video-preview":"max-video-preview:-1"},"canonical":"https:\/\/accesolatino.org\/en\/conoce-los-tramites-migratorios-que-puedes-hacer-ante-el-instituto-nacional-de-migracion-inm\/","og_locale":"en_US","og_type":"article","og_title":"Acceso Latino | Conoce los tr\u00e1mites migratorios que puedes hacer ante el Instituto Nacional de Migraci\u00f3n (INM)","og_description":"Conoce los formularios para tr\u00e1mites migratorios gratuitos en Estados Unidos","og_url":"https:\/\/accesolatino.org\/en\/conoce-los-tramites-migratorios-que-puedes-hacer-ante-el-instituto-nacional-de-migracion-inm\/","og_site_name":"Acceso Latino","article_publisher":"https:\/\/www.facebook.com\/AccesoLatinoOrg","article_modified_time":"2025-11-07T01:29:14+00:00","og_image":[{"width":600,"height":338,"url":"https:\/\/accesolatino.org\/wp-content\/uploads\/2018\/12\/Conoce-los-tramites-migratorios-que-puedes-hacer-ante-el-Instituto-Nacional-de-Migracion-INM.jpg","type":"image\/jpeg"}],"twitter_card":"summary_large_image","twitter_title":"Acceso Latino | Conoce los tr\u00e1mites migratorios que puedes hacer ante el Instituto Nacional de Migraci\u00f3n (INM)","twitter_description":"Conoce los formularios para tr\u00e1mites migratorios gratuitos en Estados Unidos","twitter_image":"https:\/\/accesolatino.org\/wp-content\/uploads\/2018\/12\/Conoce-los-tramites-migratorios-que-puedes-hacer-ante-el-Instituto-Nacional-de-Migracion-INM.jpg","twitter_site":"@FAccLatino","twitter_misc":{"Est. reading time":"1 minute"},"schema":{"@context":"https:\/\/schema.org","@graph":[{"@type":"WebPage","@id":"https:\/\/accesolatino.org\/en\/conoce-los-tramites-migratorios-que-puedes-hacer-ante-el-instituto-nacional-de-migracion-inm\/","url":"https:\/\/accesolatino.org\/en\/conoce-los-tramites-migratorios-que-puedes-hacer-ante-el-instituto-nacional-de-migracion-inm\/","name":"Learn about the immigration procedures you can do before the National Immigration Institute (INM).","isPartOf":{"@id":"https:\/\/accesolatino.org\/#website"},"primaryImageOfPage":{"@id":"https:\/\/accesolatino.org\/en\/conoce-los-tramites-migratorios-que-puedes-hacer-ante-el-instituto-nacional-de-migracion-inm\/#primaryimage"},"image":{"@id":"https:\/\/accesolatino.org\/en\/conoce-los-tramites-migratorios-que-puedes-hacer-ante-el-instituto-nacional-de-migracion-inm\/#primaryimage"},"thumbnailUrl":"https:\/\/accesolatino.org\/wp-content\/uploads\/2018\/12\/Conoce-los-tramites-migratorios-que-puedes-hacer-ante-el-Instituto-Nacional-de-Migracion-INM.jpg","datePublished":"2018-12-18T17:30:21+00:00","dateModified":"2025-11-07T01:29:14+00:00","description":"Conoce los tr\u00e1mites migratorios que puedes hacer ante el Instituto Nacional de Migraci\u00f3n (INM) La dura situaci\u00f3n que viven actualmente","breadcrumb":{"@id":"https:\/\/accesolatino.org\/en\/conoce-los-tramites-migratorios-que-puedes-hacer-ante-el-instituto-nacional-de-migracion-inm\/#breadcrumb"},"inLanguage":"en-US","potentialAction":[{"@type":"ReadAction","target":["https:\/\/accesolatino.org\/en\/conoce-los-tramites-migratorios-que-puedes-hacer-ante-el-instituto-nacional-de-migracion-inm\/"]}]},{"@type":"ImageObject","inLanguage":"en-US","@id":"https:\/\/accesolatino.org\/en\/conoce-los-tramites-migratorios-que-puedes-hacer-ante-el-instituto-nacional-de-migracion-inm\/#primaryimage","url":"https:\/\/accesolatino.org\/wp-content\/uploads\/2018\/12\/Conoce-los-tramites-migratorios-que-puedes-hacer-ante-el-Instituto-Nacional-de-Migracion-INM.jpg","contentUrl":"https:\/\/accesolatino.org\/wp-content\/uploads\/2018\/12\/Conoce-los-tramites-migratorios-que-puedes-hacer-ante-el-Instituto-Nacional-de-Migracion-INM.jpg","width":600,"height":338,"caption":"tr\u00e1mites migratorios"},{"@type":"BreadcrumbList","@id":"https:\/\/accesolatino.org\/en\/conoce-los-tramites-migratorios-que-puedes-hacer-ante-el-instituto-nacional-de-migracion-inm\/#breadcrumb","itemListElement":[{"@type":"ListItem","position":1,"name":"Portada","item":"https:\/\/accesolatino.org\/"},{"@type":"ListItem","position":2,"name":"Conoce los tr\u00e1mites migratorios que puedes hacer ante el Instituto Nacional de Migraci\u00f3n (INM)"}]},{"@type":"WebSite","@id":"https:\/\/accesolatino.org\/#website","url":"https:\/\/accesolatino.org\/","name":"Acceso Latino | Fundaci\u00f3n Carlos Slim","description":"Fundaci\u00f3n Carlos Slim","publisher":{"@id":"https:\/\/accesolatino.org\/#organization"},"potentialAction":[{"@type":"SearchAction","target":{"@type":"EntryPoint","urlTemplate":"https:\/\/accesolatino.org\/?s={search_term_string}"},"query-input":{"@type":"PropertyValueSpecification","valueRequired":true,"valueName":"search_term_string"}}],"inLanguage":"en-US"},{"@type":"Organization","@id":"https:\/\/accesolatino.org\/#organization","name":"Acceso Latino | Fundaci\u00f3n Carlos Slim","url":"https:\/\/accesolatino.org\/","logo":{"@type":"ImageObject","inLanguage":"en-US","@id":"https:\/\/accesolatino.org\/#\/schema\/logo\/image\/","url":"https:\/\/accesolatino.org\/wp-content\/uploads\/2021\/02\/logo-footer-acceso-latino.png","contentUrl":"https:\/\/accesolatino.org\/wp-content\/uploads\/2021\/02\/logo-footer-acceso-latino.png","width":240,"height":40,"caption":"Acceso Latino | Fundaci\u00f3n Carlos Slim"},"image":{"@id":"https:\/\/accesolatino.org\/#\/schema\/logo\/image\/"},"sameAs":["https:\/\/www.facebook.com\/AccesoLatinoOrg","https:\/\/x.com\/FAccLatino"]}]}},"_links":{"self":[{"href":"https:\/\/accesolatino.org\/en\/wp-json\/wp\/v2\/pages\/16006","targetHints":{"allow":["GET"]}}],"collection":[{"href":"https:\/\/accesolatino.org\/en\/wp-json\/wp\/v2\/pages"}],"about":[{"href":"https:\/\/accesolatino.org\/en\/wp-json\/wp\/v2\/types\/page"}],"author":[{"embeddable":true,"href":"https:\/\/accesolatino.org\/en\/wp-json\/wp\/v2\/users\/8"}],"replies":[{"embeddable":true,"href":"https:\/\/accesolatino.org\/en\/wp-json\/wp\/v2\/comments?post=16006"}],"version-history":[{"count":1,"href":"https:\/\/accesolatino.org\/en\/wp-json\/wp\/v2\/pages\/16006\/revisions"}],"predecessor-version":[{"id":68596,"href":"https:\/\/accesolatino.org\/en\/wp-json\/wp\/v2\/pages\/16006\/revisions\/68596"}],"wp:featuredmedia":[{"embeddable":true,"href":"https:\/\/accesolatino.org\/en\/wp-json\/wp\/v2\/media\/16007"}],"wp:attachment":[{"href":"https:\/\/accesolatino.org\/en\/wp-json\/wp\/v2\/media?parent=16006"}],"curies":[{"name":"wp","href":"https:\/\/api.w.org\/{rel}","templated":true}]}}