{"id":15996,"date":"2018-12-17T12:35:34","date_gmt":"2018-12-17T18:35:34","guid":{"rendered":"https:\/\/accesolatino.org\/?page_id=15996"},"modified":"2025-11-06T19:29:14","modified_gmt":"2025-11-07T01:29:14","slug":"retorna-a-mexico-de-manera-segura-con-tus-hijos","status":"publish","type":"page","link":"https:\/\/accesolatino.org\/en\/retorna-a-mexico-de-manera-segura-con-tus-hijos\/","title":{"rendered":"Safely return to Mexico with your children"},"content":{"rendered":"<div data-elementor-type=\"wp-post\" data-elementor-id=\"15996\" class=\"elementor elementor-15996\">\n\t\t\t\t\t\t<section class=\"elementor-section elementor-top-section elementor-element elementor-element-7a9caea elementor-section-full_width elementor-section-height-min-height elementor-section-items-stretch elementor-section-height-default wpr-particle-no wpr-jarallax-no wpr-parallax-no wpr-sticky-section-no wpr-equal-height-no\" data-id=\"7a9caea\" data-element_type=\"section\" data-e-type=\"section\" data-settings=\"{&quot;background_background&quot;:&quot;classic&quot;}\">\n\t\t\t\t\t\t<div class=\"elementor-container elementor-column-gap-no\">\n\t\t\t\t\t<div class=\"elementor-column elementor-col-100 elementor-top-column elementor-element elementor-element-e526493\" data-id=\"e526493\" data-element_type=\"column\" data-e-type=\"column\">\n\t\t\t<div class=\"elementor-widget-wrap elementor-element-populated\">\n\t\t\t\t\t\t<div class=\"elementor-element elementor-element-81b8263 elementor--h-position-center elementor--v-position-middle elementor-widget elementor-widget-slides\" data-id=\"81b8263\" data-element_type=\"widget\" data-e-type=\"widget\" data-settings=\"{&quot;navigation&quot;:&quot;none&quot;,&quot;infinite&quot;:&quot;yes&quot;,&quot;transition&quot;:&quot;slide&quot;,&quot;transition_speed&quot;:500}\" data-widget_type=\"slides.default\">\n\t\t\t\t<div class=\"elementor-widget-container\">\n\t\t\t\t\t\t\t<div class=\"elementor-swiper\">\n\t\t\t<div class=\"elementor-slides-wrapper elementor-main-swiper swiper-container\" dir=\"ltr\" data-animation=\"\">\n\t\t\t\t<div class=\"swiper-wrapper elementor-slides\">\n\t\t\t\t\t\t\t\t\t\t<div class=\"elementor-repeater-item-d983a28 swiper-slide\"><div class=\"swiper-slide-bg\"><\/div><div class=\"swiper-slide-inner\" ><div class=\"swiper-slide-contents\"><div class=\"elementor-slide-heading\">Legal Guidance<\/div><\/div><\/div><\/div>\t\t\t\t<\/div>\n\t\t\t\t\t\t\t<\/div>\n\t\t<\/div>\n\t\t\t\t\t\t<\/div>\n\t\t\t\t<\/div>\n\t\t\t\t\t<\/div>\n\t\t<\/div>\n\t\t\t\t\t<\/div>\n\t\t<\/section>\n\t\t\t\t<section class=\"elementor-section elementor-top-section elementor-element elementor-element-c9068a3 elementor-section-stretched elementor-section-boxed elementor-section-height-default elementor-section-height-default wpr-particle-no wpr-jarallax-no wpr-parallax-no wpr-sticky-section-no wpr-equal-height-no\" data-id=\"c9068a3\" data-element_type=\"section\" data-e-type=\"section\" data-settings=\"{&quot;stretch_section&quot;:&quot;section-stretched&quot;,&quot;background_background&quot;:&quot;classic&quot;}\">\n\t\t\t\t\t\t<div class=\"elementor-container elementor-column-gap-default\">\n\t\t\t\t\t<div class=\"elementor-column elementor-col-100 elementor-top-column elementor-element elementor-element-ae8d288\" data-id=\"ae8d288\" data-element_type=\"column\" data-e-type=\"column\">\n\t\t\t<div class=\"elementor-widget-wrap elementor-element-populated\">\n\t\t\t\t\t\t<div class=\"elementor-element elementor-element-cbf6075 elementor-widget elementor-widget-heading\" data-id=\"cbf6075\" data-element_type=\"widget\" data-e-type=\"widget\" data-widget_type=\"heading.default\">\n\t\t\t\t<div class=\"elementor-widget-container\">\n\t\t\t\t\t<h3 class=\"elementor-heading-title elementor-size-default\">Safely return to Mexico with your children<\/h3>\t\t\t\t<\/div>\n\t\t\t\t<\/div>\n\t\t\t\t<div class=\"elementor-element elementor-element-9532a9e elementor-widget elementor-widget-text-editor\" data-id=\"9532a9e\" data-element_type=\"widget\" data-e-type=\"widget\" data-widget_type=\"text-editor.default\">\n\t\t\t\t<div class=\"elementor-widget-container\">\n\t\t\t\t\t\t\t\t\t<p>La dura pol\u00edtica migratoria que actualmente se ha implementado en Estados Unidos ha aumentado a\u00fan m\u00e1s la deportaci\u00f3n de muchos migrantes a M\u00e9xico. No obstante, muchos migrantes tambi\u00e9n han decidido regresar a su pa\u00eds por decisi\u00f3n propia.<\/p><p>Gran parte de las personas que deciden retornar a M\u00e9xico o son deportadas, lo hacen sin sus hijos por el temor de que pierdan la nacionalidad americana o complicaciones con el gobierno mexicano, entre otros motivos.<\/p><p>En nuestra herramienta de <a href=\"https:\/\/accesolatino.org\/en\/orientacion-legal\/\"><strong>\u201cOrientaci\u00f3n Legal\u201d<\/strong><\/a> tenemos nuestra tarjeta <a href=\"https:\/\/accesolatino.org\/en\/orientacion-legal\/migrantes-en-mexico\/\"><strong>\u00bfPlaneas regresar a M\u00e9xico?<\/strong><\/a> donde encontrar\u00e1s distintos apartados que te ayudar\u00e1n a planear mejor tu regreso y a saber con qu\u00e9 posibilidades cuentas para saber <strong>\u201c\u00bfC\u00f3mo traer a tus hijos?\u201d<\/strong>.<\/p><p>En esta tarjeta encontrar\u00e1s una gu\u00eda que te brindar\u00e1 recomendaciones para informarse, documentarse y prepararse ante un posible retorno a M\u00e9xico y c\u00f3mo poder traer a tus hijos contigo.<\/p><p>Cabe recordar que las ni\u00f1as y ni\u00f1os nacidos en Estados Unidos (EUA), NO perder\u00e1n la nacionalidad estadounidense al adquirir la nacionalidad mexicana, tendr\u00e1n doble nacionalidad.<\/p>\t\t\t\t\t\t\t\t<\/div>\n\t\t\t\t<\/div>\n\t\t\t\t<div class=\"elementor-element elementor-element-8e8f09a elementor-widget elementor-widget-spacer\" data-id=\"8e8f09a\" data-element_type=\"widget\" data-e-type=\"widget\" data-widget_type=\"spacer.default\">\n\t\t\t\t<div class=\"elementor-widget-container\">\n\t\t\t\t\t\t\t<div class=\"elementor-spacer\">\n\t\t\t<div class=\"elementor-spacer-inner\"><\/div>\n\t\t<\/div>\n\t\t\t\t\t\t<\/div>\n\t\t\t\t<\/div>\n\t\t\t\t\t<\/div>\n\t\t<\/div>\n\t\t\t\t\t<\/div>\n\t\t<\/section>\n\t\t\t\t<\/div>","protected":false},"excerpt":{"rendered":"<p>Orientaci\u00f3n Legal Retorna a M\u00e9xico de manera segura con tus hijos La dura pol\u00edtica migratoria que actualmente se ha implementado en Estados Unidos ha aumentado a\u00fan m\u00e1s la deportaci\u00f3n de muchos migrantes a M\u00e9xico. No obstante, muchos migrantes tambi\u00e9n han decidido regresar a su pa\u00eds por decisi\u00f3n propia. Gran parte de las personas que deciden retornar a M\u00e9xico o son deportadas, lo hacen sin sus hijos por el temor de que pierdan la nacionalidad americana o complicaciones con el gobierno mexicano, entre otros motivos. En nuestra herramienta de \u201cOrientaci\u00f3n Legal\u201d tenemos nuestra tarjeta \u00bfPlaneas regresar a M\u00e9xico? donde encontrar\u00e1s distintos apartados que te ayudar\u00e1n a planear mejor tu regreso y a saber con qu\u00e9 posibilidades cuentas para saber \u201c\u00bfC\u00f3mo traer a tus hijos?\u201d. En esta tarjeta encontrar\u00e1s una gu\u00eda que te brindar\u00e1 recomendaciones para informarse, documentarse y prepararse ante un posible retorno a M\u00e9xico y c\u00f3mo poder traer a tus hijos contigo. Cabe recordar que las ni\u00f1as y ni\u00f1os nacidos en Estados Unidos (EUA), NO perder\u00e1n la nacionalidad estadounidense al adquirir la nacionalidad mexicana, tendr\u00e1n doble nacionalidad.<\/p>","protected":false},"author":8,"featured_media":15997,"parent":0,"menu_order":0,"comment_status":"closed","ping_status":"closed","template":"elementor_header_footer","meta":{"_uf_show_specific_survey":0,"_uf_disable_surveys":false,"footnotes":""},"class_list":["post-15996","page","type-page","status-publish","has-post-thumbnail"],"aioseo_notices":[],"yoast_head":"<!-- This site is optimized with the Yoast SEO plugin v27.4 - https:\/\/yoast.com\/product\/yoast-seo-wordpress\/ -->\n<title>Retorna a M\u00e9xico de manera segura con tus hijos<\/title>\n<meta name=\"description\" content=\"Retorna\u00a0a M\u00e9xico de manera segura con tus hijos La dura pol\u00edtica migratoria que actualmente se ha implementado en Estados Unidos...\" \/>\n<meta name=\"robots\" content=\"index, follow, max-snippet:-1, max-image-preview:large, max-video-preview:-1\" \/>\n<link rel=\"canonical\" href=\"https:\/\/accesolatino.org\/en\/retorna-a-mexico-de-manera-segura-con-tus-hijos\/\" \/>\n<meta property=\"og:locale\" content=\"en_US\" \/>\n<meta property=\"og:type\" content=\"article\" \/>\n<meta property=\"og:title\" content=\"Acceso Latino | Retorna a M\u00e9xico de manera segura con tus hijos\" \/>\n<meta property=\"og:description\" content=\"Conoce las Instituciones que te pueden ser de ayuda en otros pa\u00edses.\" \/>\n<meta property=\"og:url\" content=\"https:\/\/accesolatino.org\/en\/retorna-a-mexico-de-manera-segura-con-tus-hijos\/\" \/>\n<meta property=\"og:site_name\" content=\"Acceso Latino\" \/>\n<meta property=\"article:publisher\" content=\"https:\/\/www.facebook.com\/AccesoLatinoOrg\" \/>\n<meta property=\"article:modified_time\" content=\"2025-11-07T01:29:14+00:00\" \/>\n<meta property=\"og:image\" content=\"https:\/\/accesolatino.org\/wp-content\/uploads\/2018\/12\/Retorna-a-Mexico-de-manera-segura-con-tus-hijos.jpg\" \/>\n\t<meta property=\"og:image:width\" content=\"600\" \/>\n\t<meta property=\"og:image:height\" content=\"338\" \/>\n\t<meta property=\"og:image:type\" content=\"image\/jpeg\" \/>\n<meta name=\"twitter:card\" content=\"summary_large_image\" \/>\n<meta name=\"twitter:title\" content=\"Acceso Latino | Retorna a M\u00e9xico de manera segura con tus hijos\" \/>\n<meta name=\"twitter:description\" content=\"Conoce las Instituciones que te pueden ser de ayuda en otros pa\u00edses.\" \/>\n<meta name=\"twitter:image\" content=\"https:\/\/accesolatino.org\/wp-content\/uploads\/2018\/12\/Retorna-a-Mexico-de-manera-segura-con-tus-hijos.jpg\" \/>\n<meta name=\"twitter:site\" content=\"@FAccLatino\" \/>\n<meta name=\"twitter:label1\" content=\"Est. reading time\" \/>\n\t<meta name=\"twitter:data1\" content=\"2 minutes\" \/>\n<script type=\"application\/ld+json\" class=\"yoast-schema-graph\">{\"@context\":\"https:\\\/\\\/schema.org\",\"@graph\":[{\"@type\":\"WebPage\",\"@id\":\"https:\\\/\\\/accesolatino.org\\\/retorna-a-mexico-de-manera-segura-con-tus-hijos\\\/\",\"url\":\"https:\\\/\\\/accesolatino.org\\\/retorna-a-mexico-de-manera-segura-con-tus-hijos\\\/\",\"name\":\"Retorna a M\u00e9xico de manera segura con tus hijos\",\"isPartOf\":{\"@id\":\"https:\\\/\\\/accesolatino.org\\\/#website\"},\"primaryImageOfPage\":{\"@id\":\"https:\\\/\\\/accesolatino.org\\\/retorna-a-mexico-de-manera-segura-con-tus-hijos\\\/#primaryimage\"},\"image\":{\"@id\":\"https:\\\/\\\/accesolatino.org\\\/retorna-a-mexico-de-manera-segura-con-tus-hijos\\\/#primaryimage\"},\"thumbnailUrl\":\"https:\\\/\\\/accesolatino.org\\\/wp-content\\\/uploads\\\/2018\\\/12\\\/Retorna-a-Mexico-de-manera-segura-con-tus-hijos.jpg\",\"datePublished\":\"2018-12-17T18:35:34+00:00\",\"dateModified\":\"2025-11-07T01:29:14+00:00\",\"description\":\"Retorna\u00a0a M\u00e9xico de manera segura con tus hijos La dura pol\u00edtica migratoria que actualmente se ha implementado en Estados Unidos...\",\"breadcrumb\":{\"@id\":\"https:\\\/\\\/accesolatino.org\\\/retorna-a-mexico-de-manera-segura-con-tus-hijos\\\/#breadcrumb\"},\"inLanguage\":\"en-US\",\"potentialAction\":[{\"@type\":\"ReadAction\",\"target\":[\"https:\\\/\\\/accesolatino.org\\\/retorna-a-mexico-de-manera-segura-con-tus-hijos\\\/\"]}]},{\"@type\":\"ImageObject\",\"inLanguage\":\"en-US\",\"@id\":\"https:\\\/\\\/accesolatino.org\\\/retorna-a-mexico-de-manera-segura-con-tus-hijos\\\/#primaryimage\",\"url\":\"https:\\\/\\\/accesolatino.org\\\/wp-content\\\/uploads\\\/2018\\\/12\\\/Retorna-a-Mexico-de-manera-segura-con-tus-hijos.jpg\",\"contentUrl\":\"https:\\\/\\\/accesolatino.org\\\/wp-content\\\/uploads\\\/2018\\\/12\\\/Retorna-a-Mexico-de-manera-segura-con-tus-hijos.jpg\",\"width\":600,\"height\":338,\"caption\":\"retorna\"},{\"@type\":\"BreadcrumbList\",\"@id\":\"https:\\\/\\\/accesolatino.org\\\/retorna-a-mexico-de-manera-segura-con-tus-hijos\\\/#breadcrumb\",\"itemListElement\":[{\"@type\":\"ListItem\",\"position\":1,\"name\":\"Portada\",\"item\":\"https:\\\/\\\/accesolatino.org\\\/\"},{\"@type\":\"ListItem\",\"position\":2,\"name\":\"Retorna a M\u00e9xico de manera segura con tus hijos\"}]},{\"@type\":\"WebSite\",\"@id\":\"https:\\\/\\\/accesolatino.org\\\/#website\",\"url\":\"https:\\\/\\\/accesolatino.org\\\/\",\"name\":\"Acceso Latino | Fundaci\u00f3n Carlos Slim\",\"description\":\"Fundaci\u00f3n Carlos Slim\",\"publisher\":{\"@id\":\"https:\\\/\\\/accesolatino.org\\\/#organization\"},\"potentialAction\":[{\"@type\":\"SearchAction\",\"target\":{\"@type\":\"EntryPoint\",\"urlTemplate\":\"https:\\\/\\\/accesolatino.org\\\/?s={search_term_string}\"},\"query-input\":{\"@type\":\"PropertyValueSpecification\",\"valueRequired\":true,\"valueName\":\"search_term_string\"}}],\"inLanguage\":\"en-US\"},{\"@type\":\"Organization\",\"@id\":\"https:\\\/\\\/accesolatino.org\\\/#organization\",\"name\":\"Acceso Latino | Fundaci\u00f3n Carlos Slim\",\"url\":\"https:\\\/\\\/accesolatino.org\\\/\",\"logo\":{\"@type\":\"ImageObject\",\"inLanguage\":\"en-US\",\"@id\":\"https:\\\/\\\/accesolatino.org\\\/#\\\/schema\\\/logo\\\/image\\\/\",\"url\":\"https:\\\/\\\/accesolatino.org\\\/wp-content\\\/uploads\\\/2021\\\/02\\\/logo-footer-acceso-latino.png\",\"contentUrl\":\"https:\\\/\\\/accesolatino.org\\\/wp-content\\\/uploads\\\/2021\\\/02\\\/logo-footer-acceso-latino.png\",\"width\":240,\"height\":40,\"caption\":\"Acceso Latino | Fundaci\u00f3n Carlos Slim\"},\"image\":{\"@id\":\"https:\\\/\\\/accesolatino.org\\\/#\\\/schema\\\/logo\\\/image\\\/\"},\"sameAs\":[\"https:\\\/\\\/www.facebook.com\\\/AccesoLatinoOrg\",\"https:\\\/\\\/x.com\\\/FAccLatino\"]}]}<\/script>\n<!-- \/ Yoast SEO plugin. -->","yoast_head_json":{"title":"Safely return to Mexico with your children","description":"Retorna\u00a0a M\u00e9xico de manera segura con tus hijos La dura pol\u00edtica migratoria que actualmente se ha implementado en Estados Unidos...","robots":{"index":"index","follow":"follow","max-snippet":"max-snippet:-1","max-image-preview":"max-image-preview:large","max-video-preview":"max-video-preview:-1"},"canonical":"https:\/\/accesolatino.org\/en\/retorna-a-mexico-de-manera-segura-con-tus-hijos\/","og_locale":"en_US","og_type":"article","og_title":"Acceso Latino | Retorna a M\u00e9xico de manera segura con tus hijos","og_description":"Conoce las Instituciones que te pueden ser de ayuda en otros pa\u00edses.","og_url":"https:\/\/accesolatino.org\/en\/retorna-a-mexico-de-manera-segura-con-tus-hijos\/","og_site_name":"Acceso Latino","article_publisher":"https:\/\/www.facebook.com\/AccesoLatinoOrg","article_modified_time":"2025-11-07T01:29:14+00:00","og_image":[{"width":600,"height":338,"url":"https:\/\/accesolatino.org\/wp-content\/uploads\/2018\/12\/Retorna-a-Mexico-de-manera-segura-con-tus-hijos.jpg","type":"image\/jpeg"}],"twitter_card":"summary_large_image","twitter_title":"Acceso Latino | Retorna a M\u00e9xico de manera segura con tus hijos","twitter_description":"Conoce las Instituciones que te pueden ser de ayuda en otros pa\u00edses.","twitter_image":"https:\/\/accesolatino.org\/wp-content\/uploads\/2018\/12\/Retorna-a-Mexico-de-manera-segura-con-tus-hijos.jpg","twitter_site":"@FAccLatino","twitter_misc":{"Est. reading time":"2 minutes"},"schema":{"@context":"https:\/\/schema.org","@graph":[{"@type":"WebPage","@id":"https:\/\/accesolatino.org\/retorna-a-mexico-de-manera-segura-con-tus-hijos\/","url":"https:\/\/accesolatino.org\/retorna-a-mexico-de-manera-segura-con-tus-hijos\/","name":"Safely return to Mexico with your children","isPartOf":{"@id":"https:\/\/accesolatino.org\/#website"},"primaryImageOfPage":{"@id":"https:\/\/accesolatino.org\/retorna-a-mexico-de-manera-segura-con-tus-hijos\/#primaryimage"},"image":{"@id":"https:\/\/accesolatino.org\/retorna-a-mexico-de-manera-segura-con-tus-hijos\/#primaryimage"},"thumbnailUrl":"https:\/\/accesolatino.org\/wp-content\/uploads\/2018\/12\/Retorna-a-Mexico-de-manera-segura-con-tus-hijos.jpg","datePublished":"2018-12-17T18:35:34+00:00","dateModified":"2025-11-07T01:29:14+00:00","description":"Retorna\u00a0a M\u00e9xico de manera segura con tus hijos La dura pol\u00edtica migratoria que actualmente se ha implementado en Estados Unidos...","breadcrumb":{"@id":"https:\/\/accesolatino.org\/retorna-a-mexico-de-manera-segura-con-tus-hijos\/#breadcrumb"},"inLanguage":"en-US","potentialAction":[{"@type":"ReadAction","target":["https:\/\/accesolatino.org\/retorna-a-mexico-de-manera-segura-con-tus-hijos\/"]}]},{"@type":"ImageObject","inLanguage":"en-US","@id":"https:\/\/accesolatino.org\/retorna-a-mexico-de-manera-segura-con-tus-hijos\/#primaryimage","url":"https:\/\/accesolatino.org\/wp-content\/uploads\/2018\/12\/Retorna-a-Mexico-de-manera-segura-con-tus-hijos.jpg","contentUrl":"https:\/\/accesolatino.org\/wp-content\/uploads\/2018\/12\/Retorna-a-Mexico-de-manera-segura-con-tus-hijos.jpg","width":600,"height":338,"caption":"retorna"},{"@type":"BreadcrumbList","@id":"https:\/\/accesolatino.org\/retorna-a-mexico-de-manera-segura-con-tus-hijos\/#breadcrumb","itemListElement":[{"@type":"ListItem","position":1,"name":"Portada","item":"https:\/\/accesolatino.org\/"},{"@type":"ListItem","position":2,"name":"Retorna a M\u00e9xico de manera segura con tus hijos"}]},{"@type":"WebSite","@id":"https:\/\/accesolatino.org\/#website","url":"https:\/\/accesolatino.org\/","name":"Acceso Latino | Fundaci\u00f3n Carlos Slim","description":"Fundaci\u00f3n Carlos Slim","publisher":{"@id":"https:\/\/accesolatino.org\/#organization"},"potentialAction":[{"@type":"SearchAction","target":{"@type":"EntryPoint","urlTemplate":"https:\/\/accesolatino.org\/?s={search_term_string}"},"query-input":{"@type":"PropertyValueSpecification","valueRequired":true,"valueName":"search_term_string"}}],"inLanguage":"en-US"},{"@type":"Organization","@id":"https:\/\/accesolatino.org\/#organization","name":"Acceso Latino | Fundaci\u00f3n Carlos Slim","url":"https:\/\/accesolatino.org\/","logo":{"@type":"ImageObject","inLanguage":"en-US","@id":"https:\/\/accesolatino.org\/#\/schema\/logo\/image\/","url":"https:\/\/accesolatino.org\/wp-content\/uploads\/2021\/02\/logo-footer-acceso-latino.png","contentUrl":"https:\/\/accesolatino.org\/wp-content\/uploads\/2021\/02\/logo-footer-acceso-latino.png","width":240,"height":40,"caption":"Acceso Latino | Fundaci\u00f3n Carlos Slim"},"image":{"@id":"https:\/\/accesolatino.org\/#\/schema\/logo\/image\/"},"sameAs":["https:\/\/www.facebook.com\/AccesoLatinoOrg","https:\/\/x.com\/FAccLatino"]}]}},"_links":{"self":[{"href":"https:\/\/accesolatino.org\/en\/wp-json\/wp\/v2\/pages\/15996","targetHints":{"allow":["GET"]}}],"collection":[{"href":"https:\/\/accesolatino.org\/en\/wp-json\/wp\/v2\/pages"}],"about":[{"href":"https:\/\/accesolatino.org\/en\/wp-json\/wp\/v2\/types\/page"}],"author":[{"embeddable":true,"href":"https:\/\/accesolatino.org\/en\/wp-json\/wp\/v2\/users\/8"}],"replies":[{"embeddable":true,"href":"https:\/\/accesolatino.org\/en\/wp-json\/wp\/v2\/comments?post=15996"}],"version-history":[{"count":1,"href":"https:\/\/accesolatino.org\/en\/wp-json\/wp\/v2\/pages\/15996\/revisions"}],"predecessor-version":[{"id":68592,"href":"https:\/\/accesolatino.org\/en\/wp-json\/wp\/v2\/pages\/15996\/revisions\/68592"}],"wp:featuredmedia":[{"embeddable":true,"href":"https:\/\/accesolatino.org\/en\/wp-json\/wp\/v2\/media\/15997"}],"wp:attachment":[{"href":"https:\/\/accesolatino.org\/en\/wp-json\/wp\/v2\/media?parent=15996"}],"curies":[{"name":"wp","href":"https:\/\/api.w.org\/{rel}","templated":true}]}}