{"id":15948,"date":"2018-12-12T13:44:15","date_gmt":"2018-12-12T19:44:15","guid":{"rendered":"https:\/\/accesolatino.org\/?page_id=15948"},"modified":"2025-11-06T19:29:14","modified_gmt":"2025-11-07T01:29:14","slug":"conoces-al-grupo-beta-depende-del-instituto-nacional-de-migracion-y-te-apoya-en-tu-camino","status":"publish","type":"page","link":"https:\/\/accesolatino.org\/en\/conoces-al-grupo-beta-depende-del-instituto-nacional-de-migracion-y-te-apoya-en-tu-camino\/","title":{"rendered":"Do you know Grupo Beta? It depends on the National Institute of Migration and supports you on your way."},"content":{"rendered":"<div data-elementor-type=\"wp-post\" data-elementor-id=\"15948\" class=\"elementor elementor-15948\">\n\t\t\t\t\t\t<section class=\"elementor-section elementor-top-section elementor-element elementor-element-ca37a32 elementor-section-full_width elementor-section-height-min-height elementor-section-items-stretch elementor-section-height-default wpr-particle-no wpr-jarallax-no wpr-parallax-no wpr-sticky-section-no wpr-equal-height-no\" data-id=\"ca37a32\" data-element_type=\"section\" data-e-type=\"section\" data-settings=\"{&quot;background_background&quot;:&quot;classic&quot;}\">\n\t\t\t\t\t\t<div class=\"elementor-container elementor-column-gap-no\">\n\t\t\t\t\t<div class=\"elementor-column elementor-col-100 elementor-top-column elementor-element elementor-element-d16dfca\" data-id=\"d16dfca\" data-element_type=\"column\" data-e-type=\"column\">\n\t\t\t<div class=\"elementor-widget-wrap elementor-element-populated\">\n\t\t\t\t\t\t<div class=\"elementor-element elementor-element-162d421 elementor--h-position-center elementor--v-position-middle elementor-widget elementor-widget-slides\" data-id=\"162d421\" data-element_type=\"widget\" data-e-type=\"widget\" data-settings=\"{&quot;navigation&quot;:&quot;none&quot;,&quot;infinite&quot;:&quot;yes&quot;,&quot;transition&quot;:&quot;slide&quot;,&quot;transition_speed&quot;:500}\" data-widget_type=\"slides.default\">\n\t\t\t\t<div class=\"elementor-widget-container\">\n\t\t\t\t\t\t\t<div class=\"elementor-swiper\">\n\t\t\t<div class=\"elementor-slides-wrapper elementor-main-swiper swiper-container\" dir=\"ltr\" data-animation=\"\">\n\t\t\t\t<div class=\"swiper-wrapper elementor-slides\">\n\t\t\t\t\t\t\t\t\t\t<div class=\"elementor-repeater-item-d983a28 swiper-slide\"><div class=\"swiper-slide-bg\"><\/div><div class=\"swiper-slide-inner\" ><div class=\"swiper-slide-contents\"><div class=\"elementor-slide-heading\">Legal Guidance<\/div><\/div><\/div><\/div>\t\t\t\t<\/div>\n\t\t\t\t\t\t\t<\/div>\n\t\t<\/div>\n\t\t\t\t\t\t<\/div>\n\t\t\t\t<\/div>\n\t\t\t\t\t<\/div>\n\t\t<\/div>\n\t\t\t\t\t<\/div>\n\t\t<\/section>\n\t\t\t\t<section class=\"elementor-section elementor-top-section elementor-element elementor-element-c3e3eae elementor-section-stretched elementor-section-boxed elementor-section-height-default elementor-section-height-default wpr-particle-no wpr-jarallax-no wpr-parallax-no wpr-sticky-section-no wpr-equal-height-no\" data-id=\"c3e3eae\" data-element_type=\"section\" data-e-type=\"section\" data-settings=\"{&quot;stretch_section&quot;:&quot;section-stretched&quot;,&quot;background_background&quot;:&quot;classic&quot;}\">\n\t\t\t\t\t\t<div class=\"elementor-container elementor-column-gap-default\">\n\t\t\t\t\t<div class=\"elementor-column elementor-col-100 elementor-top-column elementor-element elementor-element-e96d336\" data-id=\"e96d336\" data-element_type=\"column\" data-e-type=\"column\">\n\t\t\t<div class=\"elementor-widget-wrap elementor-element-populated\">\n\t\t\t\t\t\t<div class=\"elementor-element elementor-element-efb0a98 elementor-widget elementor-widget-heading\" data-id=\"efb0a98\" data-element_type=\"widget\" data-e-type=\"widget\" data-widget_type=\"heading.default\">\n\t\t\t\t<div class=\"elementor-widget-container\">\n\t\t\t\t\t<h3 class=\"elementor-heading-title elementor-size-default\">Do you know Grupo Beta? It depends on the National Institute of Migration and supports you on your way.<\/h3>\t\t\t\t<\/div>\n\t\t\t\t<\/div>\n\t\t\t\t<div class=\"elementor-element elementor-element-20670a4 elementor-widget elementor-widget-text-editor\" data-id=\"20670a4\" data-element_type=\"widget\" data-e-type=\"widget\" data-widget_type=\"text-editor.default\">\n\t\t\t\t<div class=\"elementor-widget-container\">\n\t\t\t\t\t\t\t\t\t<p><strong>Acceso Latino<\/strong> mantiene una serie de herramientas en l\u00ednea y gratuitas al alcance de todos los migrantes hispanos en Estados Unidos.<\/p><p>Buscando que en su regreso a M\u00e9xico no tengan ning\u00fan percance, en nuestra herramienta de <a href=\"https:\/\/accesolatino.org\/en\/orientacion-legal\/\"><strong>\u201cOrientaci\u00f3n Legal\u201d<\/strong><\/a> tenemos el apartado <a href=\"\/en\/orientacion-legal\/migrantes-en-mexico\/\"><strong>\u00bfPlaneas regresar a M\u00e9xico?<\/strong> <\/a>Ah\u00ed encontrar\u00e1s, entre varios asuntos, informaci\u00f3n del <strong>\u201cGrupo Beta\u201d<\/strong>.<\/p><p>Este grupo trabaja por la protecci\u00f3n y defensa de los derechos humanos de los migrantes a trav\u00e9s de las acciones de apoyo como: rescate y salvamento, ayuda humanitaria, asesor\u00eda legal y orientaci\u00f3n.<\/p><p>En la tarjeta de <strong>\u201cGrupo Beta\u201d<\/strong> que proporcionamos para ti, encontrar\u00e1s una gu\u00eda espec\u00edfica para migrantes donde se te proporciona un mapa con la ubicaci\u00f3n y los tel\u00e9fonos en caso de necesitar ayuda de este grupo dependiente del Instituto Nacional de Migraci\u00f3n.<\/p>\t\t\t\t\t\t\t\t<\/div>\n\t\t\t\t<\/div>\n\t\t\t\t<div class=\"elementor-element elementor-element-a605dad elementor-widget elementor-widget-spacer\" data-id=\"a605dad\" data-element_type=\"widget\" data-e-type=\"widget\" data-widget_type=\"spacer.default\">\n\t\t\t\t<div class=\"elementor-widget-container\">\n\t\t\t\t\t\t\t<div class=\"elementor-spacer\">\n\t\t\t<div class=\"elementor-spacer-inner\"><\/div>\n\t\t<\/div>\n\t\t\t\t\t\t<\/div>\n\t\t\t\t<\/div>\n\t\t\t\t\t<\/div>\n\t\t<\/div>\n\t\t\t\t\t<\/div>\n\t\t<\/section>\n\t\t\t\t<\/div>","protected":false},"excerpt":{"rendered":"<p>Orientaci\u00f3n Legal \u00bfConoces al Grupo Beta? Depende del Instituto Nacional de Migraci\u00f3n y te apoya en tu camino Acceso Latino mantiene una serie de herramientas en l\u00ednea y gratuitas al alcance de todos los migrantes hispanos en Estados Unidos. Buscando que en su regreso a M\u00e9xico no tengan ning\u00fan percance, en nuestra herramienta de \u201cOrientaci\u00f3n Legal\u201d tenemos el apartado \u00bfPlaneas regresar a M\u00e9xico? Ah\u00ed encontrar\u00e1s, entre varios asuntos, informaci\u00f3n del \u201cGrupo Beta\u201d. Este grupo trabaja por la protecci\u00f3n y defensa de los derechos humanos de los migrantes a trav\u00e9s de las acciones de apoyo como: rescate y salvamento, ayuda humanitaria, asesor\u00eda legal y orientaci\u00f3n. En la tarjeta de \u201cGrupo Beta\u201d que proporcionamos para ti, encontrar\u00e1s una gu\u00eda espec\u00edfica para migrantes donde se te proporciona un mapa con la ubicaci\u00f3n y los tel\u00e9fonos en caso de necesitar ayuda de este grupo dependiente del Instituto Nacional de Migraci\u00f3n.<\/p>","protected":false},"author":8,"featured_media":15949,"parent":0,"menu_order":0,"comment_status":"closed","ping_status":"closed","template":"elementor_header_footer","meta":{"_uf_show_specific_survey":0,"_uf_disable_surveys":false,"footnotes":""},"class_list":["post-15948","page","type-page","status-publish","has-post-thumbnail"],"aioseo_notices":[],"yoast_head":"<!-- This site is optimized with the Yoast SEO plugin v27.4 - https:\/\/yoast.com\/product\/yoast-seo-wordpress\/ -->\n<title>\u00bfConoces al Grupo Beta? Depende del Instituto Nacional de Migraci\u00f3n y te apoya en tu camino<\/title>\n<meta name=\"description\" content=\"Conoce las Instituciones disponibles y que te pueden ser de ayuda en tu proceso de migraci\u00f3n legal a otros pa\u00edses.\" \/>\n<meta name=\"robots\" content=\"index, follow, max-snippet:-1, max-image-preview:large, max-video-preview:-1\" \/>\n<link rel=\"canonical\" href=\"https:\/\/accesolatino.org\/en\/conoces-al-grupo-beta-depende-del-instituto-nacional-de-migracion-y-te-apoya-en-tu-camino\/\" \/>\n<meta property=\"og:locale\" content=\"en_US\" \/>\n<meta property=\"og:type\" content=\"article\" \/>\n<meta property=\"og:title\" content=\"Acceso Latino | \u00bfConoces al Grupo Beta? Depende del Instituto Nacional de Migraci\u00f3n y te apoya en tu camino\" \/>\n<meta property=\"og:description\" content=\"Conoce las Instituciones que te pueden ser de ayuda en otros pa\u00edses.\" \/>\n<meta property=\"og:url\" content=\"https:\/\/accesolatino.org\/en\/conoces-al-grupo-beta-depende-del-instituto-nacional-de-migracion-y-te-apoya-en-tu-camino\/\" \/>\n<meta property=\"og:site_name\" content=\"Acceso Latino\" \/>\n<meta property=\"article:publisher\" content=\"https:\/\/www.facebook.com\/AccesoLatinoOrg\" \/>\n<meta property=\"article:modified_time\" content=\"2025-11-07T01:29:14+00:00\" \/>\n<meta property=\"og:image\" content=\"https:\/\/accesolatino.org\/wp-content\/uploads\/2018\/12\/Conoces-al-Grupo-Beta-Depende-del-Instituto-Nacional-de-Migracion-y-te-apoya-en-tu-camino.jpg\" \/>\n\t<meta property=\"og:image:width\" content=\"600\" \/>\n\t<meta property=\"og:image:height\" content=\"338\" \/>\n\t<meta property=\"og:image:type\" content=\"image\/jpeg\" \/>\n<meta name=\"twitter:card\" content=\"summary_large_image\" \/>\n<meta name=\"twitter:title\" content=\"Acceso Latino | \u00bfConoces al Grupo Beta? Depende del Instituto Nacional de Migraci\u00f3n y te apoya en tu camino\" \/>\n<meta name=\"twitter:description\" content=\"Conoce las Instituciones que te pueden ser de ayuda en otros pa\u00edses.\" \/>\n<meta name=\"twitter:image\" content=\"https:\/\/accesolatino.org\/wp-content\/uploads\/2018\/12\/Conoces-al-Grupo-Beta-Depende-del-Instituto-Nacional-de-Migracion-y-te-apoya-en-tu-camino.jpg\" \/>\n<meta name=\"twitter:site\" content=\"@FAccLatino\" \/>\n<meta name=\"twitter:label1\" content=\"Est. reading time\" \/>\n\t<meta name=\"twitter:data1\" content=\"1 minute\" \/>\n<script type=\"application\/ld+json\" class=\"yoast-schema-graph\">{\"@context\":\"https:\\\/\\\/schema.org\",\"@graph\":[{\"@type\":\"WebPage\",\"@id\":\"https:\\\/\\\/accesolatino.org\\\/conoces-al-grupo-beta-depende-del-instituto-nacional-de-migracion-y-te-apoya-en-tu-camino\\\/\",\"url\":\"https:\\\/\\\/accesolatino.org\\\/conoces-al-grupo-beta-depende-del-instituto-nacional-de-migracion-y-te-apoya-en-tu-camino\\\/\",\"name\":\"\u00bfConoces al Grupo Beta? Depende del Instituto Nacional de Migraci\u00f3n y te apoya en tu camino\",\"isPartOf\":{\"@id\":\"https:\\\/\\\/accesolatino.org\\\/#website\"},\"primaryImageOfPage\":{\"@id\":\"https:\\\/\\\/accesolatino.org\\\/conoces-al-grupo-beta-depende-del-instituto-nacional-de-migracion-y-te-apoya-en-tu-camino\\\/#primaryimage\"},\"image\":{\"@id\":\"https:\\\/\\\/accesolatino.org\\\/conoces-al-grupo-beta-depende-del-instituto-nacional-de-migracion-y-te-apoya-en-tu-camino\\\/#primaryimage\"},\"thumbnailUrl\":\"https:\\\/\\\/accesolatino.org\\\/wp-content\\\/uploads\\\/2018\\\/12\\\/Conoces-al-Grupo-Beta-Depende-del-Instituto-Nacional-de-Migracion-y-te-apoya-en-tu-camino.jpg\",\"datePublished\":\"2018-12-12T19:44:15+00:00\",\"dateModified\":\"2025-11-07T01:29:14+00:00\",\"description\":\"Conoce las Instituciones disponibles y que te pueden ser de ayuda en tu proceso de migraci\u00f3n legal a otros pa\u00edses.\",\"breadcrumb\":{\"@id\":\"https:\\\/\\\/accesolatino.org\\\/conoces-al-grupo-beta-depende-del-instituto-nacional-de-migracion-y-te-apoya-en-tu-camino\\\/#breadcrumb\"},\"inLanguage\":\"en-US\",\"potentialAction\":[{\"@type\":\"ReadAction\",\"target\":[\"https:\\\/\\\/accesolatino.org\\\/conoces-al-grupo-beta-depende-del-instituto-nacional-de-migracion-y-te-apoya-en-tu-camino\\\/\"]}]},{\"@type\":\"ImageObject\",\"inLanguage\":\"en-US\",\"@id\":\"https:\\\/\\\/accesolatino.org\\\/conoces-al-grupo-beta-depende-del-instituto-nacional-de-migracion-y-te-apoya-en-tu-camino\\\/#primaryimage\",\"url\":\"https:\\\/\\\/accesolatino.org\\\/wp-content\\\/uploads\\\/2018\\\/12\\\/Conoces-al-Grupo-Beta-Depende-del-Instituto-Nacional-de-Migracion-y-te-apoya-en-tu-camino.jpg\",\"contentUrl\":\"https:\\\/\\\/accesolatino.org\\\/wp-content\\\/uploads\\\/2018\\\/12\\\/Conoces-al-Grupo-Beta-Depende-del-Instituto-Nacional-de-Migracion-y-te-apoya-en-tu-camino.jpg\",\"width\":600,\"height\":338,\"caption\":\"grupo beta\"},{\"@type\":\"BreadcrumbList\",\"@id\":\"https:\\\/\\\/accesolatino.org\\\/conoces-al-grupo-beta-depende-del-instituto-nacional-de-migracion-y-te-apoya-en-tu-camino\\\/#breadcrumb\",\"itemListElement\":[{\"@type\":\"ListItem\",\"position\":1,\"name\":\"Portada\",\"item\":\"https:\\\/\\\/accesolatino.org\\\/\"},{\"@type\":\"ListItem\",\"position\":2,\"name\":\"\u00bfConoces al Grupo Beta? Depende del Instituto Nacional de Migraci\u00f3n y te apoya en tu camino\"}]},{\"@type\":\"WebSite\",\"@id\":\"https:\\\/\\\/accesolatino.org\\\/#website\",\"url\":\"https:\\\/\\\/accesolatino.org\\\/\",\"name\":\"Acceso Latino | Fundaci\u00f3n Carlos Slim\",\"description\":\"Fundaci\u00f3n Carlos Slim\",\"publisher\":{\"@id\":\"https:\\\/\\\/accesolatino.org\\\/#organization\"},\"potentialAction\":[{\"@type\":\"SearchAction\",\"target\":{\"@type\":\"EntryPoint\",\"urlTemplate\":\"https:\\\/\\\/accesolatino.org\\\/?s={search_term_string}\"},\"query-input\":{\"@type\":\"PropertyValueSpecification\",\"valueRequired\":true,\"valueName\":\"search_term_string\"}}],\"inLanguage\":\"en-US\"},{\"@type\":\"Organization\",\"@id\":\"https:\\\/\\\/accesolatino.org\\\/#organization\",\"name\":\"Acceso Latino | Fundaci\u00f3n Carlos Slim\",\"url\":\"https:\\\/\\\/accesolatino.org\\\/\",\"logo\":{\"@type\":\"ImageObject\",\"inLanguage\":\"en-US\",\"@id\":\"https:\\\/\\\/accesolatino.org\\\/#\\\/schema\\\/logo\\\/image\\\/\",\"url\":\"https:\\\/\\\/accesolatino.org\\\/wp-content\\\/uploads\\\/2021\\\/02\\\/logo-footer-acceso-latino.png\",\"contentUrl\":\"https:\\\/\\\/accesolatino.org\\\/wp-content\\\/uploads\\\/2021\\\/02\\\/logo-footer-acceso-latino.png\",\"width\":240,\"height\":40,\"caption\":\"Acceso Latino | Fundaci\u00f3n Carlos Slim\"},\"image\":{\"@id\":\"https:\\\/\\\/accesolatino.org\\\/#\\\/schema\\\/logo\\\/image\\\/\"},\"sameAs\":[\"https:\\\/\\\/www.facebook.com\\\/AccesoLatinoOrg\",\"https:\\\/\\\/x.com\\\/FAccLatino\"]}]}<\/script>\n<!-- \/ Yoast SEO plugin. -->","yoast_head_json":{"title":"Do you know Grupo Beta? It depends on the National Institute of Migration and supports you on your way.","description":"Conoce las Instituciones disponibles y que te pueden ser de ayuda en tu proceso de migraci\u00f3n legal a otros pa\u00edses.","robots":{"index":"index","follow":"follow","max-snippet":"max-snippet:-1","max-image-preview":"max-image-preview:large","max-video-preview":"max-video-preview:-1"},"canonical":"https:\/\/accesolatino.org\/en\/conoces-al-grupo-beta-depende-del-instituto-nacional-de-migracion-y-te-apoya-en-tu-camino\/","og_locale":"en_US","og_type":"article","og_title":"Acceso Latino | \u00bfConoces al Grupo Beta? Depende del Instituto Nacional de Migraci\u00f3n y te apoya en tu camino","og_description":"Conoce las Instituciones que te pueden ser de ayuda en otros pa\u00edses.","og_url":"https:\/\/accesolatino.org\/en\/conoces-al-grupo-beta-depende-del-instituto-nacional-de-migracion-y-te-apoya-en-tu-camino\/","og_site_name":"Acceso Latino","article_publisher":"https:\/\/www.facebook.com\/AccesoLatinoOrg","article_modified_time":"2025-11-07T01:29:14+00:00","og_image":[{"width":600,"height":338,"url":"https:\/\/accesolatino.org\/wp-content\/uploads\/2018\/12\/Conoces-al-Grupo-Beta-Depende-del-Instituto-Nacional-de-Migracion-y-te-apoya-en-tu-camino.jpg","type":"image\/jpeg"}],"twitter_card":"summary_large_image","twitter_title":"Acceso Latino | \u00bfConoces al Grupo Beta? Depende del Instituto Nacional de Migraci\u00f3n y te apoya en tu camino","twitter_description":"Conoce las Instituciones que te pueden ser de ayuda en otros pa\u00edses.","twitter_image":"https:\/\/accesolatino.org\/wp-content\/uploads\/2018\/12\/Conoces-al-Grupo-Beta-Depende-del-Instituto-Nacional-de-Migracion-y-te-apoya-en-tu-camino.jpg","twitter_site":"@FAccLatino","twitter_misc":{"Est. reading time":"1 minute"},"schema":{"@context":"https:\/\/schema.org","@graph":[{"@type":"WebPage","@id":"https:\/\/accesolatino.org\/conoces-al-grupo-beta-depende-del-instituto-nacional-de-migracion-y-te-apoya-en-tu-camino\/","url":"https:\/\/accesolatino.org\/conoces-al-grupo-beta-depende-del-instituto-nacional-de-migracion-y-te-apoya-en-tu-camino\/","name":"Do you know Grupo Beta? It depends on the National Institute of Migration and supports you on your way.","isPartOf":{"@id":"https:\/\/accesolatino.org\/#website"},"primaryImageOfPage":{"@id":"https:\/\/accesolatino.org\/conoces-al-grupo-beta-depende-del-instituto-nacional-de-migracion-y-te-apoya-en-tu-camino\/#primaryimage"},"image":{"@id":"https:\/\/accesolatino.org\/conoces-al-grupo-beta-depende-del-instituto-nacional-de-migracion-y-te-apoya-en-tu-camino\/#primaryimage"},"thumbnailUrl":"https:\/\/accesolatino.org\/wp-content\/uploads\/2018\/12\/Conoces-al-Grupo-Beta-Depende-del-Instituto-Nacional-de-Migracion-y-te-apoya-en-tu-camino.jpg","datePublished":"2018-12-12T19:44:15+00:00","dateModified":"2025-11-07T01:29:14+00:00","description":"Conoce las Instituciones disponibles y que te pueden ser de ayuda en tu proceso de migraci\u00f3n legal a otros pa\u00edses.","breadcrumb":{"@id":"https:\/\/accesolatino.org\/conoces-al-grupo-beta-depende-del-instituto-nacional-de-migracion-y-te-apoya-en-tu-camino\/#breadcrumb"},"inLanguage":"en-US","potentialAction":[{"@type":"ReadAction","target":["https:\/\/accesolatino.org\/conoces-al-grupo-beta-depende-del-instituto-nacional-de-migracion-y-te-apoya-en-tu-camino\/"]}]},{"@type":"ImageObject","inLanguage":"en-US","@id":"https:\/\/accesolatino.org\/conoces-al-grupo-beta-depende-del-instituto-nacional-de-migracion-y-te-apoya-en-tu-camino\/#primaryimage","url":"https:\/\/accesolatino.org\/wp-content\/uploads\/2018\/12\/Conoces-al-Grupo-Beta-Depende-del-Instituto-Nacional-de-Migracion-y-te-apoya-en-tu-camino.jpg","contentUrl":"https:\/\/accesolatino.org\/wp-content\/uploads\/2018\/12\/Conoces-al-Grupo-Beta-Depende-del-Instituto-Nacional-de-Migracion-y-te-apoya-en-tu-camino.jpg","width":600,"height":338,"caption":"grupo beta"},{"@type":"BreadcrumbList","@id":"https:\/\/accesolatino.org\/conoces-al-grupo-beta-depende-del-instituto-nacional-de-migracion-y-te-apoya-en-tu-camino\/#breadcrumb","itemListElement":[{"@type":"ListItem","position":1,"name":"Portada","item":"https:\/\/accesolatino.org\/"},{"@type":"ListItem","position":2,"name":"\u00bfConoces al Grupo Beta? Depende del Instituto Nacional de Migraci\u00f3n y te apoya en tu camino"}]},{"@type":"WebSite","@id":"https:\/\/accesolatino.org\/#website","url":"https:\/\/accesolatino.org\/","name":"Acceso Latino | Fundaci\u00f3n Carlos Slim","description":"Fundaci\u00f3n Carlos Slim","publisher":{"@id":"https:\/\/accesolatino.org\/#organization"},"potentialAction":[{"@type":"SearchAction","target":{"@type":"EntryPoint","urlTemplate":"https:\/\/accesolatino.org\/?s={search_term_string}"},"query-input":{"@type":"PropertyValueSpecification","valueRequired":true,"valueName":"search_term_string"}}],"inLanguage":"en-US"},{"@type":"Organization","@id":"https:\/\/accesolatino.org\/#organization","name":"Acceso Latino | Fundaci\u00f3n Carlos Slim","url":"https:\/\/accesolatino.org\/","logo":{"@type":"ImageObject","inLanguage":"en-US","@id":"https:\/\/accesolatino.org\/#\/schema\/logo\/image\/","url":"https:\/\/accesolatino.org\/wp-content\/uploads\/2021\/02\/logo-footer-acceso-latino.png","contentUrl":"https:\/\/accesolatino.org\/wp-content\/uploads\/2021\/02\/logo-footer-acceso-latino.png","width":240,"height":40,"caption":"Acceso Latino | Fundaci\u00f3n Carlos Slim"},"image":{"@id":"https:\/\/accesolatino.org\/#\/schema\/logo\/image\/"},"sameAs":["https:\/\/www.facebook.com\/AccesoLatinoOrg","https:\/\/x.com\/FAccLatino"]}]}},"_links":{"self":[{"href":"https:\/\/accesolatino.org\/en\/wp-json\/wp\/v2\/pages\/15948","targetHints":{"allow":["GET"]}}],"collection":[{"href":"https:\/\/accesolatino.org\/en\/wp-json\/wp\/v2\/pages"}],"about":[{"href":"https:\/\/accesolatino.org\/en\/wp-json\/wp\/v2\/types\/page"}],"author":[{"embeddable":true,"href":"https:\/\/accesolatino.org\/en\/wp-json\/wp\/v2\/users\/8"}],"replies":[{"embeddable":true,"href":"https:\/\/accesolatino.org\/en\/wp-json\/wp\/v2\/comments?post=15948"}],"version-history":[{"count":1,"href":"https:\/\/accesolatino.org\/en\/wp-json\/wp\/v2\/pages\/15948\/revisions"}],"predecessor-version":[{"id":68591,"href":"https:\/\/accesolatino.org\/en\/wp-json\/wp\/v2\/pages\/15948\/revisions\/68591"}],"wp:featuredmedia":[{"embeddable":true,"href":"https:\/\/accesolatino.org\/en\/wp-json\/wp\/v2\/media\/15949"}],"wp:attachment":[{"href":"https:\/\/accesolatino.org\/en\/wp-json\/wp\/v2\/media?parent=15948"}],"curies":[{"name":"wp","href":"https:\/\/api.w.org\/{rel}","templated":true}]}}