{"id":15936,"date":"2018-12-11T12:02:03","date_gmt":"2018-12-11T18:02:03","guid":{"rendered":"https:\/\/accesolatino.org\/?page_id=15936"},"modified":"2025-10-17T14:16:20","modified_gmt":"2025-10-17T20:16:20","slug":"guia-para-migrantes-que-deciden-regresar-a-mexico","status":"publish","type":"page","link":"https:\/\/accesolatino.org\/en\/guia-para-migrantes-que-deciden-regresar-a-mexico\/","title":{"rendered":"Guide for migrants who decide to return to Mexico"},"content":{"rendered":"<div data-elementor-type=\"wp-post\" data-elementor-id=\"15936\" class=\"elementor elementor-15936\">\n\t\t\t\t\t\t<section class=\"elementor-section elementor-top-section elementor-element elementor-element-1ba80f4 elementor-section-full_width elementor-section-height-min-height elementor-section-items-stretch elementor-section-height-default wpr-particle-no wpr-jarallax-no wpr-parallax-no wpr-sticky-section-no wpr-equal-height-no\" data-id=\"1ba80f4\" data-element_type=\"section\" data-e-type=\"section\" data-settings=\"{&quot;background_background&quot;:&quot;classic&quot;}\">\n\t\t\t\t\t\t<div class=\"elementor-container elementor-column-gap-no\">\n\t\t\t\t\t<div class=\"elementor-column elementor-col-100 elementor-top-column elementor-element elementor-element-fbfd5bc\" data-id=\"fbfd5bc\" data-element_type=\"column\" data-e-type=\"column\">\n\t\t\t<div class=\"elementor-widget-wrap elementor-element-populated\">\n\t\t\t\t\t\t<div class=\"elementor-element elementor-element-fbc2723 elementor--h-position-center elementor--v-position-middle elementor-widget elementor-widget-slides\" data-id=\"fbc2723\" data-element_type=\"widget\" data-e-type=\"widget\" data-settings=\"{&quot;navigation&quot;:&quot;none&quot;,&quot;infinite&quot;:&quot;yes&quot;,&quot;transition&quot;:&quot;slide&quot;,&quot;transition_speed&quot;:500}\" data-widget_type=\"slides.default\">\n\t\t\t\t<div class=\"elementor-widget-container\">\n\t\t\t\t\t\t\t<div class=\"elementor-swiper\">\n\t\t\t<div class=\"elementor-slides-wrapper elementor-main-swiper swiper-container\" dir=\"ltr\" data-animation=\"\">\n\t\t\t\t<div class=\"swiper-wrapper elementor-slides\">\n\t\t\t\t\t\t\t\t\t\t<div class=\"elementor-repeater-item-d983a28 swiper-slide\"><div class=\"swiper-slide-bg\"><\/div><div class=\"swiper-slide-inner\" ><div class=\"swiper-slide-contents\"><div class=\"elementor-slide-heading\">Legal Guidance<\/div><\/div><\/div><\/div>\t\t\t\t<\/div>\n\t\t\t\t\t\t\t<\/div>\n\t\t<\/div>\n\t\t\t\t\t\t<\/div>\n\t\t\t\t<\/div>\n\t\t\t\t\t<\/div>\n\t\t<\/div>\n\t\t\t\t\t<\/div>\n\t\t<\/section>\n\t\t\t\t<section class=\"elementor-section elementor-top-section elementor-element elementor-element-6560b5a elementor-section-stretched elementor-section-boxed elementor-section-height-default elementor-section-height-default wpr-particle-no wpr-jarallax-no wpr-parallax-no wpr-sticky-section-no wpr-equal-height-no\" data-id=\"6560b5a\" data-element_type=\"section\" data-e-type=\"section\" data-settings=\"{&quot;stretch_section&quot;:&quot;section-stretched&quot;,&quot;background_background&quot;:&quot;classic&quot;}\">\n\t\t\t\t\t\t<div class=\"elementor-container elementor-column-gap-default\">\n\t\t\t\t\t<div class=\"elementor-column elementor-col-100 elementor-top-column elementor-element elementor-element-a787918\" data-id=\"a787918\" data-element_type=\"column\" data-e-type=\"column\">\n\t\t\t<div class=\"elementor-widget-wrap elementor-element-populated\">\n\t\t\t\t\t\t<div class=\"elementor-element elementor-element-c120700 elementor-widget elementor-widget-heading\" data-id=\"c120700\" data-element_type=\"widget\" data-e-type=\"widget\" data-widget_type=\"heading.default\">\n\t\t\t\t<div class=\"elementor-widget-container\">\n\t\t\t\t\t<h3 class=\"elementor-heading-title elementor-size-default\">Guide for migrants who decide to return to Mexico<\/h3>\t\t\t\t<\/div>\n\t\t\t\t<\/div>\n\t\t\t\t<div class=\"elementor-element elementor-element-889d71d elementor-widget elementor-widget-text-editor\" data-id=\"889d71d\" data-element_type=\"widget\" data-e-type=\"widget\" data-widget_type=\"text-editor.default\">\n\t\t\t\t<div class=\"elementor-widget-container\">\n\t\t\t\t\t\t\t\t\t<p>La pol\u00edtica de \u201cTolerancia cero\u201d que ha implementado el gobierno de Estados Unidos ha aumentado a\u00fan m\u00e1s, la deportaci\u00f3n de muchos migrantes a M\u00e9xico. No obstante, muchos migrantes tambi\u00e9n han decidido regresar a su pa\u00eds por decisi\u00f3n propia.<\/p><p>Gran parte de las personas que deciden retornar a M\u00e9xico, lo hacen v\u00eda terrestre, lo que en varias ocasiones implica un mayor riesgo para ellos, por esta situaci\u00f3n es que en el portal de <strong>Acceso Latino<\/strong> encontrar\u00e1n informaci\u00f3n de utilidad para prevenir cualquier situaci\u00f3n en su regreso.<\/p><p>En nuestra herramienta de <a href=\"https:\/\/accesolatino.org\/en\/orientacion-legal\/\"><strong>\u201cOrientaci\u00f3n Legal\u201d<\/strong><\/a> tenemos nuestra tarjeta <strong>\u00bfPlaneas regresar a M\u00e9xico?<\/strong> donde encontrar\u00e1s distintos apartados que te ayudar\u00e1n a planear mejor tu regreso y a saber con qu\u00e9 organismos cuentas tales como <strong>\u201cGrupo Beta\u201d<\/strong>.<\/p><p>Este grupo de protecci\u00f3n a migrantes tienen como objetivo proporcionar ayuda humanitaria, primeros auxilios, asistencia migratoria, orientaci\u00f3n e informaci\u00f3n a los migrantes sobre sus derechos.<\/p><p>En la tarjeta de <strong>\u201cGrupo Beta\u201d<\/strong> que proporcionamos para ti, encontrar\u00e1s una gu\u00eda para migrantes que te explica c\u00f3mo hacer m\u00e1s sencillo tu regreso a M\u00e9xico.<\/p>\t\t\t\t\t\t\t\t<\/div>\n\t\t\t\t<\/div>\n\t\t\t\t<div class=\"elementor-element elementor-element-0d7f148 elementor-widget elementor-widget-spacer\" data-id=\"0d7f148\" data-element_type=\"widget\" data-e-type=\"widget\" data-widget_type=\"spacer.default\">\n\t\t\t\t<div class=\"elementor-widget-container\">\n\t\t\t\t\t\t\t<div class=\"elementor-spacer\">\n\t\t\t<div class=\"elementor-spacer-inner\"><\/div>\n\t\t<\/div>\n\t\t\t\t\t\t<\/div>\n\t\t\t\t<\/div>\n\t\t\t\t\t<\/div>\n\t\t<\/div>\n\t\t\t\t\t<\/div>\n\t\t<\/section>\n\t\t\t\t<\/div>","protected":false},"excerpt":{"rendered":"<p>Orientaci\u00f3n Legal Gu\u00eda para migrantes que deciden regresar a M\u00e9xico La pol\u00edtica de \u201cTolerancia cero\u201d que ha implementado el gobierno de Estados Unidos ha aumentado a\u00fan m\u00e1s, la deportaci\u00f3n de muchos migrantes a M\u00e9xico. No obstante, muchos migrantes tambi\u00e9n han decidido regresar a su pa\u00eds por decisi\u00f3n propia. Gran parte de las personas que deciden retornar a M\u00e9xico, lo hacen v\u00eda terrestre, lo que en varias ocasiones implica un mayor riesgo para ellos, por esta situaci\u00f3n es que en el portal de Acceso Latino encontrar\u00e1n informaci\u00f3n de utilidad para prevenir cualquier situaci\u00f3n en su regreso. En nuestra herramienta de \u201cOrientaci\u00f3n Legal\u201d tenemos nuestra tarjeta \u00bfPlaneas regresar a M\u00e9xico? donde encontrar\u00e1s distintos apartados que te ayudar\u00e1n a planear mejor tu regreso y a saber con qu\u00e9 organismos cuentas tales como \u201cGrupo Beta\u201d. Este grupo de protecci\u00f3n a migrantes tienen como objetivo proporcionar ayuda humanitaria, primeros auxilios, asistencia migratoria, orientaci\u00f3n e informaci\u00f3n a los migrantes sobre sus derechos. En la tarjeta de \u201cGrupo Beta\u201d que proporcionamos para ti, encontrar\u00e1s una gu\u00eda para migrantes que te explica c\u00f3mo hacer m\u00e1s sencillo tu regreso a M\u00e9xico.<\/p>","protected":false},"author":8,"featured_media":15937,"parent":0,"menu_order":0,"comment_status":"closed","ping_status":"closed","template":"elementor_header_footer","meta":{"_uf_show_specific_survey":0,"_uf_disable_surveys":false,"footnotes":""},"class_list":["post-15936","page","type-page","status-publish","has-post-thumbnail"],"aioseo_notices":[],"yoast_head":"<!-- This site is optimized with the Yoast SEO plugin v27.4 - https:\/\/yoast.com\/product\/yoast-seo-wordpress\/ -->\n<title>Gu\u00eda para migrantes que deciden regresar a M\u00e9xico<\/title>\n<meta name=\"description\" content=\"Gu\u00eda para\u00a0migrantes\u00a0que deciden regresar a M\u00e9xico La pol\u00edtica de \u201cTolerancia cero\u201d que ha implementado el gobierno de Estados Unidos\" \/>\n<meta name=\"robots\" content=\"index, follow, max-snippet:-1, max-image-preview:large, max-video-preview:-1\" \/>\n<link rel=\"canonical\" href=\"https:\/\/accesolatino.org\/en\/guia-para-migrantes-que-deciden-regresar-a-mexico\/\" \/>\n<meta property=\"og:locale\" content=\"en_US\" \/>\n<meta property=\"og:type\" content=\"article\" \/>\n<meta property=\"og:title\" content=\"Acceso Latino | Gu\u00eda para migrantes que deciden regresar a M\u00e9xico\" \/>\n<meta property=\"og:description\" content=\"La pol\u00edtica de \u201cTolerancia cero\u201d que ha implementado el gobierno de Estados Unidos ha aumentado a\u00fan m\u00e1s, la deportaci\u00f3n de muchos migrantes a M\u00e9xico.\" \/>\n<meta property=\"og:url\" content=\"https:\/\/accesolatino.org\/en\/guia-para-migrantes-que-deciden-regresar-a-mexico\/\" \/>\n<meta property=\"og:site_name\" content=\"Acceso Latino\" \/>\n<meta property=\"article:publisher\" content=\"https:\/\/www.facebook.com\/AccesoLatinoOrg\" \/>\n<meta property=\"article:modified_time\" content=\"2025-10-17T20:16:20+00:00\" \/>\n<meta property=\"og:image\" content=\"https:\/\/accesolatino.org\/wp-content\/uploads\/2018\/12\/Guia-para-migrantes-que-deciden-regresar-a-Mexico.jpg\" \/>\n\t<meta property=\"og:image:width\" content=\"600\" \/>\n\t<meta property=\"og:image:height\" content=\"338\" \/>\n\t<meta property=\"og:image:type\" content=\"image\/jpeg\" \/>\n<meta name=\"twitter:card\" content=\"summary_large_image\" \/>\n<meta name=\"twitter:title\" content=\"Acceso Latino | Gu\u00eda para migrantes que deciden regresar a M\u00e9xico\" \/>\n<meta name=\"twitter:description\" content=\"La pol\u00edtica de \u201cTolerancia cero\u201d que ha implementado el gobierno de Estados Unidos ha aumentado a\u00fan m\u00e1s, la deportaci\u00f3n de muchos migrantes a M\u00e9xico.\" \/>\n<meta name=\"twitter:image\" content=\"https:\/\/accesolatino.org\/wp-content\/uploads\/2018\/12\/Guia-para-migrantes-que-deciden-regresar-a-Mexico.jpg\" \/>\n<meta name=\"twitter:site\" content=\"@FAccLatino\" \/>\n<meta name=\"twitter:label1\" content=\"Est. reading time\" \/>\n\t<meta name=\"twitter:data1\" content=\"2 minutes\" \/>\n<script type=\"application\/ld+json\" class=\"yoast-schema-graph\">{\"@context\":\"https:\\\/\\\/schema.org\",\"@graph\":[{\"@type\":\"WebPage\",\"@id\":\"https:\\\/\\\/accesolatino.org\\\/en\\\/guia-para-migrantes-que-deciden-regresar-a-mexico\\\/\",\"url\":\"https:\\\/\\\/accesolatino.org\\\/en\\\/guia-para-migrantes-que-deciden-regresar-a-mexico\\\/\",\"name\":\"Gu\u00eda para migrantes que deciden regresar a M\u00e9xico\",\"isPartOf\":{\"@id\":\"https:\\\/\\\/accesolatino.org\\\/#website\"},\"primaryImageOfPage\":{\"@id\":\"https:\\\/\\\/accesolatino.org\\\/en\\\/guia-para-migrantes-que-deciden-regresar-a-mexico\\\/#primaryimage\"},\"image\":{\"@id\":\"https:\\\/\\\/accesolatino.org\\\/en\\\/guia-para-migrantes-que-deciden-regresar-a-mexico\\\/#primaryimage\"},\"thumbnailUrl\":\"https:\\\/\\\/accesolatino.org\\\/wp-content\\\/uploads\\\/2018\\\/12\\\/Guia-para-migrantes-que-deciden-regresar-a-Mexico.jpg\",\"datePublished\":\"2018-12-11T18:02:03+00:00\",\"dateModified\":\"2025-10-17T20:16:20+00:00\",\"description\":\"Gu\u00eda para\u00a0migrantes\u00a0que deciden regresar a M\u00e9xico La pol\u00edtica de \u201cTolerancia cero\u201d que ha implementado el gobierno de Estados Unidos\",\"breadcrumb\":{\"@id\":\"https:\\\/\\\/accesolatino.org\\\/en\\\/guia-para-migrantes-que-deciden-regresar-a-mexico\\\/#breadcrumb\"},\"inLanguage\":\"en-US\",\"potentialAction\":[{\"@type\":\"ReadAction\",\"target\":[\"https:\\\/\\\/accesolatino.org\\\/en\\\/guia-para-migrantes-que-deciden-regresar-a-mexico\\\/\"]}]},{\"@type\":\"ImageObject\",\"inLanguage\":\"en-US\",\"@id\":\"https:\\\/\\\/accesolatino.org\\\/en\\\/guia-para-migrantes-que-deciden-regresar-a-mexico\\\/#primaryimage\",\"url\":\"https:\\\/\\\/accesolatino.org\\\/wp-content\\\/uploads\\\/2018\\\/12\\\/Guia-para-migrantes-que-deciden-regresar-a-Mexico.jpg\",\"contentUrl\":\"https:\\\/\\\/accesolatino.org\\\/wp-content\\\/uploads\\\/2018\\\/12\\\/Guia-para-migrantes-que-deciden-regresar-a-Mexico.jpg\",\"width\":600,\"height\":338,\"caption\":\"migrantes\"},{\"@type\":\"BreadcrumbList\",\"@id\":\"https:\\\/\\\/accesolatino.org\\\/en\\\/guia-para-migrantes-que-deciden-regresar-a-mexico\\\/#breadcrumb\",\"itemListElement\":[{\"@type\":\"ListItem\",\"position\":1,\"name\":\"Portada\",\"item\":\"https:\\\/\\\/accesolatino.org\\\/\"},{\"@type\":\"ListItem\",\"position\":2,\"name\":\"Gu\u00eda para migrantes que deciden regresar a M\u00e9xico\"}]},{\"@type\":\"WebSite\",\"@id\":\"https:\\\/\\\/accesolatino.org\\\/#website\",\"url\":\"https:\\\/\\\/accesolatino.org\\\/\",\"name\":\"Acceso Latino | Fundaci\u00f3n Carlos Slim\",\"description\":\"Fundaci\u00f3n Carlos Slim\",\"publisher\":{\"@id\":\"https:\\\/\\\/accesolatino.org\\\/#organization\"},\"potentialAction\":[{\"@type\":\"SearchAction\",\"target\":{\"@type\":\"EntryPoint\",\"urlTemplate\":\"https:\\\/\\\/accesolatino.org\\\/?s={search_term_string}\"},\"query-input\":{\"@type\":\"PropertyValueSpecification\",\"valueRequired\":true,\"valueName\":\"search_term_string\"}}],\"inLanguage\":\"en-US\"},{\"@type\":\"Organization\",\"@id\":\"https:\\\/\\\/accesolatino.org\\\/#organization\",\"name\":\"Acceso Latino | Fundaci\u00f3n Carlos Slim\",\"url\":\"https:\\\/\\\/accesolatino.org\\\/\",\"logo\":{\"@type\":\"ImageObject\",\"inLanguage\":\"en-US\",\"@id\":\"https:\\\/\\\/accesolatino.org\\\/#\\\/schema\\\/logo\\\/image\\\/\",\"url\":\"https:\\\/\\\/accesolatino.org\\\/wp-content\\\/uploads\\\/2021\\\/02\\\/logo-footer-acceso-latino.png\",\"contentUrl\":\"https:\\\/\\\/accesolatino.org\\\/wp-content\\\/uploads\\\/2021\\\/02\\\/logo-footer-acceso-latino.png\",\"width\":240,\"height\":40,\"caption\":\"Acceso Latino | Fundaci\u00f3n Carlos Slim\"},\"image\":{\"@id\":\"https:\\\/\\\/accesolatino.org\\\/#\\\/schema\\\/logo\\\/image\\\/\"},\"sameAs\":[\"https:\\\/\\\/www.facebook.com\\\/AccesoLatinoOrg\",\"https:\\\/\\\/x.com\\\/FAccLatino\"]}]}<\/script>\n<!-- \/ Yoast SEO plugin. -->","yoast_head_json":{"title":"Guide for migrants who decide to return to Mexico","description":"Gu\u00eda para\u00a0migrantes\u00a0que deciden regresar a M\u00e9xico La pol\u00edtica de \u201cTolerancia cero\u201d que ha implementado el gobierno de Estados Unidos","robots":{"index":"index","follow":"follow","max-snippet":"max-snippet:-1","max-image-preview":"max-image-preview:large","max-video-preview":"max-video-preview:-1"},"canonical":"https:\/\/accesolatino.org\/en\/guia-para-migrantes-que-deciden-regresar-a-mexico\/","og_locale":"en_US","og_type":"article","og_title":"Acceso Latino | Gu\u00eda para migrantes que deciden regresar a M\u00e9xico","og_description":"La pol\u00edtica de \u201cTolerancia cero\u201d que ha implementado el gobierno de Estados Unidos ha aumentado a\u00fan m\u00e1s, la deportaci\u00f3n de muchos migrantes a M\u00e9xico.","og_url":"https:\/\/accesolatino.org\/en\/guia-para-migrantes-que-deciden-regresar-a-mexico\/","og_site_name":"Acceso Latino","article_publisher":"https:\/\/www.facebook.com\/AccesoLatinoOrg","article_modified_time":"2025-10-17T20:16:20+00:00","og_image":[{"width":600,"height":338,"url":"https:\/\/accesolatino.org\/wp-content\/uploads\/2018\/12\/Guia-para-migrantes-que-deciden-regresar-a-Mexico.jpg","type":"image\/jpeg"}],"twitter_card":"summary_large_image","twitter_title":"Acceso Latino | Gu\u00eda para migrantes que deciden regresar a M\u00e9xico","twitter_description":"La pol\u00edtica de \u201cTolerancia cero\u201d que ha implementado el gobierno de Estados Unidos ha aumentado a\u00fan m\u00e1s, la deportaci\u00f3n de muchos migrantes a M\u00e9xico.","twitter_image":"https:\/\/accesolatino.org\/wp-content\/uploads\/2018\/12\/Guia-para-migrantes-que-deciden-regresar-a-Mexico.jpg","twitter_site":"@FAccLatino","twitter_misc":{"Est. reading time":"2 minutes"},"schema":{"@context":"https:\/\/schema.org","@graph":[{"@type":"WebPage","@id":"https:\/\/accesolatino.org\/en\/guia-para-migrantes-que-deciden-regresar-a-mexico\/","url":"https:\/\/accesolatino.org\/en\/guia-para-migrantes-que-deciden-regresar-a-mexico\/","name":"Guide for migrants who decide to return to Mexico","isPartOf":{"@id":"https:\/\/accesolatino.org\/#website"},"primaryImageOfPage":{"@id":"https:\/\/accesolatino.org\/en\/guia-para-migrantes-que-deciden-regresar-a-mexico\/#primaryimage"},"image":{"@id":"https:\/\/accesolatino.org\/en\/guia-para-migrantes-que-deciden-regresar-a-mexico\/#primaryimage"},"thumbnailUrl":"https:\/\/accesolatino.org\/wp-content\/uploads\/2018\/12\/Guia-para-migrantes-que-deciden-regresar-a-Mexico.jpg","datePublished":"2018-12-11T18:02:03+00:00","dateModified":"2025-10-17T20:16:20+00:00","description":"Gu\u00eda para\u00a0migrantes\u00a0que deciden regresar a M\u00e9xico La pol\u00edtica de \u201cTolerancia cero\u201d que ha implementado el gobierno de Estados Unidos","breadcrumb":{"@id":"https:\/\/accesolatino.org\/en\/guia-para-migrantes-que-deciden-regresar-a-mexico\/#breadcrumb"},"inLanguage":"en-US","potentialAction":[{"@type":"ReadAction","target":["https:\/\/accesolatino.org\/en\/guia-para-migrantes-que-deciden-regresar-a-mexico\/"]}]},{"@type":"ImageObject","inLanguage":"en-US","@id":"https:\/\/accesolatino.org\/en\/guia-para-migrantes-que-deciden-regresar-a-mexico\/#primaryimage","url":"https:\/\/accesolatino.org\/wp-content\/uploads\/2018\/12\/Guia-para-migrantes-que-deciden-regresar-a-Mexico.jpg","contentUrl":"https:\/\/accesolatino.org\/wp-content\/uploads\/2018\/12\/Guia-para-migrantes-que-deciden-regresar-a-Mexico.jpg","width":600,"height":338,"caption":"migrantes"},{"@type":"BreadcrumbList","@id":"https:\/\/accesolatino.org\/en\/guia-para-migrantes-que-deciden-regresar-a-mexico\/#breadcrumb","itemListElement":[{"@type":"ListItem","position":1,"name":"Portada","item":"https:\/\/accesolatino.org\/"},{"@type":"ListItem","position":2,"name":"Gu\u00eda para migrantes que deciden regresar a M\u00e9xico"}]},{"@type":"WebSite","@id":"https:\/\/accesolatino.org\/#website","url":"https:\/\/accesolatino.org\/","name":"Acceso Latino | Fundaci\u00f3n Carlos Slim","description":"Fundaci\u00f3n Carlos Slim","publisher":{"@id":"https:\/\/accesolatino.org\/#organization"},"potentialAction":[{"@type":"SearchAction","target":{"@type":"EntryPoint","urlTemplate":"https:\/\/accesolatino.org\/?s={search_term_string}"},"query-input":{"@type":"PropertyValueSpecification","valueRequired":true,"valueName":"search_term_string"}}],"inLanguage":"en-US"},{"@type":"Organization","@id":"https:\/\/accesolatino.org\/#organization","name":"Acceso Latino | Fundaci\u00f3n Carlos Slim","url":"https:\/\/accesolatino.org\/","logo":{"@type":"ImageObject","inLanguage":"en-US","@id":"https:\/\/accesolatino.org\/#\/schema\/logo\/image\/","url":"https:\/\/accesolatino.org\/wp-content\/uploads\/2021\/02\/logo-footer-acceso-latino.png","contentUrl":"https:\/\/accesolatino.org\/wp-content\/uploads\/2021\/02\/logo-footer-acceso-latino.png","width":240,"height":40,"caption":"Acceso Latino | Fundaci\u00f3n Carlos Slim"},"image":{"@id":"https:\/\/accesolatino.org\/#\/schema\/logo\/image\/"},"sameAs":["https:\/\/www.facebook.com\/AccesoLatinoOrg","https:\/\/x.com\/FAccLatino"]}]}},"_links":{"self":[{"href":"https:\/\/accesolatino.org\/en\/wp-json\/wp\/v2\/pages\/15936","targetHints":{"allow":["GET"]}}],"collection":[{"href":"https:\/\/accesolatino.org\/en\/wp-json\/wp\/v2\/pages"}],"about":[{"href":"https:\/\/accesolatino.org\/en\/wp-json\/wp\/v2\/types\/page"}],"author":[{"embeddable":true,"href":"https:\/\/accesolatino.org\/en\/wp-json\/wp\/v2\/users\/8"}],"replies":[{"embeddable":true,"href":"https:\/\/accesolatino.org\/en\/wp-json\/wp\/v2\/comments?post=15936"}],"version-history":[{"count":1,"href":"https:\/\/accesolatino.org\/en\/wp-json\/wp\/v2\/pages\/15936\/revisions"}],"predecessor-version":[{"id":64224,"href":"https:\/\/accesolatino.org\/en\/wp-json\/wp\/v2\/pages\/15936\/revisions\/64224"}],"wp:featuredmedia":[{"embeddable":true,"href":"https:\/\/accesolatino.org\/en\/wp-json\/wp\/v2\/media\/15937"}],"wp:attachment":[{"href":"https:\/\/accesolatino.org\/en\/wp-json\/wp\/v2\/media?parent=15936"}],"curies":[{"name":"wp","href":"https:\/\/api.w.org\/{rel}","templated":true}]}}