{"id":15698,"date":"2018-12-10T16:19:20","date_gmt":"2018-12-10T22:19:20","guid":{"rendered":"https:\/\/accesolatino.org\/?page_id=15698"},"modified":"2025-10-16T12:05:40","modified_gmt":"2025-10-16T18:05:40","slug":"conoces-el-buzon-de-orientacion-legal-que-tiene-acceso-latino","status":"publish","type":"page","link":"https:\/\/accesolatino.org\/en\/conoces-el-buzon-de-orientacion-legal-que-tiene-acceso-latino\/","title":{"rendered":"\u00bfConoces el buz\u00f3n de orientaci\u00f3n legal que tiene Acceso Latino?"},"content":{"rendered":"<div data-elementor-type=\"wp-post\" data-elementor-id=\"15698\" class=\"elementor elementor-15698\">\n\t\t\t\t\t\t<section class=\"elementor-section elementor-top-section elementor-element elementor-element-fc7551a elementor-section-full_width elementor-section-height-min-height elementor-section-items-stretch elementor-section-height-default wpr-particle-no wpr-jarallax-no wpr-parallax-no wpr-sticky-section-no wpr-equal-height-no\" data-id=\"fc7551a\" data-element_type=\"section\" data-e-type=\"section\" data-settings=\"{&quot;background_background&quot;:&quot;classic&quot;}\">\n\t\t\t\t\t\t<div class=\"elementor-container elementor-column-gap-no\">\n\t\t\t\t\t<div class=\"elementor-column elementor-col-100 elementor-top-column elementor-element elementor-element-d1191a6\" data-id=\"d1191a6\" data-element_type=\"column\" data-e-type=\"column\">\n\t\t\t<div class=\"elementor-widget-wrap elementor-element-populated\">\n\t\t\t\t\t\t<div class=\"elementor-element elementor-element-a870110 elementor--h-position-center elementor--v-position-middle elementor-widget elementor-widget-slides\" data-id=\"a870110\" data-element_type=\"widget\" data-e-type=\"widget\" data-settings=\"{&quot;navigation&quot;:&quot;none&quot;,&quot;infinite&quot;:&quot;yes&quot;,&quot;transition&quot;:&quot;slide&quot;,&quot;transition_speed&quot;:500}\" data-widget_type=\"slides.default\">\n\t\t\t\t<div class=\"elementor-widget-container\">\n\t\t\t\t\t\t\t<div class=\"elementor-swiper\">\n\t\t\t<div class=\"elementor-slides-wrapper elementor-main-swiper swiper-container\" dir=\"ltr\" data-animation=\"\">\n\t\t\t\t<div class=\"swiper-wrapper elementor-slides\">\n\t\t\t\t\t\t\t\t\t\t<div class=\"elementor-repeater-item-d983a28 swiper-slide\"><div class=\"swiper-slide-bg\"><\/div><div class=\"swiper-slide-inner\" ><div class=\"swiper-slide-contents\"><div class=\"elementor-slide-heading\">Legal Guidance<\/div><\/div><\/div><\/div>\t\t\t\t<\/div>\n\t\t\t\t\t\t\t<\/div>\n\t\t<\/div>\n\t\t\t\t\t\t<\/div>\n\t\t\t\t<\/div>\n\t\t\t\t\t<\/div>\n\t\t<\/div>\n\t\t\t\t\t<\/div>\n\t\t<\/section>\n\t\t\t\t<section class=\"elementor-section elementor-top-section elementor-element elementor-element-f4e320d elementor-section-stretched elementor-section-boxed elementor-section-height-default elementor-section-height-default wpr-particle-no wpr-jarallax-no wpr-parallax-no wpr-sticky-section-no wpr-equal-height-no\" data-id=\"f4e320d\" data-element_type=\"section\" data-e-type=\"section\" data-settings=\"{&quot;stretch_section&quot;:&quot;section-stretched&quot;,&quot;background_background&quot;:&quot;classic&quot;}\">\n\t\t\t\t\t\t<div class=\"elementor-container elementor-column-gap-default\">\n\t\t\t\t\t<div class=\"elementor-column elementor-col-100 elementor-top-column elementor-element elementor-element-d3b5d81\" data-id=\"d3b5d81\" data-element_type=\"column\" data-e-type=\"column\">\n\t\t\t<div class=\"elementor-widget-wrap elementor-element-populated\">\n\t\t\t\t\t\t<div class=\"elementor-element elementor-element-9e6e0f7 elementor-widget elementor-widget-heading\" data-id=\"9e6e0f7\" data-element_type=\"widget\" data-e-type=\"widget\" data-widget_type=\"heading.default\">\n\t\t\t\t<div class=\"elementor-widget-container\">\n\t\t\t\t\t<h3 class=\"elementor-heading-title elementor-size-default\">Do you already know about Acceso Latino's legal advice mailbox?\n<\/h3>\t\t\t\t<\/div>\n\t\t\t\t<\/div>\n\t\t\t\t<div class=\"elementor-element elementor-element-8313b59 elementor-widget elementor-widget-text-editor\" data-id=\"8313b59\" data-element_type=\"widget\" data-e-type=\"widget\" data-widget_type=\"text-editor.default\">\n\t\t\t\t<div class=\"elementor-widget-container\">\n\t\t\t\t\t\t\t\t\t<p>Una gran mayor\u00eda de los migrantes que viven en Estados Unidos o buscan comenzar su vida en aquel pa\u00eds se encuentran en una posici\u00f3n complicada debido a la dura pol\u00edtica migratoria que actualmente ha implementado el gobierno americano.<\/p><p>Por este motivo, uno de los principales apoyos que buscan los inmigrantes es en materia legal. <strong>Acceso Latino<\/strong> les brinda la herramienta de <a href=\"https:\/\/accesolatino.org\/en\/orientacion-legal\/\"><strong>Legal Guidance<\/strong><\/a>, donde podr\u00e1s contactar a especialistas de manera gratuita o a bajo costo.<\/p><p>Una de las herramientas que ofrecemos es el formulario para recibir orientaci\u00f3n legal de abogados estadounidenses expertos en materia migratoria. En \u00e9l podr\u00e1s dejar tu pregunta y los abogados te har\u00e1n llegar la respuesta de manera directa.<\/p><p>En este formulario encontrar\u00e1s asesor\u00eda sobre temas como:<\/p><ul><li>Residencia<\/li><li>Asilo<\/li><li>Detenci\u00f3n<\/li><li>Deportaci\u00f3n<\/li><li>DACA<\/li><li>Visa de trabajo<\/li><li>Visa de estudiante<\/li><\/ul><p>Ahora accede a nuestra herramienta de <a href=\"https:\/\/accesolatino.org\/en\/orientacion-legal\/\"><strong>\u201cOrientaci\u00f3n Legal\u201d<\/strong><\/a> y obt\u00e9n tu asesor\u00eda gratis.<\/p>\t\t\t\t\t\t\t\t<\/div>\n\t\t\t\t<\/div>\n\t\t\t\t<div class=\"elementor-element elementor-element-492f3ea elementor-widget elementor-widget-spacer\" data-id=\"492f3ea\" data-element_type=\"widget\" data-e-type=\"widget\" data-widget_type=\"spacer.default\">\n\t\t\t\t<div class=\"elementor-widget-container\">\n\t\t\t\t\t\t\t<div class=\"elementor-spacer\">\n\t\t\t<div class=\"elementor-spacer-inner\"><\/div>\n\t\t<\/div>\n\t\t\t\t\t\t<\/div>\n\t\t\t\t<\/div>\n\t\t\t\t\t<\/div>\n\t\t<\/div>\n\t\t\t\t\t<\/div>\n\t\t<\/section>\n\t\t\t\t<\/div>","protected":false},"excerpt":{"rendered":"<p>Orientaci\u00f3n Legal \u00bfYa conoces el buz\u00f3n de orientaci\u00f3n legal que tiene Acceso Latino? Una gran mayor\u00eda de los migrantes que viven en Estados Unidos o buscan comenzar su vida en aquel pa\u00eds se encuentran en una posici\u00f3n complicada debido a la dura pol\u00edtica migratoria que actualmente ha implementado el gobierno americano. Por este motivo, uno de los principales apoyos que buscan los inmigrantes es en materia legal. Acceso Latino les brinda la herramienta de Orientaci\u00f3n Legal, donde podr\u00e1s contactar a especialistas de manera gratuita o a bajo costo. Una de las herramientas que ofrecemos es el formulario para recibir orientaci\u00f3n legal de abogados estadounidenses expertos en materia migratoria. En \u00e9l podr\u00e1s dejar tu pregunta y los abogados te har\u00e1n llegar la respuesta de manera directa. En este formulario encontrar\u00e1s asesor\u00eda sobre temas como: Residencia Asilo Detenci\u00f3n Deportaci\u00f3n DACA Visa de trabajo Visa de estudiante Ahora accede a nuestra herramienta de \u201cOrientaci\u00f3n Legal\u201d y obt\u00e9n tu asesor\u00eda gratis.<\/p>","protected":false},"author":8,"featured_media":15699,"parent":0,"menu_order":0,"comment_status":"closed","ping_status":"closed","template":"elementor_header_footer","meta":{"_uf_show_specific_survey":0,"_uf_disable_surveys":false,"footnotes":""},"class_list":["post-15698","page","type-page","status-publish","has-post-thumbnail"],"aioseo_notices":[],"yoast_head":"<!-- This site is optimized with the Yoast SEO plugin v27.4 - https:\/\/yoast.com\/product\/yoast-seo-wordpress\/ -->\n<title>\u00bfYa conoces el buz\u00f3n de orientaci\u00f3n legal que tiene Acceso Latino?<\/title>\n<meta name=\"description\" content=\"Conoce todas las aplicaciones que te pueden ser de ayuda en tu proceso migratorio legal a los Estados Unidos.\" \/>\n<meta name=\"robots\" content=\"index, follow, max-snippet:-1, max-image-preview:large, max-video-preview:-1\" \/>\n<link rel=\"canonical\" href=\"https:\/\/accesolatino.org\/en\/conoces-el-buzon-de-orientacion-legal-que-tiene-acceso-latino\/\" \/>\n<meta property=\"og:locale\" content=\"en_US\" \/>\n<meta property=\"og:type\" content=\"article\" \/>\n<meta property=\"og:title\" content=\"Acceso Latino | \u00bfConoces el buz\u00f3n de orientaci\u00f3n legal que tiene Acceso Latino?\" \/>\n<meta property=\"og:description\" content=\"Conoce las Instituciones que te pueden ser de ayuda en otros pa\u00edses.\" \/>\n<meta property=\"og:url\" content=\"https:\/\/accesolatino.org\/en\/conoces-el-buzon-de-orientacion-legal-que-tiene-acceso-latino\/\" \/>\n<meta property=\"og:site_name\" content=\"Acceso Latino\" \/>\n<meta property=\"article:publisher\" content=\"https:\/\/www.facebook.com\/AccesoLatinoOrg\" \/>\n<meta property=\"article:modified_time\" content=\"2025-10-16T18:05:40+00:00\" \/>\n<meta property=\"og:image\" content=\"https:\/\/accesolatino.org\/wp-content\/uploads\/2018\/12\/Ya-conoces-el-buzon-de-orientaci\u00f3n-legal-que-tiene-Acceso-Latino.jpg\" \/>\n\t<meta property=\"og:image:width\" content=\"600\" \/>\n\t<meta property=\"og:image:height\" content=\"338\" \/>\n\t<meta property=\"og:image:type\" content=\"image\/jpeg\" \/>\n<meta name=\"twitter:card\" content=\"summary_large_image\" \/>\n<meta name=\"twitter:title\" content=\"Acceso Latino | \u00bfConoces el buz\u00f3n de orientaci\u00f3n legal que tiene Acceso Latino?\" \/>\n<meta name=\"twitter:description\" content=\"Conoce las Instituciones que te pueden ser de ayuda en otros pa\u00edses.\" \/>\n<meta name=\"twitter:image\" content=\"https:\/\/accesolatino.org\/wp-content\/uploads\/2018\/12\/Ya-conoces-el-buzon-de-orientaci\u00f3n-legal-que-tiene-Acceso-Latino.jpg\" \/>\n<meta name=\"twitter:site\" content=\"@FAccLatino\" \/>\n<meta name=\"twitter:label1\" content=\"Est. reading time\" \/>\n\t<meta name=\"twitter:data1\" content=\"1 minute\" \/>\n<script type=\"application\/ld+json\" class=\"yoast-schema-graph\">{\"@context\":\"https:\\\/\\\/schema.org\",\"@graph\":[{\"@type\":\"WebPage\",\"@id\":\"https:\\\/\\\/accesolatino.org\\\/en\\\/conoces-el-buzon-de-orientacion-legal-que-tiene-acceso-latino\\\/\",\"url\":\"https:\\\/\\\/accesolatino.org\\\/en\\\/conoces-el-buzon-de-orientacion-legal-que-tiene-acceso-latino\\\/\",\"name\":\"\u00bfYa conoces el buz\u00f3n de orientaci\u00f3n legal que tiene Acceso Latino?\",\"isPartOf\":{\"@id\":\"https:\\\/\\\/accesolatino.org\\\/#website\"},\"primaryImageOfPage\":{\"@id\":\"https:\\\/\\\/accesolatino.org\\\/en\\\/conoces-el-buzon-de-orientacion-legal-que-tiene-acceso-latino\\\/#primaryimage\"},\"image\":{\"@id\":\"https:\\\/\\\/accesolatino.org\\\/en\\\/conoces-el-buzon-de-orientacion-legal-que-tiene-acceso-latino\\\/#primaryimage\"},\"thumbnailUrl\":\"https:\\\/\\\/accesolatino.org\\\/wp-content\\\/uploads\\\/2018\\\/12\\\/Ya-conoces-el-buzon-de-orientaci\u00f3n-legal-que-tiene-Acceso-Latino.jpg\",\"datePublished\":\"2018-12-10T22:19:20+00:00\",\"dateModified\":\"2025-10-16T18:05:40+00:00\",\"description\":\"Conoce todas las aplicaciones que te pueden ser de ayuda en tu proceso migratorio legal a los Estados Unidos.\",\"breadcrumb\":{\"@id\":\"https:\\\/\\\/accesolatino.org\\\/en\\\/conoces-el-buzon-de-orientacion-legal-que-tiene-acceso-latino\\\/#breadcrumb\"},\"inLanguage\":\"en-US\",\"potentialAction\":[{\"@type\":\"ReadAction\",\"target\":[\"https:\\\/\\\/accesolatino.org\\\/en\\\/conoces-el-buzon-de-orientacion-legal-que-tiene-acceso-latino\\\/\"]}]},{\"@type\":\"ImageObject\",\"inLanguage\":\"en-US\",\"@id\":\"https:\\\/\\\/accesolatino.org\\\/en\\\/conoces-el-buzon-de-orientacion-legal-que-tiene-acceso-latino\\\/#primaryimage\",\"url\":\"https:\\\/\\\/accesolatino.org\\\/wp-content\\\/uploads\\\/2018\\\/12\\\/Ya-conoces-el-buzon-de-orientaci\u00f3n-legal-que-tiene-Acceso-Latino.jpg\",\"contentUrl\":\"https:\\\/\\\/accesolatino.org\\\/wp-content\\\/uploads\\\/2018\\\/12\\\/Ya-conoces-el-buzon-de-orientaci\u00f3n-legal-que-tiene-Acceso-Latino.jpg\",\"width\":600,\"height\":338,\"caption\":\"buz\u00f3n\"},{\"@type\":\"BreadcrumbList\",\"@id\":\"https:\\\/\\\/accesolatino.org\\\/en\\\/conoces-el-buzon-de-orientacion-legal-que-tiene-acceso-latino\\\/#breadcrumb\",\"itemListElement\":[{\"@type\":\"ListItem\",\"position\":1,\"name\":\"Portada\",\"item\":\"https:\\\/\\\/accesolatino.org\\\/\"},{\"@type\":\"ListItem\",\"position\":2,\"name\":\"\u00bfConoces el buz\u00f3n de orientaci\u00f3n legal que tiene Acceso Latino?\"}]},{\"@type\":\"WebSite\",\"@id\":\"https:\\\/\\\/accesolatino.org\\\/#website\",\"url\":\"https:\\\/\\\/accesolatino.org\\\/\",\"name\":\"Acceso Latino | Fundaci\u00f3n Carlos Slim\",\"description\":\"Fundaci\u00f3n Carlos Slim\",\"publisher\":{\"@id\":\"https:\\\/\\\/accesolatino.org\\\/#organization\"},\"potentialAction\":[{\"@type\":\"SearchAction\",\"target\":{\"@type\":\"EntryPoint\",\"urlTemplate\":\"https:\\\/\\\/accesolatino.org\\\/?s={search_term_string}\"},\"query-input\":{\"@type\":\"PropertyValueSpecification\",\"valueRequired\":true,\"valueName\":\"search_term_string\"}}],\"inLanguage\":\"en-US\"},{\"@type\":\"Organization\",\"@id\":\"https:\\\/\\\/accesolatino.org\\\/#organization\",\"name\":\"Acceso Latino | Fundaci\u00f3n Carlos Slim\",\"url\":\"https:\\\/\\\/accesolatino.org\\\/\",\"logo\":{\"@type\":\"ImageObject\",\"inLanguage\":\"en-US\",\"@id\":\"https:\\\/\\\/accesolatino.org\\\/#\\\/schema\\\/logo\\\/image\\\/\",\"url\":\"https:\\\/\\\/accesolatino.org\\\/wp-content\\\/uploads\\\/2021\\\/02\\\/logo-footer-acceso-latino.png\",\"contentUrl\":\"https:\\\/\\\/accesolatino.org\\\/wp-content\\\/uploads\\\/2021\\\/02\\\/logo-footer-acceso-latino.png\",\"width\":240,\"height\":40,\"caption\":\"Acceso Latino | Fundaci\u00f3n Carlos Slim\"},\"image\":{\"@id\":\"https:\\\/\\\/accesolatino.org\\\/#\\\/schema\\\/logo\\\/image\\\/\"},\"sameAs\":[\"https:\\\/\\\/www.facebook.com\\\/AccesoLatinoOrg\",\"https:\\\/\\\/x.com\\\/FAccLatino\"]}]}<\/script>\n<!-- \/ Yoast SEO plugin. -->","yoast_head_json":{"title":"Do you already know about Acceso Latino's legal advice mailbox?","description":"Conoce todas las aplicaciones que te pueden ser de ayuda en tu proceso migratorio legal a los Estados Unidos.","robots":{"index":"index","follow":"follow","max-snippet":"max-snippet:-1","max-image-preview":"max-image-preview:large","max-video-preview":"max-video-preview:-1"},"canonical":"https:\/\/accesolatino.org\/en\/conoces-el-buzon-de-orientacion-legal-que-tiene-acceso-latino\/","og_locale":"en_US","og_type":"article","og_title":"Acceso Latino | \u00bfConoces el buz\u00f3n de orientaci\u00f3n legal que tiene Acceso Latino?","og_description":"Conoce las Instituciones que te pueden ser de ayuda en otros pa\u00edses.","og_url":"https:\/\/accesolatino.org\/en\/conoces-el-buzon-de-orientacion-legal-que-tiene-acceso-latino\/","og_site_name":"Acceso Latino","article_publisher":"https:\/\/www.facebook.com\/AccesoLatinoOrg","article_modified_time":"2025-10-16T18:05:40+00:00","og_image":[{"width":600,"height":338,"url":"https:\/\/accesolatino.org\/wp-content\/uploads\/2018\/12\/Ya-conoces-el-buzon-de-orientaci\u00f3n-legal-que-tiene-Acceso-Latino.jpg","type":"image\/jpeg"}],"twitter_card":"summary_large_image","twitter_title":"Acceso Latino | \u00bfConoces el buz\u00f3n de orientaci\u00f3n legal que tiene Acceso Latino?","twitter_description":"Conoce las Instituciones que te pueden ser de ayuda en otros pa\u00edses.","twitter_image":"https:\/\/accesolatino.org\/wp-content\/uploads\/2018\/12\/Ya-conoces-el-buzon-de-orientaci\u00f3n-legal-que-tiene-Acceso-Latino.jpg","twitter_site":"@FAccLatino","twitter_misc":{"Est. reading time":"1 minute"},"schema":{"@context":"https:\/\/schema.org","@graph":[{"@type":"WebPage","@id":"https:\/\/accesolatino.org\/en\/conoces-el-buzon-de-orientacion-legal-que-tiene-acceso-latino\/","url":"https:\/\/accesolatino.org\/en\/conoces-el-buzon-de-orientacion-legal-que-tiene-acceso-latino\/","name":"Do you already know about Acceso Latino's legal advice mailbox?","isPartOf":{"@id":"https:\/\/accesolatino.org\/#website"},"primaryImageOfPage":{"@id":"https:\/\/accesolatino.org\/en\/conoces-el-buzon-de-orientacion-legal-que-tiene-acceso-latino\/#primaryimage"},"image":{"@id":"https:\/\/accesolatino.org\/en\/conoces-el-buzon-de-orientacion-legal-que-tiene-acceso-latino\/#primaryimage"},"thumbnailUrl":"https:\/\/accesolatino.org\/wp-content\/uploads\/2018\/12\/Ya-conoces-el-buzon-de-orientaci\u00f3n-legal-que-tiene-Acceso-Latino.jpg","datePublished":"2018-12-10T22:19:20+00:00","dateModified":"2025-10-16T18:05:40+00:00","description":"Conoce todas las aplicaciones que te pueden ser de ayuda en tu proceso migratorio legal a los Estados Unidos.","breadcrumb":{"@id":"https:\/\/accesolatino.org\/en\/conoces-el-buzon-de-orientacion-legal-que-tiene-acceso-latino\/#breadcrumb"},"inLanguage":"en-US","potentialAction":[{"@type":"ReadAction","target":["https:\/\/accesolatino.org\/en\/conoces-el-buzon-de-orientacion-legal-que-tiene-acceso-latino\/"]}]},{"@type":"ImageObject","inLanguage":"en-US","@id":"https:\/\/accesolatino.org\/en\/conoces-el-buzon-de-orientacion-legal-que-tiene-acceso-latino\/#primaryimage","url":"https:\/\/accesolatino.org\/wp-content\/uploads\/2018\/12\/Ya-conoces-el-buzon-de-orientaci\u00f3n-legal-que-tiene-Acceso-Latino.jpg","contentUrl":"https:\/\/accesolatino.org\/wp-content\/uploads\/2018\/12\/Ya-conoces-el-buzon-de-orientaci\u00f3n-legal-que-tiene-Acceso-Latino.jpg","width":600,"height":338,"caption":"buz\u00f3n"},{"@type":"BreadcrumbList","@id":"https:\/\/accesolatino.org\/en\/conoces-el-buzon-de-orientacion-legal-que-tiene-acceso-latino\/#breadcrumb","itemListElement":[{"@type":"ListItem","position":1,"name":"Portada","item":"https:\/\/accesolatino.org\/"},{"@type":"ListItem","position":2,"name":"\u00bfConoces el buz\u00f3n de orientaci\u00f3n legal que tiene Acceso Latino?"}]},{"@type":"WebSite","@id":"https:\/\/accesolatino.org\/#website","url":"https:\/\/accesolatino.org\/","name":"Acceso Latino | Fundaci\u00f3n Carlos Slim","description":"Fundaci\u00f3n Carlos Slim","publisher":{"@id":"https:\/\/accesolatino.org\/#organization"},"potentialAction":[{"@type":"SearchAction","target":{"@type":"EntryPoint","urlTemplate":"https:\/\/accesolatino.org\/?s={search_term_string}"},"query-input":{"@type":"PropertyValueSpecification","valueRequired":true,"valueName":"search_term_string"}}],"inLanguage":"en-US"},{"@type":"Organization","@id":"https:\/\/accesolatino.org\/#organization","name":"Acceso Latino | Fundaci\u00f3n Carlos Slim","url":"https:\/\/accesolatino.org\/","logo":{"@type":"ImageObject","inLanguage":"en-US","@id":"https:\/\/accesolatino.org\/#\/schema\/logo\/image\/","url":"https:\/\/accesolatino.org\/wp-content\/uploads\/2021\/02\/logo-footer-acceso-latino.png","contentUrl":"https:\/\/accesolatino.org\/wp-content\/uploads\/2021\/02\/logo-footer-acceso-latino.png","width":240,"height":40,"caption":"Acceso Latino | Fundaci\u00f3n Carlos Slim"},"image":{"@id":"https:\/\/accesolatino.org\/#\/schema\/logo\/image\/"},"sameAs":["https:\/\/www.facebook.com\/AccesoLatinoOrg","https:\/\/x.com\/FAccLatino"]}]}},"_links":{"self":[{"href":"https:\/\/accesolatino.org\/en\/wp-json\/wp\/v2\/pages\/15698","targetHints":{"allow":["GET"]}}],"collection":[{"href":"https:\/\/accesolatino.org\/en\/wp-json\/wp\/v2\/pages"}],"about":[{"href":"https:\/\/accesolatino.org\/en\/wp-json\/wp\/v2\/types\/page"}],"author":[{"embeddable":true,"href":"https:\/\/accesolatino.org\/en\/wp-json\/wp\/v2\/users\/8"}],"replies":[{"embeddable":true,"href":"https:\/\/accesolatino.org\/en\/wp-json\/wp\/v2\/comments?post=15698"}],"version-history":[{"count":1,"href":"https:\/\/accesolatino.org\/en\/wp-json\/wp\/v2\/pages\/15698\/revisions"}],"predecessor-version":[{"id":64052,"href":"https:\/\/accesolatino.org\/en\/wp-json\/wp\/v2\/pages\/15698\/revisions\/64052"}],"wp:featuredmedia":[{"embeddable":true,"href":"https:\/\/accesolatino.org\/en\/wp-json\/wp\/v2\/media\/15699"}],"wp:attachment":[{"href":"https:\/\/accesolatino.org\/en\/wp-json\/wp\/v2\/media?parent=15698"}],"curies":[{"name":"wp","href":"https:\/\/api.w.org\/{rel}","templated":true}]}}