{"id":15681,"date":"2018-12-10T12:55:38","date_gmt":"2018-12-10T18:55:38","guid":{"rendered":"https:\/\/accesolatino.org\/?page_id=15681"},"modified":"2022-12-27T12:18:12","modified_gmt":"2022-12-27T18:18:12","slug":"informacion-de-utilidad-para-personas-extraviadas-en-la-frontera-entre-mexico-y-eua","status":"publish","type":"page","link":"https:\/\/accesolatino.org\/en\/informacion-de-utilidad-para-personas-extraviadas-en-la-frontera-entre-mexico-y-eua\/","title":{"rendered":"Useful information for people lost at the U.S.-Mexico border"},"content":{"rendered":"<div data-elementor-type=\"wp-post\" data-elementor-id=\"15681\" class=\"elementor elementor-15681\">\n\t\t\t\t\t\t<section class=\"elementor-section elementor-top-section elementor-element elementor-element-d89afcd elementor-section-full_width elementor-section-height-min-height elementor-section-items-stretch elementor-section-height-default wpr-particle-no wpr-jarallax-no wpr-parallax-no wpr-sticky-section-no wpr-equal-height-no\" data-id=\"d89afcd\" data-element_type=\"section\" data-e-type=\"section\" data-settings=\"{&quot;background_background&quot;:&quot;classic&quot;}\">\n\t\t\t\t\t\t<div class=\"elementor-container elementor-column-gap-no\">\n\t\t\t\t\t<div class=\"elementor-column elementor-col-100 elementor-top-column elementor-element elementor-element-770c43f\" data-id=\"770c43f\" data-element_type=\"column\" data-e-type=\"column\">\n\t\t\t<div class=\"elementor-widget-wrap elementor-element-populated\">\n\t\t\t\t\t\t<div class=\"elementor-element elementor-element-018d675 elementor--h-position-center elementor--v-position-middle elementor-widget elementor-widget-slides\" data-id=\"018d675\" data-element_type=\"widget\" data-e-type=\"widget\" data-settings=\"{&quot;navigation&quot;:&quot;none&quot;,&quot;infinite&quot;:&quot;yes&quot;,&quot;transition&quot;:&quot;slide&quot;,&quot;transition_speed&quot;:500}\" data-widget_type=\"slides.default\">\n\t\t\t\t<div class=\"elementor-widget-container\">\n\t\t\t\t\t\t\t<div class=\"elementor-swiper\">\n\t\t\t<div class=\"elementor-slides-wrapper elementor-main-swiper swiper-container\" dir=\"ltr\" data-animation=\"\">\n\t\t\t\t<div class=\"swiper-wrapper elementor-slides\">\n\t\t\t\t\t\t\t\t\t\t<div class=\"elementor-repeater-item-d983a28 swiper-slide\"><div class=\"swiper-slide-bg\"><\/div><div class=\"swiper-slide-inner\" ><div class=\"swiper-slide-contents\"><div class=\"elementor-slide-heading\">Legal Guidance<\/div><\/div><\/div><\/div>\t\t\t\t<\/div>\n\t\t\t\t\t\t\t<\/div>\n\t\t<\/div>\n\t\t\t\t\t\t<\/div>\n\t\t\t\t<\/div>\n\t\t\t\t\t<\/div>\n\t\t<\/div>\n\t\t\t\t\t<\/div>\n\t\t<\/section>\n\t\t\t\t<section class=\"elementor-section elementor-top-section elementor-element elementor-element-02639a8 elementor-section-stretched elementor-section-boxed elementor-section-height-default elementor-section-height-default wpr-particle-no wpr-jarallax-no wpr-parallax-no wpr-sticky-section-no wpr-equal-height-no\" data-id=\"02639a8\" data-element_type=\"section\" data-e-type=\"section\" data-settings=\"{&quot;stretch_section&quot;:&quot;section-stretched&quot;,&quot;background_background&quot;:&quot;classic&quot;}\">\n\t\t\t\t\t\t<div class=\"elementor-container elementor-column-gap-default\">\n\t\t\t\t\t<div class=\"elementor-column elementor-col-100 elementor-top-column elementor-element elementor-element-1f513d8\" data-id=\"1f513d8\" data-element_type=\"column\" data-e-type=\"column\">\n\t\t\t<div class=\"elementor-widget-wrap elementor-element-populated\">\n\t\t\t\t\t\t<div class=\"elementor-element elementor-element-c0e21fb elementor-widget elementor-widget-heading\" data-id=\"c0e21fb\" data-element_type=\"widget\" data-e-type=\"widget\" data-widget_type=\"heading.default\">\n\t\t\t\t<div class=\"elementor-widget-container\">\n\t\t\t\t\t<h3 class=\"elementor-heading-title elementor-size-default\">Useful information for people lost at the U.S.-Mexico border<\/h3>\t\t\t\t<\/div>\n\t\t\t\t<\/div>\n\t\t\t\t<div class=\"elementor-element elementor-element-e5383e7 elementor-widget elementor-widget-text-editor\" data-id=\"e5383e7\" data-element_type=\"widget\" data-e-type=\"widget\" data-widget_type=\"text-editor.default\">\n\t\t\t\t<div class=\"elementor-widget-container\">\n\t\t\t\t\t\t\t\t\t<p>Si conoces alguna persona que en su intento por cruzar la frontera haya tenido un accidente o se perdi\u00f3 en el desierto, en <strong>Acceso Latino e<\/strong>ncontrar\u00e1s herramientas para localizarlas a personas desaparecidas.<\/p><p>Deber\u00e1s ingresar a la secci\u00f3n <a href=\"https:\/\/accesolatino.org\/en\/orientacion-legal\/\"><strong>\u201cOrientaci\u00f3n Legal\u201d<\/strong><\/a> y en el apartado <strong>\u201cD\u00f3nde buscar migrantes extraviados\u201d<\/strong> te proporcionamos la informaci\u00f3n necesaria para saber c\u00f3mo actuar en cada uno de los siguientes casos:<\/p><ul><li>B\u00fasqueda de rescate: Esto es en caso de que la persona est\u00e9 en peligro de vida o muerte.<\/li><li>B\u00fasqueda de detenci\u00f3n: La persona detenida tiene derecho a realizar una llamada gratis dentro de los primeros 3 d\u00edas, a un n\u00famero que se sepa de memoria y que sea de Estados Unidos. Te decimos qu\u00e9 otras opciones tienes para actuar.<\/li><li>B\u00fasqueda forense: Si tu familiar lleva m\u00e1s de 3 semanas perdido se puede considerar dentro de este caso. Ingresa para proporcionarte m\u00e1s informaci\u00f3n.<\/li><li>B\u00fasqueda en M\u00e9xico: Grupos Beta, es una agencia del gobierno mexicano para la protecci\u00f3n de migrantes y brindan primeros auxilios. Te decimos d\u00f3nde encontrarlos.<\/li><\/ul>\t\t\t\t\t\t\t\t<\/div>\n\t\t\t\t<\/div>\n\t\t\t\t<div class=\"elementor-element elementor-element-d7e337e elementor-widget elementor-widget-spacer\" data-id=\"d7e337e\" data-element_type=\"widget\" data-e-type=\"widget\" data-widget_type=\"spacer.default\">\n\t\t\t\t<div class=\"elementor-widget-container\">\n\t\t\t\t\t\t\t<div class=\"elementor-spacer\">\n\t\t\t<div class=\"elementor-spacer-inner\"><\/div>\n\t\t<\/div>\n\t\t\t\t\t\t<\/div>\n\t\t\t\t<\/div>\n\t\t\t\t\t<\/div>\n\t\t<\/div>\n\t\t\t\t\t<\/div>\n\t\t<\/section>\n\t\t\t\t<\/div>","protected":false},"excerpt":{"rendered":"<p>Orientaci\u00f3n Legal Informaci\u00f3n de utilidad para personas extraviadas en la frontera entre M\u00e9xico y EUA Si conoces alguna persona que en su intento por cruzar la frontera haya tenido un accidente o se perdi\u00f3 en el desierto, en Acceso Latino encontrar\u00e1s herramientas para localizarlas a personas desaparecidas. Deber\u00e1s ingresar a la secci\u00f3n \u201cOrientaci\u00f3n Legal\u201d y en el apartado \u201cD\u00f3nde buscar migrantes extraviados\u201d te proporcionamos la informaci\u00f3n necesaria para saber c\u00f3mo actuar en cada uno de los siguientes casos: B\u00fasqueda de rescate: Esto es en caso de que la persona est\u00e9 en peligro de vida o muerte. B\u00fasqueda de detenci\u00f3n: La persona detenida tiene derecho a realizar una llamada gratis dentro de los primeros 3 d\u00edas, a un n\u00famero que se sepa de memoria y que sea de Estados Unidos. Te decimos qu\u00e9 otras opciones tienes para actuar. B\u00fasqueda forense: Si tu familiar lleva m\u00e1s de 3 semanas perdido se puede considerar dentro de este caso. Ingresa para proporcionarte m\u00e1s informaci\u00f3n. B\u00fasqueda en M\u00e9xico: Grupos Beta, es una agencia del gobierno mexicano para la protecci\u00f3n de migrantes y brindan primeros auxilios. Te decimos d\u00f3nde encontrarlos.<\/p>","protected":false},"author":8,"featured_media":15682,"parent":0,"menu_order":0,"comment_status":"closed","ping_status":"closed","template":"elementor_header_footer","meta":{"_uf_show_specific_survey":0,"_uf_disable_surveys":false,"footnotes":""},"class_list":["post-15681","page","type-page","status-publish","has-post-thumbnail"],"aioseo_notices":[],"yoast_head":"<!-- This site is optimized with the Yoast SEO plugin v27.4 - https:\/\/yoast.com\/product\/yoast-seo-wordpress\/ -->\n<title>Informaci\u00f3n de utilidad para personas extraviadas en la frontera entre M\u00e9xico y EUA<\/title>\n<meta name=\"description\" content=\"Informaci\u00f3n de utilidad para personas extraviadas en la frontera entre M\u00e9xico y EUA Si conoces alguna persona que en su intento por ...\" \/>\n<meta name=\"robots\" content=\"index, follow, max-snippet:-1, max-image-preview:large, max-video-preview:-1\" \/>\n<link rel=\"canonical\" href=\"https:\/\/accesolatino.org\/en\/informacion-de-utilidad-para-personas-extraviadas-en-la-frontera-entre-mexico-y-eua\/\" \/>\n<meta property=\"og:locale\" content=\"en_US\" \/>\n<meta property=\"og:type\" content=\"article\" \/>\n<meta property=\"og:title\" content=\"Acceso Latino | Informaci\u00f3n de utilidad para personas extraviadas en la frontera entre M\u00e9xico y EUA\" \/>\n<meta property=\"og:description\" content=\"Informaci\u00f3n de utilidad para personas extraviadas en la frontera entre M\u00e9xico y EUA\" \/>\n<meta property=\"og:url\" content=\"https:\/\/accesolatino.org\/en\/informacion-de-utilidad-para-personas-extraviadas-en-la-frontera-entre-mexico-y-eua\/\" \/>\n<meta property=\"og:site_name\" content=\"Acceso Latino\" \/>\n<meta property=\"article:publisher\" content=\"https:\/\/www.facebook.com\/AccesoLatinoOrg\" \/>\n<meta property=\"article:modified_time\" content=\"2022-12-27T18:18:12+00:00\" \/>\n<meta property=\"og:image\" content=\"https:\/\/accesolatino.org\/wp-content\/uploads\/2018\/12\/Informacion-de-utilidad-para-personas-extraviadas-en-la-frontera-entre-Mexico-y-EUA.jpg\" \/>\n\t<meta property=\"og:image:width\" content=\"600\" \/>\n\t<meta property=\"og:image:height\" content=\"338\" \/>\n\t<meta property=\"og:image:type\" content=\"image\/jpeg\" \/>\n<meta name=\"twitter:card\" content=\"summary_large_image\" \/>\n<meta name=\"twitter:title\" content=\"Acceso Latino | Informaci\u00f3n de utilidad para personas extraviadas en la frontera entre M\u00e9xico y EUA\" \/>\n<meta name=\"twitter:description\" content=\"Informaci\u00f3n de utilidad para personas extraviadas en la frontera entre M\u00e9xico y EUA\" \/>\n<meta name=\"twitter:image\" content=\"https:\/\/accesolatino.org\/wp-content\/uploads\/2018\/12\/Informacion-de-utilidad-para-personas-extraviadas-en-la-frontera-entre-Mexico-y-EUA.jpg\" \/>\n<meta name=\"twitter:site\" content=\"@FAccLatino\" \/>\n<meta name=\"twitter:label1\" content=\"Est. reading time\" \/>\n\t<meta name=\"twitter:data1\" content=\"2 minutes\" \/>\n<script type=\"application\/ld+json\" class=\"yoast-schema-graph\">{\"@context\":\"https:\\\/\\\/schema.org\",\"@graph\":[{\"@type\":\"WebPage\",\"@id\":\"https:\\\/\\\/accesolatino.org\\\/en\\\/informacion-de-utilidad-para-personas-extraviadas-en-la-frontera-entre-mexico-y-eua\\\/\",\"url\":\"https:\\\/\\\/accesolatino.org\\\/en\\\/informacion-de-utilidad-para-personas-extraviadas-en-la-frontera-entre-mexico-y-eua\\\/\",\"name\":\"Informaci\u00f3n de utilidad para personas extraviadas en la frontera entre M\u00e9xico y EUA\",\"isPartOf\":{\"@id\":\"https:\\\/\\\/accesolatino.org\\\/#website\"},\"primaryImageOfPage\":{\"@id\":\"https:\\\/\\\/accesolatino.org\\\/en\\\/informacion-de-utilidad-para-personas-extraviadas-en-la-frontera-entre-mexico-y-eua\\\/#primaryimage\"},\"image\":{\"@id\":\"https:\\\/\\\/accesolatino.org\\\/en\\\/informacion-de-utilidad-para-personas-extraviadas-en-la-frontera-entre-mexico-y-eua\\\/#primaryimage\"},\"thumbnailUrl\":\"https:\\\/\\\/accesolatino.org\\\/wp-content\\\/uploads\\\/2018\\\/12\\\/Informacion-de-utilidad-para-personas-extraviadas-en-la-frontera-entre-Mexico-y-EUA.jpg\",\"datePublished\":\"2018-12-10T18:55:38+00:00\",\"dateModified\":\"2022-12-27T18:18:12+00:00\",\"description\":\"Informaci\u00f3n de utilidad para personas extraviadas en la frontera entre M\u00e9xico y EUA Si conoces alguna persona que en su intento por ...\",\"breadcrumb\":{\"@id\":\"https:\\\/\\\/accesolatino.org\\\/en\\\/informacion-de-utilidad-para-personas-extraviadas-en-la-frontera-entre-mexico-y-eua\\\/#breadcrumb\"},\"inLanguage\":\"en-US\",\"potentialAction\":[{\"@type\":\"ReadAction\",\"target\":[\"https:\\\/\\\/accesolatino.org\\\/en\\\/informacion-de-utilidad-para-personas-extraviadas-en-la-frontera-entre-mexico-y-eua\\\/\"]}]},{\"@type\":\"ImageObject\",\"inLanguage\":\"en-US\",\"@id\":\"https:\\\/\\\/accesolatino.org\\\/en\\\/informacion-de-utilidad-para-personas-extraviadas-en-la-frontera-entre-mexico-y-eua\\\/#primaryimage\",\"url\":\"https:\\\/\\\/accesolatino.org\\\/wp-content\\\/uploads\\\/2018\\\/12\\\/Informacion-de-utilidad-para-personas-extraviadas-en-la-frontera-entre-Mexico-y-EUA.jpg\",\"contentUrl\":\"https:\\\/\\\/accesolatino.org\\\/wp-content\\\/uploads\\\/2018\\\/12\\\/Informacion-de-utilidad-para-personas-extraviadas-en-la-frontera-entre-Mexico-y-EUA.jpg\",\"width\":600,\"height\":338,\"caption\":\"personas extraviadas\"},{\"@type\":\"BreadcrumbList\",\"@id\":\"https:\\\/\\\/accesolatino.org\\\/en\\\/informacion-de-utilidad-para-personas-extraviadas-en-la-frontera-entre-mexico-y-eua\\\/#breadcrumb\",\"itemListElement\":[{\"@type\":\"ListItem\",\"position\":1,\"name\":\"Portada\",\"item\":\"https:\\\/\\\/accesolatino.org\\\/\"},{\"@type\":\"ListItem\",\"position\":2,\"name\":\"Informaci\u00f3n de utilidad para personas extraviadas en la frontera entre M\u00e9xico y EUA\"}]},{\"@type\":\"WebSite\",\"@id\":\"https:\\\/\\\/accesolatino.org\\\/#website\",\"url\":\"https:\\\/\\\/accesolatino.org\\\/\",\"name\":\"Acceso Latino | Fundaci\u00f3n Carlos Slim\",\"description\":\"Fundaci\u00f3n Carlos Slim\",\"publisher\":{\"@id\":\"https:\\\/\\\/accesolatino.org\\\/#organization\"},\"potentialAction\":[{\"@type\":\"SearchAction\",\"target\":{\"@type\":\"EntryPoint\",\"urlTemplate\":\"https:\\\/\\\/accesolatino.org\\\/?s={search_term_string}\"},\"query-input\":{\"@type\":\"PropertyValueSpecification\",\"valueRequired\":true,\"valueName\":\"search_term_string\"}}],\"inLanguage\":\"en-US\"},{\"@type\":\"Organization\",\"@id\":\"https:\\\/\\\/accesolatino.org\\\/#organization\",\"name\":\"Acceso Latino | Fundaci\u00f3n Carlos Slim\",\"url\":\"https:\\\/\\\/accesolatino.org\\\/\",\"logo\":{\"@type\":\"ImageObject\",\"inLanguage\":\"en-US\",\"@id\":\"https:\\\/\\\/accesolatino.org\\\/#\\\/schema\\\/logo\\\/image\\\/\",\"url\":\"https:\\\/\\\/accesolatino.org\\\/wp-content\\\/uploads\\\/2021\\\/02\\\/logo-footer-acceso-latino.png\",\"contentUrl\":\"https:\\\/\\\/accesolatino.org\\\/wp-content\\\/uploads\\\/2021\\\/02\\\/logo-footer-acceso-latino.png\",\"width\":240,\"height\":40,\"caption\":\"Acceso Latino | Fundaci\u00f3n Carlos Slim\"},\"image\":{\"@id\":\"https:\\\/\\\/accesolatino.org\\\/#\\\/schema\\\/logo\\\/image\\\/\"},\"sameAs\":[\"https:\\\/\\\/www.facebook.com\\\/AccesoLatinoOrg\",\"https:\\\/\\\/x.com\\\/FAccLatino\"]}]}<\/script>\n<!-- \/ Yoast SEO plugin. -->","yoast_head_json":{"title":"Useful information for people lost at the U.S.-Mexico border","description":"Informaci\u00f3n de utilidad para personas extraviadas en la frontera entre M\u00e9xico y EUA Si conoces alguna persona que en su intento por ...","robots":{"index":"index","follow":"follow","max-snippet":"max-snippet:-1","max-image-preview":"max-image-preview:large","max-video-preview":"max-video-preview:-1"},"canonical":"https:\/\/accesolatino.org\/en\/informacion-de-utilidad-para-personas-extraviadas-en-la-frontera-entre-mexico-y-eua\/","og_locale":"en_US","og_type":"article","og_title":"Acceso Latino | Informaci\u00f3n de utilidad para personas extraviadas en la frontera entre M\u00e9xico y EUA","og_description":"Informaci\u00f3n de utilidad para personas extraviadas en la frontera entre M\u00e9xico y EUA","og_url":"https:\/\/accesolatino.org\/en\/informacion-de-utilidad-para-personas-extraviadas-en-la-frontera-entre-mexico-y-eua\/","og_site_name":"Acceso Latino","article_publisher":"https:\/\/www.facebook.com\/AccesoLatinoOrg","article_modified_time":"2022-12-27T18:18:12+00:00","og_image":[{"width":600,"height":338,"url":"https:\/\/accesolatino.org\/wp-content\/uploads\/2018\/12\/Informacion-de-utilidad-para-personas-extraviadas-en-la-frontera-entre-Mexico-y-EUA.jpg","type":"image\/jpeg"}],"twitter_card":"summary_large_image","twitter_title":"Acceso Latino | Informaci\u00f3n de utilidad para personas extraviadas en la frontera entre M\u00e9xico y EUA","twitter_description":"Informaci\u00f3n de utilidad para personas extraviadas en la frontera entre M\u00e9xico y EUA","twitter_image":"https:\/\/accesolatino.org\/wp-content\/uploads\/2018\/12\/Informacion-de-utilidad-para-personas-extraviadas-en-la-frontera-entre-Mexico-y-EUA.jpg","twitter_site":"@FAccLatino","twitter_misc":{"Est. reading time":"2 minutes"},"schema":{"@context":"https:\/\/schema.org","@graph":[{"@type":"WebPage","@id":"https:\/\/accesolatino.org\/en\/informacion-de-utilidad-para-personas-extraviadas-en-la-frontera-entre-mexico-y-eua\/","url":"https:\/\/accesolatino.org\/en\/informacion-de-utilidad-para-personas-extraviadas-en-la-frontera-entre-mexico-y-eua\/","name":"Useful information for people lost at the U.S.-Mexico border","isPartOf":{"@id":"https:\/\/accesolatino.org\/#website"},"primaryImageOfPage":{"@id":"https:\/\/accesolatino.org\/en\/informacion-de-utilidad-para-personas-extraviadas-en-la-frontera-entre-mexico-y-eua\/#primaryimage"},"image":{"@id":"https:\/\/accesolatino.org\/en\/informacion-de-utilidad-para-personas-extraviadas-en-la-frontera-entre-mexico-y-eua\/#primaryimage"},"thumbnailUrl":"https:\/\/accesolatino.org\/wp-content\/uploads\/2018\/12\/Informacion-de-utilidad-para-personas-extraviadas-en-la-frontera-entre-Mexico-y-EUA.jpg","datePublished":"2018-12-10T18:55:38+00:00","dateModified":"2022-12-27T18:18:12+00:00","description":"Informaci\u00f3n de utilidad para personas extraviadas en la frontera entre M\u00e9xico y EUA Si conoces alguna persona que en su intento por ...","breadcrumb":{"@id":"https:\/\/accesolatino.org\/en\/informacion-de-utilidad-para-personas-extraviadas-en-la-frontera-entre-mexico-y-eua\/#breadcrumb"},"inLanguage":"en-US","potentialAction":[{"@type":"ReadAction","target":["https:\/\/accesolatino.org\/en\/informacion-de-utilidad-para-personas-extraviadas-en-la-frontera-entre-mexico-y-eua\/"]}]},{"@type":"ImageObject","inLanguage":"en-US","@id":"https:\/\/accesolatino.org\/en\/informacion-de-utilidad-para-personas-extraviadas-en-la-frontera-entre-mexico-y-eua\/#primaryimage","url":"https:\/\/accesolatino.org\/wp-content\/uploads\/2018\/12\/Informacion-de-utilidad-para-personas-extraviadas-en-la-frontera-entre-Mexico-y-EUA.jpg","contentUrl":"https:\/\/accesolatino.org\/wp-content\/uploads\/2018\/12\/Informacion-de-utilidad-para-personas-extraviadas-en-la-frontera-entre-Mexico-y-EUA.jpg","width":600,"height":338,"caption":"personas extraviadas"},{"@type":"BreadcrumbList","@id":"https:\/\/accesolatino.org\/en\/informacion-de-utilidad-para-personas-extraviadas-en-la-frontera-entre-mexico-y-eua\/#breadcrumb","itemListElement":[{"@type":"ListItem","position":1,"name":"Portada","item":"https:\/\/accesolatino.org\/"},{"@type":"ListItem","position":2,"name":"Informaci\u00f3n de utilidad para personas extraviadas en la frontera entre M\u00e9xico y EUA"}]},{"@type":"WebSite","@id":"https:\/\/accesolatino.org\/#website","url":"https:\/\/accesolatino.org\/","name":"Acceso Latino | Fundaci\u00f3n Carlos Slim","description":"Fundaci\u00f3n Carlos Slim","publisher":{"@id":"https:\/\/accesolatino.org\/#organization"},"potentialAction":[{"@type":"SearchAction","target":{"@type":"EntryPoint","urlTemplate":"https:\/\/accesolatino.org\/?s={search_term_string}"},"query-input":{"@type":"PropertyValueSpecification","valueRequired":true,"valueName":"search_term_string"}}],"inLanguage":"en-US"},{"@type":"Organization","@id":"https:\/\/accesolatino.org\/#organization","name":"Acceso Latino | Fundaci\u00f3n Carlos Slim","url":"https:\/\/accesolatino.org\/","logo":{"@type":"ImageObject","inLanguage":"en-US","@id":"https:\/\/accesolatino.org\/#\/schema\/logo\/image\/","url":"https:\/\/accesolatino.org\/wp-content\/uploads\/2021\/02\/logo-footer-acceso-latino.png","contentUrl":"https:\/\/accesolatino.org\/wp-content\/uploads\/2021\/02\/logo-footer-acceso-latino.png","width":240,"height":40,"caption":"Acceso Latino | Fundaci\u00f3n Carlos Slim"},"image":{"@id":"https:\/\/accesolatino.org\/#\/schema\/logo\/image\/"},"sameAs":["https:\/\/www.facebook.com\/AccesoLatinoOrg","https:\/\/x.com\/FAccLatino"]}]}},"_links":{"self":[{"href":"https:\/\/accesolatino.org\/en\/wp-json\/wp\/v2\/pages\/15681","targetHints":{"allow":["GET"]}}],"collection":[{"href":"https:\/\/accesolatino.org\/en\/wp-json\/wp\/v2\/pages"}],"about":[{"href":"https:\/\/accesolatino.org\/en\/wp-json\/wp\/v2\/types\/page"}],"author":[{"embeddable":true,"href":"https:\/\/accesolatino.org\/en\/wp-json\/wp\/v2\/users\/8"}],"replies":[{"embeddable":true,"href":"https:\/\/accesolatino.org\/en\/wp-json\/wp\/v2\/comments?post=15681"}],"version-history":[{"count":1,"href":"https:\/\/accesolatino.org\/en\/wp-json\/wp\/v2\/pages\/15681\/revisions"}],"predecessor-version":[{"id":64230,"href":"https:\/\/accesolatino.org\/en\/wp-json\/wp\/v2\/pages\/15681\/revisions\/64230"}],"wp:featuredmedia":[{"embeddable":true,"href":"https:\/\/accesolatino.org\/en\/wp-json\/wp\/v2\/media\/15682"}],"wp:attachment":[{"href":"https:\/\/accesolatino.org\/en\/wp-json\/wp\/v2\/media?parent=15681"}],"curies":[{"name":"wp","href":"https:\/\/api.w.org\/{rel}","templated":true}]}}