{"id":15590,"date":"2018-12-05T12:05:39","date_gmt":"2018-12-05T18:05:39","guid":{"rendered":"https:\/\/accesolatino.org\/?page_id=15590"},"modified":"2025-10-17T18:12:59","modified_gmt":"2025-10-18T00:12:59","slug":"te-dejamos-el-numero-para-reportar-algun-fraude-migratorio","status":"publish","type":"page","link":"https:\/\/accesolatino.org\/en\/te-dejamos-el-numero-para-reportar-algun-fraude-migratorio\/","title":{"rendered":"Here is the number to report immigration fraud"},"content":{"rendered":"<div data-elementor-type=\"wp-post\" data-elementor-id=\"15590\" class=\"elementor elementor-15590\">\n\t\t\t\t\t\t<section class=\"elementor-section elementor-top-section elementor-element elementor-element-132b692 elementor-section-full_width elementor-section-height-min-height elementor-section-items-stretch elementor-section-height-default wpr-particle-no wpr-jarallax-no wpr-parallax-no wpr-sticky-section-no wpr-equal-height-no\" data-id=\"132b692\" data-element_type=\"section\" data-e-type=\"section\" data-settings=\"{&quot;background_background&quot;:&quot;classic&quot;}\">\n\t\t\t\t\t\t<div class=\"elementor-container elementor-column-gap-no\">\n\t\t\t\t\t<div class=\"elementor-column elementor-col-100 elementor-top-column elementor-element elementor-element-f339751\" data-id=\"f339751\" data-element_type=\"column\" data-e-type=\"column\">\n\t\t\t<div class=\"elementor-widget-wrap elementor-element-populated\">\n\t\t\t\t\t\t<div class=\"elementor-element elementor-element-5a4a397 elementor--h-position-center elementor--v-position-middle elementor-widget elementor-widget-slides\" data-id=\"5a4a397\" data-element_type=\"widget\" data-e-type=\"widget\" data-settings=\"{&quot;navigation&quot;:&quot;none&quot;,&quot;infinite&quot;:&quot;yes&quot;,&quot;transition&quot;:&quot;slide&quot;,&quot;transition_speed&quot;:500}\" data-widget_type=\"slides.default\">\n\t\t\t\t<div class=\"elementor-widget-container\">\n\t\t\t\t\t\t\t<div class=\"elementor-swiper\">\n\t\t\t<div class=\"elementor-slides-wrapper elementor-main-swiper swiper-container\" dir=\"ltr\" data-animation=\"\">\n\t\t\t\t<div class=\"swiper-wrapper elementor-slides\">\n\t\t\t\t\t\t\t\t\t\t<div class=\"elementor-repeater-item-d983a28 swiper-slide\"><div class=\"swiper-slide-bg\"><\/div><div class=\"swiper-slide-inner\" ><div class=\"swiper-slide-contents\"><div class=\"elementor-slide-heading\">Legal Guidance<\/div><\/div><\/div><\/div>\t\t\t\t<\/div>\n\t\t\t\t\t\t\t<\/div>\n\t\t<\/div>\n\t\t\t\t\t\t<\/div>\n\t\t\t\t<\/div>\n\t\t\t\t\t<\/div>\n\t\t<\/div>\n\t\t\t\t\t<\/div>\n\t\t<\/section>\n\t\t\t\t<section class=\"elementor-section elementor-top-section elementor-element elementor-element-e97850a elementor-section-stretched elementor-section-boxed elementor-section-height-default elementor-section-height-default wpr-particle-no wpr-jarallax-no wpr-parallax-no wpr-sticky-section-no wpr-equal-height-no\" data-id=\"e97850a\" data-element_type=\"section\" data-e-type=\"section\" data-settings=\"{&quot;stretch_section&quot;:&quot;section-stretched&quot;,&quot;background_background&quot;:&quot;classic&quot;}\">\n\t\t\t\t\t\t<div class=\"elementor-container elementor-column-gap-default\">\n\t\t\t\t\t<div class=\"elementor-column elementor-col-100 elementor-top-column elementor-element elementor-element-2d200d1\" data-id=\"2d200d1\" data-element_type=\"column\" data-e-type=\"column\">\n\t\t\t<div class=\"elementor-widget-wrap elementor-element-populated\">\n\t\t\t\t\t\t<div class=\"elementor-element elementor-element-df97983 elementor-widget elementor-widget-heading\" data-id=\"df97983\" data-element_type=\"widget\" data-e-type=\"widget\" data-widget_type=\"heading.default\">\n\t\t\t\t<div class=\"elementor-widget-container\">\n\t\t\t\t\t<h3 class=\"elementor-heading-title elementor-size-default\">Here is the number to report immigration fraud<\/h3>\t\t\t\t<\/div>\n\t\t\t\t<\/div>\n\t\t\t\t<div class=\"elementor-element elementor-element-9c5b84d elementor-widget elementor-widget-text-editor\" data-id=\"9c5b84d\" data-element_type=\"widget\" data-e-type=\"widget\" data-widget_type=\"text-editor.default\">\n\t\t\t\t<div class=\"elementor-widget-container\">\n\t\t\t\t\t\t\t\t\t<p>Durante mucho tiempo, diversas organizaciones y grupos de activistas pro inmigrantes han alertado a la comunidad indocumentada sobre posibles fraudes.<\/p><p>Sobre los fraudes, es necesario que los migrantes est\u00e9n atentos a las estafas cometidas por falsos tramitadores o personas no autorizadas por la Oficina de Ciudadan\u00eda y Servicios de Inmigraci\u00f3n (USCIS, por sus siglas en ingl\u00e9s).<\/p><p>Si usted ha sufrido fraude en tr\u00e1mites migratorios o conoce a alguien que ha sido v\u00edctima, en nuestra herramienta de <a href=\"https:\/\/accesolatino.org\/en\/orientacion-legal\/\"><strong>\u201cOrientaci\u00f3n Legal\u201d<\/strong> <\/a>encontrar\u00e1 la ayuda que necesita.<\/p><p>En nuestra tarjeta <strong>\u201cReporta aqu\u00ed fraudes migratorios\u201d<\/strong> encontrar\u00e1s un tel\u00e9fono de ayuda donde podr\u00e1s reportar tu fraude y encontrar asesor\u00eda necesaria.<\/p>\t\t\t\t\t\t\t\t<\/div>\n\t\t\t\t<\/div>\n\t\t\t\t<div class=\"elementor-element elementor-element-6ca2485 elementor-widget elementor-widget-spacer\" data-id=\"6ca2485\" data-element_type=\"widget\" data-e-type=\"widget\" data-widget_type=\"spacer.default\">\n\t\t\t\t<div class=\"elementor-widget-container\">\n\t\t\t\t\t\t\t<div class=\"elementor-spacer\">\n\t\t\t<div class=\"elementor-spacer-inner\"><\/div>\n\t\t<\/div>\n\t\t\t\t\t\t<\/div>\n\t\t\t\t<\/div>\n\t\t\t\t\t<\/div>\n\t\t<\/div>\n\t\t\t\t\t<\/div>\n\t\t<\/section>\n\t\t\t\t<\/div>","protected":false},"excerpt":{"rendered":"<p>Orientaci\u00f3n Legal Te dejamos el n\u00famero para reportar alg\u00fan fraude migratorio Durante mucho tiempo, diversas organizaciones y grupos de activistas pro inmigrantes han alertado a la comunidad indocumentada sobre posibles fraudes. Sobre los fraudes, es necesario que los migrantes est\u00e9n atentos a las estafas cometidas por falsos tramitadores o personas no autorizadas por la Oficina de Ciudadan\u00eda y Servicios de Inmigraci\u00f3n (USCIS, por sus siglas en ingl\u00e9s). Si usted ha sufrido fraude en tr\u00e1mites migratorios o conoce a alguien que ha sido v\u00edctima, en nuestra herramienta de \u201cOrientaci\u00f3n Legal\u201d encontrar\u00e1 la ayuda que necesita. En nuestra tarjeta \u201cReporta aqu\u00ed fraudes migratorios\u201d encontrar\u00e1s un tel\u00e9fono de ayuda donde podr\u00e1s reportar tu fraude y encontrar asesor\u00eda necesaria.<\/p>","protected":false},"author":8,"featured_media":15603,"parent":0,"menu_order":0,"comment_status":"closed","ping_status":"closed","template":"elementor_header_footer","meta":{"_uf_show_specific_survey":0,"_uf_disable_surveys":false,"footnotes":""},"class_list":["post-15590","page","type-page","status-publish","has-post-thumbnail"],"aioseo_notices":[],"yoast_head":"<!-- This site is optimized with the Yoast SEO plugin v27.4 - https:\/\/yoast.com\/product\/yoast-seo-wordpress\/ -->\n<title>Te dejamos el n\u00famero para reportar alg\u00fan fraude migratorio<\/title>\n<meta name=\"description\" content=\"Te dejamos el n\u00famero para reportar alg\u00fan\u00a0fraude\u00a0migratorio\u00a0Durante mucho tiempo, diversas organizaciones y grupos de activistas...\" \/>\n<meta name=\"robots\" content=\"index, follow, max-snippet:-1, max-image-preview:large, max-video-preview:-1\" \/>\n<link rel=\"canonical\" href=\"https:\/\/accesolatino.org\/en\/te-dejamos-el-numero-para-reportar-algun-fraude-migratorio\/\" \/>\n<meta property=\"og:locale\" content=\"en_US\" \/>\n<meta property=\"og:type\" content=\"article\" \/>\n<meta property=\"og:title\" content=\"Acceso Latino | Te dejamos el n\u00famero para reportar alg\u00fan fraude migratorio\" \/>\n<meta property=\"og:description\" content=\"Conoce las Instituciones que te pueden ser de ayuda en otros pa\u00edses.\" \/>\n<meta property=\"og:url\" content=\"https:\/\/accesolatino.org\/en\/te-dejamos-el-numero-para-reportar-algun-fraude-migratorio\/\" \/>\n<meta property=\"og:site_name\" content=\"Acceso Latino\" \/>\n<meta property=\"article:publisher\" content=\"https:\/\/www.facebook.com\/AccesoLatinoOrg\" \/>\n<meta property=\"article:modified_time\" content=\"2025-10-18T00:12:59+00:00\" \/>\n<meta property=\"og:image\" content=\"https:\/\/accesolatino.org\/wp-content\/uploads\/2018\/12\/Te-dejamos-el-numero-para-reportar-algun-fraude-migratorio.jpg\" \/>\n\t<meta property=\"og:image:width\" content=\"600\" \/>\n\t<meta property=\"og:image:height\" content=\"338\" \/>\n\t<meta property=\"og:image:type\" content=\"image\/jpeg\" \/>\n<meta name=\"twitter:card\" content=\"summary_large_image\" \/>\n<meta name=\"twitter:title\" content=\"Acceso Latino | Te dejamos el n\u00famero para reportar alg\u00fan fraude migratorio\" \/>\n<meta name=\"twitter:description\" content=\"Conoce las Instituciones que te pueden ser de ayuda en otros pa\u00edses.\" \/>\n<meta name=\"twitter:image\" content=\"https:\/\/accesolatino.org\/wp-content\/uploads\/2018\/12\/Te-dejamos-el-numero-para-reportar-algun-fraude-migratorio.jpg\" \/>\n<meta name=\"twitter:site\" content=\"@FAccLatino\" \/>\n<meta name=\"twitter:label1\" content=\"Est. reading time\" \/>\n\t<meta name=\"twitter:data1\" content=\"1 minute\" \/>\n<script type=\"application\/ld+json\" class=\"yoast-schema-graph\">{\"@context\":\"https:\\\/\\\/schema.org\",\"@graph\":[{\"@type\":\"WebPage\",\"@id\":\"https:\\\/\\\/accesolatino.org\\\/te-dejamos-el-numero-para-reportar-algun-fraude-migratorio\\\/\",\"url\":\"https:\\\/\\\/accesolatino.org\\\/te-dejamos-el-numero-para-reportar-algun-fraude-migratorio\\\/\",\"name\":\"Te dejamos el n\u00famero para reportar alg\u00fan fraude migratorio\",\"isPartOf\":{\"@id\":\"https:\\\/\\\/accesolatino.org\\\/#website\"},\"primaryImageOfPage\":{\"@id\":\"https:\\\/\\\/accesolatino.org\\\/te-dejamos-el-numero-para-reportar-algun-fraude-migratorio\\\/#primaryimage\"},\"image\":{\"@id\":\"https:\\\/\\\/accesolatino.org\\\/te-dejamos-el-numero-para-reportar-algun-fraude-migratorio\\\/#primaryimage\"},\"thumbnailUrl\":\"https:\\\/\\\/accesolatino.org\\\/wp-content\\\/uploads\\\/2018\\\/12\\\/Te-dejamos-el-numero-para-reportar-algun-fraude-migratorio.jpg\",\"datePublished\":\"2018-12-05T18:05:39+00:00\",\"dateModified\":\"2025-10-18T00:12:59+00:00\",\"description\":\"Te dejamos el n\u00famero para reportar alg\u00fan\u00a0fraude\u00a0migratorio\u00a0Durante mucho tiempo, diversas organizaciones y grupos de activistas...\",\"breadcrumb\":{\"@id\":\"https:\\\/\\\/accesolatino.org\\\/te-dejamos-el-numero-para-reportar-algun-fraude-migratorio\\\/#breadcrumb\"},\"inLanguage\":\"en-US\",\"potentialAction\":[{\"@type\":\"ReadAction\",\"target\":[\"https:\\\/\\\/accesolatino.org\\\/te-dejamos-el-numero-para-reportar-algun-fraude-migratorio\\\/\"]}]},{\"@type\":\"ImageObject\",\"inLanguage\":\"en-US\",\"@id\":\"https:\\\/\\\/accesolatino.org\\\/te-dejamos-el-numero-para-reportar-algun-fraude-migratorio\\\/#primaryimage\",\"url\":\"https:\\\/\\\/accesolatino.org\\\/wp-content\\\/uploads\\\/2018\\\/12\\\/Te-dejamos-el-numero-para-reportar-algun-fraude-migratorio.jpg\",\"contentUrl\":\"https:\\\/\\\/accesolatino.org\\\/wp-content\\\/uploads\\\/2018\\\/12\\\/Te-dejamos-el-numero-para-reportar-algun-fraude-migratorio.jpg\",\"width\":600,\"height\":338,\"caption\":\"fraude migratorio\"},{\"@type\":\"BreadcrumbList\",\"@id\":\"https:\\\/\\\/accesolatino.org\\\/te-dejamos-el-numero-para-reportar-algun-fraude-migratorio\\\/#breadcrumb\",\"itemListElement\":[{\"@type\":\"ListItem\",\"position\":1,\"name\":\"Portada\",\"item\":\"https:\\\/\\\/accesolatino.org\\\/\"},{\"@type\":\"ListItem\",\"position\":2,\"name\":\"Te dejamos el n\u00famero para reportar alg\u00fan fraude migratorio\"}]},{\"@type\":\"WebSite\",\"@id\":\"https:\\\/\\\/accesolatino.org\\\/#website\",\"url\":\"https:\\\/\\\/accesolatino.org\\\/\",\"name\":\"Acceso Latino | Fundaci\u00f3n Carlos Slim\",\"description\":\"Fundaci\u00f3n Carlos Slim\",\"publisher\":{\"@id\":\"https:\\\/\\\/accesolatino.org\\\/#organization\"},\"potentialAction\":[{\"@type\":\"SearchAction\",\"target\":{\"@type\":\"EntryPoint\",\"urlTemplate\":\"https:\\\/\\\/accesolatino.org\\\/?s={search_term_string}\"},\"query-input\":{\"@type\":\"PropertyValueSpecification\",\"valueRequired\":true,\"valueName\":\"search_term_string\"}}],\"inLanguage\":\"en-US\"},{\"@type\":\"Organization\",\"@id\":\"https:\\\/\\\/accesolatino.org\\\/#organization\",\"name\":\"Acceso Latino | Fundaci\u00f3n Carlos Slim\",\"url\":\"https:\\\/\\\/accesolatino.org\\\/\",\"logo\":{\"@type\":\"ImageObject\",\"inLanguage\":\"en-US\",\"@id\":\"https:\\\/\\\/accesolatino.org\\\/#\\\/schema\\\/logo\\\/image\\\/\",\"url\":\"https:\\\/\\\/accesolatino.org\\\/wp-content\\\/uploads\\\/2021\\\/02\\\/logo-footer-acceso-latino.png\",\"contentUrl\":\"https:\\\/\\\/accesolatino.org\\\/wp-content\\\/uploads\\\/2021\\\/02\\\/logo-footer-acceso-latino.png\",\"width\":240,\"height\":40,\"caption\":\"Acceso Latino | Fundaci\u00f3n Carlos Slim\"},\"image\":{\"@id\":\"https:\\\/\\\/accesolatino.org\\\/#\\\/schema\\\/logo\\\/image\\\/\"},\"sameAs\":[\"https:\\\/\\\/www.facebook.com\\\/AccesoLatinoOrg\",\"https:\\\/\\\/x.com\\\/FAccLatino\"]}]}<\/script>\n<!-- \/ Yoast SEO plugin. -->","yoast_head_json":{"title":"Here is the number to report immigration fraud","description":"Te dejamos el n\u00famero para reportar alg\u00fan\u00a0fraude\u00a0migratorio\u00a0Durante mucho tiempo, diversas organizaciones y grupos de activistas...","robots":{"index":"index","follow":"follow","max-snippet":"max-snippet:-1","max-image-preview":"max-image-preview:large","max-video-preview":"max-video-preview:-1"},"canonical":"https:\/\/accesolatino.org\/en\/te-dejamos-el-numero-para-reportar-algun-fraude-migratorio\/","og_locale":"en_US","og_type":"article","og_title":"Acceso Latino | Te dejamos el n\u00famero para reportar alg\u00fan fraude migratorio","og_description":"Conoce las Instituciones que te pueden ser de ayuda en otros pa\u00edses.","og_url":"https:\/\/accesolatino.org\/en\/te-dejamos-el-numero-para-reportar-algun-fraude-migratorio\/","og_site_name":"Acceso Latino","article_publisher":"https:\/\/www.facebook.com\/AccesoLatinoOrg","article_modified_time":"2025-10-18T00:12:59+00:00","og_image":[{"width":600,"height":338,"url":"https:\/\/accesolatino.org\/wp-content\/uploads\/2018\/12\/Te-dejamos-el-numero-para-reportar-algun-fraude-migratorio.jpg","type":"image\/jpeg"}],"twitter_card":"summary_large_image","twitter_title":"Acceso Latino | Te dejamos el n\u00famero para reportar alg\u00fan fraude migratorio","twitter_description":"Conoce las Instituciones que te pueden ser de ayuda en otros pa\u00edses.","twitter_image":"https:\/\/accesolatino.org\/wp-content\/uploads\/2018\/12\/Te-dejamos-el-numero-para-reportar-algun-fraude-migratorio.jpg","twitter_site":"@FAccLatino","twitter_misc":{"Est. reading time":"1 minute"},"schema":{"@context":"https:\/\/schema.org","@graph":[{"@type":"WebPage","@id":"https:\/\/accesolatino.org\/te-dejamos-el-numero-para-reportar-algun-fraude-migratorio\/","url":"https:\/\/accesolatino.org\/te-dejamos-el-numero-para-reportar-algun-fraude-migratorio\/","name":"Here is the number to report immigration fraud","isPartOf":{"@id":"https:\/\/accesolatino.org\/#website"},"primaryImageOfPage":{"@id":"https:\/\/accesolatino.org\/te-dejamos-el-numero-para-reportar-algun-fraude-migratorio\/#primaryimage"},"image":{"@id":"https:\/\/accesolatino.org\/te-dejamos-el-numero-para-reportar-algun-fraude-migratorio\/#primaryimage"},"thumbnailUrl":"https:\/\/accesolatino.org\/wp-content\/uploads\/2018\/12\/Te-dejamos-el-numero-para-reportar-algun-fraude-migratorio.jpg","datePublished":"2018-12-05T18:05:39+00:00","dateModified":"2025-10-18T00:12:59+00:00","description":"Te dejamos el n\u00famero para reportar alg\u00fan\u00a0fraude\u00a0migratorio\u00a0Durante mucho tiempo, diversas organizaciones y grupos de activistas...","breadcrumb":{"@id":"https:\/\/accesolatino.org\/te-dejamos-el-numero-para-reportar-algun-fraude-migratorio\/#breadcrumb"},"inLanguage":"en-US","potentialAction":[{"@type":"ReadAction","target":["https:\/\/accesolatino.org\/te-dejamos-el-numero-para-reportar-algun-fraude-migratorio\/"]}]},{"@type":"ImageObject","inLanguage":"en-US","@id":"https:\/\/accesolatino.org\/te-dejamos-el-numero-para-reportar-algun-fraude-migratorio\/#primaryimage","url":"https:\/\/accesolatino.org\/wp-content\/uploads\/2018\/12\/Te-dejamos-el-numero-para-reportar-algun-fraude-migratorio.jpg","contentUrl":"https:\/\/accesolatino.org\/wp-content\/uploads\/2018\/12\/Te-dejamos-el-numero-para-reportar-algun-fraude-migratorio.jpg","width":600,"height":338,"caption":"fraude migratorio"},{"@type":"BreadcrumbList","@id":"https:\/\/accesolatino.org\/te-dejamos-el-numero-para-reportar-algun-fraude-migratorio\/#breadcrumb","itemListElement":[{"@type":"ListItem","position":1,"name":"Portada","item":"https:\/\/accesolatino.org\/"},{"@type":"ListItem","position":2,"name":"Te dejamos el n\u00famero para reportar alg\u00fan fraude migratorio"}]},{"@type":"WebSite","@id":"https:\/\/accesolatino.org\/#website","url":"https:\/\/accesolatino.org\/","name":"Acceso Latino | Fundaci\u00f3n Carlos Slim","description":"Fundaci\u00f3n Carlos Slim","publisher":{"@id":"https:\/\/accesolatino.org\/#organization"},"potentialAction":[{"@type":"SearchAction","target":{"@type":"EntryPoint","urlTemplate":"https:\/\/accesolatino.org\/?s={search_term_string}"},"query-input":{"@type":"PropertyValueSpecification","valueRequired":true,"valueName":"search_term_string"}}],"inLanguage":"en-US"},{"@type":"Organization","@id":"https:\/\/accesolatino.org\/#organization","name":"Acceso Latino | Fundaci\u00f3n Carlos Slim","url":"https:\/\/accesolatino.org\/","logo":{"@type":"ImageObject","inLanguage":"en-US","@id":"https:\/\/accesolatino.org\/#\/schema\/logo\/image\/","url":"https:\/\/accesolatino.org\/wp-content\/uploads\/2021\/02\/logo-footer-acceso-latino.png","contentUrl":"https:\/\/accesolatino.org\/wp-content\/uploads\/2021\/02\/logo-footer-acceso-latino.png","width":240,"height":40,"caption":"Acceso Latino | Fundaci\u00f3n Carlos Slim"},"image":{"@id":"https:\/\/accesolatino.org\/#\/schema\/logo\/image\/"},"sameAs":["https:\/\/www.facebook.com\/AccesoLatinoOrg","https:\/\/x.com\/FAccLatino"]}]}},"_links":{"self":[{"href":"https:\/\/accesolatino.org\/en\/wp-json\/wp\/v2\/pages\/15590","targetHints":{"allow":["GET"]}}],"collection":[{"href":"https:\/\/accesolatino.org\/en\/wp-json\/wp\/v2\/pages"}],"about":[{"href":"https:\/\/accesolatino.org\/en\/wp-json\/wp\/v2\/types\/page"}],"author":[{"embeddable":true,"href":"https:\/\/accesolatino.org\/en\/wp-json\/wp\/v2\/users\/8"}],"replies":[{"embeddable":true,"href":"https:\/\/accesolatino.org\/en\/wp-json\/wp\/v2\/comments?post=15590"}],"version-history":[{"count":1,"href":"https:\/\/accesolatino.org\/en\/wp-json\/wp\/v2\/pages\/15590\/revisions"}],"predecessor-version":[{"id":64279,"href":"https:\/\/accesolatino.org\/en\/wp-json\/wp\/v2\/pages\/15590\/revisions\/64279"}],"wp:featuredmedia":[{"embeddable":true,"href":"https:\/\/accesolatino.org\/en\/wp-json\/wp\/v2\/media\/15603"}],"wp:attachment":[{"href":"https:\/\/accesolatino.org\/en\/wp-json\/wp\/v2\/media?parent=15590"}],"curies":[{"name":"wp","href":"https:\/\/api.w.org\/{rel}","templated":true}]}}