{"id":15589,"date":"2018-12-04T09:17:18","date_gmt":"2018-12-04T15:17:18","guid":{"rendered":"https:\/\/accesolatino.org\/?page_id=15589"},"modified":"2025-10-17T18:21:01","modified_gmt":"2025-10-18T00:21:01","slug":"si-fuiste-victima-de-algun-fraude-migratorio-te-brindamos-el-numero-para-reportarlo","status":"publish","type":"page","link":"https:\/\/accesolatino.org\/en\/si-fuiste-victima-de-algun-fraude-migratorio-te-brindamos-el-numero-para-reportarlo\/","title":{"rendered":"If you have been a victim of immigration fraud, here is the number to report it"},"content":{"rendered":"<div data-elementor-type=\"wp-post\" data-elementor-id=\"15589\" class=\"elementor elementor-15589\">\n\t\t\t\t\t\t<section class=\"elementor-section elementor-top-section elementor-element elementor-element-b73b133 elementor-section-full_width elementor-section-height-min-height elementor-section-items-stretch elementor-section-height-default wpr-particle-no wpr-jarallax-no wpr-parallax-no wpr-sticky-section-no wpr-equal-height-no\" data-id=\"b73b133\" data-element_type=\"section\" data-e-type=\"section\" data-settings=\"{&quot;background_background&quot;:&quot;classic&quot;}\">\n\t\t\t\t\t\t<div class=\"elementor-container elementor-column-gap-no\">\n\t\t\t\t\t<div class=\"elementor-column elementor-col-100 elementor-top-column elementor-element elementor-element-87cb84e\" data-id=\"87cb84e\" data-element_type=\"column\" data-e-type=\"column\">\n\t\t\t<div class=\"elementor-widget-wrap elementor-element-populated\">\n\t\t\t\t\t\t<div class=\"elementor-element elementor-element-752bf88 elementor--h-position-center elementor--v-position-middle elementor-widget elementor-widget-slides\" data-id=\"752bf88\" data-element_type=\"widget\" data-e-type=\"widget\" data-settings=\"{&quot;navigation&quot;:&quot;none&quot;,&quot;infinite&quot;:&quot;yes&quot;,&quot;transition&quot;:&quot;slide&quot;,&quot;transition_speed&quot;:500}\" data-widget_type=\"slides.default\">\n\t\t\t\t<div class=\"elementor-widget-container\">\n\t\t\t\t\t\t\t<div class=\"elementor-swiper\">\n\t\t\t<div class=\"elementor-slides-wrapper elementor-main-swiper swiper-container\" dir=\"ltr\" data-animation=\"\">\n\t\t\t\t<div class=\"swiper-wrapper elementor-slides\">\n\t\t\t\t\t\t\t\t\t\t<div class=\"elementor-repeater-item-d983a28 swiper-slide\"><div class=\"swiper-slide-bg\"><\/div><div class=\"swiper-slide-inner\" ><div class=\"swiper-slide-contents\"><div class=\"elementor-slide-heading\">Legal Guidance<\/div><\/div><\/div><\/div>\t\t\t\t<\/div>\n\t\t\t\t\t\t\t<\/div>\n\t\t<\/div>\n\t\t\t\t\t\t<\/div>\n\t\t\t\t<\/div>\n\t\t\t\t\t<\/div>\n\t\t<\/div>\n\t\t\t\t\t<\/div>\n\t\t<\/section>\n\t\t\t\t<section class=\"elementor-section elementor-top-section elementor-element elementor-element-a408023 elementor-section-stretched elementor-section-boxed elementor-section-height-default elementor-section-height-default wpr-particle-no wpr-jarallax-no wpr-parallax-no wpr-sticky-section-no wpr-equal-height-no\" data-id=\"a408023\" data-element_type=\"section\" data-e-type=\"section\" data-settings=\"{&quot;stretch_section&quot;:&quot;section-stretched&quot;,&quot;background_background&quot;:&quot;classic&quot;}\">\n\t\t\t\t\t\t<div class=\"elementor-container elementor-column-gap-default\">\n\t\t\t\t\t<div class=\"elementor-column elementor-col-100 elementor-top-column elementor-element elementor-element-0cdd849\" data-id=\"0cdd849\" data-element_type=\"column\" data-e-type=\"column\">\n\t\t\t<div class=\"elementor-widget-wrap elementor-element-populated\">\n\t\t\t\t\t\t<div class=\"elementor-element elementor-element-254ead1 elementor-widget elementor-widget-heading\" data-id=\"254ead1\" data-element_type=\"widget\" data-e-type=\"widget\" data-widget_type=\"heading.default\">\n\t\t\t\t<div class=\"elementor-widget-container\">\n\t\t\t\t\t<h3 class=\"elementor-heading-title elementor-size-default\">If you have been a victim of immigration fraud, here is the number to report it<\/h3>\t\t\t\t<\/div>\n\t\t\t\t<\/div>\n\t\t\t\t<div class=\"elementor-element elementor-element-40328ed elementor-widget elementor-widget-text-editor\" data-id=\"40328ed\" data-element_type=\"widget\" data-e-type=\"widget\" data-widget_type=\"text-editor.default\">\n\t\t\t\t<div class=\"elementor-widget-container\">\n\t\t\t\t\t\t\t\t\t<p>Lamentablemente la comunidad que llega sin papeles a Estados Unidos ha sido v\u00edctima de fraudes sobre la resoluci\u00f3n en sus tr\u00e1mites migratorios.<\/p><p>Si usted conoce a alguien que podr\u00eda ser v\u00edctima de fraude o usted mismo se encuentra en esta situaci\u00f3n, en el sitio de internet <strong>accesolatino.org<\/strong> dentro de la secci\u00f3n <a href=\"https:\/\/accesolatino.org\/en\/orientacion-legal\/\"><strong>\u201cOrientaci\u00f3n Legal\u201d<\/strong><\/a> encontrar\u00e1s herramientas de ayuda.<\/p><p>En nuestra tarjeta <strong>\u201cReporta aqu\u00ed fraudes migratorios\u201d<\/strong> encontrar\u00e1s el tel\u00e9fono de ayuda para reportar el fraude del que fuiste v\u00edctima. Adem\u00e1s, podr\u00e1s encontrar otras herramientas que te apoyen para las diversas situaciones que atraviesas.<\/p>\t\t\t\t\t\t\t\t<\/div>\n\t\t\t\t<\/div>\n\t\t\t\t<div class=\"elementor-element elementor-element-d157556 elementor-widget elementor-widget-spacer\" data-id=\"d157556\" data-element_type=\"widget\" data-e-type=\"widget\" data-widget_type=\"spacer.default\">\n\t\t\t\t<div class=\"elementor-widget-container\">\n\t\t\t\t\t\t\t<div class=\"elementor-spacer\">\n\t\t\t<div class=\"elementor-spacer-inner\"><\/div>\n\t\t<\/div>\n\t\t\t\t\t\t<\/div>\n\t\t\t\t<\/div>\n\t\t\t\t\t<\/div>\n\t\t<\/div>\n\t\t\t\t\t<\/div>\n\t\t<\/section>\n\t\t\t\t<\/div>","protected":false},"excerpt":{"rendered":"<p>Orientaci\u00f3n Legal Si fuiste v\u00edctima de alg\u00fan fraude migratorio, te brindamos el n\u00famero para reportarlo Lamentablemente la comunidad que llega sin papeles a Estados Unidos ha sido v\u00edctima de fraudes sobre la resoluci\u00f3n en sus tr\u00e1mites migratorios. Si usted conoce a alguien que podr\u00eda ser v\u00edctima de fraude o usted mismo se encuentra en esta situaci\u00f3n, en el sitio de internet accesolatino.org dentro de la secci\u00f3n \u201cOrientaci\u00f3n Legal\u201d encontrar\u00e1s herramientas de ayuda. En nuestra tarjeta \u201cReporta aqu\u00ed fraudes migratorios\u201d encontrar\u00e1s el tel\u00e9fono de ayuda para reportar el fraude del que fuiste v\u00edctima. Adem\u00e1s, podr\u00e1s encontrar otras herramientas que te apoyen para las diversas situaciones que atraviesas.<\/p>","protected":false},"author":8,"featured_media":15591,"parent":0,"menu_order":0,"comment_status":"closed","ping_status":"closed","template":"elementor_header_footer","meta":{"_uf_show_specific_survey":0,"_uf_disable_surveys":false,"footnotes":""},"class_list":["post-15589","page","type-page","status-publish","has-post-thumbnail"],"aioseo_notices":[],"yoast_head":"<!-- This site is optimized with the Yoast SEO plugin v27.4 - https:\/\/yoast.com\/product\/yoast-seo-wordpress\/ -->\n<title>Si fuiste v\u00edctima de alg\u00fan fraude migratorio, te brindamos el n\u00famero para reportarlo<\/title>\n<meta name=\"description\" content=\"Conoce las Instituciones que te pueden ser de ayuda en otros pa\u00edses.\" \/>\n<meta name=\"robots\" content=\"index, follow, max-snippet:-1, max-image-preview:large, max-video-preview:-1\" \/>\n<link rel=\"canonical\" href=\"https:\/\/accesolatino.org\/en\/si-fuiste-victima-de-algun-fraude-migratorio-te-brindamos-el-numero-para-reportarlo\/\" \/>\n<meta property=\"og:locale\" content=\"en_US\" \/>\n<meta property=\"og:type\" content=\"article\" \/>\n<meta property=\"og:title\" content=\"Acceso Latino | Si fuiste v\u00edctima de alg\u00fan fraude migratorio, te brindamos el n\u00famero para reportarlo\" \/>\n<meta property=\"og:description\" content=\"Conoce las Instituciones que te pueden ser de ayuda en otros pa\u00edses.\" \/>\n<meta property=\"og:url\" content=\"https:\/\/accesolatino.org\/en\/si-fuiste-victima-de-algun-fraude-migratorio-te-brindamos-el-numero-para-reportarlo\/\" \/>\n<meta property=\"og:site_name\" content=\"Acceso Latino\" \/>\n<meta property=\"article:publisher\" content=\"https:\/\/www.facebook.com\/AccesoLatinoOrg\" \/>\n<meta property=\"article:modified_time\" content=\"2025-10-18T00:21:01+00:00\" \/>\n<meta property=\"og:image\" content=\"https:\/\/accesolatino.org\/wp-content\/uploads\/2018\/12\/Si-fuiste-victima-de-algun-fraude-migratorio-te-brindamos-el-n\u00famero-para-reportarlo.jpg\" \/>\n\t<meta property=\"og:image:width\" content=\"600\" \/>\n\t<meta property=\"og:image:height\" content=\"338\" \/>\n\t<meta property=\"og:image:type\" content=\"image\/jpeg\" \/>\n<meta name=\"twitter:card\" content=\"summary_large_image\" \/>\n<meta name=\"twitter:title\" content=\"Acceso Latino | Si fuiste v\u00edctima de alg\u00fan fraude migratorio, te brindamos el n\u00famero para reportarlo\" \/>\n<meta name=\"twitter:description\" content=\"Conoce las Instituciones que te pueden ser de ayuda en otros pa\u00edses.\" \/>\n<meta name=\"twitter:image\" content=\"https:\/\/accesolatino.org\/wp-content\/uploads\/2018\/12\/Si-fuiste-victima-de-algun-fraude-migratorio-te-brindamos-el-n\u00famero-para-reportarlo.jpg\" \/>\n<meta name=\"twitter:site\" content=\"@FAccLatino\" \/>\n<meta name=\"twitter:label1\" content=\"Est. reading time\" \/>\n\t<meta name=\"twitter:data1\" content=\"1 minute\" \/>\n<script type=\"application\/ld+json\" class=\"yoast-schema-graph\">{\"@context\":\"https:\\\/\\\/schema.org\",\"@graph\":[{\"@type\":\"WebPage\",\"@id\":\"https:\\\/\\\/accesolatino.org\\\/en\\\/si-fuiste-victima-de-algun-fraude-migratorio-te-brindamos-el-numero-para-reportarlo\\\/\",\"url\":\"https:\\\/\\\/accesolatino.org\\\/en\\\/si-fuiste-victima-de-algun-fraude-migratorio-te-brindamos-el-numero-para-reportarlo\\\/\",\"name\":\"Si fuiste v\u00edctima de alg\u00fan fraude migratorio, te brindamos el n\u00famero para reportarlo\",\"isPartOf\":{\"@id\":\"https:\\\/\\\/accesolatino.org\\\/#website\"},\"primaryImageOfPage\":{\"@id\":\"https:\\\/\\\/accesolatino.org\\\/en\\\/si-fuiste-victima-de-algun-fraude-migratorio-te-brindamos-el-numero-para-reportarlo\\\/#primaryimage\"},\"image\":{\"@id\":\"https:\\\/\\\/accesolatino.org\\\/en\\\/si-fuiste-victima-de-algun-fraude-migratorio-te-brindamos-el-numero-para-reportarlo\\\/#primaryimage\"},\"thumbnailUrl\":\"https:\\\/\\\/accesolatino.org\\\/wp-content\\\/uploads\\\/2018\\\/12\\\/Si-fuiste-victima-de-algun-fraude-migratorio-te-brindamos-el-n\u00famero-para-reportarlo.jpg\",\"datePublished\":\"2018-12-04T15:17:18+00:00\",\"dateModified\":\"2025-10-18T00:21:01+00:00\",\"description\":\"Conoce las Instituciones que te pueden ser de ayuda en otros pa\u00edses.\",\"breadcrumb\":{\"@id\":\"https:\\\/\\\/accesolatino.org\\\/en\\\/si-fuiste-victima-de-algun-fraude-migratorio-te-brindamos-el-numero-para-reportarlo\\\/#breadcrumb\"},\"inLanguage\":\"en-US\",\"potentialAction\":[{\"@type\":\"ReadAction\",\"target\":[\"https:\\\/\\\/accesolatino.org\\\/en\\\/si-fuiste-victima-de-algun-fraude-migratorio-te-brindamos-el-numero-para-reportarlo\\\/\"]}]},{\"@type\":\"ImageObject\",\"inLanguage\":\"en-US\",\"@id\":\"https:\\\/\\\/accesolatino.org\\\/en\\\/si-fuiste-victima-de-algun-fraude-migratorio-te-brindamos-el-numero-para-reportarlo\\\/#primaryimage\",\"url\":\"https:\\\/\\\/accesolatino.org\\\/wp-content\\\/uploads\\\/2018\\\/12\\\/Si-fuiste-victima-de-algun-fraude-migratorio-te-brindamos-el-n\u00famero-para-reportarlo.jpg\",\"contentUrl\":\"https:\\\/\\\/accesolatino.org\\\/wp-content\\\/uploads\\\/2018\\\/12\\\/Si-fuiste-victima-de-algun-fraude-migratorio-te-brindamos-el-n\u00famero-para-reportarlo.jpg\",\"width\":600,\"height\":338,\"caption\":\"Si fuiste v\u00edctima de alg\u00fan fraude migratorio, te brindamos el n\u00famero para reportarlo\"},{\"@type\":\"BreadcrumbList\",\"@id\":\"https:\\\/\\\/accesolatino.org\\\/en\\\/si-fuiste-victima-de-algun-fraude-migratorio-te-brindamos-el-numero-para-reportarlo\\\/#breadcrumb\",\"itemListElement\":[{\"@type\":\"ListItem\",\"position\":1,\"name\":\"Portada\",\"item\":\"https:\\\/\\\/accesolatino.org\\\/\"},{\"@type\":\"ListItem\",\"position\":2,\"name\":\"Si fuiste v\u00edctima de alg\u00fan fraude migratorio, te brindamos el n\u00famero para reportarlo\"}]},{\"@type\":\"WebSite\",\"@id\":\"https:\\\/\\\/accesolatino.org\\\/#website\",\"url\":\"https:\\\/\\\/accesolatino.org\\\/\",\"name\":\"Acceso Latino | Fundaci\u00f3n Carlos Slim\",\"description\":\"Fundaci\u00f3n Carlos Slim\",\"publisher\":{\"@id\":\"https:\\\/\\\/accesolatino.org\\\/#organization\"},\"potentialAction\":[{\"@type\":\"SearchAction\",\"target\":{\"@type\":\"EntryPoint\",\"urlTemplate\":\"https:\\\/\\\/accesolatino.org\\\/?s={search_term_string}\"},\"query-input\":{\"@type\":\"PropertyValueSpecification\",\"valueRequired\":true,\"valueName\":\"search_term_string\"}}],\"inLanguage\":\"en-US\"},{\"@type\":\"Organization\",\"@id\":\"https:\\\/\\\/accesolatino.org\\\/#organization\",\"name\":\"Acceso Latino | Fundaci\u00f3n Carlos Slim\",\"url\":\"https:\\\/\\\/accesolatino.org\\\/\",\"logo\":{\"@type\":\"ImageObject\",\"inLanguage\":\"en-US\",\"@id\":\"https:\\\/\\\/accesolatino.org\\\/#\\\/schema\\\/logo\\\/image\\\/\",\"url\":\"https:\\\/\\\/accesolatino.org\\\/wp-content\\\/uploads\\\/2021\\\/02\\\/logo-footer-acceso-latino.png\",\"contentUrl\":\"https:\\\/\\\/accesolatino.org\\\/wp-content\\\/uploads\\\/2021\\\/02\\\/logo-footer-acceso-latino.png\",\"width\":240,\"height\":40,\"caption\":\"Acceso Latino | Fundaci\u00f3n Carlos Slim\"},\"image\":{\"@id\":\"https:\\\/\\\/accesolatino.org\\\/#\\\/schema\\\/logo\\\/image\\\/\"},\"sameAs\":[\"https:\\\/\\\/www.facebook.com\\\/AccesoLatinoOrg\",\"https:\\\/\\\/x.com\\\/FAccLatino\"]}]}<\/script>\n<!-- \/ Yoast SEO plugin. -->","yoast_head_json":{"title":"If you have been a victim of immigration fraud, here is the number to report it","description":"Conoce las Instituciones que te pueden ser de ayuda en otros pa\u00edses.","robots":{"index":"index","follow":"follow","max-snippet":"max-snippet:-1","max-image-preview":"max-image-preview:large","max-video-preview":"max-video-preview:-1"},"canonical":"https:\/\/accesolatino.org\/en\/si-fuiste-victima-de-algun-fraude-migratorio-te-brindamos-el-numero-para-reportarlo\/","og_locale":"en_US","og_type":"article","og_title":"Acceso Latino | Si fuiste v\u00edctima de alg\u00fan fraude migratorio, te brindamos el n\u00famero para reportarlo","og_description":"Conoce las Instituciones que te pueden ser de ayuda en otros pa\u00edses.","og_url":"https:\/\/accesolatino.org\/en\/si-fuiste-victima-de-algun-fraude-migratorio-te-brindamos-el-numero-para-reportarlo\/","og_site_name":"Acceso Latino","article_publisher":"https:\/\/www.facebook.com\/AccesoLatinoOrg","article_modified_time":"2025-10-18T00:21:01+00:00","og_image":[{"width":600,"height":338,"url":"https:\/\/accesolatino.org\/wp-content\/uploads\/2018\/12\/Si-fuiste-victima-de-algun-fraude-migratorio-te-brindamos-el-n\u00famero-para-reportarlo.jpg","type":"image\/jpeg"}],"twitter_card":"summary_large_image","twitter_title":"Acceso Latino | Si fuiste v\u00edctima de alg\u00fan fraude migratorio, te brindamos el n\u00famero para reportarlo","twitter_description":"Conoce las Instituciones que te pueden ser de ayuda en otros pa\u00edses.","twitter_image":"https:\/\/accesolatino.org\/wp-content\/uploads\/2018\/12\/Si-fuiste-victima-de-algun-fraude-migratorio-te-brindamos-el-n\u00famero-para-reportarlo.jpg","twitter_site":"@FAccLatino","twitter_misc":{"Est. reading time":"1 minute"},"schema":{"@context":"https:\/\/schema.org","@graph":[{"@type":"WebPage","@id":"https:\/\/accesolatino.org\/en\/si-fuiste-victima-de-algun-fraude-migratorio-te-brindamos-el-numero-para-reportarlo\/","url":"https:\/\/accesolatino.org\/en\/si-fuiste-victima-de-algun-fraude-migratorio-te-brindamos-el-numero-para-reportarlo\/","name":"If you have been a victim of immigration fraud, here is the number to report it","isPartOf":{"@id":"https:\/\/accesolatino.org\/#website"},"primaryImageOfPage":{"@id":"https:\/\/accesolatino.org\/en\/si-fuiste-victima-de-algun-fraude-migratorio-te-brindamos-el-numero-para-reportarlo\/#primaryimage"},"image":{"@id":"https:\/\/accesolatino.org\/en\/si-fuiste-victima-de-algun-fraude-migratorio-te-brindamos-el-numero-para-reportarlo\/#primaryimage"},"thumbnailUrl":"https:\/\/accesolatino.org\/wp-content\/uploads\/2018\/12\/Si-fuiste-victima-de-algun-fraude-migratorio-te-brindamos-el-n\u00famero-para-reportarlo.jpg","datePublished":"2018-12-04T15:17:18+00:00","dateModified":"2025-10-18T00:21:01+00:00","description":"Conoce las Instituciones que te pueden ser de ayuda en otros pa\u00edses.","breadcrumb":{"@id":"https:\/\/accesolatino.org\/en\/si-fuiste-victima-de-algun-fraude-migratorio-te-brindamos-el-numero-para-reportarlo\/#breadcrumb"},"inLanguage":"en-US","potentialAction":[{"@type":"ReadAction","target":["https:\/\/accesolatino.org\/en\/si-fuiste-victima-de-algun-fraude-migratorio-te-brindamos-el-numero-para-reportarlo\/"]}]},{"@type":"ImageObject","inLanguage":"en-US","@id":"https:\/\/accesolatino.org\/en\/si-fuiste-victima-de-algun-fraude-migratorio-te-brindamos-el-numero-para-reportarlo\/#primaryimage","url":"https:\/\/accesolatino.org\/wp-content\/uploads\/2018\/12\/Si-fuiste-victima-de-algun-fraude-migratorio-te-brindamos-el-n\u00famero-para-reportarlo.jpg","contentUrl":"https:\/\/accesolatino.org\/wp-content\/uploads\/2018\/12\/Si-fuiste-victima-de-algun-fraude-migratorio-te-brindamos-el-n\u00famero-para-reportarlo.jpg","width":600,"height":338,"caption":"Si fuiste v\u00edctima de alg\u00fan fraude migratorio, te brindamos el n\u00famero para reportarlo"},{"@type":"BreadcrumbList","@id":"https:\/\/accesolatino.org\/en\/si-fuiste-victima-de-algun-fraude-migratorio-te-brindamos-el-numero-para-reportarlo\/#breadcrumb","itemListElement":[{"@type":"ListItem","position":1,"name":"Portada","item":"https:\/\/accesolatino.org\/"},{"@type":"ListItem","position":2,"name":"Si fuiste v\u00edctima de alg\u00fan fraude migratorio, te brindamos el n\u00famero para reportarlo"}]},{"@type":"WebSite","@id":"https:\/\/accesolatino.org\/#website","url":"https:\/\/accesolatino.org\/","name":"Acceso Latino | Fundaci\u00f3n Carlos Slim","description":"Fundaci\u00f3n Carlos Slim","publisher":{"@id":"https:\/\/accesolatino.org\/#organization"},"potentialAction":[{"@type":"SearchAction","target":{"@type":"EntryPoint","urlTemplate":"https:\/\/accesolatino.org\/?s={search_term_string}"},"query-input":{"@type":"PropertyValueSpecification","valueRequired":true,"valueName":"search_term_string"}}],"inLanguage":"en-US"},{"@type":"Organization","@id":"https:\/\/accesolatino.org\/#organization","name":"Acceso Latino | Fundaci\u00f3n Carlos Slim","url":"https:\/\/accesolatino.org\/","logo":{"@type":"ImageObject","inLanguage":"en-US","@id":"https:\/\/accesolatino.org\/#\/schema\/logo\/image\/","url":"https:\/\/accesolatino.org\/wp-content\/uploads\/2021\/02\/logo-footer-acceso-latino.png","contentUrl":"https:\/\/accesolatino.org\/wp-content\/uploads\/2021\/02\/logo-footer-acceso-latino.png","width":240,"height":40,"caption":"Acceso Latino | Fundaci\u00f3n Carlos Slim"},"image":{"@id":"https:\/\/accesolatino.org\/#\/schema\/logo\/image\/"},"sameAs":["https:\/\/www.facebook.com\/AccesoLatinoOrg","https:\/\/x.com\/FAccLatino"]}]}},"_links":{"self":[{"href":"https:\/\/accesolatino.org\/en\/wp-json\/wp\/v2\/pages\/15589","targetHints":{"allow":["GET"]}}],"collection":[{"href":"https:\/\/accesolatino.org\/en\/wp-json\/wp\/v2\/pages"}],"about":[{"href":"https:\/\/accesolatino.org\/en\/wp-json\/wp\/v2\/types\/page"}],"author":[{"embeddable":true,"href":"https:\/\/accesolatino.org\/en\/wp-json\/wp\/v2\/users\/8"}],"replies":[{"embeddable":true,"href":"https:\/\/accesolatino.org\/en\/wp-json\/wp\/v2\/comments?post=15589"}],"version-history":[{"count":1,"href":"https:\/\/accesolatino.org\/en\/wp-json\/wp\/v2\/pages\/15589\/revisions"}],"predecessor-version":[{"id":64284,"href":"https:\/\/accesolatino.org\/en\/wp-json\/wp\/v2\/pages\/15589\/revisions\/64284"}],"wp:featuredmedia":[{"embeddable":true,"href":"https:\/\/accesolatino.org\/en\/wp-json\/wp\/v2\/media\/15591"}],"wp:attachment":[{"href":"https:\/\/accesolatino.org\/en\/wp-json\/wp\/v2\/media?parent=15589"}],"curies":[{"name":"wp","href":"https:\/\/api.w.org\/{rel}","templated":true}]}}