{"id":15585,"date":"2018-12-03T12:21:02","date_gmt":"2018-12-03T18:21:02","guid":{"rendered":"https:\/\/accesolatino.org\/?page_id=15585"},"modified":"2025-10-17T13:32:17","modified_gmt":"2025-10-17T19:32:17","slug":"encuentra-informacion-especifica-sobre-tramites-migratorios","status":"publish","type":"page","link":"https:\/\/accesolatino.org\/en\/encuentra-informacion-especifica-sobre-tramites-migratorios\/","title":{"rendered":"Find specific information on immigration procedures"},"content":{"rendered":"<div data-elementor-type=\"wp-post\" data-elementor-id=\"15585\" class=\"elementor elementor-15585\">\n\t\t\t\t\t\t<section class=\"elementor-section elementor-top-section elementor-element elementor-element-fe4eda2 elementor-section-full_width elementor-section-height-min-height elementor-section-items-stretch elementor-section-height-default wpr-particle-no wpr-jarallax-no wpr-parallax-no wpr-sticky-section-no wpr-equal-height-no\" data-id=\"fe4eda2\" data-element_type=\"section\" data-e-type=\"section\" data-settings=\"{&quot;background_background&quot;:&quot;classic&quot;}\">\n\t\t\t\t\t\t<div class=\"elementor-container elementor-column-gap-no\">\n\t\t\t\t\t<div class=\"elementor-column elementor-col-100 elementor-top-column elementor-element elementor-element-97fdff7\" data-id=\"97fdff7\" data-element_type=\"column\" data-e-type=\"column\">\n\t\t\t<div class=\"elementor-widget-wrap elementor-element-populated\">\n\t\t\t\t\t\t<div class=\"elementor-element elementor-element-ee65e50 elementor--h-position-center elementor--v-position-middle elementor-widget elementor-widget-slides\" data-id=\"ee65e50\" data-element_type=\"widget\" data-e-type=\"widget\" data-settings=\"{&quot;navigation&quot;:&quot;none&quot;,&quot;infinite&quot;:&quot;yes&quot;,&quot;transition&quot;:&quot;slide&quot;,&quot;transition_speed&quot;:500}\" data-widget_type=\"slides.default\">\n\t\t\t\t<div class=\"elementor-widget-container\">\n\t\t\t\t\t\t\t<div class=\"elementor-swiper\">\n\t\t\t<div class=\"elementor-slides-wrapper elementor-main-swiper swiper-container\" dir=\"ltr\" data-animation=\"\">\n\t\t\t\t<div class=\"swiper-wrapper elementor-slides\">\n\t\t\t\t\t\t\t\t\t\t<div class=\"elementor-repeater-item-d983a28 swiper-slide\"><div class=\"swiper-slide-bg\"><\/div><div class=\"swiper-slide-inner\" ><div class=\"swiper-slide-contents\"><div class=\"elementor-slide-heading\">Legal Guidance<\/div><\/div><\/div><\/div>\t\t\t\t<\/div>\n\t\t\t\t\t\t\t<\/div>\n\t\t<\/div>\n\t\t\t\t\t\t<\/div>\n\t\t\t\t<\/div>\n\t\t\t\t\t<\/div>\n\t\t<\/div>\n\t\t\t\t\t<\/div>\n\t\t<\/section>\n\t\t\t\t<section class=\"elementor-section elementor-top-section elementor-element elementor-element-f72f05d elementor-section-stretched elementor-section-boxed elementor-section-height-default elementor-section-height-default wpr-particle-no wpr-jarallax-no wpr-parallax-no wpr-sticky-section-no wpr-equal-height-no\" data-id=\"f72f05d\" data-element_type=\"section\" data-e-type=\"section\" data-settings=\"{&quot;stretch_section&quot;:&quot;section-stretched&quot;,&quot;background_background&quot;:&quot;classic&quot;}\">\n\t\t\t\t\t\t<div class=\"elementor-container elementor-column-gap-default\">\n\t\t\t\t\t<div class=\"elementor-column elementor-col-100 elementor-top-column elementor-element elementor-element-fef3138\" data-id=\"fef3138\" data-element_type=\"column\" data-e-type=\"column\">\n\t\t\t<div class=\"elementor-widget-wrap elementor-element-populated\">\n\t\t\t\t\t\t<div class=\"elementor-element elementor-element-44355e9 elementor-widget elementor-widget-heading\" data-id=\"44355e9\" data-element_type=\"widget\" data-e-type=\"widget\" data-widget_type=\"heading.default\">\n\t\t\t\t<div class=\"elementor-widget-container\">\n\t\t\t\t\t<h3 class=\"elementor-heading-title elementor-size-default\">Find specific information on immigration procedures<\/h3>\t\t\t\t<\/div>\n\t\t\t\t<\/div>\n\t\t\t\t<div class=\"elementor-element elementor-element-e586f4b elementor-widget elementor-widget-text-editor\" data-id=\"e586f4b\" data-element_type=\"widget\" data-e-type=\"widget\" data-widget_type=\"text-editor.default\">\n\t\t\t\t<div class=\"elementor-widget-container\">\n\t\t\t\t\t\t\t\t\t<p>La oficina de Servicios de Inmigraci\u00f3n y Ciudadan\u00eda de Estados Unidos (USCIS), es la agencia federal que supervisa la inmigraci\u00f3n legal a los Estados Unidos, as\u00ed como cualquier tr\u00e1mite correspondiente.<\/p><p>Todos los migrantes legales deben realizar sus tr\u00e1mites en USCIS, al igual que los ciudadanos americanos que desean pedir los papeles para un familiar.<\/p><p>In <strong>Acceso Latino<\/strong>, los migrantes encontrar\u00e1n asesor\u00eda legal en su herramienta de <a href=\"https:\/\/accesolatino.org\/en\/orientacion-legal\/\"><strong>\u201cOrientaci\u00f3n Legal\u201d<\/strong><\/a>, la cual cuenta con una variedad de tarjetas para poder apoyar a los migrantes en los diferentes problemas legales que enfrentan.<\/p><p>Si has realizado o est\u00e1s por realizar alg\u00fan tr\u00e1mite en USCIS, puedes acceder a nuestra tarjeta <strong>\u201cConoce el avance de tu tr\u00e1mite migratorio\u201d<\/strong> y resolver tus dudas sobre los tr\u00e1mites con el gobierno estadounidense.<\/p>\t\t\t\t\t\t\t\t<\/div>\n\t\t\t\t<\/div>\n\t\t\t\t<div class=\"elementor-element elementor-element-50423de elementor-widget elementor-widget-spacer\" data-id=\"50423de\" data-element_type=\"widget\" data-e-type=\"widget\" data-widget_type=\"spacer.default\">\n\t\t\t\t<div class=\"elementor-widget-container\">\n\t\t\t\t\t\t\t<div class=\"elementor-spacer\">\n\t\t\t<div class=\"elementor-spacer-inner\"><\/div>\n\t\t<\/div>\n\t\t\t\t\t\t<\/div>\n\t\t\t\t<\/div>\n\t\t\t\t\t<\/div>\n\t\t<\/div>\n\t\t\t\t\t<\/div>\n\t\t<\/section>\n\t\t\t\t<\/div>","protected":false},"excerpt":{"rendered":"<p>Orientaci\u00f3n Legal Encuentra informaci\u00f3n espec\u00edfica sobre tr\u00e1mites migratorios La oficina de Servicios de Inmigraci\u00f3n y Ciudadan\u00eda de Estados Unidos (USCIS), es la agencia federal que supervisa la inmigraci\u00f3n legal a los Estados Unidos, as\u00ed como cualquier tr\u00e1mite correspondiente. Todos los migrantes legales deben realizar sus tr\u00e1mites en USCIS, al igual que los ciudadanos americanos que desean pedir los papeles para un familiar. En Acceso Latino, los migrantes encontrar\u00e1n asesor\u00eda legal en su herramienta de \u201cOrientaci\u00f3n Legal\u201d, la cual cuenta con una variedad de tarjetas para poder apoyar a los migrantes en los diferentes problemas legales que enfrentan. Si has realizado o est\u00e1s por realizar alg\u00fan tr\u00e1mite en USCIS, puedes acceder a nuestra tarjeta \u201cConoce el avance de tu tr\u00e1mite migratorio\u201d y resolver tus dudas sobre los tr\u00e1mites con el gobierno estadounidense.<\/p>","protected":false},"author":8,"featured_media":15586,"parent":0,"menu_order":0,"comment_status":"closed","ping_status":"closed","template":"elementor_header_footer","meta":{"_uf_show_specific_survey":0,"_uf_disable_surveys":false,"footnotes":""},"class_list":["post-15585","page","type-page","status-publish","has-post-thumbnail"],"aioseo_notices":[],"yoast_head":"<!-- This site is optimized with the Yoast SEO plugin v27.4 - https:\/\/yoast.com\/product\/yoast-seo-wordpress\/ -->\n<title>Encuentra informaci\u00f3n espec\u00edfica sobre tr\u00e1mites migratorios<\/title>\n<meta name=\"description\" content=\"Encuentra informaci\u00f3n espec\u00edfica sobre\u00a0tr\u00e1mites\u00a0migratorios La oficina de Servicios de Inmigraci\u00f3n y Ciudadan\u00eda de Estados Unidos ...\" \/>\n<meta name=\"robots\" content=\"index, follow, max-snippet:-1, max-image-preview:large, max-video-preview:-1\" \/>\n<link rel=\"canonical\" href=\"https:\/\/accesolatino.org\/en\/encuentra-informacion-especifica-sobre-tramites-migratorios\/\" \/>\n<meta property=\"og:locale\" content=\"en_US\" \/>\n<meta property=\"og:type\" content=\"article\" \/>\n<meta property=\"og:title\" content=\"Acceso Latino | Encuentra informaci\u00f3n espec\u00edfica sobre tr\u00e1mites migratorios\" \/>\n<meta property=\"og:description\" content=\"Encuentra informaci\u00f3n espec\u00edfica sobre tr\u00e1mites migratorios\" \/>\n<meta property=\"og:url\" content=\"https:\/\/accesolatino.org\/en\/encuentra-informacion-especifica-sobre-tramites-migratorios\/\" \/>\n<meta property=\"og:site_name\" content=\"Acceso Latino\" \/>\n<meta property=\"article:publisher\" content=\"https:\/\/www.facebook.com\/AccesoLatinoOrg\" \/>\n<meta property=\"article:modified_time\" content=\"2025-10-17T19:32:17+00:00\" \/>\n<meta property=\"og:image\" content=\"https:\/\/accesolatino.org\/wp-content\/uploads\/2018\/12\/Encuentra-informacion-especifica-sobre-tramites-migratorio.jpg\" \/>\n\t<meta property=\"og:image:width\" content=\"600\" \/>\n\t<meta property=\"og:image:height\" content=\"338\" \/>\n\t<meta property=\"og:image:type\" content=\"image\/jpeg\" \/>\n<meta name=\"twitter:card\" content=\"summary_large_image\" \/>\n<meta name=\"twitter:title\" content=\"Acceso Latino | Encuentra informaci\u00f3n espec\u00edfica sobre tr\u00e1mites migratorios\" \/>\n<meta name=\"twitter:description\" content=\"Encuentra informaci\u00f3n espec\u00edfica sobre tr\u00e1mites migratorios\" \/>\n<meta name=\"twitter:image\" content=\"https:\/\/accesolatino.org\/wp-content\/uploads\/2018\/12\/Encuentra-informacion-especifica-sobre-tramites-migratorio.jpg\" \/>\n<meta name=\"twitter:site\" content=\"@FAccLatino\" \/>\n<meta name=\"twitter:label1\" content=\"Est. reading time\" \/>\n\t<meta name=\"twitter:data1\" content=\"1 minute\" \/>\n<script type=\"application\/ld+json\" class=\"yoast-schema-graph\">{\"@context\":\"https:\\\/\\\/schema.org\",\"@graph\":[{\"@type\":\"WebPage\",\"@id\":\"https:\\\/\\\/accesolatino.org\\\/en\\\/encuentra-informacion-especifica-sobre-tramites-migratorios\\\/\",\"url\":\"https:\\\/\\\/accesolatino.org\\\/en\\\/encuentra-informacion-especifica-sobre-tramites-migratorios\\\/\",\"name\":\"Encuentra informaci\u00f3n espec\u00edfica sobre tr\u00e1mites migratorios\",\"isPartOf\":{\"@id\":\"https:\\\/\\\/accesolatino.org\\\/#website\"},\"primaryImageOfPage\":{\"@id\":\"https:\\\/\\\/accesolatino.org\\\/en\\\/encuentra-informacion-especifica-sobre-tramites-migratorios\\\/#primaryimage\"},\"image\":{\"@id\":\"https:\\\/\\\/accesolatino.org\\\/en\\\/encuentra-informacion-especifica-sobre-tramites-migratorios\\\/#primaryimage\"},\"thumbnailUrl\":\"https:\\\/\\\/accesolatino.org\\\/wp-content\\\/uploads\\\/2018\\\/12\\\/Encuentra-informacion-especifica-sobre-tramites-migratorio.jpg\",\"datePublished\":\"2018-12-03T18:21:02+00:00\",\"dateModified\":\"2025-10-17T19:32:17+00:00\",\"description\":\"Encuentra informaci\u00f3n espec\u00edfica sobre\u00a0tr\u00e1mites\u00a0migratorios La oficina de Servicios de Inmigraci\u00f3n y Ciudadan\u00eda de Estados Unidos ...\",\"breadcrumb\":{\"@id\":\"https:\\\/\\\/accesolatino.org\\\/en\\\/encuentra-informacion-especifica-sobre-tramites-migratorios\\\/#breadcrumb\"},\"inLanguage\":\"en-US\",\"potentialAction\":[{\"@type\":\"ReadAction\",\"target\":[\"https:\\\/\\\/accesolatino.org\\\/en\\\/encuentra-informacion-especifica-sobre-tramites-migratorios\\\/\"]}]},{\"@type\":\"ImageObject\",\"inLanguage\":\"en-US\",\"@id\":\"https:\\\/\\\/accesolatino.org\\\/en\\\/encuentra-informacion-especifica-sobre-tramites-migratorios\\\/#primaryimage\",\"url\":\"https:\\\/\\\/accesolatino.org\\\/wp-content\\\/uploads\\\/2018\\\/12\\\/Encuentra-informacion-especifica-sobre-tramites-migratorio.jpg\",\"contentUrl\":\"https:\\\/\\\/accesolatino.org\\\/wp-content\\\/uploads\\\/2018\\\/12\\\/Encuentra-informacion-especifica-sobre-tramites-migratorio.jpg\",\"width\":600,\"height\":338,\"caption\":\"tr\u00e1mites\"},{\"@type\":\"BreadcrumbList\",\"@id\":\"https:\\\/\\\/accesolatino.org\\\/en\\\/encuentra-informacion-especifica-sobre-tramites-migratorios\\\/#breadcrumb\",\"itemListElement\":[{\"@type\":\"ListItem\",\"position\":1,\"name\":\"Portada\",\"item\":\"https:\\\/\\\/accesolatino.org\\\/\"},{\"@type\":\"ListItem\",\"position\":2,\"name\":\"Encuentra informaci\u00f3n espec\u00edfica sobre tr\u00e1mites migratorios\"}]},{\"@type\":\"WebSite\",\"@id\":\"https:\\\/\\\/accesolatino.org\\\/#website\",\"url\":\"https:\\\/\\\/accesolatino.org\\\/\",\"name\":\"Acceso Latino | Fundaci\u00f3n Carlos Slim\",\"description\":\"Fundaci\u00f3n Carlos Slim\",\"publisher\":{\"@id\":\"https:\\\/\\\/accesolatino.org\\\/#organization\"},\"potentialAction\":[{\"@type\":\"SearchAction\",\"target\":{\"@type\":\"EntryPoint\",\"urlTemplate\":\"https:\\\/\\\/accesolatino.org\\\/?s={search_term_string}\"},\"query-input\":{\"@type\":\"PropertyValueSpecification\",\"valueRequired\":true,\"valueName\":\"search_term_string\"}}],\"inLanguage\":\"en-US\"},{\"@type\":\"Organization\",\"@id\":\"https:\\\/\\\/accesolatino.org\\\/#organization\",\"name\":\"Acceso Latino | Fundaci\u00f3n Carlos Slim\",\"url\":\"https:\\\/\\\/accesolatino.org\\\/\",\"logo\":{\"@type\":\"ImageObject\",\"inLanguage\":\"en-US\",\"@id\":\"https:\\\/\\\/accesolatino.org\\\/#\\\/schema\\\/logo\\\/image\\\/\",\"url\":\"https:\\\/\\\/accesolatino.org\\\/wp-content\\\/uploads\\\/2021\\\/02\\\/logo-footer-acceso-latino.png\",\"contentUrl\":\"https:\\\/\\\/accesolatino.org\\\/wp-content\\\/uploads\\\/2021\\\/02\\\/logo-footer-acceso-latino.png\",\"width\":240,\"height\":40,\"caption\":\"Acceso Latino | Fundaci\u00f3n Carlos Slim\"},\"image\":{\"@id\":\"https:\\\/\\\/accesolatino.org\\\/#\\\/schema\\\/logo\\\/image\\\/\"},\"sameAs\":[\"https:\\\/\\\/www.facebook.com\\\/AccesoLatinoOrg\",\"https:\\\/\\\/x.com\\\/FAccLatino\"]}]}<\/script>\n<!-- \/ Yoast SEO plugin. -->","yoast_head_json":{"title":"Find specific information on immigration procedures","description":"Encuentra informaci\u00f3n espec\u00edfica sobre\u00a0tr\u00e1mites\u00a0migratorios La oficina de Servicios de Inmigraci\u00f3n y Ciudadan\u00eda de Estados Unidos ...","robots":{"index":"index","follow":"follow","max-snippet":"max-snippet:-1","max-image-preview":"max-image-preview:large","max-video-preview":"max-video-preview:-1"},"canonical":"https:\/\/accesolatino.org\/en\/encuentra-informacion-especifica-sobre-tramites-migratorios\/","og_locale":"en_US","og_type":"article","og_title":"Acceso Latino | Encuentra informaci\u00f3n espec\u00edfica sobre tr\u00e1mites migratorios","og_description":"Encuentra informaci\u00f3n espec\u00edfica sobre tr\u00e1mites migratorios","og_url":"https:\/\/accesolatino.org\/en\/encuentra-informacion-especifica-sobre-tramites-migratorios\/","og_site_name":"Acceso Latino","article_publisher":"https:\/\/www.facebook.com\/AccesoLatinoOrg","article_modified_time":"2025-10-17T19:32:17+00:00","og_image":[{"width":600,"height":338,"url":"https:\/\/accesolatino.org\/wp-content\/uploads\/2018\/12\/Encuentra-informacion-especifica-sobre-tramites-migratorio.jpg","type":"image\/jpeg"}],"twitter_card":"summary_large_image","twitter_title":"Acceso Latino | Encuentra informaci\u00f3n espec\u00edfica sobre tr\u00e1mites migratorios","twitter_description":"Encuentra informaci\u00f3n espec\u00edfica sobre tr\u00e1mites migratorios","twitter_image":"https:\/\/accesolatino.org\/wp-content\/uploads\/2018\/12\/Encuentra-informacion-especifica-sobre-tramites-migratorio.jpg","twitter_site":"@FAccLatino","twitter_misc":{"Est. reading time":"1 minute"},"schema":{"@context":"https:\/\/schema.org","@graph":[{"@type":"WebPage","@id":"https:\/\/accesolatino.org\/en\/encuentra-informacion-especifica-sobre-tramites-migratorios\/","url":"https:\/\/accesolatino.org\/en\/encuentra-informacion-especifica-sobre-tramites-migratorios\/","name":"Find specific information on immigration procedures","isPartOf":{"@id":"https:\/\/accesolatino.org\/#website"},"primaryImageOfPage":{"@id":"https:\/\/accesolatino.org\/en\/encuentra-informacion-especifica-sobre-tramites-migratorios\/#primaryimage"},"image":{"@id":"https:\/\/accesolatino.org\/en\/encuentra-informacion-especifica-sobre-tramites-migratorios\/#primaryimage"},"thumbnailUrl":"https:\/\/accesolatino.org\/wp-content\/uploads\/2018\/12\/Encuentra-informacion-especifica-sobre-tramites-migratorio.jpg","datePublished":"2018-12-03T18:21:02+00:00","dateModified":"2025-10-17T19:32:17+00:00","description":"Encuentra informaci\u00f3n espec\u00edfica sobre\u00a0tr\u00e1mites\u00a0migratorios La oficina de Servicios de Inmigraci\u00f3n y Ciudadan\u00eda de Estados Unidos ...","breadcrumb":{"@id":"https:\/\/accesolatino.org\/en\/encuentra-informacion-especifica-sobre-tramites-migratorios\/#breadcrumb"},"inLanguage":"en-US","potentialAction":[{"@type":"ReadAction","target":["https:\/\/accesolatino.org\/en\/encuentra-informacion-especifica-sobre-tramites-migratorios\/"]}]},{"@type":"ImageObject","inLanguage":"en-US","@id":"https:\/\/accesolatino.org\/en\/encuentra-informacion-especifica-sobre-tramites-migratorios\/#primaryimage","url":"https:\/\/accesolatino.org\/wp-content\/uploads\/2018\/12\/Encuentra-informacion-especifica-sobre-tramites-migratorio.jpg","contentUrl":"https:\/\/accesolatino.org\/wp-content\/uploads\/2018\/12\/Encuentra-informacion-especifica-sobre-tramites-migratorio.jpg","width":600,"height":338,"caption":"tr\u00e1mites"},{"@type":"BreadcrumbList","@id":"https:\/\/accesolatino.org\/en\/encuentra-informacion-especifica-sobre-tramites-migratorios\/#breadcrumb","itemListElement":[{"@type":"ListItem","position":1,"name":"Portada","item":"https:\/\/accesolatino.org\/"},{"@type":"ListItem","position":2,"name":"Encuentra informaci\u00f3n espec\u00edfica sobre tr\u00e1mites migratorios"}]},{"@type":"WebSite","@id":"https:\/\/accesolatino.org\/#website","url":"https:\/\/accesolatino.org\/","name":"Acceso Latino | Fundaci\u00f3n Carlos Slim","description":"Fundaci\u00f3n Carlos Slim","publisher":{"@id":"https:\/\/accesolatino.org\/#organization"},"potentialAction":[{"@type":"SearchAction","target":{"@type":"EntryPoint","urlTemplate":"https:\/\/accesolatino.org\/?s={search_term_string}"},"query-input":{"@type":"PropertyValueSpecification","valueRequired":true,"valueName":"search_term_string"}}],"inLanguage":"en-US"},{"@type":"Organization","@id":"https:\/\/accesolatino.org\/#organization","name":"Acceso Latino | Fundaci\u00f3n Carlos Slim","url":"https:\/\/accesolatino.org\/","logo":{"@type":"ImageObject","inLanguage":"en-US","@id":"https:\/\/accesolatino.org\/#\/schema\/logo\/image\/","url":"https:\/\/accesolatino.org\/wp-content\/uploads\/2021\/02\/logo-footer-acceso-latino.png","contentUrl":"https:\/\/accesolatino.org\/wp-content\/uploads\/2021\/02\/logo-footer-acceso-latino.png","width":240,"height":40,"caption":"Acceso Latino | Fundaci\u00f3n Carlos Slim"},"image":{"@id":"https:\/\/accesolatino.org\/#\/schema\/logo\/image\/"},"sameAs":["https:\/\/www.facebook.com\/AccesoLatinoOrg","https:\/\/x.com\/FAccLatino"]}]}},"_links":{"self":[{"href":"https:\/\/accesolatino.org\/en\/wp-json\/wp\/v2\/pages\/15585","targetHints":{"allow":["GET"]}}],"collection":[{"href":"https:\/\/accesolatino.org\/en\/wp-json\/wp\/v2\/pages"}],"about":[{"href":"https:\/\/accesolatino.org\/en\/wp-json\/wp\/v2\/types\/page"}],"author":[{"embeddable":true,"href":"https:\/\/accesolatino.org\/en\/wp-json\/wp\/v2\/users\/8"}],"replies":[{"embeddable":true,"href":"https:\/\/accesolatino.org\/en\/wp-json\/wp\/v2\/comments?post=15585"}],"version-history":[{"count":1,"href":"https:\/\/accesolatino.org\/en\/wp-json\/wp\/v2\/pages\/15585\/revisions"}],"predecessor-version":[{"id":64209,"href":"https:\/\/accesolatino.org\/en\/wp-json\/wp\/v2\/pages\/15585\/revisions\/64209"}],"wp:featuredmedia":[{"embeddable":true,"href":"https:\/\/accesolatino.org\/en\/wp-json\/wp\/v2\/media\/15586"}],"wp:attachment":[{"href":"https:\/\/accesolatino.org\/en\/wp-json\/wp\/v2\/media?parent=15585"}],"curies":[{"name":"wp","href":"https:\/\/api.w.org\/{rel}","templated":true}]}}