{"id":15523,"date":"2018-11-29T10:22:44","date_gmt":"2018-11-29T16:22:44","guid":{"rendered":"https:\/\/accesolatino.org\/?page_id=15523"},"modified":"2025-10-17T18:01:28","modified_gmt":"2025-10-18T00:01:28","slug":"utiliza-esta-linea-telefonica-para-resolver-dudas-sobre-tramites-y-permisos-de-trabajo","status":"publish","type":"page","link":"https:\/\/accesolatino.org\/en\/utiliza-esta-linea-telefonica-para-resolver-dudas-sobre-tramites-y-permisos-de-trabajo\/","title":{"rendered":"Use this telephone line to solve doubts about work permits and procedures"},"content":{"rendered":"<div data-elementor-type=\"wp-post\" data-elementor-id=\"15523\" class=\"elementor elementor-15523\">\n\t\t\t\t\t\t<section class=\"elementor-section elementor-top-section elementor-element elementor-element-5e796d4 elementor-section-full_width elementor-section-height-min-height elementor-section-items-stretch elementor-section-height-default wpr-particle-no wpr-jarallax-no wpr-parallax-no wpr-sticky-section-no wpr-equal-height-no\" data-id=\"5e796d4\" data-element_type=\"section\" data-e-type=\"section\" data-settings=\"{&quot;background_background&quot;:&quot;classic&quot;}\">\n\t\t\t\t\t\t<div class=\"elementor-container elementor-column-gap-no\">\n\t\t\t\t\t<div class=\"elementor-column elementor-col-100 elementor-top-column elementor-element elementor-element-12e3c91\" data-id=\"12e3c91\" data-element_type=\"column\" data-e-type=\"column\">\n\t\t\t<div class=\"elementor-widget-wrap elementor-element-populated\">\n\t\t\t\t\t\t<div class=\"elementor-element elementor-element-8ab44f8 elementor--h-position-center elementor--v-position-middle elementor-widget elementor-widget-slides\" data-id=\"8ab44f8\" data-element_type=\"widget\" data-e-type=\"widget\" data-settings=\"{&quot;navigation&quot;:&quot;none&quot;,&quot;infinite&quot;:&quot;yes&quot;,&quot;transition&quot;:&quot;slide&quot;,&quot;transition_speed&quot;:500}\" data-widget_type=\"slides.default\">\n\t\t\t\t<div class=\"elementor-widget-container\">\n\t\t\t\t\t\t\t<div class=\"elementor-swiper\">\n\t\t\t<div class=\"elementor-slides-wrapper elementor-main-swiper swiper-container\" dir=\"ltr\" data-animation=\"\">\n\t\t\t\t<div class=\"swiper-wrapper elementor-slides\">\n\t\t\t\t\t\t\t\t\t\t<div class=\"elementor-repeater-item-d983a28 swiper-slide\"><div class=\"swiper-slide-bg\"><\/div><div class=\"swiper-slide-inner\" ><div class=\"swiper-slide-contents\"><div class=\"elementor-slide-heading\">Legal Guidance<\/div><\/div><\/div><\/div>\t\t\t\t<\/div>\n\t\t\t\t\t\t\t<\/div>\n\t\t<\/div>\n\t\t\t\t\t\t<\/div>\n\t\t\t\t<\/div>\n\t\t\t\t\t<\/div>\n\t\t<\/div>\n\t\t\t\t\t<\/div>\n\t\t<\/section>\n\t\t\t\t<section class=\"elementor-section elementor-top-section elementor-element elementor-element-b976fe7 elementor-section-stretched elementor-section-boxed elementor-section-height-default elementor-section-height-default wpr-particle-no wpr-jarallax-no wpr-parallax-no wpr-sticky-section-no wpr-equal-height-no\" data-id=\"b976fe7\" data-element_type=\"section\" data-e-type=\"section\" data-settings=\"{&quot;stretch_section&quot;:&quot;section-stretched&quot;,&quot;background_background&quot;:&quot;classic&quot;}\">\n\t\t\t\t\t\t<div class=\"elementor-container elementor-column-gap-default\">\n\t\t\t\t\t<div class=\"elementor-column elementor-col-100 elementor-top-column elementor-element elementor-element-fc0112b\" data-id=\"fc0112b\" data-element_type=\"column\" data-e-type=\"column\">\n\t\t\t<div class=\"elementor-widget-wrap elementor-element-populated\">\n\t\t\t\t\t\t<div class=\"elementor-element elementor-element-f358156 elementor-widget elementor-widget-heading\" data-id=\"f358156\" data-element_type=\"widget\" data-e-type=\"widget\" data-widget_type=\"heading.default\">\n\t\t\t\t<div class=\"elementor-widget-container\">\n\t\t\t\t\t<h3 class=\"elementor-heading-title elementor-size-default\">Use this telephone line to solve doubts about work permits and procedures<\/h3>\t\t\t\t<\/div>\n\t\t\t\t<\/div>\n\t\t\t\t<div class=\"elementor-element elementor-element-203c4c5 elementor-widget elementor-widget-text-editor\" data-id=\"203c4c5\" data-element_type=\"widget\" data-e-type=\"widget\" data-widget_type=\"text-editor.default\">\n\t\t\t\t<div class=\"elementor-widget-container\">\n\t\t\t\t\t\t\t\t\t<p>La incertidumbre que viven actualmente nuestros hermanos migrantes en Estados Unidos ha generado varias dudas debido a la imprecisi\u00f3n de la informaci\u00f3n o bien a los constantes cambios en la pol\u00edtica migratoria.<\/p><p>Debido a esta situaci\u00f3n, uno de los principales apoyos que puedes encontrar en <strong>Acceso Latino<\/strong>, son las herramientas en materia jur\u00eddica. En la secci\u00f3n <a href=\"https:\/\/accesolatino.org\/en\/orientacion-legal\/\"><strong>\u201cOrientaci\u00f3n Legal\u201d<\/strong><\/a>, podr\u00e1n contactar a especialistas que brindan apoyo gratuito o a bajo costo.<\/p><p>Adem\u00e1s, podr\u00e1s encontrar la <strong>l\u00ednea telef\u00f3nica directa<\/strong> de la organizaci\u00f3n <strong>Hispanic Federation<\/strong> que se dedica a proveer informaci\u00f3n, referencias y servicios directos a la comunidad migrante de forma gratuita.<\/p><p>Si necesitas ayuda o tienes alguna pregunta o inquietud, en nuestro apartado de <strong>Hispanic Federation<\/strong>, encontrar\u00e1s el tel\u00e9fono de la organizaci\u00f3n.<\/p>\t\t\t\t\t\t\t\t<\/div>\n\t\t\t\t<\/div>\n\t\t\t\t<div class=\"elementor-element elementor-element-d89e8c1 elementor-widget elementor-widget-spacer\" data-id=\"d89e8c1\" data-element_type=\"widget\" data-e-type=\"widget\" data-widget_type=\"spacer.default\">\n\t\t\t\t<div class=\"elementor-widget-container\">\n\t\t\t\t\t\t\t<div class=\"elementor-spacer\">\n\t\t\t<div class=\"elementor-spacer-inner\"><\/div>\n\t\t<\/div>\n\t\t\t\t\t\t<\/div>\n\t\t\t\t<\/div>\n\t\t\t\t\t<\/div>\n\t\t<\/div>\n\t\t\t\t\t<\/div>\n\t\t<\/section>\n\t\t\t\t<\/div>","protected":false},"excerpt":{"rendered":"<p>Orientaci\u00f3n Legal Utiliza esta l\u00ednea telef\u00f3nica para resolver dudas sobre tr\u00e1mites y permisos de trabajo La incertidumbre que viven actualmente nuestros hermanos migrantes en Estados Unidos ha generado varias dudas debido a la imprecisi\u00f3n de la informaci\u00f3n o bien a los constantes cambios en la pol\u00edtica migratoria. Debido a esta situaci\u00f3n, uno de los principales apoyos que puedes encontrar en Acceso Latino, son las herramientas en materia jur\u00eddica. En la secci\u00f3n \u201cOrientaci\u00f3n Legal\u201d, podr\u00e1n contactar a especialistas que brindan apoyo gratuito o a bajo costo. Adem\u00e1s, podr\u00e1s encontrar la l\u00ednea telef\u00f3nica directa de la organizaci\u00f3n Hispanic Federation que se dedica a proveer informaci\u00f3n, referencias y servicios directos a la comunidad migrante de forma gratuita. Si necesitas ayuda o tienes alguna pregunta o inquietud, en nuestro apartado de Hispanic Federation, encontrar\u00e1s el tel\u00e9fono de la organizaci\u00f3n.<\/p>","protected":false},"author":8,"featured_media":15524,"parent":0,"menu_order":0,"comment_status":"closed","ping_status":"closed","template":"elementor_header_footer","meta":{"_uf_show_specific_survey":0,"_uf_disable_surveys":false,"footnotes":""},"class_list":["post-15523","page","type-page","status-publish","has-post-thumbnail"],"aioseo_notices":[],"yoast_head":"<!-- This site is optimized with the Yoast SEO plugin v27.4 - https:\/\/yoast.com\/product\/yoast-seo-wordpress\/ -->\n<title>Utiliza esta l\u00ednea telef\u00f3nica para resolver dudas sobre tr\u00e1mites y permisos de trabajo<\/title>\n<meta name=\"description\" content=\"Utiliza esta\u00a0l\u00ednea\u00a0telef\u00f3nica\u00a0para resolver dudas sobre tr\u00e1mites y permisos de trabajo La incertidumbre que viven actualmente...\" \/>\n<meta name=\"robots\" content=\"index, follow, max-snippet:-1, max-image-preview:large, max-video-preview:-1\" \/>\n<link rel=\"canonical\" href=\"https:\/\/accesolatino.org\/en\/utiliza-esta-linea-telefonica-para-resolver-dudas-sobre-tramites-y-permisos-de-trabajo\/\" \/>\n<meta property=\"og:locale\" content=\"en_US\" \/>\n<meta property=\"og:type\" content=\"article\" \/>\n<meta property=\"og:title\" content=\"Acceso Latino | Utiliza esta l\u00ednea telef\u00f3nica para resolver dudas sobre tr\u00e1mites y permisos de trabajo\" \/>\n<meta property=\"og:description\" content=\"Conoce las Instituciones que te pueden ser de ayuda en otros pa\u00edses.\" \/>\n<meta property=\"og:url\" content=\"https:\/\/accesolatino.org\/en\/utiliza-esta-linea-telefonica-para-resolver-dudas-sobre-tramites-y-permisos-de-trabajo\/\" \/>\n<meta property=\"og:site_name\" content=\"Acceso Latino\" \/>\n<meta property=\"article:publisher\" content=\"https:\/\/www.facebook.com\/AccesoLatinoOrg\" \/>\n<meta property=\"article:modified_time\" content=\"2025-10-18T00:01:28+00:00\" \/>\n<meta property=\"og:image\" content=\"https:\/\/accesolatino.org\/wp-content\/uploads\/2018\/11\/Utiliza-esta-linea-telefonica-para-resolver-dudas-sobre-tramites-y-permisos-de-trabajo.jpg\" \/>\n\t<meta property=\"og:image:width\" content=\"600\" \/>\n\t<meta property=\"og:image:height\" content=\"338\" \/>\n\t<meta property=\"og:image:type\" content=\"image\/jpeg\" \/>\n<meta name=\"twitter:card\" content=\"summary_large_image\" \/>\n<meta name=\"twitter:title\" content=\"Acceso Latino | Utiliza esta l\u00ednea telef\u00f3nica para resolver dudas sobre tr\u00e1mites y permisos de trabajo\" \/>\n<meta name=\"twitter:description\" content=\"Conoce las Instituciones que te pueden ser de ayuda en otros pa\u00edses.\" \/>\n<meta name=\"twitter:image\" content=\"https:\/\/accesolatino.org\/wp-content\/uploads\/2018\/11\/Utiliza-esta-linea-telefonica-para-resolver-dudas-sobre-tramites-y-permisos-de-trabajo.jpg\" \/>\n<meta name=\"twitter:site\" content=\"@FAccLatino\" \/>\n<meta name=\"twitter:label1\" content=\"Est. reading time\" \/>\n\t<meta name=\"twitter:data1\" content=\"1 minute\" \/>\n<script type=\"application\/ld+json\" class=\"yoast-schema-graph\">{\"@context\":\"https:\\\/\\\/schema.org\",\"@graph\":[{\"@type\":\"WebPage\",\"@id\":\"https:\\\/\\\/accesolatino.org\\\/utiliza-esta-linea-telefonica-para-resolver-dudas-sobre-tramites-y-permisos-de-trabajo\\\/\",\"url\":\"https:\\\/\\\/accesolatino.org\\\/utiliza-esta-linea-telefonica-para-resolver-dudas-sobre-tramites-y-permisos-de-trabajo\\\/\",\"name\":\"Utiliza esta l\u00ednea telef\u00f3nica para resolver dudas sobre tr\u00e1mites y permisos de trabajo\",\"isPartOf\":{\"@id\":\"https:\\\/\\\/accesolatino.org\\\/#website\"},\"primaryImageOfPage\":{\"@id\":\"https:\\\/\\\/accesolatino.org\\\/utiliza-esta-linea-telefonica-para-resolver-dudas-sobre-tramites-y-permisos-de-trabajo\\\/#primaryimage\"},\"image\":{\"@id\":\"https:\\\/\\\/accesolatino.org\\\/utiliza-esta-linea-telefonica-para-resolver-dudas-sobre-tramites-y-permisos-de-trabajo\\\/#primaryimage\"},\"thumbnailUrl\":\"https:\\\/\\\/accesolatino.org\\\/wp-content\\\/uploads\\\/2018\\\/11\\\/Utiliza-esta-linea-telefonica-para-resolver-dudas-sobre-tramites-y-permisos-de-trabajo.jpg\",\"datePublished\":\"2018-11-29T16:22:44+00:00\",\"dateModified\":\"2025-10-18T00:01:28+00:00\",\"description\":\"Utiliza esta\u00a0l\u00ednea\u00a0telef\u00f3nica\u00a0para resolver dudas sobre tr\u00e1mites y permisos de trabajo La incertidumbre que viven actualmente...\",\"breadcrumb\":{\"@id\":\"https:\\\/\\\/accesolatino.org\\\/utiliza-esta-linea-telefonica-para-resolver-dudas-sobre-tramites-y-permisos-de-trabajo\\\/#breadcrumb\"},\"inLanguage\":\"en-US\",\"potentialAction\":[{\"@type\":\"ReadAction\",\"target\":[\"https:\\\/\\\/accesolatino.org\\\/utiliza-esta-linea-telefonica-para-resolver-dudas-sobre-tramites-y-permisos-de-trabajo\\\/\"]}]},{\"@type\":\"ImageObject\",\"inLanguage\":\"en-US\",\"@id\":\"https:\\\/\\\/accesolatino.org\\\/utiliza-esta-linea-telefonica-para-resolver-dudas-sobre-tramites-y-permisos-de-trabajo\\\/#primaryimage\",\"url\":\"https:\\\/\\\/accesolatino.org\\\/wp-content\\\/uploads\\\/2018\\\/11\\\/Utiliza-esta-linea-telefonica-para-resolver-dudas-sobre-tramites-y-permisos-de-trabajo.jpg\",\"contentUrl\":\"https:\\\/\\\/accesolatino.org\\\/wp-content\\\/uploads\\\/2018\\\/11\\\/Utiliza-esta-linea-telefonica-para-resolver-dudas-sobre-tramites-y-permisos-de-trabajo.jpg\",\"width\":600,\"height\":338,\"caption\":\"l\u00ednea telef\u00f3nica\"},{\"@type\":\"BreadcrumbList\",\"@id\":\"https:\\\/\\\/accesolatino.org\\\/utiliza-esta-linea-telefonica-para-resolver-dudas-sobre-tramites-y-permisos-de-trabajo\\\/#breadcrumb\",\"itemListElement\":[{\"@type\":\"ListItem\",\"position\":1,\"name\":\"Portada\",\"item\":\"https:\\\/\\\/accesolatino.org\\\/\"},{\"@type\":\"ListItem\",\"position\":2,\"name\":\"Utiliza esta l\u00ednea telef\u00f3nica para resolver dudas sobre tr\u00e1mites y permisos de trabajo\"}]},{\"@type\":\"WebSite\",\"@id\":\"https:\\\/\\\/accesolatino.org\\\/#website\",\"url\":\"https:\\\/\\\/accesolatino.org\\\/\",\"name\":\"Acceso Latino | Fundaci\u00f3n Carlos Slim\",\"description\":\"Fundaci\u00f3n Carlos Slim\",\"publisher\":{\"@id\":\"https:\\\/\\\/accesolatino.org\\\/#organization\"},\"potentialAction\":[{\"@type\":\"SearchAction\",\"target\":{\"@type\":\"EntryPoint\",\"urlTemplate\":\"https:\\\/\\\/accesolatino.org\\\/?s={search_term_string}\"},\"query-input\":{\"@type\":\"PropertyValueSpecification\",\"valueRequired\":true,\"valueName\":\"search_term_string\"}}],\"inLanguage\":\"en-US\"},{\"@type\":\"Organization\",\"@id\":\"https:\\\/\\\/accesolatino.org\\\/#organization\",\"name\":\"Acceso Latino | Fundaci\u00f3n Carlos Slim\",\"url\":\"https:\\\/\\\/accesolatino.org\\\/\",\"logo\":{\"@type\":\"ImageObject\",\"inLanguage\":\"en-US\",\"@id\":\"https:\\\/\\\/accesolatino.org\\\/#\\\/schema\\\/logo\\\/image\\\/\",\"url\":\"https:\\\/\\\/accesolatino.org\\\/wp-content\\\/uploads\\\/2021\\\/02\\\/logo-footer-acceso-latino.png\",\"contentUrl\":\"https:\\\/\\\/accesolatino.org\\\/wp-content\\\/uploads\\\/2021\\\/02\\\/logo-footer-acceso-latino.png\",\"width\":240,\"height\":40,\"caption\":\"Acceso Latino | Fundaci\u00f3n Carlos Slim\"},\"image\":{\"@id\":\"https:\\\/\\\/accesolatino.org\\\/#\\\/schema\\\/logo\\\/image\\\/\"},\"sameAs\":[\"https:\\\/\\\/www.facebook.com\\\/AccesoLatinoOrg\",\"https:\\\/\\\/x.com\\\/FAccLatino\"]}]}<\/script>\n<!-- \/ Yoast SEO plugin. -->","yoast_head_json":{"title":"Use this telephone line to solve doubts about work permits and procedures","description":"Utiliza esta\u00a0l\u00ednea\u00a0telef\u00f3nica\u00a0para resolver dudas sobre tr\u00e1mites y permisos de trabajo La incertidumbre que viven actualmente...","robots":{"index":"index","follow":"follow","max-snippet":"max-snippet:-1","max-image-preview":"max-image-preview:large","max-video-preview":"max-video-preview:-1"},"canonical":"https:\/\/accesolatino.org\/en\/utiliza-esta-linea-telefonica-para-resolver-dudas-sobre-tramites-y-permisos-de-trabajo\/","og_locale":"en_US","og_type":"article","og_title":"Acceso Latino | Utiliza esta l\u00ednea telef\u00f3nica para resolver dudas sobre tr\u00e1mites y permisos de trabajo","og_description":"Conoce las Instituciones que te pueden ser de ayuda en otros pa\u00edses.","og_url":"https:\/\/accesolatino.org\/en\/utiliza-esta-linea-telefonica-para-resolver-dudas-sobre-tramites-y-permisos-de-trabajo\/","og_site_name":"Acceso Latino","article_publisher":"https:\/\/www.facebook.com\/AccesoLatinoOrg","article_modified_time":"2025-10-18T00:01:28+00:00","og_image":[{"width":600,"height":338,"url":"https:\/\/accesolatino.org\/wp-content\/uploads\/2018\/11\/Utiliza-esta-linea-telefonica-para-resolver-dudas-sobre-tramites-y-permisos-de-trabajo.jpg","type":"image\/jpeg"}],"twitter_card":"summary_large_image","twitter_title":"Acceso Latino | Utiliza esta l\u00ednea telef\u00f3nica para resolver dudas sobre tr\u00e1mites y permisos de trabajo","twitter_description":"Conoce las Instituciones que te pueden ser de ayuda en otros pa\u00edses.","twitter_image":"https:\/\/accesolatino.org\/wp-content\/uploads\/2018\/11\/Utiliza-esta-linea-telefonica-para-resolver-dudas-sobre-tramites-y-permisos-de-trabajo.jpg","twitter_site":"@FAccLatino","twitter_misc":{"Est. reading time":"1 minute"},"schema":{"@context":"https:\/\/schema.org","@graph":[{"@type":"WebPage","@id":"https:\/\/accesolatino.org\/utiliza-esta-linea-telefonica-para-resolver-dudas-sobre-tramites-y-permisos-de-trabajo\/","url":"https:\/\/accesolatino.org\/utiliza-esta-linea-telefonica-para-resolver-dudas-sobre-tramites-y-permisos-de-trabajo\/","name":"Use this telephone line to solve doubts about work permits and procedures","isPartOf":{"@id":"https:\/\/accesolatino.org\/#website"},"primaryImageOfPage":{"@id":"https:\/\/accesolatino.org\/utiliza-esta-linea-telefonica-para-resolver-dudas-sobre-tramites-y-permisos-de-trabajo\/#primaryimage"},"image":{"@id":"https:\/\/accesolatino.org\/utiliza-esta-linea-telefonica-para-resolver-dudas-sobre-tramites-y-permisos-de-trabajo\/#primaryimage"},"thumbnailUrl":"https:\/\/accesolatino.org\/wp-content\/uploads\/2018\/11\/Utiliza-esta-linea-telefonica-para-resolver-dudas-sobre-tramites-y-permisos-de-trabajo.jpg","datePublished":"2018-11-29T16:22:44+00:00","dateModified":"2025-10-18T00:01:28+00:00","description":"Utiliza esta\u00a0l\u00ednea\u00a0telef\u00f3nica\u00a0para resolver dudas sobre tr\u00e1mites y permisos de trabajo La incertidumbre que viven actualmente...","breadcrumb":{"@id":"https:\/\/accesolatino.org\/utiliza-esta-linea-telefonica-para-resolver-dudas-sobre-tramites-y-permisos-de-trabajo\/#breadcrumb"},"inLanguage":"en-US","potentialAction":[{"@type":"ReadAction","target":["https:\/\/accesolatino.org\/utiliza-esta-linea-telefonica-para-resolver-dudas-sobre-tramites-y-permisos-de-trabajo\/"]}]},{"@type":"ImageObject","inLanguage":"en-US","@id":"https:\/\/accesolatino.org\/utiliza-esta-linea-telefonica-para-resolver-dudas-sobre-tramites-y-permisos-de-trabajo\/#primaryimage","url":"https:\/\/accesolatino.org\/wp-content\/uploads\/2018\/11\/Utiliza-esta-linea-telefonica-para-resolver-dudas-sobre-tramites-y-permisos-de-trabajo.jpg","contentUrl":"https:\/\/accesolatino.org\/wp-content\/uploads\/2018\/11\/Utiliza-esta-linea-telefonica-para-resolver-dudas-sobre-tramites-y-permisos-de-trabajo.jpg","width":600,"height":338,"caption":"l\u00ednea telef\u00f3nica"},{"@type":"BreadcrumbList","@id":"https:\/\/accesolatino.org\/utiliza-esta-linea-telefonica-para-resolver-dudas-sobre-tramites-y-permisos-de-trabajo\/#breadcrumb","itemListElement":[{"@type":"ListItem","position":1,"name":"Portada","item":"https:\/\/accesolatino.org\/"},{"@type":"ListItem","position":2,"name":"Utiliza esta l\u00ednea telef\u00f3nica para resolver dudas sobre tr\u00e1mites y permisos de trabajo"}]},{"@type":"WebSite","@id":"https:\/\/accesolatino.org\/#website","url":"https:\/\/accesolatino.org\/","name":"Acceso Latino | Fundaci\u00f3n Carlos Slim","description":"Fundaci\u00f3n Carlos Slim","publisher":{"@id":"https:\/\/accesolatino.org\/#organization"},"potentialAction":[{"@type":"SearchAction","target":{"@type":"EntryPoint","urlTemplate":"https:\/\/accesolatino.org\/?s={search_term_string}"},"query-input":{"@type":"PropertyValueSpecification","valueRequired":true,"valueName":"search_term_string"}}],"inLanguage":"en-US"},{"@type":"Organization","@id":"https:\/\/accesolatino.org\/#organization","name":"Acceso Latino | Fundaci\u00f3n Carlos Slim","url":"https:\/\/accesolatino.org\/","logo":{"@type":"ImageObject","inLanguage":"en-US","@id":"https:\/\/accesolatino.org\/#\/schema\/logo\/image\/","url":"https:\/\/accesolatino.org\/wp-content\/uploads\/2021\/02\/logo-footer-acceso-latino.png","contentUrl":"https:\/\/accesolatino.org\/wp-content\/uploads\/2021\/02\/logo-footer-acceso-latino.png","width":240,"height":40,"caption":"Acceso Latino | Fundaci\u00f3n Carlos Slim"},"image":{"@id":"https:\/\/accesolatino.org\/#\/schema\/logo\/image\/"},"sameAs":["https:\/\/www.facebook.com\/AccesoLatinoOrg","https:\/\/x.com\/FAccLatino"]}]}},"_links":{"self":[{"href":"https:\/\/accesolatino.org\/en\/wp-json\/wp\/v2\/pages\/15523","targetHints":{"allow":["GET"]}}],"collection":[{"href":"https:\/\/accesolatino.org\/en\/wp-json\/wp\/v2\/pages"}],"about":[{"href":"https:\/\/accesolatino.org\/en\/wp-json\/wp\/v2\/types\/page"}],"author":[{"embeddable":true,"href":"https:\/\/accesolatino.org\/en\/wp-json\/wp\/v2\/users\/8"}],"replies":[{"embeddable":true,"href":"https:\/\/accesolatino.org\/en\/wp-json\/wp\/v2\/comments?post=15523"}],"version-history":[{"count":1,"href":"https:\/\/accesolatino.org\/en\/wp-json\/wp\/v2\/pages\/15523\/revisions"}],"predecessor-version":[{"id":64271,"href":"https:\/\/accesolatino.org\/en\/wp-json\/wp\/v2\/pages\/15523\/revisions\/64271"}],"wp:featuredmedia":[{"embeddable":true,"href":"https:\/\/accesolatino.org\/en\/wp-json\/wp\/v2\/media\/15524"}],"wp:attachment":[{"href":"https:\/\/accesolatino.org\/en\/wp-json\/wp\/v2\/media?parent=15523"}],"curies":[{"name":"wp","href":"https:\/\/api.w.org\/{rel}","templated":true}]}}