{"id":15514,"date":"2018-11-28T11:46:35","date_gmt":"2018-11-28T17:46:35","guid":{"rendered":"https:\/\/accesolatino.org\/?page_id=15514"},"modified":"2025-10-17T14:21:50","modified_gmt":"2025-10-17T20:21:50","slug":"hispanc-federation-proporciona-ayuda-legal-a-hispanos-en-estados-unidos","status":"publish","type":"page","link":"https:\/\/accesolatino.org\/en\/hispanc-federation-proporciona-ayuda-legal-a-hispanos-en-estados-unidos\/","title":{"rendered":"Hispanic Federation proporciona ayuda legal a nuestros hermanos hispanos en Estados Unidos"},"content":{"rendered":"<div data-elementor-type=\"wp-post\" data-elementor-id=\"15514\" class=\"elementor elementor-15514\">\n\t\t\t\t\t\t<section class=\"elementor-section elementor-top-section elementor-element elementor-element-1edacdd elementor-section-full_width elementor-section-height-min-height elementor-section-items-stretch elementor-section-height-default wpr-particle-no wpr-jarallax-no wpr-parallax-no wpr-sticky-section-no wpr-equal-height-no\" data-id=\"1edacdd\" data-element_type=\"section\" data-e-type=\"section\" data-settings=\"{&quot;background_background&quot;:&quot;classic&quot;}\">\n\t\t\t\t\t\t<div class=\"elementor-container elementor-column-gap-no\">\n\t\t\t\t\t<div class=\"elementor-column elementor-col-100 elementor-top-column elementor-element elementor-element-cc7bd81\" data-id=\"cc7bd81\" data-element_type=\"column\" data-e-type=\"column\">\n\t\t\t<div class=\"elementor-widget-wrap elementor-element-populated\">\n\t\t\t\t\t\t<div class=\"elementor-element elementor-element-6ddf477 elementor--h-position-center elementor--v-position-middle elementor-widget elementor-widget-slides\" data-id=\"6ddf477\" data-element_type=\"widget\" data-e-type=\"widget\" data-settings=\"{&quot;navigation&quot;:&quot;none&quot;,&quot;infinite&quot;:&quot;yes&quot;,&quot;transition&quot;:&quot;slide&quot;,&quot;transition_speed&quot;:500}\" data-widget_type=\"slides.default\">\n\t\t\t\t<div class=\"elementor-widget-container\">\n\t\t\t\t\t\t\t<div class=\"elementor-swiper\">\n\t\t\t<div class=\"elementor-slides-wrapper elementor-main-swiper swiper-container\" dir=\"ltr\" data-animation=\"\">\n\t\t\t\t<div class=\"swiper-wrapper elementor-slides\">\n\t\t\t\t\t\t\t\t\t\t<div class=\"elementor-repeater-item-d983a28 swiper-slide\"><div class=\"swiper-slide-bg\"><\/div><div class=\"swiper-slide-inner\" ><div class=\"swiper-slide-contents\"><div class=\"elementor-slide-heading\">Legal Guidance<\/div><\/div><\/div><\/div>\t\t\t\t<\/div>\n\t\t\t\t\t\t\t<\/div>\n\t\t<\/div>\n\t\t\t\t\t\t<\/div>\n\t\t\t\t<\/div>\n\t\t\t\t\t<\/div>\n\t\t<\/div>\n\t\t\t\t\t<\/div>\n\t\t<\/section>\n\t\t\t\t<section class=\"elementor-section elementor-top-section elementor-element elementor-element-176e810 elementor-section-stretched elementor-section-boxed elementor-section-height-default elementor-section-height-default wpr-particle-no wpr-jarallax-no wpr-parallax-no wpr-sticky-section-no wpr-equal-height-no\" data-id=\"176e810\" data-element_type=\"section\" data-e-type=\"section\" data-settings=\"{&quot;stretch_section&quot;:&quot;section-stretched&quot;,&quot;background_background&quot;:&quot;classic&quot;}\">\n\t\t\t\t\t\t<div class=\"elementor-container elementor-column-gap-default\">\n\t\t\t\t\t<div class=\"elementor-column elementor-col-100 elementor-top-column elementor-element elementor-element-baeab7d\" data-id=\"baeab7d\" data-element_type=\"column\" data-e-type=\"column\">\n\t\t\t<div class=\"elementor-widget-wrap elementor-element-populated\">\n\t\t\t\t\t\t<div class=\"elementor-element elementor-element-21f5151 elementor-widget elementor-widget-heading\" data-id=\"21f5151\" data-element_type=\"widget\" data-e-type=\"widget\" data-widget_type=\"heading.default\">\n\t\t\t\t<div class=\"elementor-widget-container\">\n\t\t\t\t\t<h3 class=\"elementor-heading-title elementor-size-default\">Hispanc Federation provides legal assistance to our Hispanic brothers and sisters in the U.S.<\/h3>\t\t\t\t<\/div>\n\t\t\t\t<\/div>\n\t\t\t\t<div class=\"elementor-element elementor-element-caa0fca elementor-widget elementor-widget-text-editor\" data-id=\"caa0fca\" data-element_type=\"widget\" data-e-type=\"widget\" data-widget_type=\"text-editor.default\">\n\t\t\t\t<div class=\"elementor-widget-container\">\n\t\t\t\t\t\t\t\t\t<p>Sabemos que en estos momentos, el acceso a la ayuda legal es una necesidad b\u00e1sica de todo migrante en Estados Unidos y por este motivo, <strong>Acceso Latino<\/strong> te brinda diferentes herramientas jur\u00eddicas dentro de la secci\u00f3n <a href=\"https:\/\/accesolatino.org\/en\/orientacion-legal\/\"><strong>\u201cOrientaci\u00f3n Legal\u201d<\/strong><\/a>, que te proporciona informaci\u00f3n \u00fatil en temas migratorios.<\/p><p>Una de las opciones que encontrar\u00e1n en dicha herramienta es la l\u00ednea telef\u00f3nica directa <strong>Hispanic Federation<\/strong>, organizaci\u00f3n que se dedica a proveer informaci\u00f3n, referencias y servicios directos a la comunidad de forma gratuita.<\/p><p>Los servicios que ofrece la <strong>Hispanic Federation<\/strong> a los migrantes son:<\/p><ul><li>Servicios de inmigraci\u00f3n y ciudadan\u00eda.<\/li><li>Servicios de educaci\u00f3n de la primera infancia y preparaci\u00f3n para la universidad.<\/li><li>Inscripci\u00f3n en Mercado de Seguros de Salud del Estado de Nueva York.<\/li><\/ul><p>Si necesitas ayuda o tienes preguntas, inquietudes, accede a nuestra tarjeta de <strong>Hispanic Federation<\/strong>.<\/p>\t\t\t\t\t\t\t\t<\/div>\n\t\t\t\t<\/div>\n\t\t\t\t<div class=\"elementor-element elementor-element-2ec1ed8 elementor-widget elementor-widget-spacer\" data-id=\"2ec1ed8\" data-element_type=\"widget\" data-e-type=\"widget\" data-widget_type=\"spacer.default\">\n\t\t\t\t<div class=\"elementor-widget-container\">\n\t\t\t\t\t\t\t<div class=\"elementor-spacer\">\n\t\t\t<div class=\"elementor-spacer-inner\"><\/div>\n\t\t<\/div>\n\t\t\t\t\t\t<\/div>\n\t\t\t\t<\/div>\n\t\t\t\t\t<\/div>\n\t\t<\/div>\n\t\t\t\t\t<\/div>\n\t\t<\/section>\n\t\t\t\t<\/div>","protected":false},"excerpt":{"rendered":"<p>Orientaci\u00f3n Legal Hispanc Federation proporciona ayuda legal a nuestros hermanos hispanos en Estados Unidos Sabemos que en estos momentos, el acceso a la ayuda legal es una necesidad b\u00e1sica de todo migrante en Estados Unidos y por este motivo, Acceso Latino te brinda diferentes herramientas jur\u00eddicas dentro de la secci\u00f3n \u201cOrientaci\u00f3n Legal\u201d, que te proporciona informaci\u00f3n \u00fatil en temas migratorios. Una de las opciones que encontrar\u00e1n en dicha herramienta es la l\u00ednea telef\u00f3nica directa Hispanic Federation, organizaci\u00f3n que se dedica a proveer informaci\u00f3n, referencias y servicios directos a la comunidad de forma gratuita. Los servicios que ofrece la Hispanic Federation a los migrantes son: Servicios de inmigraci\u00f3n y ciudadan\u00eda. Servicios de educaci\u00f3n de la primera infancia y preparaci\u00f3n para la universidad. Inscripci\u00f3n en Mercado de Seguros de Salud del Estado de Nueva York. Si necesitas ayuda o tienes preguntas, inquietudes, accede a nuestra tarjeta de Hispanic Federation.<\/p>","protected":false},"author":8,"featured_media":15515,"parent":0,"menu_order":0,"comment_status":"closed","ping_status":"closed","template":"elementor_header_footer","meta":{"_uf_show_specific_survey":0,"_uf_disable_surveys":false,"footnotes":""},"class_list":["post-15514","page","type-page","status-publish","has-post-thumbnail"],"aioseo_notices":[],"yoast_head":"<!-- This site is optimized with the Yoast SEO plugin v27.4 - https:\/\/yoast.com\/product\/yoast-seo-wordpress\/ -->\n<title>Hispanic Federation proporciona ayuda legal a hispanos en EU<\/title>\n<meta name=\"description\" content=\"Hispanic\u00a0Federation\u00a0proporciona ayuda legal a nuestros hermanos hispanos en Estados Unidos Sabemos que en estos momentos, el acceso a la...\" \/>\n<meta name=\"robots\" content=\"index, follow, max-snippet:-1, max-image-preview:large, max-video-preview:-1\" \/>\n<link rel=\"canonical\" href=\"https:\/\/accesolatino.org\/en\/hispanc-federation-proporciona-ayuda-legal-a-hispanos-en-estados-unidos\/\" \/>\n<meta property=\"og:locale\" content=\"en_US\" \/>\n<meta property=\"og:type\" content=\"article\" \/>\n<meta property=\"og:title\" content=\"Acceso Latino | Hispanic Federation proporciona ayuda legal a nuestros hermanos hispanos en Estados Unidos\" \/>\n<meta property=\"og:description\" content=\"Sabemos que en estos momentos, el acceso a la ayuda legal es una necesidad b\u00e1sica de todo migrante en Estados Unidos.\" \/>\n<meta property=\"og:url\" content=\"https:\/\/accesolatino.org\/en\/hispanc-federation-proporciona-ayuda-legal-a-hispanos-en-estados-unidos\/\" \/>\n<meta property=\"og:site_name\" content=\"Acceso Latino\" \/>\n<meta property=\"article:publisher\" content=\"https:\/\/www.facebook.com\/AccesoLatinoOrg\" \/>\n<meta property=\"article:modified_time\" content=\"2025-10-17T20:21:50+00:00\" \/>\n<meta property=\"og:image\" content=\"https:\/\/accesolatino.org\/wp-content\/uploads\/2018\/11\/Hispanc-Federation-proporciona-ayuda-legal-a-nuestros-hermanos-hispanos-en-Estados-Unidos.jpg\" \/>\n\t<meta property=\"og:image:width\" content=\"600\" \/>\n\t<meta property=\"og:image:height\" content=\"338\" \/>\n\t<meta property=\"og:image:type\" content=\"image\/jpeg\" \/>\n<meta name=\"twitter:card\" content=\"summary_large_image\" \/>\n<meta name=\"twitter:title\" content=\"Acceso Latino | Hispanic Federation proporciona ayuda legal a nuestros hermanos hispanos en Estados Unidos\" \/>\n<meta name=\"twitter:description\" content=\"Sabemos que en estos momentos, el acceso a la ayuda legal es una necesidad b\u00e1sica de todo migrante en Estados Unidos.\" \/>\n<meta name=\"twitter:image\" content=\"https:\/\/accesolatino.org\/wp-content\/uploads\/2018\/11\/Hispanc-Federation-proporciona-ayuda-legal-a-nuestros-hermanos-hispanos-en-Estados-Unidos.jpg\" \/>\n<meta name=\"twitter:site\" content=\"@FAccLatino\" \/>\n<meta name=\"twitter:label1\" content=\"Est. reading time\" \/>\n\t<meta name=\"twitter:data1\" content=\"1 minute\" \/>\n<script type=\"application\/ld+json\" class=\"yoast-schema-graph\">{\"@context\":\"https:\\\/\\\/schema.org\",\"@graph\":[{\"@type\":\"WebPage\",\"@id\":\"https:\\\/\\\/accesolatino.org\\\/en\\\/hispanc-federation-proporciona-ayuda-legal-a-hispanos-en-estados-unidos\\\/\",\"url\":\"https:\\\/\\\/accesolatino.org\\\/en\\\/hispanc-federation-proporciona-ayuda-legal-a-hispanos-en-estados-unidos\\\/\",\"name\":\"Hispanic Federation proporciona ayuda legal a hispanos en EU\",\"isPartOf\":{\"@id\":\"https:\\\/\\\/accesolatino.org\\\/#website\"},\"primaryImageOfPage\":{\"@id\":\"https:\\\/\\\/accesolatino.org\\\/en\\\/hispanc-federation-proporciona-ayuda-legal-a-hispanos-en-estados-unidos\\\/#primaryimage\"},\"image\":{\"@id\":\"https:\\\/\\\/accesolatino.org\\\/en\\\/hispanc-federation-proporciona-ayuda-legal-a-hispanos-en-estados-unidos\\\/#primaryimage\"},\"thumbnailUrl\":\"https:\\\/\\\/accesolatino.org\\\/wp-content\\\/uploads\\\/2018\\\/11\\\/Hispanc-Federation-proporciona-ayuda-legal-a-nuestros-hermanos-hispanos-en-Estados-Unidos.jpg\",\"datePublished\":\"2018-11-28T17:46:35+00:00\",\"dateModified\":\"2025-10-17T20:21:50+00:00\",\"description\":\"Hispanic\u00a0Federation\u00a0proporciona ayuda legal a nuestros hermanos hispanos en Estados Unidos Sabemos que en estos momentos, el acceso a la...\",\"breadcrumb\":{\"@id\":\"https:\\\/\\\/accesolatino.org\\\/en\\\/hispanc-federation-proporciona-ayuda-legal-a-hispanos-en-estados-unidos\\\/#breadcrumb\"},\"inLanguage\":\"en-US\",\"potentialAction\":[{\"@type\":\"ReadAction\",\"target\":[\"https:\\\/\\\/accesolatino.org\\\/en\\\/hispanc-federation-proporciona-ayuda-legal-a-hispanos-en-estados-unidos\\\/\"]}]},{\"@type\":\"ImageObject\",\"inLanguage\":\"en-US\",\"@id\":\"https:\\\/\\\/accesolatino.org\\\/en\\\/hispanc-federation-proporciona-ayuda-legal-a-hispanos-en-estados-unidos\\\/#primaryimage\",\"url\":\"https:\\\/\\\/accesolatino.org\\\/wp-content\\\/uploads\\\/2018\\\/11\\\/Hispanc-Federation-proporciona-ayuda-legal-a-nuestros-hermanos-hispanos-en-Estados-Unidos.jpg\",\"contentUrl\":\"https:\\\/\\\/accesolatino.org\\\/wp-content\\\/uploads\\\/2018\\\/11\\\/Hispanc-Federation-proporciona-ayuda-legal-a-nuestros-hermanos-hispanos-en-Estados-Unidos.jpg\",\"width\":600,\"height\":338,\"caption\":\"Hispanic Federation\"},{\"@type\":\"BreadcrumbList\",\"@id\":\"https:\\\/\\\/accesolatino.org\\\/en\\\/hispanc-federation-proporciona-ayuda-legal-a-hispanos-en-estados-unidos\\\/#breadcrumb\",\"itemListElement\":[{\"@type\":\"ListItem\",\"position\":1,\"name\":\"Portada\",\"item\":\"https:\\\/\\\/accesolatino.org\\\/\"},{\"@type\":\"ListItem\",\"position\":2,\"name\":\"Hispanic Federation proporciona ayuda legal a nuestros hermanos hispanos en Estados Unidos\"}]},{\"@type\":\"WebSite\",\"@id\":\"https:\\\/\\\/accesolatino.org\\\/#website\",\"url\":\"https:\\\/\\\/accesolatino.org\\\/\",\"name\":\"Acceso Latino | Fundaci\u00f3n Carlos Slim\",\"description\":\"Fundaci\u00f3n Carlos Slim\",\"publisher\":{\"@id\":\"https:\\\/\\\/accesolatino.org\\\/#organization\"},\"potentialAction\":[{\"@type\":\"SearchAction\",\"target\":{\"@type\":\"EntryPoint\",\"urlTemplate\":\"https:\\\/\\\/accesolatino.org\\\/?s={search_term_string}\"},\"query-input\":{\"@type\":\"PropertyValueSpecification\",\"valueRequired\":true,\"valueName\":\"search_term_string\"}}],\"inLanguage\":\"en-US\"},{\"@type\":\"Organization\",\"@id\":\"https:\\\/\\\/accesolatino.org\\\/#organization\",\"name\":\"Acceso Latino | Fundaci\u00f3n Carlos Slim\",\"url\":\"https:\\\/\\\/accesolatino.org\\\/\",\"logo\":{\"@type\":\"ImageObject\",\"inLanguage\":\"en-US\",\"@id\":\"https:\\\/\\\/accesolatino.org\\\/#\\\/schema\\\/logo\\\/image\\\/\",\"url\":\"https:\\\/\\\/accesolatino.org\\\/wp-content\\\/uploads\\\/2021\\\/02\\\/logo-footer-acceso-latino.png\",\"contentUrl\":\"https:\\\/\\\/accesolatino.org\\\/wp-content\\\/uploads\\\/2021\\\/02\\\/logo-footer-acceso-latino.png\",\"width\":240,\"height\":40,\"caption\":\"Acceso Latino | Fundaci\u00f3n Carlos Slim\"},\"image\":{\"@id\":\"https:\\\/\\\/accesolatino.org\\\/#\\\/schema\\\/logo\\\/image\\\/\"},\"sameAs\":[\"https:\\\/\\\/www.facebook.com\\\/AccesoLatinoOrg\",\"https:\\\/\\\/x.com\\\/FAccLatino\"]}]}<\/script>\n<!-- \/ Yoast SEO plugin. -->","yoast_head_json":{"title":"Hispanic Federation proporciona ayuda legal a hispanos en EU","description":"Hispanic\u00a0Federation\u00a0proporciona ayuda legal a nuestros hermanos hispanos en Estados Unidos Sabemos que en estos momentos, el acceso a la...","robots":{"index":"index","follow":"follow","max-snippet":"max-snippet:-1","max-image-preview":"max-image-preview:large","max-video-preview":"max-video-preview:-1"},"canonical":"https:\/\/accesolatino.org\/en\/hispanc-federation-proporciona-ayuda-legal-a-hispanos-en-estados-unidos\/","og_locale":"en_US","og_type":"article","og_title":"Acceso Latino | Hispanic Federation proporciona ayuda legal a nuestros hermanos hispanos en Estados Unidos","og_description":"Sabemos que en estos momentos, el acceso a la ayuda legal es una necesidad b\u00e1sica de todo migrante en Estados Unidos.","og_url":"https:\/\/accesolatino.org\/en\/hispanc-federation-proporciona-ayuda-legal-a-hispanos-en-estados-unidos\/","og_site_name":"Acceso Latino","article_publisher":"https:\/\/www.facebook.com\/AccesoLatinoOrg","article_modified_time":"2025-10-17T20:21:50+00:00","og_image":[{"width":600,"height":338,"url":"https:\/\/accesolatino.org\/wp-content\/uploads\/2018\/11\/Hispanc-Federation-proporciona-ayuda-legal-a-nuestros-hermanos-hispanos-en-Estados-Unidos.jpg","type":"image\/jpeg"}],"twitter_card":"summary_large_image","twitter_title":"Acceso Latino | Hispanic Federation proporciona ayuda legal a nuestros hermanos hispanos en Estados Unidos","twitter_description":"Sabemos que en estos momentos, el acceso a la ayuda legal es una necesidad b\u00e1sica de todo migrante en Estados Unidos.","twitter_image":"https:\/\/accesolatino.org\/wp-content\/uploads\/2018\/11\/Hispanc-Federation-proporciona-ayuda-legal-a-nuestros-hermanos-hispanos-en-Estados-Unidos.jpg","twitter_site":"@FAccLatino","twitter_misc":{"Est. reading time":"1 minute"},"schema":{"@context":"https:\/\/schema.org","@graph":[{"@type":"WebPage","@id":"https:\/\/accesolatino.org\/en\/hispanc-federation-proporciona-ayuda-legal-a-hispanos-en-estados-unidos\/","url":"https:\/\/accesolatino.org\/en\/hispanc-federation-proporciona-ayuda-legal-a-hispanos-en-estados-unidos\/","name":"Hispanic Federation proporciona ayuda legal a hispanos en EU","isPartOf":{"@id":"https:\/\/accesolatino.org\/#website"},"primaryImageOfPage":{"@id":"https:\/\/accesolatino.org\/en\/hispanc-federation-proporciona-ayuda-legal-a-hispanos-en-estados-unidos\/#primaryimage"},"image":{"@id":"https:\/\/accesolatino.org\/en\/hispanc-federation-proporciona-ayuda-legal-a-hispanos-en-estados-unidos\/#primaryimage"},"thumbnailUrl":"https:\/\/accesolatino.org\/wp-content\/uploads\/2018\/11\/Hispanc-Federation-proporciona-ayuda-legal-a-nuestros-hermanos-hispanos-en-Estados-Unidos.jpg","datePublished":"2018-11-28T17:46:35+00:00","dateModified":"2025-10-17T20:21:50+00:00","description":"Hispanic\u00a0Federation\u00a0proporciona ayuda legal a nuestros hermanos hispanos en Estados Unidos Sabemos que en estos momentos, el acceso a la...","breadcrumb":{"@id":"https:\/\/accesolatino.org\/en\/hispanc-federation-proporciona-ayuda-legal-a-hispanos-en-estados-unidos\/#breadcrumb"},"inLanguage":"en-US","potentialAction":[{"@type":"ReadAction","target":["https:\/\/accesolatino.org\/en\/hispanc-federation-proporciona-ayuda-legal-a-hispanos-en-estados-unidos\/"]}]},{"@type":"ImageObject","inLanguage":"en-US","@id":"https:\/\/accesolatino.org\/en\/hispanc-federation-proporciona-ayuda-legal-a-hispanos-en-estados-unidos\/#primaryimage","url":"https:\/\/accesolatino.org\/wp-content\/uploads\/2018\/11\/Hispanc-Federation-proporciona-ayuda-legal-a-nuestros-hermanos-hispanos-en-Estados-Unidos.jpg","contentUrl":"https:\/\/accesolatino.org\/wp-content\/uploads\/2018\/11\/Hispanc-Federation-proporciona-ayuda-legal-a-nuestros-hermanos-hispanos-en-Estados-Unidos.jpg","width":600,"height":338,"caption":"Hispanic Federation"},{"@type":"BreadcrumbList","@id":"https:\/\/accesolatino.org\/en\/hispanc-federation-proporciona-ayuda-legal-a-hispanos-en-estados-unidos\/#breadcrumb","itemListElement":[{"@type":"ListItem","position":1,"name":"Portada","item":"https:\/\/accesolatino.org\/"},{"@type":"ListItem","position":2,"name":"Hispanic Federation proporciona ayuda legal a nuestros hermanos hispanos en Estados Unidos"}]},{"@type":"WebSite","@id":"https:\/\/accesolatino.org\/#website","url":"https:\/\/accesolatino.org\/","name":"Acceso Latino | Fundaci\u00f3n Carlos Slim","description":"Fundaci\u00f3n Carlos Slim","publisher":{"@id":"https:\/\/accesolatino.org\/#organization"},"potentialAction":[{"@type":"SearchAction","target":{"@type":"EntryPoint","urlTemplate":"https:\/\/accesolatino.org\/?s={search_term_string}"},"query-input":{"@type":"PropertyValueSpecification","valueRequired":true,"valueName":"search_term_string"}}],"inLanguage":"en-US"},{"@type":"Organization","@id":"https:\/\/accesolatino.org\/#organization","name":"Acceso Latino | Fundaci\u00f3n Carlos Slim","url":"https:\/\/accesolatino.org\/","logo":{"@type":"ImageObject","inLanguage":"en-US","@id":"https:\/\/accesolatino.org\/#\/schema\/logo\/image\/","url":"https:\/\/accesolatino.org\/wp-content\/uploads\/2021\/02\/logo-footer-acceso-latino.png","contentUrl":"https:\/\/accesolatino.org\/wp-content\/uploads\/2021\/02\/logo-footer-acceso-latino.png","width":240,"height":40,"caption":"Acceso Latino | Fundaci\u00f3n Carlos Slim"},"image":{"@id":"https:\/\/accesolatino.org\/#\/schema\/logo\/image\/"},"sameAs":["https:\/\/www.facebook.com\/AccesoLatinoOrg","https:\/\/x.com\/FAccLatino"]}]}},"_links":{"self":[{"href":"https:\/\/accesolatino.org\/en\/wp-json\/wp\/v2\/pages\/15514","targetHints":{"allow":["GET"]}}],"collection":[{"href":"https:\/\/accesolatino.org\/en\/wp-json\/wp\/v2\/pages"}],"about":[{"href":"https:\/\/accesolatino.org\/en\/wp-json\/wp\/v2\/types\/page"}],"author":[{"embeddable":true,"href":"https:\/\/accesolatino.org\/en\/wp-json\/wp\/v2\/users\/8"}],"replies":[{"embeddable":true,"href":"https:\/\/accesolatino.org\/en\/wp-json\/wp\/v2\/comments?post=15514"}],"version-history":[{"count":1,"href":"https:\/\/accesolatino.org\/en\/wp-json\/wp\/v2\/pages\/15514\/revisions"}],"predecessor-version":[{"id":64227,"href":"https:\/\/accesolatino.org\/en\/wp-json\/wp\/v2\/pages\/15514\/revisions\/64227"}],"wp:featuredmedia":[{"embeddable":true,"href":"https:\/\/accesolatino.org\/en\/wp-json\/wp\/v2\/media\/15515"}],"wp:attachment":[{"href":"https:\/\/accesolatino.org\/en\/wp-json\/wp\/v2\/media?parent=15514"}],"curies":[{"name":"wp","href":"https:\/\/api.w.org\/{rel}","templated":true}]}}