{"id":15491,"date":"2018-11-26T12:19:54","date_gmt":"2018-11-26T18:19:54","guid":{"rendered":"https:\/\/accesolatino.org\/?page_id=15491"},"modified":"2025-10-17T15:58:39","modified_gmt":"2025-10-17T21:58:39","slug":"naleo-ofrece-informacion-actualizada-y-gratuita-a-los-dreamers","status":"publish","type":"page","link":"https:\/\/accesolatino.org\/en\/naleo-ofrece-informacion-actualizada-y-gratuita-a-los-dreamers\/","title":{"rendered":"NALEO offers free updated information to dreamers"},"content":{"rendered":"<div data-elementor-type=\"wp-post\" data-elementor-id=\"15491\" class=\"elementor elementor-15491\">\n\t\t\t\t\t\t<section class=\"elementor-section elementor-top-section elementor-element elementor-element-103740f elementor-section-full_width elementor-section-height-min-height elementor-section-items-stretch elementor-section-height-default wpr-particle-no wpr-jarallax-no wpr-parallax-no wpr-sticky-section-no wpr-equal-height-no\" data-id=\"103740f\" data-element_type=\"section\" data-e-type=\"section\" data-settings=\"{&quot;background_background&quot;:&quot;classic&quot;}\">\n\t\t\t\t\t\t<div class=\"elementor-container elementor-column-gap-no\">\n\t\t\t\t\t<div class=\"elementor-column elementor-col-100 elementor-top-column elementor-element elementor-element-d6d2eb6\" data-id=\"d6d2eb6\" data-element_type=\"column\" data-e-type=\"column\">\n\t\t\t<div class=\"elementor-widget-wrap elementor-element-populated\">\n\t\t\t\t\t\t<div class=\"elementor-element elementor-element-e296644 elementor--h-position-center elementor--v-position-middle elementor-widget elementor-widget-slides\" data-id=\"e296644\" data-element_type=\"widget\" data-e-type=\"widget\" data-settings=\"{&quot;navigation&quot;:&quot;none&quot;,&quot;infinite&quot;:&quot;yes&quot;,&quot;transition&quot;:&quot;slide&quot;,&quot;transition_speed&quot;:500}\" data-widget_type=\"slides.default\">\n\t\t\t\t<div class=\"elementor-widget-container\">\n\t\t\t\t\t\t\t<div class=\"elementor-swiper\">\n\t\t\t<div class=\"elementor-slides-wrapper elementor-main-swiper swiper-container\" dir=\"ltr\" data-animation=\"\">\n\t\t\t\t<div class=\"swiper-wrapper elementor-slides\">\n\t\t\t\t\t\t\t\t\t\t<div class=\"elementor-repeater-item-d983a28 swiper-slide\"><div class=\"swiper-slide-bg\"><\/div><div class=\"swiper-slide-inner\" ><div class=\"swiper-slide-contents\"><div class=\"elementor-slide-heading\">Legal Guidance<\/div><\/div><\/div><\/div>\t\t\t\t<\/div>\n\t\t\t\t\t\t\t<\/div>\n\t\t<\/div>\n\t\t\t\t\t\t<\/div>\n\t\t\t\t<\/div>\n\t\t\t\t\t<\/div>\n\t\t<\/div>\n\t\t\t\t\t<\/div>\n\t\t<\/section>\n\t\t\t\t<section class=\"elementor-section elementor-top-section elementor-element elementor-element-f399045 elementor-section-stretched elementor-section-boxed elementor-section-height-default elementor-section-height-default wpr-particle-no wpr-jarallax-no wpr-parallax-no wpr-sticky-section-no wpr-equal-height-no\" data-id=\"f399045\" data-element_type=\"section\" data-e-type=\"section\" data-settings=\"{&quot;stretch_section&quot;:&quot;section-stretched&quot;,&quot;background_background&quot;:&quot;classic&quot;}\">\n\t\t\t\t\t\t<div class=\"elementor-container elementor-column-gap-default\">\n\t\t\t\t\t<div class=\"elementor-column elementor-col-100 elementor-top-column elementor-element elementor-element-a83e18d\" data-id=\"a83e18d\" data-element_type=\"column\" data-e-type=\"column\">\n\t\t\t<div class=\"elementor-widget-wrap elementor-element-populated\">\n\t\t\t\t\t\t<div class=\"elementor-element elementor-element-ff216b4 elementor-widget elementor-widget-heading\" data-id=\"ff216b4\" data-element_type=\"widget\" data-e-type=\"widget\" data-widget_type=\"heading.default\">\n\t\t\t\t<div class=\"elementor-widget-container\">\n\t\t\t\t\t<h3 class=\"elementor-heading-title elementor-size-default\">NALEO offers free updated information to dreamers<\/h3>\t\t\t\t<\/div>\n\t\t\t\t<\/div>\n\t\t\t\t<div class=\"elementor-element elementor-element-cdd7353 elementor-widget elementor-widget-text-editor\" data-id=\"cdd7353\" data-element_type=\"widget\" data-e-type=\"widget\" data-widget_type=\"text-editor.default\">\n\t\t\t\t<div class=\"elementor-widget-container\">\n\t\t\t\t\t\t\t\t\t<p>Uno de los principales apoyos que buscan los inmigrantes es en materia legal, ayuda que encontrar\u00e1s en Acceso Latino. Dentro de la secci\u00f3n <a href=\"https:\/\/accesolatino.org\/en\/orientacion-legal\/\"><strong>\u201cOrientaci\u00f3n Legal\u201d<\/strong><\/a>, podr\u00e1s contactar a especialistas de manera gratuita o a bajo costo y encontrar distintas herramientas en l\u00ednea para diferentes circunstancias.<\/p><p>Una de las tarjetas que encontrar\u00e1s en la misma secci\u00f3n es \u201c<strong>La Asociaci\u00f3n Nacional de Latinos Elegidos\u201d<\/strong> (NALEO por sus siglas en ingl\u00e9s), organizaci\u00f3n que facilita la participaci\u00f3n latina completa en el proceso pol\u00edtico estadounidense, desde la ciudadan\u00eda hasta el servicio p\u00fablico.<\/p><p>En nuestro apartado de <strong>NALEO<\/strong> encontrar\u00e1s el tel\u00e9fono de la organizaci\u00f3n donde podr\u00e1s adquirir la informaci\u00f3n m\u00e1s actualizada sobre DACA, reforma migratoria y adem\u00e1s, conocer el proceso para volverte ciudadano, entre otras.<\/p><p>Ahora accede a nuestra herramienta de <a href=\"https:\/\/accesolatino.org\/en\/orientacion-legal\/\"><strong>\u201cOrientaci\u00f3n Legal\u201d<\/strong> <\/a>y obt\u00e9n tu asesor\u00eda gratis.<\/p>\t\t\t\t\t\t\t\t<\/div>\n\t\t\t\t<\/div>\n\t\t\t\t<div class=\"elementor-element elementor-element-f2dd1b8 elementor-widget elementor-widget-spacer\" data-id=\"f2dd1b8\" data-element_type=\"widget\" data-e-type=\"widget\" data-widget_type=\"spacer.default\">\n\t\t\t\t<div class=\"elementor-widget-container\">\n\t\t\t\t\t\t\t<div class=\"elementor-spacer\">\n\t\t\t<div class=\"elementor-spacer-inner\"><\/div>\n\t\t<\/div>\n\t\t\t\t\t\t<\/div>\n\t\t\t\t<\/div>\n\t\t\t\t\t<\/div>\n\t\t<\/div>\n\t\t\t\t\t<\/div>\n\t\t<\/section>\n\t\t\t\t<\/div>","protected":false},"excerpt":{"rendered":"<p>Orientaci\u00f3n Legal NALEO ofrece informaci\u00f3n actualizada y gratuita a los \u201cdreamers\u201d Uno de los principales apoyos que buscan los inmigrantes es en materia legal, ayuda que encontrar\u00e1s en Acceso Latino. Dentro de la secci\u00f3n \u201cOrientaci\u00f3n Legal\u201d, podr\u00e1s contactar a especialistas de manera gratuita o a bajo costo y encontrar distintas herramientas en l\u00ednea para diferentes circunstancias. Una de las tarjetas que encontrar\u00e1s en la misma secci\u00f3n es \u201cLa Asociaci\u00f3n Nacional de Latinos Elegidos\u201d (NALEO por sus siglas en ingl\u00e9s), organizaci\u00f3n que facilita la participaci\u00f3n latina completa en el proceso pol\u00edtico estadounidense, desde la ciudadan\u00eda hasta el servicio p\u00fablico. En nuestro apartado de NALEO encontrar\u00e1s el tel\u00e9fono de la organizaci\u00f3n donde podr\u00e1s adquirir la informaci\u00f3n m\u00e1s actualizada sobre DACA, reforma migratoria y adem\u00e1s, conocer el proceso para volverte ciudadano, entre otras. Ahora accede a nuestra herramienta de \u201cOrientaci\u00f3n Legal\u201d y obt\u00e9n tu asesor\u00eda gratis.<\/p>","protected":false},"author":8,"featured_media":15492,"parent":0,"menu_order":0,"comment_status":"closed","ping_status":"closed","template":"elementor_header_footer","meta":{"_uf_show_specific_survey":0,"_uf_disable_surveys":false,"footnotes":""},"class_list":["post-15491","page","type-page","status-publish","has-post-thumbnail"],"aioseo_notices":[],"yoast_head":"<!-- This site is optimized with the Yoast SEO plugin v27.4 - https:\/\/yoast.com\/product\/yoast-seo-wordpress\/ -->\n<title>NALEO ofrece informaci\u00f3n actualizada y gratuita a los \u201cdreamers\u201d<\/title>\n<meta name=\"description\" content=\"NALEO\u00a0ofrece informaci\u00f3n actualizada y gratuita a los \u201cdreamers\u201d Uno de los principales apoyos que buscan los inmigrantes es en...\" \/>\n<meta name=\"robots\" content=\"index, follow, max-snippet:-1, max-image-preview:large, max-video-preview:-1\" \/>\n<link rel=\"canonical\" href=\"https:\/\/accesolatino.org\/en\/naleo-ofrece-informacion-actualizada-y-gratuita-a-los-dreamers\/\" \/>\n<meta property=\"og:locale\" content=\"en_US\" \/>\n<meta property=\"og:type\" content=\"article\" \/>\n<meta property=\"og:title\" content=\"Acceso Latino | NALEO ofrece informaci\u00f3n actualizada y gratuita a los \u201cdreamers\u201d\" \/>\n<meta property=\"og:description\" content=\"NALEO ofrece informaci\u00f3n actualizada y gratuita a los \u201cdreamers\u201d\" \/>\n<meta property=\"og:url\" content=\"https:\/\/accesolatino.org\/en\/naleo-ofrece-informacion-actualizada-y-gratuita-a-los-dreamers\/\" \/>\n<meta property=\"og:site_name\" content=\"Acceso Latino\" \/>\n<meta property=\"article:publisher\" content=\"https:\/\/www.facebook.com\/AccesoLatinoOrg\" \/>\n<meta property=\"article:modified_time\" content=\"2025-10-17T21:58:39+00:00\" \/>\n<meta property=\"og:image\" content=\"https:\/\/accesolatino.org\/wp-content\/uploads\/2018\/11\/NALEO-ofrece-informacion-actualizada-y-gratuita-a-los-dreamers.jpg\" \/>\n\t<meta property=\"og:image:width\" content=\"600\" \/>\n\t<meta property=\"og:image:height\" content=\"338\" \/>\n\t<meta property=\"og:image:type\" content=\"image\/jpeg\" \/>\n<meta name=\"twitter:card\" content=\"summary_large_image\" \/>\n<meta name=\"twitter:title\" content=\"Acceso Latino | NALEO ofrece informaci\u00f3n actualizada y gratuita a los \u201cdreamers\u201d\" \/>\n<meta name=\"twitter:description\" content=\"NALEO ofrece informaci\u00f3n actualizada y gratuita a los \u201cdreamers\u201d\" \/>\n<meta name=\"twitter:image\" content=\"https:\/\/accesolatino.org\/wp-content\/uploads\/2018\/11\/NALEO-ofrece-informacion-actualizada-y-gratuita-a-los-dreamers.jpg\" \/>\n<meta name=\"twitter:site\" content=\"@FAccLatino\" \/>\n<meta name=\"twitter:label1\" content=\"Est. reading time\" \/>\n\t<meta name=\"twitter:data1\" content=\"1 minute\" \/>\n<script type=\"application\/ld+json\" class=\"yoast-schema-graph\">{\"@context\":\"https:\\\/\\\/schema.org\",\"@graph\":[{\"@type\":\"WebPage\",\"@id\":\"https:\\\/\\\/accesolatino.org\\\/naleo-ofrece-informacion-actualizada-y-gratuita-a-los-dreamers\\\/\",\"url\":\"https:\\\/\\\/accesolatino.org\\\/naleo-ofrece-informacion-actualizada-y-gratuita-a-los-dreamers\\\/\",\"name\":\"NALEO ofrece informaci\u00f3n actualizada y gratuita a los \u201cdreamers\u201d\",\"isPartOf\":{\"@id\":\"https:\\\/\\\/accesolatino.org\\\/#website\"},\"primaryImageOfPage\":{\"@id\":\"https:\\\/\\\/accesolatino.org\\\/naleo-ofrece-informacion-actualizada-y-gratuita-a-los-dreamers\\\/#primaryimage\"},\"image\":{\"@id\":\"https:\\\/\\\/accesolatino.org\\\/naleo-ofrece-informacion-actualizada-y-gratuita-a-los-dreamers\\\/#primaryimage\"},\"thumbnailUrl\":\"https:\\\/\\\/accesolatino.org\\\/wp-content\\\/uploads\\\/2018\\\/11\\\/NALEO-ofrece-informacion-actualizada-y-gratuita-a-los-dreamers.jpg\",\"datePublished\":\"2018-11-26T18:19:54+00:00\",\"dateModified\":\"2025-10-17T21:58:39+00:00\",\"description\":\"NALEO\u00a0ofrece informaci\u00f3n actualizada y gratuita a los \u201cdreamers\u201d Uno de los principales apoyos que buscan los inmigrantes es en...\",\"breadcrumb\":{\"@id\":\"https:\\\/\\\/accesolatino.org\\\/naleo-ofrece-informacion-actualizada-y-gratuita-a-los-dreamers\\\/#breadcrumb\"},\"inLanguage\":\"en-US\",\"potentialAction\":[{\"@type\":\"ReadAction\",\"target\":[\"https:\\\/\\\/accesolatino.org\\\/naleo-ofrece-informacion-actualizada-y-gratuita-a-los-dreamers\\\/\"]}]},{\"@type\":\"ImageObject\",\"inLanguage\":\"en-US\",\"@id\":\"https:\\\/\\\/accesolatino.org\\\/naleo-ofrece-informacion-actualizada-y-gratuita-a-los-dreamers\\\/#primaryimage\",\"url\":\"https:\\\/\\\/accesolatino.org\\\/wp-content\\\/uploads\\\/2018\\\/11\\\/NALEO-ofrece-informacion-actualizada-y-gratuita-a-los-dreamers.jpg\",\"contentUrl\":\"https:\\\/\\\/accesolatino.org\\\/wp-content\\\/uploads\\\/2018\\\/11\\\/NALEO-ofrece-informacion-actualizada-y-gratuita-a-los-dreamers.jpg\",\"width\":600,\"height\":338,\"caption\":\"NALEO\"},{\"@type\":\"BreadcrumbList\",\"@id\":\"https:\\\/\\\/accesolatino.org\\\/naleo-ofrece-informacion-actualizada-y-gratuita-a-los-dreamers\\\/#breadcrumb\",\"itemListElement\":[{\"@type\":\"ListItem\",\"position\":1,\"name\":\"Portada\",\"item\":\"https:\\\/\\\/accesolatino.org\\\/\"},{\"@type\":\"ListItem\",\"position\":2,\"name\":\"NALEO ofrece informaci\u00f3n actualizada y gratuita a los \u201cdreamers\u201d\"}]},{\"@type\":\"WebSite\",\"@id\":\"https:\\\/\\\/accesolatino.org\\\/#website\",\"url\":\"https:\\\/\\\/accesolatino.org\\\/\",\"name\":\"Acceso Latino | Fundaci\u00f3n Carlos Slim\",\"description\":\"Fundaci\u00f3n Carlos Slim\",\"publisher\":{\"@id\":\"https:\\\/\\\/accesolatino.org\\\/#organization\"},\"potentialAction\":[{\"@type\":\"SearchAction\",\"target\":{\"@type\":\"EntryPoint\",\"urlTemplate\":\"https:\\\/\\\/accesolatino.org\\\/?s={search_term_string}\"},\"query-input\":{\"@type\":\"PropertyValueSpecification\",\"valueRequired\":true,\"valueName\":\"search_term_string\"}}],\"inLanguage\":\"en-US\"},{\"@type\":\"Organization\",\"@id\":\"https:\\\/\\\/accesolatino.org\\\/#organization\",\"name\":\"Acceso Latino | Fundaci\u00f3n Carlos Slim\",\"url\":\"https:\\\/\\\/accesolatino.org\\\/\",\"logo\":{\"@type\":\"ImageObject\",\"inLanguage\":\"en-US\",\"@id\":\"https:\\\/\\\/accesolatino.org\\\/#\\\/schema\\\/logo\\\/image\\\/\",\"url\":\"https:\\\/\\\/accesolatino.org\\\/wp-content\\\/uploads\\\/2021\\\/02\\\/logo-footer-acceso-latino.png\",\"contentUrl\":\"https:\\\/\\\/accesolatino.org\\\/wp-content\\\/uploads\\\/2021\\\/02\\\/logo-footer-acceso-latino.png\",\"width\":240,\"height\":40,\"caption\":\"Acceso Latino | Fundaci\u00f3n Carlos Slim\"},\"image\":{\"@id\":\"https:\\\/\\\/accesolatino.org\\\/#\\\/schema\\\/logo\\\/image\\\/\"},\"sameAs\":[\"https:\\\/\\\/www.facebook.com\\\/AccesoLatinoOrg\",\"https:\\\/\\\/x.com\\\/FAccLatino\"]}]}<\/script>\n<!-- \/ Yoast SEO plugin. -->","yoast_head_json":{"title":"NALEO offers free updated information to dreamers","description":"NALEO\u00a0ofrece informaci\u00f3n actualizada y gratuita a los \u201cdreamers\u201d Uno de los principales apoyos que buscan los inmigrantes es en...","robots":{"index":"index","follow":"follow","max-snippet":"max-snippet:-1","max-image-preview":"max-image-preview:large","max-video-preview":"max-video-preview:-1"},"canonical":"https:\/\/accesolatino.org\/en\/naleo-ofrece-informacion-actualizada-y-gratuita-a-los-dreamers\/","og_locale":"en_US","og_type":"article","og_title":"Acceso Latino | NALEO ofrece informaci\u00f3n actualizada y gratuita a los \u201cdreamers\u201d","og_description":"NALEO ofrece informaci\u00f3n actualizada y gratuita a los \u201cdreamers\u201d","og_url":"https:\/\/accesolatino.org\/en\/naleo-ofrece-informacion-actualizada-y-gratuita-a-los-dreamers\/","og_site_name":"Acceso Latino","article_publisher":"https:\/\/www.facebook.com\/AccesoLatinoOrg","article_modified_time":"2025-10-17T21:58:39+00:00","og_image":[{"width":600,"height":338,"url":"https:\/\/accesolatino.org\/wp-content\/uploads\/2018\/11\/NALEO-ofrece-informacion-actualizada-y-gratuita-a-los-dreamers.jpg","type":"image\/jpeg"}],"twitter_card":"summary_large_image","twitter_title":"Acceso Latino | NALEO ofrece informaci\u00f3n actualizada y gratuita a los \u201cdreamers\u201d","twitter_description":"NALEO ofrece informaci\u00f3n actualizada y gratuita a los \u201cdreamers\u201d","twitter_image":"https:\/\/accesolatino.org\/wp-content\/uploads\/2018\/11\/NALEO-ofrece-informacion-actualizada-y-gratuita-a-los-dreamers.jpg","twitter_site":"@FAccLatino","twitter_misc":{"Est. reading time":"1 minute"},"schema":{"@context":"https:\/\/schema.org","@graph":[{"@type":"WebPage","@id":"https:\/\/accesolatino.org\/naleo-ofrece-informacion-actualizada-y-gratuita-a-los-dreamers\/","url":"https:\/\/accesolatino.org\/naleo-ofrece-informacion-actualizada-y-gratuita-a-los-dreamers\/","name":"NALEO offers free updated information to dreamers","isPartOf":{"@id":"https:\/\/accesolatino.org\/#website"},"primaryImageOfPage":{"@id":"https:\/\/accesolatino.org\/naleo-ofrece-informacion-actualizada-y-gratuita-a-los-dreamers\/#primaryimage"},"image":{"@id":"https:\/\/accesolatino.org\/naleo-ofrece-informacion-actualizada-y-gratuita-a-los-dreamers\/#primaryimage"},"thumbnailUrl":"https:\/\/accesolatino.org\/wp-content\/uploads\/2018\/11\/NALEO-ofrece-informacion-actualizada-y-gratuita-a-los-dreamers.jpg","datePublished":"2018-11-26T18:19:54+00:00","dateModified":"2025-10-17T21:58:39+00:00","description":"NALEO\u00a0ofrece informaci\u00f3n actualizada y gratuita a los \u201cdreamers\u201d Uno de los principales apoyos que buscan los inmigrantes es en...","breadcrumb":{"@id":"https:\/\/accesolatino.org\/naleo-ofrece-informacion-actualizada-y-gratuita-a-los-dreamers\/#breadcrumb"},"inLanguage":"en-US","potentialAction":[{"@type":"ReadAction","target":["https:\/\/accesolatino.org\/naleo-ofrece-informacion-actualizada-y-gratuita-a-los-dreamers\/"]}]},{"@type":"ImageObject","inLanguage":"en-US","@id":"https:\/\/accesolatino.org\/naleo-ofrece-informacion-actualizada-y-gratuita-a-los-dreamers\/#primaryimage","url":"https:\/\/accesolatino.org\/wp-content\/uploads\/2018\/11\/NALEO-ofrece-informacion-actualizada-y-gratuita-a-los-dreamers.jpg","contentUrl":"https:\/\/accesolatino.org\/wp-content\/uploads\/2018\/11\/NALEO-ofrece-informacion-actualizada-y-gratuita-a-los-dreamers.jpg","width":600,"height":338,"caption":"NALEO"},{"@type":"BreadcrumbList","@id":"https:\/\/accesolatino.org\/naleo-ofrece-informacion-actualizada-y-gratuita-a-los-dreamers\/#breadcrumb","itemListElement":[{"@type":"ListItem","position":1,"name":"Portada","item":"https:\/\/accesolatino.org\/"},{"@type":"ListItem","position":2,"name":"NALEO ofrece informaci\u00f3n actualizada y gratuita a los \u201cdreamers\u201d"}]},{"@type":"WebSite","@id":"https:\/\/accesolatino.org\/#website","url":"https:\/\/accesolatino.org\/","name":"Acceso Latino | Fundaci\u00f3n Carlos Slim","description":"Fundaci\u00f3n Carlos Slim","publisher":{"@id":"https:\/\/accesolatino.org\/#organization"},"potentialAction":[{"@type":"SearchAction","target":{"@type":"EntryPoint","urlTemplate":"https:\/\/accesolatino.org\/?s={search_term_string}"},"query-input":{"@type":"PropertyValueSpecification","valueRequired":true,"valueName":"search_term_string"}}],"inLanguage":"en-US"},{"@type":"Organization","@id":"https:\/\/accesolatino.org\/#organization","name":"Acceso Latino | Fundaci\u00f3n Carlos Slim","url":"https:\/\/accesolatino.org\/","logo":{"@type":"ImageObject","inLanguage":"en-US","@id":"https:\/\/accesolatino.org\/#\/schema\/logo\/image\/","url":"https:\/\/accesolatino.org\/wp-content\/uploads\/2021\/02\/logo-footer-acceso-latino.png","contentUrl":"https:\/\/accesolatino.org\/wp-content\/uploads\/2021\/02\/logo-footer-acceso-latino.png","width":240,"height":40,"caption":"Acceso Latino | Fundaci\u00f3n Carlos Slim"},"image":{"@id":"https:\/\/accesolatino.org\/#\/schema\/logo\/image\/"},"sameAs":["https:\/\/www.facebook.com\/AccesoLatinoOrg","https:\/\/x.com\/FAccLatino"]}]}},"_links":{"self":[{"href":"https:\/\/accesolatino.org\/en\/wp-json\/wp\/v2\/pages\/15491","targetHints":{"allow":["GET"]}}],"collection":[{"href":"https:\/\/accesolatino.org\/en\/wp-json\/wp\/v2\/pages"}],"about":[{"href":"https:\/\/accesolatino.org\/en\/wp-json\/wp\/v2\/types\/page"}],"author":[{"embeddable":true,"href":"https:\/\/accesolatino.org\/en\/wp-json\/wp\/v2\/users\/8"}],"replies":[{"embeddable":true,"href":"https:\/\/accesolatino.org\/en\/wp-json\/wp\/v2\/comments?post=15491"}],"version-history":[{"count":1,"href":"https:\/\/accesolatino.org\/en\/wp-json\/wp\/v2\/pages\/15491\/revisions"}],"predecessor-version":[{"id":64238,"href":"https:\/\/accesolatino.org\/en\/wp-json\/wp\/v2\/pages\/15491\/revisions\/64238"}],"wp:featuredmedia":[{"embeddable":true,"href":"https:\/\/accesolatino.org\/en\/wp-json\/wp\/v2\/media\/15492"}],"wp:attachment":[{"href":"https:\/\/accesolatino.org\/en\/wp-json\/wp\/v2\/media?parent=15491"}],"curies":[{"name":"wp","href":"https:\/\/api.w.org\/{rel}","templated":true}]}}