{"id":15446,"date":"2018-11-21T10:24:59","date_gmt":"2018-11-21T16:24:59","guid":{"rendered":"https:\/\/accesolatino.org\/?page_id=15446"},"modified":"2025-10-17T17:12:27","modified_gmt":"2025-10-17T23:12:27","slug":"la-organizacion-aila-te-ofrece-ayuda-legal-especializada","status":"publish","type":"page","link":"https:\/\/accesolatino.org\/en\/la-organizacion-aila-te-ofrece-ayuda-legal-especializada\/","title":{"rendered":"The AILA organization offers you specialized legal assistance."},"content":{"rendered":"<div data-elementor-type=\"wp-post\" data-elementor-id=\"15446\" class=\"elementor elementor-15446\">\n\t\t\t\t\t\t<section class=\"elementor-section elementor-top-section elementor-element elementor-element-1fb7815 elementor-section-full_width elementor-section-height-min-height elementor-section-items-stretch elementor-section-height-default wpr-particle-no wpr-jarallax-no wpr-parallax-no wpr-sticky-section-no wpr-equal-height-no\" data-id=\"1fb7815\" data-element_type=\"section\" data-e-type=\"section\" data-settings=\"{&quot;background_background&quot;:&quot;classic&quot;}\">\n\t\t\t\t\t\t<div class=\"elementor-container elementor-column-gap-no\">\n\t\t\t\t\t<div class=\"elementor-column elementor-col-100 elementor-top-column elementor-element elementor-element-f12be2b\" data-id=\"f12be2b\" data-element_type=\"column\" data-e-type=\"column\">\n\t\t\t<div class=\"elementor-widget-wrap elementor-element-populated\">\n\t\t\t\t\t\t<div class=\"elementor-element elementor-element-c0a3e85 elementor--h-position-center elementor--v-position-middle elementor-widget elementor-widget-slides\" data-id=\"c0a3e85\" data-element_type=\"widget\" data-e-type=\"widget\" data-settings=\"{&quot;navigation&quot;:&quot;none&quot;,&quot;infinite&quot;:&quot;yes&quot;,&quot;transition&quot;:&quot;slide&quot;,&quot;transition_speed&quot;:500}\" data-widget_type=\"slides.default\">\n\t\t\t\t<div class=\"elementor-widget-container\">\n\t\t\t\t\t\t\t<div class=\"elementor-swiper\">\n\t\t\t<div class=\"elementor-slides-wrapper elementor-main-swiper swiper-container\" dir=\"ltr\" data-animation=\"\">\n\t\t\t\t<div class=\"swiper-wrapper elementor-slides\">\n\t\t\t\t\t\t\t\t\t\t<div class=\"elementor-repeater-item-d983a28 swiper-slide\"><div class=\"swiper-slide-bg\"><\/div><div class=\"swiper-slide-inner\" ><div class=\"swiper-slide-contents\"><div class=\"elementor-slide-heading\">Legal Guidance<\/div><\/div><\/div><\/div>\t\t\t\t<\/div>\n\t\t\t\t\t\t\t<\/div>\n\t\t<\/div>\n\t\t\t\t\t\t<\/div>\n\t\t\t\t<\/div>\n\t\t\t\t\t<\/div>\n\t\t<\/div>\n\t\t\t\t\t<\/div>\n\t\t<\/section>\n\t\t\t\t<section class=\"elementor-section elementor-top-section elementor-element elementor-element-46066d4 elementor-section-stretched elementor-section-boxed elementor-section-height-default elementor-section-height-default wpr-particle-no wpr-jarallax-no wpr-parallax-no wpr-sticky-section-no wpr-equal-height-no\" data-id=\"46066d4\" data-element_type=\"section\" data-e-type=\"section\" data-settings=\"{&quot;stretch_section&quot;:&quot;section-stretched&quot;,&quot;background_background&quot;:&quot;classic&quot;}\">\n\t\t\t\t\t\t<div class=\"elementor-container elementor-column-gap-default\">\n\t\t\t\t\t<div class=\"elementor-column elementor-col-100 elementor-top-column elementor-element elementor-element-1bec50d\" data-id=\"1bec50d\" data-element_type=\"column\" data-e-type=\"column\">\n\t\t\t<div class=\"elementor-widget-wrap elementor-element-populated\">\n\t\t\t\t\t\t<div class=\"elementor-element elementor-element-c60d533 elementor-widget elementor-widget-heading\" data-id=\"c60d533\" data-element_type=\"widget\" data-e-type=\"widget\" data-widget_type=\"heading.default\">\n\t\t\t\t<div class=\"elementor-widget-container\">\n\t\t\t\t\t<h3 class=\"elementor-heading-title elementor-size-default\">The AILA organization offers you specialized legal assistance.\n<\/h3>\t\t\t\t<\/div>\n\t\t\t\t<\/div>\n\t\t\t\t<div class=\"elementor-element elementor-element-abb3c0e elementor-widget elementor-widget-text-editor\" data-id=\"abb3c0e\" data-element_type=\"widget\" data-e-type=\"widget\" data-widget_type=\"text-editor.default\">\n\t\t\t\t<div class=\"elementor-widget-container\">\n\t\t\t\t\t\t\t\t\t<p>In <strong>Acceso Latino<\/strong> podr\u00e1s contactar a especialistas migratorios que te orientar\u00e1n en asuntos legales.<\/p><p>The <strong>Asociaci\u00f3n Americana de Abogados de Inmigraci\u00f3n (AILA)<\/strong> por sus siglas en ingl\u00e9s, es una asociaci\u00f3n de abogados expertos en materia migratoria.<\/p><p><strong>\u201cAILA \u201c<\/strong>es una de las tarjetas de ayuda que encontrar\u00e1s en <strong>accesolatino.org<\/strong> en la herramienta <a href=\"https:\/\/accesolatino.org\/en\/orientacion-legal\/\"><strong>\u201cOrientaci\u00f3n Legal\u201d<\/strong><\/a>. En la plataforma de la Asociaci\u00f3n Americana de Abogados de Inmigraci\u00f3n hay un formulario que podr\u00e1s llenar con los requisitos que se ajustan a tus necesidades en relaci\u00f3n a un abogado en materia migratoria.<\/p><p>Este formulario lo deber\u00e1s llenar de la siguiente manera:<\/p><ul><li>\u00bfQu\u00e9 tipo de abogado necesitas? Ya sea un especialista en DACA, asilo y protecci\u00f3n, laboral y otros.<\/li><li>El idioma que necesitas que hable tu abogado.<\/li><li>Tu c\u00f3digo postal.<\/li><\/ul><p>Conoce otras herramientas legales que tenemos para ti en <strong>Acceso Latino, your first immigration consultation window.<\/strong><\/p>\t\t\t\t\t\t\t\t<\/div>\n\t\t\t\t<\/div>\n\t\t\t\t<div class=\"elementor-element elementor-element-e4f23b1 elementor-widget elementor-widget-spacer\" data-id=\"e4f23b1\" data-element_type=\"widget\" data-e-type=\"widget\" data-widget_type=\"spacer.default\">\n\t\t\t\t<div class=\"elementor-widget-container\">\n\t\t\t\t\t\t\t<div class=\"elementor-spacer\">\n\t\t\t<div class=\"elementor-spacer-inner\"><\/div>\n\t\t<\/div>\n\t\t\t\t\t\t<\/div>\n\t\t\t\t<\/div>\n\t\t\t\t\t<\/div>\n\t\t<\/div>\n\t\t\t\t\t<\/div>\n\t\t<\/section>\n\t\t\t\t<\/div>","protected":false},"excerpt":{"rendered":"<p>Orientaci\u00f3n Legal La organizaci\u00f3n AILA te ofrece ayuda legal especializada En Acceso Latino podr\u00e1s contactar a especialistas migratorios que te orientar\u00e1n en asuntos legales. La Asociaci\u00f3n Americana de Abogados de Inmigraci\u00f3n (AILA) por sus siglas en ingl\u00e9s, es una asociaci\u00f3n de abogados expertos en materia migratoria. \u201cAILA \u201ces una de las tarjetas de ayuda que encontrar\u00e1s en accesolatino.org en la herramienta \u201cOrientaci\u00f3n Legal\u201d. En la plataforma de la Asociaci\u00f3n Americana de Abogados de Inmigraci\u00f3n hay un formulario que podr\u00e1s llenar con los requisitos que se ajustan a tus necesidades en relaci\u00f3n a un abogado en materia migratoria. Este formulario lo deber\u00e1s llenar de la siguiente manera: \u00bfQu\u00e9 tipo de abogado necesitas? Ya sea un especialista en DACA, asilo y protecci\u00f3n, laboral y otros. El idioma que necesitas que hable tu abogado. Tu c\u00f3digo postal. Conoce otras herramientas legales que tenemos para ti en Acceso Latino, tu primera ventana de consulta migratoria.<\/p>","protected":false},"author":8,"featured_media":15447,"parent":0,"menu_order":0,"comment_status":"closed","ping_status":"closed","template":"elementor_header_footer","meta":{"_uf_show_specific_survey":0,"_uf_disable_surveys":false,"footnotes":""},"class_list":["post-15446","page","type-page","status-publish","has-post-thumbnail"],"aioseo_notices":[],"yoast_head":"<!-- This site is optimized with the Yoast SEO plugin v27.4 - https:\/\/yoast.com\/product\/yoast-seo-wordpress\/ -->\n<title>La organizaci\u00f3n AILA te ofrece ayuda legal especializada<\/title>\n<meta name=\"description\" content=\"Orientaci\u00f3n Legal: La organizaci\u00f3n\u00a0AILA\u00a0te ofrece ayuda legal especializada En Acceso Latino podr\u00e1s contactar a especialistas migratorios...\" \/>\n<meta name=\"robots\" content=\"index, follow, max-snippet:-1, max-image-preview:large, max-video-preview:-1\" \/>\n<link rel=\"canonical\" href=\"https:\/\/accesolatino.org\/en\/la-organizacion-aila-te-ofrece-ayuda-legal-especializada\/\" \/>\n<meta property=\"og:locale\" content=\"en_US\" \/>\n<meta property=\"og:type\" content=\"article\" \/>\n<meta property=\"og:title\" content=\"Acceso Latino | La organizaci\u00f3n AILA te ofrece ayuda legal especializada\" \/>\n<meta property=\"og:description\" content=\"La organizaci\u00f3n AILA te ofrece ayuda legal especializada\" \/>\n<meta property=\"og:url\" content=\"https:\/\/accesolatino.org\/en\/la-organizacion-aila-te-ofrece-ayuda-legal-especializada\/\" \/>\n<meta property=\"og:site_name\" content=\"Acceso Latino\" \/>\n<meta property=\"article:publisher\" content=\"https:\/\/www.facebook.com\/AccesoLatinoOrg\" \/>\n<meta property=\"article:modified_time\" content=\"2025-10-17T23:12:27+00:00\" \/>\n<meta property=\"og:image\" content=\"https:\/\/accesolatino.org\/wp-content\/uploads\/2018\/11\/La-organizacion-AILA-te-ofrece-ayuda-legal-especializada.jpg\" \/>\n\t<meta property=\"og:image:width\" content=\"600\" \/>\n\t<meta property=\"og:image:height\" content=\"338\" \/>\n\t<meta property=\"og:image:type\" content=\"image\/jpeg\" \/>\n<meta name=\"twitter:card\" content=\"summary_large_image\" \/>\n<meta name=\"twitter:title\" content=\"Acceso Latino | La organizaci\u00f3n AILA te ofrece ayuda legal especializada\" \/>\n<meta name=\"twitter:description\" content=\"La organizaci\u00f3n AILA te ofrece ayuda legal especializada\" \/>\n<meta name=\"twitter:image\" content=\"https:\/\/accesolatino.org\/wp-content\/uploads\/2018\/11\/La-organizacion-AILA-te-ofrece-ayuda-legal-especializada.jpg\" \/>\n<meta name=\"twitter:site\" content=\"@FAccLatino\" \/>\n<meta name=\"twitter:label1\" content=\"Est. reading time\" \/>\n\t<meta name=\"twitter:data1\" content=\"1 minute\" \/>\n<script type=\"application\/ld+json\" class=\"yoast-schema-graph\">{\"@context\":\"https:\\\/\\\/schema.org\",\"@graph\":[{\"@type\":\"WebPage\",\"@id\":\"https:\\\/\\\/accesolatino.org\\\/la-organizacion-aila-te-ofrece-ayuda-legal-especializada\\\/\",\"url\":\"https:\\\/\\\/accesolatino.org\\\/la-organizacion-aila-te-ofrece-ayuda-legal-especializada\\\/\",\"name\":\"La organizaci\u00f3n AILA te ofrece ayuda legal especializada\",\"isPartOf\":{\"@id\":\"https:\\\/\\\/accesolatino.org\\\/#website\"},\"primaryImageOfPage\":{\"@id\":\"https:\\\/\\\/accesolatino.org\\\/la-organizacion-aila-te-ofrece-ayuda-legal-especializada\\\/#primaryimage\"},\"image\":{\"@id\":\"https:\\\/\\\/accesolatino.org\\\/la-organizacion-aila-te-ofrece-ayuda-legal-especializada\\\/#primaryimage\"},\"thumbnailUrl\":\"https:\\\/\\\/accesolatino.org\\\/wp-content\\\/uploads\\\/2018\\\/11\\\/La-organizacion-AILA-te-ofrece-ayuda-legal-especializada.jpg\",\"datePublished\":\"2018-11-21T16:24:59+00:00\",\"dateModified\":\"2025-10-17T23:12:27+00:00\",\"description\":\"Orientaci\u00f3n Legal: La organizaci\u00f3n\u00a0AILA\u00a0te ofrece ayuda legal especializada En Acceso Latino podr\u00e1s contactar a especialistas migratorios...\",\"breadcrumb\":{\"@id\":\"https:\\\/\\\/accesolatino.org\\\/la-organizacion-aila-te-ofrece-ayuda-legal-especializada\\\/#breadcrumb\"},\"inLanguage\":\"en-US\",\"potentialAction\":[{\"@type\":\"ReadAction\",\"target\":[\"https:\\\/\\\/accesolatino.org\\\/la-organizacion-aila-te-ofrece-ayuda-legal-especializada\\\/\"]}]},{\"@type\":\"ImageObject\",\"inLanguage\":\"en-US\",\"@id\":\"https:\\\/\\\/accesolatino.org\\\/la-organizacion-aila-te-ofrece-ayuda-legal-especializada\\\/#primaryimage\",\"url\":\"https:\\\/\\\/accesolatino.org\\\/wp-content\\\/uploads\\\/2018\\\/11\\\/La-organizacion-AILA-te-ofrece-ayuda-legal-especializada.jpg\",\"contentUrl\":\"https:\\\/\\\/accesolatino.org\\\/wp-content\\\/uploads\\\/2018\\\/11\\\/La-organizacion-AILA-te-ofrece-ayuda-legal-especializada.jpg\",\"width\":600,\"height\":338,\"caption\":\"AILA\"},{\"@type\":\"BreadcrumbList\",\"@id\":\"https:\\\/\\\/accesolatino.org\\\/la-organizacion-aila-te-ofrece-ayuda-legal-especializada\\\/#breadcrumb\",\"itemListElement\":[{\"@type\":\"ListItem\",\"position\":1,\"name\":\"Portada\",\"item\":\"https:\\\/\\\/accesolatino.org\\\/\"},{\"@type\":\"ListItem\",\"position\":2,\"name\":\"La organizaci\u00f3n AILA te ofrece ayuda legal especializada\"}]},{\"@type\":\"WebSite\",\"@id\":\"https:\\\/\\\/accesolatino.org\\\/#website\",\"url\":\"https:\\\/\\\/accesolatino.org\\\/\",\"name\":\"Acceso Latino | Fundaci\u00f3n Carlos Slim\",\"description\":\"Fundaci\u00f3n Carlos Slim\",\"publisher\":{\"@id\":\"https:\\\/\\\/accesolatino.org\\\/#organization\"},\"potentialAction\":[{\"@type\":\"SearchAction\",\"target\":{\"@type\":\"EntryPoint\",\"urlTemplate\":\"https:\\\/\\\/accesolatino.org\\\/?s={search_term_string}\"},\"query-input\":{\"@type\":\"PropertyValueSpecification\",\"valueRequired\":true,\"valueName\":\"search_term_string\"}}],\"inLanguage\":\"en-US\"},{\"@type\":\"Organization\",\"@id\":\"https:\\\/\\\/accesolatino.org\\\/#organization\",\"name\":\"Acceso Latino | Fundaci\u00f3n Carlos Slim\",\"url\":\"https:\\\/\\\/accesolatino.org\\\/\",\"logo\":{\"@type\":\"ImageObject\",\"inLanguage\":\"en-US\",\"@id\":\"https:\\\/\\\/accesolatino.org\\\/#\\\/schema\\\/logo\\\/image\\\/\",\"url\":\"https:\\\/\\\/accesolatino.org\\\/wp-content\\\/uploads\\\/2021\\\/02\\\/logo-footer-acceso-latino.png\",\"contentUrl\":\"https:\\\/\\\/accesolatino.org\\\/wp-content\\\/uploads\\\/2021\\\/02\\\/logo-footer-acceso-latino.png\",\"width\":240,\"height\":40,\"caption\":\"Acceso Latino | Fundaci\u00f3n Carlos Slim\"},\"image\":{\"@id\":\"https:\\\/\\\/accesolatino.org\\\/#\\\/schema\\\/logo\\\/image\\\/\"},\"sameAs\":[\"https:\\\/\\\/www.facebook.com\\\/AccesoLatinoOrg\",\"https:\\\/\\\/x.com\\\/FAccLatino\"]}]}<\/script>\n<!-- \/ Yoast SEO plugin. -->","yoast_head_json":{"title":"The AILA organization offers you specialized legal assistance.","description":"Orientaci\u00f3n Legal: La organizaci\u00f3n\u00a0AILA\u00a0te ofrece ayuda legal especializada En Acceso Latino podr\u00e1s contactar a especialistas migratorios...","robots":{"index":"index","follow":"follow","max-snippet":"max-snippet:-1","max-image-preview":"max-image-preview:large","max-video-preview":"max-video-preview:-1"},"canonical":"https:\/\/accesolatino.org\/en\/la-organizacion-aila-te-ofrece-ayuda-legal-especializada\/","og_locale":"en_US","og_type":"article","og_title":"Acceso Latino | La organizaci\u00f3n AILA te ofrece ayuda legal especializada","og_description":"La organizaci\u00f3n AILA te ofrece ayuda legal especializada","og_url":"https:\/\/accesolatino.org\/en\/la-organizacion-aila-te-ofrece-ayuda-legal-especializada\/","og_site_name":"Acceso Latino","article_publisher":"https:\/\/www.facebook.com\/AccesoLatinoOrg","article_modified_time":"2025-10-17T23:12:27+00:00","og_image":[{"width":600,"height":338,"url":"https:\/\/accesolatino.org\/wp-content\/uploads\/2018\/11\/La-organizacion-AILA-te-ofrece-ayuda-legal-especializada.jpg","type":"image\/jpeg"}],"twitter_card":"summary_large_image","twitter_title":"Acceso Latino | La organizaci\u00f3n AILA te ofrece ayuda legal especializada","twitter_description":"La organizaci\u00f3n AILA te ofrece ayuda legal especializada","twitter_image":"https:\/\/accesolatino.org\/wp-content\/uploads\/2018\/11\/La-organizacion-AILA-te-ofrece-ayuda-legal-especializada.jpg","twitter_site":"@FAccLatino","twitter_misc":{"Est. reading time":"1 minute"},"schema":{"@context":"https:\/\/schema.org","@graph":[{"@type":"WebPage","@id":"https:\/\/accesolatino.org\/la-organizacion-aila-te-ofrece-ayuda-legal-especializada\/","url":"https:\/\/accesolatino.org\/la-organizacion-aila-te-ofrece-ayuda-legal-especializada\/","name":"The AILA organization offers you specialized legal assistance.","isPartOf":{"@id":"https:\/\/accesolatino.org\/#website"},"primaryImageOfPage":{"@id":"https:\/\/accesolatino.org\/la-organizacion-aila-te-ofrece-ayuda-legal-especializada\/#primaryimage"},"image":{"@id":"https:\/\/accesolatino.org\/la-organizacion-aila-te-ofrece-ayuda-legal-especializada\/#primaryimage"},"thumbnailUrl":"https:\/\/accesolatino.org\/wp-content\/uploads\/2018\/11\/La-organizacion-AILA-te-ofrece-ayuda-legal-especializada.jpg","datePublished":"2018-11-21T16:24:59+00:00","dateModified":"2025-10-17T23:12:27+00:00","description":"Orientaci\u00f3n Legal: La organizaci\u00f3n\u00a0AILA\u00a0te ofrece ayuda legal especializada En Acceso Latino podr\u00e1s contactar a especialistas migratorios...","breadcrumb":{"@id":"https:\/\/accesolatino.org\/la-organizacion-aila-te-ofrece-ayuda-legal-especializada\/#breadcrumb"},"inLanguage":"en-US","potentialAction":[{"@type":"ReadAction","target":["https:\/\/accesolatino.org\/la-organizacion-aila-te-ofrece-ayuda-legal-especializada\/"]}]},{"@type":"ImageObject","inLanguage":"en-US","@id":"https:\/\/accesolatino.org\/la-organizacion-aila-te-ofrece-ayuda-legal-especializada\/#primaryimage","url":"https:\/\/accesolatino.org\/wp-content\/uploads\/2018\/11\/La-organizacion-AILA-te-ofrece-ayuda-legal-especializada.jpg","contentUrl":"https:\/\/accesolatino.org\/wp-content\/uploads\/2018\/11\/La-organizacion-AILA-te-ofrece-ayuda-legal-especializada.jpg","width":600,"height":338,"caption":"AILA"},{"@type":"BreadcrumbList","@id":"https:\/\/accesolatino.org\/la-organizacion-aila-te-ofrece-ayuda-legal-especializada\/#breadcrumb","itemListElement":[{"@type":"ListItem","position":1,"name":"Portada","item":"https:\/\/accesolatino.org\/"},{"@type":"ListItem","position":2,"name":"La organizaci\u00f3n AILA te ofrece ayuda legal especializada"}]},{"@type":"WebSite","@id":"https:\/\/accesolatino.org\/#website","url":"https:\/\/accesolatino.org\/","name":"Acceso Latino | Fundaci\u00f3n Carlos Slim","description":"Fundaci\u00f3n Carlos Slim","publisher":{"@id":"https:\/\/accesolatino.org\/#organization"},"potentialAction":[{"@type":"SearchAction","target":{"@type":"EntryPoint","urlTemplate":"https:\/\/accesolatino.org\/?s={search_term_string}"},"query-input":{"@type":"PropertyValueSpecification","valueRequired":true,"valueName":"search_term_string"}}],"inLanguage":"en-US"},{"@type":"Organization","@id":"https:\/\/accesolatino.org\/#organization","name":"Acceso Latino | Fundaci\u00f3n Carlos Slim","url":"https:\/\/accesolatino.org\/","logo":{"@type":"ImageObject","inLanguage":"en-US","@id":"https:\/\/accesolatino.org\/#\/schema\/logo\/image\/","url":"https:\/\/accesolatino.org\/wp-content\/uploads\/2021\/02\/logo-footer-acceso-latino.png","contentUrl":"https:\/\/accesolatino.org\/wp-content\/uploads\/2021\/02\/logo-footer-acceso-latino.png","width":240,"height":40,"caption":"Acceso Latino | Fundaci\u00f3n Carlos Slim"},"image":{"@id":"https:\/\/accesolatino.org\/#\/schema\/logo\/image\/"},"sameAs":["https:\/\/www.facebook.com\/AccesoLatinoOrg","https:\/\/x.com\/FAccLatino"]}]}},"_links":{"self":[{"href":"https:\/\/accesolatino.org\/en\/wp-json\/wp\/v2\/pages\/15446","targetHints":{"allow":["GET"]}}],"collection":[{"href":"https:\/\/accesolatino.org\/en\/wp-json\/wp\/v2\/pages"}],"about":[{"href":"https:\/\/accesolatino.org\/en\/wp-json\/wp\/v2\/types\/page"}],"author":[{"embeddable":true,"href":"https:\/\/accesolatino.org\/en\/wp-json\/wp\/v2\/users\/8"}],"replies":[{"embeddable":true,"href":"https:\/\/accesolatino.org\/en\/wp-json\/wp\/v2\/comments?post=15446"}],"version-history":[{"count":1,"href":"https:\/\/accesolatino.org\/en\/wp-json\/wp\/v2\/pages\/15446\/revisions"}],"predecessor-version":[{"id":64246,"href":"https:\/\/accesolatino.org\/en\/wp-json\/wp\/v2\/pages\/15446\/revisions\/64246"}],"wp:featuredmedia":[{"embeddable":true,"href":"https:\/\/accesolatino.org\/en\/wp-json\/wp\/v2\/media\/15447"}],"wp:attachment":[{"href":"https:\/\/accesolatino.org\/en\/wp-json\/wp\/v2\/media?parent=15446"}],"curies":[{"name":"wp","href":"https:\/\/api.w.org\/{rel}","templated":true}]}}