{"id":15424,"date":"2018-11-16T11:05:16","date_gmt":"2018-11-16T17:05:16","guid":{"rendered":"https:\/\/accesolatino.org\/?page_id=15424"},"modified":"2025-10-17T17:59:38","modified_gmt":"2025-10-17T23:59:38","slug":"si-estas-en-mexico-recibe-gratis-ayuda-legal-en-sin-fronteras","status":"publish","type":"page","link":"https:\/\/accesolatino.org\/en\/si-estas-en-mexico-recibe-gratis-ayuda-legal-en-sin-fronteras\/","title":{"rendered":"If you are in Mexico, get free legal help at \"Sin Fronteras\"."},"content":{"rendered":"<div data-elementor-type=\"wp-post\" data-elementor-id=\"15424\" class=\"elementor elementor-15424\">\n\t\t\t\t\t\t<section class=\"elementor-section elementor-top-section elementor-element elementor-element-277c779 elementor-section-full_width elementor-section-height-min-height elementor-section-items-stretch elementor-section-height-default wpr-particle-no wpr-jarallax-no wpr-parallax-no wpr-sticky-section-no wpr-equal-height-no\" data-id=\"277c779\" data-element_type=\"section\" data-e-type=\"section\" data-settings=\"{&quot;background_background&quot;:&quot;classic&quot;}\">\n\t\t\t\t\t\t<div class=\"elementor-container elementor-column-gap-no\">\n\t\t\t\t\t<div class=\"elementor-column elementor-col-100 elementor-top-column elementor-element elementor-element-379fa4e\" data-id=\"379fa4e\" data-element_type=\"column\" data-e-type=\"column\">\n\t\t\t<div class=\"elementor-widget-wrap elementor-element-populated\">\n\t\t\t\t\t\t<div class=\"elementor-element elementor-element-4cdd74b elementor--h-position-center elementor--v-position-middle elementor-widget elementor-widget-slides\" data-id=\"4cdd74b\" data-element_type=\"widget\" data-e-type=\"widget\" data-settings=\"{&quot;navigation&quot;:&quot;none&quot;,&quot;infinite&quot;:&quot;yes&quot;,&quot;transition&quot;:&quot;slide&quot;,&quot;transition_speed&quot;:500}\" data-widget_type=\"slides.default\">\n\t\t\t\t<div class=\"elementor-widget-container\">\n\t\t\t\t\t\t\t<div class=\"elementor-swiper\">\n\t\t\t<div class=\"elementor-slides-wrapper elementor-main-swiper swiper-container\" dir=\"ltr\" data-animation=\"\">\n\t\t\t\t<div class=\"swiper-wrapper elementor-slides\">\n\t\t\t\t\t\t\t\t\t\t<div class=\"elementor-repeater-item-d983a28 swiper-slide\"><div class=\"swiper-slide-bg\"><\/div><div class=\"swiper-slide-inner\" ><div class=\"swiper-slide-contents\"><div class=\"elementor-slide-heading\">Legal Guidance<\/div><\/div><\/div><\/div>\t\t\t\t<\/div>\n\t\t\t\t\t\t\t<\/div>\n\t\t<\/div>\n\t\t\t\t\t\t<\/div>\n\t\t\t\t<\/div>\n\t\t\t\t\t<\/div>\n\t\t<\/div>\n\t\t\t\t\t<\/div>\n\t\t<\/section>\n\t\t\t\t<section class=\"elementor-section elementor-top-section elementor-element elementor-element-efb19e8 elementor-section-stretched elementor-section-boxed elementor-section-height-default elementor-section-height-default wpr-particle-no wpr-jarallax-no wpr-parallax-no wpr-sticky-section-no wpr-equal-height-no\" data-id=\"efb19e8\" data-element_type=\"section\" data-e-type=\"section\" data-settings=\"{&quot;stretch_section&quot;:&quot;section-stretched&quot;,&quot;background_background&quot;:&quot;classic&quot;}\">\n\t\t\t\t\t\t<div class=\"elementor-container elementor-column-gap-default\">\n\t\t\t\t\t<div class=\"elementor-column elementor-col-100 elementor-top-column elementor-element elementor-element-bc6d8cf\" data-id=\"bc6d8cf\" data-element_type=\"column\" data-e-type=\"column\">\n\t\t\t<div class=\"elementor-widget-wrap elementor-element-populated\">\n\t\t\t\t\t\t<div class=\"elementor-element elementor-element-3f8998d elementor-widget elementor-widget-heading\" data-id=\"3f8998d\" data-element_type=\"widget\" data-e-type=\"widget\" data-widget_type=\"heading.default\">\n\t\t\t\t<div class=\"elementor-widget-container\">\n\t\t\t\t\t<h3 class=\"elementor-heading-title elementor-size-default\">If you are in Mexico, get free legal help at \"Sin Fronteras\".<\/h3>\t\t\t\t<\/div>\n\t\t\t\t<\/div>\n\t\t\t\t<div class=\"elementor-element elementor-element-7811aff elementor-widget elementor-widget-text-editor\" data-id=\"7811aff\" data-element_type=\"widget\" data-e-type=\"widget\" data-widget_type=\"text-editor.default\">\n\t\t\t\t<div class=\"elementor-widget-container\">\n\t\t\t\t\t\t\t\t\t<p>Hermano migrante, en <strong>accesolatino.org<\/strong> dejamos a tu alcance toda la informaci\u00f3n posible y de utilidad que existe para ustedes en Estados Unidos y M\u00e9xico. En esta ocasi\u00f3n, encontrar\u00e1s nuestra herramienta <strong>\u201cSin Fronteras\u201d<\/strong> en la secci\u00f3n <a href=\"https:\/\/accesolatino.org\/en\/orientacion-legal\/\"><strong>\u201cOrientaci\u00f3n Legal\u201d<\/strong><\/a>.<\/p><p>Sin Fronteras es una organizaci\u00f3n que apoya al migrante y que cuenta con una Red de Abogados para apoyar casos espec\u00edficos. Adem\u00e1s, brinda talleres de orientaci\u00f3n legal y otro tipo de apoyos a este sector vulnerable en M\u00e9xico.<\/p><p>Conoce otras herramientas legales que tenemos para ti en <strong>Acceso Latino<\/strong> tu primera ventana de consulta migratoria. Ingresa a la secci\u00f3n <a href=\"https:\/\/accesolatino.org\/en\/orientacion-legal\/\"><strong>\u201cOrientaci\u00f3n legal\u201d<\/strong><\/a>.<\/p>\t\t\t\t\t\t\t\t<\/div>\n\t\t\t\t<\/div>\n\t\t\t\t<div class=\"elementor-element elementor-element-ce07c71 elementor-widget elementor-widget-spacer\" data-id=\"ce07c71\" data-element_type=\"widget\" data-e-type=\"widget\" data-widget_type=\"spacer.default\">\n\t\t\t\t<div class=\"elementor-widget-container\">\n\t\t\t\t\t\t\t<div class=\"elementor-spacer\">\n\t\t\t<div class=\"elementor-spacer-inner\"><\/div>\n\t\t<\/div>\n\t\t\t\t\t\t<\/div>\n\t\t\t\t<\/div>\n\t\t\t\t\t<\/div>\n\t\t<\/div>\n\t\t\t\t\t<\/div>\n\t\t<\/section>\n\t\t\t\t<\/div>","protected":false},"excerpt":{"rendered":"<p>Orientaci\u00f3n Legal Si est\u00e1s en M\u00e9xico, recibe gratis ayuda legal en \u201cSin Fronteras\u201d Hermano migrante, en accesolatino.org dejamos a tu alcance toda la informaci\u00f3n posible y de utilidad que existe para ustedes en Estados Unidos y M\u00e9xico. En esta ocasi\u00f3n, encontrar\u00e1s nuestra herramienta \u201cSin Fronteras\u201d en la secci\u00f3n \u201cOrientaci\u00f3n Legal\u201d. Sin Fronteras es una organizaci\u00f3n que apoya al migrante y que cuenta con una Red de Abogados para apoyar casos espec\u00edficos. Adem\u00e1s, brinda talleres de orientaci\u00f3n legal y otro tipo de apoyos a este sector vulnerable en M\u00e9xico. Conoce otras herramientas legales que tenemos para ti en Acceso Latino tu primera ventana de consulta migratoria. Ingresa a la secci\u00f3n \u201cOrientaci\u00f3n legal\u201d.<\/p>","protected":false},"author":8,"featured_media":15425,"parent":0,"menu_order":0,"comment_status":"closed","ping_status":"closed","template":"elementor_header_footer","meta":{"_uf_show_specific_survey":0,"_uf_disable_surveys":false,"footnotes":""},"class_list":["post-15424","page","type-page","status-publish","has-post-thumbnail"],"aioseo_notices":[],"yoast_head":"<!-- This site is optimized with the Yoast SEO plugin v27.4 - https:\/\/yoast.com\/product\/yoast-seo-wordpress\/ -->\n<title>Si est\u00e1s en M\u00e9xico, recibe gratis ayuda legal en \u201cSin Fronteras\u201d<\/title>\n<meta name=\"description\" content=\"Si est\u00e1s en M\u00e9xico, recibe gratis ayuda legal en \u201cSin Fronteras\u201d Hermano migrante, en accesolatino.org dejamos a tu alcance toda la...\" \/>\n<meta name=\"robots\" content=\"index, follow, max-snippet:-1, max-image-preview:large, max-video-preview:-1\" \/>\n<link rel=\"canonical\" href=\"https:\/\/accesolatino.org\/en\/si-estas-en-mexico-recibe-gratis-ayuda-legal-en-sin-fronteras\/\" \/>\n<meta property=\"og:locale\" content=\"en_US\" \/>\n<meta property=\"og:type\" content=\"article\" \/>\n<meta property=\"og:title\" content=\"Acceso Latino | Si est\u00e1s en M\u00e9xico, recibe gratis ayuda legal en \u201cSin Fronteras\u201d\" \/>\n<meta property=\"og:description\" content=\"Conoce las Instituciones que te pueden ser de ayuda en otros pa\u00edses.\" \/>\n<meta property=\"og:url\" content=\"https:\/\/accesolatino.org\/en\/si-estas-en-mexico-recibe-gratis-ayuda-legal-en-sin-fronteras\/\" \/>\n<meta property=\"og:site_name\" content=\"Acceso Latino\" \/>\n<meta property=\"article:publisher\" content=\"https:\/\/www.facebook.com\/AccesoLatinoOrg\" \/>\n<meta property=\"article:modified_time\" content=\"2025-10-17T23:59:38+00:00\" \/>\n<meta property=\"og:image\" content=\"https:\/\/accesolatino.org\/wp-content\/uploads\/2018\/11\/Si-estas-en-Mexico-recibe-gratis-ayuda-legal-en-Sin-Fronteras.jpg\" \/>\n\t<meta property=\"og:image:width\" content=\"600\" \/>\n\t<meta property=\"og:image:height\" content=\"338\" \/>\n\t<meta property=\"og:image:type\" content=\"image\/jpeg\" \/>\n<meta name=\"twitter:card\" content=\"summary_large_image\" \/>\n<meta name=\"twitter:title\" content=\"Acceso Latino | Si est\u00e1s en M\u00e9xico, recibe gratis ayuda legal en \u201cSin Fronteras\u201d\" \/>\n<meta name=\"twitter:description\" content=\"Conoce las Instituciones que te pueden ser de ayuda en otros pa\u00edses.\" \/>\n<meta name=\"twitter:image\" content=\"https:\/\/accesolatino.org\/wp-content\/uploads\/2018\/11\/Si-estas-en-Mexico-recibe-gratis-ayuda-legal-en-Sin-Fronteras.jpg\" \/>\n<meta name=\"twitter:site\" content=\"@FAccLatino\" \/>\n<meta name=\"twitter:label1\" content=\"Est. reading time\" \/>\n\t<meta name=\"twitter:data1\" content=\"1 minute\" \/>\n<script type=\"application\/ld+json\" class=\"yoast-schema-graph\">{\"@context\":\"https:\\\/\\\/schema.org\",\"@graph\":[{\"@type\":\"WebPage\",\"@id\":\"https:\\\/\\\/accesolatino.org\\\/en\\\/si-estas-en-mexico-recibe-gratis-ayuda-legal-en-sin-fronteras\\\/\",\"url\":\"https:\\\/\\\/accesolatino.org\\\/en\\\/si-estas-en-mexico-recibe-gratis-ayuda-legal-en-sin-fronteras\\\/\",\"name\":\"Si est\u00e1s en M\u00e9xico, recibe gratis ayuda legal en \u201cSin Fronteras\u201d\",\"isPartOf\":{\"@id\":\"https:\\\/\\\/accesolatino.org\\\/#website\"},\"primaryImageOfPage\":{\"@id\":\"https:\\\/\\\/accesolatino.org\\\/en\\\/si-estas-en-mexico-recibe-gratis-ayuda-legal-en-sin-fronteras\\\/#primaryimage\"},\"image\":{\"@id\":\"https:\\\/\\\/accesolatino.org\\\/en\\\/si-estas-en-mexico-recibe-gratis-ayuda-legal-en-sin-fronteras\\\/#primaryimage\"},\"thumbnailUrl\":\"https:\\\/\\\/accesolatino.org\\\/wp-content\\\/uploads\\\/2018\\\/11\\\/Si-estas-en-Mexico-recibe-gratis-ayuda-legal-en-Sin-Fronteras.jpg\",\"datePublished\":\"2018-11-16T17:05:16+00:00\",\"dateModified\":\"2025-10-17T23:59:38+00:00\",\"description\":\"Si est\u00e1s en M\u00e9xico, recibe gratis ayuda legal en \u201cSin Fronteras\u201d Hermano migrante, en accesolatino.org dejamos a tu alcance toda la...\",\"breadcrumb\":{\"@id\":\"https:\\\/\\\/accesolatino.org\\\/en\\\/si-estas-en-mexico-recibe-gratis-ayuda-legal-en-sin-fronteras\\\/#breadcrumb\"},\"inLanguage\":\"en-US\",\"potentialAction\":[{\"@type\":\"ReadAction\",\"target\":[\"https:\\\/\\\/accesolatino.org\\\/en\\\/si-estas-en-mexico-recibe-gratis-ayuda-legal-en-sin-fronteras\\\/\"]}]},{\"@type\":\"ImageObject\",\"inLanguage\":\"en-US\",\"@id\":\"https:\\\/\\\/accesolatino.org\\\/en\\\/si-estas-en-mexico-recibe-gratis-ayuda-legal-en-sin-fronteras\\\/#primaryimage\",\"url\":\"https:\\\/\\\/accesolatino.org\\\/wp-content\\\/uploads\\\/2018\\\/11\\\/Si-estas-en-Mexico-recibe-gratis-ayuda-legal-en-Sin-Fronteras.jpg\",\"contentUrl\":\"https:\\\/\\\/accesolatino.org\\\/wp-content\\\/uploads\\\/2018\\\/11\\\/Si-estas-en-Mexico-recibe-gratis-ayuda-legal-en-Sin-Fronteras.jpg\",\"width\":600,\"height\":338,\"caption\":\"sin fronteras\"},{\"@type\":\"BreadcrumbList\",\"@id\":\"https:\\\/\\\/accesolatino.org\\\/en\\\/si-estas-en-mexico-recibe-gratis-ayuda-legal-en-sin-fronteras\\\/#breadcrumb\",\"itemListElement\":[{\"@type\":\"ListItem\",\"position\":1,\"name\":\"Portada\",\"item\":\"https:\\\/\\\/accesolatino.org\\\/\"},{\"@type\":\"ListItem\",\"position\":2,\"name\":\"Si est\u00e1s en M\u00e9xico, recibe gratis ayuda legal en \u201cSin Fronteras\u201d\"}]},{\"@type\":\"WebSite\",\"@id\":\"https:\\\/\\\/accesolatino.org\\\/#website\",\"url\":\"https:\\\/\\\/accesolatino.org\\\/\",\"name\":\"Acceso Latino | Fundaci\u00f3n Carlos Slim\",\"description\":\"Fundaci\u00f3n Carlos Slim\",\"publisher\":{\"@id\":\"https:\\\/\\\/accesolatino.org\\\/#organization\"},\"potentialAction\":[{\"@type\":\"SearchAction\",\"target\":{\"@type\":\"EntryPoint\",\"urlTemplate\":\"https:\\\/\\\/accesolatino.org\\\/?s={search_term_string}\"},\"query-input\":{\"@type\":\"PropertyValueSpecification\",\"valueRequired\":true,\"valueName\":\"search_term_string\"}}],\"inLanguage\":\"en-US\"},{\"@type\":\"Organization\",\"@id\":\"https:\\\/\\\/accesolatino.org\\\/#organization\",\"name\":\"Acceso Latino | Fundaci\u00f3n Carlos Slim\",\"url\":\"https:\\\/\\\/accesolatino.org\\\/\",\"logo\":{\"@type\":\"ImageObject\",\"inLanguage\":\"en-US\",\"@id\":\"https:\\\/\\\/accesolatino.org\\\/#\\\/schema\\\/logo\\\/image\\\/\",\"url\":\"https:\\\/\\\/accesolatino.org\\\/wp-content\\\/uploads\\\/2021\\\/02\\\/logo-footer-acceso-latino.png\",\"contentUrl\":\"https:\\\/\\\/accesolatino.org\\\/wp-content\\\/uploads\\\/2021\\\/02\\\/logo-footer-acceso-latino.png\",\"width\":240,\"height\":40,\"caption\":\"Acceso Latino | Fundaci\u00f3n Carlos Slim\"},\"image\":{\"@id\":\"https:\\\/\\\/accesolatino.org\\\/#\\\/schema\\\/logo\\\/image\\\/\"},\"sameAs\":[\"https:\\\/\\\/www.facebook.com\\\/AccesoLatinoOrg\",\"https:\\\/\\\/x.com\\\/FAccLatino\"]}]}<\/script>\n<!-- \/ Yoast SEO plugin. -->","yoast_head_json":{"title":"If you are in Mexico, get free legal help at \"Sin Fronteras\".","description":"Si est\u00e1s en M\u00e9xico, recibe gratis ayuda legal en \u201cSin Fronteras\u201d Hermano migrante, en accesolatino.org dejamos a tu alcance toda la...","robots":{"index":"index","follow":"follow","max-snippet":"max-snippet:-1","max-image-preview":"max-image-preview:large","max-video-preview":"max-video-preview:-1"},"canonical":"https:\/\/accesolatino.org\/en\/si-estas-en-mexico-recibe-gratis-ayuda-legal-en-sin-fronteras\/","og_locale":"en_US","og_type":"article","og_title":"Acceso Latino | Si est\u00e1s en M\u00e9xico, recibe gratis ayuda legal en \u201cSin Fronteras\u201d","og_description":"Conoce las Instituciones que te pueden ser de ayuda en otros pa\u00edses.","og_url":"https:\/\/accesolatino.org\/en\/si-estas-en-mexico-recibe-gratis-ayuda-legal-en-sin-fronteras\/","og_site_name":"Acceso Latino","article_publisher":"https:\/\/www.facebook.com\/AccesoLatinoOrg","article_modified_time":"2025-10-17T23:59:38+00:00","og_image":[{"width":600,"height":338,"url":"https:\/\/accesolatino.org\/wp-content\/uploads\/2018\/11\/Si-estas-en-Mexico-recibe-gratis-ayuda-legal-en-Sin-Fronteras.jpg","type":"image\/jpeg"}],"twitter_card":"summary_large_image","twitter_title":"Acceso Latino | Si est\u00e1s en M\u00e9xico, recibe gratis ayuda legal en \u201cSin Fronteras\u201d","twitter_description":"Conoce las Instituciones que te pueden ser de ayuda en otros pa\u00edses.","twitter_image":"https:\/\/accesolatino.org\/wp-content\/uploads\/2018\/11\/Si-estas-en-Mexico-recibe-gratis-ayuda-legal-en-Sin-Fronteras.jpg","twitter_site":"@FAccLatino","twitter_misc":{"Est. reading time":"1 minute"},"schema":{"@context":"https:\/\/schema.org","@graph":[{"@type":"WebPage","@id":"https:\/\/accesolatino.org\/en\/si-estas-en-mexico-recibe-gratis-ayuda-legal-en-sin-fronteras\/","url":"https:\/\/accesolatino.org\/en\/si-estas-en-mexico-recibe-gratis-ayuda-legal-en-sin-fronteras\/","name":"If you are in Mexico, get free legal help at \"Sin Fronteras\".","isPartOf":{"@id":"https:\/\/accesolatino.org\/#website"},"primaryImageOfPage":{"@id":"https:\/\/accesolatino.org\/en\/si-estas-en-mexico-recibe-gratis-ayuda-legal-en-sin-fronteras\/#primaryimage"},"image":{"@id":"https:\/\/accesolatino.org\/en\/si-estas-en-mexico-recibe-gratis-ayuda-legal-en-sin-fronteras\/#primaryimage"},"thumbnailUrl":"https:\/\/accesolatino.org\/wp-content\/uploads\/2018\/11\/Si-estas-en-Mexico-recibe-gratis-ayuda-legal-en-Sin-Fronteras.jpg","datePublished":"2018-11-16T17:05:16+00:00","dateModified":"2025-10-17T23:59:38+00:00","description":"Si est\u00e1s en M\u00e9xico, recibe gratis ayuda legal en \u201cSin Fronteras\u201d Hermano migrante, en accesolatino.org dejamos a tu alcance toda la...","breadcrumb":{"@id":"https:\/\/accesolatino.org\/en\/si-estas-en-mexico-recibe-gratis-ayuda-legal-en-sin-fronteras\/#breadcrumb"},"inLanguage":"en-US","potentialAction":[{"@type":"ReadAction","target":["https:\/\/accesolatino.org\/en\/si-estas-en-mexico-recibe-gratis-ayuda-legal-en-sin-fronteras\/"]}]},{"@type":"ImageObject","inLanguage":"en-US","@id":"https:\/\/accesolatino.org\/en\/si-estas-en-mexico-recibe-gratis-ayuda-legal-en-sin-fronteras\/#primaryimage","url":"https:\/\/accesolatino.org\/wp-content\/uploads\/2018\/11\/Si-estas-en-Mexico-recibe-gratis-ayuda-legal-en-Sin-Fronteras.jpg","contentUrl":"https:\/\/accesolatino.org\/wp-content\/uploads\/2018\/11\/Si-estas-en-Mexico-recibe-gratis-ayuda-legal-en-Sin-Fronteras.jpg","width":600,"height":338,"caption":"sin fronteras"},{"@type":"BreadcrumbList","@id":"https:\/\/accesolatino.org\/en\/si-estas-en-mexico-recibe-gratis-ayuda-legal-en-sin-fronteras\/#breadcrumb","itemListElement":[{"@type":"ListItem","position":1,"name":"Portada","item":"https:\/\/accesolatino.org\/"},{"@type":"ListItem","position":2,"name":"Si est\u00e1s en M\u00e9xico, recibe gratis ayuda legal en \u201cSin Fronteras\u201d"}]},{"@type":"WebSite","@id":"https:\/\/accesolatino.org\/#website","url":"https:\/\/accesolatino.org\/","name":"Acceso Latino | Fundaci\u00f3n Carlos Slim","description":"Fundaci\u00f3n Carlos Slim","publisher":{"@id":"https:\/\/accesolatino.org\/#organization"},"potentialAction":[{"@type":"SearchAction","target":{"@type":"EntryPoint","urlTemplate":"https:\/\/accesolatino.org\/?s={search_term_string}"},"query-input":{"@type":"PropertyValueSpecification","valueRequired":true,"valueName":"search_term_string"}}],"inLanguage":"en-US"},{"@type":"Organization","@id":"https:\/\/accesolatino.org\/#organization","name":"Acceso Latino | Fundaci\u00f3n Carlos Slim","url":"https:\/\/accesolatino.org\/","logo":{"@type":"ImageObject","inLanguage":"en-US","@id":"https:\/\/accesolatino.org\/#\/schema\/logo\/image\/","url":"https:\/\/accesolatino.org\/wp-content\/uploads\/2021\/02\/logo-footer-acceso-latino.png","contentUrl":"https:\/\/accesolatino.org\/wp-content\/uploads\/2021\/02\/logo-footer-acceso-latino.png","width":240,"height":40,"caption":"Acceso Latino | Fundaci\u00f3n Carlos Slim"},"image":{"@id":"https:\/\/accesolatino.org\/#\/schema\/logo\/image\/"},"sameAs":["https:\/\/www.facebook.com\/AccesoLatinoOrg","https:\/\/x.com\/FAccLatino"]}]}},"_links":{"self":[{"href":"https:\/\/accesolatino.org\/en\/wp-json\/wp\/v2\/pages\/15424","targetHints":{"allow":["GET"]}}],"collection":[{"href":"https:\/\/accesolatino.org\/en\/wp-json\/wp\/v2\/pages"}],"about":[{"href":"https:\/\/accesolatino.org\/en\/wp-json\/wp\/v2\/types\/page"}],"author":[{"embeddable":true,"href":"https:\/\/accesolatino.org\/en\/wp-json\/wp\/v2\/users\/8"}],"replies":[{"embeddable":true,"href":"https:\/\/accesolatino.org\/en\/wp-json\/wp\/v2\/comments?post=15424"}],"version-history":[{"count":1,"href":"https:\/\/accesolatino.org\/en\/wp-json\/wp\/v2\/pages\/15424\/revisions"}],"predecessor-version":[{"id":64270,"href":"https:\/\/accesolatino.org\/en\/wp-json\/wp\/v2\/pages\/15424\/revisions\/64270"}],"wp:featuredmedia":[{"embeddable":true,"href":"https:\/\/accesolatino.org\/en\/wp-json\/wp\/v2\/media\/15425"}],"wp:attachment":[{"href":"https:\/\/accesolatino.org\/en\/wp-json\/wp\/v2\/media?parent=15424"}],"curies":[{"name":"wp","href":"https:\/\/api.w.org\/{rel}","templated":true}]}}