{"id":15414,"date":"2018-11-15T10:21:40","date_gmt":"2018-11-15T16:21:40","guid":{"rendered":"https:\/\/accesolatino.org\/?page_id=15414"},"modified":"2025-10-17T14:17:21","modified_gmt":"2025-10-17T20:17:21","slug":"hermano-latino-encuentra-un-abogado-gratuito-o-de-bajo-costo-cerca-de-ti","status":"publish","type":"page","link":"https:\/\/accesolatino.org\/en\/hermano-latino-encuentra-un-abogado-gratuito-o-de-bajo-costo-cerca-de-ti\/","title":{"rendered":"Latino Brother finds a free or low-cost lawyer near you"},"content":{"rendered":"<div data-elementor-type=\"wp-post\" data-elementor-id=\"15414\" class=\"elementor elementor-15414\">\n\t\t\t\t\t\t<section class=\"elementor-section elementor-top-section elementor-element elementor-element-e1da5c8 elementor-section-full_width elementor-section-height-min-height elementor-section-items-stretch elementor-section-height-default wpr-particle-no wpr-jarallax-no wpr-parallax-no wpr-sticky-section-no wpr-equal-height-no\" data-id=\"e1da5c8\" data-element_type=\"section\" data-e-type=\"section\" data-settings=\"{&quot;background_background&quot;:&quot;classic&quot;}\">\n\t\t\t\t\t\t<div class=\"elementor-container elementor-column-gap-no\">\n\t\t\t\t\t<div class=\"elementor-column elementor-col-100 elementor-top-column elementor-element elementor-element-822734f\" data-id=\"822734f\" data-element_type=\"column\" data-e-type=\"column\">\n\t\t\t<div class=\"elementor-widget-wrap elementor-element-populated\">\n\t\t\t\t\t\t<div class=\"elementor-element elementor-element-7e74603 elementor--h-position-center elementor--v-position-middle elementor-widget elementor-widget-slides\" data-id=\"7e74603\" data-element_type=\"widget\" data-e-type=\"widget\" data-settings=\"{&quot;navigation&quot;:&quot;none&quot;,&quot;infinite&quot;:&quot;yes&quot;,&quot;transition&quot;:&quot;slide&quot;,&quot;transition_speed&quot;:500}\" data-widget_type=\"slides.default\">\n\t\t\t\t<div class=\"elementor-widget-container\">\n\t\t\t\t\t\t\t<div class=\"elementor-swiper\">\n\t\t\t<div class=\"elementor-slides-wrapper elementor-main-swiper swiper-container\" dir=\"ltr\" data-animation=\"\">\n\t\t\t\t<div class=\"swiper-wrapper elementor-slides\">\n\t\t\t\t\t\t\t\t\t\t<div class=\"elementor-repeater-item-d983a28 swiper-slide\"><div class=\"swiper-slide-bg\"><\/div><div class=\"swiper-slide-inner\" ><div class=\"swiper-slide-contents\"><div class=\"elementor-slide-heading\">Legal Guidance<\/div><\/div><\/div><\/div>\t\t\t\t<\/div>\n\t\t\t\t\t\t\t<\/div>\n\t\t<\/div>\n\t\t\t\t\t\t<\/div>\n\t\t\t\t<\/div>\n\t\t\t\t\t<\/div>\n\t\t<\/div>\n\t\t\t\t\t<\/div>\n\t\t<\/section>\n\t\t\t\t<section class=\"elementor-section elementor-top-section elementor-element elementor-element-ffd4335 elementor-section-stretched elementor-section-boxed elementor-section-height-default elementor-section-height-default wpr-particle-no wpr-jarallax-no wpr-parallax-no wpr-sticky-section-no wpr-equal-height-no\" data-id=\"ffd4335\" data-element_type=\"section\" data-e-type=\"section\" data-settings=\"{&quot;stretch_section&quot;:&quot;section-stretched&quot;,&quot;background_background&quot;:&quot;classic&quot;}\">\n\t\t\t\t\t\t<div class=\"elementor-container elementor-column-gap-default\">\n\t\t\t\t\t<div class=\"elementor-column elementor-col-100 elementor-top-column elementor-element elementor-element-cc19fac\" data-id=\"cc19fac\" data-element_type=\"column\" data-e-type=\"column\">\n\t\t\t<div class=\"elementor-widget-wrap elementor-element-populated\">\n\t\t\t\t\t\t<div class=\"elementor-element elementor-element-0b36d47 elementor-widget elementor-widget-heading\" data-id=\"0b36d47\" data-element_type=\"widget\" data-e-type=\"widget\" data-widget_type=\"heading.default\">\n\t\t\t\t<div class=\"elementor-widget-container\">\n\t\t\t\t\t<h3 class=\"elementor-heading-title elementor-size-default\">Latino Brother finds a free or low-cost lawyer near you<\/h3>\t\t\t\t<\/div>\n\t\t\t\t<\/div>\n\t\t\t\t<div class=\"elementor-element elementor-element-78ec317 elementor-widget elementor-widget-text-editor\" data-id=\"78ec317\" data-element_type=\"widget\" data-e-type=\"widget\" data-widget_type=\"text-editor.default\">\n\t\t\t\t<div class=\"elementor-widget-container\">\n\t\t\t\t\t\t\t\t\t<p>Uno de los grandes problemas que sufren los migrantes en su estad\u00eda por Estados Unidos es el acceso a la ayuda legal, por ese motivo en <strong>accesolatino.org<\/strong> contamos con diversas herramientas en materia legal en la secci\u00f3n <a href=\"https:\/\/accesolatino.org\/en\/orientacion-legal\/\"><strong>\u201cOrientaci\u00f3n Legal\u201d<\/strong><\/a>, que brinda informaci\u00f3n como tel\u00e9fonos e instituciones de ayuda, directorio de abogados a bajo costo, buz\u00f3n para consulta de casos particulares en materia migratoria, entre otras.<\/p><p>Una de las opciones que encontrar\u00e1n en nuestra herramienta <a href=\"https:\/\/accesolatino.org\/en\/orientacion-legal\/\"><strong>\u201cOrientaci\u00f3n Legal\u201d<\/strong><\/a> es <strong>Immigration Law Help<\/strong>, plataforma que ayuda a inmigrantes en los EE.UU. a entender sus opciones legales.<\/p><p>Esta plataforma ofrece a los migrantes y a sus familiares un directorio con m\u00e1s de 1000 abogados en materia legal gratuitos o de bajo costo. Este directorio es de f\u00e1cil manejo para los migrantes ya que podr\u00e1n encontrar la ayuda legal que necesiten seleccionando el estado donde radican.<\/p><p>De igual manera <strong>Immigration Law Help<\/strong>, conecta a los inmigrantes con expertos legales sin fines de lucro en todo el pa\u00eds, por c\u00f3digo postal o por centro de detenci\u00f3n.<\/p><p>Encuentra \u00e9sta y m\u00e1s herramientas en materia legal en <strong>Acceso Latino tu primera ventana de consulta migratoria.<\/strong><\/p>\t\t\t\t\t\t\t\t<\/div>\n\t\t\t\t<\/div>\n\t\t\t\t<div class=\"elementor-element elementor-element-8e00ddf elementor-widget elementor-widget-spacer\" data-id=\"8e00ddf\" data-element_type=\"widget\" data-e-type=\"widget\" data-widget_type=\"spacer.default\">\n\t\t\t\t<div class=\"elementor-widget-container\">\n\t\t\t\t\t\t\t<div class=\"elementor-spacer\">\n\t\t\t<div class=\"elementor-spacer-inner\"><\/div>\n\t\t<\/div>\n\t\t\t\t\t\t<\/div>\n\t\t\t\t<\/div>\n\t\t\t\t\t<\/div>\n\t\t<\/div>\n\t\t\t\t\t<\/div>\n\t\t<\/section>\n\t\t\t\t<\/div>","protected":false},"excerpt":{"rendered":"<p>Orientaci\u00f3n Legal Hermano latino encuentra un abogado gratuito o de bajo costo cerca de ti Uno de los grandes problemas que sufren los migrantes en su estad\u00eda por Estados Unidos es el acceso a la ayuda legal, por ese motivo en accesolatino.org contamos con diversas herramientas en materia legal en la secci\u00f3n \u201cOrientaci\u00f3n Legal\u201d, que brinda informaci\u00f3n como tel\u00e9fonos e instituciones de ayuda, directorio de abogados a bajo costo, buz\u00f3n para consulta de casos particulares en materia migratoria, entre otras. Una de las opciones que encontrar\u00e1n en nuestra herramienta \u201cOrientaci\u00f3n Legal\u201d es Immigration Law Help, plataforma que ayuda a inmigrantes en los EE.UU. a entender sus opciones legales. Esta plataforma ofrece a los migrantes y a sus familiares un directorio con m\u00e1s de 1000 abogados en materia legal gratuitos o de bajo costo. Este directorio es de f\u00e1cil manejo para los migrantes ya que podr\u00e1n encontrar la ayuda legal que necesiten seleccionando el estado donde radican. De igual manera Immigration Law Help, conecta a los inmigrantes con expertos legales sin fines de lucro en todo el pa\u00eds, por c\u00f3digo postal o por centro de detenci\u00f3n. Encuentra \u00e9sta y m\u00e1s herramientas en materia legal en Acceso Latino tu primera ventana de consulta migratoria.<\/p>","protected":false},"author":8,"featured_media":15415,"parent":0,"menu_order":0,"comment_status":"closed","ping_status":"closed","template":"elementor_header_footer","meta":{"_uf_show_specific_survey":0,"_uf_disable_surveys":false,"footnotes":""},"class_list":["post-15414","page","type-page","status-publish","has-post-thumbnail"],"aioseo_notices":[],"yoast_head":"<!-- This site is optimized with the Yoast SEO plugin v27.4 - https:\/\/yoast.com\/product\/yoast-seo-wordpress\/ -->\n<title>Hermano latino encuentra un abogado gratuito o de bajo costo cerca de ti<\/title>\n<meta name=\"description\" content=\"Hermano latino encuentra un abogado gratuito o de bajo costo cerca de ti Uno de los grandes problemas que sufren los migrantes ...\" \/>\n<meta name=\"robots\" content=\"index, follow, max-snippet:-1, max-image-preview:large, max-video-preview:-1\" \/>\n<link rel=\"canonical\" href=\"https:\/\/accesolatino.org\/en\/hermano-latino-encuentra-un-abogado-gratuito-o-de-bajo-costo-cerca-de-ti\/\" \/>\n<meta property=\"og:locale\" content=\"en_US\" \/>\n<meta property=\"og:type\" content=\"article\" \/>\n<meta property=\"og:title\" content=\"Acceso Latino | Hermano latino encuentra un abogado gratuito o de bajo costo cerca de ti\" \/>\n<meta property=\"og:description\" content=\"Uno de los grandes problemas que sufren los migrantes en su estad\u00eda por Estados Unidos es el acceso a la ayuda legal.\" \/>\n<meta property=\"og:url\" content=\"https:\/\/accesolatino.org\/en\/hermano-latino-encuentra-un-abogado-gratuito-o-de-bajo-costo-cerca-de-ti\/\" \/>\n<meta property=\"og:site_name\" content=\"Acceso Latino\" \/>\n<meta property=\"article:publisher\" content=\"https:\/\/www.facebook.com\/AccesoLatinoOrg\" \/>\n<meta property=\"article:modified_time\" content=\"2025-10-17T20:17:21+00:00\" \/>\n<meta property=\"og:image\" content=\"https:\/\/accesolatino.org\/wp-content\/uploads\/2018\/11\/Hermano-latino-encuentra-un-abogado-gratuito-o-de-bajo-costo-cerca-de-ti.jpg\" \/>\n\t<meta property=\"og:image:width\" content=\"600\" \/>\n\t<meta property=\"og:image:height\" content=\"338\" \/>\n\t<meta property=\"og:image:type\" content=\"image\/jpeg\" \/>\n<meta name=\"twitter:card\" content=\"summary_large_image\" \/>\n<meta name=\"twitter:title\" content=\"Acceso Latino | Hermano latino encuentra un abogado gratuito o de bajo costo cerca de ti\" \/>\n<meta name=\"twitter:description\" content=\"Uno de los grandes problemas que sufren los migrantes en su estad\u00eda por Estados Unidos es el acceso a la ayuda legal.\" \/>\n<meta name=\"twitter:image\" content=\"https:\/\/accesolatino.org\/wp-content\/uploads\/2018\/11\/Hermano-latino-encuentra-un-abogado-gratuito-o-de-bajo-costo-cerca-de-ti.jpg\" \/>\n<meta name=\"twitter:site\" content=\"@FAccLatino\" \/>\n<meta name=\"twitter:label1\" content=\"Est. reading time\" \/>\n\t<meta name=\"twitter:data1\" content=\"2 minutes\" \/>\n<script type=\"application\/ld+json\" class=\"yoast-schema-graph\">{\"@context\":\"https:\\\/\\\/schema.org\",\"@graph\":[{\"@type\":\"WebPage\",\"@id\":\"https:\\\/\\\/accesolatino.org\\\/hermano-latino-encuentra-un-abogado-gratuito-o-de-bajo-costo-cerca-de-ti\\\/\",\"url\":\"https:\\\/\\\/accesolatino.org\\\/hermano-latino-encuentra-un-abogado-gratuito-o-de-bajo-costo-cerca-de-ti\\\/\",\"name\":\"Hermano latino encuentra un abogado gratuito o de bajo costo cerca de ti\",\"isPartOf\":{\"@id\":\"https:\\\/\\\/accesolatino.org\\\/#website\"},\"primaryImageOfPage\":{\"@id\":\"https:\\\/\\\/accesolatino.org\\\/hermano-latino-encuentra-un-abogado-gratuito-o-de-bajo-costo-cerca-de-ti\\\/#primaryimage\"},\"image\":{\"@id\":\"https:\\\/\\\/accesolatino.org\\\/hermano-latino-encuentra-un-abogado-gratuito-o-de-bajo-costo-cerca-de-ti\\\/#primaryimage\"},\"thumbnailUrl\":\"https:\\\/\\\/accesolatino.org\\\/wp-content\\\/uploads\\\/2018\\\/11\\\/Hermano-latino-encuentra-un-abogado-gratuito-o-de-bajo-costo-cerca-de-ti.jpg\",\"datePublished\":\"2018-11-15T16:21:40+00:00\",\"dateModified\":\"2025-10-17T20:17:21+00:00\",\"description\":\"Hermano latino encuentra un abogado gratuito o de bajo costo cerca de ti Uno de los grandes problemas que sufren los migrantes ...\",\"breadcrumb\":{\"@id\":\"https:\\\/\\\/accesolatino.org\\\/hermano-latino-encuentra-un-abogado-gratuito-o-de-bajo-costo-cerca-de-ti\\\/#breadcrumb\"},\"inLanguage\":\"en-US\",\"potentialAction\":[{\"@type\":\"ReadAction\",\"target\":[\"https:\\\/\\\/accesolatino.org\\\/hermano-latino-encuentra-un-abogado-gratuito-o-de-bajo-costo-cerca-de-ti\\\/\"]}]},{\"@type\":\"ImageObject\",\"inLanguage\":\"en-US\",\"@id\":\"https:\\\/\\\/accesolatino.org\\\/hermano-latino-encuentra-un-abogado-gratuito-o-de-bajo-costo-cerca-de-ti\\\/#primaryimage\",\"url\":\"https:\\\/\\\/accesolatino.org\\\/wp-content\\\/uploads\\\/2018\\\/11\\\/Hermano-latino-encuentra-un-abogado-gratuito-o-de-bajo-costo-cerca-de-ti.jpg\",\"contentUrl\":\"https:\\\/\\\/accesolatino.org\\\/wp-content\\\/uploads\\\/2018\\\/11\\\/Hermano-latino-encuentra-un-abogado-gratuito-o-de-bajo-costo-cerca-de-ti.jpg\",\"width\":600,\"height\":338,\"caption\":\"abogado\"},{\"@type\":\"BreadcrumbList\",\"@id\":\"https:\\\/\\\/accesolatino.org\\\/hermano-latino-encuentra-un-abogado-gratuito-o-de-bajo-costo-cerca-de-ti\\\/#breadcrumb\",\"itemListElement\":[{\"@type\":\"ListItem\",\"position\":1,\"name\":\"Portada\",\"item\":\"https:\\\/\\\/accesolatino.org\\\/\"},{\"@type\":\"ListItem\",\"position\":2,\"name\":\"Hermano latino encuentra un abogado gratuito o de bajo costo cerca de ti\"}]},{\"@type\":\"WebSite\",\"@id\":\"https:\\\/\\\/accesolatino.org\\\/#website\",\"url\":\"https:\\\/\\\/accesolatino.org\\\/\",\"name\":\"Acceso Latino | Fundaci\u00f3n Carlos Slim\",\"description\":\"Fundaci\u00f3n Carlos Slim\",\"publisher\":{\"@id\":\"https:\\\/\\\/accesolatino.org\\\/#organization\"},\"potentialAction\":[{\"@type\":\"SearchAction\",\"target\":{\"@type\":\"EntryPoint\",\"urlTemplate\":\"https:\\\/\\\/accesolatino.org\\\/?s={search_term_string}\"},\"query-input\":{\"@type\":\"PropertyValueSpecification\",\"valueRequired\":true,\"valueName\":\"search_term_string\"}}],\"inLanguage\":\"en-US\"},{\"@type\":\"Organization\",\"@id\":\"https:\\\/\\\/accesolatino.org\\\/#organization\",\"name\":\"Acceso Latino | Fundaci\u00f3n Carlos Slim\",\"url\":\"https:\\\/\\\/accesolatino.org\\\/\",\"logo\":{\"@type\":\"ImageObject\",\"inLanguage\":\"en-US\",\"@id\":\"https:\\\/\\\/accesolatino.org\\\/#\\\/schema\\\/logo\\\/image\\\/\",\"url\":\"https:\\\/\\\/accesolatino.org\\\/wp-content\\\/uploads\\\/2021\\\/02\\\/logo-footer-acceso-latino.png\",\"contentUrl\":\"https:\\\/\\\/accesolatino.org\\\/wp-content\\\/uploads\\\/2021\\\/02\\\/logo-footer-acceso-latino.png\",\"width\":240,\"height\":40,\"caption\":\"Acceso Latino | Fundaci\u00f3n Carlos Slim\"},\"image\":{\"@id\":\"https:\\\/\\\/accesolatino.org\\\/#\\\/schema\\\/logo\\\/image\\\/\"},\"sameAs\":[\"https:\\\/\\\/www.facebook.com\\\/AccesoLatinoOrg\",\"https:\\\/\\\/x.com\\\/FAccLatino\"]}]}<\/script>\n<!-- \/ Yoast SEO plugin. -->","yoast_head_json":{"title":"Latino Brother finds a free or low-cost lawyer near you","description":"Hermano latino encuentra un abogado gratuito o de bajo costo cerca de ti Uno de los grandes problemas que sufren los migrantes ...","robots":{"index":"index","follow":"follow","max-snippet":"max-snippet:-1","max-image-preview":"max-image-preview:large","max-video-preview":"max-video-preview:-1"},"canonical":"https:\/\/accesolatino.org\/en\/hermano-latino-encuentra-un-abogado-gratuito-o-de-bajo-costo-cerca-de-ti\/","og_locale":"en_US","og_type":"article","og_title":"Acceso Latino | Hermano latino encuentra un abogado gratuito o de bajo costo cerca de ti","og_description":"Uno de los grandes problemas que sufren los migrantes en su estad\u00eda por Estados Unidos es el acceso a la ayuda legal.","og_url":"https:\/\/accesolatino.org\/en\/hermano-latino-encuentra-un-abogado-gratuito-o-de-bajo-costo-cerca-de-ti\/","og_site_name":"Acceso Latino","article_publisher":"https:\/\/www.facebook.com\/AccesoLatinoOrg","article_modified_time":"2025-10-17T20:17:21+00:00","og_image":[{"width":600,"height":338,"url":"https:\/\/accesolatino.org\/wp-content\/uploads\/2018\/11\/Hermano-latino-encuentra-un-abogado-gratuito-o-de-bajo-costo-cerca-de-ti.jpg","type":"image\/jpeg"}],"twitter_card":"summary_large_image","twitter_title":"Acceso Latino | Hermano latino encuentra un abogado gratuito o de bajo costo cerca de ti","twitter_description":"Uno de los grandes problemas que sufren los migrantes en su estad\u00eda por Estados Unidos es el acceso a la ayuda legal.","twitter_image":"https:\/\/accesolatino.org\/wp-content\/uploads\/2018\/11\/Hermano-latino-encuentra-un-abogado-gratuito-o-de-bajo-costo-cerca-de-ti.jpg","twitter_site":"@FAccLatino","twitter_misc":{"Est. reading time":"2 minutes"},"schema":{"@context":"https:\/\/schema.org","@graph":[{"@type":"WebPage","@id":"https:\/\/accesolatino.org\/hermano-latino-encuentra-un-abogado-gratuito-o-de-bajo-costo-cerca-de-ti\/","url":"https:\/\/accesolatino.org\/hermano-latino-encuentra-un-abogado-gratuito-o-de-bajo-costo-cerca-de-ti\/","name":"Latino Brother finds a free or low-cost lawyer near you","isPartOf":{"@id":"https:\/\/accesolatino.org\/#website"},"primaryImageOfPage":{"@id":"https:\/\/accesolatino.org\/hermano-latino-encuentra-un-abogado-gratuito-o-de-bajo-costo-cerca-de-ti\/#primaryimage"},"image":{"@id":"https:\/\/accesolatino.org\/hermano-latino-encuentra-un-abogado-gratuito-o-de-bajo-costo-cerca-de-ti\/#primaryimage"},"thumbnailUrl":"https:\/\/accesolatino.org\/wp-content\/uploads\/2018\/11\/Hermano-latino-encuentra-un-abogado-gratuito-o-de-bajo-costo-cerca-de-ti.jpg","datePublished":"2018-11-15T16:21:40+00:00","dateModified":"2025-10-17T20:17:21+00:00","description":"Hermano latino encuentra un abogado gratuito o de bajo costo cerca de ti Uno de los grandes problemas que sufren los migrantes ...","breadcrumb":{"@id":"https:\/\/accesolatino.org\/hermano-latino-encuentra-un-abogado-gratuito-o-de-bajo-costo-cerca-de-ti\/#breadcrumb"},"inLanguage":"en-US","potentialAction":[{"@type":"ReadAction","target":["https:\/\/accesolatino.org\/hermano-latino-encuentra-un-abogado-gratuito-o-de-bajo-costo-cerca-de-ti\/"]}]},{"@type":"ImageObject","inLanguage":"en-US","@id":"https:\/\/accesolatino.org\/hermano-latino-encuentra-un-abogado-gratuito-o-de-bajo-costo-cerca-de-ti\/#primaryimage","url":"https:\/\/accesolatino.org\/wp-content\/uploads\/2018\/11\/Hermano-latino-encuentra-un-abogado-gratuito-o-de-bajo-costo-cerca-de-ti.jpg","contentUrl":"https:\/\/accesolatino.org\/wp-content\/uploads\/2018\/11\/Hermano-latino-encuentra-un-abogado-gratuito-o-de-bajo-costo-cerca-de-ti.jpg","width":600,"height":338,"caption":"abogado"},{"@type":"BreadcrumbList","@id":"https:\/\/accesolatino.org\/hermano-latino-encuentra-un-abogado-gratuito-o-de-bajo-costo-cerca-de-ti\/#breadcrumb","itemListElement":[{"@type":"ListItem","position":1,"name":"Portada","item":"https:\/\/accesolatino.org\/"},{"@type":"ListItem","position":2,"name":"Hermano latino encuentra un abogado gratuito o de bajo costo cerca de ti"}]},{"@type":"WebSite","@id":"https:\/\/accesolatino.org\/#website","url":"https:\/\/accesolatino.org\/","name":"Acceso Latino | Fundaci\u00f3n Carlos Slim","description":"Fundaci\u00f3n Carlos Slim","publisher":{"@id":"https:\/\/accesolatino.org\/#organization"},"potentialAction":[{"@type":"SearchAction","target":{"@type":"EntryPoint","urlTemplate":"https:\/\/accesolatino.org\/?s={search_term_string}"},"query-input":{"@type":"PropertyValueSpecification","valueRequired":true,"valueName":"search_term_string"}}],"inLanguage":"en-US"},{"@type":"Organization","@id":"https:\/\/accesolatino.org\/#organization","name":"Acceso Latino | Fundaci\u00f3n Carlos Slim","url":"https:\/\/accesolatino.org\/","logo":{"@type":"ImageObject","inLanguage":"en-US","@id":"https:\/\/accesolatino.org\/#\/schema\/logo\/image\/","url":"https:\/\/accesolatino.org\/wp-content\/uploads\/2021\/02\/logo-footer-acceso-latino.png","contentUrl":"https:\/\/accesolatino.org\/wp-content\/uploads\/2021\/02\/logo-footer-acceso-latino.png","width":240,"height":40,"caption":"Acceso Latino | Fundaci\u00f3n Carlos Slim"},"image":{"@id":"https:\/\/accesolatino.org\/#\/schema\/logo\/image\/"},"sameAs":["https:\/\/www.facebook.com\/AccesoLatinoOrg","https:\/\/x.com\/FAccLatino"]}]}},"_links":{"self":[{"href":"https:\/\/accesolatino.org\/en\/wp-json\/wp\/v2\/pages\/15414","targetHints":{"allow":["GET"]}}],"collection":[{"href":"https:\/\/accesolatino.org\/en\/wp-json\/wp\/v2\/pages"}],"about":[{"href":"https:\/\/accesolatino.org\/en\/wp-json\/wp\/v2\/types\/page"}],"author":[{"embeddable":true,"href":"https:\/\/accesolatino.org\/en\/wp-json\/wp\/v2\/users\/8"}],"replies":[{"embeddable":true,"href":"https:\/\/accesolatino.org\/en\/wp-json\/wp\/v2\/comments?post=15414"}],"version-history":[{"count":1,"href":"https:\/\/accesolatino.org\/en\/wp-json\/wp\/v2\/pages\/15414\/revisions"}],"predecessor-version":[{"id":64225,"href":"https:\/\/accesolatino.org\/en\/wp-json\/wp\/v2\/pages\/15414\/revisions\/64225"}],"wp:featuredmedia":[{"embeddable":true,"href":"https:\/\/accesolatino.org\/en\/wp-json\/wp\/v2\/media\/15415"}],"wp:attachment":[{"href":"https:\/\/accesolatino.org\/en\/wp-json\/wp\/v2\/media?parent=15414"}],"curies":[{"name":"wp","href":"https:\/\/api.w.org\/{rel}","templated":true}]}}