{"id":15325,"date":"2018-11-08T10:01:57","date_gmt":"2018-11-08T16:01:57","guid":{"rendered":"https:\/\/accesolatino.org\/?page_id=15325"},"modified":"2025-10-15T13:13:11","modified_gmt":"2025-10-15T19:13:11","slug":"conoce-los-derechos-en-materia-de-salud-que-tienes-en-mexico","status":"publish","type":"page","link":"https:\/\/accesolatino.org\/en\/salud\/conoce-los-derechos-en-materia-de-salud-que-tienes-en-mexico\/","title":{"rendered":"Know your health rights in Mexico"},"content":{"rendered":"<div data-elementor-type=\"wp-post\" data-elementor-id=\"15325\" class=\"elementor elementor-15325\">\n\t\t\t\t\t\t<section class=\"elementor-section elementor-top-section elementor-element elementor-element-a0d9b80 elementor-section-full_width elementor-section-height-min-height elementor-section-items-stretch elementor-section-height-default wpr-particle-no wpr-jarallax-no wpr-parallax-no wpr-sticky-section-no wpr-equal-height-no\" data-id=\"a0d9b80\" data-element_type=\"section\" data-e-type=\"section\" data-settings=\"{&quot;background_background&quot;:&quot;classic&quot;}\">\n\t\t\t\t\t\t<div class=\"elementor-container elementor-column-gap-no\">\n\t\t\t\t\t<div class=\"elementor-column elementor-col-100 elementor-top-column elementor-element elementor-element-bffefa1\" data-id=\"bffefa1\" data-element_type=\"column\" data-e-type=\"column\">\n\t\t\t<div class=\"elementor-widget-wrap elementor-element-populated\">\n\t\t\t\t\t\t<div class=\"elementor-element elementor-element-68c4e0e elementor--h-position-center elementor--v-position-middle elementor-widget elementor-widget-slides\" data-id=\"68c4e0e\" data-element_type=\"widget\" data-e-type=\"widget\" data-settings=\"{&quot;navigation&quot;:&quot;none&quot;,&quot;infinite&quot;:&quot;yes&quot;,&quot;transition&quot;:&quot;slide&quot;,&quot;transition_speed&quot;:500}\" data-widget_type=\"slides.default\">\n\t\t\t\t<div class=\"elementor-widget-container\">\n\t\t\t\t\t\t\t<div class=\"elementor-swiper\">\n\t\t\t<div class=\"elementor-slides-wrapper elementor-main-swiper swiper-container\" dir=\"ltr\" data-animation=\"\">\n\t\t\t\t<div class=\"swiper-wrapper elementor-slides\">\n\t\t\t\t\t\t\t\t\t\t<div class=\"elementor-repeater-item-d983a28 swiper-slide\"><div class=\"swiper-slide-bg\"><\/div><div class=\"swiper-slide-inner\" ><div class=\"swiper-slide-contents\"><div class=\"elementor-slide-heading\">Health<\/div><\/div><\/div><\/div>\t\t\t\t<\/div>\n\t\t\t\t\t\t\t<\/div>\n\t\t<\/div>\n\t\t\t\t\t\t<\/div>\n\t\t\t\t<\/div>\n\t\t\t\t\t<\/div>\n\t\t<\/div>\n\t\t\t\t\t<\/div>\n\t\t<\/section>\n\t\t\t\t<section class=\"elementor-section elementor-top-section elementor-element elementor-element-15d3cbb elementor-section-stretched elementor-section-boxed elementor-section-height-default elementor-section-height-default wpr-particle-no wpr-jarallax-no wpr-parallax-no wpr-sticky-section-no wpr-equal-height-no\" data-id=\"15d3cbb\" data-element_type=\"section\" data-e-type=\"section\" data-settings=\"{&quot;stretch_section&quot;:&quot;section-stretched&quot;,&quot;background_background&quot;:&quot;classic&quot;}\">\n\t\t\t\t\t\t<div class=\"elementor-container elementor-column-gap-default\">\n\t\t\t\t\t<div class=\"elementor-column elementor-col-100 elementor-top-column elementor-element elementor-element-b687091\" data-id=\"b687091\" data-element_type=\"column\" data-e-type=\"column\">\n\t\t\t<div class=\"elementor-widget-wrap elementor-element-populated\">\n\t\t\t\t\t\t<div class=\"elementor-element elementor-element-0817875 elementor-widget elementor-widget-heading\" data-id=\"0817875\" data-element_type=\"widget\" data-e-type=\"widget\" data-widget_type=\"heading.default\">\n\t\t\t\t<div class=\"elementor-widget-container\">\n\t\t\t\t\t<h3 class=\"elementor-heading-title elementor-size-default\">Know your health rights in Mexico<\/h3>\t\t\t\t<\/div>\n\t\t\t\t<\/div>\n\t\t\t\t<div class=\"elementor-element elementor-element-a646003 elementor-widget elementor-widget-text-editor\" data-id=\"a646003\" data-element_type=\"widget\" data-e-type=\"widget\" data-widget_type=\"text-editor.default\">\n\t\t\t\t<div class=\"elementor-widget-container\">\n\t\t\t\t\t\t\t\t\t<p>The <a href=\"https:\/\/accesolatino.org\/en\/salud\/secretaria-de-salud\/#atencion-de-la-salud-de-personas-migrantes-y-de-retorno-en-mexico1\"><strong>Secretary of Health<\/strong><\/a>, cre\u00f3 una gu\u00eda con la finalidad de ayudar a los migrantes o mexicanos que han sido retornados a nuestro pa\u00eds para que conozcan los derechos que tienen en salud y los programas a los que tienen acceso. Esta informaci\u00f3n la encuentras en nuestra secci\u00f3n <a href=\"https:\/\/accesolatino.org\/en\/salud\/\"><strong>\u201cSalud\u201d<\/strong><\/a> dando clic en nuestra tarjeta de <a href=\"https:\/\/accesolatino.org\/en\/salud\/secretaria-de-salud\/#atencion-de-la-salud-de-personas-migrantes-y-de-retorno-en-mexico1\"><strong>\u201cSecretar\u00eda de Salud\u201d<\/strong><\/a>.<\/p><p>En esta herramienta encontrar\u00e1s informaci\u00f3n \u00fatil como:<\/p><ul><li>Repatriaci\u00f3n para personas enfermas de gravedad<\/li><li>Atenci\u00f3n m\u00e9dica y afiliaci\u00f3n al seguro popular<\/li><li>Promoci\u00f3n de la salud de la poblaci\u00f3n migrante<\/li><\/ul><p>In <strong>Acceso Latino tu primera ventana de consulta migratoria<\/strong>, encontrar\u00e1s herramientas gratuitas que te ayudar\u00e1n en cualquier situaci\u00f3n en la que te encuentres.<\/p>\t\t\t\t\t\t\t\t<\/div>\n\t\t\t\t<\/div>\n\t\t\t\t<div class=\"elementor-element elementor-element-f2810cb elementor-widget elementor-widget-spacer\" data-id=\"f2810cb\" data-element_type=\"widget\" data-e-type=\"widget\" data-widget_type=\"spacer.default\">\n\t\t\t\t<div class=\"elementor-widget-container\">\n\t\t\t\t\t\t\t<div class=\"elementor-spacer\">\n\t\t\t<div class=\"elementor-spacer-inner\"><\/div>\n\t\t<\/div>\n\t\t\t\t\t\t<\/div>\n\t\t\t\t<\/div>\n\t\t\t\t\t<\/div>\n\t\t<\/div>\n\t\t\t\t\t<\/div>\n\t\t<\/section>\n\t\t\t\t<\/div>","protected":false},"excerpt":{"rendered":"<p>Salud Conoce los derechos en materia de Salud que tienes en M\u00e9xico La Secretar\u00eda de Salud, cre\u00f3 una gu\u00eda con la finalidad de ayudar a los migrantes o mexicanos que han sido retornados a nuestro pa\u00eds para que conozcan los derechos que tienen en salud y los programas a los que tienen acceso. Esta informaci\u00f3n la encuentras en nuestra secci\u00f3n \u201cSalud\u201d dando clic en nuestra tarjeta de \u201cSecretar\u00eda de Salud\u201d. En esta herramienta encontrar\u00e1s informaci\u00f3n \u00fatil como: Repatriaci\u00f3n para personas enfermas de gravedad Atenci\u00f3n m\u00e9dica y afiliaci\u00f3n al seguro popular Promoci\u00f3n de la salud de la poblaci\u00f3n migrante En Acceso Latino tu primera ventana de consulta migratoria, encontrar\u00e1s herramientas gratuitas que te ayudar\u00e1n en cualquier situaci\u00f3n en la que te encuentres.<\/p>","protected":false},"author":4,"featured_media":15326,"parent":4668,"menu_order":0,"comment_status":"closed","ping_status":"closed","template":"elementor_header_footer","meta":{"_uf_show_specific_survey":0,"_uf_disable_surveys":false,"footnotes":""},"class_list":["post-15325","page","type-page","status-publish","has-post-thumbnail"],"aioseo_notices":[],"yoast_head":"<!-- This site is optimized with the Yoast SEO plugin v27.4 - https:\/\/yoast.com\/product\/yoast-seo-wordpress\/ -->\n<title>Conoce los derechos en materia de Salud que tienes en M\u00e9xico<\/title>\n<meta name=\"description\" content=\"Conoce tus derechos y lo que Estados Unidos tiene para ofrecer a los migrantes en materia de Salud - Acceso Latino\" \/>\n<meta name=\"robots\" content=\"index, follow, max-snippet:-1, max-image-preview:large, max-video-preview:-1\" \/>\n<link rel=\"canonical\" href=\"https:\/\/accesolatino.org\/en\/salud\/conoce-los-derechos-en-materia-de-salud-que-tienes-en-mexico\/\" \/>\n<meta property=\"og:locale\" content=\"en_US\" \/>\n<meta property=\"og:type\" content=\"article\" \/>\n<meta property=\"og:title\" content=\"Acceso Latino | Conoce los derechos en materia de Salud que tienes en M\u00e9xico\" \/>\n<meta property=\"og:description\" content=\"Conoce todo lo que Estados Unidos tiene para ofrecer a los migrantes en materia de Salud\" \/>\n<meta property=\"og:url\" content=\"https:\/\/accesolatino.org\/en\/salud\/conoce-los-derechos-en-materia-de-salud-que-tienes-en-mexico\/\" \/>\n<meta property=\"og:site_name\" content=\"Acceso Latino\" \/>\n<meta property=\"article:publisher\" content=\"https:\/\/www.facebook.com\/AccesoLatinoOrg\" \/>\n<meta property=\"article:modified_time\" content=\"2025-10-15T19:13:11+00:00\" \/>\n<meta property=\"og:image\" content=\"https:\/\/accesolatino.org\/wp-content\/uploads\/2018\/11\/Conoce-los-derechos-en-materia-de-Salud-que-tienes-en-Mexico.jpg\" \/>\n\t<meta property=\"og:image:width\" content=\"600\" \/>\n\t<meta property=\"og:image:height\" content=\"338\" \/>\n\t<meta property=\"og:image:type\" content=\"image\/jpeg\" \/>\n<meta name=\"twitter:card\" content=\"summary_large_image\" \/>\n<meta name=\"twitter:title\" content=\"Acceso Latino | Conoce los derechos en materia de Salud que tienes en M\u00e9xico\" \/>\n<meta name=\"twitter:description\" content=\"Conoce todo lo que Estados Unidos tiene para ofrecer a los migrantes en materia de Salud\" \/>\n<meta name=\"twitter:image\" content=\"https:\/\/accesolatino.org\/wp-content\/uploads\/2018\/11\/Conoce-los-derechos-en-materia-de-Salud-que-tienes-en-Mexico.jpg\" \/>\n<meta name=\"twitter:site\" content=\"@FAccLatino\" \/>\n<meta name=\"twitter:label1\" content=\"Est. reading time\" \/>\n\t<meta name=\"twitter:data1\" content=\"1 minute\" \/>\n<script type=\"application\/ld+json\" class=\"yoast-schema-graph\">{\"@context\":\"https:\\\/\\\/schema.org\",\"@graph\":[{\"@type\":\"WebPage\",\"@id\":\"https:\\\/\\\/accesolatino.org\\\/en\\\/salud\\\/conoce-los-derechos-en-materia-de-salud-que-tienes-en-mexico\\\/\",\"url\":\"https:\\\/\\\/accesolatino.org\\\/en\\\/salud\\\/conoce-los-derechos-en-materia-de-salud-que-tienes-en-mexico\\\/\",\"name\":\"Conoce los derechos en materia de Salud que tienes en M\u00e9xico\",\"isPartOf\":{\"@id\":\"https:\\\/\\\/accesolatino.org\\\/#website\"},\"primaryImageOfPage\":{\"@id\":\"https:\\\/\\\/accesolatino.org\\\/en\\\/salud\\\/conoce-los-derechos-en-materia-de-salud-que-tienes-en-mexico\\\/#primaryimage\"},\"image\":{\"@id\":\"https:\\\/\\\/accesolatino.org\\\/en\\\/salud\\\/conoce-los-derechos-en-materia-de-salud-que-tienes-en-mexico\\\/#primaryimage\"},\"thumbnailUrl\":\"https:\\\/\\\/accesolatino.org\\\/wp-content\\\/uploads\\\/2018\\\/11\\\/Conoce-los-derechos-en-materia-de-Salud-que-tienes-en-Mexico.jpg\",\"datePublished\":\"2018-11-08T16:01:57+00:00\",\"dateModified\":\"2025-10-15T19:13:11+00:00\",\"description\":\"Conoce tus derechos y lo que Estados Unidos tiene para ofrecer a los migrantes en materia de Salud - Acceso Latino\",\"breadcrumb\":{\"@id\":\"https:\\\/\\\/accesolatino.org\\\/en\\\/salud\\\/conoce-los-derechos-en-materia-de-salud-que-tienes-en-mexico\\\/#breadcrumb\"},\"inLanguage\":\"en-US\",\"potentialAction\":[{\"@type\":\"ReadAction\",\"target\":[\"https:\\\/\\\/accesolatino.org\\\/en\\\/salud\\\/conoce-los-derechos-en-materia-de-salud-que-tienes-en-mexico\\\/\"]}]},{\"@type\":\"ImageObject\",\"inLanguage\":\"en-US\",\"@id\":\"https:\\\/\\\/accesolatino.org\\\/en\\\/salud\\\/conoce-los-derechos-en-materia-de-salud-que-tienes-en-mexico\\\/#primaryimage\",\"url\":\"https:\\\/\\\/accesolatino.org\\\/wp-content\\\/uploads\\\/2018\\\/11\\\/Conoce-los-derechos-en-materia-de-Salud-que-tienes-en-Mexico.jpg\",\"contentUrl\":\"https:\\\/\\\/accesolatino.org\\\/wp-content\\\/uploads\\\/2018\\\/11\\\/Conoce-los-derechos-en-materia-de-Salud-que-tienes-en-Mexico.jpg\",\"width\":600,\"height\":338,\"caption\":\"secretar\u00eda de salud\"},{\"@type\":\"BreadcrumbList\",\"@id\":\"https:\\\/\\\/accesolatino.org\\\/en\\\/salud\\\/conoce-los-derechos-en-materia-de-salud-que-tienes-en-mexico\\\/#breadcrumb\",\"itemListElement\":[{\"@type\":\"ListItem\",\"position\":1,\"name\":\"Portada\",\"item\":\"https:\\\/\\\/accesolatino.org\\\/\"},{\"@type\":\"ListItem\",\"position\":2,\"name\":\"Salud\",\"item\":\"https:\\\/\\\/accesolatino.org\\\/salud\\\/\"},{\"@type\":\"ListItem\",\"position\":3,\"name\":\"Conoce los derechos en materia de Salud que tienes en M\u00e9xico\"}]},{\"@type\":\"WebSite\",\"@id\":\"https:\\\/\\\/accesolatino.org\\\/#website\",\"url\":\"https:\\\/\\\/accesolatino.org\\\/\",\"name\":\"Acceso Latino | Fundaci\u00f3n Carlos Slim\",\"description\":\"Fundaci\u00f3n Carlos Slim\",\"publisher\":{\"@id\":\"https:\\\/\\\/accesolatino.org\\\/#organization\"},\"potentialAction\":[{\"@type\":\"SearchAction\",\"target\":{\"@type\":\"EntryPoint\",\"urlTemplate\":\"https:\\\/\\\/accesolatino.org\\\/?s={search_term_string}\"},\"query-input\":{\"@type\":\"PropertyValueSpecification\",\"valueRequired\":true,\"valueName\":\"search_term_string\"}}],\"inLanguage\":\"en-US\"},{\"@type\":\"Organization\",\"@id\":\"https:\\\/\\\/accesolatino.org\\\/#organization\",\"name\":\"Acceso Latino | Fundaci\u00f3n Carlos Slim\",\"url\":\"https:\\\/\\\/accesolatino.org\\\/\",\"logo\":{\"@type\":\"ImageObject\",\"inLanguage\":\"en-US\",\"@id\":\"https:\\\/\\\/accesolatino.org\\\/#\\\/schema\\\/logo\\\/image\\\/\",\"url\":\"https:\\\/\\\/accesolatino.org\\\/wp-content\\\/uploads\\\/2021\\\/02\\\/logo-footer-acceso-latino.png\",\"contentUrl\":\"https:\\\/\\\/accesolatino.org\\\/wp-content\\\/uploads\\\/2021\\\/02\\\/logo-footer-acceso-latino.png\",\"width\":240,\"height\":40,\"caption\":\"Acceso Latino | Fundaci\u00f3n Carlos Slim\"},\"image\":{\"@id\":\"https:\\\/\\\/accesolatino.org\\\/#\\\/schema\\\/logo\\\/image\\\/\"},\"sameAs\":[\"https:\\\/\\\/www.facebook.com\\\/AccesoLatinoOrg\",\"https:\\\/\\\/x.com\\\/FAccLatino\"]}]}<\/script>\n<!-- \/ Yoast SEO plugin. -->","yoast_head_json":{"title":"Know your health rights in Mexico","description":"Conoce tus derechos y lo que Estados Unidos tiene para ofrecer a los migrantes en materia de Salud - Acceso Latino","robots":{"index":"index","follow":"follow","max-snippet":"max-snippet:-1","max-image-preview":"max-image-preview:large","max-video-preview":"max-video-preview:-1"},"canonical":"https:\/\/accesolatino.org\/en\/salud\/conoce-los-derechos-en-materia-de-salud-que-tienes-en-mexico\/","og_locale":"en_US","og_type":"article","og_title":"Acceso Latino | Conoce los derechos en materia de Salud que tienes en M\u00e9xico","og_description":"Conoce todo lo que Estados Unidos tiene para ofrecer a los migrantes en materia de Salud","og_url":"https:\/\/accesolatino.org\/en\/salud\/conoce-los-derechos-en-materia-de-salud-que-tienes-en-mexico\/","og_site_name":"Acceso Latino","article_publisher":"https:\/\/www.facebook.com\/AccesoLatinoOrg","article_modified_time":"2025-10-15T19:13:11+00:00","og_image":[{"width":600,"height":338,"url":"https:\/\/accesolatino.org\/wp-content\/uploads\/2018\/11\/Conoce-los-derechos-en-materia-de-Salud-que-tienes-en-Mexico.jpg","type":"image\/jpeg"}],"twitter_card":"summary_large_image","twitter_title":"Acceso Latino | Conoce los derechos en materia de Salud que tienes en M\u00e9xico","twitter_description":"Conoce todo lo que Estados Unidos tiene para ofrecer a los migrantes en materia de Salud","twitter_image":"https:\/\/accesolatino.org\/wp-content\/uploads\/2018\/11\/Conoce-los-derechos-en-materia-de-Salud-que-tienes-en-Mexico.jpg","twitter_site":"@FAccLatino","twitter_misc":{"Est. reading time":"1 minute"},"schema":{"@context":"https:\/\/schema.org","@graph":[{"@type":"WebPage","@id":"https:\/\/accesolatino.org\/en\/salud\/conoce-los-derechos-en-materia-de-salud-que-tienes-en-mexico\/","url":"https:\/\/accesolatino.org\/en\/salud\/conoce-los-derechos-en-materia-de-salud-que-tienes-en-mexico\/","name":"Know your health rights in Mexico","isPartOf":{"@id":"https:\/\/accesolatino.org\/#website"},"primaryImageOfPage":{"@id":"https:\/\/accesolatino.org\/en\/salud\/conoce-los-derechos-en-materia-de-salud-que-tienes-en-mexico\/#primaryimage"},"image":{"@id":"https:\/\/accesolatino.org\/en\/salud\/conoce-los-derechos-en-materia-de-salud-que-tienes-en-mexico\/#primaryimage"},"thumbnailUrl":"https:\/\/accesolatino.org\/wp-content\/uploads\/2018\/11\/Conoce-los-derechos-en-materia-de-Salud-que-tienes-en-Mexico.jpg","datePublished":"2018-11-08T16:01:57+00:00","dateModified":"2025-10-15T19:13:11+00:00","description":"Conoce tus derechos y lo que Estados Unidos tiene para ofrecer a los migrantes en materia de Salud - Acceso Latino","breadcrumb":{"@id":"https:\/\/accesolatino.org\/en\/salud\/conoce-los-derechos-en-materia-de-salud-que-tienes-en-mexico\/#breadcrumb"},"inLanguage":"en-US","potentialAction":[{"@type":"ReadAction","target":["https:\/\/accesolatino.org\/en\/salud\/conoce-los-derechos-en-materia-de-salud-que-tienes-en-mexico\/"]}]},{"@type":"ImageObject","inLanguage":"en-US","@id":"https:\/\/accesolatino.org\/en\/salud\/conoce-los-derechos-en-materia-de-salud-que-tienes-en-mexico\/#primaryimage","url":"https:\/\/accesolatino.org\/wp-content\/uploads\/2018\/11\/Conoce-los-derechos-en-materia-de-Salud-que-tienes-en-Mexico.jpg","contentUrl":"https:\/\/accesolatino.org\/wp-content\/uploads\/2018\/11\/Conoce-los-derechos-en-materia-de-Salud-que-tienes-en-Mexico.jpg","width":600,"height":338,"caption":"secretar\u00eda de salud"},{"@type":"BreadcrumbList","@id":"https:\/\/accesolatino.org\/en\/salud\/conoce-los-derechos-en-materia-de-salud-que-tienes-en-mexico\/#breadcrumb","itemListElement":[{"@type":"ListItem","position":1,"name":"Portada","item":"https:\/\/accesolatino.org\/"},{"@type":"ListItem","position":2,"name":"Salud","item":"https:\/\/accesolatino.org\/salud\/"},{"@type":"ListItem","position":3,"name":"Conoce los derechos en materia de Salud que tienes en M\u00e9xico"}]},{"@type":"WebSite","@id":"https:\/\/accesolatino.org\/#website","url":"https:\/\/accesolatino.org\/","name":"Acceso Latino | Fundaci\u00f3n Carlos Slim","description":"Fundaci\u00f3n Carlos Slim","publisher":{"@id":"https:\/\/accesolatino.org\/#organization"},"potentialAction":[{"@type":"SearchAction","target":{"@type":"EntryPoint","urlTemplate":"https:\/\/accesolatino.org\/?s={search_term_string}"},"query-input":{"@type":"PropertyValueSpecification","valueRequired":true,"valueName":"search_term_string"}}],"inLanguage":"en-US"},{"@type":"Organization","@id":"https:\/\/accesolatino.org\/#organization","name":"Acceso Latino | Fundaci\u00f3n Carlos Slim","url":"https:\/\/accesolatino.org\/","logo":{"@type":"ImageObject","inLanguage":"en-US","@id":"https:\/\/accesolatino.org\/#\/schema\/logo\/image\/","url":"https:\/\/accesolatino.org\/wp-content\/uploads\/2021\/02\/logo-footer-acceso-latino.png","contentUrl":"https:\/\/accesolatino.org\/wp-content\/uploads\/2021\/02\/logo-footer-acceso-latino.png","width":240,"height":40,"caption":"Acceso Latino | Fundaci\u00f3n Carlos Slim"},"image":{"@id":"https:\/\/accesolatino.org\/#\/schema\/logo\/image\/"},"sameAs":["https:\/\/www.facebook.com\/AccesoLatinoOrg","https:\/\/x.com\/FAccLatino"]}]}},"_links":{"self":[{"href":"https:\/\/accesolatino.org\/en\/wp-json\/wp\/v2\/pages\/15325","targetHints":{"allow":["GET"]}}],"collection":[{"href":"https:\/\/accesolatino.org\/en\/wp-json\/wp\/v2\/pages"}],"about":[{"href":"https:\/\/accesolatino.org\/en\/wp-json\/wp\/v2\/types\/page"}],"author":[{"embeddable":true,"href":"https:\/\/accesolatino.org\/en\/wp-json\/wp\/v2\/users\/4"}],"replies":[{"embeddable":true,"href":"https:\/\/accesolatino.org\/en\/wp-json\/wp\/v2\/comments?post=15325"}],"version-history":[{"count":1,"href":"https:\/\/accesolatino.org\/en\/wp-json\/wp\/v2\/pages\/15325\/revisions"}],"predecessor-version":[{"id":63992,"href":"https:\/\/accesolatino.org\/en\/wp-json\/wp\/v2\/pages\/15325\/revisions\/63992"}],"up":[{"embeddable":true,"href":"https:\/\/accesolatino.org\/en\/wp-json\/wp\/v2\/pages\/4668"}],"wp:featuredmedia":[{"embeddable":true,"href":"https:\/\/accesolatino.org\/en\/wp-json\/wp\/v2\/media\/15326"}],"wp:attachment":[{"href":"https:\/\/accesolatino.org\/en\/wp-json\/wp\/v2\/media?parent=15325"}],"curies":[{"name":"wp","href":"https:\/\/api.w.org\/{rel}","templated":true}]}}