{"id":15316,"date":"2018-11-07T09:56:20","date_gmt":"2018-11-07T15:56:20","guid":{"rendered":"https:\/\/accesolatino.org\/?page_id=15316"},"modified":"2025-10-16T12:53:42","modified_gmt":"2025-10-16T18:53:42","slug":"si-tu-y-tu-familia-estan-de-regreso-en-mexico-afiliate-al-seguro-popular","status":"publish","type":"page","link":"https:\/\/accesolatino.org\/en\/salud\/si-tu-y-tu-familia-estan-de-regreso-en-mexico-afiliate-al-seguro-popular\/","title":{"rendered":"If you and your family are back in Mexico, enroll in Seguro Popular"},"content":{"rendered":"<div data-elementor-type=\"wp-post\" data-elementor-id=\"15316\" class=\"elementor elementor-15316\">\n\t\t\t\t\t\t<section class=\"elementor-section elementor-top-section elementor-element elementor-element-97d645e elementor-section-full_width elementor-section-height-min-height elementor-section-items-stretch elementor-section-height-default wpr-particle-no wpr-jarallax-no wpr-parallax-no wpr-sticky-section-no wpr-equal-height-no\" data-id=\"97d645e\" data-element_type=\"section\" data-e-type=\"section\" data-settings=\"{&quot;background_background&quot;:&quot;classic&quot;}\">\n\t\t\t\t\t\t<div class=\"elementor-container elementor-column-gap-no\">\n\t\t\t\t\t<div class=\"elementor-column elementor-col-100 elementor-top-column elementor-element elementor-element-617738e\" data-id=\"617738e\" data-element_type=\"column\" data-e-type=\"column\">\n\t\t\t<div class=\"elementor-widget-wrap elementor-element-populated\">\n\t\t\t\t\t\t<div class=\"elementor-element elementor-element-25eb2fa elementor--h-position-center elementor--v-position-middle elementor-widget elementor-widget-slides\" data-id=\"25eb2fa\" data-element_type=\"widget\" data-e-type=\"widget\" data-settings=\"{&quot;navigation&quot;:&quot;none&quot;,&quot;infinite&quot;:&quot;yes&quot;,&quot;transition&quot;:&quot;slide&quot;,&quot;transition_speed&quot;:500}\" data-widget_type=\"slides.default\">\n\t\t\t\t<div class=\"elementor-widget-container\">\n\t\t\t\t\t\t\t<div class=\"elementor-swiper\">\n\t\t\t<div class=\"elementor-slides-wrapper elementor-main-swiper swiper-container\" dir=\"ltr\" data-animation=\"\">\n\t\t\t\t<div class=\"swiper-wrapper elementor-slides\">\n\t\t\t\t\t\t\t\t\t\t<div class=\"elementor-repeater-item-d983a28 swiper-slide\"><div class=\"swiper-slide-bg\"><\/div><div class=\"swiper-slide-inner\" ><div class=\"swiper-slide-contents\"><div class=\"elementor-slide-heading\">Health<\/div><\/div><\/div><\/div>\t\t\t\t<\/div>\n\t\t\t\t\t\t\t<\/div>\n\t\t<\/div>\n\t\t\t\t\t\t<\/div>\n\t\t\t\t<\/div>\n\t\t\t\t\t<\/div>\n\t\t<\/div>\n\t\t\t\t\t<\/div>\n\t\t<\/section>\n\t\t\t\t<section class=\"elementor-section elementor-top-section elementor-element elementor-element-fb76bbc elementor-section-stretched elementor-section-boxed elementor-section-height-default elementor-section-height-default wpr-particle-no wpr-jarallax-no wpr-parallax-no wpr-sticky-section-no wpr-equal-height-no\" data-id=\"fb76bbc\" data-element_type=\"section\" data-e-type=\"section\" data-settings=\"{&quot;stretch_section&quot;:&quot;section-stretched&quot;,&quot;background_background&quot;:&quot;classic&quot;}\">\n\t\t\t\t\t\t<div class=\"elementor-container elementor-column-gap-default\">\n\t\t\t\t\t<div class=\"elementor-column elementor-col-100 elementor-top-column elementor-element elementor-element-7b0fb1e\" data-id=\"7b0fb1e\" data-element_type=\"column\" data-e-type=\"column\">\n\t\t\t<div class=\"elementor-widget-wrap elementor-element-populated\">\n\t\t\t\t\t\t<div class=\"elementor-element elementor-element-b1accba elementor-widget elementor-widget-heading\" data-id=\"b1accba\" data-element_type=\"widget\" data-e-type=\"widget\" data-widget_type=\"heading.default\">\n\t\t\t\t<div class=\"elementor-widget-container\">\n\t\t\t\t\t<h3 class=\"elementor-heading-title elementor-size-default\">If you and your family are back in Mexico, enroll in Seguro Popular<\/h3>\t\t\t\t<\/div>\n\t\t\t\t<\/div>\n\t\t\t\t<div class=\"elementor-element elementor-element-b3355be elementor-widget elementor-widget-text-editor\" data-id=\"b3355be\" data-element_type=\"widget\" data-e-type=\"widget\" data-widget_type=\"text-editor.default\">\n\t\t\t\t<div class=\"elementor-widget-container\">\n\t\t\t\t\t\t\t\t\t<p>Buscar asegurar a su familia en el sector salud, debe ser una de las prioridades de los migrantes retornados a nuestro pa\u00eds.<\/p><p>Por este motivo, en <strong>accesolatino.org<\/strong> contamos con el apartado<a href=\"https:\/\/www.gob.mx\/tramites\/ficha\/afiliacion-al-seguro-popular-en-tu-localidad\/CNPSS179\"><strong> \u201cSeguro Popular\u201d<\/strong><\/a> que encontrar\u00e1s en nuestra secci\u00f3n de <a href=\"https:\/\/accesolatino.org\/en\/salud\/\">\u201cSalud\u201d<\/a>.<\/p><p>En esta tarjeta obtendr\u00e1s informaci\u00f3n del programa gubernamental de salud, el cu\u00e1l te brinda la opci\u00f3n de obtener la afiliaci\u00f3n de manera gratuita.<\/p><p>Para obtener la afiliaci\u00f3n hay dos maneras:<\/p><p><strong>Presencial:<\/strong> Acude a tu M\u00f3dulo de Afiliaci\u00f3n y Orientaci\u00f3n m\u00e1s cercano.<\/p><p><strong>V\u00eda telef\u00f3nica<\/strong>: <a href=\"tel:+018007678527\" target=\"_blank\" rel=\"noopener\"><strong>01 800 7678527<\/strong><\/a><\/p><p>Consulta nuestra secci\u00f3n de <a href=\"https:\/\/accesolatino.org\/en\/salud\/\"><strong>\u201cSalud\u201d<\/strong> <\/a>para mantenerte informado sobre las opciones que cuentas en M\u00e9xico y Estados Unidos.<\/p>\t\t\t\t\t\t\t\t<\/div>\n\t\t\t\t<\/div>\n\t\t\t\t<div class=\"elementor-element elementor-element-0edc5c1 elementor-widget elementor-widget-spacer\" data-id=\"0edc5c1\" data-element_type=\"widget\" data-e-type=\"widget\" data-widget_type=\"spacer.default\">\n\t\t\t\t<div class=\"elementor-widget-container\">\n\t\t\t\t\t\t\t<div class=\"elementor-spacer\">\n\t\t\t<div class=\"elementor-spacer-inner\"><\/div>\n\t\t<\/div>\n\t\t\t\t\t\t<\/div>\n\t\t\t\t<\/div>\n\t\t\t\t\t<\/div>\n\t\t<\/div>\n\t\t\t\t\t<\/div>\n\t\t<\/section>\n\t\t\t\t<\/div>","protected":false},"excerpt":{"rendered":"<p>Salud Si t\u00fa y tu familia est\u00e1n de regreso en M\u00e9xico, af\u00edliate al Seguro popular Buscar asegurar a su familia en el sector salud, debe ser una de las prioridades de los migrantes retornados a nuestro pa\u00eds. Por este motivo, en accesolatino.org contamos con el apartado \u201cSeguro Popular\u201d que encontrar\u00e1s en nuestra secci\u00f3n de \u201cSalud\u201d. En esta tarjeta obtendr\u00e1s informaci\u00f3n del programa gubernamental de salud, el cu\u00e1l te brinda la opci\u00f3n de obtener la afiliaci\u00f3n de manera gratuita. Para obtener la afiliaci\u00f3n hay dos maneras: Presencial: Acude a tu M\u00f3dulo de Afiliaci\u00f3n y Orientaci\u00f3n m\u00e1s cercano. V\u00eda telef\u00f3nica: 01 800 7678527 Consulta nuestra secci\u00f3n de \u201cSalud\u201d para mantenerte informado sobre las opciones que cuentas en M\u00e9xico y Estados Unidos.<\/p>","protected":false},"author":4,"featured_media":15317,"parent":4668,"menu_order":0,"comment_status":"closed","ping_status":"closed","template":"elementor_header_footer","meta":{"_uf_show_specific_survey":0,"_uf_disable_surveys":false,"footnotes":""},"class_list":["post-15316","page","type-page","status-publish","has-post-thumbnail"],"aioseo_notices":[],"yoast_head":"<!-- This site is optimized with the Yoast SEO plugin v27.4 - https:\/\/yoast.com\/product\/yoast-seo-wordpress\/ -->\n<title>Si t\u00fa y tu familia est\u00e1n de regreso en M\u00e9xico, af\u00edliate al Seguro popular<\/title>\n<meta name=\"description\" content=\"Conoce las Instituciones disponibles y que te pueden ser de ayuda en tu proceso de migraci\u00f3n legal a otros pa\u00edses.\" \/>\n<meta name=\"robots\" content=\"index, follow, max-snippet:-1, max-image-preview:large, max-video-preview:-1\" \/>\n<link rel=\"canonical\" href=\"https:\/\/accesolatino.org\/en\/salud\/si-tu-y-tu-familia-estan-de-regreso-en-mexico-afiliate-al-seguro-popular\/\" \/>\n<meta property=\"og:locale\" content=\"en_US\" \/>\n<meta property=\"og:type\" content=\"article\" \/>\n<meta property=\"og:title\" content=\"Acceso Latino | Si t\u00fa y tu familia est\u00e1n de regreso en M\u00e9xico, af\u00edliate al Seguro popular\" \/>\n<meta property=\"og:description\" content=\"Conoce todo lo que Estados Unidos tiene para ofrecer a los migrantes en materia de Salud\" \/>\n<meta property=\"og:url\" content=\"https:\/\/accesolatino.org\/en\/salud\/si-tu-y-tu-familia-estan-de-regreso-en-mexico-afiliate-al-seguro-popular\/\" \/>\n<meta property=\"og:site_name\" content=\"Acceso Latino\" \/>\n<meta property=\"article:publisher\" content=\"https:\/\/www.facebook.com\/AccesoLatinoOrg\" \/>\n<meta property=\"article:modified_time\" content=\"2025-10-16T18:53:42+00:00\" \/>\n<meta property=\"og:image\" content=\"https:\/\/accesolatino.org\/wp-content\/uploads\/2018\/11\/Si-tu-y-tu-familia-estan-de-regreso-en-Mexico-afiliate-al-Seguro-popular.jpg\" \/>\n\t<meta property=\"og:image:width\" content=\"600\" \/>\n\t<meta property=\"og:image:height\" content=\"338\" \/>\n\t<meta property=\"og:image:type\" content=\"image\/jpeg\" \/>\n<meta name=\"twitter:card\" content=\"summary_large_image\" \/>\n<meta name=\"twitter:title\" content=\"Acceso Latino | Si t\u00fa y tu familia est\u00e1n de regreso en M\u00e9xico, af\u00edliate al Seguro popular\" \/>\n<meta name=\"twitter:description\" content=\"Conoce todo lo que Estados Unidos tiene para ofrecer a los migrantes en materia de Salud\" \/>\n<meta name=\"twitter:image\" content=\"https:\/\/accesolatino.org\/wp-content\/uploads\/2018\/11\/Si-tu-y-tu-familia-estan-de-regreso-en-Mexico-afiliate-al-Seguro-popular.jpg\" \/>\n<meta name=\"twitter:site\" content=\"@FAccLatino\" \/>\n<meta name=\"twitter:label1\" content=\"Est. reading time\" \/>\n\t<meta name=\"twitter:data1\" content=\"1 minute\" \/>\n<script type=\"application\/ld+json\" class=\"yoast-schema-graph\">{\"@context\":\"https:\\\/\\\/schema.org\",\"@graph\":[{\"@type\":\"WebPage\",\"@id\":\"https:\\\/\\\/accesolatino.org\\\/en\\\/salud\\\/si-tu-y-tu-familia-estan-de-regreso-en-mexico-afiliate-al-seguro-popular\\\/\",\"url\":\"https:\\\/\\\/accesolatino.org\\\/en\\\/salud\\\/si-tu-y-tu-familia-estan-de-regreso-en-mexico-afiliate-al-seguro-popular\\\/\",\"name\":\"Si t\u00fa y tu familia est\u00e1n de regreso en M\u00e9xico, af\u00edliate al Seguro popular\",\"isPartOf\":{\"@id\":\"https:\\\/\\\/accesolatino.org\\\/#website\"},\"primaryImageOfPage\":{\"@id\":\"https:\\\/\\\/accesolatino.org\\\/en\\\/salud\\\/si-tu-y-tu-familia-estan-de-regreso-en-mexico-afiliate-al-seguro-popular\\\/#primaryimage\"},\"image\":{\"@id\":\"https:\\\/\\\/accesolatino.org\\\/en\\\/salud\\\/si-tu-y-tu-familia-estan-de-regreso-en-mexico-afiliate-al-seguro-popular\\\/#primaryimage\"},\"thumbnailUrl\":\"https:\\\/\\\/accesolatino.org\\\/wp-content\\\/uploads\\\/2018\\\/11\\\/Si-tu-y-tu-familia-estan-de-regreso-en-Mexico-afiliate-al-Seguro-popular.jpg\",\"datePublished\":\"2018-11-07T15:56:20+00:00\",\"dateModified\":\"2025-10-16T18:53:42+00:00\",\"description\":\"Conoce las Instituciones disponibles y que te pueden ser de ayuda en tu proceso de migraci\u00f3n legal a otros pa\u00edses.\",\"breadcrumb\":{\"@id\":\"https:\\\/\\\/accesolatino.org\\\/en\\\/salud\\\/si-tu-y-tu-familia-estan-de-regreso-en-mexico-afiliate-al-seguro-popular\\\/#breadcrumb\"},\"inLanguage\":\"en-US\",\"potentialAction\":[{\"@type\":\"ReadAction\",\"target\":[\"https:\\\/\\\/accesolatino.org\\\/en\\\/salud\\\/si-tu-y-tu-familia-estan-de-regreso-en-mexico-afiliate-al-seguro-popular\\\/\"]}]},{\"@type\":\"ImageObject\",\"inLanguage\":\"en-US\",\"@id\":\"https:\\\/\\\/accesolatino.org\\\/en\\\/salud\\\/si-tu-y-tu-familia-estan-de-regreso-en-mexico-afiliate-al-seguro-popular\\\/#primaryimage\",\"url\":\"https:\\\/\\\/accesolatino.org\\\/wp-content\\\/uploads\\\/2018\\\/11\\\/Si-tu-y-tu-familia-estan-de-regreso-en-Mexico-afiliate-al-Seguro-popular.jpg\",\"contentUrl\":\"https:\\\/\\\/accesolatino.org\\\/wp-content\\\/uploads\\\/2018\\\/11\\\/Si-tu-y-tu-familia-estan-de-regreso-en-Mexico-afiliate-al-Seguro-popular.jpg\",\"width\":600,\"height\":338,\"caption\":\"seguro popular\"},{\"@type\":\"BreadcrumbList\",\"@id\":\"https:\\\/\\\/accesolatino.org\\\/en\\\/salud\\\/si-tu-y-tu-familia-estan-de-regreso-en-mexico-afiliate-al-seguro-popular\\\/#breadcrumb\",\"itemListElement\":[{\"@type\":\"ListItem\",\"position\":1,\"name\":\"Portada\",\"item\":\"https:\\\/\\\/accesolatino.org\\\/\"},{\"@type\":\"ListItem\",\"position\":2,\"name\":\"Salud\",\"item\":\"https:\\\/\\\/accesolatino.org\\\/salud\\\/\"},{\"@type\":\"ListItem\",\"position\":3,\"name\":\"Si t\u00fa y tu familia est\u00e1n de regreso en M\u00e9xico, af\u00edliate al Seguro popular\"}]},{\"@type\":\"WebSite\",\"@id\":\"https:\\\/\\\/accesolatino.org\\\/#website\",\"url\":\"https:\\\/\\\/accesolatino.org\\\/\",\"name\":\"Acceso Latino | Fundaci\u00f3n Carlos Slim\",\"description\":\"Fundaci\u00f3n Carlos Slim\",\"publisher\":{\"@id\":\"https:\\\/\\\/accesolatino.org\\\/#organization\"},\"potentialAction\":[{\"@type\":\"SearchAction\",\"target\":{\"@type\":\"EntryPoint\",\"urlTemplate\":\"https:\\\/\\\/accesolatino.org\\\/?s={search_term_string}\"},\"query-input\":{\"@type\":\"PropertyValueSpecification\",\"valueRequired\":true,\"valueName\":\"search_term_string\"}}],\"inLanguage\":\"en-US\"},{\"@type\":\"Organization\",\"@id\":\"https:\\\/\\\/accesolatino.org\\\/#organization\",\"name\":\"Acceso Latino | Fundaci\u00f3n Carlos Slim\",\"url\":\"https:\\\/\\\/accesolatino.org\\\/\",\"logo\":{\"@type\":\"ImageObject\",\"inLanguage\":\"en-US\",\"@id\":\"https:\\\/\\\/accesolatino.org\\\/#\\\/schema\\\/logo\\\/image\\\/\",\"url\":\"https:\\\/\\\/accesolatino.org\\\/wp-content\\\/uploads\\\/2021\\\/02\\\/logo-footer-acceso-latino.png\",\"contentUrl\":\"https:\\\/\\\/accesolatino.org\\\/wp-content\\\/uploads\\\/2021\\\/02\\\/logo-footer-acceso-latino.png\",\"width\":240,\"height\":40,\"caption\":\"Acceso Latino | Fundaci\u00f3n Carlos Slim\"},\"image\":{\"@id\":\"https:\\\/\\\/accesolatino.org\\\/#\\\/schema\\\/logo\\\/image\\\/\"},\"sameAs\":[\"https:\\\/\\\/www.facebook.com\\\/AccesoLatinoOrg\",\"https:\\\/\\\/x.com\\\/FAccLatino\"]}]}<\/script>\n<!-- \/ Yoast SEO plugin. -->","yoast_head_json":{"title":"If you and your family are back in Mexico, enroll in Seguro Popular","description":"Conoce las Instituciones disponibles y que te pueden ser de ayuda en tu proceso de migraci\u00f3n legal a otros pa\u00edses.","robots":{"index":"index","follow":"follow","max-snippet":"max-snippet:-1","max-image-preview":"max-image-preview:large","max-video-preview":"max-video-preview:-1"},"canonical":"https:\/\/accesolatino.org\/en\/salud\/si-tu-y-tu-familia-estan-de-regreso-en-mexico-afiliate-al-seguro-popular\/","og_locale":"en_US","og_type":"article","og_title":"Acceso Latino | Si t\u00fa y tu familia est\u00e1n de regreso en M\u00e9xico, af\u00edliate al Seguro popular","og_description":"Conoce todo lo que Estados Unidos tiene para ofrecer a los migrantes en materia de Salud","og_url":"https:\/\/accesolatino.org\/en\/salud\/si-tu-y-tu-familia-estan-de-regreso-en-mexico-afiliate-al-seguro-popular\/","og_site_name":"Acceso Latino","article_publisher":"https:\/\/www.facebook.com\/AccesoLatinoOrg","article_modified_time":"2025-10-16T18:53:42+00:00","og_image":[{"width":600,"height":338,"url":"https:\/\/accesolatino.org\/wp-content\/uploads\/2018\/11\/Si-tu-y-tu-familia-estan-de-regreso-en-Mexico-afiliate-al-Seguro-popular.jpg","type":"image\/jpeg"}],"twitter_card":"summary_large_image","twitter_title":"Acceso Latino | Si t\u00fa y tu familia est\u00e1n de regreso en M\u00e9xico, af\u00edliate al Seguro popular","twitter_description":"Conoce todo lo que Estados Unidos tiene para ofrecer a los migrantes en materia de Salud","twitter_image":"https:\/\/accesolatino.org\/wp-content\/uploads\/2018\/11\/Si-tu-y-tu-familia-estan-de-regreso-en-Mexico-afiliate-al-Seguro-popular.jpg","twitter_site":"@FAccLatino","twitter_misc":{"Est. reading time":"1 minute"},"schema":{"@context":"https:\/\/schema.org","@graph":[{"@type":"WebPage","@id":"https:\/\/accesolatino.org\/en\/salud\/si-tu-y-tu-familia-estan-de-regreso-en-mexico-afiliate-al-seguro-popular\/","url":"https:\/\/accesolatino.org\/en\/salud\/si-tu-y-tu-familia-estan-de-regreso-en-mexico-afiliate-al-seguro-popular\/","name":"If you and your family are back in Mexico, enroll in Seguro Popular","isPartOf":{"@id":"https:\/\/accesolatino.org\/#website"},"primaryImageOfPage":{"@id":"https:\/\/accesolatino.org\/en\/salud\/si-tu-y-tu-familia-estan-de-regreso-en-mexico-afiliate-al-seguro-popular\/#primaryimage"},"image":{"@id":"https:\/\/accesolatino.org\/en\/salud\/si-tu-y-tu-familia-estan-de-regreso-en-mexico-afiliate-al-seguro-popular\/#primaryimage"},"thumbnailUrl":"https:\/\/accesolatino.org\/wp-content\/uploads\/2018\/11\/Si-tu-y-tu-familia-estan-de-regreso-en-Mexico-afiliate-al-Seguro-popular.jpg","datePublished":"2018-11-07T15:56:20+00:00","dateModified":"2025-10-16T18:53:42+00:00","description":"Conoce las Instituciones disponibles y que te pueden ser de ayuda en tu proceso de migraci\u00f3n legal a otros pa\u00edses.","breadcrumb":{"@id":"https:\/\/accesolatino.org\/en\/salud\/si-tu-y-tu-familia-estan-de-regreso-en-mexico-afiliate-al-seguro-popular\/#breadcrumb"},"inLanguage":"en-US","potentialAction":[{"@type":"ReadAction","target":["https:\/\/accesolatino.org\/en\/salud\/si-tu-y-tu-familia-estan-de-regreso-en-mexico-afiliate-al-seguro-popular\/"]}]},{"@type":"ImageObject","inLanguage":"en-US","@id":"https:\/\/accesolatino.org\/en\/salud\/si-tu-y-tu-familia-estan-de-regreso-en-mexico-afiliate-al-seguro-popular\/#primaryimage","url":"https:\/\/accesolatino.org\/wp-content\/uploads\/2018\/11\/Si-tu-y-tu-familia-estan-de-regreso-en-Mexico-afiliate-al-Seguro-popular.jpg","contentUrl":"https:\/\/accesolatino.org\/wp-content\/uploads\/2018\/11\/Si-tu-y-tu-familia-estan-de-regreso-en-Mexico-afiliate-al-Seguro-popular.jpg","width":600,"height":338,"caption":"seguro popular"},{"@type":"BreadcrumbList","@id":"https:\/\/accesolatino.org\/en\/salud\/si-tu-y-tu-familia-estan-de-regreso-en-mexico-afiliate-al-seguro-popular\/#breadcrumb","itemListElement":[{"@type":"ListItem","position":1,"name":"Portada","item":"https:\/\/accesolatino.org\/"},{"@type":"ListItem","position":2,"name":"Salud","item":"https:\/\/accesolatino.org\/salud\/"},{"@type":"ListItem","position":3,"name":"Si t\u00fa y tu familia est\u00e1n de regreso en M\u00e9xico, af\u00edliate al Seguro popular"}]},{"@type":"WebSite","@id":"https:\/\/accesolatino.org\/#website","url":"https:\/\/accesolatino.org\/","name":"Acceso Latino | Fundaci\u00f3n Carlos Slim","description":"Fundaci\u00f3n Carlos Slim","publisher":{"@id":"https:\/\/accesolatino.org\/#organization"},"potentialAction":[{"@type":"SearchAction","target":{"@type":"EntryPoint","urlTemplate":"https:\/\/accesolatino.org\/?s={search_term_string}"},"query-input":{"@type":"PropertyValueSpecification","valueRequired":true,"valueName":"search_term_string"}}],"inLanguage":"en-US"},{"@type":"Organization","@id":"https:\/\/accesolatino.org\/#organization","name":"Acceso Latino | Fundaci\u00f3n Carlos Slim","url":"https:\/\/accesolatino.org\/","logo":{"@type":"ImageObject","inLanguage":"en-US","@id":"https:\/\/accesolatino.org\/#\/schema\/logo\/image\/","url":"https:\/\/accesolatino.org\/wp-content\/uploads\/2021\/02\/logo-footer-acceso-latino.png","contentUrl":"https:\/\/accesolatino.org\/wp-content\/uploads\/2021\/02\/logo-footer-acceso-latino.png","width":240,"height":40,"caption":"Acceso Latino | Fundaci\u00f3n Carlos Slim"},"image":{"@id":"https:\/\/accesolatino.org\/#\/schema\/logo\/image\/"},"sameAs":["https:\/\/www.facebook.com\/AccesoLatinoOrg","https:\/\/x.com\/FAccLatino"]}]}},"_links":{"self":[{"href":"https:\/\/accesolatino.org\/en\/wp-json\/wp\/v2\/pages\/15316","targetHints":{"allow":["GET"]}}],"collection":[{"href":"https:\/\/accesolatino.org\/en\/wp-json\/wp\/v2\/pages"}],"about":[{"href":"https:\/\/accesolatino.org\/en\/wp-json\/wp\/v2\/types\/page"}],"author":[{"embeddable":true,"href":"https:\/\/accesolatino.org\/en\/wp-json\/wp\/v2\/users\/4"}],"replies":[{"embeddable":true,"href":"https:\/\/accesolatino.org\/en\/wp-json\/wp\/v2\/comments?post=15316"}],"version-history":[{"count":1,"href":"https:\/\/accesolatino.org\/en\/wp-json\/wp\/v2\/pages\/15316\/revisions"}],"predecessor-version":[{"id":64077,"href":"https:\/\/accesolatino.org\/en\/wp-json\/wp\/v2\/pages\/15316\/revisions\/64077"}],"up":[{"embeddable":true,"href":"https:\/\/accesolatino.org\/en\/wp-json\/wp\/v2\/pages\/4668"}],"wp:featuredmedia":[{"embeddable":true,"href":"https:\/\/accesolatino.org\/en\/wp-json\/wp\/v2\/media\/15317"}],"wp:attachment":[{"href":"https:\/\/accesolatino.org\/en\/wp-json\/wp\/v2\/media?parent=15316"}],"curies":[{"name":"wp","href":"https:\/\/api.w.org\/{rel}","templated":true}]}}