{"id":15293,"date":"2018-11-05T12:17:28","date_gmt":"2018-11-05T18:17:28","guid":{"rendered":"https:\/\/accesolatino.org\/?page_id=15293"},"modified":"2025-10-15T14:05:26","modified_gmt":"2025-10-15T20:05:26","slug":"tienes-un-conocido-con-alguna-adiccion-acercalo-a-estos-programas-de-autoayuda","status":"publish","type":"page","link":"https:\/\/accesolatino.org\/en\/salud\/tienes-un-conocido-con-alguna-adiccion-acercalo-a-estos-programas-de-autoayuda\/","title":{"rendered":"Do you have an acquaintance with an addiction? Refer them to these self-help programs."},"content":{"rendered":"<div data-elementor-type=\"wp-post\" data-elementor-id=\"15293\" class=\"elementor elementor-15293\">\n\t\t\t\t\t\t<section class=\"elementor-section elementor-top-section elementor-element elementor-element-bbf45af elementor-section-full_width elementor-section-height-min-height elementor-section-items-stretch elementor-section-height-default wpr-particle-no wpr-jarallax-no wpr-parallax-no wpr-sticky-section-no wpr-equal-height-no\" data-id=\"bbf45af\" data-element_type=\"section\" data-e-type=\"section\" data-settings=\"{&quot;background_background&quot;:&quot;classic&quot;}\">\n\t\t\t\t\t\t<div class=\"elementor-container elementor-column-gap-no\">\n\t\t\t\t\t<div class=\"elementor-column elementor-col-100 elementor-top-column elementor-element elementor-element-14baf67\" data-id=\"14baf67\" data-element_type=\"column\" data-e-type=\"column\">\n\t\t\t<div class=\"elementor-widget-wrap elementor-element-populated\">\n\t\t\t\t\t\t<div class=\"elementor-element elementor-element-fe6eeaa elementor--h-position-center elementor--v-position-middle elementor-widget elementor-widget-slides\" data-id=\"fe6eeaa\" data-element_type=\"widget\" data-e-type=\"widget\" data-settings=\"{&quot;navigation&quot;:&quot;none&quot;,&quot;infinite&quot;:&quot;yes&quot;,&quot;transition&quot;:&quot;slide&quot;,&quot;transition_speed&quot;:500}\" data-widget_type=\"slides.default\">\n\t\t\t\t<div class=\"elementor-widget-container\">\n\t\t\t\t\t\t\t<div class=\"elementor-swiper\">\n\t\t\t<div class=\"elementor-slides-wrapper elementor-main-swiper swiper-container\" dir=\"ltr\" data-animation=\"\">\n\t\t\t\t<div class=\"swiper-wrapper elementor-slides\">\n\t\t\t\t\t\t\t\t\t\t<div class=\"elementor-repeater-item-d983a28 swiper-slide\"><div class=\"swiper-slide-bg\"><\/div><div class=\"swiper-slide-inner\" ><div class=\"swiper-slide-contents\"><div class=\"elementor-slide-heading\">Health<\/div><\/div><\/div><\/div>\t\t\t\t<\/div>\n\t\t\t\t\t\t\t<\/div>\n\t\t<\/div>\n\t\t\t\t\t\t<\/div>\n\t\t\t\t<\/div>\n\t\t\t\t\t<\/div>\n\t\t<\/div>\n\t\t\t\t\t<\/div>\n\t\t<\/section>\n\t\t\t\t<section class=\"elementor-section elementor-top-section elementor-element elementor-element-ec015ff elementor-section-stretched elementor-section-boxed elementor-section-height-default elementor-section-height-default wpr-particle-no wpr-jarallax-no wpr-parallax-no wpr-sticky-section-no wpr-equal-height-no\" data-id=\"ec015ff\" data-element_type=\"section\" data-e-type=\"section\" data-settings=\"{&quot;stretch_section&quot;:&quot;section-stretched&quot;,&quot;background_background&quot;:&quot;classic&quot;}\">\n\t\t\t\t\t\t<div class=\"elementor-container elementor-column-gap-default\">\n\t\t\t\t\t<div class=\"elementor-column elementor-col-100 elementor-top-column elementor-element elementor-element-f86a51b\" data-id=\"f86a51b\" data-element_type=\"column\" data-e-type=\"column\">\n\t\t\t<div class=\"elementor-widget-wrap elementor-element-populated\">\n\t\t\t\t\t\t<div class=\"elementor-element elementor-element-bb8ed55 elementor-widget elementor-widget-heading\" data-id=\"bb8ed55\" data-element_type=\"widget\" data-e-type=\"widget\" data-widget_type=\"heading.default\">\n\t\t\t\t<div class=\"elementor-widget-container\">\n\t\t\t\t\t<h3 class=\"elementor-heading-title elementor-size-default\">Do you have an acquaintance with an addiction? Refer them to these self-help programs.<\/h3>\t\t\t\t<\/div>\n\t\t\t\t<\/div>\n\t\t\t\t<div class=\"elementor-element elementor-element-5a5fe23 elementor-widget elementor-widget-text-editor\" data-id=\"5a5fe23\" data-element_type=\"widget\" data-e-type=\"widget\" data-widget_type=\"text-editor.default\">\n\t\t\t\t<div class=\"elementor-widget-container\">\n\t\t\t\t\t\t\t\t\t<p>En la secci\u00f3n de <a href=\"https:\/\/accesolatino.org\/en\/salud\/\"><strong>\u201cSalud\u201d<\/strong><\/a> de <a href=\"http:\/\/accesolatino.org\/en\/\"><strong>accesolatino.org<\/strong><\/a> encontrar\u00e1s la herramienta en l\u00ednea y gratuita de <strong>\u201cAyuda en adicciones\u201d<\/strong>.<\/p><p>Este apartado te brinda cursos gratuitos de ayuda sobre adicciones; uno de los cursos es en el tema de depresi\u00f3n, debes ingresar a la opci\u00f3n <strong>\u201cAyuda para depresi\u00f3n\u201d<\/strong>.<\/p><p>En este sitio hallar\u00e1s todo lo relacionado sobre la depresi\u00f3n y un programa de autoayuda al cual puedes registrarte y tomarlo sin costo. Aqu\u00ed podr\u00e1s aprender cu\u00e1les son los s\u00edntomas de depresi\u00f3n, evaluar si los tienes y qu\u00e9 hacer para reducirlos.<\/p>\t\t\t\t\t\t\t\t<\/div>\n\t\t\t\t<\/div>\n\t\t\t\t<div class=\"elementor-element elementor-element-545e496 elementor-widget elementor-widget-spacer\" data-id=\"545e496\" data-element_type=\"widget\" data-e-type=\"widget\" data-widget_type=\"spacer.default\">\n\t\t\t\t<div class=\"elementor-widget-container\">\n\t\t\t\t\t\t\t<div class=\"elementor-spacer\">\n\t\t\t<div class=\"elementor-spacer-inner\"><\/div>\n\t\t<\/div>\n\t\t\t\t\t\t<\/div>\n\t\t\t\t<\/div>\n\t\t\t\t\t<\/div>\n\t\t<\/div>\n\t\t\t\t\t<\/div>\n\t\t<\/section>\n\t\t\t\t<\/div>","protected":false},"excerpt":{"rendered":"<p>Salud \u00bfTienes un conocido con alguna adicci\u00f3n? Ac\u00e9rcalo a estos programas de autoayuda En la secci\u00f3n de \u201cSalud\u201d de accesolatino.org encontrar\u00e1s la herramienta en l\u00ednea y gratuita de \u201cAyuda en adicciones\u201d. Este apartado te brinda cursos gratuitos de ayuda sobre adicciones; uno de los cursos es en el tema de depresi\u00f3n, debes ingresar a la opci\u00f3n \u201cAyuda para depresi\u00f3n\u201d. En este sitio hallar\u00e1s todo lo relacionado sobre la depresi\u00f3n y un programa de autoayuda al cual puedes registrarte y tomarlo sin costo. Aqu\u00ed podr\u00e1s aprender cu\u00e1les son los s\u00edntomas de depresi\u00f3n, evaluar si los tienes y qu\u00e9 hacer para reducirlos.<\/p>","protected":false},"author":4,"featured_media":15294,"parent":4668,"menu_order":0,"comment_status":"closed","ping_status":"closed","template":"elementor_header_footer","meta":{"_uf_show_specific_survey":0,"_uf_disable_surveys":false,"footnotes":""},"class_list":["post-15293","page","type-page","status-publish","has-post-thumbnail"],"aioseo_notices":[],"yoast_head":"<!-- This site is optimized with the Yoast SEO plugin v27.4 - https:\/\/yoast.com\/product\/yoast-seo-wordpress\/ -->\n<title>\u00bfTienes un conocido con alguna adicci\u00f3n? Ac\u00e9rcalo a estos programas de autoayuda<\/title>\n<meta name=\"description\" content=\"Conoce tus derechos y lo que Estados Unidos tiene para ofrecer a los migrantes en materia de Salud - Acceso Latino\" \/>\n<meta name=\"robots\" content=\"index, follow, max-snippet:-1, max-image-preview:large, max-video-preview:-1\" \/>\n<link rel=\"canonical\" href=\"https:\/\/accesolatino.org\/en\/salud\/tienes-un-conocido-con-alguna-adiccion-acercalo-a-estos-programas-de-autoayuda\/\" \/>\n<meta property=\"og:locale\" content=\"en_US\" \/>\n<meta property=\"og:type\" content=\"article\" \/>\n<meta property=\"og:title\" content=\"Acceso Latino | \u00bfTienes un conocido con alguna adicci\u00f3n? Ac\u00e9rcalo a estos programas de autoayuda\" \/>\n<meta property=\"og:description\" content=\"Conoce todo lo que Estados Unidos tiene para ofrecer a los migrantes en materia de Salud\" \/>\n<meta property=\"og:url\" content=\"https:\/\/accesolatino.org\/en\/salud\/tienes-un-conocido-con-alguna-adiccion-acercalo-a-estos-programas-de-autoayuda\/\" \/>\n<meta property=\"og:site_name\" content=\"Acceso Latino\" \/>\n<meta property=\"article:publisher\" content=\"https:\/\/www.facebook.com\/AccesoLatinoOrg\" \/>\n<meta property=\"article:modified_time\" content=\"2025-10-15T20:05:26+00:00\" \/>\n<meta property=\"og:image\" content=\"https:\/\/accesolatino.org\/wp-content\/uploads\/2018\/11\/Tienes-un-conocido-con-alguna-adiccion-Acercalo-a-estos-programas-de-autoayuda.jpg\" \/>\n\t<meta property=\"og:image:width\" content=\"600\" \/>\n\t<meta property=\"og:image:height\" content=\"338\" \/>\n\t<meta property=\"og:image:type\" content=\"image\/jpeg\" \/>\n<meta name=\"twitter:card\" content=\"summary_large_image\" \/>\n<meta name=\"twitter:title\" content=\"Acceso Latino | \u00bfTienes un conocido con alguna adicci\u00f3n? Ac\u00e9rcalo a estos programas de autoayuda\" \/>\n<meta name=\"twitter:description\" content=\"Conoce todo lo que Estados Unidos tiene para ofrecer a los migrantes en materia de Salud\" \/>\n<meta name=\"twitter:image\" content=\"https:\/\/accesolatino.org\/wp-content\/uploads\/2018\/11\/Tienes-un-conocido-con-alguna-adiccion-Acercalo-a-estos-programas-de-autoayuda.jpg\" \/>\n<meta name=\"twitter:site\" content=\"@FAccLatino\" \/>\n<meta name=\"twitter:label1\" content=\"Est. reading time\" \/>\n\t<meta name=\"twitter:data1\" content=\"1 minute\" \/>\n<script type=\"application\/ld+json\" class=\"yoast-schema-graph\">{\"@context\":\"https:\\\/\\\/schema.org\",\"@graph\":[{\"@type\":\"WebPage\",\"@id\":\"https:\\\/\\\/accesolatino.org\\\/en\\\/salud\\\/tienes-un-conocido-con-alguna-adiccion-acercalo-a-estos-programas-de-autoayuda\\\/\",\"url\":\"https:\\\/\\\/accesolatino.org\\\/en\\\/salud\\\/tienes-un-conocido-con-alguna-adiccion-acercalo-a-estos-programas-de-autoayuda\\\/\",\"name\":\"\u00bfTienes un conocido con alguna adicci\u00f3n? Ac\u00e9rcalo a estos programas de autoayuda\",\"isPartOf\":{\"@id\":\"https:\\\/\\\/accesolatino.org\\\/#website\"},\"primaryImageOfPage\":{\"@id\":\"https:\\\/\\\/accesolatino.org\\\/en\\\/salud\\\/tienes-un-conocido-con-alguna-adiccion-acercalo-a-estos-programas-de-autoayuda\\\/#primaryimage\"},\"image\":{\"@id\":\"https:\\\/\\\/accesolatino.org\\\/en\\\/salud\\\/tienes-un-conocido-con-alguna-adiccion-acercalo-a-estos-programas-de-autoayuda\\\/#primaryimage\"},\"thumbnailUrl\":\"https:\\\/\\\/accesolatino.org\\\/wp-content\\\/uploads\\\/2018\\\/11\\\/Tienes-un-conocido-con-alguna-adiccion-Acercalo-a-estos-programas-de-autoayuda.jpg\",\"datePublished\":\"2018-11-05T18:17:28+00:00\",\"dateModified\":\"2025-10-15T20:05:26+00:00\",\"description\":\"Conoce tus derechos y lo que Estados Unidos tiene para ofrecer a los migrantes en materia de Salud - Acceso Latino\",\"breadcrumb\":{\"@id\":\"https:\\\/\\\/accesolatino.org\\\/en\\\/salud\\\/tienes-un-conocido-con-alguna-adiccion-acercalo-a-estos-programas-de-autoayuda\\\/#breadcrumb\"},\"inLanguage\":\"en-US\",\"potentialAction\":[{\"@type\":\"ReadAction\",\"target\":[\"https:\\\/\\\/accesolatino.org\\\/en\\\/salud\\\/tienes-un-conocido-con-alguna-adiccion-acercalo-a-estos-programas-de-autoayuda\\\/\"]}]},{\"@type\":\"ImageObject\",\"inLanguage\":\"en-US\",\"@id\":\"https:\\\/\\\/accesolatino.org\\\/en\\\/salud\\\/tienes-un-conocido-con-alguna-adiccion-acercalo-a-estos-programas-de-autoayuda\\\/#primaryimage\",\"url\":\"https:\\\/\\\/accesolatino.org\\\/wp-content\\\/uploads\\\/2018\\\/11\\\/Tienes-un-conocido-con-alguna-adiccion-Acercalo-a-estos-programas-de-autoayuda.jpg\",\"contentUrl\":\"https:\\\/\\\/accesolatino.org\\\/wp-content\\\/uploads\\\/2018\\\/11\\\/Tienes-un-conocido-con-alguna-adiccion-Acercalo-a-estos-programas-de-autoayuda.jpg\",\"width\":600,\"height\":338,\"caption\":\"adicciones\"},{\"@type\":\"BreadcrumbList\",\"@id\":\"https:\\\/\\\/accesolatino.org\\\/en\\\/salud\\\/tienes-un-conocido-con-alguna-adiccion-acercalo-a-estos-programas-de-autoayuda\\\/#breadcrumb\",\"itemListElement\":[{\"@type\":\"ListItem\",\"position\":1,\"name\":\"Portada\",\"item\":\"https:\\\/\\\/accesolatino.org\\\/\"},{\"@type\":\"ListItem\",\"position\":2,\"name\":\"Salud\",\"item\":\"https:\\\/\\\/accesolatino.org\\\/salud\\\/\"},{\"@type\":\"ListItem\",\"position\":3,\"name\":\"\u00bfTienes un conocido con alguna adicci\u00f3n? Ac\u00e9rcalo a estos programas de autoayuda\"}]},{\"@type\":\"WebSite\",\"@id\":\"https:\\\/\\\/accesolatino.org\\\/#website\",\"url\":\"https:\\\/\\\/accesolatino.org\\\/\",\"name\":\"Acceso Latino | Fundaci\u00f3n Carlos Slim\",\"description\":\"Fundaci\u00f3n Carlos Slim\",\"publisher\":{\"@id\":\"https:\\\/\\\/accesolatino.org\\\/#organization\"},\"potentialAction\":[{\"@type\":\"SearchAction\",\"target\":{\"@type\":\"EntryPoint\",\"urlTemplate\":\"https:\\\/\\\/accesolatino.org\\\/?s={search_term_string}\"},\"query-input\":{\"@type\":\"PropertyValueSpecification\",\"valueRequired\":true,\"valueName\":\"search_term_string\"}}],\"inLanguage\":\"en-US\"},{\"@type\":\"Organization\",\"@id\":\"https:\\\/\\\/accesolatino.org\\\/#organization\",\"name\":\"Acceso Latino | Fundaci\u00f3n Carlos Slim\",\"url\":\"https:\\\/\\\/accesolatino.org\\\/\",\"logo\":{\"@type\":\"ImageObject\",\"inLanguage\":\"en-US\",\"@id\":\"https:\\\/\\\/accesolatino.org\\\/#\\\/schema\\\/logo\\\/image\\\/\",\"url\":\"https:\\\/\\\/accesolatino.org\\\/wp-content\\\/uploads\\\/2021\\\/02\\\/logo-footer-acceso-latino.png\",\"contentUrl\":\"https:\\\/\\\/accesolatino.org\\\/wp-content\\\/uploads\\\/2021\\\/02\\\/logo-footer-acceso-latino.png\",\"width\":240,\"height\":40,\"caption\":\"Acceso Latino | Fundaci\u00f3n Carlos Slim\"},\"image\":{\"@id\":\"https:\\\/\\\/accesolatino.org\\\/#\\\/schema\\\/logo\\\/image\\\/\"},\"sameAs\":[\"https:\\\/\\\/www.facebook.com\\\/AccesoLatinoOrg\",\"https:\\\/\\\/x.com\\\/FAccLatino\"]}]}<\/script>\n<!-- \/ Yoast SEO plugin. -->","yoast_head_json":{"title":"Do you have an acquaintance with an addiction? Refer them to these self-help programs.","description":"Conoce tus derechos y lo que Estados Unidos tiene para ofrecer a los migrantes en materia de Salud - Acceso Latino","robots":{"index":"index","follow":"follow","max-snippet":"max-snippet:-1","max-image-preview":"max-image-preview:large","max-video-preview":"max-video-preview:-1"},"canonical":"https:\/\/accesolatino.org\/en\/salud\/tienes-un-conocido-con-alguna-adiccion-acercalo-a-estos-programas-de-autoayuda\/","og_locale":"en_US","og_type":"article","og_title":"Acceso Latino | \u00bfTienes un conocido con alguna adicci\u00f3n? Ac\u00e9rcalo a estos programas de autoayuda","og_description":"Conoce todo lo que Estados Unidos tiene para ofrecer a los migrantes en materia de Salud","og_url":"https:\/\/accesolatino.org\/en\/salud\/tienes-un-conocido-con-alguna-adiccion-acercalo-a-estos-programas-de-autoayuda\/","og_site_name":"Acceso Latino","article_publisher":"https:\/\/www.facebook.com\/AccesoLatinoOrg","article_modified_time":"2025-10-15T20:05:26+00:00","og_image":[{"width":600,"height":338,"url":"https:\/\/accesolatino.org\/wp-content\/uploads\/2018\/11\/Tienes-un-conocido-con-alguna-adiccion-Acercalo-a-estos-programas-de-autoayuda.jpg","type":"image\/jpeg"}],"twitter_card":"summary_large_image","twitter_title":"Acceso Latino | \u00bfTienes un conocido con alguna adicci\u00f3n? Ac\u00e9rcalo a estos programas de autoayuda","twitter_description":"Conoce todo lo que Estados Unidos tiene para ofrecer a los migrantes en materia de Salud","twitter_image":"https:\/\/accesolatino.org\/wp-content\/uploads\/2018\/11\/Tienes-un-conocido-con-alguna-adiccion-Acercalo-a-estos-programas-de-autoayuda.jpg","twitter_site":"@FAccLatino","twitter_misc":{"Est. reading time":"1 minute"},"schema":{"@context":"https:\/\/schema.org","@graph":[{"@type":"WebPage","@id":"https:\/\/accesolatino.org\/en\/salud\/tienes-un-conocido-con-alguna-adiccion-acercalo-a-estos-programas-de-autoayuda\/","url":"https:\/\/accesolatino.org\/en\/salud\/tienes-un-conocido-con-alguna-adiccion-acercalo-a-estos-programas-de-autoayuda\/","name":"Do you have an acquaintance with an addiction? Refer them to these self-help programs.","isPartOf":{"@id":"https:\/\/accesolatino.org\/#website"},"primaryImageOfPage":{"@id":"https:\/\/accesolatino.org\/en\/salud\/tienes-un-conocido-con-alguna-adiccion-acercalo-a-estos-programas-de-autoayuda\/#primaryimage"},"image":{"@id":"https:\/\/accesolatino.org\/en\/salud\/tienes-un-conocido-con-alguna-adiccion-acercalo-a-estos-programas-de-autoayuda\/#primaryimage"},"thumbnailUrl":"https:\/\/accesolatino.org\/wp-content\/uploads\/2018\/11\/Tienes-un-conocido-con-alguna-adiccion-Acercalo-a-estos-programas-de-autoayuda.jpg","datePublished":"2018-11-05T18:17:28+00:00","dateModified":"2025-10-15T20:05:26+00:00","description":"Conoce tus derechos y lo que Estados Unidos tiene para ofrecer a los migrantes en materia de Salud - Acceso Latino","breadcrumb":{"@id":"https:\/\/accesolatino.org\/en\/salud\/tienes-un-conocido-con-alguna-adiccion-acercalo-a-estos-programas-de-autoayuda\/#breadcrumb"},"inLanguage":"en-US","potentialAction":[{"@type":"ReadAction","target":["https:\/\/accesolatino.org\/en\/salud\/tienes-un-conocido-con-alguna-adiccion-acercalo-a-estos-programas-de-autoayuda\/"]}]},{"@type":"ImageObject","inLanguage":"en-US","@id":"https:\/\/accesolatino.org\/en\/salud\/tienes-un-conocido-con-alguna-adiccion-acercalo-a-estos-programas-de-autoayuda\/#primaryimage","url":"https:\/\/accesolatino.org\/wp-content\/uploads\/2018\/11\/Tienes-un-conocido-con-alguna-adiccion-Acercalo-a-estos-programas-de-autoayuda.jpg","contentUrl":"https:\/\/accesolatino.org\/wp-content\/uploads\/2018\/11\/Tienes-un-conocido-con-alguna-adiccion-Acercalo-a-estos-programas-de-autoayuda.jpg","width":600,"height":338,"caption":"adicciones"},{"@type":"BreadcrumbList","@id":"https:\/\/accesolatino.org\/en\/salud\/tienes-un-conocido-con-alguna-adiccion-acercalo-a-estos-programas-de-autoayuda\/#breadcrumb","itemListElement":[{"@type":"ListItem","position":1,"name":"Portada","item":"https:\/\/accesolatino.org\/"},{"@type":"ListItem","position":2,"name":"Salud","item":"https:\/\/accesolatino.org\/salud\/"},{"@type":"ListItem","position":3,"name":"\u00bfTienes un conocido con alguna adicci\u00f3n? Ac\u00e9rcalo a estos programas de autoayuda"}]},{"@type":"WebSite","@id":"https:\/\/accesolatino.org\/#website","url":"https:\/\/accesolatino.org\/","name":"Acceso Latino | Fundaci\u00f3n Carlos Slim","description":"Fundaci\u00f3n Carlos Slim","publisher":{"@id":"https:\/\/accesolatino.org\/#organization"},"potentialAction":[{"@type":"SearchAction","target":{"@type":"EntryPoint","urlTemplate":"https:\/\/accesolatino.org\/?s={search_term_string}"},"query-input":{"@type":"PropertyValueSpecification","valueRequired":true,"valueName":"search_term_string"}}],"inLanguage":"en-US"},{"@type":"Organization","@id":"https:\/\/accesolatino.org\/#organization","name":"Acceso Latino | Fundaci\u00f3n Carlos Slim","url":"https:\/\/accesolatino.org\/","logo":{"@type":"ImageObject","inLanguage":"en-US","@id":"https:\/\/accesolatino.org\/#\/schema\/logo\/image\/","url":"https:\/\/accesolatino.org\/wp-content\/uploads\/2021\/02\/logo-footer-acceso-latino.png","contentUrl":"https:\/\/accesolatino.org\/wp-content\/uploads\/2021\/02\/logo-footer-acceso-latino.png","width":240,"height":40,"caption":"Acceso Latino | Fundaci\u00f3n Carlos Slim"},"image":{"@id":"https:\/\/accesolatino.org\/#\/schema\/logo\/image\/"},"sameAs":["https:\/\/www.facebook.com\/AccesoLatinoOrg","https:\/\/x.com\/FAccLatino"]}]}},"_links":{"self":[{"href":"https:\/\/accesolatino.org\/en\/wp-json\/wp\/v2\/pages\/15293","targetHints":{"allow":["GET"]}}],"collection":[{"href":"https:\/\/accesolatino.org\/en\/wp-json\/wp\/v2\/pages"}],"about":[{"href":"https:\/\/accesolatino.org\/en\/wp-json\/wp\/v2\/types\/page"}],"author":[{"embeddable":true,"href":"https:\/\/accesolatino.org\/en\/wp-json\/wp\/v2\/users\/4"}],"replies":[{"embeddable":true,"href":"https:\/\/accesolatino.org\/en\/wp-json\/wp\/v2\/comments?post=15293"}],"version-history":[{"count":1,"href":"https:\/\/accesolatino.org\/en\/wp-json\/wp\/v2\/pages\/15293\/revisions"}],"predecessor-version":[{"id":64008,"href":"https:\/\/accesolatino.org\/en\/wp-json\/wp\/v2\/pages\/15293\/revisions\/64008"}],"up":[{"embeddable":true,"href":"https:\/\/accesolatino.org\/en\/wp-json\/wp\/v2\/pages\/4668"}],"wp:featuredmedia":[{"embeddable":true,"href":"https:\/\/accesolatino.org\/en\/wp-json\/wp\/v2\/media\/15294"}],"wp:attachment":[{"href":"https:\/\/accesolatino.org\/en\/wp-json\/wp\/v2\/media?parent=15293"}],"curies":[{"name":"wp","href":"https:\/\/api.w.org\/{rel}","templated":true}]}}