{"id":15281,"date":"2018-11-02T11:43:47","date_gmt":"2018-11-02T17:43:47","guid":{"rendered":"https:\/\/accesolatino.org\/?page_id=15281"},"modified":"2025-10-15T14:19:46","modified_gmt":"2025-10-15T20:19:46","slug":"cuida-tu-salud-con-nuestro-material-de-autocuidado-y-prevencion-elaborado-por-expertos","status":"publish","type":"page","link":"https:\/\/accesolatino.org\/en\/salud\/cuida-tu-salud-con-nuestro-material-de-autocuidado-y-prevencion-elaborado-por-expertos\/","title":{"rendered":"Take care of your health with our self-care and prevention material prepared by experts."},"content":{"rendered":"<div data-elementor-type=\"wp-post\" data-elementor-id=\"15281\" class=\"elementor elementor-15281\">\n\t\t\t\t\t\t<section class=\"elementor-section elementor-top-section elementor-element elementor-element-3bd6224 elementor-section-full_width elementor-section-height-min-height elementor-section-items-stretch elementor-section-height-default wpr-particle-no wpr-jarallax-no wpr-parallax-no wpr-sticky-section-no wpr-equal-height-no\" data-id=\"3bd6224\" data-element_type=\"section\" data-e-type=\"section\" data-settings=\"{&quot;background_background&quot;:&quot;classic&quot;}\">\n\t\t\t\t\t\t<div class=\"elementor-container elementor-column-gap-no\">\n\t\t\t\t\t<div class=\"elementor-column elementor-col-100 elementor-top-column elementor-element elementor-element-e2a88ea\" data-id=\"e2a88ea\" data-element_type=\"column\" data-e-type=\"column\">\n\t\t\t<div class=\"elementor-widget-wrap elementor-element-populated\">\n\t\t\t\t\t\t<div class=\"elementor-element elementor-element-1619639 elementor--h-position-center elementor--v-position-middle elementor-widget elementor-widget-slides\" data-id=\"1619639\" data-element_type=\"widget\" data-e-type=\"widget\" data-settings=\"{&quot;navigation&quot;:&quot;none&quot;,&quot;infinite&quot;:&quot;yes&quot;,&quot;transition&quot;:&quot;slide&quot;,&quot;transition_speed&quot;:500}\" data-widget_type=\"slides.default\">\n\t\t\t\t<div class=\"elementor-widget-container\">\n\t\t\t\t\t\t\t<div class=\"elementor-swiper\">\n\t\t\t<div class=\"elementor-slides-wrapper elementor-main-swiper swiper-container\" dir=\"ltr\" data-animation=\"\">\n\t\t\t\t<div class=\"swiper-wrapper elementor-slides\">\n\t\t\t\t\t\t\t\t\t\t<div class=\"elementor-repeater-item-d983a28 swiper-slide\"><div class=\"swiper-slide-bg\"><\/div><div class=\"swiper-slide-inner\" ><div class=\"swiper-slide-contents\"><div class=\"elementor-slide-heading\">Health<\/div><\/div><\/div><\/div>\t\t\t\t<\/div>\n\t\t\t\t\t\t\t<\/div>\n\t\t<\/div>\n\t\t\t\t\t\t<\/div>\n\t\t\t\t<\/div>\n\t\t\t\t\t<\/div>\n\t\t<\/div>\n\t\t\t\t\t<\/div>\n\t\t<\/section>\n\t\t\t\t<section class=\"elementor-section elementor-top-section elementor-element elementor-element-3e2b68e elementor-section-stretched elementor-section-boxed elementor-section-height-default elementor-section-height-default wpr-particle-no wpr-jarallax-no wpr-parallax-no wpr-sticky-section-no wpr-equal-height-no\" data-id=\"3e2b68e\" data-element_type=\"section\" data-e-type=\"section\" data-settings=\"{&quot;stretch_section&quot;:&quot;section-stretched&quot;,&quot;background_background&quot;:&quot;classic&quot;}\">\n\t\t\t\t\t\t<div class=\"elementor-container elementor-column-gap-default\">\n\t\t\t\t\t<div class=\"elementor-column elementor-col-100 elementor-top-column elementor-element elementor-element-73049ea\" data-id=\"73049ea\" data-element_type=\"column\" data-e-type=\"column\">\n\t\t\t<div class=\"elementor-widget-wrap elementor-element-populated\">\n\t\t\t\t\t\t<div class=\"elementor-element elementor-element-ede3214 elementor-widget elementor-widget-heading\" data-id=\"ede3214\" data-element_type=\"widget\" data-e-type=\"widget\" data-widget_type=\"heading.default\">\n\t\t\t\t<div class=\"elementor-widget-container\">\n\t\t\t\t\t<h3 class=\"elementor-heading-title elementor-size-default\">Take care of your health with our self-care and prevention material prepared by experts.<\/h3>\t\t\t\t<\/div>\n\t\t\t\t<\/div>\n\t\t\t\t<div class=\"elementor-element elementor-element-92a9f21 elementor-widget elementor-widget-text-editor\" data-id=\"92a9f21\" data-element_type=\"widget\" data-e-type=\"widget\" data-widget_type=\"text-editor.default\">\n\t\t\t\t<div class=\"elementor-widget-container\">\n\t\t\t\t\t\t\t\t\t<p>Te proporcionamos manuales, c\u00e1psulas, art\u00edculos, tips y herramientas para que al informarte tengas una vida m\u00e1s sana cuidando tu cuerpo y tu mente.<\/p><p>In the section <a href=\"https:\/\/accesolatino.org\/en\/salud\/\"><strong>\u201cSalud\u201d<\/strong><\/a> de <a href=\"http:\/\/accesolatino.org\/en\/\"><strong>accesolatino.org<\/strong><\/a> creamos la herramienta de <a href=\"https:\/\/www.clikisalud.net\/\">\u201c<strong>ClikiSalud\u201d<\/strong><\/a> desarrollada por la Fundaci\u00f3n Carlos Slim para generar una cultura de autocuidado.<\/p><p>In <a href=\"https:\/\/www.clikisalud.net\/\"><strong>\u201cClikiSalud\u201d<\/strong><\/a> encontrar\u00e1s informaci\u00f3n en diversos temas de salud:<\/p><p>* Adicciones<\/p><p>* Autismo<\/p><p>* C\u00e1ncer<\/p><p>* Colitis y Gastritis<\/p><p>* Depresi\u00f3n y Mente<\/p><p>* Diabetes<\/p><p>* Dislexia<\/p><p>* Eco salud<\/p><p>* Embarazo<\/p><p>* Epilepsia<\/p><p>* Hipertensi\u00f3n y coraz\u00f3n<\/p><p>* Infarto cerebral<\/p><p>* Insuficiencia renal y ri\u00f1\u00f3n<\/p><p>* Obesidad y nutrici\u00f3n<\/p><p>* Salud sexual<\/p><p>* Vacunaci\u00f3n<\/p><p>Ingresa a la secci\u00f3n <a href=\"https:\/\/accesolatino.org\/en\/salud\/\"><strong>\u201cSalud\u201d<\/strong><\/a> para obtener toda la informaci\u00f3n de utilidad sobre los programas de salud para migrantes en Estados Unidos.<\/p>\t\t\t\t\t\t\t\t<\/div>\n\t\t\t\t<\/div>\n\t\t\t\t<div class=\"elementor-element elementor-element-b0ad979 elementor-widget elementor-widget-spacer\" data-id=\"b0ad979\" data-element_type=\"widget\" data-e-type=\"widget\" data-widget_type=\"spacer.default\">\n\t\t\t\t<div class=\"elementor-widget-container\">\n\t\t\t\t\t\t\t<div class=\"elementor-spacer\">\n\t\t\t<div class=\"elementor-spacer-inner\"><\/div>\n\t\t<\/div>\n\t\t\t\t\t\t<\/div>\n\t\t\t\t<\/div>\n\t\t\t\t\t<\/div>\n\t\t<\/div>\n\t\t\t\t\t<\/div>\n\t\t<\/section>\n\t\t\t\t<\/div>","protected":false},"excerpt":{"rendered":"<p>Salud Cuida tu salud con nuestro material de autocuidado y prevenci\u00f3n elaborado por expertos Te proporcionamos manuales, c\u00e1psulas, art\u00edculos, tips y herramientas para que al informarte tengas una vida m\u00e1s sana cuidando tu cuerpo y tu mente. En la secci\u00f3n \u201cSalud\u201d de accesolatino.org creamos la herramienta de \u201cClikiSalud\u201d desarrollada por la Fundaci\u00f3n Carlos Slim para generar una cultura de autocuidado. En \u201cClikiSalud\u201d encontrar\u00e1s informaci\u00f3n en diversos temas de salud: * Adicciones * Autismo * C\u00e1ncer * Colitis y Gastritis * Depresi\u00f3n y Mente * Diabetes * Dislexia * Eco salud * Embarazo * Epilepsia * Hipertensi\u00f3n y coraz\u00f3n * Infarto cerebral * Insuficiencia renal y ri\u00f1\u00f3n * Obesidad y nutrici\u00f3n * Salud sexual * Vacunaci\u00f3n Ingresa a la secci\u00f3n \u201cSalud\u201d para obtener toda la informaci\u00f3n de utilidad sobre los programas de salud para migrantes en Estados Unidos.<\/p>","protected":false},"author":4,"featured_media":15282,"parent":4668,"menu_order":0,"comment_status":"closed","ping_status":"closed","template":"elementor_header_footer","meta":{"_uf_show_specific_survey":0,"_uf_disable_surveys":false,"footnotes":""},"class_list":["post-15281","page","type-page","status-publish","has-post-thumbnail"],"aioseo_notices":[],"yoast_head":"<!-- This site is optimized with the Yoast SEO plugin v27.4 - https:\/\/yoast.com\/product\/yoast-seo-wordpress\/ -->\n<title>Cuida tu salud con nuestro material de autocuidado y prevenci\u00f3n elaborado por expertos<\/title>\n<meta name=\"description\" content=\"Conoce tus derechos y lo que Estados Unidos tiene para ofrecer a los migrantes en materia de Salud - Acceso Latino\" \/>\n<meta name=\"robots\" content=\"index, follow, max-snippet:-1, max-image-preview:large, max-video-preview:-1\" \/>\n<link rel=\"canonical\" href=\"https:\/\/accesolatino.org\/en\/salud\/cuida-tu-salud-con-nuestro-material-de-autocuidado-y-prevencion-elaborado-por-expertos\/\" \/>\n<meta property=\"og:locale\" content=\"en_US\" \/>\n<meta property=\"og:type\" content=\"article\" \/>\n<meta property=\"og:title\" content=\"Acceso Latino | Cuida tu salud con nuestro material de autocuidado y prevenci\u00f3n elaborado por expertos\" \/>\n<meta property=\"og:description\" content=\"Conoce todo lo que Estados Unidos tiene para ofrecer a los migrantes en materia de Salud\" \/>\n<meta property=\"og:url\" content=\"https:\/\/accesolatino.org\/en\/salud\/cuida-tu-salud-con-nuestro-material-de-autocuidado-y-prevencion-elaborado-por-expertos\/\" \/>\n<meta property=\"og:site_name\" content=\"Acceso Latino\" \/>\n<meta property=\"article:publisher\" content=\"https:\/\/www.facebook.com\/AccesoLatinoOrg\" \/>\n<meta property=\"article:modified_time\" content=\"2025-10-15T20:19:46+00:00\" \/>\n<meta property=\"og:image\" content=\"https:\/\/accesolatino.org\/wp-content\/uploads\/2018\/11\/Cuida-tu-salud-con-nuestro-material-de-autocuidado-y-prevencion-elaborado-por-expertos.jpg\" \/>\n\t<meta property=\"og:image:width\" content=\"600\" \/>\n\t<meta property=\"og:image:height\" content=\"338\" \/>\n\t<meta property=\"og:image:type\" content=\"image\/jpeg\" \/>\n<meta name=\"twitter:card\" content=\"summary_large_image\" \/>\n<meta name=\"twitter:title\" content=\"Acceso Latino | Cuida tu salud con nuestro material de autocuidado y prevenci\u00f3n elaborado por expertos\" \/>\n<meta name=\"twitter:description\" content=\"Conoce todo lo que Estados Unidos tiene para ofrecer a los migrantes en materia de Salud\" \/>\n<meta name=\"twitter:image\" content=\"https:\/\/accesolatino.org\/wp-content\/uploads\/2018\/11\/Cuida-tu-salud-con-nuestro-material-de-autocuidado-y-prevencion-elaborado-por-expertos.jpg\" \/>\n<meta name=\"twitter:site\" content=\"@FAccLatino\" \/>\n<meta name=\"twitter:label1\" content=\"Est. reading time\" \/>\n\t<meta name=\"twitter:data1\" content=\"1 minute\" \/>\n<script type=\"application\/ld+json\" class=\"yoast-schema-graph\">{\"@context\":\"https:\\\/\\\/schema.org\",\"@graph\":[{\"@type\":\"WebPage\",\"@id\":\"https:\\\/\\\/accesolatino.org\\\/salud\\\/cuida-tu-salud-con-nuestro-material-de-autocuidado-y-prevencion-elaborado-por-expertos\\\/\",\"url\":\"https:\\\/\\\/accesolatino.org\\\/salud\\\/cuida-tu-salud-con-nuestro-material-de-autocuidado-y-prevencion-elaborado-por-expertos\\\/\",\"name\":\"Cuida tu salud con nuestro material de autocuidado y prevenci\u00f3n elaborado por expertos\",\"isPartOf\":{\"@id\":\"https:\\\/\\\/accesolatino.org\\\/#website\"},\"primaryImageOfPage\":{\"@id\":\"https:\\\/\\\/accesolatino.org\\\/salud\\\/cuida-tu-salud-con-nuestro-material-de-autocuidado-y-prevencion-elaborado-por-expertos\\\/#primaryimage\"},\"image\":{\"@id\":\"https:\\\/\\\/accesolatino.org\\\/salud\\\/cuida-tu-salud-con-nuestro-material-de-autocuidado-y-prevencion-elaborado-por-expertos\\\/#primaryimage\"},\"thumbnailUrl\":\"https:\\\/\\\/accesolatino.org\\\/wp-content\\\/uploads\\\/2018\\\/11\\\/Cuida-tu-salud-con-nuestro-material-de-autocuidado-y-prevencion-elaborado-por-expertos.jpg\",\"datePublished\":\"2018-11-02T17:43:47+00:00\",\"dateModified\":\"2025-10-15T20:19:46+00:00\",\"description\":\"Conoce tus derechos y lo que Estados Unidos tiene para ofrecer a los migrantes en materia de Salud - Acceso Latino\",\"breadcrumb\":{\"@id\":\"https:\\\/\\\/accesolatino.org\\\/salud\\\/cuida-tu-salud-con-nuestro-material-de-autocuidado-y-prevencion-elaborado-por-expertos\\\/#breadcrumb\"},\"inLanguage\":\"en-US\",\"potentialAction\":[{\"@type\":\"ReadAction\",\"target\":[\"https:\\\/\\\/accesolatino.org\\\/salud\\\/cuida-tu-salud-con-nuestro-material-de-autocuidado-y-prevencion-elaborado-por-expertos\\\/\"]}]},{\"@type\":\"ImageObject\",\"inLanguage\":\"en-US\",\"@id\":\"https:\\\/\\\/accesolatino.org\\\/salud\\\/cuida-tu-salud-con-nuestro-material-de-autocuidado-y-prevencion-elaborado-por-expertos\\\/#primaryimage\",\"url\":\"https:\\\/\\\/accesolatino.org\\\/wp-content\\\/uploads\\\/2018\\\/11\\\/Cuida-tu-salud-con-nuestro-material-de-autocuidado-y-prevencion-elaborado-por-expertos.jpg\",\"contentUrl\":\"https:\\\/\\\/accesolatino.org\\\/wp-content\\\/uploads\\\/2018\\\/11\\\/Cuida-tu-salud-con-nuestro-material-de-autocuidado-y-prevencion-elaborado-por-expertos.jpg\",\"width\":600,\"height\":338,\"caption\":\"salud\"},{\"@type\":\"BreadcrumbList\",\"@id\":\"https:\\\/\\\/accesolatino.org\\\/salud\\\/cuida-tu-salud-con-nuestro-material-de-autocuidado-y-prevencion-elaborado-por-expertos\\\/#breadcrumb\",\"itemListElement\":[{\"@type\":\"ListItem\",\"position\":1,\"name\":\"Portada\",\"item\":\"https:\\\/\\\/accesolatino.org\\\/\"},{\"@type\":\"ListItem\",\"position\":2,\"name\":\"Salud\",\"item\":\"https:\\\/\\\/accesolatino.org\\\/salud\\\/\"},{\"@type\":\"ListItem\",\"position\":3,\"name\":\"Cuida tu salud con nuestro material de autocuidado y prevenci\u00f3n elaborado por expertos\"}]},{\"@type\":\"WebSite\",\"@id\":\"https:\\\/\\\/accesolatino.org\\\/#website\",\"url\":\"https:\\\/\\\/accesolatino.org\\\/\",\"name\":\"Acceso Latino | Fundaci\u00f3n Carlos Slim\",\"description\":\"Fundaci\u00f3n Carlos Slim\",\"publisher\":{\"@id\":\"https:\\\/\\\/accesolatino.org\\\/#organization\"},\"potentialAction\":[{\"@type\":\"SearchAction\",\"target\":{\"@type\":\"EntryPoint\",\"urlTemplate\":\"https:\\\/\\\/accesolatino.org\\\/?s={search_term_string}\"},\"query-input\":{\"@type\":\"PropertyValueSpecification\",\"valueRequired\":true,\"valueName\":\"search_term_string\"}}],\"inLanguage\":\"en-US\"},{\"@type\":\"Organization\",\"@id\":\"https:\\\/\\\/accesolatino.org\\\/#organization\",\"name\":\"Acceso Latino | Fundaci\u00f3n Carlos Slim\",\"url\":\"https:\\\/\\\/accesolatino.org\\\/\",\"logo\":{\"@type\":\"ImageObject\",\"inLanguage\":\"en-US\",\"@id\":\"https:\\\/\\\/accesolatino.org\\\/#\\\/schema\\\/logo\\\/image\\\/\",\"url\":\"https:\\\/\\\/accesolatino.org\\\/wp-content\\\/uploads\\\/2021\\\/02\\\/logo-footer-acceso-latino.png\",\"contentUrl\":\"https:\\\/\\\/accesolatino.org\\\/wp-content\\\/uploads\\\/2021\\\/02\\\/logo-footer-acceso-latino.png\",\"width\":240,\"height\":40,\"caption\":\"Acceso Latino | Fundaci\u00f3n Carlos Slim\"},\"image\":{\"@id\":\"https:\\\/\\\/accesolatino.org\\\/#\\\/schema\\\/logo\\\/image\\\/\"},\"sameAs\":[\"https:\\\/\\\/www.facebook.com\\\/AccesoLatinoOrg\",\"https:\\\/\\\/x.com\\\/FAccLatino\"]}]}<\/script>\n<!-- \/ Yoast SEO plugin. -->","yoast_head_json":{"title":"Take care of your health with our self-care and prevention material prepared by experts.","description":"Conoce tus derechos y lo que Estados Unidos tiene para ofrecer a los migrantes en materia de Salud - Acceso Latino","robots":{"index":"index","follow":"follow","max-snippet":"max-snippet:-1","max-image-preview":"max-image-preview:large","max-video-preview":"max-video-preview:-1"},"canonical":"https:\/\/accesolatino.org\/en\/salud\/cuida-tu-salud-con-nuestro-material-de-autocuidado-y-prevencion-elaborado-por-expertos\/","og_locale":"en_US","og_type":"article","og_title":"Acceso Latino | Cuida tu salud con nuestro material de autocuidado y prevenci\u00f3n elaborado por expertos","og_description":"Conoce todo lo que Estados Unidos tiene para ofrecer a los migrantes en materia de Salud","og_url":"https:\/\/accesolatino.org\/en\/salud\/cuida-tu-salud-con-nuestro-material-de-autocuidado-y-prevencion-elaborado-por-expertos\/","og_site_name":"Acceso Latino","article_publisher":"https:\/\/www.facebook.com\/AccesoLatinoOrg","article_modified_time":"2025-10-15T20:19:46+00:00","og_image":[{"width":600,"height":338,"url":"https:\/\/accesolatino.org\/wp-content\/uploads\/2018\/11\/Cuida-tu-salud-con-nuestro-material-de-autocuidado-y-prevencion-elaborado-por-expertos.jpg","type":"image\/jpeg"}],"twitter_card":"summary_large_image","twitter_title":"Acceso Latino | Cuida tu salud con nuestro material de autocuidado y prevenci\u00f3n elaborado por expertos","twitter_description":"Conoce todo lo que Estados Unidos tiene para ofrecer a los migrantes en materia de Salud","twitter_image":"https:\/\/accesolatino.org\/wp-content\/uploads\/2018\/11\/Cuida-tu-salud-con-nuestro-material-de-autocuidado-y-prevencion-elaborado-por-expertos.jpg","twitter_site":"@FAccLatino","twitter_misc":{"Est. reading time":"1 minute"},"schema":{"@context":"https:\/\/schema.org","@graph":[{"@type":"WebPage","@id":"https:\/\/accesolatino.org\/salud\/cuida-tu-salud-con-nuestro-material-de-autocuidado-y-prevencion-elaborado-por-expertos\/","url":"https:\/\/accesolatino.org\/salud\/cuida-tu-salud-con-nuestro-material-de-autocuidado-y-prevencion-elaborado-por-expertos\/","name":"Take care of your health with our self-care and prevention material prepared by experts.","isPartOf":{"@id":"https:\/\/accesolatino.org\/#website"},"primaryImageOfPage":{"@id":"https:\/\/accesolatino.org\/salud\/cuida-tu-salud-con-nuestro-material-de-autocuidado-y-prevencion-elaborado-por-expertos\/#primaryimage"},"image":{"@id":"https:\/\/accesolatino.org\/salud\/cuida-tu-salud-con-nuestro-material-de-autocuidado-y-prevencion-elaborado-por-expertos\/#primaryimage"},"thumbnailUrl":"https:\/\/accesolatino.org\/wp-content\/uploads\/2018\/11\/Cuida-tu-salud-con-nuestro-material-de-autocuidado-y-prevencion-elaborado-por-expertos.jpg","datePublished":"2018-11-02T17:43:47+00:00","dateModified":"2025-10-15T20:19:46+00:00","description":"Conoce tus derechos y lo que Estados Unidos tiene para ofrecer a los migrantes en materia de Salud - Acceso Latino","breadcrumb":{"@id":"https:\/\/accesolatino.org\/salud\/cuida-tu-salud-con-nuestro-material-de-autocuidado-y-prevencion-elaborado-por-expertos\/#breadcrumb"},"inLanguage":"en-US","potentialAction":[{"@type":"ReadAction","target":["https:\/\/accesolatino.org\/salud\/cuida-tu-salud-con-nuestro-material-de-autocuidado-y-prevencion-elaborado-por-expertos\/"]}]},{"@type":"ImageObject","inLanguage":"en-US","@id":"https:\/\/accesolatino.org\/salud\/cuida-tu-salud-con-nuestro-material-de-autocuidado-y-prevencion-elaborado-por-expertos\/#primaryimage","url":"https:\/\/accesolatino.org\/wp-content\/uploads\/2018\/11\/Cuida-tu-salud-con-nuestro-material-de-autocuidado-y-prevencion-elaborado-por-expertos.jpg","contentUrl":"https:\/\/accesolatino.org\/wp-content\/uploads\/2018\/11\/Cuida-tu-salud-con-nuestro-material-de-autocuidado-y-prevencion-elaborado-por-expertos.jpg","width":600,"height":338,"caption":"salud"},{"@type":"BreadcrumbList","@id":"https:\/\/accesolatino.org\/salud\/cuida-tu-salud-con-nuestro-material-de-autocuidado-y-prevencion-elaborado-por-expertos\/#breadcrumb","itemListElement":[{"@type":"ListItem","position":1,"name":"Portada","item":"https:\/\/accesolatino.org\/"},{"@type":"ListItem","position":2,"name":"Salud","item":"https:\/\/accesolatino.org\/salud\/"},{"@type":"ListItem","position":3,"name":"Cuida tu salud con nuestro material de autocuidado y prevenci\u00f3n elaborado por expertos"}]},{"@type":"WebSite","@id":"https:\/\/accesolatino.org\/#website","url":"https:\/\/accesolatino.org\/","name":"Acceso Latino | Fundaci\u00f3n Carlos Slim","description":"Fundaci\u00f3n Carlos Slim","publisher":{"@id":"https:\/\/accesolatino.org\/#organization"},"potentialAction":[{"@type":"SearchAction","target":{"@type":"EntryPoint","urlTemplate":"https:\/\/accesolatino.org\/?s={search_term_string}"},"query-input":{"@type":"PropertyValueSpecification","valueRequired":true,"valueName":"search_term_string"}}],"inLanguage":"en-US"},{"@type":"Organization","@id":"https:\/\/accesolatino.org\/#organization","name":"Acceso Latino | Fundaci\u00f3n Carlos Slim","url":"https:\/\/accesolatino.org\/","logo":{"@type":"ImageObject","inLanguage":"en-US","@id":"https:\/\/accesolatino.org\/#\/schema\/logo\/image\/","url":"https:\/\/accesolatino.org\/wp-content\/uploads\/2021\/02\/logo-footer-acceso-latino.png","contentUrl":"https:\/\/accesolatino.org\/wp-content\/uploads\/2021\/02\/logo-footer-acceso-latino.png","width":240,"height":40,"caption":"Acceso Latino | Fundaci\u00f3n Carlos Slim"},"image":{"@id":"https:\/\/accesolatino.org\/#\/schema\/logo\/image\/"},"sameAs":["https:\/\/www.facebook.com\/AccesoLatinoOrg","https:\/\/x.com\/FAccLatino"]}]}},"_links":{"self":[{"href":"https:\/\/accesolatino.org\/en\/wp-json\/wp\/v2\/pages\/15281","targetHints":{"allow":["GET"]}}],"collection":[{"href":"https:\/\/accesolatino.org\/en\/wp-json\/wp\/v2\/pages"}],"about":[{"href":"https:\/\/accesolatino.org\/en\/wp-json\/wp\/v2\/types\/page"}],"author":[{"embeddable":true,"href":"https:\/\/accesolatino.org\/en\/wp-json\/wp\/v2\/users\/4"}],"replies":[{"embeddable":true,"href":"https:\/\/accesolatino.org\/en\/wp-json\/wp\/v2\/comments?post=15281"}],"version-history":[{"count":1,"href":"https:\/\/accesolatino.org\/en\/wp-json\/wp\/v2\/pages\/15281\/revisions"}],"predecessor-version":[{"id":64013,"href":"https:\/\/accesolatino.org\/en\/wp-json\/wp\/v2\/pages\/15281\/revisions\/64013"}],"up":[{"embeddable":true,"href":"https:\/\/accesolatino.org\/en\/wp-json\/wp\/v2\/pages\/4668"}],"wp:featuredmedia":[{"embeddable":true,"href":"https:\/\/accesolatino.org\/en\/wp-json\/wp\/v2\/media\/15282"}],"wp:attachment":[{"href":"https:\/\/accesolatino.org\/en\/wp-json\/wp\/v2\/media?parent=15281"}],"curies":[{"name":"wp","href":"https:\/\/api.w.org\/{rel}","templated":true}]}}