{"id":15253,"date":"2018-10-30T09:52:29","date_gmt":"2018-10-30T15:52:29","guid":{"rendered":"https:\/\/accesolatino.org\/?page_id=15253"},"modified":"2025-10-16T12:52:20","modified_gmt":"2025-10-16T18:52:20","slug":"si-sientes-angustia-o-confusion-apoyate-con-la-guia-y-herramientas-de-ayuda-psicologica","status":"publish","type":"page","link":"https:\/\/accesolatino.org\/en\/salud\/si-sientes-angustia-o-confusion-apoyate-con-la-guia-y-herramientas-de-ayuda-psicologica\/","title":{"rendered":"If you feel anguish or confusion, support yourself with the guidance and tools of psychological help."},"content":{"rendered":"<div data-elementor-type=\"wp-post\" data-elementor-id=\"15253\" class=\"elementor elementor-15253\">\n\t\t\t\t\t\t<section class=\"elementor-section elementor-top-section elementor-element elementor-element-8eecfc4 elementor-section-full_width elementor-section-height-min-height elementor-section-items-stretch elementor-section-height-default wpr-particle-no wpr-jarallax-no wpr-parallax-no wpr-sticky-section-no wpr-equal-height-no\" data-id=\"8eecfc4\" data-element_type=\"section\" data-e-type=\"section\" data-settings=\"{&quot;background_background&quot;:&quot;classic&quot;}\">\n\t\t\t\t\t\t<div class=\"elementor-container elementor-column-gap-no\">\n\t\t\t\t\t<div class=\"elementor-column elementor-col-100 elementor-top-column elementor-element elementor-element-f7b5e6c\" data-id=\"f7b5e6c\" data-element_type=\"column\" data-e-type=\"column\">\n\t\t\t<div class=\"elementor-widget-wrap elementor-element-populated\">\n\t\t\t\t\t\t<div class=\"elementor-element elementor-element-0edda8e elementor--h-position-center elementor--v-position-middle elementor-widget elementor-widget-slides\" data-id=\"0edda8e\" data-element_type=\"widget\" data-e-type=\"widget\" data-settings=\"{&quot;navigation&quot;:&quot;none&quot;,&quot;infinite&quot;:&quot;yes&quot;,&quot;transition&quot;:&quot;slide&quot;,&quot;transition_speed&quot;:500}\" data-widget_type=\"slides.default\">\n\t\t\t\t<div class=\"elementor-widget-container\">\n\t\t\t\t\t\t\t<div class=\"elementor-swiper\">\n\t\t\t<div class=\"elementor-slides-wrapper elementor-main-swiper swiper-container\" dir=\"ltr\" data-animation=\"\">\n\t\t\t\t<div class=\"swiper-wrapper elementor-slides\">\n\t\t\t\t\t\t\t\t\t\t<div class=\"elementor-repeater-item-d983a28 swiper-slide\"><div class=\"swiper-slide-bg\"><\/div><div class=\"swiper-slide-inner\" ><div class=\"swiper-slide-contents\"><div class=\"elementor-slide-heading\">Health<\/div><\/div><\/div><\/div>\t\t\t\t<\/div>\n\t\t\t\t\t\t\t<\/div>\n\t\t<\/div>\n\t\t\t\t\t\t<\/div>\n\t\t\t\t<\/div>\n\t\t\t\t\t<\/div>\n\t\t<\/div>\n\t\t\t\t\t<\/div>\n\t\t<\/section>\n\t\t\t\t<section class=\"elementor-section elementor-top-section elementor-element elementor-element-1f0790e elementor-section-stretched elementor-section-boxed elementor-section-height-default elementor-section-height-default wpr-particle-no wpr-jarallax-no wpr-parallax-no wpr-sticky-section-no wpr-equal-height-no\" data-id=\"1f0790e\" data-element_type=\"section\" data-e-type=\"section\" data-settings=\"{&quot;stretch_section&quot;:&quot;section-stretched&quot;,&quot;background_background&quot;:&quot;classic&quot;}\">\n\t\t\t\t\t\t<div class=\"elementor-container elementor-column-gap-default\">\n\t\t\t\t\t<div class=\"elementor-column elementor-col-100 elementor-top-column elementor-element elementor-element-6a386ff\" data-id=\"6a386ff\" data-element_type=\"column\" data-e-type=\"column\">\n\t\t\t<div class=\"elementor-widget-wrap elementor-element-populated\">\n\t\t\t\t\t\t<div class=\"elementor-element elementor-element-aca741b elementor-widget elementor-widget-heading\" data-id=\"aca741b\" data-element_type=\"widget\" data-e-type=\"widget\" data-widget_type=\"heading.default\">\n\t\t\t\t<div class=\"elementor-widget-container\">\n\t\t\t\t\t<h3 class=\"elementor-heading-title elementor-size-default\">If you feel anguish or confusion, support yourself with the guidance and tools of psychological help.<\/h3>\t\t\t\t<\/div>\n\t\t\t\t<\/div>\n\t\t\t\t<div class=\"elementor-element elementor-element-211309c elementor-widget elementor-widget-text-editor\" data-id=\"211309c\" data-element_type=\"widget\" data-e-type=\"widget\" data-widget_type=\"text-editor.default\">\n\t\t\t\t<div class=\"elementor-widget-container\">\n\t\t\t\t\t\t\t\t\t<p>The <strong>National Latino Psychological Association (NLPA)<\/strong>, cre\u00f3 una gu\u00eda y herramientas de ayuda psicol\u00f3gica con la finalidad de ayudar a los latinos en Estados Unidos para que puedan canalizar sus emociones.<\/p><p>Esta informaci\u00f3n se encuentra en nuestra secci\u00f3n <a href=\"https:\/\/accesolatino.org\/en\/salud\/\"><strong>\u201cSalud\u201d<\/strong><\/a> dando clic en nuestra tarjeta de <strong>\u201cAsociaci\u00f3n Nacional de Psicolog\u00eda Latina (NLPA)\u201d<\/strong>.<\/p><p>Esta gu\u00eda te ayudar\u00e1 a manejar los siguientes temas:<\/p><ul><li>Valida tus sentimientos<\/li><li>Reconocer los s\u00edntomas de angustia<\/li><li>Identifique sus desencadenantes<\/li><li>Construye sobre tus fortalezas<\/li><\/ul><p>In <strong>Acceso Latino tu primera ventana de consulta migratoria<\/strong>, encontrar\u00e1s herramientas gratuitas que te ayudar\u00e1n en cualquier situaci\u00f3n por la que atravieses.<\/p>\t\t\t\t\t\t\t\t<\/div>\n\t\t\t\t<\/div>\n\t\t\t\t<div class=\"elementor-element elementor-element-e85dc4c elementor-widget elementor-widget-spacer\" data-id=\"e85dc4c\" data-element_type=\"widget\" data-e-type=\"widget\" data-widget_type=\"spacer.default\">\n\t\t\t\t<div class=\"elementor-widget-container\">\n\t\t\t\t\t\t\t<div class=\"elementor-spacer\">\n\t\t\t<div class=\"elementor-spacer-inner\"><\/div>\n\t\t<\/div>\n\t\t\t\t\t\t<\/div>\n\t\t\t\t<\/div>\n\t\t\t\t\t<\/div>\n\t\t<\/div>\n\t\t\t\t\t<\/div>\n\t\t<\/section>\n\t\t\t\t<\/div>","protected":false},"excerpt":{"rendered":"<p>Salud Si sientes angustia o confusi\u00f3n, ap\u00f3yate con la gu\u00eda y herramientas de ayuda psicol\u00f3gica La Asociaci\u00f3n Nacional de Psicolog\u00eda Latina (NLPA), cre\u00f3 una gu\u00eda y herramientas de ayuda psicol\u00f3gica con la finalidad de ayudar a los latinos en Estados Unidos para que puedan canalizar sus emociones. Esta informaci\u00f3n se encuentra en nuestra secci\u00f3n \u201cSalud\u201d dando clic en nuestra tarjeta de \u201cAsociaci\u00f3n Nacional de Psicolog\u00eda Latina (NLPA)\u201d. Esta gu\u00eda te ayudar\u00e1 a manejar los siguientes temas: Valida tus sentimientos Reconocer los s\u00edntomas de angustia Identifique sus desencadenantes Construye sobre tus fortalezas En Acceso Latino tu primera ventana de consulta migratoria, encontrar\u00e1s herramientas gratuitas que te ayudar\u00e1n en cualquier situaci\u00f3n por la que atravieses.<\/p>","protected":false},"author":4,"featured_media":15254,"parent":4668,"menu_order":0,"comment_status":"closed","ping_status":"closed","template":"elementor_header_footer","meta":{"_uf_show_specific_survey":0,"_uf_disable_surveys":false,"footnotes":""},"class_list":["post-15253","page","type-page","status-publish","has-post-thumbnail"],"aioseo_notices":[],"yoast_head":"<!-- This site is optimized with the Yoast SEO plugin v27.4 - https:\/\/yoast.com\/product\/yoast-seo-wordpress\/ -->\n<title>Si sientes angustia o confusi\u00f3n, ap\u00f3yate con la gu\u00eda y herramientas de ayuda psicol\u00f3gica<\/title>\n<meta name=\"description\" content=\"Conoce todo lo que Estados Unidos tiene para ofrecer a los migrantes legales en materia de Salud - Acceso Latino\" \/>\n<meta name=\"robots\" content=\"index, follow, max-snippet:-1, max-image-preview:large, max-video-preview:-1\" \/>\n<link rel=\"canonical\" href=\"https:\/\/accesolatino.org\/en\/salud\/si-sientes-angustia-o-confusion-apoyate-con-la-guia-y-herramientas-de-ayuda-psicologica\/\" \/>\n<meta property=\"og:locale\" content=\"en_US\" \/>\n<meta property=\"og:type\" content=\"article\" \/>\n<meta property=\"og:title\" content=\"Acceso Latino | Si sientes angustia o confusi\u00f3n, ap\u00f3yate con la gu\u00eda y herramientas de ayuda psicol\u00f3gica\" \/>\n<meta property=\"og:description\" content=\"Conoce todo lo que Estados Unidos tiene para ofrecer a los migrantes en materia de Salud\" \/>\n<meta property=\"og:url\" content=\"https:\/\/accesolatino.org\/en\/salud\/si-sientes-angustia-o-confusion-apoyate-con-la-guia-y-herramientas-de-ayuda-psicologica\/\" \/>\n<meta property=\"og:site_name\" content=\"Acceso Latino\" \/>\n<meta property=\"article:publisher\" content=\"https:\/\/www.facebook.com\/AccesoLatinoOrg\" \/>\n<meta property=\"article:modified_time\" content=\"2025-10-16T18:52:20+00:00\" \/>\n<meta property=\"og:image\" content=\"https:\/\/accesolatino.org\/wp-content\/uploads\/2018\/10\/Si-sientes-angustia-o-confusion-apoyate-con-la-guia-y-herramientas-de-ayuda-psicologica.png\" \/>\n\t<meta property=\"og:image:width\" content=\"600\" \/>\n\t<meta property=\"og:image:height\" content=\"338\" \/>\n\t<meta property=\"og:image:type\" content=\"image\/png\" \/>\n<meta name=\"twitter:card\" content=\"summary_large_image\" \/>\n<meta name=\"twitter:title\" content=\"Acceso Latino | Si sientes angustia o confusi\u00f3n, ap\u00f3yate con la gu\u00eda y herramientas de ayuda psicol\u00f3gica\" \/>\n<meta name=\"twitter:description\" content=\"Conoce todo lo que Estados Unidos tiene para ofrecer a los migrantes en materia de Salud\" \/>\n<meta name=\"twitter:image\" content=\"https:\/\/accesolatino.org\/wp-content\/uploads\/2018\/10\/Si-sientes-angustia-o-confusion-apoyate-con-la-guia-y-herramientas-de-ayuda-psicologica.png\" \/>\n<meta name=\"twitter:site\" content=\"@FAccLatino\" \/>\n<meta name=\"twitter:label1\" content=\"Est. reading time\" \/>\n\t<meta name=\"twitter:data1\" content=\"1 minute\" \/>\n<script type=\"application\/ld+json\" class=\"yoast-schema-graph\">{\"@context\":\"https:\\\/\\\/schema.org\",\"@graph\":[{\"@type\":\"WebPage\",\"@id\":\"https:\\\/\\\/accesolatino.org\\\/en\\\/salud\\\/si-sientes-angustia-o-confusion-apoyate-con-la-guia-y-herramientas-de-ayuda-psicologica\\\/\",\"url\":\"https:\\\/\\\/accesolatino.org\\\/en\\\/salud\\\/si-sientes-angustia-o-confusion-apoyate-con-la-guia-y-herramientas-de-ayuda-psicologica\\\/\",\"name\":\"Si sientes angustia o confusi\u00f3n, ap\u00f3yate con la gu\u00eda y herramientas de ayuda psicol\u00f3gica\",\"isPartOf\":{\"@id\":\"https:\\\/\\\/accesolatino.org\\\/#website\"},\"primaryImageOfPage\":{\"@id\":\"https:\\\/\\\/accesolatino.org\\\/en\\\/salud\\\/si-sientes-angustia-o-confusion-apoyate-con-la-guia-y-herramientas-de-ayuda-psicologica\\\/#primaryimage\"},\"image\":{\"@id\":\"https:\\\/\\\/accesolatino.org\\\/en\\\/salud\\\/si-sientes-angustia-o-confusion-apoyate-con-la-guia-y-herramientas-de-ayuda-psicologica\\\/#primaryimage\"},\"thumbnailUrl\":\"https:\\\/\\\/accesolatino.org\\\/wp-content\\\/uploads\\\/2018\\\/10\\\/Si-sientes-angustia-o-confusion-apoyate-con-la-guia-y-herramientas-de-ayuda-psicologica.png\",\"datePublished\":\"2018-10-30T15:52:29+00:00\",\"dateModified\":\"2025-10-16T18:52:20+00:00\",\"description\":\"Conoce todo lo que Estados Unidos tiene para ofrecer a los migrantes legales en materia de Salud - Acceso Latino\",\"breadcrumb\":{\"@id\":\"https:\\\/\\\/accesolatino.org\\\/en\\\/salud\\\/si-sientes-angustia-o-confusion-apoyate-con-la-guia-y-herramientas-de-ayuda-psicologica\\\/#breadcrumb\"},\"inLanguage\":\"en-US\",\"potentialAction\":[{\"@type\":\"ReadAction\",\"target\":[\"https:\\\/\\\/accesolatino.org\\\/en\\\/salud\\\/si-sientes-angustia-o-confusion-apoyate-con-la-guia-y-herramientas-de-ayuda-psicologica\\\/\"]}]},{\"@type\":\"ImageObject\",\"inLanguage\":\"en-US\",\"@id\":\"https:\\\/\\\/accesolatino.org\\\/en\\\/salud\\\/si-sientes-angustia-o-confusion-apoyate-con-la-guia-y-herramientas-de-ayuda-psicologica\\\/#primaryimage\",\"url\":\"https:\\\/\\\/accesolatino.org\\\/wp-content\\\/uploads\\\/2018\\\/10\\\/Si-sientes-angustia-o-confusion-apoyate-con-la-guia-y-herramientas-de-ayuda-psicologica.png\",\"contentUrl\":\"https:\\\/\\\/accesolatino.org\\\/wp-content\\\/uploads\\\/2018\\\/10\\\/Si-sientes-angustia-o-confusion-apoyate-con-la-guia-y-herramientas-de-ayuda-psicologica.png\",\"width\":600,\"height\":338,\"caption\":\"ayuda psicol\u00f3gica\"},{\"@type\":\"BreadcrumbList\",\"@id\":\"https:\\\/\\\/accesolatino.org\\\/en\\\/salud\\\/si-sientes-angustia-o-confusion-apoyate-con-la-guia-y-herramientas-de-ayuda-psicologica\\\/#breadcrumb\",\"itemListElement\":[{\"@type\":\"ListItem\",\"position\":1,\"name\":\"Portada\",\"item\":\"https:\\\/\\\/accesolatino.org\\\/\"},{\"@type\":\"ListItem\",\"position\":2,\"name\":\"Salud\",\"item\":\"https:\\\/\\\/accesolatino.org\\\/salud\\\/\"},{\"@type\":\"ListItem\",\"position\":3,\"name\":\"Si sientes angustia o confusi\u00f3n, ap\u00f3yate con la gu\u00eda y herramientas de ayuda psicol\u00f3gica\"}]},{\"@type\":\"WebSite\",\"@id\":\"https:\\\/\\\/accesolatino.org\\\/#website\",\"url\":\"https:\\\/\\\/accesolatino.org\\\/\",\"name\":\"Acceso Latino | Fundaci\u00f3n Carlos Slim\",\"description\":\"Fundaci\u00f3n Carlos Slim\",\"publisher\":{\"@id\":\"https:\\\/\\\/accesolatino.org\\\/#organization\"},\"potentialAction\":[{\"@type\":\"SearchAction\",\"target\":{\"@type\":\"EntryPoint\",\"urlTemplate\":\"https:\\\/\\\/accesolatino.org\\\/?s={search_term_string}\"},\"query-input\":{\"@type\":\"PropertyValueSpecification\",\"valueRequired\":true,\"valueName\":\"search_term_string\"}}],\"inLanguage\":\"en-US\"},{\"@type\":\"Organization\",\"@id\":\"https:\\\/\\\/accesolatino.org\\\/#organization\",\"name\":\"Acceso Latino | Fundaci\u00f3n Carlos Slim\",\"url\":\"https:\\\/\\\/accesolatino.org\\\/\",\"logo\":{\"@type\":\"ImageObject\",\"inLanguage\":\"en-US\",\"@id\":\"https:\\\/\\\/accesolatino.org\\\/#\\\/schema\\\/logo\\\/image\\\/\",\"url\":\"https:\\\/\\\/accesolatino.org\\\/wp-content\\\/uploads\\\/2021\\\/02\\\/logo-footer-acceso-latino.png\",\"contentUrl\":\"https:\\\/\\\/accesolatino.org\\\/wp-content\\\/uploads\\\/2021\\\/02\\\/logo-footer-acceso-latino.png\",\"width\":240,\"height\":40,\"caption\":\"Acceso Latino | Fundaci\u00f3n Carlos Slim\"},\"image\":{\"@id\":\"https:\\\/\\\/accesolatino.org\\\/#\\\/schema\\\/logo\\\/image\\\/\"},\"sameAs\":[\"https:\\\/\\\/www.facebook.com\\\/AccesoLatinoOrg\",\"https:\\\/\\\/x.com\\\/FAccLatino\"]}]}<\/script>\n<!-- \/ Yoast SEO plugin. -->","yoast_head_json":{"title":"If you feel anguish or confusion, support yourself with the guidance and tools of psychological help.","description":"Conoce todo lo que Estados Unidos tiene para ofrecer a los migrantes legales en materia de Salud - Acceso Latino","robots":{"index":"index","follow":"follow","max-snippet":"max-snippet:-1","max-image-preview":"max-image-preview:large","max-video-preview":"max-video-preview:-1"},"canonical":"https:\/\/accesolatino.org\/en\/salud\/si-sientes-angustia-o-confusion-apoyate-con-la-guia-y-herramientas-de-ayuda-psicologica\/","og_locale":"en_US","og_type":"article","og_title":"Acceso Latino | Si sientes angustia o confusi\u00f3n, ap\u00f3yate con la gu\u00eda y herramientas de ayuda psicol\u00f3gica","og_description":"Conoce todo lo que Estados Unidos tiene para ofrecer a los migrantes en materia de Salud","og_url":"https:\/\/accesolatino.org\/en\/salud\/si-sientes-angustia-o-confusion-apoyate-con-la-guia-y-herramientas-de-ayuda-psicologica\/","og_site_name":"Acceso Latino","article_publisher":"https:\/\/www.facebook.com\/AccesoLatinoOrg","article_modified_time":"2025-10-16T18:52:20+00:00","og_image":[{"width":600,"height":338,"url":"https:\/\/accesolatino.org\/wp-content\/uploads\/2018\/10\/Si-sientes-angustia-o-confusion-apoyate-con-la-guia-y-herramientas-de-ayuda-psicologica.png","type":"image\/png"}],"twitter_card":"summary_large_image","twitter_title":"Acceso Latino | Si sientes angustia o confusi\u00f3n, ap\u00f3yate con la gu\u00eda y herramientas de ayuda psicol\u00f3gica","twitter_description":"Conoce todo lo que Estados Unidos tiene para ofrecer a los migrantes en materia de Salud","twitter_image":"https:\/\/accesolatino.org\/wp-content\/uploads\/2018\/10\/Si-sientes-angustia-o-confusion-apoyate-con-la-guia-y-herramientas-de-ayuda-psicologica.png","twitter_site":"@FAccLatino","twitter_misc":{"Est. reading time":"1 minute"},"schema":{"@context":"https:\/\/schema.org","@graph":[{"@type":"WebPage","@id":"https:\/\/accesolatino.org\/en\/salud\/si-sientes-angustia-o-confusion-apoyate-con-la-guia-y-herramientas-de-ayuda-psicologica\/","url":"https:\/\/accesolatino.org\/en\/salud\/si-sientes-angustia-o-confusion-apoyate-con-la-guia-y-herramientas-de-ayuda-psicologica\/","name":"If you feel anguish or confusion, support yourself with the guidance and tools of psychological help.","isPartOf":{"@id":"https:\/\/accesolatino.org\/#website"},"primaryImageOfPage":{"@id":"https:\/\/accesolatino.org\/en\/salud\/si-sientes-angustia-o-confusion-apoyate-con-la-guia-y-herramientas-de-ayuda-psicologica\/#primaryimage"},"image":{"@id":"https:\/\/accesolatino.org\/en\/salud\/si-sientes-angustia-o-confusion-apoyate-con-la-guia-y-herramientas-de-ayuda-psicologica\/#primaryimage"},"thumbnailUrl":"https:\/\/accesolatino.org\/wp-content\/uploads\/2018\/10\/Si-sientes-angustia-o-confusion-apoyate-con-la-guia-y-herramientas-de-ayuda-psicologica.png","datePublished":"2018-10-30T15:52:29+00:00","dateModified":"2025-10-16T18:52:20+00:00","description":"Conoce todo lo que Estados Unidos tiene para ofrecer a los migrantes legales en materia de Salud - Acceso Latino","breadcrumb":{"@id":"https:\/\/accesolatino.org\/en\/salud\/si-sientes-angustia-o-confusion-apoyate-con-la-guia-y-herramientas-de-ayuda-psicologica\/#breadcrumb"},"inLanguage":"en-US","potentialAction":[{"@type":"ReadAction","target":["https:\/\/accesolatino.org\/en\/salud\/si-sientes-angustia-o-confusion-apoyate-con-la-guia-y-herramientas-de-ayuda-psicologica\/"]}]},{"@type":"ImageObject","inLanguage":"en-US","@id":"https:\/\/accesolatino.org\/en\/salud\/si-sientes-angustia-o-confusion-apoyate-con-la-guia-y-herramientas-de-ayuda-psicologica\/#primaryimage","url":"https:\/\/accesolatino.org\/wp-content\/uploads\/2018\/10\/Si-sientes-angustia-o-confusion-apoyate-con-la-guia-y-herramientas-de-ayuda-psicologica.png","contentUrl":"https:\/\/accesolatino.org\/wp-content\/uploads\/2018\/10\/Si-sientes-angustia-o-confusion-apoyate-con-la-guia-y-herramientas-de-ayuda-psicologica.png","width":600,"height":338,"caption":"ayuda psicol\u00f3gica"},{"@type":"BreadcrumbList","@id":"https:\/\/accesolatino.org\/en\/salud\/si-sientes-angustia-o-confusion-apoyate-con-la-guia-y-herramientas-de-ayuda-psicologica\/#breadcrumb","itemListElement":[{"@type":"ListItem","position":1,"name":"Portada","item":"https:\/\/accesolatino.org\/"},{"@type":"ListItem","position":2,"name":"Salud","item":"https:\/\/accesolatino.org\/salud\/"},{"@type":"ListItem","position":3,"name":"Si sientes angustia o confusi\u00f3n, ap\u00f3yate con la gu\u00eda y herramientas de ayuda psicol\u00f3gica"}]},{"@type":"WebSite","@id":"https:\/\/accesolatino.org\/#website","url":"https:\/\/accesolatino.org\/","name":"Acceso Latino | Fundaci\u00f3n Carlos Slim","description":"Fundaci\u00f3n Carlos Slim","publisher":{"@id":"https:\/\/accesolatino.org\/#organization"},"potentialAction":[{"@type":"SearchAction","target":{"@type":"EntryPoint","urlTemplate":"https:\/\/accesolatino.org\/?s={search_term_string}"},"query-input":{"@type":"PropertyValueSpecification","valueRequired":true,"valueName":"search_term_string"}}],"inLanguage":"en-US"},{"@type":"Organization","@id":"https:\/\/accesolatino.org\/#organization","name":"Acceso Latino | Fundaci\u00f3n Carlos Slim","url":"https:\/\/accesolatino.org\/","logo":{"@type":"ImageObject","inLanguage":"en-US","@id":"https:\/\/accesolatino.org\/#\/schema\/logo\/image\/","url":"https:\/\/accesolatino.org\/wp-content\/uploads\/2021\/02\/logo-footer-acceso-latino.png","contentUrl":"https:\/\/accesolatino.org\/wp-content\/uploads\/2021\/02\/logo-footer-acceso-latino.png","width":240,"height":40,"caption":"Acceso Latino | Fundaci\u00f3n Carlos Slim"},"image":{"@id":"https:\/\/accesolatino.org\/#\/schema\/logo\/image\/"},"sameAs":["https:\/\/www.facebook.com\/AccesoLatinoOrg","https:\/\/x.com\/FAccLatino"]}]}},"_links":{"self":[{"href":"https:\/\/accesolatino.org\/en\/wp-json\/wp\/v2\/pages\/15253","targetHints":{"allow":["GET"]}}],"collection":[{"href":"https:\/\/accesolatino.org\/en\/wp-json\/wp\/v2\/pages"}],"about":[{"href":"https:\/\/accesolatino.org\/en\/wp-json\/wp\/v2\/types\/page"}],"author":[{"embeddable":true,"href":"https:\/\/accesolatino.org\/en\/wp-json\/wp\/v2\/users\/4"}],"replies":[{"embeddable":true,"href":"https:\/\/accesolatino.org\/en\/wp-json\/wp\/v2\/comments?post=15253"}],"version-history":[{"count":1,"href":"https:\/\/accesolatino.org\/en\/wp-json\/wp\/v2\/pages\/15253\/revisions"}],"predecessor-version":[{"id":64076,"href":"https:\/\/accesolatino.org\/en\/wp-json\/wp\/v2\/pages\/15253\/revisions\/64076"}],"up":[{"embeddable":true,"href":"https:\/\/accesolatino.org\/en\/wp-json\/wp\/v2\/pages\/4668"}],"wp:featuredmedia":[{"embeddable":true,"href":"https:\/\/accesolatino.org\/en\/wp-json\/wp\/v2\/media\/15254"}],"wp:attachment":[{"href":"https:\/\/accesolatino.org\/en\/wp-json\/wp\/v2\/media?parent=15253"}],"curies":[{"name":"wp","href":"https:\/\/api.w.org\/{rel}","templated":true}]}}